{"id":634428,"date":"2022-12-20T15:00:27","date_gmt":"2022-12-20T15:00:27","guid":{"rendered":"https:\/\/droix.eu\/product\/kingspec-2230-steam-deck-nvme-pohrana\/"},"modified":"2025-08-01T14:53:44","modified_gmt":"2025-08-01T13:53:44","slug":"kingspec-2230-steam-deck-nvme-pohrana","status":"publish","type":"product","link":"https:\/\/droix.eu\/hr\/product\/kingspec-2230-steam-deck-nvme-pohrana\/","title":{"rendered":"KingSpec 2230 Steam Deck NVMe pohrana"},"content":{"rendered":"&#13;\n<p><strong>KingSpec NVMe 22*30 S<\/strong>olid State Drive mo\u017ee posti\u0107i brzinu \u010ditanja do 3621,35 MB\/s i brzinu pisanja do 2314,32 MB\/s. Te su brzine znatno ve\u0107e od onih na tradicionalnom tvrdom disku, koji obi\u010dno mo\u017ee dose\u0107i brzine od oko 100 MB\/s. To zna\u010di da KingSpec NVMe pogon mo\u017ee pristupiti i prenositi podatke mnogo br\u017ee, \u0161to rezultira br\u017eim vremenom pokretanja i br\u017eim pokretanjem softvera.  <\/p>&#13;\n&#13;\n<p>Na primjer, recimo da imate veliku softversku aplikaciju koju trebate instalirati. S tradicionalnim tvrdim diskom mo\u017ee potrajati nekoliko minuta da se dovr\u0161i postupak instalacije. Me\u0111utim, s KingSpec NVMe pogonom proces instalacije bio bi puno br\u017ei, jer pogon mo\u017ee pristupiti i prenijeti potrebne podatke mnogo ve\u0107im brzinama.  <\/p>&#13;\n&#13;\n<p>Op\u0107enito, ve\u0107e brzine \u010ditanja i pisanja <strong>KingSpec NVMe<\/strong> pogona \u010dine ga izvrsnim izborom za one koji \u017eele pobolj\u0161ati ukupne performanse svog ra\u010dunala. Bilo da ste igra\u010d koji \u017eeli br\u017ee u\u010ditati razine, kreativni profesionalac koji radi s velikim datotekama ili samo netko tko \u017eeli glatko i responzivnije ra\u010dunalno iskustvo, ovaj \u0107e vam pogon sigurno pomo\u0107i. <\/p>&#13;\n&#13;\n<p>Provjerite rezultate u nastavku za <strong>Steam Deck<\/strong> koriste\u0107i <strong>KingSpec 2230 NVMe 1TB<\/strong> pohranu:<\/p>&#13;\n&#13;\n<p>Brzina \u010ditanja: <strong>3621.35 MB\/s<\/strong><br\/>Brzina pisanja:<strong> 2314.32 MB\/s<\/strong><\/p>&#13;\n&#13;\n<p><strong>Benchmark softver CrystalDiskMark<\/strong> pokre\u0107e niz testova na pohrani kako bi vidio njezine performanse u razli\u010ditim obrascima \u010ditanja\/pisanja. Rezultati pokazuju optimalne maksimalne brzine \u010ditanja i pisanja u prvom redu. <\/p>&#13;\n&#13;\n<figure class=\"wp-block-image aligncenter\"><img fetchpriority=\"high\" decoding=\"async\" width=\"601\" height=\"438\" src=\"https:\/\/droix.eu\/wp-content\/uploads\/2022\/12\/r-w-speed-kigspec2230-steam-deck.png\" alt=\"SD KingSpec 2230 brzina &#x10D;itanja\" class=\"wp-image-94989\" srcset=\"https:\/\/droix.eu\/wp-content\/uploads\/2022\/12\/r-w-speed-kigspec2230-steam-deck.png 601w, https:\/\/droix.eu\/wp-content\/uploads\/2022\/12\/r-w-speed-kigspec2230-steam-deck-300x219.png 300w, https:\/\/droix.eu\/wp-content\/uploads\/2022\/12\/r-w-speed-kigspec2230-steam-deck-441x321.png 441w\" sizes=\"(max-width: 601px) 100vw, 601px\" \/><\/figure>&#13;\n&#13;\n<figure class=\"wp-block-image aligncenter\"><img decoding=\"async\" width=\"1500\" height=\"1500\" src=\"https:\/\/droix.eu\/wp-content\/uploads\/2022\/12\/SSD-EXPLINATION.png\" alt=\"ssd-alat za obja&#x161;njenje\" class=\"wp-image-105048\" srcset=\"https:\/\/droix.eu\/wp-content\/uploads\/2022\/12\/SSD-EXPLINATION.png 1500w, https:\/\/droix.eu\/wp-content\/uploads\/2022\/12\/SSD-EXPLINATION-300x300.png 300w, https:\/\/droix.eu\/wp-content\/uploads\/2022\/12\/SSD-EXPLINATION-100x100.png 100w, https:\/\/droix.eu\/wp-content\/uploads\/2022\/12\/SSD-EXPLINATION-1000x1000.png 1000w, https:\/\/droix.eu\/wp-content\/uploads\/2022\/12\/SSD-EXPLINATION-1024x1024.png 1024w, https:\/\/droix.eu\/wp-content\/uploads\/2022\/12\/SSD-EXPLINATION-768x768.png 768w, https:\/\/droix.eu\/wp-content\/uploads\/2022\/12\/SSD-EXPLINATION-990x990.png 990w, https:\/\/droix.eu\/wp-content\/uploads\/2022\/12\/SSD-EXPLINATION-441x441.png 441w\" sizes=\"(max-width: 1500px) 100vw, 1500px\" \/><\/figure>&#13;\n","protected":false},"excerpt":{"rendered":"<ul>\n<li>Velike NVMe brzine<\/li>\n<li>Kompatibilan sa SteamDeck i GPD WIN Max 2  <\/li>\n<li>3 godine jamstva<\/li>\n<\/ul>\n[droix_global_accordions]\n[cg_accordion title=\"Paket uklju\u010duje\"]<\/p>\n<ul>\n<li>1x 22*30 NVMe SSD<\/li>\n<\/ul>\n<p>[\/cg_accordion]\n","protected":false},"featured_media":342433,"template":"","meta":{"_acf_changed":false},"product_brand":[],"product_cat":[45986,46042,46041],"product_tag":[],"woo-feed-brand":[],"key-features":[],"class_list":{"0":"post-634428","1":"product","2":"type-product","3":"status-publish","4":"has-post-thumbnail","6":"product_cat-hardver-hr","7":"product_cat-hardver-za-prijenosno-racunalo","8":"product_cat-racunalni-hardver","9":"product_shipping_class-low-end","10":"pa_brands-kingspec","12":"first","13":"instock","14":"taxable","15":"shipping-taxable","16":"purchasable","17":"product-type-variable","18":"has-default-attributes"},"acf":[],"aioseo_notices":[],"_links":{"self":[{"href":"https:\/\/droix.eu\/hr\/wp-json\/wp\/v2\/product\/634428","targetHints":{"allow":["GET"]}}],"collection":[{"href":"https:\/\/droix.eu\/hr\/wp-json\/wp\/v2\/product"}],"about":[{"href":"https:\/\/droix.eu\/hr\/wp-json\/wp\/v2\/types\/product"}],"version-history":[{"count":0,"href":"https:\/\/droix.eu\/hr\/wp-json\/wp\/v2\/product\/634428\/revisions"}],"wp:featuredmedia":[{"embeddable":true,"href":"https:\/\/droix.eu\/hr\/wp-json\/wp\/v2\/media\/342433"}],"wp:attachment":[{"href":"https:\/\/droix.eu\/hr\/wp-json\/wp\/v2\/media?parent=634428"}],"wp:term":[{"taxonomy":"product_brand","embeddable":true,"href":"https:\/\/droix.eu\/hr\/wp-json\/wp\/v2\/product_brand?post=634428"},{"taxonomy":"product_cat","embeddable":true,"href":"https:\/\/droix.eu\/hr\/wp-json\/wp\/v2\/product_cat?post=634428"},{"taxonomy":"product_tag","embeddable":true,"href":"https:\/\/droix.eu\/hr\/wp-json\/wp\/v2\/product_tag?post=634428"},{"taxonomy":"woo-feed-brand","embeddable":true,"href":"https:\/\/droix.eu\/hr\/wp-json\/wp\/v2\/woo-feed-brand?post=634428"},{"taxonomy":"key-features","embeddable":true,"href":"https:\/\/droix.eu\/hr\/wp-json\/wp\/v2\/key-features?post=634428"}],"curies":[{"name":"wp","href":"https:\/\/api.w.org\/{rel}","templated":true}]}}