{"id":634425,"date":"2022-01-07T15:11:41","date_gmt":"2022-01-07T15:11:41","guid":{"rendered":"https:\/\/droix.eu\/product\/gpd-pocket-3-win-max-2-stylus-4096\/"},"modified":"2025-08-18T15:32:55","modified_gmt":"2025-08-18T14:32:55","slug":"gpd-pocket-3-win-max-2-stylus-4096","status":"publish","type":"product","link":"https:\/\/droix.eu\/hr\/product\/gpd-pocket-3-win-max-2-stylus-4096\/","title":{"rendered":"GPD Pocket 3 &amp; Win Max 2 Stylus 4096"},"content":{"rendered":"&#13;\n<p><strong>GPD Stylus<\/strong> idealan je suputnik za va\u0161<strong> GPD Pocket 3<\/strong> ili<strong> GPD Win Max 2 ure\u0111aj.<\/strong> Ova svestrana olovka dizajnirana je za rad s oba ure\u0111aja, pru\u017eaju\u0107i vam preciznost i to\u010dnost koja vam je potrebna za pisanje, crtanje i navigaciju ure\u0111ajem.<\/p>&#13;\n&#13;\n<p><strong>GPD olovka<\/strong> izra\u0111ena je od izdr\u017eljive aluminijske legure i ima udoban rukohvat koji se lako dr\u017ei. Vrh olovke izra\u0111en je od meke i fleksibilne gume, \u0161to ga \u010dini idealnim za precizno i precizno pisanje i crtanje. Gumeni vrh tako\u0111er poma\u017ee u za\u0161titi va\u0161eg zaslona od ogrebotina i prljav\u0161tine.  <\/p>&#13;\n&#13;\n<p>GPD olovka je lagana i jednostavna za pohranu, \u0161to je \u010dini savr\u0161enom za no\u0161enje sa sobom kamo god krenuli. Kompatibilan je s raznim aplikacijama za crtanje i pisanje, tako da mo\u017eete maksimalno iskoristiti svoj<strong> GPD Pocket 3<\/strong> ili <strong>GPD Win Max 2<\/strong> ure\u0111aj. <\/p>&#13;\n","protected":false},"excerpt":{"rendered":"<ul>\n<li>Kompatibilan s <strong>GPD Pocket 3<\/strong> i <strong>GPD WIN MAX 2<\/strong><\/li>\n<li>Olovka na <strong>4096 razina<\/strong> Osjetljivost na pritisak<\/li>\n<li><strong>Elegantan<\/strong>, ergonomski dizajn<\/li>\n<li><strong>Punjiva baterija<\/strong> s trajanjem do 10 sati<\/li>\n<li>Pisanje dopisa i unos znakova<\/li>\n<\/ul>\n<p>[droix_global_accordions]<br \/>\n[cg_accordion title=\"Paket uklju\u010duje\"]<\/p>\n<ul>\n<li>1x GPD 4096 olovka<\/li>\n<\/ul>\n<p>[\/cg_accordion]<\/p>\n","protected":false},"featured_media":348690,"template":"","meta":{"_acf_changed":false},"product_brand":[],"product_cat":[45880,45888],"product_tag":[],"woo-feed-brand":[2198],"key-features":[],"class_list":{"0":"post-634425","1":"product","2":"type-product","3":"status-publish","4":"has-post-thumbnail","6":"product_cat-pribor","7":"product_cat-pribor-za-prijenosna-racunala","8":"product_shipping_class-low-end","9":"pa_accessory-type-stylus","10":"pa_brands-gpd","11":"pa_compatibility-gpd-pocket-3-hr","12":"pa_compatibility-gpd-win-maksimalno-2","13":"woo-feed-brand-gpd","15":"first","16":"onbackorder","17":"sale","18":"taxable","19":"shipping-taxable","20":"purchasable","21":"product-type-variable","22":"has-default-attributes"},"acf":[],"aioseo_notices":[],"aioseo_head":"\n\t\t<!-- All in One SEO Pro 4.9.6.2 - aioseo.com -->\n\t<meta name=\"description\" content=\"Kompatibilan s GPD Pocket 3 i GPD WIN MAX 2 Olovka na 4096 razina Osjetljivost na pritisak Elegantan, ergonomski dizajn Punjiva baterija s trajanjem do 10 sati Pisanje dopisa i unos znakova Paket uklju\u010duje 1x GPD 4096 olovka\" \/>\n\t<meta name=\"robots\" content=\"max-image-preview:large\" \/>\n\t<link rel=\"canonical\" href=\"https:\/\/droix.eu\/hr\/product\/gpd-pocket-3-win-max-2-stylus-4096\/\" \/>\n\t<meta name=\"generator\" content=\"All in One SEO Pro (AIOSEO) 4.9.6.2\" \/>\n\t\t<meta property=\"og:locale\" content=\"hr_HR\" \/>\n\t\t<meta property=\"og:site_name\" content=\"DROIX EU - Get the latest Mini PCs, Ultrabook, PC Gaming Handhelds and more!\" \/>\n\t\t<meta property=\"og:type\" content=\"article\" \/>\n\t\t<meta property=\"og:title\" content=\"GPD Pocket 3 &amp; Win Max 2 Stylus 4096 - DROIX EU\" \/>\n\t\t<meta property=\"og:description\" content=\"Kompatibilan s GPD Pocket 3 i GPD WIN MAX 2 Olovka na 4096 razina Osjetljivost na pritisak Elegantan, ergonomski dizajn Punjiva baterija s trajanjem do 10 sati Pisanje dopisa i unos znakova Paket uklju\u010duje 1x GPD 4096 olovka\" \/>\n\t\t<meta property=\"og:url\" content=\"https:\/\/droix.eu\/hr\/product\/gpd-pocket-3-win-max-2-stylus-4096\/\" \/>\n\t\t<meta property=\"og:image\" content=\"https:\/\/droix.eu\/wp-content\/uploads\/2024\/06\/droix-v2-light-logo.png\" \/>\n\t\t<meta property=\"og:image:secure_url\" content=\"https:\/\/droix.eu\/wp-content\/uploads\/2024\/06\/droix-v2-light-logo.png\" \/>\n\t\t<meta property=\"og:image:width\" content=\"380\" \/>\n\t\t<meta property=\"og:image:height\" content=\"118\" \/>\n\t\t<meta property=\"article:published_time\" content=\"2022-01-07T15:11:41+00:00\" \/>\n\t\t<meta property=\"article:modified_time\" content=\"2025-08-18T14:32:55+00:00\" \/>\n\t\t<meta property=\"article:publisher\" content=\"https:\/\/www.facebook.com\/DroiX.Store\" \/>\n\t\t<meta name=\"twitter:card\" content=\"summary_large_image\" \/>\n\t\t<meta name=\"twitter:site\" content=\"@DroiX_Store\" \/>\n\t\t<meta name=\"twitter:title\" content=\"GPD Pocket 3 &amp; Win Max 2 Stylus 4096 - DROIX EU\" \/>\n\t\t<meta name=\"twitter:description\" content=\"Kompatibilan s GPD Pocket 3 i GPD WIN MAX 2 Olovka na 4096 razina Osjetljivost na pritisak Elegantan, ergonomski dizajn Punjiva baterija s trajanjem do 10 sati Pisanje dopisa i unos znakova Paket uklju\u010duje 1x GPD 4096 olovka\" \/>\n\t\t<meta name=\"twitter:image\" content=\"https:\/\/droix.eu\/wp-content\/uploads\/2024\/06\/droix-v2-light-logo.png\" \/>\n\t\t<script type=\"application\/ld+json\" class=\"aioseo-schema\">\n\t\t\t{\"@context\":\"https:\\\/\\\/schema.org\",\"@graph\":[{\"@type\":\"BreadcrumbList\",\"@id\":\"https:\\\/\\\/droix.eu\\\/hr\\\/product\\\/gpd-pocket-3-win-max-2-stylus-4096\\\/#breadcrumblist\",\"itemListElement\":[{\"@type\":\"ListItem\",\"@id\":\"https:\\\/\\\/droix.eu\\\/hr\\\/#listItem\",\"position\":1,\"name\":\"Home\",\"item\":\"https:\\\/\\\/droix.eu\\\/hr\\\/\",\"nextItem\":{\"@type\":\"ListItem\",\"@id\":\"https:\\\/\\\/droix.eu\\\/hr\\\/product-category\\\/pribor\\\/#listItem\",\"name\":\"Pribor\"}},{\"@type\":\"ListItem\",\"@id\":\"https:\\\/\\\/droix.eu\\\/hr\\\/product-category\\\/pribor\\\/#listItem\",\"position\":2,\"name\":\"Pribor\",\"item\":\"https:\\\/\\\/droix.eu\\\/hr\\\/product-category\\\/pribor\\\/\",\"nextItem\":{\"@type\":\"ListItem\",\"@id\":\"https:\\\/\\\/droix.eu\\\/hr\\\/product-category\\\/pribor\\\/pribor-za-prijenosna-racunala\\\/#listItem\",\"name\":\"Pribor za prijenosna ra\\u010dunala\"},\"previousItem\":{\"@type\":\"ListItem\",\"@id\":\"https:\\\/\\\/droix.eu\\\/hr\\\/#listItem\",\"name\":\"Home\"}},{\"@type\":\"ListItem\",\"@id\":\"https:\\\/\\\/droix.eu\\\/hr\\\/product-category\\\/pribor\\\/pribor-za-prijenosna-racunala\\\/#listItem\",\"position\":3,\"name\":\"Pribor za prijenosna ra\\u010dunala\",\"item\":\"https:\\\/\\\/droix.eu\\\/hr\\\/product-category\\\/pribor\\\/pribor-za-prijenosna-racunala\\\/\",\"nextItem\":{\"@type\":\"ListItem\",\"@id\":\"https:\\\/\\\/droix.eu\\\/hr\\\/product\\\/gpd-pocket-3-win-max-2-stylus-4096\\\/#listItem\",\"name\":\"GPD Pocket 3 &amp; Win Max 2 Stylus 4096\"},\"previousItem\":{\"@type\":\"ListItem\",\"@id\":\"https:\\\/\\\/droix.eu\\\/hr\\\/product-category\\\/pribor\\\/#listItem\",\"name\":\"Pribor\"}},{\"@type\":\"ListItem\",\"@id\":\"https:\\\/\\\/droix.eu\\\/hr\\\/product\\\/gpd-pocket-3-win-max-2-stylus-4096\\\/#listItem\",\"position\":4,\"name\":\"GPD Pocket 3 &amp; Win Max 2 Stylus 4096\",\"previousItem\":{\"@type\":\"ListItem\",\"@id\":\"https:\\\/\\\/droix.eu\\\/hr\\\/product-category\\\/pribor\\\/pribor-za-prijenosna-racunala\\\/#listItem\",\"name\":\"Pribor za prijenosna ra\\u010dunala\"}}]},{\"@type\":\"Organization\",\"@id\":\"https:\\\/\\\/droix.eu\\\/hr\\\/#organization\",\"name\":\"DroiX \\u2013 Trusted EU Tech Retailer with 12+ Years Experience\",\"description\":\"DroiX is a leading European technology retailer with over 12 years of experience, offering quality mini PCs, handheld gaming consoles, and tech accessories. We provide hassle-free EU delivery with all taxes included, ensuring a smooth and reliable shopping experience for our customers across Europe.\",\"url\":\"https:\\\/\\\/droix.eu\\\/hr\\\/\",\"logo\":{\"@type\":\"ImageObject\",\"url\":\"https:\\\/\\\/droix.eu\\\/wp-content\\\/uploads\\\/2024\\\/06\\\/droix-v2-light-logo.png\",\"@id\":\"https:\\\/\\\/droix.eu\\\/hr\\\/product\\\/gpd-pocket-3-win-max-2-stylus-4096\\\/#organizationLogo\",\"width\":380,\"height\":118},\"image\":{\"@id\":\"https:\\\/\\\/droix.eu\\\/hr\\\/product\\\/gpd-pocket-3-win-max-2-stylus-4096\\\/#organizationLogo\"},\"sameAs\":[\"https:\\\/\\\/www.facebook.com\\\/DroiX.Store\",\"https:\\\/\\\/twitter.com\\\/DroiX_Store\",\"https:\\\/\\\/www.instagram.com\\\/droix.store\\\/\",\"https:\\\/\\\/www.tiktok.com\\\/@droix.store\",\"https:\\\/\\\/www.youtube.com\\\/c\\\/DroiX_Store\",\"https:\\\/\\\/uk.linkedin.com\\\/company\\\/droix\"]},{\"@type\":\"ProductGroup\",\"@id\":\"https:\\\/\\\/droix.eu\\\/hr\\\/product\\\/gpd-pocket-3-win-max-2-stylus-4096\\\/#wooCommerceProduct\",\"name\":\"GPD Pocket 3 &amp; Win Max 2 Stylus 4096\",\"description\":\"Kompatibilan s GPD Pocket 3 i GPD WIN MAX 2\\n \\tOlovka na 4096 razina Osjetljivost na pritisak\\n \\tElegantan, ergonomski dizajn\\n \\tPunjiva baterija s trajanjem do 10 sati\\n \\tPisanje dopisa i unos znakova\",\"url\":\"https:\\\/\\\/droix.eu\\\/hr\\\/product\\\/gpd-pocket-3-win-max-2-stylus-4096\\\/\",\"sku\":\"GPD-WIN_MAX_2-4096_STYLUS\",\"gtin\":\"5060763672208\",\"image\":{\"@type\":\"ImageObject\",\"url\":\"https:\\\/\\\/droix.eu\\\/wp-content\\\/uploads\\\/2022\\\/01\\\/Layer-1.png\",\"@id\":\"https:\\\/\\\/droix.eu\\\/hr\\\/product\\\/gpd-pocket-3-win-max-2-stylus-4096\\\/#productImage\",\"width\":1500,\"height\":1500},\"productGroupID\":634425,\"hasVariant\":[{\"@type\":\"Product\",\"@id\":\"https:\\\/\\\/droix.eu\\\/hr\\\/product\\\/gpd-pocket-3-win-max-2-stylus-4096\\\/#wooCommerceProduct\",\"name\":\"GPD Pocket 3 &amp; Win Max 2 Stylus 4096 - refurbished-class-a\",\"description\":\"Kompatibilan s GPD Pocket 3 i GPD WIN MAX 2\\n \\tOlovka na 4096 razina Osjetljivost na pritisak\\n \\tElegantan, ergonomski dizajn\\n \\tPunjiva baterija s trajanjem do 10 sati\\n \\tPisanje dopisa i unos znakova\",\"url\":\"https:\\\/\\\/droix.eu\\\/hr\\\/product\\\/gpd-pocket-3-win-max-2-stylus-4096\\\/\",\"sku\":\"REFURB-GPD-WIN-MAX-2-4096-STYLUS\",\"gtin\":\"5060763672208\",\"image\":{\"@type\":\"ImageObject\",\"url\":\"https:\\\/\\\/droix.eu\\\/wp-content\\\/uploads\\\/2022\\\/01\\\/Layer-1.png\",\"@id\":\"https:\\\/\\\/droix.eu\\\/hr\\\/product\\\/gpd-pocket-3-win-max-2-stylus-4096\\\/#productImage\",\"width\":1500,\"height\":1500},\"offers\":{\"@type\":\"Offer\",\"url\":\"https:\\\/\\\/droix.eu\\\/hr\\\/product\\\/gpd-pocket-3-win-max-2-stylus-4096\\\/#wooCommerceOffer\",\"price\":\"25.16\",\"priceCurrency\":\"EUR\",\"category\":\"Pribor\",\"availability\":\"https:\\\/\\\/schema.org\\\/OutOfStock\",\"priceSpecification\":{\"@type\":\"PriceSpecification\",\"price\":25.16,\"priceCurrency\":\"EUR\",\"valueAddedTaxIncluded\":\"true\"}}},{\"@type\":\"Product\",\"@id\":\"https:\\\/\\\/droix.eu\\\/hr\\\/product\\\/gpd-pocket-3-win-max-2-stylus-4096\\\/#wooCommerceProduct\",\"name\":\"GPD Pocket 3 &amp; Win Max 2 Stylus 4096 - new\",\"description\":\"Kompatibilan s GPD Pocket 3 i GPD WIN MAX 2\\n \\tOlovka na 4096 razina Osjetljivost na pritisak\\n \\tElegantan, ergonomski dizajn\\n \\tPunjiva baterija s trajanjem do 10 sati\\n \\tPisanje dopisa i unos znakova\",\"url\":\"https:\\\/\\\/droix.eu\\\/hr\\\/product\\\/gpd-pocket-3-win-max-2-stylus-4096\\\/\",\"sku\":\"GPD-WIN_MAX_2-4096_STYLUS\",\"gtin\":\"5060763672208\",\"image\":{\"@type\":\"ImageObject\",\"url\":\"https:\\\/\\\/droix.eu\\\/wp-content\\\/uploads\\\/2022\\\/01\\\/Layer-1.png\",\"@id\":\"https:\\\/\\\/droix.eu\\\/hr\\\/product\\\/gpd-pocket-3-win-max-2-stylus-4096\\\/#productImage\",\"width\":1500,\"height\":1500},\"offers\":{\"@type\":\"Offer\",\"url\":\"https:\\\/\\\/droix.eu\\\/hr\\\/product\\\/gpd-pocket-3-win-max-2-stylus-4096\\\/#wooCommerceOffer\",\"price\":\"21.95\",\"priceCurrency\":\"EUR\",\"category\":\"Pribor\",\"availability\":\"https:\\\/\\\/schema.org\\\/PreOrder\",\"priceSpecification\":{\"@type\":\"PriceSpecification\",\"price\":21.95,\"priceCurrency\":\"EUR\",\"valueAddedTaxIncluded\":\"true\"}}}]},{\"@type\":\"WebPage\",\"@id\":\"https:\\\/\\\/droix.eu\\\/hr\\\/product\\\/gpd-pocket-3-win-max-2-stylus-4096\\\/#webpage\",\"url\":\"https:\\\/\\\/droix.eu\\\/hr\\\/product\\\/gpd-pocket-3-win-max-2-stylus-4096\\\/\",\"name\":\"GPD Pocket 3 & Win Max 2 Stylus 4096 - DROIX EU\",\"description\":\"Kompatibilan s GPD Pocket 3 i GPD WIN MAX 2 Olovka na 4096 razina Osjetljivost na pritisak Elegantan, ergonomski dizajn Punjiva baterija s trajanjem do 10 sati Pisanje dopisa i unos znakova Paket uklju\\u010duje 1x GPD 4096 olovka\",\"inLanguage\":\"hr\",\"isPartOf\":{\"@id\":\"https:\\\/\\\/droix.eu\\\/hr\\\/#website\"},\"breadcrumb\":{\"@id\":\"https:\\\/\\\/droix.eu\\\/hr\\\/product\\\/gpd-pocket-3-win-max-2-stylus-4096\\\/#breadcrumblist\"},\"image\":{\"@type\":\"ImageObject\",\"url\":\"https:\\\/\\\/droix.eu\\\/wp-content\\\/uploads\\\/2022\\\/01\\\/Layer-1.png\",\"@id\":\"https:\\\/\\\/droix.eu\\\/hr\\\/product\\\/gpd-pocket-3-win-max-2-stylus-4096\\\/#mainImage\",\"width\":1500,\"height\":1500},\"primaryImageOfPage\":{\"@id\":\"https:\\\/\\\/droix.eu\\\/hr\\\/product\\\/gpd-pocket-3-win-max-2-stylus-4096\\\/#mainImage\"},\"datePublished\":\"2022-01-07T15:11:41+00:00\",\"dateModified\":\"2025-08-18T15:32:55+01:00\"},{\"@type\":\"WebSite\",\"@id\":\"https:\\\/\\\/droix.eu\\\/hr\\\/#website\",\"url\":\"https:\\\/\\\/droix.eu\\\/hr\\\/\",\"name\":\"DROIX EU\",\"description\":\"Get the latest Mini PCs, Ultrabook, PC Gaming Handhelds and more!\",\"inLanguage\":\"hr\",\"publisher\":{\"@id\":\"https:\\\/\\\/droix.eu\\\/hr\\\/#organization\"}}]}\n\t\t<\/script>\n\t\t<!-- All in One SEO Pro -->\r\n\t\t<title>GPD Pocket 3 &amp; Win Max 2 Stylus 4096 - DROIX EU<\/title>\n\n","aioseo_head_json":{"title":"GPD Pocket 3 & Win Max 2 Stylus 4096 - DROIX EU","description":"Kompatibilan s GPD Pocket 3 i GPD WIN MAX 2 Olovka na 4096 razina Osjetljivost na pritisak Elegantan, ergonomski dizajn Punjiva baterija s trajanjem do 10 sati Pisanje dopisa i unos znakova Paket uklju\u010duje 1x GPD 4096 olovka","canonical_url":"https:\/\/droix.eu\/hr\/product\/gpd-pocket-3-win-max-2-stylus-4096\/","robots":"max-image-preview:large","keywords":"","webmasterTools":{"miscellaneous":""},"schema":{"@context":"https:\/\/schema.org","@graph":[{"@type":"BreadcrumbList","@id":"https:\/\/droix.eu\/hr\/product\/gpd-pocket-3-win-max-2-stylus-4096\/#breadcrumblist","itemListElement":[{"@type":"ListItem","@id":"https:\/\/droix.eu\/hr\/#listItem","position":1,"name":"Home","item":"https:\/\/droix.eu\/hr\/","nextItem":{"@type":"ListItem","@id":"https:\/\/droix.eu\/hr\/product-category\/pribor\/#listItem","name":"Pribor"}},{"@type":"ListItem","@id":"https:\/\/droix.eu\/hr\/product-category\/pribor\/#listItem","position":2,"name":"Pribor","item":"https:\/\/droix.eu\/hr\/product-category\/pribor\/","nextItem":{"@type":"ListItem","@id":"https:\/\/droix.eu\/hr\/product-category\/pribor\/pribor-za-prijenosna-racunala\/#listItem","name":"Pribor za prijenosna ra\u010dunala"},"previousItem":{"@type":"ListItem","@id":"https:\/\/droix.eu\/hr\/#listItem","name":"Home"}},{"@type":"ListItem","@id":"https:\/\/droix.eu\/hr\/product-category\/pribor\/pribor-za-prijenosna-racunala\/#listItem","position":3,"name":"Pribor za prijenosna ra\u010dunala","item":"https:\/\/droix.eu\/hr\/product-category\/pribor\/pribor-za-prijenosna-racunala\/","nextItem":{"@type":"ListItem","@id":"https:\/\/droix.eu\/hr\/product\/gpd-pocket-3-win-max-2-stylus-4096\/#listItem","name":"GPD Pocket 3 &amp; Win Max 2 Stylus 4096"},"previousItem":{"@type":"ListItem","@id":"https:\/\/droix.eu\/hr\/product-category\/pribor\/#listItem","name":"Pribor"}},{"@type":"ListItem","@id":"https:\/\/droix.eu\/hr\/product\/gpd-pocket-3-win-max-2-stylus-4096\/#listItem","position":4,"name":"GPD Pocket 3 &amp; Win Max 2 Stylus 4096","previousItem":{"@type":"ListItem","@id":"https:\/\/droix.eu\/hr\/product-category\/pribor\/pribor-za-prijenosna-racunala\/#listItem","name":"Pribor za prijenosna ra\u010dunala"}}]},{"@type":"Organization","@id":"https:\/\/droix.eu\/hr\/#organization","name":"DroiX \u2013 Trusted EU Tech Retailer with 12+ Years Experience","description":"DroiX is a leading European technology retailer with over 12 years of experience, offering quality mini PCs, handheld gaming consoles, and tech accessories. We provide hassle-free EU delivery with all taxes included, ensuring a smooth and reliable shopping experience for our customers across Europe.","url":"https:\/\/droix.eu\/hr\/","logo":{"@type":"ImageObject","url":"https:\/\/droix.eu\/wp-content\/uploads\/2024\/06\/droix-v2-light-logo.png","@id":"https:\/\/droix.eu\/hr\/product\/gpd-pocket-3-win-max-2-stylus-4096\/#organizationLogo","width":380,"height":118},"image":{"@id":"https:\/\/droix.eu\/hr\/product\/gpd-pocket-3-win-max-2-stylus-4096\/#organizationLogo"},"sameAs":["https:\/\/www.facebook.com\/DroiX.Store","https:\/\/twitter.com\/DroiX_Store","https:\/\/www.instagram.com\/droix.store\/","https:\/\/www.tiktok.com\/@droix.store","https:\/\/www.youtube.com\/c\/DroiX_Store","https:\/\/uk.linkedin.com\/company\/droix"]},{"@type":"ProductGroup","@id":"https:\/\/droix.eu\/hr\/product\/gpd-pocket-3-win-max-2-stylus-4096\/#wooCommerceProduct","name":"GPD Pocket 3 &amp; Win Max 2 Stylus 4096","description":"Kompatibilan s GPD Pocket 3 i GPD WIN MAX 2\n \tOlovka na 4096 razina Osjetljivost na pritisak\n \tElegantan, ergonomski dizajn\n \tPunjiva baterija s trajanjem do 10 sati\n \tPisanje dopisa i unos znakova","url":"https:\/\/droix.eu\/hr\/product\/gpd-pocket-3-win-max-2-stylus-4096\/","sku":"GPD-WIN_MAX_2-4096_STYLUS","gtin":"5060763672208","image":{"@type":"ImageObject","url":"https:\/\/droix.eu\/wp-content\/uploads\/2022\/01\/Layer-1.png","@id":"https:\/\/droix.eu\/hr\/product\/gpd-pocket-3-win-max-2-stylus-4096\/#productImage","width":1500,"height":1500},"productGroupID":634425,"hasVariant":[{"@type":"Product","@id":"https:\/\/droix.eu\/hr\/product\/gpd-pocket-3-win-max-2-stylus-4096\/#wooCommerceProduct","name":"GPD Pocket 3 &amp; Win Max 2 Stylus 4096 - refurbished-class-a","description":"Kompatibilan s GPD Pocket 3 i GPD WIN MAX 2\n \tOlovka na 4096 razina Osjetljivost na pritisak\n \tElegantan, ergonomski dizajn\n \tPunjiva baterija s trajanjem do 10 sati\n \tPisanje dopisa i unos znakova","url":"https:\/\/droix.eu\/hr\/product\/gpd-pocket-3-win-max-2-stylus-4096\/","sku":"REFURB-GPD-WIN-MAX-2-4096-STYLUS","gtin":"5060763672208","image":{"@type":"ImageObject","url":"https:\/\/droix.eu\/wp-content\/uploads\/2022\/01\/Layer-1.png","@id":"https:\/\/droix.eu\/hr\/product\/gpd-pocket-3-win-max-2-stylus-4096\/#productImage","width":1500,"height":1500},"offers":{"@type":"Offer","url":"https:\/\/droix.eu\/hr\/product\/gpd-pocket-3-win-max-2-stylus-4096\/#wooCommerceOffer","price":"25.16","priceCurrency":"EUR","category":"Pribor","availability":"https:\/\/schema.org\/OutOfStock","priceSpecification":{"@type":"PriceSpecification","price":25.16,"priceCurrency":"EUR","valueAddedTaxIncluded":"true"}}},{"@type":"Product","@id":"https:\/\/droix.eu\/hr\/product\/gpd-pocket-3-win-max-2-stylus-4096\/#wooCommerceProduct","name":"GPD Pocket 3 &amp; Win Max 2 Stylus 4096 - new","description":"Kompatibilan s GPD Pocket 3 i GPD WIN MAX 2\n \tOlovka na 4096 razina Osjetljivost na pritisak\n \tElegantan, ergonomski dizajn\n \tPunjiva baterija s trajanjem do 10 sati\n \tPisanje dopisa i unos znakova","url":"https:\/\/droix.eu\/hr\/product\/gpd-pocket-3-win-max-2-stylus-4096\/","sku":"GPD-WIN_MAX_2-4096_STYLUS","gtin":"5060763672208","image":{"@type":"ImageObject","url":"https:\/\/droix.eu\/wp-content\/uploads\/2022\/01\/Layer-1.png","@id":"https:\/\/droix.eu\/hr\/product\/gpd-pocket-3-win-max-2-stylus-4096\/#productImage","width":1500,"height":1500},"offers":{"@type":"Offer","url":"https:\/\/droix.eu\/hr\/product\/gpd-pocket-3-win-max-2-stylus-4096\/#wooCommerceOffer","price":"21.95","priceCurrency":"EUR","category":"Pribor","availability":"https:\/\/schema.org\/PreOrder","priceSpecification":{"@type":"PriceSpecification","price":21.95,"priceCurrency":"EUR","valueAddedTaxIncluded":"true"}}}]},{"@type":"WebPage","@id":"https:\/\/droix.eu\/hr\/product\/gpd-pocket-3-win-max-2-stylus-4096\/#webpage","url":"https:\/\/droix.eu\/hr\/product\/gpd-pocket-3-win-max-2-stylus-4096\/","name":"GPD Pocket 3 & Win Max 2 Stylus 4096 - DROIX EU","description":"Kompatibilan s GPD Pocket 3 i GPD WIN MAX 2 Olovka na 4096 razina Osjetljivost na pritisak Elegantan, ergonomski dizajn Punjiva baterija s trajanjem do 10 sati Pisanje dopisa i unos znakova Paket uklju\u010duje 1x GPD 4096 olovka","inLanguage":"hr","isPartOf":{"@id":"https:\/\/droix.eu\/hr\/#website"},"breadcrumb":{"@id":"https:\/\/droix.eu\/hr\/product\/gpd-pocket-3-win-max-2-stylus-4096\/#breadcrumblist"},"image":{"@type":"ImageObject","url":"https:\/\/droix.eu\/wp-content\/uploads\/2022\/01\/Layer-1.png","@id":"https:\/\/droix.eu\/hr\/product\/gpd-pocket-3-win-max-2-stylus-4096\/#mainImage","width":1500,"height":1500},"primaryImageOfPage":{"@id":"https:\/\/droix.eu\/hr\/product\/gpd-pocket-3-win-max-2-stylus-4096\/#mainImage"},"datePublished":"2022-01-07T15:11:41+00:00","dateModified":"2025-08-18T15:32:55+01:00"},{"@type":"WebSite","@id":"https:\/\/droix.eu\/hr\/#website","url":"https:\/\/droix.eu\/hr\/","name":"DROIX EU","description":"Get the latest Mini PCs, Ultrabook, PC Gaming Handhelds and more!","inLanguage":"hr","publisher":{"@id":"https:\/\/droix.eu\/hr\/#organization"}}]},"og:locale":"hr_HR","og:site_name":"DROIX EU - Get the latest Mini PCs, Ultrabook, PC Gaming Handhelds and more!","og:type":"article","og:title":"GPD Pocket 3 &amp; Win Max 2 Stylus 4096 - DROIX EU","og:description":"Kompatibilan s GPD Pocket 3 i GPD WIN MAX 2 Olovka na 4096 razina Osjetljivost na pritisak Elegantan, ergonomski dizajn Punjiva baterija s trajanjem do 10 sati Pisanje dopisa i unos znakova Paket uklju\u010duje 1x GPD 4096 olovka","og:url":"https:\/\/droix.eu\/hr\/product\/gpd-pocket-3-win-max-2-stylus-4096\/","og:image":"https:\/\/droix.eu\/wp-content\/uploads\/2024\/06\/droix-v2-light-logo.png","og:image:secure_url":"https:\/\/droix.eu\/wp-content\/uploads\/2024\/06\/droix-v2-light-logo.png","og:image:width":380,"og:image:height":118,"article:published_time":"2022-01-07T15:11:41+00:00","article:modified_time":"2025-08-18T14:32:55+00:00","article:publisher":"https:\/\/www.facebook.com\/DroiX.Store","twitter:card":"summary_large_image","twitter:site":"@DroiX_Store","twitter:title":"GPD Pocket 3 &amp; Win Max 2 Stylus 4096 - DROIX EU","twitter:description":"Kompatibilan s GPD Pocket 3 i GPD WIN MAX 2 Olovka na 4096 razina Osjetljivost na pritisak Elegantan, ergonomski dizajn Punjiva baterija s trajanjem do 10 sati Pisanje dopisa i unos znakova Paket uklju\u010duje 1x GPD 4096 olovka","twitter:image":"https:\/\/droix.eu\/wp-content\/uploads\/2024\/06\/droix-v2-light-logo.png"},"aioseo_meta_data":{"post_id":"634425","title":null,"description":null,"keywords":null,"keyphrases":null,"primary_term":null,"canonical_url":null,"og_title":null,"og_description":null,"og_object_type":"default","og_image_type":"default","og_image_url":null,"og_image_width":null,"og_image_height":null,"og_image_custom_url":null,"og_image_custom_fields":null,"og_video":null,"og_custom_url":null,"og_article_section":null,"og_article_tags":null,"twitter_use_og":true,"twitter_card":"default","twitter_image_type":"default","twitter_image_url":null,"twitter_image_custom_url":null,"twitter_image_custom_fields":null,"twitter_title":null,"twitter_description":null,"schema":{"blockGraphs":[],"customGraphs":[],"default":{"data":{"Article":[],"Course":[],"Dataset":[],"FAQPage":[],"Movie":[],"Person":[],"Product":[],"ProductReview":[],"Car":[],"Recipe":[],"Service":[],"SoftwareApplication":[],"WebPage":[]},"graphName":"","isEnabled":true},"graphs":[]},"schema_type":"default","schema_type_options":null,"pillar_content":false,"robots_default":true,"robots_noindex":false,"robots_noarchive":false,"robots_nosnippet":false,"robots_nofollow":false,"robots_noimageindex":false,"robots_noodp":false,"robots_notranslate":false,"robots_max_snippet":null,"robots_max_videopreview":null,"robots_max_imagepreview":"large","priority":null,"frequency":null,"local_seo":null,"seo_analyzer_scan_date":"2025-10-24 08:54:15","breadcrumb_settings":null,"limit_modified_date":false,"reviewed_by":null,"open_ai":null,"ai":null,"created":"2025-10-09 03:42:56","updated":"2025-11-27 01:49:43"},"aioseo_breadcrumb":"<div class=\"aioseo-breadcrumbs\"><span class=\"aioseo-breadcrumb\">\n\t<a href=\"https:\/\/droix.eu\/hr\/\" title=\"Home\">Home<\/a>\n<\/span><span class=\"aioseo-breadcrumb-separator\">&raquo;<\/span><span class=\"aioseo-breadcrumb\">\n\t<a href=\"https:\/\/droix.eu\/hr\/product-category\/pribor\/\" title=\"Pribor\">Pribor<\/a>\n<\/span><span class=\"aioseo-breadcrumb-separator\">&raquo;<\/span><span class=\"aioseo-breadcrumb\">\n\t<a href=\"https:\/\/droix.eu\/hr\/product-category\/pribor\/pribor-za-prijenosna-racunala\/\" title=\"Pribor za prijenosna ra\u010dunala\">Pribor za prijenosna ra\u010dunala<\/a>\n<\/span><span class=\"aioseo-breadcrumb-separator\">&raquo;<\/span><span class=\"aioseo-breadcrumb\">\n\tGPD Pocket 3 &amp; Win Max 2 Stylus 4096\n<\/span><\/div>","aioseo_breadcrumb_json":[{"label":"Home","link":"https:\/\/droix.eu\/hr\/"},{"label":"Pribor","link":"https:\/\/droix.eu\/hr\/product-category\/pribor\/"},{"label":"Pribor za prijenosna ra\u010dunala","link":"https:\/\/droix.eu\/hr\/product-category\/pribor\/pribor-za-prijenosna-racunala\/"},{"label":"GPD Pocket 3 &amp; Win Max 2 Stylus 4096","link":"https:\/\/droix.eu\/hr\/product\/gpd-pocket-3-win-max-2-stylus-4096\/"}],"_links":{"self":[{"href":"https:\/\/droix.eu\/hr\/wp-json\/wp\/v2\/product\/634425","targetHints":{"allow":["GET"]}}],"collection":[{"href":"https:\/\/droix.eu\/hr\/wp-json\/wp\/v2\/product"}],"about":[{"href":"https:\/\/droix.eu\/hr\/wp-json\/wp\/v2\/types\/product"}],"version-history":[{"count":0,"href":"https:\/\/droix.eu\/hr\/wp-json\/wp\/v2\/product\/634425\/revisions"}],"wp:featuredmedia":[{"embeddable":true,"href":"https:\/\/droix.eu\/hr\/wp-json\/wp\/v2\/media\/348690"}],"wp:attachment":[{"href":"https:\/\/droix.eu\/hr\/wp-json\/wp\/v2\/media?parent=634425"}],"wp:term":[{"taxonomy":"product_brand","embeddable":true,"href":"https:\/\/droix.eu\/hr\/wp-json\/wp\/v2\/product_brand?post=634425"},{"taxonomy":"product_cat","embeddable":true,"href":"https:\/\/droix.eu\/hr\/wp-json\/wp\/v2\/product_cat?post=634425"},{"taxonomy":"product_tag","embeddable":true,"href":"https:\/\/droix.eu\/hr\/wp-json\/wp\/v2\/product_tag?post=634425"},{"taxonomy":"woo-feed-brand","embeddable":true,"href":"https:\/\/droix.eu\/hr\/wp-json\/wp\/v2\/woo-feed-brand?post=634425"},{"taxonomy":"key-features","embeddable":true,"href":"https:\/\/droix.eu\/hr\/wp-json\/wp\/v2\/key-features?post=634425"}],"curies":[{"name":"wp","href":"https:\/\/api.w.org\/{rel}","templated":true}]}}