{"id":634424,"date":"2022-01-07T15:00:20","date_gmt":"2022-01-07T15:00:20","guid":{"rendered":"https:\/\/droix.eu\/product\/gpd-pocket-3-kvm-i-rs-232-modul\/"},"modified":"2025-12-15T00:02:43","modified_gmt":"2025-12-15T00:02:43","slug":"gpd-pocket-3-kvm-i-rs-232-modul","status":"publish","type":"product","link":"https:\/\/droix.eu\/hr\/product\/gpd-pocket-3-kvm-i-rs-232-modul\/","title":{"rendered":"GPD d\u017eepni 3 KVM i RS-232 modul"},"content":{"rendered":"<p>GPD Pocket 3 opremljen je KVM modulom koji omogu\u0107uje prakti\u010dno upravljanje poslu\u017eiteljima. Sli\u010dno tome, RS232 modul omogu\u0107uje integraciju originalnog RS232 porta, \u0161to ga \u010dini izvrsnom opcijom za otklanjanje pogre\u0161aka u sustavu ili rad s profesionalnim CNC glodalicama.<\/p>\n<p>Oba ova modula dio su paketa.<\/p>\n<p>\u0160tovi\u0161e, GPD Pocket 3 dolazi sa zadanim USB-A modulom. Ako je potrebno, ovaj se modul mo\u017ee zamijeniti bilo kojim od dva isporu\u010dena modula.<\/p>\n","protected":false},"excerpt":{"rendered":"<ul>\n<li><strong>Slu\u017ebeni GPD dodatak<\/strong><\/li>\n<li>Kombinirani paket s <strong>dva<\/strong> modula za pro\u0161irenje<\/li>\n<li>Povezivanje i upravljanje poslu\u017eiteljima putem <strong>KVM<\/strong> modula<\/li>\n<li>Su\u010delje s industrijskim strojevima putem <strong>RS232<\/strong><\/li>\n<\/ul>\n[cg_accordion title=\"2-godi\u0161nje jamstvo na sve GPD proizvode\"]<\/p>\n<p>Svi GPD proizvodi dolaze s 2-godi\u0161njim jamstvom i podr\u017eani su s vi\u0161e od 13 godina pouzdane usluge. Pridru\u017eite se na\u0161oj zajednici od preko 500.000 zadovoljnih kupaca i budite sigurni u svoju kupnju. [\/cg_accordion]\n[cg_accordion title=\"Osiguranje kvalitete i ispitivanje prije otpreme\"]<\/p>\n<p>Osiguravanje zadovoljstva kupaca na najvi\u0161oj razini: Svaki ure\u0111aj prolazi rigorozno testiranje i provjeru kvalitete u vi\u0161e to\u010daka prije isporuke. Na\u0161 predani tim provjerava performanse, funkcionalnost i integritet komponenti kako bi zajam\u010dio da je va\u0161 GPD ure\u0111aj u savr\u0161enom radnom stanju po dolasku, pru\u017eaju\u0107i vam povjerenje i bezbri\u017enost. [\/cg_accordion]\n[cg_accordion title=\"Fleksibilne i sigurne opcije pla\u0107anja\"]<\/p>\n<p>U\u017eivajte u bezbri\u017enosti uz na\u0161 siguran sustav naplate. Podr\u017eavamo sve glavne na\u010dine pla\u0107anja, uklju\u010duju\u0107i debitne\/kreditne kartice, PayPal, Apple Pay, Google Pay, Klarna, Afterpay i Affirm, daju\u0107i vam slobodu pla\u0107anja, bilo unaprijed ili u jednostavnim ratama. [\/cg_accordion]\n[cg_accordion title=\"Porezi\"]<\/p>\n<p>Cijene uklju\u010duju primjenjivi PDV, koji mo\u017ee iznositi do 25%, ovisno o va\u0161oj zemlji. To\u010dan iznos prikazan je tijekom naplate kako bi se osigurala potpuna transparentnost. [\/cg_accordion]\n[cg_accordion title=\"Dostava i povrat\"]<\/p>\n<p>Sura\u0111ujemo s vi\u0161e od 10 pouzdanih partnera za dostavu kako bismo osigurali da va\u0161a narud\u017eba stigne brzo, sigurno i pouzdano.<\/p>\n<p>Koristimo ekspresnu DDP (Delivered Duty Paid) dostavu. To zna\u010di: <\/p>\n<li>Sve carine i porezi ve\u0107 su uklju\u010deni u prikazanu cijenu proizvoda.<\/li>\n<li>Ne\u0107ete se suo\u010diti s nikakvim iznenadnim tro\u0161kovima po isporuci.<\/li>\n<li>U rijetkim slu\u010dajevima carinskih ka\u0161njenja, na\u0161 tim \u0107e upravljati postupkom carinjenja umjesto vas kako bi osigurao nesmetanu isporuku.<\/li>\n<p>Va\u017ene informacije o povratu:<\/p>\n<li>Ako vratite narud\u017ebu ili zatra\u017eite povrat novca, imajte na umu da se svi porezi i carine pla\u0107eni u va\u0161e ime prema DDP uvjetima ne vra\u0107aju.<\/li>\n<p>Za detaljne informacije pogledajte <a href=\"https:\/\/droix.eu\/hr\/uvjeti-i-odredbe\/\" target=\"_blank\" rel=\"nofollow noopener\">na\u0161e Uvjete i odredbe<\/a> .\n<\/ul>\n<p>[\/cg_accordion]\n[cg_accordion title=\"Korisni\u010dka podr\u0161ka\"]<\/p>\n<p>Imate pitanje? Kratak tekst dijeli nas od rje\u0161avanja va\u0161eg problema! [\/cg_accordion]\n[cg_accordion title=\"Paket uklju\u010duje\"]<\/p>\n<ul>\n<li>1x KVM i RS-232 modul<\/li>\n<\/ul>\n<p>[\/cg_accordion]\n","protected":false},"featured_media":293618,"template":"","meta":{"_acf_changed":false},"product_brand":[],"product_cat":[45880,45888],"product_tag":[],"woo-feed-brand":[2198],"key-features":[],"class_list":{"0":"post-634424","1":"product","2":"type-product","3":"status-publish","4":"has-post-thumbnail","6":"product_cat-pribor","7":"product_cat-pribor-za-prijenosna-racunala","8":"product_shipping_class-low-end","9":"pa_brands-gpd","10":"pa_compatibility-gpd-pocket-3-hr","11":"woo-feed-brand-gpd","13":"first","14":"instock","15":"sale","16":"taxable","17":"shipping-taxable","18":"purchasable","19":"product-type-simple"},"acf":[],"aioseo_notices":[],"aioseo_head":"\n\t\t<!-- All in One SEO Pro 4.9.6.2 - aioseo.com -->\n\t<meta name=\"description\" content=\"Slu\u017ebeni GPD dodatak Kombinirani paket s dva modula za pro\u0161irenje Povezivanje i upravljanje poslu\u017eiteljima putem KVM modula Su\u010delje s industrijskim strojevima putem RS232\" \/>\n\t<meta name=\"robots\" content=\"max-image-preview:large\" \/>\n\t<link rel=\"canonical\" href=\"https:\/\/droix.eu\/hr\/product\/gpd-pocket-3-kvm-i-rs-232-modul\/\" \/>\n\t<meta name=\"generator\" content=\"All in One SEO Pro (AIOSEO) 4.9.6.2\" \/>\n\t\t<meta property=\"og:locale\" content=\"hr_HR\" \/>\n\t\t<meta property=\"og:site_name\" content=\"DROIX EU - Get the latest Mini PCs, Ultrabook, PC Gaming Handhelds and more!\" \/>\n\t\t<meta property=\"og:type\" content=\"article\" \/>\n\t\t<meta property=\"og:title\" content=\"GPD d\u017eepni 3 KVM i RS-232 modul - DROIX EU\" \/>\n\t\t<meta property=\"og:description\" content=\"Slu\u017ebeni GPD dodatak Kombinirani paket s dva modula za pro\u0161irenje Povezivanje i upravljanje poslu\u017eiteljima putem KVM modula Su\u010delje s industrijskim strojevima putem RS232\" \/>\n\t\t<meta property=\"og:url\" content=\"https:\/\/droix.eu\/hr\/product\/gpd-pocket-3-kvm-i-rs-232-modul\/\" \/>\n\t\t<meta property=\"og:image\" content=\"https:\/\/droix.eu\/wp-content\/uploads\/2024\/06\/droix-v2-light-logo.png\" \/>\n\t\t<meta property=\"og:image:secure_url\" content=\"https:\/\/droix.eu\/wp-content\/uploads\/2024\/06\/droix-v2-light-logo.png\" \/>\n\t\t<meta property=\"og:image:width\" content=\"380\" \/>\n\t\t<meta property=\"og:image:height\" content=\"118\" \/>\n\t\t<meta property=\"article:published_time\" content=\"2022-01-07T15:00:20+00:00\" \/>\n\t\t<meta property=\"article:modified_time\" content=\"2025-12-15T00:02:43+00:00\" \/>\n\t\t<meta property=\"article:publisher\" content=\"https:\/\/www.facebook.com\/DroiX.Store\" \/>\n\t\t<meta name=\"twitter:card\" content=\"summary_large_image\" \/>\n\t\t<meta name=\"twitter:site\" content=\"@DroiX_Store\" \/>\n\t\t<meta name=\"twitter:title\" content=\"GPD d\u017eepni 3 KVM i RS-232 modul - DROIX EU\" \/>\n\t\t<meta name=\"twitter:description\" content=\"Slu\u017ebeni GPD dodatak Kombinirani paket s dva modula za pro\u0161irenje Povezivanje i upravljanje poslu\u017eiteljima putem KVM modula Su\u010delje s industrijskim strojevima putem RS232\" \/>\n\t\t<meta name=\"twitter:image\" content=\"https:\/\/droix.eu\/wp-content\/uploads\/2024\/06\/droix-v2-light-logo.png\" \/>\n\t\t<script type=\"application\/ld+json\" class=\"aioseo-schema\">\n\t\t\t{\"@context\":\"https:\\\/\\\/schema.org\",\"@graph\":[{\"@type\":\"BreadcrumbList\",\"@id\":\"https:\\\/\\\/droix.eu\\\/hr\\\/product\\\/gpd-pocket-3-kvm-i-rs-232-modul\\\/#breadcrumblist\",\"itemListElement\":[{\"@type\":\"ListItem\",\"@id\":\"https:\\\/\\\/droix.eu\\\/hr\\\/#listItem\",\"position\":1,\"name\":\"Home\",\"item\":\"https:\\\/\\\/droix.eu\\\/hr\\\/\",\"nextItem\":{\"@type\":\"ListItem\",\"@id\":\"https:\\\/\\\/droix.eu\\\/hr\\\/product-category\\\/pribor\\\/#listItem\",\"name\":\"Pribor\"}},{\"@type\":\"ListItem\",\"@id\":\"https:\\\/\\\/droix.eu\\\/hr\\\/product-category\\\/pribor\\\/#listItem\",\"position\":2,\"name\":\"Pribor\",\"item\":\"https:\\\/\\\/droix.eu\\\/hr\\\/product-category\\\/pribor\\\/\",\"nextItem\":{\"@type\":\"ListItem\",\"@id\":\"https:\\\/\\\/droix.eu\\\/hr\\\/product-category\\\/pribor\\\/pribor-za-prijenosna-racunala\\\/#listItem\",\"name\":\"Pribor za prijenosna ra\\u010dunala\"},\"previousItem\":{\"@type\":\"ListItem\",\"@id\":\"https:\\\/\\\/droix.eu\\\/hr\\\/#listItem\",\"name\":\"Home\"}},{\"@type\":\"ListItem\",\"@id\":\"https:\\\/\\\/droix.eu\\\/hr\\\/product-category\\\/pribor\\\/pribor-za-prijenosna-racunala\\\/#listItem\",\"position\":3,\"name\":\"Pribor za prijenosna ra\\u010dunala\",\"item\":\"https:\\\/\\\/droix.eu\\\/hr\\\/product-category\\\/pribor\\\/pribor-za-prijenosna-racunala\\\/\",\"nextItem\":{\"@type\":\"ListItem\",\"@id\":\"https:\\\/\\\/droix.eu\\\/hr\\\/product\\\/gpd-pocket-3-kvm-i-rs-232-modul\\\/#listItem\",\"name\":\"GPD d\\u017eepni 3 KVM i RS-232 modul\"},\"previousItem\":{\"@type\":\"ListItem\",\"@id\":\"https:\\\/\\\/droix.eu\\\/hr\\\/product-category\\\/pribor\\\/#listItem\",\"name\":\"Pribor\"}},{\"@type\":\"ListItem\",\"@id\":\"https:\\\/\\\/droix.eu\\\/hr\\\/product\\\/gpd-pocket-3-kvm-i-rs-232-modul\\\/#listItem\",\"position\":4,\"name\":\"GPD d\\u017eepni 3 KVM i RS-232 modul\",\"previousItem\":{\"@type\":\"ListItem\",\"@id\":\"https:\\\/\\\/droix.eu\\\/hr\\\/product-category\\\/pribor\\\/pribor-za-prijenosna-racunala\\\/#listItem\",\"name\":\"Pribor za prijenosna ra\\u010dunala\"}}]},{\"@type\":\"Organization\",\"@id\":\"https:\\\/\\\/droix.eu\\\/hr\\\/#organization\",\"name\":\"DroiX \\u2013 Trusted EU Tech Retailer with 12+ Years Experience\",\"description\":\"DroiX is a leading European technology retailer with over 12 years of experience, offering quality mini PCs, handheld gaming consoles, and tech accessories. We provide hassle-free EU delivery with all taxes included, ensuring a smooth and reliable shopping experience for our customers across Europe.\",\"url\":\"https:\\\/\\\/droix.eu\\\/hr\\\/\",\"logo\":{\"@type\":\"ImageObject\",\"url\":\"https:\\\/\\\/droix.eu\\\/wp-content\\\/uploads\\\/2024\\\/06\\\/droix-v2-light-logo.png\",\"@id\":\"https:\\\/\\\/droix.eu\\\/hr\\\/product\\\/gpd-pocket-3-kvm-i-rs-232-modul\\\/#organizationLogo\",\"width\":380,\"height\":118},\"image\":{\"@id\":\"https:\\\/\\\/droix.eu\\\/hr\\\/product\\\/gpd-pocket-3-kvm-i-rs-232-modul\\\/#organizationLogo\"},\"sameAs\":[\"https:\\\/\\\/www.facebook.com\\\/DroiX.Store\",\"https:\\\/\\\/twitter.com\\\/DroiX_Store\",\"https:\\\/\\\/www.instagram.com\\\/droix.store\\\/\",\"https:\\\/\\\/www.tiktok.com\\\/@droix.store\",\"https:\\\/\\\/www.youtube.com\\\/c\\\/DroiX_Store\",\"https:\\\/\\\/uk.linkedin.com\\\/company\\\/droix\"]},{\"@type\":\"Product\",\"@id\":\"https:\\\/\\\/droix.eu\\\/hr\\\/product\\\/gpd-pocket-3-kvm-i-rs-232-modul\\\/#wooCommerceProduct\",\"name\":\"GPD d\\u017eepni 3 KVM i RS-232 modul\",\"description\":\"Slu\\u017ebeni GPD dodatak\\n \\tKombinirani paket s dva modula za pro\\u0161irenje\\n \\tPovezivanje i upravljanje poslu\\u017eiteljima putem KVM modula\\n \\tSu\\u010delje s industrijskim strojevima putem RS232\",\"url\":\"https:\\\/\\\/droix.eu\\\/hr\\\/product\\\/gpd-pocket-3-kvm-i-rs-232-modul\\\/\",\"sku\":\"GPD-POCKET-3-EXPANSION-MODULE-KVM-RS\",\"gtin\":\"5060763672192\",\"image\":{\"@type\":\"ImageObject\",\"url\":\"https:\\\/\\\/droix.eu\\\/wp-content\\\/uploads\\\/2022\\\/01\\\/GPD-POCKET-3-KVM-RS232-MODULE-LISTING-IMAGE-1.png\",\"@id\":\"https:\\\/\\\/droix.eu\\\/hr\\\/product\\\/gpd-pocket-3-kvm-i-rs-232-modul\\\/#productImage\",\"width\":1000,\"height\":1000,\"caption\":\"GPD Pocket 3 KVM i RS232 modul za pro\\u0161irenje\"},\"offers\":{\"@type\":\"Offer\",\"url\":\"https:\\\/\\\/droix.eu\\\/hr\\\/product\\\/gpd-pocket-3-kvm-i-rs-232-modul\\\/#wooCommerceOffer\",\"price\":114.33,\"priceCurrency\":\"EUR\",\"category\":\"Pribor\",\"availability\":\"https:\\\/\\\/schema.org\\\/InStock\",\"priceSpecification\":{\"@type\":\"PriceSpecification\",\"price\":114.33,\"priceCurrency\":\"EUR\",\"valueAddedTaxIncluded\":\"true\"},\"seller\":{\"@type\":\"Organization\",\"@id\":\"https:\\\/\\\/droix.eu\\\/hr\\\/#organization\"}}},{\"@type\":\"WebPage\",\"@id\":\"https:\\\/\\\/droix.eu\\\/hr\\\/product\\\/gpd-pocket-3-kvm-i-rs-232-modul\\\/#webpage\",\"url\":\"https:\\\/\\\/droix.eu\\\/hr\\\/product\\\/gpd-pocket-3-kvm-i-rs-232-modul\\\/\",\"name\":\"GPD d\\u017eepni 3 KVM i RS-232 modul - DROIX EU\",\"description\":\"Slu\\u017ebeni GPD dodatak Kombinirani paket s dva modula za pro\\u0161irenje Povezivanje i upravljanje poslu\\u017eiteljima putem KVM modula Su\\u010delje s industrijskim strojevima putem RS232\",\"inLanguage\":\"hr\",\"isPartOf\":{\"@id\":\"https:\\\/\\\/droix.eu\\\/hr\\\/#website\"},\"breadcrumb\":{\"@id\":\"https:\\\/\\\/droix.eu\\\/hr\\\/product\\\/gpd-pocket-3-kvm-i-rs-232-modul\\\/#breadcrumblist\"},\"image\":{\"@type\":\"ImageObject\",\"url\":\"https:\\\/\\\/droix.eu\\\/wp-content\\\/uploads\\\/2022\\\/01\\\/GPD-POCKET-3-KVM-RS232-MODULE-LISTING-IMAGE-1.png\",\"@id\":\"https:\\\/\\\/droix.eu\\\/hr\\\/product\\\/gpd-pocket-3-kvm-i-rs-232-modul\\\/#mainImage\",\"width\":1000,\"height\":1000,\"caption\":\"GPD Pocket 3 KVM i RS232 modul za pro\\u0161irenje\"},\"primaryImageOfPage\":{\"@id\":\"https:\\\/\\\/droix.eu\\\/hr\\\/product\\\/gpd-pocket-3-kvm-i-rs-232-modul\\\/#mainImage\"},\"datePublished\":\"2022-01-07T15:00:20+00:00\",\"dateModified\":\"2025-12-15T00:02:43+00:00\"},{\"@type\":\"WebSite\",\"@id\":\"https:\\\/\\\/droix.eu\\\/hr\\\/#website\",\"url\":\"https:\\\/\\\/droix.eu\\\/hr\\\/\",\"name\":\"DROIX EU\",\"description\":\"Get the latest Mini PCs, Ultrabook, PC Gaming Handhelds and more!\",\"inLanguage\":\"hr\",\"publisher\":{\"@id\":\"https:\\\/\\\/droix.eu\\\/hr\\\/#organization\"}}]}\n\t\t<\/script>\n\t\t<!-- All in One SEO Pro -->\r\n\t\t<title>GPD d\u017eepni 3 KVM i RS-232 modul - DROIX EU<\/title>\n\n","aioseo_head_json":{"title":"GPD d\u017eepni 3 KVM i RS-232 modul - DROIX EU","description":"Slu\u017ebeni GPD dodatak Kombinirani paket s dva modula za pro\u0161irenje Povezivanje i upravljanje poslu\u017eiteljima putem KVM modula Su\u010delje s industrijskim strojevima putem RS232","canonical_url":"https:\/\/droix.eu\/hr\/product\/gpd-pocket-3-kvm-i-rs-232-modul\/","robots":"max-image-preview:large","keywords":"","webmasterTools":{"miscellaneous":""},"schema":{"@context":"https:\/\/schema.org","@graph":[{"@type":"BreadcrumbList","@id":"https:\/\/droix.eu\/hr\/product\/gpd-pocket-3-kvm-i-rs-232-modul\/#breadcrumblist","itemListElement":[{"@type":"ListItem","@id":"https:\/\/droix.eu\/hr\/#listItem","position":1,"name":"Home","item":"https:\/\/droix.eu\/hr\/","nextItem":{"@type":"ListItem","@id":"https:\/\/droix.eu\/hr\/product-category\/pribor\/#listItem","name":"Pribor"}},{"@type":"ListItem","@id":"https:\/\/droix.eu\/hr\/product-category\/pribor\/#listItem","position":2,"name":"Pribor","item":"https:\/\/droix.eu\/hr\/product-category\/pribor\/","nextItem":{"@type":"ListItem","@id":"https:\/\/droix.eu\/hr\/product-category\/pribor\/pribor-za-prijenosna-racunala\/#listItem","name":"Pribor za prijenosna ra\u010dunala"},"previousItem":{"@type":"ListItem","@id":"https:\/\/droix.eu\/hr\/#listItem","name":"Home"}},{"@type":"ListItem","@id":"https:\/\/droix.eu\/hr\/product-category\/pribor\/pribor-za-prijenosna-racunala\/#listItem","position":3,"name":"Pribor za prijenosna ra\u010dunala","item":"https:\/\/droix.eu\/hr\/product-category\/pribor\/pribor-za-prijenosna-racunala\/","nextItem":{"@type":"ListItem","@id":"https:\/\/droix.eu\/hr\/product\/gpd-pocket-3-kvm-i-rs-232-modul\/#listItem","name":"GPD d\u017eepni 3 KVM i RS-232 modul"},"previousItem":{"@type":"ListItem","@id":"https:\/\/droix.eu\/hr\/product-category\/pribor\/#listItem","name":"Pribor"}},{"@type":"ListItem","@id":"https:\/\/droix.eu\/hr\/product\/gpd-pocket-3-kvm-i-rs-232-modul\/#listItem","position":4,"name":"GPD d\u017eepni 3 KVM i RS-232 modul","previousItem":{"@type":"ListItem","@id":"https:\/\/droix.eu\/hr\/product-category\/pribor\/pribor-za-prijenosna-racunala\/#listItem","name":"Pribor za prijenosna ra\u010dunala"}}]},{"@type":"Organization","@id":"https:\/\/droix.eu\/hr\/#organization","name":"DroiX \u2013 Trusted EU Tech Retailer with 12+ Years Experience","description":"DroiX is a leading European technology retailer with over 12 years of experience, offering quality mini PCs, handheld gaming consoles, and tech accessories. We provide hassle-free EU delivery with all taxes included, ensuring a smooth and reliable shopping experience for our customers across Europe.","url":"https:\/\/droix.eu\/hr\/","logo":{"@type":"ImageObject","url":"https:\/\/droix.eu\/wp-content\/uploads\/2024\/06\/droix-v2-light-logo.png","@id":"https:\/\/droix.eu\/hr\/product\/gpd-pocket-3-kvm-i-rs-232-modul\/#organizationLogo","width":380,"height":118},"image":{"@id":"https:\/\/droix.eu\/hr\/product\/gpd-pocket-3-kvm-i-rs-232-modul\/#organizationLogo"},"sameAs":["https:\/\/www.facebook.com\/DroiX.Store","https:\/\/twitter.com\/DroiX_Store","https:\/\/www.instagram.com\/droix.store\/","https:\/\/www.tiktok.com\/@droix.store","https:\/\/www.youtube.com\/c\/DroiX_Store","https:\/\/uk.linkedin.com\/company\/droix"]},{"@type":"Product","@id":"https:\/\/droix.eu\/hr\/product\/gpd-pocket-3-kvm-i-rs-232-modul\/#wooCommerceProduct","name":"GPD d\u017eepni 3 KVM i RS-232 modul","description":"Slu\u017ebeni GPD dodatak\n \tKombinirani paket s dva modula za pro\u0161irenje\n \tPovezivanje i upravljanje poslu\u017eiteljima putem KVM modula\n \tSu\u010delje s industrijskim strojevima putem RS232","url":"https:\/\/droix.eu\/hr\/product\/gpd-pocket-3-kvm-i-rs-232-modul\/","sku":"GPD-POCKET-3-EXPANSION-MODULE-KVM-RS","gtin":"5060763672192","image":{"@type":"ImageObject","url":"https:\/\/droix.eu\/wp-content\/uploads\/2022\/01\/GPD-POCKET-3-KVM-RS232-MODULE-LISTING-IMAGE-1.png","@id":"https:\/\/droix.eu\/hr\/product\/gpd-pocket-3-kvm-i-rs-232-modul\/#productImage","width":1000,"height":1000,"caption":"GPD Pocket 3 KVM i RS232 modul za pro\u0161irenje"},"offers":{"@type":"Offer","url":"https:\/\/droix.eu\/hr\/product\/gpd-pocket-3-kvm-i-rs-232-modul\/#wooCommerceOffer","price":114.33,"priceCurrency":"EUR","category":"Pribor","availability":"https:\/\/schema.org\/InStock","priceSpecification":{"@type":"PriceSpecification","price":114.33,"priceCurrency":"EUR","valueAddedTaxIncluded":"true"},"seller":{"@type":"Organization","@id":"https:\/\/droix.eu\/hr\/#organization"}}},{"@type":"WebPage","@id":"https:\/\/droix.eu\/hr\/product\/gpd-pocket-3-kvm-i-rs-232-modul\/#webpage","url":"https:\/\/droix.eu\/hr\/product\/gpd-pocket-3-kvm-i-rs-232-modul\/","name":"GPD d\u017eepni 3 KVM i RS-232 modul - DROIX EU","description":"Slu\u017ebeni GPD dodatak Kombinirani paket s dva modula za pro\u0161irenje Povezivanje i upravljanje poslu\u017eiteljima putem KVM modula Su\u010delje s industrijskim strojevima putem RS232","inLanguage":"hr","isPartOf":{"@id":"https:\/\/droix.eu\/hr\/#website"},"breadcrumb":{"@id":"https:\/\/droix.eu\/hr\/product\/gpd-pocket-3-kvm-i-rs-232-modul\/#breadcrumblist"},"image":{"@type":"ImageObject","url":"https:\/\/droix.eu\/wp-content\/uploads\/2022\/01\/GPD-POCKET-3-KVM-RS232-MODULE-LISTING-IMAGE-1.png","@id":"https:\/\/droix.eu\/hr\/product\/gpd-pocket-3-kvm-i-rs-232-modul\/#mainImage","width":1000,"height":1000,"caption":"GPD Pocket 3 KVM i RS232 modul za pro\u0161irenje"},"primaryImageOfPage":{"@id":"https:\/\/droix.eu\/hr\/product\/gpd-pocket-3-kvm-i-rs-232-modul\/#mainImage"},"datePublished":"2022-01-07T15:00:20+00:00","dateModified":"2025-12-15T00:02:43+00:00"},{"@type":"WebSite","@id":"https:\/\/droix.eu\/hr\/#website","url":"https:\/\/droix.eu\/hr\/","name":"DROIX EU","description":"Get the latest Mini PCs, Ultrabook, PC Gaming Handhelds and more!","inLanguage":"hr","publisher":{"@id":"https:\/\/droix.eu\/hr\/#organization"}}]},"og:locale":"hr_HR","og:site_name":"DROIX EU - Get the latest Mini PCs, Ultrabook, PC Gaming Handhelds and more!","og:type":"article","og:title":"GPD d\u017eepni 3 KVM i RS-232 modul - DROIX EU","og:description":"Slu\u017ebeni GPD dodatak Kombinirani paket s dva modula za pro\u0161irenje Povezivanje i upravljanje poslu\u017eiteljima putem KVM modula Su\u010delje s industrijskim strojevima putem RS232","og:url":"https:\/\/droix.eu\/hr\/product\/gpd-pocket-3-kvm-i-rs-232-modul\/","og:image":"https:\/\/droix.eu\/wp-content\/uploads\/2024\/06\/droix-v2-light-logo.png","og:image:secure_url":"https:\/\/droix.eu\/wp-content\/uploads\/2024\/06\/droix-v2-light-logo.png","og:image:width":380,"og:image:height":118,"article:published_time":"2022-01-07T15:00:20+00:00","article:modified_time":"2025-12-15T00:02:43+00:00","article:publisher":"https:\/\/www.facebook.com\/DroiX.Store","twitter:card":"summary_large_image","twitter:site":"@DroiX_Store","twitter:title":"GPD d\u017eepni 3 KVM i RS-232 modul - DROIX EU","twitter:description":"Slu\u017ebeni GPD dodatak Kombinirani paket s dva modula za pro\u0161irenje Povezivanje i upravljanje poslu\u017eiteljima putem KVM modula Su\u010delje s industrijskim strojevima putem RS232","twitter:image":"https:\/\/droix.eu\/wp-content\/uploads\/2024\/06\/droix-v2-light-logo.png"},"aioseo_meta_data":{"post_id":"634424","title":null,"description":null,"keywords":null,"keyphrases":{"focus":{"keyphrase":"","score":0,"analysis":{"keyphraseInTitle":{"score":0,"maxScore":9,"error":1}}},"additional":[]},"primary_term":null,"canonical_url":null,"og_title":null,"og_description":null,"og_object_type":"default","og_image_type":"default","og_image_url":null,"og_image_width":null,"og_image_height":null,"og_image_custom_url":null,"og_image_custom_fields":null,"og_video":"","og_custom_url":null,"og_article_section":null,"og_article_tags":null,"twitter_use_og":true,"twitter_card":"default","twitter_image_type":"default","twitter_image_url":null,"twitter_image_custom_url":null,"twitter_image_custom_fields":null,"twitter_title":null,"twitter_description":null,"schema":{"blockGraphs":[],"customGraphs":[],"default":{"data":{"Article":[],"Course":[],"Dataset":[],"FAQPage":[],"Movie":[],"Person":[],"Product":[],"ProductReview":[],"Car":[],"Recipe":[],"Service":[],"SoftwareApplication":[],"WebPage":[]},"graphName":"Product","isEnabled":true},"graphs":[]},"schema_type":"default","schema_type_options":null,"pillar_content":false,"robots_default":true,"robots_noindex":false,"robots_noarchive":false,"robots_nosnippet":false,"robots_nofollow":false,"robots_noimageindex":false,"robots_noodp":false,"robots_notranslate":false,"robots_max_snippet":"-1","robots_max_videopreview":"-1","robots_max_imagepreview":"large","priority":null,"frequency":"default","local_seo":null,"seo_analyzer_scan_date":"2025-10-24 08:36:44","breadcrumb_settings":null,"limit_modified_date":false,"reviewed_by":null,"open_ai":null,"ai":{"faqs":[],"keyPoints":[],"titles":[],"descriptions":[],"socialPosts":{"email":[],"linkedin":[],"twitter":[],"facebook":[],"instagram":[]}},"created":"2025-10-09 03:40:32","updated":"2026-01-24 15:17:02"},"aioseo_breadcrumb":"<div class=\"aioseo-breadcrumbs\"><span class=\"aioseo-breadcrumb\">\n\t<a href=\"https:\/\/droix.eu\/hr\/\" title=\"Home\">Home<\/a>\n<\/span><span class=\"aioseo-breadcrumb-separator\">&raquo;<\/span><span class=\"aioseo-breadcrumb\">\n\t<a href=\"https:\/\/droix.eu\/hr\/product-category\/pribor\/\" title=\"Pribor\">Pribor<\/a>\n<\/span><span class=\"aioseo-breadcrumb-separator\">&raquo;<\/span><span class=\"aioseo-breadcrumb\">\n\t<a href=\"https:\/\/droix.eu\/hr\/product-category\/pribor\/pribor-za-prijenosna-racunala\/\" title=\"Pribor za prijenosna ra\u010dunala\">Pribor za prijenosna ra\u010dunala<\/a>\n<\/span><span class=\"aioseo-breadcrumb-separator\">&raquo;<\/span><span class=\"aioseo-breadcrumb\">\n\tGPD d\u017eepni 3 KVM i RS-232 modul\n<\/span><\/div>","aioseo_breadcrumb_json":[{"label":"Home","link":"https:\/\/droix.eu\/hr\/"},{"label":"Pribor","link":"https:\/\/droix.eu\/hr\/product-category\/pribor\/"},{"label":"Pribor za prijenosna ra\u010dunala","link":"https:\/\/droix.eu\/hr\/product-category\/pribor\/pribor-za-prijenosna-racunala\/"},{"label":"GPD d\u017eepni 3 KVM i RS-232 modul","link":"https:\/\/droix.eu\/hr\/product\/gpd-pocket-3-kvm-i-rs-232-modul\/"}],"_links":{"self":[{"href":"https:\/\/droix.eu\/hr\/wp-json\/wp\/v2\/product\/634424","targetHints":{"allow":["GET"]}}],"collection":[{"href":"https:\/\/droix.eu\/hr\/wp-json\/wp\/v2\/product"}],"about":[{"href":"https:\/\/droix.eu\/hr\/wp-json\/wp\/v2\/types\/product"}],"version-history":[{"count":0,"href":"https:\/\/droix.eu\/hr\/wp-json\/wp\/v2\/product\/634424\/revisions"}],"wp:featuredmedia":[{"embeddable":true,"href":"https:\/\/droix.eu\/hr\/wp-json\/wp\/v2\/media\/293618"}],"wp:attachment":[{"href":"https:\/\/droix.eu\/hr\/wp-json\/wp\/v2\/media?parent=634424"}],"wp:term":[{"taxonomy":"product_brand","embeddable":true,"href":"https:\/\/droix.eu\/hr\/wp-json\/wp\/v2\/product_brand?post=634424"},{"taxonomy":"product_cat","embeddable":true,"href":"https:\/\/droix.eu\/hr\/wp-json\/wp\/v2\/product_cat?post=634424"},{"taxonomy":"product_tag","embeddable":true,"href":"https:\/\/droix.eu\/hr\/wp-json\/wp\/v2\/product_tag?post=634424"},{"taxonomy":"woo-feed-brand","embeddable":true,"href":"https:\/\/droix.eu\/hr\/wp-json\/wp\/v2\/woo-feed-brand?post=634424"},{"taxonomy":"key-features","embeddable":true,"href":"https:\/\/droix.eu\/hr\/wp-json\/wp\/v2\/key-features?post=634424"}],"curies":[{"name":"wp","href":"https:\/\/api.w.org\/{rel}","templated":true}]}}