{"id":634366,"date":"2020-11-27T15:34:12","date_gmt":"2020-11-27T15:34:12","guid":{"rendered":"https:\/\/droix.eu\/product\/sluzbena-gpd-micro-pc-torbica-za-nosenje\/"},"modified":"2025-08-18T13:47:14","modified_gmt":"2025-08-18T12:47:14","slug":"sluzbena-gpd-micro-pc-torbica-za-nosenje","status":"publish","type":"product","link":"https:\/\/droix.eu\/hr\/product\/sluzbena-gpd-micro-pc-torbica-za-nosenje\/","title":{"rendered":"Slu\u017ebena GPD Micro PC torbica za no\u0161enje"},"content":{"rendered":"<p>Objavljena je najnovija GPD torbica za no\u0161enje koja je prakti\u010dnija nego ikad! Odgovara <strong>GPD XD Plus<\/strong>, <strong>GPD WIN 2<\/strong> ili posebno <strong>GPD Micro PC<\/strong> s dovoljno prostora za svu dodatnu opremu! <\/p>\n<p>Dolazi s uklju\u010denim remenom i ima le\u017eeran stilski izgled za va\u0161u svakodnevnu upotrebu<\/p>\n","protected":false},"excerpt":{"rendered":"<ul>\n<li>Slu\u017ebeni GPD proizvod<\/li>\n<li>Savr\u0161eno za GPD XD Plus, GPD WIN 2 i GPD Micro PC<\/li>\n<li>Dizajniran s fokusom na prenosivost<\/li>\n<li>Moderan izgled<\/li>\n<\/ul>\n[cg_accordion title=\"2-godi\u0161nje jamstvo na sve GPD proizvode\"]<\/p>\n<p>Svi GPD proizvodi dolaze s 2-godi\u0161njim jamstvom i podr\u017eani su s vi\u0161e od 13 godina pouzdane usluge. Pridru\u017eite se na\u0161oj zajednici od preko 500.000 zadovoljnih kupaca i budite sigurni u svoju kupnju. [\/cg_accordion]\n[cg_accordion title=\"Fleksibilne i sigurne opcije pla\u0107anja\"]<\/p>\n<p>U\u017eivajte u bezbri\u017enosti uz na\u0161 siguran sustav naplate. Podr\u017eavamo sve glavne na\u010dine pla\u0107anja, uklju\u010duju\u0107i debitne\/kreditne kartice, PayPal, Apple Pay, Google Pay, Klarna, Afterpay i Affirm, daju\u0107i vam slobodu pla\u0107anja, bilo unaprijed ili u jednostavnim ratama. [\/cg_accordion]\n[cg_accordion title=\"Porezi\"]<\/p>\n<p>Cijene uklju\u010duju primjenjivi PDV, koji mo\u017ee iznositi do 25%, ovisno o va\u0161oj zemlji. To\u010dan iznos prikazan je tijekom naplate kako bi se osigurala potpuna transparentnost. [\/cg_accordion]\n[cg_accordion title=\"Dostava i povrat\"]<\/p>\n<p>Sura\u0111ujemo s vi\u0161e od 10 pouzdanih partnera za dostavu kako bismo osigurali da va\u0161a narud\u017eba stigne brzo, sigurno i pouzdano.<\/p>\n<p>Koristimo ekspresnu DDP (Delivered Duty Paid) dostavu. To zna\u010di: <\/p>\n<li>Sve carine i porezi ve\u0107 su uklju\u010deni u prikazanu cijenu proizvoda.<\/li>\n<li>Ne\u0107ete se suo\u010diti s nikakvim iznenadnim tro\u0161kovima po isporuci.<\/li>\n<li>U rijetkim slu\u010dajevima carinskih ka\u0161njenja, na\u0161 tim \u0107e upravljati postupkom carinjenja umjesto vas kako bi osigurao nesmetanu isporuku.<\/li>\n<p>Va\u017ene informacije o povratu:<\/p>\n<li>Ako vratite narud\u017ebu ili zatra\u017eite povrat novca, imajte na umu da se svi porezi i carine pla\u0107eni u va\u0161e ime prema DDP uvjetima ne vra\u0107aju.<\/li>\n<p>Za detaljne informacije pogledajte <a href=\"https:\/\/droix.eu\/hr\/uvjeti-i-odredbe\/\" target=\"_blank\" rel=\"nofollow noopener\">na\u0161e Uvjete i odredbe<\/a> .\n<\/ul>\n<p>[\/cg_accordion]\n[cg_accordion title=\"Korisni\u010dka podr\u0161ka\"]<\/p>\n<p>Imate pitanje? Kratak tekst dijeli nas od rje\u0161avanja va\u0161eg problema![\/cg_accordion]\n[cg_accordion title=\"Paket uklju\u010duje\"]<\/p>\n<ul>\n<li>1x slu\u017ebena GPD Micro PC torbica za no\u0161enje<\/li>\n<\/ul>\n<p>[\/cg_accordion]\n","protected":false},"featured_media":222719,"template":"","meta":{"_acf_changed":false},"product_brand":[],"product_cat":[45880,45888],"product_tag":[],"woo-feed-brand":[2198],"key-features":[],"class_list":{"0":"post-634366","1":"product","2":"type-product","3":"status-publish","4":"has-post-thumbnail","6":"product_cat-pribor","7":"product_cat-pribor-za-prijenosna-racunala","8":"product_shipping_class-low-end","9":"pa_accessory-type-protective-case","10":"pa_brands-gpd","11":"woo-feed-brand-gpd","13":"first","14":"outofstock","15":"sale","16":"taxable","17":"shipping-taxable","18":"purchasable","19":"product-type-simple"},"acf":[],"aioseo_notices":[],"aioseo_head":"\n\t\t<!-- All in One SEO Pro 4.9.6.2 - aioseo.com -->\n\t<meta name=\"description\" content=\"Slu\u017ebeni GPD proizvod Savr\u0161eno za GPD XD Plus, GPD WIN 2 i GPD Micro PC Dizajniran s fokusom na prenosivost Moderan izgled\" \/>\n\t<meta name=\"robots\" content=\"max-image-preview:large\" \/>\n\t<link rel=\"canonical\" href=\"https:\/\/droix.eu\/hr\/product\/sluzbena-gpd-micro-pc-torbica-za-nosenje\/\" \/>\n\t<meta name=\"generator\" content=\"All in One SEO Pro (AIOSEO) 4.9.6.2\" \/>\n\t\t<meta property=\"og:locale\" content=\"hr_HR\" \/>\n\t\t<meta property=\"og:site_name\" content=\"DROIX EU - Get the latest Mini PCs, Ultrabook, PC Gaming Handhelds and more!\" \/>\n\t\t<meta property=\"og:type\" content=\"article\" \/>\n\t\t<meta property=\"og:title\" content=\"Slu\u017ebena GPD Micro PC torbica za no\u0161enje - DROIX EU\" \/>\n\t\t<meta property=\"og:description\" content=\"Slu\u017ebeni GPD proizvod Savr\u0161eno za GPD XD Plus, GPD WIN 2 i GPD Micro PC Dizajniran s fokusom na prenosivost Moderan izgled\" \/>\n\t\t<meta property=\"og:url\" content=\"https:\/\/droix.eu\/hr\/product\/sluzbena-gpd-micro-pc-torbica-za-nosenje\/\" \/>\n\t\t<meta property=\"og:image\" content=\"https:\/\/droix.eu\/wp-content\/uploads\/2024\/06\/droix-v2-light-logo.png\" \/>\n\t\t<meta property=\"og:image:secure_url\" content=\"https:\/\/droix.eu\/wp-content\/uploads\/2024\/06\/droix-v2-light-logo.png\" \/>\n\t\t<meta property=\"og:image:width\" content=\"380\" \/>\n\t\t<meta property=\"og:image:height\" content=\"118\" \/>\n\t\t<meta property=\"article:published_time\" content=\"2020-11-27T15:34:12+00:00\" \/>\n\t\t<meta property=\"article:modified_time\" content=\"2025-08-18T12:47:14+00:00\" \/>\n\t\t<meta property=\"article:publisher\" content=\"https:\/\/www.facebook.com\/DroiX.Store\" \/>\n\t\t<meta name=\"twitter:card\" content=\"summary_large_image\" \/>\n\t\t<meta name=\"twitter:site\" content=\"@DroiX_Store\" \/>\n\t\t<meta name=\"twitter:title\" content=\"Slu\u017ebena GPD Micro PC torbica za no\u0161enje - DROIX EU\" \/>\n\t\t<meta name=\"twitter:description\" content=\"Slu\u017ebeni GPD proizvod Savr\u0161eno za GPD XD Plus, GPD WIN 2 i GPD Micro PC Dizajniran s fokusom na prenosivost Moderan izgled\" \/>\n\t\t<meta name=\"twitter:image\" content=\"https:\/\/droix.eu\/wp-content\/uploads\/2024\/06\/droix-v2-light-logo.png\" \/>\n\t\t<script type=\"application\/ld+json\" class=\"aioseo-schema\">\n\t\t\t{\"@context\":\"https:\\\/\\\/schema.org\",\"@graph\":[{\"@type\":\"BreadcrumbList\",\"@id\":\"https:\\\/\\\/droix.eu\\\/hr\\\/product\\\/sluzbena-gpd-micro-pc-torbica-za-nosenje\\\/#breadcrumblist\",\"itemListElement\":[{\"@type\":\"ListItem\",\"@id\":\"https:\\\/\\\/droix.eu\\\/hr\\\/#listItem\",\"position\":1,\"name\":\"Home\",\"item\":\"https:\\\/\\\/droix.eu\\\/hr\\\/\",\"nextItem\":{\"@type\":\"ListItem\",\"@id\":\"https:\\\/\\\/droix.eu\\\/hr\\\/product-category\\\/pribor\\\/#listItem\",\"name\":\"Pribor\"}},{\"@type\":\"ListItem\",\"@id\":\"https:\\\/\\\/droix.eu\\\/hr\\\/product-category\\\/pribor\\\/#listItem\",\"position\":2,\"name\":\"Pribor\",\"item\":\"https:\\\/\\\/droix.eu\\\/hr\\\/product-category\\\/pribor\\\/\",\"nextItem\":{\"@type\":\"ListItem\",\"@id\":\"https:\\\/\\\/droix.eu\\\/hr\\\/product-category\\\/pribor\\\/pribor-za-prijenosna-racunala\\\/#listItem\",\"name\":\"Pribor za prijenosna ra\\u010dunala\"},\"previousItem\":{\"@type\":\"ListItem\",\"@id\":\"https:\\\/\\\/droix.eu\\\/hr\\\/#listItem\",\"name\":\"Home\"}},{\"@type\":\"ListItem\",\"@id\":\"https:\\\/\\\/droix.eu\\\/hr\\\/product-category\\\/pribor\\\/pribor-za-prijenosna-racunala\\\/#listItem\",\"position\":3,\"name\":\"Pribor za prijenosna ra\\u010dunala\",\"item\":\"https:\\\/\\\/droix.eu\\\/hr\\\/product-category\\\/pribor\\\/pribor-za-prijenosna-racunala\\\/\",\"nextItem\":{\"@type\":\"ListItem\",\"@id\":\"https:\\\/\\\/droix.eu\\\/hr\\\/product\\\/sluzbena-gpd-micro-pc-torbica-za-nosenje\\\/#listItem\",\"name\":\"Slu\\u017ebena GPD Micro PC torbica za no\\u0161enje\"},\"previousItem\":{\"@type\":\"ListItem\",\"@id\":\"https:\\\/\\\/droix.eu\\\/hr\\\/product-category\\\/pribor\\\/#listItem\",\"name\":\"Pribor\"}},{\"@type\":\"ListItem\",\"@id\":\"https:\\\/\\\/droix.eu\\\/hr\\\/product\\\/sluzbena-gpd-micro-pc-torbica-za-nosenje\\\/#listItem\",\"position\":4,\"name\":\"Slu\\u017ebena GPD Micro PC torbica za no\\u0161enje\",\"previousItem\":{\"@type\":\"ListItem\",\"@id\":\"https:\\\/\\\/droix.eu\\\/hr\\\/product-category\\\/pribor\\\/pribor-za-prijenosna-racunala\\\/#listItem\",\"name\":\"Pribor za prijenosna ra\\u010dunala\"}}]},{\"@type\":\"Organization\",\"@id\":\"https:\\\/\\\/droix.eu\\\/hr\\\/#organization\",\"name\":\"DroiX \\u2013 Trusted EU Tech Retailer with 12+ Years Experience\",\"description\":\"DroiX is a leading European technology retailer with over 12 years of experience, offering quality mini PCs, handheld gaming consoles, and tech accessories. We provide hassle-free EU delivery with all taxes included, ensuring a smooth and reliable shopping experience for our customers across Europe.\",\"url\":\"https:\\\/\\\/droix.eu\\\/hr\\\/\",\"logo\":{\"@type\":\"ImageObject\",\"url\":\"https:\\\/\\\/droix.eu\\\/wp-content\\\/uploads\\\/2024\\\/06\\\/droix-v2-light-logo.png\",\"@id\":\"https:\\\/\\\/droix.eu\\\/hr\\\/product\\\/sluzbena-gpd-micro-pc-torbica-za-nosenje\\\/#organizationLogo\",\"width\":380,\"height\":118},\"image\":{\"@id\":\"https:\\\/\\\/droix.eu\\\/hr\\\/product\\\/sluzbena-gpd-micro-pc-torbica-za-nosenje\\\/#organizationLogo\"},\"sameAs\":[\"https:\\\/\\\/www.facebook.com\\\/DroiX.Store\",\"https:\\\/\\\/twitter.com\\\/DroiX_Store\",\"https:\\\/\\\/www.instagram.com\\\/droix.store\\\/\",\"https:\\\/\\\/www.tiktok.com\\\/@droix.store\",\"https:\\\/\\\/www.youtube.com\\\/c\\\/DroiX_Store\",\"https:\\\/\\\/uk.linkedin.com\\\/company\\\/droix\"]},{\"@type\":\"Product\",\"@id\":\"https:\\\/\\\/droix.eu\\\/hr\\\/product\\\/sluzbena-gpd-micro-pc-torbica-za-nosenje\\\/#wooCommerceProduct\",\"name\":\"Slu\\u017ebena GPD Micro PC torbica za no\\u0161enje\",\"description\":\"Slu\\u017ebeni GPD proizvod\\n \\tSavr\\u0161eno za GPD XD Plus, GPD WIN 2 i GPD Micro PC\\n \\tDizajniran s fokusom na prenosivost\\n \\tModeran izgled\",\"url\":\"https:\\\/\\\/droix.eu\\\/hr\\\/product\\\/sluzbena-gpd-micro-pc-torbica-za-nosenje\\\/\",\"sku\":\"GPD-TRAVEL-CASE\",\"image\":{\"@type\":\"ImageObject\",\"url\":\"https:\\\/\\\/droix.eu\\\/wp-content\\\/uploads\\\/2021\\\/12\\\/GPD-MICRO-PC-TRAVEL-CASE-LISTING-PICTURE-1.png\",\"@id\":\"https:\\\/\\\/droix.eu\\\/hr\\\/product\\\/sluzbena-gpd-micro-pc-torbica-za-nosenje\\\/#productImage\",\"width\":700,\"height\":700},\"offers\":{\"@type\":\"Offer\",\"url\":\"https:\\\/\\\/droix.eu\\\/hr\\\/product\\\/sluzbena-gpd-micro-pc-torbica-za-nosenje\\\/#wooCommerceOffer\",\"price\":258.72,\"priceCurrency\":\"SEK\",\"category\":\"Pribor\",\"availability\":\"https:\\\/\\\/schema.org\\\/OutOfStock\",\"priceSpecification\":{\"@type\":\"PriceSpecification\",\"price\":258.72,\"priceCurrency\":\"SEK\",\"valueAddedTaxIncluded\":\"true\"},\"seller\":{\"@type\":\"Organization\",\"@id\":\"https:\\\/\\\/droix.eu\\\/hr\\\/#organization\"}}},{\"@type\":\"WebPage\",\"@id\":\"https:\\\/\\\/droix.eu\\\/hr\\\/product\\\/sluzbena-gpd-micro-pc-torbica-za-nosenje\\\/#webpage\",\"url\":\"https:\\\/\\\/droix.eu\\\/hr\\\/product\\\/sluzbena-gpd-micro-pc-torbica-za-nosenje\\\/\",\"name\":\"Slu\\u017ebena GPD Micro PC torbica za no\\u0161enje - DROIX EU\",\"description\":\"Slu\\u017ebeni GPD proizvod Savr\\u0161eno za GPD XD Plus, GPD WIN 2 i GPD Micro PC Dizajniran s fokusom na prenosivost Moderan izgled\",\"inLanguage\":\"hr\",\"isPartOf\":{\"@id\":\"https:\\\/\\\/droix.eu\\\/hr\\\/#website\"},\"breadcrumb\":{\"@id\":\"https:\\\/\\\/droix.eu\\\/hr\\\/product\\\/sluzbena-gpd-micro-pc-torbica-za-nosenje\\\/#breadcrumblist\"},\"image\":{\"@type\":\"ImageObject\",\"url\":\"https:\\\/\\\/droix.eu\\\/wp-content\\\/uploads\\\/2021\\\/12\\\/GPD-MICRO-PC-TRAVEL-CASE-LISTING-PICTURE-1.png\",\"@id\":\"https:\\\/\\\/droix.eu\\\/hr\\\/product\\\/sluzbena-gpd-micro-pc-torbica-za-nosenje\\\/#mainImage\",\"width\":700,\"height\":700},\"primaryImageOfPage\":{\"@id\":\"https:\\\/\\\/droix.eu\\\/hr\\\/product\\\/sluzbena-gpd-micro-pc-torbica-za-nosenje\\\/#mainImage\"},\"datePublished\":\"2020-11-27T15:34:12+00:00\",\"dateModified\":\"2025-08-18T13:47:14+01:00\"},{\"@type\":\"WebSite\",\"@id\":\"https:\\\/\\\/droix.eu\\\/hr\\\/#website\",\"url\":\"https:\\\/\\\/droix.eu\\\/hr\\\/\",\"name\":\"DROIX EU\",\"description\":\"Get the latest Mini PCs, Ultrabook, PC Gaming Handhelds and more!\",\"inLanguage\":\"hr\",\"publisher\":{\"@id\":\"https:\\\/\\\/droix.eu\\\/hr\\\/#organization\"}}]}\n\t\t<\/script>\n\t\t<!-- All in One SEO Pro -->\r\n\t\t<title>Slu\u017ebena GPD Micro PC torbica za no\u0161enje - DROIX EU<\/title>\n\n","aioseo_head_json":{"title":"Slu\u017ebena GPD Micro PC torbica za no\u0161enje - DROIX EU","description":"Slu\u017ebeni GPD proizvod Savr\u0161eno za GPD XD Plus, GPD WIN 2 i GPD Micro PC Dizajniran s fokusom na prenosivost Moderan izgled","canonical_url":"https:\/\/droix.eu\/hr\/product\/sluzbena-gpd-micro-pc-torbica-za-nosenje\/","robots":"max-image-preview:large","keywords":"","webmasterTools":{"miscellaneous":""},"schema":{"@context":"https:\/\/schema.org","@graph":[{"@type":"BreadcrumbList","@id":"https:\/\/droix.eu\/hr\/product\/sluzbena-gpd-micro-pc-torbica-za-nosenje\/#breadcrumblist","itemListElement":[{"@type":"ListItem","@id":"https:\/\/droix.eu\/hr\/#listItem","position":1,"name":"Home","item":"https:\/\/droix.eu\/hr\/","nextItem":{"@type":"ListItem","@id":"https:\/\/droix.eu\/hr\/product-category\/pribor\/#listItem","name":"Pribor"}},{"@type":"ListItem","@id":"https:\/\/droix.eu\/hr\/product-category\/pribor\/#listItem","position":2,"name":"Pribor","item":"https:\/\/droix.eu\/hr\/product-category\/pribor\/","nextItem":{"@type":"ListItem","@id":"https:\/\/droix.eu\/hr\/product-category\/pribor\/pribor-za-prijenosna-racunala\/#listItem","name":"Pribor za prijenosna ra\u010dunala"},"previousItem":{"@type":"ListItem","@id":"https:\/\/droix.eu\/hr\/#listItem","name":"Home"}},{"@type":"ListItem","@id":"https:\/\/droix.eu\/hr\/product-category\/pribor\/pribor-za-prijenosna-racunala\/#listItem","position":3,"name":"Pribor za prijenosna ra\u010dunala","item":"https:\/\/droix.eu\/hr\/product-category\/pribor\/pribor-za-prijenosna-racunala\/","nextItem":{"@type":"ListItem","@id":"https:\/\/droix.eu\/hr\/product\/sluzbena-gpd-micro-pc-torbica-za-nosenje\/#listItem","name":"Slu\u017ebena GPD Micro PC torbica za no\u0161enje"},"previousItem":{"@type":"ListItem","@id":"https:\/\/droix.eu\/hr\/product-category\/pribor\/#listItem","name":"Pribor"}},{"@type":"ListItem","@id":"https:\/\/droix.eu\/hr\/product\/sluzbena-gpd-micro-pc-torbica-za-nosenje\/#listItem","position":4,"name":"Slu\u017ebena GPD Micro PC torbica za no\u0161enje","previousItem":{"@type":"ListItem","@id":"https:\/\/droix.eu\/hr\/product-category\/pribor\/pribor-za-prijenosna-racunala\/#listItem","name":"Pribor za prijenosna ra\u010dunala"}}]},{"@type":"Organization","@id":"https:\/\/droix.eu\/hr\/#organization","name":"DroiX \u2013 Trusted EU Tech Retailer with 12+ Years Experience","description":"DroiX is a leading European technology retailer with over 12 years of experience, offering quality mini PCs, handheld gaming consoles, and tech accessories. We provide hassle-free EU delivery with all taxes included, ensuring a smooth and reliable shopping experience for our customers across Europe.","url":"https:\/\/droix.eu\/hr\/","logo":{"@type":"ImageObject","url":"https:\/\/droix.eu\/wp-content\/uploads\/2024\/06\/droix-v2-light-logo.png","@id":"https:\/\/droix.eu\/hr\/product\/sluzbena-gpd-micro-pc-torbica-za-nosenje\/#organizationLogo","width":380,"height":118},"image":{"@id":"https:\/\/droix.eu\/hr\/product\/sluzbena-gpd-micro-pc-torbica-za-nosenje\/#organizationLogo"},"sameAs":["https:\/\/www.facebook.com\/DroiX.Store","https:\/\/twitter.com\/DroiX_Store","https:\/\/www.instagram.com\/droix.store\/","https:\/\/www.tiktok.com\/@droix.store","https:\/\/www.youtube.com\/c\/DroiX_Store","https:\/\/uk.linkedin.com\/company\/droix"]},{"@type":"Product","@id":"https:\/\/droix.eu\/hr\/product\/sluzbena-gpd-micro-pc-torbica-za-nosenje\/#wooCommerceProduct","name":"Slu\u017ebena GPD Micro PC torbica za no\u0161enje","description":"Slu\u017ebeni GPD proizvod\n \tSavr\u0161eno za GPD XD Plus, GPD WIN 2 i GPD Micro PC\n \tDizajniran s fokusom na prenosivost\n \tModeran izgled","url":"https:\/\/droix.eu\/hr\/product\/sluzbena-gpd-micro-pc-torbica-za-nosenje\/","sku":"GPD-TRAVEL-CASE","image":{"@type":"ImageObject","url":"https:\/\/droix.eu\/wp-content\/uploads\/2021\/12\/GPD-MICRO-PC-TRAVEL-CASE-LISTING-PICTURE-1.png","@id":"https:\/\/droix.eu\/hr\/product\/sluzbena-gpd-micro-pc-torbica-za-nosenje\/#productImage","width":700,"height":700},"offers":{"@type":"Offer","url":"https:\/\/droix.eu\/hr\/product\/sluzbena-gpd-micro-pc-torbica-za-nosenje\/#wooCommerceOffer","price":258.72,"priceCurrency":"SEK","category":"Pribor","availability":"https:\/\/schema.org\/OutOfStock","priceSpecification":{"@type":"PriceSpecification","price":258.72,"priceCurrency":"SEK","valueAddedTaxIncluded":"true"},"seller":{"@type":"Organization","@id":"https:\/\/droix.eu\/hr\/#organization"}}},{"@type":"WebPage","@id":"https:\/\/droix.eu\/hr\/product\/sluzbena-gpd-micro-pc-torbica-za-nosenje\/#webpage","url":"https:\/\/droix.eu\/hr\/product\/sluzbena-gpd-micro-pc-torbica-za-nosenje\/","name":"Slu\u017ebena GPD Micro PC torbica za no\u0161enje - DROIX EU","description":"Slu\u017ebeni GPD proizvod Savr\u0161eno za GPD XD Plus, GPD WIN 2 i GPD Micro PC Dizajniran s fokusom na prenosivost Moderan izgled","inLanguage":"hr","isPartOf":{"@id":"https:\/\/droix.eu\/hr\/#website"},"breadcrumb":{"@id":"https:\/\/droix.eu\/hr\/product\/sluzbena-gpd-micro-pc-torbica-za-nosenje\/#breadcrumblist"},"image":{"@type":"ImageObject","url":"https:\/\/droix.eu\/wp-content\/uploads\/2021\/12\/GPD-MICRO-PC-TRAVEL-CASE-LISTING-PICTURE-1.png","@id":"https:\/\/droix.eu\/hr\/product\/sluzbena-gpd-micro-pc-torbica-za-nosenje\/#mainImage","width":700,"height":700},"primaryImageOfPage":{"@id":"https:\/\/droix.eu\/hr\/product\/sluzbena-gpd-micro-pc-torbica-za-nosenje\/#mainImage"},"datePublished":"2020-11-27T15:34:12+00:00","dateModified":"2025-08-18T13:47:14+01:00"},{"@type":"WebSite","@id":"https:\/\/droix.eu\/hr\/#website","url":"https:\/\/droix.eu\/hr\/","name":"DROIX EU","description":"Get the latest Mini PCs, Ultrabook, PC Gaming Handhelds and more!","inLanguage":"hr","publisher":{"@id":"https:\/\/droix.eu\/hr\/#organization"}}]},"og:locale":"hr_HR","og:site_name":"DROIX EU - Get the latest Mini PCs, Ultrabook, PC Gaming Handhelds and more!","og:type":"article","og:title":"Slu\u017ebena GPD Micro PC torbica za no\u0161enje - DROIX EU","og:description":"Slu\u017ebeni GPD proizvod Savr\u0161eno za GPD XD Plus, GPD WIN 2 i GPD Micro PC Dizajniran s fokusom na prenosivost Moderan izgled","og:url":"https:\/\/droix.eu\/hr\/product\/sluzbena-gpd-micro-pc-torbica-za-nosenje\/","og:image":"https:\/\/droix.eu\/wp-content\/uploads\/2024\/06\/droix-v2-light-logo.png","og:image:secure_url":"https:\/\/droix.eu\/wp-content\/uploads\/2024\/06\/droix-v2-light-logo.png","og:image:width":380,"og:image:height":118,"article:published_time":"2020-11-27T15:34:12+00:00","article:modified_time":"2025-08-18T12:47:14+00:00","article:publisher":"https:\/\/www.facebook.com\/DroiX.Store","twitter:card":"summary_large_image","twitter:site":"@DroiX_Store","twitter:title":"Slu\u017ebena GPD Micro PC torbica za no\u0161enje - DROIX EU","twitter:description":"Slu\u017ebeni GPD proizvod Savr\u0161eno za GPD XD Plus, GPD WIN 2 i GPD Micro PC Dizajniran s fokusom na prenosivost Moderan izgled","twitter:image":"https:\/\/droix.eu\/wp-content\/uploads\/2024\/06\/droix-v2-light-logo.png"},"aioseo_meta_data":{"post_id":"634366","title":null,"description":null,"keywords":null,"keyphrases":null,"primary_term":null,"canonical_url":null,"og_title":null,"og_description":null,"og_object_type":"default","og_image_type":"default","og_image_url":null,"og_image_width":null,"og_image_height":null,"og_image_custom_url":null,"og_image_custom_fields":null,"og_video":null,"og_custom_url":null,"og_article_section":null,"og_article_tags":null,"twitter_use_og":true,"twitter_card":"default","twitter_image_type":"default","twitter_image_url":null,"twitter_image_custom_url":null,"twitter_image_custom_fields":null,"twitter_title":null,"twitter_description":null,"schema":{"blockGraphs":[],"customGraphs":[],"default":{"data":{"Article":[],"Course":[],"Dataset":[],"FAQPage":[],"Movie":[],"Person":[],"Product":[],"ProductReview":[],"Car":[],"Recipe":[],"Service":[],"SoftwareApplication":[],"WebPage":[]},"graphName":"","isEnabled":true},"graphs":[]},"schema_type":"default","schema_type_options":null,"pillar_content":false,"robots_default":true,"robots_noindex":false,"robots_noarchive":false,"robots_nosnippet":false,"robots_nofollow":false,"robots_noimageindex":false,"robots_noodp":false,"robots_notranslate":false,"robots_max_snippet":null,"robots_max_videopreview":null,"robots_max_imagepreview":"large","priority":null,"frequency":null,"local_seo":null,"seo_analyzer_scan_date":"2025-10-24 08:17:18","breadcrumb_settings":null,"limit_modified_date":false,"reviewed_by":null,"open_ai":null,"ai":null,"created":"2025-10-09 03:34:07","updated":"2025-11-27 01:44:01"},"aioseo_breadcrumb":"<div class=\"aioseo-breadcrumbs\"><span class=\"aioseo-breadcrumb\">\n\t<a href=\"https:\/\/droix.eu\/hr\/\" title=\"Home\">Home<\/a>\n<\/span><span class=\"aioseo-breadcrumb-separator\">&raquo;<\/span><span class=\"aioseo-breadcrumb\">\n\t<a href=\"https:\/\/droix.eu\/hr\/product-category\/pribor\/\" title=\"Pribor\">Pribor<\/a>\n<\/span><span class=\"aioseo-breadcrumb-separator\">&raquo;<\/span><span class=\"aioseo-breadcrumb\">\n\t<a href=\"https:\/\/droix.eu\/hr\/product-category\/pribor\/pribor-za-prijenosna-racunala\/\" title=\"Pribor za prijenosna ra\u010dunala\">Pribor za prijenosna ra\u010dunala<\/a>\n<\/span><span class=\"aioseo-breadcrumb-separator\">&raquo;<\/span><span class=\"aioseo-breadcrumb\">\n\tSlu\u017ebena GPD Micro PC torbica za no\u0161enje\n<\/span><\/div>","aioseo_breadcrumb_json":[{"label":"Home","link":"https:\/\/droix.eu\/hr\/"},{"label":"Pribor","link":"https:\/\/droix.eu\/hr\/product-category\/pribor\/"},{"label":"Pribor za prijenosna ra\u010dunala","link":"https:\/\/droix.eu\/hr\/product-category\/pribor\/pribor-za-prijenosna-racunala\/"},{"label":"Slu\u017ebena GPD Micro PC torbica za no\u0161enje","link":"https:\/\/droix.eu\/hr\/product\/sluzbena-gpd-micro-pc-torbica-za-nosenje\/"}],"_links":{"self":[{"href":"https:\/\/droix.eu\/hr\/wp-json\/wp\/v2\/product\/634366","targetHints":{"allow":["GET"]}}],"collection":[{"href":"https:\/\/droix.eu\/hr\/wp-json\/wp\/v2\/product"}],"about":[{"href":"https:\/\/droix.eu\/hr\/wp-json\/wp\/v2\/types\/product"}],"version-history":[{"count":0,"href":"https:\/\/droix.eu\/hr\/wp-json\/wp\/v2\/product\/634366\/revisions"}],"wp:featuredmedia":[{"embeddable":true,"href":"https:\/\/droix.eu\/hr\/wp-json\/wp\/v2\/media\/222719"}],"wp:attachment":[{"href":"https:\/\/droix.eu\/hr\/wp-json\/wp\/v2\/media?parent=634366"}],"wp:term":[{"taxonomy":"product_brand","embeddable":true,"href":"https:\/\/droix.eu\/hr\/wp-json\/wp\/v2\/product_brand?post=634366"},{"taxonomy":"product_cat","embeddable":true,"href":"https:\/\/droix.eu\/hr\/wp-json\/wp\/v2\/product_cat?post=634366"},{"taxonomy":"product_tag","embeddable":true,"href":"https:\/\/droix.eu\/hr\/wp-json\/wp\/v2\/product_tag?post=634366"},{"taxonomy":"woo-feed-brand","embeddable":true,"href":"https:\/\/droix.eu\/hr\/wp-json\/wp\/v2\/woo-feed-brand?post=634366"},{"taxonomy":"key-features","embeddable":true,"href":"https:\/\/droix.eu\/hr\/wp-json\/wp\/v2\/key-features?post=634366"}],"curies":[{"name":"wp","href":"https:\/\/api.w.org\/{rel}","templated":true}]}}