{"id":634358,"date":"2020-11-20T10:02:39","date_gmt":"2020-11-20T10:02:39","guid":{"rendered":"https:\/\/droix.eu\/product\/fx8s-usb-type-c-cvoriste\/"},"modified":"2025-08-01T15:45:14","modified_gmt":"2025-08-01T14:45:14","slug":"fx8s-usb-type-c-cvoriste","status":"publish","type":"product","link":"https:\/\/droix.eu\/hr\/product\/fx8s-usb-type-c-cvoriste\/","title":{"rendered":"FX8S USB Type-C \u010dvori\u0161te"},"content":{"rendered":"<p>FX8s <strong>USB-C Hub 8-u-1 adapter<\/strong> objedinjuje uobi\u010dajeno potrebne priklju\u010dke u jednom <strong>kompaktnom USB-C \u010dvori\u0161tu<\/strong> visokih performansi.<\/p>\n<p>FX8s <strong>USB-C \u010dvori\u0161te<\/strong> povezuje se s USB Type-C priklju\u010dkom i tako\u0111er je kompatibilan s <a href=\"https:\/\/www.pocket-lint.com\/laptops\/news\/139323-thunderbolt-3-explained-the-one-port-to-rule-them-all\">Thunderbolt 3<\/a> . Omogu\u0107uje brzi prolaz od va\u0161eg ure\u0111aja kao \u0161to je ra\u010dunalo ili prijenosno ra\u010dunalo do \u010dvori\u0161ta, a tako\u0111er omogu\u0107uje punjenje tijekom upotrebe. <\/p>\n<p>HDMI priklju\u010dak <strong>USB-C \u010dvori\u0161ta<\/strong> podr\u017eava do <strong>4K*2K UHD<\/strong> (3840&#215;2160) pri 60Hz za povezivanje s ure\u0111ajima za prikaz kao \u0161to su televizori, monitori ili projektori. Jednostavno spojite HDMI kabel na \u010dvori\u0161te i zaslon i spremni ste za rad. <\/p>\n<p>Dva super brza <strong>USB 3.0 priklju\u010dka<\/strong> nalaze se sa strane i omogu\u0107uju povezivanje ure\u0111aja kao \u0161to su mi\u0161 ili tipkovnica ili brzih perifernih ure\u0111aja kao \u0161to su USB memorijski stickovi i vanjski tvrdi diskovi. Isporu\u010duju maksimalnu snagu do 4,5 W. <\/p>\n<p>\u017denski <strong>USB Type-C priklju\u010dak<\/strong> podr\u017eava adaptere za napajanje do 87 W, a tako\u0111er mo\u017ee izlaziti 20 V na 3 A. Dvostruka funkcionalnost omogu\u0107uje vam punjenje ure\u0111aja putem \u010dvori\u0161ta dok ga koristite, ovo je savr\u0161eno rje\u0161enje ako va\u0161 ure\u0111aj ima samo jedan Type-C priklju\u010dak. Tako\u0111er mo\u017eete spojiti <a href=\"https:\/\/www.computerworld.com\/article\/2488194\/usb-c-explained-how-to-get-the-most-from-it-and-why-its-great.html\">kompatibilne Type-C periferne ure\u0111aje<\/a> na \u010dvori\u0161te putem ovog priklju\u010dka.  <\/p>\n<p>Mnogi prijenosni ure\u0111aji sada imaju samo be\u017ei\u010dnu vezu i \u010desto to mo\u017eda nije dovoljno brzo ili pouzdano. <strong>USB-C hub ethernet<\/strong> RJ45 priklju\u010dak podr\u017eava do 100 Mbps za brz i stabilan \u017ei\u010dani prijenos podataka. <\/p>\n<p>FX8s \u010dvori\u0161te tako\u0111er ima SD i Micro SD <strong>USB-C \u010dita\u010d kartica<\/strong> koji omogu\u0107uje pouzdano brzo pisanje i \u010ditanje na kartice i s njih na va\u0161 ure\u0111aj.<\/p>\n","protected":false},"excerpt":{"rendered":"<ul>\n<li><strong>High-speed<\/strong> USB Type-C Adapter<\/li>\n<li><strong>4K<\/strong> HDMI izlaz<\/li>\n<li>RJ45 <strong>100M\/s<\/strong> Ethernet priklju\u010dak<\/li>\n<li>Utor za SD\/MicroSD karticu<\/li>\n<li>Kompatibilan sa <strong>sustavima Windows<\/strong>, <strong>Mac<\/strong> i <strong>Android<\/strong><\/li>\n<\/ul>\n[droix_global_accordions]\n[cg_accordion title=\"Package Includes\"]<\/p>\n<ul>\n<li>1x FX8S USB Type-C \u010dvori\u0161te<\/li>\n<\/ul>\n<p>[\/cg_accordion]\n","protected":false},"featured_media":221121,"template":"","meta":{"_acf_changed":false},"product_brand":[],"product_cat":[45890,45880,45888,45889],"product_tag":[],"woo-feed-brand":[],"key-features":[],"class_list":{"0":"post-634358","1":"product","2":"type-product","3":"status-publish","4":"has-post-thumbnail","6":"product_cat-dodaci-za-igre","7":"product_cat-pribor","8":"product_cat-pribor-za-prijenosna-racunala","9":"product_cat-racunalni-pribor","10":"product_shipping_class-low-end","11":"pa_accessory-type-docking-station","12":"pa_brands-droix","14":"first","15":"outofstock","16":"taxable","17":"shipping-taxable","18":"purchasable","19":"product-type-simple"},"acf":[],"aioseo_notices":[],"aioseo_head":"\n\t\t<!-- All in One SEO Pro 4.9.5.2 - aioseo.com -->\n\t<meta name=\"description\" content=\"High-speed USB Type-C Adapter 4K HDMI izlaz RJ45 100M\/s Ethernet priklju\u010dak Utor za SD\/MicroSD karticu Kompatibilan sa sustavima Windows, Mac i Android Package Includes 1x FX8S USB Type-C \u010dvori\u0161te\" \/>\n\t<meta name=\"robots\" content=\"max-image-preview:large\" \/>\n\t<link rel=\"canonical\" href=\"https:\/\/droix.eu\/hr\/product\/fx8s-usb-type-c-cvoriste\/\" \/>\n\t<meta name=\"generator\" content=\"All in One SEO Pro (AIOSEO) 4.9.5.2\" \/>\n\t\t<meta property=\"og:locale\" content=\"hr_HR\" \/>\n\t\t<meta property=\"og:site_name\" content=\"DROIX EU - Get the latest Mini PCs, Ultrabook, PC Gaming Handhelds and more!\" \/>\n\t\t<meta property=\"og:type\" content=\"article\" \/>\n\t\t<meta property=\"og:title\" content=\"FX8S USB Type-C \u010dvori\u0161te - DROIX EU\" \/>\n\t\t<meta property=\"og:description\" content=\"High-speed USB Type-C Adapter 4K HDMI izlaz RJ45 100M\/s Ethernet priklju\u010dak Utor za SD\/MicroSD karticu Kompatibilan sa sustavima Windows, Mac i Android Package Includes 1x FX8S USB Type-C \u010dvori\u0161te\" \/>\n\t\t<meta property=\"og:url\" content=\"https:\/\/droix.eu\/hr\/product\/fx8s-usb-type-c-cvoriste\/\" \/>\n\t\t<meta property=\"og:image\" content=\"https:\/\/droix.eu\/wp-content\/uploads\/2024\/06\/droix-v2-light-logo.png\" \/>\n\t\t<meta property=\"og:image:secure_url\" content=\"https:\/\/droix.eu\/wp-content\/uploads\/2024\/06\/droix-v2-light-logo.png\" \/>\n\t\t<meta property=\"og:image:width\" content=\"380\" \/>\n\t\t<meta property=\"og:image:height\" content=\"118\" \/>\n\t\t<meta property=\"article:published_time\" content=\"2020-11-20T10:02:39+00:00\" \/>\n\t\t<meta property=\"article:modified_time\" content=\"2025-08-01T14:45:14+00:00\" \/>\n\t\t<meta property=\"article:publisher\" content=\"https:\/\/www.facebook.com\/DroiX.Store\" \/>\n\t\t<meta name=\"twitter:card\" content=\"summary_large_image\" \/>\n\t\t<meta name=\"twitter:site\" content=\"@DroiX_Store\" \/>\n\t\t<meta name=\"twitter:title\" content=\"FX8S USB Type-C \u010dvori\u0161te - DROIX EU\" \/>\n\t\t<meta name=\"twitter:description\" content=\"High-speed USB Type-C Adapter 4K HDMI izlaz RJ45 100M\/s Ethernet priklju\u010dak Utor za SD\/MicroSD karticu Kompatibilan sa sustavima Windows, Mac i Android Package Includes 1x FX8S USB Type-C \u010dvori\u0161te\" \/>\n\t\t<meta name=\"twitter:image\" content=\"https:\/\/droix.eu\/wp-content\/uploads\/2024\/06\/droix-v2-light-logo.png\" \/>\n\t\t<script type=\"application\/ld+json\" class=\"aioseo-schema\">\n\t\t\t{\"@context\":\"https:\\\/\\\/schema.org\",\"@graph\":[{\"@type\":\"BreadcrumbList\",\"@id\":\"https:\\\/\\\/droix.eu\\\/hr\\\/product\\\/fx8s-usb-type-c-cvoriste\\\/#breadcrumblist\",\"itemListElement\":[{\"@type\":\"ListItem\",\"@id\":\"https:\\\/\\\/droix.eu\\\/hr\\\/#listItem\",\"position\":1,\"name\":\"Home\",\"item\":\"https:\\\/\\\/droix.eu\\\/hr\\\/\",\"nextItem\":{\"@type\":\"ListItem\",\"@id\":\"https:\\\/\\\/droix.eu\\\/hr\\\/product-category\\\/pribor\\\/#listItem\",\"name\":\"Pribor\"}},{\"@type\":\"ListItem\",\"@id\":\"https:\\\/\\\/droix.eu\\\/hr\\\/product-category\\\/pribor\\\/#listItem\",\"position\":2,\"name\":\"Pribor\",\"item\":\"https:\\\/\\\/droix.eu\\\/hr\\\/product-category\\\/pribor\\\/\",\"nextItem\":{\"@type\":\"ListItem\",\"@id\":\"https:\\\/\\\/droix.eu\\\/hr\\\/product-category\\\/pribor\\\/pribor-za-prijenosna-racunala\\\/#listItem\",\"name\":\"Pribor za prijenosna ra\\u010dunala\"},\"previousItem\":{\"@type\":\"ListItem\",\"@id\":\"https:\\\/\\\/droix.eu\\\/hr\\\/#listItem\",\"name\":\"Home\"}},{\"@type\":\"ListItem\",\"@id\":\"https:\\\/\\\/droix.eu\\\/hr\\\/product-category\\\/pribor\\\/pribor-za-prijenosna-racunala\\\/#listItem\",\"position\":3,\"name\":\"Pribor za prijenosna ra\\u010dunala\",\"item\":\"https:\\\/\\\/droix.eu\\\/hr\\\/product-category\\\/pribor\\\/pribor-za-prijenosna-racunala\\\/\",\"nextItem\":{\"@type\":\"ListItem\",\"@id\":\"https:\\\/\\\/droix.eu\\\/hr\\\/product\\\/fx8s-usb-type-c-cvoriste\\\/#listItem\",\"name\":\"FX8S USB Type-C \\u010dvori\\u0161te\"},\"previousItem\":{\"@type\":\"ListItem\",\"@id\":\"https:\\\/\\\/droix.eu\\\/hr\\\/product-category\\\/pribor\\\/#listItem\",\"name\":\"Pribor\"}},{\"@type\":\"ListItem\",\"@id\":\"https:\\\/\\\/droix.eu\\\/hr\\\/product\\\/fx8s-usb-type-c-cvoriste\\\/#listItem\",\"position\":4,\"name\":\"FX8S USB Type-C \\u010dvori\\u0161te\",\"previousItem\":{\"@type\":\"ListItem\",\"@id\":\"https:\\\/\\\/droix.eu\\\/hr\\\/product-category\\\/pribor\\\/pribor-za-prijenosna-racunala\\\/#listItem\",\"name\":\"Pribor za prijenosna ra\\u010dunala\"}}]},{\"@type\":\"Organization\",\"@id\":\"https:\\\/\\\/droix.eu\\\/hr\\\/#organization\",\"name\":\"DroiX \\u2013 Trusted EU Tech Retailer with 12+ Years Experience\",\"description\":\"DroiX is a leading European technology retailer with over 12 years of experience, offering quality mini PCs, handheld gaming consoles, and tech accessories. We provide hassle-free EU delivery with all taxes included, ensuring a smooth and reliable shopping experience for our customers across Europe.\",\"url\":\"https:\\\/\\\/droix.eu\\\/hr\\\/\",\"logo\":{\"@type\":\"ImageObject\",\"url\":\"https:\\\/\\\/droix.eu\\\/wp-content\\\/uploads\\\/2024\\\/06\\\/droix-v2-light-logo.png\",\"@id\":\"https:\\\/\\\/droix.eu\\\/hr\\\/product\\\/fx8s-usb-type-c-cvoriste\\\/#organizationLogo\",\"width\":380,\"height\":118},\"image\":{\"@id\":\"https:\\\/\\\/droix.eu\\\/hr\\\/product\\\/fx8s-usb-type-c-cvoriste\\\/#organizationLogo\"},\"sameAs\":[\"https:\\\/\\\/www.facebook.com\\\/DroiX.Store\",\"https:\\\/\\\/twitter.com\\\/DroiX_Store\",\"https:\\\/\\\/www.instagram.com\\\/droix.store\\\/\",\"https:\\\/\\\/www.tiktok.com\\\/@droix.store\",\"https:\\\/\\\/www.youtube.com\\\/c\\\/DroiX_Store\",\"https:\\\/\\\/uk.linkedin.com\\\/company\\\/droix\"]},{\"@type\":\"Product\",\"@id\":\"https:\\\/\\\/droix.eu\\\/hr\\\/product\\\/fx8s-usb-type-c-cvoriste\\\/#wooCommerceProduct\",\"name\":\"FX8S USB Type-C \\u010dvori\\u0161te\",\"description\":\"High-speed USB Type-C Adapter\\n \\t4K HDMI izlaz\\n \\tRJ45 100M\\\/s Ethernet priklju\\u010dak\\n \\tUtor za SD\\\/MicroSD karticu\\n \\tKompatibilan sa sustavima Windows, Mac i Android\",\"url\":\"https:\\\/\\\/droix.eu\\\/hr\\\/product\\\/fx8s-usb-type-c-cvoriste\\\/\",\"sku\":\"DX-FX8-S-USB-TYPE-C-ADAPTER\",\"image\":{\"@type\":\"ImageObject\",\"url\":\"https:\\\/\\\/droix.eu\\\/wp-content\\\/uploads\\\/2021\\\/12\\\/1-2.png\",\"@id\":\"https:\\\/\\\/droix.eu\\\/hr\\\/product\\\/fx8s-usb-type-c-cvoriste\\\/#productImage\",\"width\":670,\"height\":840},\"offers\":{\"@type\":\"Offer\",\"url\":\"https:\\\/\\\/droix.eu\\\/hr\\\/product\\\/fx8s-usb-type-c-cvoriste\\\/#wooCommerceOffer\",\"price\":33.2,\"priceCurrency\":\"EUR\",\"category\":\"Dodaci za igre\",\"priceValidUntil\":\"2024-05-26\",\"availability\":\"https:\\\/\\\/schema.org\\\/OutOfStock\",\"priceSpecification\":{\"@type\":\"PriceSpecification\",\"price\":33.2,\"priceCurrency\":\"EUR\",\"valueAddedTaxIncluded\":\"true\"},\"seller\":{\"@type\":\"Organization\",\"@id\":\"https:\\\/\\\/droix.eu\\\/hr\\\/#organization\"}}},{\"@type\":\"WebPage\",\"@id\":\"https:\\\/\\\/droix.eu\\\/hr\\\/product\\\/fx8s-usb-type-c-cvoriste\\\/#webpage\",\"url\":\"https:\\\/\\\/droix.eu\\\/hr\\\/product\\\/fx8s-usb-type-c-cvoriste\\\/\",\"name\":\"FX8S USB Type-C \\u010dvori\\u0161te - DROIX EU\",\"description\":\"High-speed USB Type-C Adapter 4K HDMI izlaz RJ45 100M\\\/s Ethernet priklju\\u010dak Utor za SD\\\/MicroSD karticu Kompatibilan sa sustavima Windows, Mac i Android Package Includes 1x FX8S USB Type-C \\u010dvori\\u0161te\",\"inLanguage\":\"hr\",\"isPartOf\":{\"@id\":\"https:\\\/\\\/droix.eu\\\/hr\\\/#website\"},\"breadcrumb\":{\"@id\":\"https:\\\/\\\/droix.eu\\\/hr\\\/product\\\/fx8s-usb-type-c-cvoriste\\\/#breadcrumblist\"},\"image\":{\"@type\":\"ImageObject\",\"url\":\"https:\\\/\\\/droix.eu\\\/wp-content\\\/uploads\\\/2021\\\/12\\\/1-2.png\",\"@id\":\"https:\\\/\\\/droix.eu\\\/hr\\\/product\\\/fx8s-usb-type-c-cvoriste\\\/#mainImage\",\"width\":670,\"height\":840},\"primaryImageOfPage\":{\"@id\":\"https:\\\/\\\/droix.eu\\\/hr\\\/product\\\/fx8s-usb-type-c-cvoriste\\\/#mainImage\"},\"datePublished\":\"2020-11-20T10:02:39+00:00\",\"dateModified\":\"2025-08-01T15:45:14+01:00\"},{\"@type\":\"WebSite\",\"@id\":\"https:\\\/\\\/droix.eu\\\/hr\\\/#website\",\"url\":\"https:\\\/\\\/droix.eu\\\/hr\\\/\",\"name\":\"DROIX EU\",\"description\":\"Get the latest Mini PCs, Ultrabook, PC Gaming Handhelds and more!\",\"inLanguage\":\"hr\",\"publisher\":{\"@id\":\"https:\\\/\\\/droix.eu\\\/hr\\\/#organization\"}}]}\n\t\t<\/script>\n\t\t<!-- All in One SEO Pro -->\r\n\t\t<title>FX8S USB Type-C \u010dvori\u0161te - DROIX EU<\/title>\n\n","aioseo_head_json":{"title":"FX8S USB Type-C \u010dvori\u0161te - DROIX EU","description":"High-speed USB Type-C Adapter 4K HDMI izlaz RJ45 100M\/s Ethernet priklju\u010dak Utor za SD\/MicroSD karticu Kompatibilan sa sustavima Windows, Mac i Android Package Includes 1x FX8S USB Type-C \u010dvori\u0161te","canonical_url":"https:\/\/droix.eu\/hr\/product\/fx8s-usb-type-c-cvoriste\/","robots":"max-image-preview:large","keywords":"","webmasterTools":{"miscellaneous":""},"schema":{"@context":"https:\/\/schema.org","@graph":[{"@type":"BreadcrumbList","@id":"https:\/\/droix.eu\/hr\/product\/fx8s-usb-type-c-cvoriste\/#breadcrumblist","itemListElement":[{"@type":"ListItem","@id":"https:\/\/droix.eu\/hr\/#listItem","position":1,"name":"Home","item":"https:\/\/droix.eu\/hr\/","nextItem":{"@type":"ListItem","@id":"https:\/\/droix.eu\/hr\/product-category\/pribor\/#listItem","name":"Pribor"}},{"@type":"ListItem","@id":"https:\/\/droix.eu\/hr\/product-category\/pribor\/#listItem","position":2,"name":"Pribor","item":"https:\/\/droix.eu\/hr\/product-category\/pribor\/","nextItem":{"@type":"ListItem","@id":"https:\/\/droix.eu\/hr\/product-category\/pribor\/pribor-za-prijenosna-racunala\/#listItem","name":"Pribor za prijenosna ra\u010dunala"},"previousItem":{"@type":"ListItem","@id":"https:\/\/droix.eu\/hr\/#listItem","name":"Home"}},{"@type":"ListItem","@id":"https:\/\/droix.eu\/hr\/product-category\/pribor\/pribor-za-prijenosna-racunala\/#listItem","position":3,"name":"Pribor za prijenosna ra\u010dunala","item":"https:\/\/droix.eu\/hr\/product-category\/pribor\/pribor-za-prijenosna-racunala\/","nextItem":{"@type":"ListItem","@id":"https:\/\/droix.eu\/hr\/product\/fx8s-usb-type-c-cvoriste\/#listItem","name":"FX8S USB Type-C \u010dvori\u0161te"},"previousItem":{"@type":"ListItem","@id":"https:\/\/droix.eu\/hr\/product-category\/pribor\/#listItem","name":"Pribor"}},{"@type":"ListItem","@id":"https:\/\/droix.eu\/hr\/product\/fx8s-usb-type-c-cvoriste\/#listItem","position":4,"name":"FX8S USB Type-C \u010dvori\u0161te","previousItem":{"@type":"ListItem","@id":"https:\/\/droix.eu\/hr\/product-category\/pribor\/pribor-za-prijenosna-racunala\/#listItem","name":"Pribor za prijenosna ra\u010dunala"}}]},{"@type":"Organization","@id":"https:\/\/droix.eu\/hr\/#organization","name":"DroiX \u2013 Trusted EU Tech Retailer with 12+ Years Experience","description":"DroiX is a leading European technology retailer with over 12 years of experience, offering quality mini PCs, handheld gaming consoles, and tech accessories. We provide hassle-free EU delivery with all taxes included, ensuring a smooth and reliable shopping experience for our customers across Europe.","url":"https:\/\/droix.eu\/hr\/","logo":{"@type":"ImageObject","url":"https:\/\/droix.eu\/wp-content\/uploads\/2024\/06\/droix-v2-light-logo.png","@id":"https:\/\/droix.eu\/hr\/product\/fx8s-usb-type-c-cvoriste\/#organizationLogo","width":380,"height":118},"image":{"@id":"https:\/\/droix.eu\/hr\/product\/fx8s-usb-type-c-cvoriste\/#organizationLogo"},"sameAs":["https:\/\/www.facebook.com\/DroiX.Store","https:\/\/twitter.com\/DroiX_Store","https:\/\/www.instagram.com\/droix.store\/","https:\/\/www.tiktok.com\/@droix.store","https:\/\/www.youtube.com\/c\/DroiX_Store","https:\/\/uk.linkedin.com\/company\/droix"]},{"@type":"Product","@id":"https:\/\/droix.eu\/hr\/product\/fx8s-usb-type-c-cvoriste\/#wooCommerceProduct","name":"FX8S USB Type-C \u010dvori\u0161te","description":"High-speed USB Type-C Adapter\n \t4K HDMI izlaz\n \tRJ45 100M\/s Ethernet priklju\u010dak\n \tUtor za SD\/MicroSD karticu\n \tKompatibilan sa sustavima Windows, Mac i Android","url":"https:\/\/droix.eu\/hr\/product\/fx8s-usb-type-c-cvoriste\/","sku":"DX-FX8-S-USB-TYPE-C-ADAPTER","image":{"@type":"ImageObject","url":"https:\/\/droix.eu\/wp-content\/uploads\/2021\/12\/1-2.png","@id":"https:\/\/droix.eu\/hr\/product\/fx8s-usb-type-c-cvoriste\/#productImage","width":670,"height":840},"offers":{"@type":"Offer","url":"https:\/\/droix.eu\/hr\/product\/fx8s-usb-type-c-cvoriste\/#wooCommerceOffer","price":33.2,"priceCurrency":"EUR","category":"Dodaci za igre","priceValidUntil":"2024-05-26","availability":"https:\/\/schema.org\/OutOfStock","priceSpecification":{"@type":"PriceSpecification","price":33.2,"priceCurrency":"EUR","valueAddedTaxIncluded":"true"},"seller":{"@type":"Organization","@id":"https:\/\/droix.eu\/hr\/#organization"}}},{"@type":"WebPage","@id":"https:\/\/droix.eu\/hr\/product\/fx8s-usb-type-c-cvoriste\/#webpage","url":"https:\/\/droix.eu\/hr\/product\/fx8s-usb-type-c-cvoriste\/","name":"FX8S USB Type-C \u010dvori\u0161te - DROIX EU","description":"High-speed USB Type-C Adapter 4K HDMI izlaz RJ45 100M\/s Ethernet priklju\u010dak Utor za SD\/MicroSD karticu Kompatibilan sa sustavima Windows, Mac i Android Package Includes 1x FX8S USB Type-C \u010dvori\u0161te","inLanguage":"hr","isPartOf":{"@id":"https:\/\/droix.eu\/hr\/#website"},"breadcrumb":{"@id":"https:\/\/droix.eu\/hr\/product\/fx8s-usb-type-c-cvoriste\/#breadcrumblist"},"image":{"@type":"ImageObject","url":"https:\/\/droix.eu\/wp-content\/uploads\/2021\/12\/1-2.png","@id":"https:\/\/droix.eu\/hr\/product\/fx8s-usb-type-c-cvoriste\/#mainImage","width":670,"height":840},"primaryImageOfPage":{"@id":"https:\/\/droix.eu\/hr\/product\/fx8s-usb-type-c-cvoriste\/#mainImage"},"datePublished":"2020-11-20T10:02:39+00:00","dateModified":"2025-08-01T15:45:14+01:00"},{"@type":"WebSite","@id":"https:\/\/droix.eu\/hr\/#website","url":"https:\/\/droix.eu\/hr\/","name":"DROIX EU","description":"Get the latest Mini PCs, Ultrabook, PC Gaming Handhelds and more!","inLanguage":"hr","publisher":{"@id":"https:\/\/droix.eu\/hr\/#organization"}}]},"og:locale":"hr_HR","og:site_name":"DROIX EU - Get the latest Mini PCs, Ultrabook, PC Gaming Handhelds and more!","og:type":"article","og:title":"FX8S USB Type-C \u010dvori\u0161te - DROIX EU","og:description":"High-speed USB Type-C Adapter 4K HDMI izlaz RJ45 100M\/s Ethernet priklju\u010dak Utor za SD\/MicroSD karticu Kompatibilan sa sustavima Windows, Mac i Android Package Includes 1x FX8S USB Type-C \u010dvori\u0161te","og:url":"https:\/\/droix.eu\/hr\/product\/fx8s-usb-type-c-cvoriste\/","og:image":"https:\/\/droix.eu\/wp-content\/uploads\/2024\/06\/droix-v2-light-logo.png","og:image:secure_url":"https:\/\/droix.eu\/wp-content\/uploads\/2024\/06\/droix-v2-light-logo.png","og:image:width":380,"og:image:height":118,"article:published_time":"2020-11-20T10:02:39+00:00","article:modified_time":"2025-08-01T14:45:14+00:00","article:publisher":"https:\/\/www.facebook.com\/DroiX.Store","twitter:card":"summary_large_image","twitter:site":"@DroiX_Store","twitter:title":"FX8S USB Type-C \u010dvori\u0161te - DROIX EU","twitter:description":"High-speed USB Type-C Adapter 4K HDMI izlaz RJ45 100M\/s Ethernet priklju\u010dak Utor za SD\/MicroSD karticu Kompatibilan sa sustavima Windows, Mac i Android Package Includes 1x FX8S USB Type-C \u010dvori\u0161te","twitter:image":"https:\/\/droix.eu\/wp-content\/uploads\/2024\/06\/droix-v2-light-logo.png"},"aioseo_meta_data":{"post_id":"634358","title":null,"description":null,"keywords":null,"keyphrases":null,"primary_term":null,"canonical_url":null,"og_title":null,"og_description":null,"og_object_type":"default","og_image_type":"default","og_image_url":null,"og_image_width":null,"og_image_height":null,"og_image_custom_url":null,"og_image_custom_fields":null,"og_video":null,"og_custom_url":null,"og_article_section":null,"og_article_tags":null,"twitter_use_og":true,"twitter_card":"default","twitter_image_type":"default","twitter_image_url":null,"twitter_image_custom_url":null,"twitter_image_custom_fields":null,"twitter_title":null,"twitter_description":null,"schema":{"blockGraphs":[],"customGraphs":[],"default":{"data":{"Article":[],"Course":[],"Dataset":[],"FAQPage":[],"Movie":[],"Person":[],"Product":[],"ProductReview":[],"Car":[],"Recipe":[],"Service":[],"SoftwareApplication":[],"WebPage":[]},"graphName":"","isEnabled":true},"graphs":[]},"schema_type":"default","schema_type_options":null,"pillar_content":false,"robots_default":true,"robots_noindex":false,"robots_noarchive":false,"robots_nosnippet":false,"robots_nofollow":false,"robots_noimageindex":false,"robots_noodp":false,"robots_notranslate":false,"robots_max_snippet":null,"robots_max_videopreview":null,"robots_max_imagepreview":"large","priority":null,"frequency":null,"local_seo":null,"seo_analyzer_scan_date":"2025-10-24 08:07:26","breadcrumb_settings":null,"limit_modified_date":false,"reviewed_by":null,"open_ai":null,"ai":null,"created":"2025-10-09 03:31:55","updated":"2025-11-27 01:41:52"},"aioseo_breadcrumb":"<div class=\"aioseo-breadcrumbs\"><span class=\"aioseo-breadcrumb\">\n\t<a href=\"https:\/\/droix.eu\/hr\/\" title=\"Home\">Home<\/a>\n<\/span><span class=\"aioseo-breadcrumb-separator\">&raquo;<\/span><span class=\"aioseo-breadcrumb\">\n\t<a href=\"https:\/\/droix.eu\/hr\/product-category\/pribor\/\" title=\"Pribor\">Pribor<\/a>\n<\/span><span class=\"aioseo-breadcrumb-separator\">&raquo;<\/span><span class=\"aioseo-breadcrumb\">\n\t<a href=\"https:\/\/droix.eu\/hr\/product-category\/pribor\/pribor-za-prijenosna-racunala\/\" title=\"Pribor za prijenosna ra\u010dunala\">Pribor za prijenosna ra\u010dunala<\/a>\n<\/span><span class=\"aioseo-breadcrumb-separator\">&raquo;<\/span><span class=\"aioseo-breadcrumb\">\n\tFX8S USB Type-C \u010dvori\u0161te\n<\/span><\/div>","aioseo_breadcrumb_json":[{"label":"Home","link":"https:\/\/droix.eu\/hr\/"},{"label":"Pribor","link":"https:\/\/droix.eu\/hr\/product-category\/pribor\/"},{"label":"Pribor za prijenosna ra\u010dunala","link":"https:\/\/droix.eu\/hr\/product-category\/pribor\/pribor-za-prijenosna-racunala\/"},{"label":"FX8S USB Type-C \u010dvori\u0161te","link":"https:\/\/droix.eu\/hr\/product\/fx8s-usb-type-c-cvoriste\/"}],"_links":{"self":[{"href":"https:\/\/droix.eu\/hr\/wp-json\/wp\/v2\/product\/634358","targetHints":{"allow":["GET"]}}],"collection":[{"href":"https:\/\/droix.eu\/hr\/wp-json\/wp\/v2\/product"}],"about":[{"href":"https:\/\/droix.eu\/hr\/wp-json\/wp\/v2\/types\/product"}],"version-history":[{"count":0,"href":"https:\/\/droix.eu\/hr\/wp-json\/wp\/v2\/product\/634358\/revisions"}],"wp:featuredmedia":[{"embeddable":true,"href":"https:\/\/droix.eu\/hr\/wp-json\/wp\/v2\/media\/221121"}],"wp:attachment":[{"href":"https:\/\/droix.eu\/hr\/wp-json\/wp\/v2\/media?parent=634358"}],"wp:term":[{"taxonomy":"product_brand","embeddable":true,"href":"https:\/\/droix.eu\/hr\/wp-json\/wp\/v2\/product_brand?post=634358"},{"taxonomy":"product_cat","embeddable":true,"href":"https:\/\/droix.eu\/hr\/wp-json\/wp\/v2\/product_cat?post=634358"},{"taxonomy":"product_tag","embeddable":true,"href":"https:\/\/droix.eu\/hr\/wp-json\/wp\/v2\/product_tag?post=634358"},{"taxonomy":"woo-feed-brand","embeddable":true,"href":"https:\/\/droix.eu\/hr\/wp-json\/wp\/v2\/woo-feed-brand?post=634358"},{"taxonomy":"key-features","embeddable":true,"href":"https:\/\/droix.eu\/hr\/wp-json\/wp\/v2\/key-features?post=634358"}],"curies":[{"name":"wp","href":"https:\/\/api.w.org\/{rel}","templated":true}]}}