{"id":634356,"date":"2020-11-17T11:23:03","date_gmt":"2020-11-17T11:23:03","guid":{"rendered":"https:\/\/droix.eu\/product\/droix-g10s-zracni-mis-s-pozadinskim-osvjetljenjem-i-glasovnom-kontrolom\/"},"modified":"2026-01-22T12:53:38","modified_gmt":"2026-01-22T12:53:38","slug":"droix-g10s-zracni-mis-s-pozadinskim-osvjetljenjem-i-glasovnom-kontrolom","status":"publish","type":"product","link":"https:\/\/droix.eu\/hr\/product\/droix-g10s-zracni-mis-s-pozadinskim-osvjetljenjem-i-glasovnom-kontrolom\/","title":{"rendered":"DroiX G10S zra\u010dni mi\u0161 s pozadinskim osvjetljenjem i glasovnom kontrolom"},"content":{"rendered":"<p><span data-contrast=\"none\">Popularni zra\u010dni mi\u0161 DroiX G10 vra\u0107a se u svojoj najnovijoj iteraciji, <strong>G10S<\/strong>!<\/span><span data-ccp-props=\"{\">&nbsp;<\/span><\/p>\n<p><span data-contrast=\"none\">Pomo\u0107u ugra\u0111enog visokokvalitetnog <strong>\u017eiroskopskog<\/strong> senzora precizno i jednostavno upravljajte mi\u0161em na svom ure\u0111aju s udaljenosti od nekoliko metara!<\/span><span data-ccp-props=\"{\">&nbsp;<\/span><\/p>\n<p><span data-contrast=\"none\">Ne \u017eeli\u0161 mahati rukom? Nema problema! S&nbsp;<\/span><strong>Ugra\u0111eni<\/strong><span data-contrast=\"none\"><strong> mikrofon<\/strong>, diktirajte svoje rije\u010di umjesto da ih tipkate kroz razne glasovne aplikacije!<\/span><span data-ccp-props=\"{\">&nbsp;<\/span><\/p>\n<p><span data-contrast=\"none\">S istim faktorom oblika kao i njegov prethodnik, sa samo 143*45*29 mm, G10S doslovno stane na dlan!<\/span><span data-ccp-props=\"{\">&nbsp;<\/span><\/p>\n<p><span data-contrast=\"none\">Istaknuta zna\u010dajka G10S je uklju\u010divanje <strong>pozadinskog osvjetljenja<\/strong> ispod gumba, \u0161to ga \u010dini mnogo lak\u0161im za kori\u0161tenje u okru\u017eenjima sa slabim osvjetljenjem!<\/span><span data-ccp-props=\"{\">&nbsp;<\/span><\/p>\n","protected":false},"excerpt":{"rendered":"<ul>\n<li><strong>Be\u017ei\u010dno<\/strong> povezivanje od 2,4 GHz<\/li>\n<li>Radi na AAA baterije.<\/li>\n<li><strong>Gumbi s pozadinskim osvjetljenjem<\/strong><\/li>\n<li><strong>Ugra\u0111eni mikrofon<\/strong><\/li>\n<li>Lagan, ergonomski dizajn.<\/li>\n<\/ul>\n[droix_global_accordions]\n[cg_accordion title=\"Paket uklju\u010duje\"]<\/p>\n<ul>\n<li>1x DroiX G10S zra\u010dni mi\u0161\/li&gt;\n<li>1x 2.4Ghz RF USB klju\u010d<\/li>\n<li>1x Korisni\u010dki priru\u010dnik<\/li>\n<\/ul>\n<p>[\/cg_accordion]\n","protected":false},"featured_media":220339,"template":"","meta":{"_acf_changed":false},"product_brand":[],"product_cat":[45886,45880],"product_tag":[],"woo-feed-brand":[],"key-features":[],"class_list":{"0":"post-634356","1":"product","2":"type-product","3":"status-publish","4":"has-post-thumbnail","6":"product_cat-dodatna-oprema-za-android-tv-kutije","7":"product_cat-pribor","8":"product_shipping_class-low-end","9":"pa_brands-droix","10":"pa_compatibility-android-hr","11":"pa_compatibility-prozori","13":"first","14":"outofstock","15":"sale","16":"taxable","17":"shipping-taxable","18":"purchasable","19":"product-type-simple"},"acf":[],"aioseo_notices":[],"aioseo_head":"\n\t\t<!-- All in One SEO Pro 4.9.6.2 - aioseo.com -->\n\t<meta name=\"description\" content=\"Be\u017ei\u010dno povezivanje od 2,4 GHz Radi na AAA baterije. Gumbi s pozadinskim osvjetljenjem Ugra\u0111eni mikrofon Lagan, ergonomski dizajn. Paket uklju\u010duje 1x DroiX G10S zra\u010dni mi\u0161\/li&gt; 1x 2.4Ghz RF USB klju\u010d 1x Korisni\u010dki priru\u010dnik\" \/>\n\t<meta name=\"robots\" content=\"max-image-preview:large\" \/>\n\t<link rel=\"canonical\" href=\"https:\/\/droix.eu\/hr\/product\/droix-g10s-zracni-mis-s-pozadinskim-osvjetljenjem-i-glasovnom-kontrolom\/\" \/>\n\t<meta name=\"generator\" content=\"All in One SEO Pro (AIOSEO) 4.9.6.2\" \/>\n\t\t<meta property=\"og:locale\" content=\"hr_HR\" \/>\n\t\t<meta property=\"og:site_name\" content=\"DROIX EU - Get the latest Mini PCs, Ultrabook, PC Gaming Handhelds and more!\" \/>\n\t\t<meta property=\"og:type\" content=\"article\" \/>\n\t\t<meta property=\"og:title\" content=\"DroiX G10S zra\u010dni mi\u0161 s pozadinskim osvjetljenjem i glasovnom kontrolom - DROIX EU\" \/>\n\t\t<meta property=\"og:description\" content=\"Be\u017ei\u010dno povezivanje od 2,4 GHz Radi na AAA baterije. Gumbi s pozadinskim osvjetljenjem Ugra\u0111eni mikrofon Lagan, ergonomski dizajn. Paket uklju\u010duje 1x DroiX G10S zra\u010dni mi\u0161\/li&gt; 1x 2.4Ghz RF USB klju\u010d 1x Korisni\u010dki priru\u010dnik\" \/>\n\t\t<meta property=\"og:url\" content=\"https:\/\/droix.eu\/hr\/product\/droix-g10s-zracni-mis-s-pozadinskim-osvjetljenjem-i-glasovnom-kontrolom\/\" \/>\n\t\t<meta property=\"og:image\" content=\"https:\/\/droix.eu\/wp-content\/uploads\/2024\/06\/droix-v2-light-logo.png\" \/>\n\t\t<meta property=\"og:image:secure_url\" content=\"https:\/\/droix.eu\/wp-content\/uploads\/2024\/06\/droix-v2-light-logo.png\" \/>\n\t\t<meta property=\"og:image:width\" content=\"380\" \/>\n\t\t<meta property=\"og:image:height\" content=\"118\" \/>\n\t\t<meta property=\"article:published_time\" content=\"2020-11-17T11:23:03+00:00\" \/>\n\t\t<meta property=\"article:modified_time\" content=\"2026-01-22T12:53:38+00:00\" \/>\n\t\t<meta property=\"article:publisher\" content=\"https:\/\/www.facebook.com\/DroiX.Store\" \/>\n\t\t<meta name=\"twitter:card\" content=\"summary_large_image\" \/>\n\t\t<meta name=\"twitter:site\" content=\"@DroiX_Store\" \/>\n\t\t<meta name=\"twitter:title\" content=\"DroiX G10S zra\u010dni mi\u0161 s pozadinskim osvjetljenjem i glasovnom kontrolom - DROIX EU\" \/>\n\t\t<meta name=\"twitter:description\" content=\"Be\u017ei\u010dno povezivanje od 2,4 GHz Radi na AAA baterije. Gumbi s pozadinskim osvjetljenjem Ugra\u0111eni mikrofon Lagan, ergonomski dizajn. Paket uklju\u010duje 1x DroiX G10S zra\u010dni mi\u0161\/li&gt; 1x 2.4Ghz RF USB klju\u010d 1x Korisni\u010dki priru\u010dnik\" \/>\n\t\t<meta name=\"twitter:image\" content=\"https:\/\/droix.eu\/wp-content\/uploads\/2024\/06\/droix-v2-light-logo.png\" \/>\n\t\t<script type=\"application\/ld+json\" class=\"aioseo-schema\">\n\t\t\t{\"@context\":\"https:\\\/\\\/schema.org\",\"@graph\":[{\"@type\":\"BreadcrumbList\",\"@id\":\"https:\\\/\\\/droix.eu\\\/hr\\\/product\\\/droix-g10s-zracni-mis-s-pozadinskim-osvjetljenjem-i-glasovnom-kontrolom\\\/#breadcrumblist\",\"itemListElement\":[{\"@type\":\"ListItem\",\"@id\":\"https:\\\/\\\/droix.eu\\\/hr\\\/#listItem\",\"position\":1,\"name\":\"Home\",\"item\":\"https:\\\/\\\/droix.eu\\\/hr\\\/\",\"nextItem\":{\"@type\":\"ListItem\",\"@id\":\"https:\\\/\\\/droix.eu\\\/hr\\\/product-category\\\/pribor\\\/#listItem\",\"name\":\"Pribor\"}},{\"@type\":\"ListItem\",\"@id\":\"https:\\\/\\\/droix.eu\\\/hr\\\/product-category\\\/pribor\\\/#listItem\",\"position\":2,\"name\":\"Pribor\",\"item\":\"https:\\\/\\\/droix.eu\\\/hr\\\/product-category\\\/pribor\\\/\",\"nextItem\":{\"@type\":\"ListItem\",\"@id\":\"https:\\\/\\\/droix.eu\\\/hr\\\/product-category\\\/pribor\\\/dodatna-oprema-za-android-tv-kutije\\\/#listItem\",\"name\":\"Dodatna oprema za Android TV kutije\"},\"previousItem\":{\"@type\":\"ListItem\",\"@id\":\"https:\\\/\\\/droix.eu\\\/hr\\\/#listItem\",\"name\":\"Home\"}},{\"@type\":\"ListItem\",\"@id\":\"https:\\\/\\\/droix.eu\\\/hr\\\/product-category\\\/pribor\\\/dodatna-oprema-za-android-tv-kutije\\\/#listItem\",\"position\":3,\"name\":\"Dodatna oprema za Android TV kutije\",\"item\":\"https:\\\/\\\/droix.eu\\\/hr\\\/product-category\\\/pribor\\\/dodatna-oprema-za-android-tv-kutije\\\/\",\"nextItem\":{\"@type\":\"ListItem\",\"@id\":\"https:\\\/\\\/droix.eu\\\/hr\\\/product\\\/droix-g10s-zracni-mis-s-pozadinskim-osvjetljenjem-i-glasovnom-kontrolom\\\/#listItem\",\"name\":\"DroiX G10S zra\\u010dni mi\\u0161 s pozadinskim osvjetljenjem i glasovnom kontrolom\"},\"previousItem\":{\"@type\":\"ListItem\",\"@id\":\"https:\\\/\\\/droix.eu\\\/hr\\\/product-category\\\/pribor\\\/#listItem\",\"name\":\"Pribor\"}},{\"@type\":\"ListItem\",\"@id\":\"https:\\\/\\\/droix.eu\\\/hr\\\/product\\\/droix-g10s-zracni-mis-s-pozadinskim-osvjetljenjem-i-glasovnom-kontrolom\\\/#listItem\",\"position\":4,\"name\":\"DroiX G10S zra\\u010dni mi\\u0161 s pozadinskim osvjetljenjem i glasovnom kontrolom\",\"previousItem\":{\"@type\":\"ListItem\",\"@id\":\"https:\\\/\\\/droix.eu\\\/hr\\\/product-category\\\/pribor\\\/dodatna-oprema-za-android-tv-kutije\\\/#listItem\",\"name\":\"Dodatna oprema za Android TV kutije\"}}]},{\"@type\":\"Organization\",\"@id\":\"https:\\\/\\\/droix.eu\\\/hr\\\/#organization\",\"name\":\"DroiX \\u2013 Trusted EU Tech Retailer with 12+ Years Experience\",\"description\":\"DroiX is a leading European technology retailer with over 12 years of experience, offering quality mini PCs, handheld gaming consoles, and tech accessories. We provide hassle-free EU delivery with all taxes included, ensuring a smooth and reliable shopping experience for our customers across Europe.\",\"url\":\"https:\\\/\\\/droix.eu\\\/hr\\\/\",\"logo\":{\"@type\":\"ImageObject\",\"url\":\"https:\\\/\\\/droix.eu\\\/wp-content\\\/uploads\\\/2024\\\/06\\\/droix-v2-light-logo.png\",\"@id\":\"https:\\\/\\\/droix.eu\\\/hr\\\/product\\\/droix-g10s-zracni-mis-s-pozadinskim-osvjetljenjem-i-glasovnom-kontrolom\\\/#organizationLogo\",\"width\":380,\"height\":118},\"image\":{\"@id\":\"https:\\\/\\\/droix.eu\\\/hr\\\/product\\\/droix-g10s-zracni-mis-s-pozadinskim-osvjetljenjem-i-glasovnom-kontrolom\\\/#organizationLogo\"},\"sameAs\":[\"https:\\\/\\\/www.facebook.com\\\/DroiX.Store\",\"https:\\\/\\\/twitter.com\\\/DroiX_Store\",\"https:\\\/\\\/www.instagram.com\\\/droix.store\\\/\",\"https:\\\/\\\/www.tiktok.com\\\/@droix.store\",\"https:\\\/\\\/www.youtube.com\\\/c\\\/DroiX_Store\",\"https:\\\/\\\/uk.linkedin.com\\\/company\\\/droix\"]},{\"@type\":\"Product\",\"@id\":\"https:\\\/\\\/droix.eu\\\/hr\\\/product\\\/droix-g10s-zracni-mis-s-pozadinskim-osvjetljenjem-i-glasovnom-kontrolom\\\/#wooCommerceProduct\",\"name\":\"DroiX G10S zra\\u010dni mi\\u0161 s pozadinskim osvjetljenjem i glasovnom kontrolom\",\"description\":\"Be\\u017ei\\u010dno povezivanje od 2,4 GHz\\n \\tRadi na AAA baterije.\\n \\tGumbi s pozadinskim osvjetljenjem\\n \\tUgra\\u0111eni mikrofon\\n \\tLagan, ergonomski dizajn.\",\"url\":\"https:\\\/\\\/droix.eu\\\/hr\\\/product\\\/droix-g10s-zracni-mis-s-pozadinskim-osvjetljenjem-i-glasovnom-kontrolom\\\/\",\"sku\":\"DROIX-G10S\",\"gtin\":\"5060763670440\",\"image\":{\"@type\":\"ImageObject\",\"url\":\"https:\\\/\\\/droix.eu\\\/wp-content\\\/uploads\\\/2021\\\/12\\\/G10S-LISTING-PICTURE-1.png\",\"@id\":\"https:\\\/\\\/droix.eu\\\/hr\\\/product\\\/droix-g10s-zracni-mis-s-pozadinskim-osvjetljenjem-i-glasovnom-kontrolom\\\/#productImage\",\"width\":1000,\"height\":1000,\"caption\":\"DroiX G10S zra\\u010dni mi\\u0161 s pozadinskim osvjetljenjem - prikazan sprijeda\"},\"offers\":{\"@type\":\"Offer\",\"url\":\"https:\\\/\\\/droix.eu\\\/hr\\\/product\\\/droix-g10s-zracni-mis-s-pozadinskim-osvjetljenjem-i-glasovnom-kontrolom\\\/#wooCommerceOffer\",\"price\":11.01,\"priceCurrency\":\"EUR\",\"category\":\"Dodatna oprema za Android TV kutije\",\"availability\":\"https:\\\/\\\/schema.org\\\/OutOfStock\",\"priceSpecification\":{\"@type\":\"PriceSpecification\",\"price\":11.01,\"priceCurrency\":\"EUR\",\"valueAddedTaxIncluded\":\"true\"},\"seller\":{\"@type\":\"Organization\",\"@id\":\"https:\\\/\\\/droix.eu\\\/hr\\\/#organization\"}}},{\"@type\":\"WebPage\",\"@id\":\"https:\\\/\\\/droix.eu\\\/hr\\\/product\\\/droix-g10s-zracni-mis-s-pozadinskim-osvjetljenjem-i-glasovnom-kontrolom\\\/#webpage\",\"url\":\"https:\\\/\\\/droix.eu\\\/hr\\\/product\\\/droix-g10s-zracni-mis-s-pozadinskim-osvjetljenjem-i-glasovnom-kontrolom\\\/\",\"name\":\"DroiX G10S zra\\u010dni mi\\u0161 s pozadinskim osvjetljenjem i glasovnom kontrolom - DROIX EU\",\"description\":\"Be\\u017ei\\u010dno povezivanje od 2,4 GHz Radi na AAA baterije. Gumbi s pozadinskim osvjetljenjem Ugra\\u0111eni mikrofon Lagan, ergonomski dizajn. Paket uklju\\u010duje 1x DroiX G10S zra\\u010dni mi\\u0161\\\/li> 1x 2.4Ghz RF USB klju\\u010d 1x Korisni\\u010dki priru\\u010dnik\",\"inLanguage\":\"hr\",\"isPartOf\":{\"@id\":\"https:\\\/\\\/droix.eu\\\/hr\\\/#website\"},\"breadcrumb\":{\"@id\":\"https:\\\/\\\/droix.eu\\\/hr\\\/product\\\/droix-g10s-zracni-mis-s-pozadinskim-osvjetljenjem-i-glasovnom-kontrolom\\\/#breadcrumblist\"},\"image\":{\"@type\":\"ImageObject\",\"url\":\"https:\\\/\\\/droix.eu\\\/wp-content\\\/uploads\\\/2021\\\/12\\\/G10S-LISTING-PICTURE-1.png\",\"@id\":\"https:\\\/\\\/droix.eu\\\/hr\\\/product\\\/droix-g10s-zracni-mis-s-pozadinskim-osvjetljenjem-i-glasovnom-kontrolom\\\/#mainImage\",\"width\":1000,\"height\":1000,\"caption\":\"DroiX G10S zra\\u010dni mi\\u0161 s pozadinskim osvjetljenjem - prikazan sprijeda\"},\"primaryImageOfPage\":{\"@id\":\"https:\\\/\\\/droix.eu\\\/hr\\\/product\\\/droix-g10s-zracni-mis-s-pozadinskim-osvjetljenjem-i-glasovnom-kontrolom\\\/#mainImage\"},\"datePublished\":\"2020-11-17T11:23:03+00:00\",\"dateModified\":\"2026-01-22T12:53:38+00:00\"},{\"@type\":\"WebSite\",\"@id\":\"https:\\\/\\\/droix.eu\\\/hr\\\/#website\",\"url\":\"https:\\\/\\\/droix.eu\\\/hr\\\/\",\"name\":\"DROIX EU\",\"description\":\"Get the latest Mini PCs, Ultrabook, PC Gaming Handhelds and more!\",\"inLanguage\":\"hr\",\"publisher\":{\"@id\":\"https:\\\/\\\/droix.eu\\\/hr\\\/#organization\"}}]}\n\t\t<\/script>\n\t\t<!-- All in One SEO Pro -->\r\n\t\t<title>DroiX G10S zra\u010dni mi\u0161 s pozadinskim osvjetljenjem i glasovnom kontrolom - DROIX EU<\/title>\n\n","aioseo_head_json":{"title":"DroiX G10S zra\u010dni mi\u0161 s pozadinskim osvjetljenjem i glasovnom kontrolom - DROIX EU","description":"Be\u017ei\u010dno povezivanje od 2,4 GHz Radi na AAA baterije. Gumbi s pozadinskim osvjetljenjem Ugra\u0111eni mikrofon Lagan, ergonomski dizajn. Paket uklju\u010duje 1x DroiX G10S zra\u010dni mi\u0161\/li> 1x 2.4Ghz RF USB klju\u010d 1x Korisni\u010dki priru\u010dnik","canonical_url":"https:\/\/droix.eu\/hr\/product\/droix-g10s-zracni-mis-s-pozadinskim-osvjetljenjem-i-glasovnom-kontrolom\/","robots":"max-image-preview:large","keywords":"","webmasterTools":{"miscellaneous":""},"schema":{"@context":"https:\/\/schema.org","@graph":[{"@type":"BreadcrumbList","@id":"https:\/\/droix.eu\/hr\/product\/droix-g10s-zracni-mis-s-pozadinskim-osvjetljenjem-i-glasovnom-kontrolom\/#breadcrumblist","itemListElement":[{"@type":"ListItem","@id":"https:\/\/droix.eu\/hr\/#listItem","position":1,"name":"Home","item":"https:\/\/droix.eu\/hr\/","nextItem":{"@type":"ListItem","@id":"https:\/\/droix.eu\/hr\/product-category\/pribor\/#listItem","name":"Pribor"}},{"@type":"ListItem","@id":"https:\/\/droix.eu\/hr\/product-category\/pribor\/#listItem","position":2,"name":"Pribor","item":"https:\/\/droix.eu\/hr\/product-category\/pribor\/","nextItem":{"@type":"ListItem","@id":"https:\/\/droix.eu\/hr\/product-category\/pribor\/dodatna-oprema-za-android-tv-kutije\/#listItem","name":"Dodatna oprema za Android TV kutije"},"previousItem":{"@type":"ListItem","@id":"https:\/\/droix.eu\/hr\/#listItem","name":"Home"}},{"@type":"ListItem","@id":"https:\/\/droix.eu\/hr\/product-category\/pribor\/dodatna-oprema-za-android-tv-kutije\/#listItem","position":3,"name":"Dodatna oprema za Android TV kutije","item":"https:\/\/droix.eu\/hr\/product-category\/pribor\/dodatna-oprema-za-android-tv-kutije\/","nextItem":{"@type":"ListItem","@id":"https:\/\/droix.eu\/hr\/product\/droix-g10s-zracni-mis-s-pozadinskim-osvjetljenjem-i-glasovnom-kontrolom\/#listItem","name":"DroiX G10S zra\u010dni mi\u0161 s pozadinskim osvjetljenjem i glasovnom kontrolom"},"previousItem":{"@type":"ListItem","@id":"https:\/\/droix.eu\/hr\/product-category\/pribor\/#listItem","name":"Pribor"}},{"@type":"ListItem","@id":"https:\/\/droix.eu\/hr\/product\/droix-g10s-zracni-mis-s-pozadinskim-osvjetljenjem-i-glasovnom-kontrolom\/#listItem","position":4,"name":"DroiX G10S zra\u010dni mi\u0161 s pozadinskim osvjetljenjem i glasovnom kontrolom","previousItem":{"@type":"ListItem","@id":"https:\/\/droix.eu\/hr\/product-category\/pribor\/dodatna-oprema-za-android-tv-kutije\/#listItem","name":"Dodatna oprema za Android TV kutije"}}]},{"@type":"Organization","@id":"https:\/\/droix.eu\/hr\/#organization","name":"DroiX \u2013 Trusted EU Tech Retailer with 12+ Years Experience","description":"DroiX is a leading European technology retailer with over 12 years of experience, offering quality mini PCs, handheld gaming consoles, and tech accessories. We provide hassle-free EU delivery with all taxes included, ensuring a smooth and reliable shopping experience for our customers across Europe.","url":"https:\/\/droix.eu\/hr\/","logo":{"@type":"ImageObject","url":"https:\/\/droix.eu\/wp-content\/uploads\/2024\/06\/droix-v2-light-logo.png","@id":"https:\/\/droix.eu\/hr\/product\/droix-g10s-zracni-mis-s-pozadinskim-osvjetljenjem-i-glasovnom-kontrolom\/#organizationLogo","width":380,"height":118},"image":{"@id":"https:\/\/droix.eu\/hr\/product\/droix-g10s-zracni-mis-s-pozadinskim-osvjetljenjem-i-glasovnom-kontrolom\/#organizationLogo"},"sameAs":["https:\/\/www.facebook.com\/DroiX.Store","https:\/\/twitter.com\/DroiX_Store","https:\/\/www.instagram.com\/droix.store\/","https:\/\/www.tiktok.com\/@droix.store","https:\/\/www.youtube.com\/c\/DroiX_Store","https:\/\/uk.linkedin.com\/company\/droix"]},{"@type":"Product","@id":"https:\/\/droix.eu\/hr\/product\/droix-g10s-zracni-mis-s-pozadinskim-osvjetljenjem-i-glasovnom-kontrolom\/#wooCommerceProduct","name":"DroiX G10S zra\u010dni mi\u0161 s pozadinskim osvjetljenjem i glasovnom kontrolom","description":"Be\u017ei\u010dno povezivanje od 2,4 GHz\n \tRadi na AAA baterije.\n \tGumbi s pozadinskim osvjetljenjem\n \tUgra\u0111eni mikrofon\n \tLagan, ergonomski dizajn.","url":"https:\/\/droix.eu\/hr\/product\/droix-g10s-zracni-mis-s-pozadinskim-osvjetljenjem-i-glasovnom-kontrolom\/","sku":"DROIX-G10S","gtin":"5060763670440","image":{"@type":"ImageObject","url":"https:\/\/droix.eu\/wp-content\/uploads\/2021\/12\/G10S-LISTING-PICTURE-1.png","@id":"https:\/\/droix.eu\/hr\/product\/droix-g10s-zracni-mis-s-pozadinskim-osvjetljenjem-i-glasovnom-kontrolom\/#productImage","width":1000,"height":1000,"caption":"DroiX G10S zra\u010dni mi\u0161 s pozadinskim osvjetljenjem - prikazan sprijeda"},"offers":{"@type":"Offer","url":"https:\/\/droix.eu\/hr\/product\/droix-g10s-zracni-mis-s-pozadinskim-osvjetljenjem-i-glasovnom-kontrolom\/#wooCommerceOffer","price":11.01,"priceCurrency":"EUR","category":"Dodatna oprema za Android TV kutije","availability":"https:\/\/schema.org\/OutOfStock","priceSpecification":{"@type":"PriceSpecification","price":11.01,"priceCurrency":"EUR","valueAddedTaxIncluded":"true"},"seller":{"@type":"Organization","@id":"https:\/\/droix.eu\/hr\/#organization"}}},{"@type":"WebPage","@id":"https:\/\/droix.eu\/hr\/product\/droix-g10s-zracni-mis-s-pozadinskim-osvjetljenjem-i-glasovnom-kontrolom\/#webpage","url":"https:\/\/droix.eu\/hr\/product\/droix-g10s-zracni-mis-s-pozadinskim-osvjetljenjem-i-glasovnom-kontrolom\/","name":"DroiX G10S zra\u010dni mi\u0161 s pozadinskim osvjetljenjem i glasovnom kontrolom - DROIX EU","description":"Be\u017ei\u010dno povezivanje od 2,4 GHz Radi na AAA baterije. Gumbi s pozadinskim osvjetljenjem Ugra\u0111eni mikrofon Lagan, ergonomski dizajn. Paket uklju\u010duje 1x DroiX G10S zra\u010dni mi\u0161\/li> 1x 2.4Ghz RF USB klju\u010d 1x Korisni\u010dki priru\u010dnik","inLanguage":"hr","isPartOf":{"@id":"https:\/\/droix.eu\/hr\/#website"},"breadcrumb":{"@id":"https:\/\/droix.eu\/hr\/product\/droix-g10s-zracni-mis-s-pozadinskim-osvjetljenjem-i-glasovnom-kontrolom\/#breadcrumblist"},"image":{"@type":"ImageObject","url":"https:\/\/droix.eu\/wp-content\/uploads\/2021\/12\/G10S-LISTING-PICTURE-1.png","@id":"https:\/\/droix.eu\/hr\/product\/droix-g10s-zracni-mis-s-pozadinskim-osvjetljenjem-i-glasovnom-kontrolom\/#mainImage","width":1000,"height":1000,"caption":"DroiX G10S zra\u010dni mi\u0161 s pozadinskim osvjetljenjem - prikazan sprijeda"},"primaryImageOfPage":{"@id":"https:\/\/droix.eu\/hr\/product\/droix-g10s-zracni-mis-s-pozadinskim-osvjetljenjem-i-glasovnom-kontrolom\/#mainImage"},"datePublished":"2020-11-17T11:23:03+00:00","dateModified":"2026-01-22T12:53:38+00:00"},{"@type":"WebSite","@id":"https:\/\/droix.eu\/hr\/#website","url":"https:\/\/droix.eu\/hr\/","name":"DROIX EU","description":"Get the latest Mini PCs, Ultrabook, PC Gaming Handhelds and more!","inLanguage":"hr","publisher":{"@id":"https:\/\/droix.eu\/hr\/#organization"}}]},"og:locale":"hr_HR","og:site_name":"DROIX EU - Get the latest Mini PCs, Ultrabook, PC Gaming Handhelds and more!","og:type":"article","og:title":"DroiX G10S zra\u010dni mi\u0161 s pozadinskim osvjetljenjem i glasovnom kontrolom - DROIX EU","og:description":"Be\u017ei\u010dno povezivanje od 2,4 GHz Radi na AAA baterije. Gumbi s pozadinskim osvjetljenjem Ugra\u0111eni mikrofon Lagan, ergonomski dizajn. Paket uklju\u010duje 1x DroiX G10S zra\u010dni mi\u0161\/li&gt; 1x 2.4Ghz RF USB klju\u010d 1x Korisni\u010dki priru\u010dnik","og:url":"https:\/\/droix.eu\/hr\/product\/droix-g10s-zracni-mis-s-pozadinskim-osvjetljenjem-i-glasovnom-kontrolom\/","og:image":"https:\/\/droix.eu\/wp-content\/uploads\/2024\/06\/droix-v2-light-logo.png","og:image:secure_url":"https:\/\/droix.eu\/wp-content\/uploads\/2024\/06\/droix-v2-light-logo.png","og:image:width":380,"og:image:height":118,"article:published_time":"2020-11-17T11:23:03+00:00","article:modified_time":"2026-01-22T12:53:38+00:00","article:publisher":"https:\/\/www.facebook.com\/DroiX.Store","twitter:card":"summary_large_image","twitter:site":"@DroiX_Store","twitter:title":"DroiX G10S zra\u010dni mi\u0161 s pozadinskim osvjetljenjem i glasovnom kontrolom - DROIX EU","twitter:description":"Be\u017ei\u010dno povezivanje od 2,4 GHz Radi na AAA baterije. Gumbi s pozadinskim osvjetljenjem Ugra\u0111eni mikrofon Lagan, ergonomski dizajn. Paket uklju\u010duje 1x DroiX G10S zra\u010dni mi\u0161\/li&gt; 1x 2.4Ghz RF USB klju\u010d 1x Korisni\u010dki priru\u010dnik","twitter:image":"https:\/\/droix.eu\/wp-content\/uploads\/2024\/06\/droix-v2-light-logo.png"},"aioseo_meta_data":{"post_id":"634356","title":null,"description":null,"keywords":null,"keyphrases":null,"primary_term":null,"canonical_url":null,"og_title":null,"og_description":null,"og_object_type":"default","og_image_type":"default","og_image_url":null,"og_image_width":null,"og_image_height":null,"og_image_custom_url":null,"og_image_custom_fields":null,"og_video":null,"og_custom_url":null,"og_article_section":null,"og_article_tags":null,"twitter_use_og":true,"twitter_card":"default","twitter_image_type":"default","twitter_image_url":null,"twitter_image_custom_url":null,"twitter_image_custom_fields":null,"twitter_title":null,"twitter_description":null,"schema":{"blockGraphs":[],"customGraphs":[],"default":{"data":{"Article":[],"Course":[],"Dataset":[],"FAQPage":[],"Movie":[],"Person":[],"Product":[],"ProductReview":[],"Car":[],"Recipe":[],"Service":[],"SoftwareApplication":[],"WebPage":[]},"graphName":"","isEnabled":true},"graphs":[]},"schema_type":"default","schema_type_options":null,"pillar_content":false,"robots_default":true,"robots_noindex":false,"robots_noarchive":false,"robots_nosnippet":false,"robots_nofollow":false,"robots_noimageindex":false,"robots_noodp":false,"robots_notranslate":false,"robots_max_snippet":null,"robots_max_videopreview":null,"robots_max_imagepreview":"large","priority":null,"frequency":null,"local_seo":null,"seo_analyzer_scan_date":"2025-10-24 07:50:03","breadcrumb_settings":null,"limit_modified_date":false,"reviewed_by":null,"open_ai":null,"ai":null,"created":"2025-10-09 03:28:15","updated":"2026-01-24 09:27:28"},"aioseo_breadcrumb":"<div class=\"aioseo-breadcrumbs\"><span class=\"aioseo-breadcrumb\">\n\t<a href=\"https:\/\/droix.eu\/hr\/\" title=\"Home\">Home<\/a>\n<\/span><span class=\"aioseo-breadcrumb-separator\">&raquo;<\/span><span class=\"aioseo-breadcrumb\">\n\t<a href=\"https:\/\/droix.eu\/hr\/product-category\/pribor\/\" title=\"Pribor\">Pribor<\/a>\n<\/span><span class=\"aioseo-breadcrumb-separator\">&raquo;<\/span><span class=\"aioseo-breadcrumb\">\n\t<a href=\"https:\/\/droix.eu\/hr\/product-category\/pribor\/dodatna-oprema-za-android-tv-kutije\/\" title=\"Dodatna oprema za Android TV kutije\">Dodatna oprema za Android TV kutije<\/a>\n<\/span><span class=\"aioseo-breadcrumb-separator\">&raquo;<\/span><span class=\"aioseo-breadcrumb\">\n\tDroiX G10S zra\u010dni mi\u0161 s pozadinskim osvjetljenjem i glasovnom kontrolom\n<\/span><\/div>","aioseo_breadcrumb_json":[{"label":"Home","link":"https:\/\/droix.eu\/hr\/"},{"label":"Pribor","link":"https:\/\/droix.eu\/hr\/product-category\/pribor\/"},{"label":"Dodatna oprema za Android TV kutije","link":"https:\/\/droix.eu\/hr\/product-category\/pribor\/dodatna-oprema-za-android-tv-kutije\/"},{"label":"DroiX G10S zra\u010dni mi\u0161 s pozadinskim osvjetljenjem i glasovnom kontrolom","link":"https:\/\/droix.eu\/hr\/product\/droix-g10s-zracni-mis-s-pozadinskim-osvjetljenjem-i-glasovnom-kontrolom\/"}],"_links":{"self":[{"href":"https:\/\/droix.eu\/hr\/wp-json\/wp\/v2\/product\/634356","targetHints":{"allow":["GET"]}}],"collection":[{"href":"https:\/\/droix.eu\/hr\/wp-json\/wp\/v2\/product"}],"about":[{"href":"https:\/\/droix.eu\/hr\/wp-json\/wp\/v2\/types\/product"}],"version-history":[{"count":0,"href":"https:\/\/droix.eu\/hr\/wp-json\/wp\/v2\/product\/634356\/revisions"}],"wp:featuredmedia":[{"embeddable":true,"href":"https:\/\/droix.eu\/hr\/wp-json\/wp\/v2\/media\/220339"}],"wp:attachment":[{"href":"https:\/\/droix.eu\/hr\/wp-json\/wp\/v2\/media?parent=634356"}],"wp:term":[{"taxonomy":"product_brand","embeddable":true,"href":"https:\/\/droix.eu\/hr\/wp-json\/wp\/v2\/product_brand?post=634356"},{"taxonomy":"product_cat","embeddable":true,"href":"https:\/\/droix.eu\/hr\/wp-json\/wp\/v2\/product_cat?post=634356"},{"taxonomy":"product_tag","embeddable":true,"href":"https:\/\/droix.eu\/hr\/wp-json\/wp\/v2\/product_tag?post=634356"},{"taxonomy":"woo-feed-brand","embeddable":true,"href":"https:\/\/droix.eu\/hr\/wp-json\/wp\/v2\/woo-feed-brand?post=634356"},{"taxonomy":"key-features","embeddable":true,"href":"https:\/\/droix.eu\/hr\/wp-json\/wp\/v2\/key-features?post=634356"}],"curies":[{"name":"wp","href":"https:\/\/api.w.org\/{rel}","templated":true}]}}