{"id":669686,"date":"2023-05-02T16:38:01","date_gmt":"2023-05-02T15:38:01","guid":{"rendered":"https:\/\/droix.eu\/zalihe-placanje-i-dostava\/"},"modified":"2025-07-16T15:45:04","modified_gmt":"2025-07-16T14:45:04","slug":"zalihe-placanje-i-dostava","status":"publish","type":"page","link":"https:\/\/droix.eu\/hr\/zalihe-placanje-i-dostava\/","title":{"rendered":"Zalihe, pla\u0107anje i dostava"},"content":{"rendered":"\n<p>Uzbu\u0111eni smo \u0161to mo\u017eemo objaviti da <strong>DROIX <\/strong>sada nudi jo\u0161 br\u017ee i pristupa\u010dnije opcije dostave za sve va\u0161e elektroni\u010dke potrebe. Na\u0161a predanost pru\u017eanju iznimne korisni\u010dke usluge prote\u017ee se na osiguravanje da svoje narud\u017ebe primite \u0161to je br\u017ee i u\u010dinkovitije mogu\u0107e, bez tro\u0161enja novca. <\/p>\n\n<p>U <strong>DROIX-u<\/strong> razumijemo va\u017enost fleksibilnosti kada je u pitanju pla\u0107anje. Zato smo ponosni \u0161to prihva\u0107amo pla\u0107anje u svim glavnim valutama i metodama, uklju\u010duju\u0107i kreditne kartice, debitne kartice, PayPal, BNPL sheme i jo\u0161 mnogo toga, kako bi va\u0161e iskustvo kupovine bilo besprijekorno i prakti\u010dno. <\/p>\n\n<p>Kako bismo dodatno pobolj\u0161ali na\u0161u uslugu, \u0161aljemo narud\u017ebe iz na\u0161ih strate\u0161ki smje\u0161tenih skladi\u0161ta u Velikoj Britaniji, Europi i SAD-u. To nam omogu\u0107uje da isporu\u010dimo va\u0161e kupnje u najkra\u0107em mogu\u0107em roku uz minimiziranje tro\u0161kova dostave. <\/p>\n\n<p>Osim toga, neprestano radimo na pro\u0161irenju na\u0161ih mogu\u0107nosti dostave i pregovaranju o boljim ponudama s na\u0161im partnerima za dostavu kako bismo smanjili tro\u0161kove. Cilj nam je prenijeti te u\u0161tede na vas i u\u010diniti na\u0161e proizvode jo\u0161 dostupnijima kupcima diljem svijeta. <\/p>\n\n<h2 class=\"wp-block-heading\">Podaci o dionicama<\/h2>\n\n<p>U <strong>tvrtki DROIX<\/strong> nastojimo vas informirati o dostupnosti na\u0161ih proizvoda. Kako bismo vam pomogli da bolje razumijete razli\u010dite statuse zaliha na na\u0161oj web stranici, dali smo kratko obja\u0161njenje za svaki od njih: <\/p>\n\n<ul class=\"wp-block-list\">\n<li><strong>Na skladi\u0161tu:<\/strong> Kada je proizvod ozna\u010den kao &#8220;Na zalihi&#8221;, to zna\u010di da ga trenutno imamo u inventaru i da je spreman za otpremu. Narud\u017ebe za artikle na zalihama obi\u010dno se obra\u0111uju i otpremaju u kratkom roku, osiguravaju\u0107i da svoje proizvode primite \u0161to je br\u017ee mogu\u0107e. <\/li>\n\n\n\n<li><strong>Po narud\u017ebi:<\/strong> Ako je proizvod naveden kao &#8220;On Backorder&#8221;, to zna\u010di da je artikl slu\u017ebeno lansiran, ali trenutno nemamo zaliha. Budite uvjereni, poslat \u0107emo va\u0161u narud\u017ebu \u010dim primimo nove zalihe od proizvo\u0111a\u010da. Datum obnavljanja zaliha obi\u010dno se navodi na stranici proizvoda, daju\u0107i vam procjenu kada mo\u017eete o\u010dekivati da \u0107e va\u0161a narud\u017eba biti otpremljena.  <\/li>\n\n\n\n<li><strong>Prednarud\u017eba:<\/strong> Kada vidite proizvod ozna\u010den kao &#8220;Prednarud\u017eba&#8221;, to zna\u010di da jo\u0161 nije slu\u017ebeno lansiran. Slanjem prednarud\u017ebe rezervirate proizvod i osiguravate da \u0107ete biti me\u0111u prvima koji \u0107e ga primiti nakon \u0161to bude lansiran i imamo zalihe u na\u0161im skladi\u0161tima. Kupcima \u0107emo poslati unaprijed naru\u010dene artikle \u010dim proizvod postane dostupan.  <\/li>\n<\/ul>\n\n<p>Ako imate bilo kakvih pitanja o tome je li artikl na zalihi, samo sko\u010dite na na\u0161 <strong>Live Chat<\/strong> ili nam po\u0161aljite e-po\u0161tu na <strong><a>support@droix.co.uk<\/a><\/strong> i rado \u0107emo vam pomo\u0107i.<\/p>\n\n<h2 class=\"wp-block-heading\">Pla\u0107anje<\/h2>\n\n<p>U <strong>DROIX-u<\/strong> razumijemo va\u017enost ponude fleksibilnih i sigurnih opcija pla\u0107anja za besprijekorno iskustvo kupnje. Zato smo ponosni \u0161to prihva\u0107amo \u0161irok raspon na\u010dina pla\u0107anja, zadovoljavaju\u0107i va\u0161e individualne preferencije i osiguravaju\u0107i jednostavan proces naplate. <\/p>\n\n<p>Rado prihva\u0107amo sve glavne debitne i kreditne kartice, uklju\u010duju\u0107i:<\/p>\n\n<ul class=\"wp-block-list\">\n<li><strong>Apple pla\u0107anje:<\/strong> Obavljajte sigurna i beskontaktna pla\u0107anja pomo\u0107u Apple ure\u0111aja.<\/li>\n\n\n\n<li><strong>Mastercard:<\/strong> Pla\u0107ajte s povjerenjem svojom pouzdanom Mastercard debitnom ili kreditnom karticom.<\/li>\n\n\n\n<li><strong>Viza:<\/strong> Oslonite se na globalni doseg i sigurnost svoje Visa debitne ili kreditne kartice.<\/li>\n<\/ul>\n\n<p>Osim debitnih i kreditnih kartica, prihva\u0107amo i <strong>PayPal<\/strong>, \u0161iroko priznatu i sigurnu platformu za online pla\u0107anje. PayPal vam omogu\u0107uje da kupujete s povjerenjem, znaju\u0107i da su va\u0161i financijski podaci za\u0161ti\u0107eni naprednom tehnologijom \u0161ifriranja. <\/p>\n\n<p>Nude\u0107i vi\u0161e opcija pla\u0107anja, cilj nam je pru\u017eiti vam fleksibilnost i prakti\u010dnost koju zaslu\u017eujete prilikom kupnje u <strong>DROIXu<\/strong>. Ako imate bilo kakvih pitanja ili vam je potrebna pomo\u0107 u postupku naplate, ne ustru\u010davajte se obratiti se na\u0161em posve\u0107enom timu za korisni\u010dku podr\u0161ku. <\/p>\n\n<h2 class=\"wp-block-heading\">Dostava i porez<\/h2>\n\n<p>Zadovoljstvo nam je obavijestiti vas da se sve <strong>DROIX <\/strong>narud\u017ebe \u0161alju isklju\u010divo iz na\u0161eg skladi\u0161ta u Ujedinjenom Kraljevstvu, koje se nalazi na adresi 54C Expressway, N Woolwich Rd, London, E16 2AA, Ujedinjeno Kraljevstvo. Iako se stranice proizvoda mogu odnositi na dostupnost me\u0111unarodne dostave, imajte na umu da <strong>se svi artikli \u0161alju iz Ujedinjenog Kraljevstva<\/strong>, bez obzira na odredi\u0161te. Ne upravljamo centrima za isporuku narud\u017ebi u EU ili SAD-u. Sve me\u0111unarodne narud\u017ebe \u0161alju se iz Ujedinjenog Kraljevstva i mogu podlijegati uvoznim carinama i porezima, koji se obra\u010dunavaju na blagajni (ako je primjenjivo). Na\u0161 logisti\u010dki tim predan je osiguravanju u\u010dinkovite i pravovremene dostave diljem svijeta iz na\u0161e baze u Ujedinjenom Kraljevstvu.    <\/p>\n\n<ul class=\"wp-block-list\">\n<li><strong>Porezi uklju\u010deni:<\/strong> Sve cijene navedene na na\u0161oj web stranici uklju\u010duju primjenjive poreze, \u010dine\u0107i va\u0161e iskustvo naplate transparentnim i bezbri\u017enim.<\/li>\n\n\n\n<li><strong>Uvozni porezi:<\/strong> Kupci iz Ujedinjenog Kraljevstva i Sjedinjenih Ameri\u010dkih Dr\u017eava ne\u0107e snositi nikakve dodatne uvozne poreze. Za kupce izvan ovih regija, ve\u0107ina artikala tako\u0111er \u0107e se isporu\u010diti uz pla\u0107eni porez. To \u0107e biti spomenuto na svakoj stranici proizvoda, osiguravaju\u0107i da nema skrivenih iznena\u0111enja tijekom isporuke.  \n<ul class=\"wp-block-list\">\n<li>Dovr\u0161enjem kupnje ovla\u0161\u0107ujete DROIX da plati ove uvozne poreze i carine u va\u0161e ime na mjestu ulaska. Ti se iznosi pla\u0107aju izravno carinskoj upravi va\u0161e zemlje i stoga se ne mogu vratiti ni pod kojim okolnostima, uklju\u010duju\u0107i odbijene ili vra\u0107ene narud\u017ebe. <\/li>\n\n\n\n<li>Prije narud\u017ebe provjerite jeste li upoznati s uvoznim pravilima svoje zemlje jer ne mo\u017eemo vratiti ili nadoknaditi uvozne naknade nakon \u0161to su podnesene carini.<\/li>\n<\/ul>\n<\/li>\n<\/ul>\n\n<p><strong>DROIX <\/strong>s ponosom isporu\u010duje u sljede\u0107e zemlje:<\/p>\n\n<ul class=\"wp-block-list\">\n<li>Ujedinjena Kraljevina<\/li>\n\n\n\n<li>Albanija<\/li>\n\n\n\n<li>Andora<\/li>\n\n\n\n<li>Austrija<\/li>\n\n\n\n<li>Belgija<\/li>\n\n\n\n<li>Bosna i Hercegovina<\/li>\n\n\n\n<li>Bugarska<\/li>\n\n\n\n<li>Kanada<\/li>\n\n\n\n<li>Hrvatska<\/li>\n\n\n\n<li>\u010ce\u0161ka Republika<\/li>\n\n\n\n<li>Danska<\/li>\n\n\n\n<li>Estonija<\/li>\n\n\n\n<li>Finska<\/li>\n\n\n\n<li>Francuska<\/li>\n\n\n\n<li>Njema\u010dka<\/li>\n\n\n\n<li>Gr\u010dka<\/li>\n\n\n\n<li>Ma\u0111arska<\/li>\n\n\n\n<li>Island<\/li>\n\n\n\n<li>Irska<\/li>\n\n\n\n<li>Italija<\/li>\n\n\n\n<li>Latvija<\/li>\n\n\n\n<li>Litva<\/li>\n\n\n\n<li>Luksemburg<\/li>\n\n\n\n<li>Malta<\/li>\n\n\n\n<li>Moldavija<\/li>\n\n\n\n<li>Crna Gora<\/li>\n\n\n\n<li>Nizozemska<\/li>\n\n\n\n<li>Norve\u0161ka<\/li>\n\n\n\n<li>Poljska<\/li>\n\n\n\n<li>Portugal<\/li>\n\n\n\n<li>Rumunjska<\/li>\n\n\n\n<li>Srbija<\/li>\n\n\n\n<li>Slova\u010dka<\/li>\n\n\n\n<li>Slovenija<\/li>\n\n\n\n<li>\u0160panjolska<\/li>\n\n\n\n<li>\u0160vedska<\/li>\n\n\n\n<li>\u0160vicarska<\/li>\n\n\n\n<li>SAD<\/li>\n<\/ul>\n\n<p>Nudimo razli\u010dite na\u010dine dostave ovisno o klasi artikla. Vrhunski proizvodi mogu se slati samo putem <strong>DHL Expressa<\/strong> kako bi se osigurala sigurna i brza isporuka. Na\u0161e dostupne opcije dostave uklju\u010duju <strong>DHL Express<\/strong>, <strong>DPD<\/strong>, <strong>GlobalMail<\/strong> i <strong>Royal Mail<\/strong>.  <\/p>\n\n<p>Nadamo se da ove informacije poja\u0161njavaju na\u0161a pravila i postupke dostave. Ako imate dodatnih pitanja ili nedoumica, obratite se na\u0161em timu za korisni\u010dku podr\u0161ku za pomo\u0107. <\/p>\n\n<h4 class=\"wp-block-heading\"><strong>Tro\u0161kovi dostave i pra\u0107enje<\/strong><\/h4>\n\n<p><strong>Pra\u0107enje narud\u017ebi:<\/strong> Sve na\u0161e narud\u017ebe \u0161aljemo pra\u0107enim metodama, a e-po\u0161ta s va\u0161im brojem za pra\u0107enje bit \u0107e poslana nakon \u0161to po\u0161aljemo va\u0161u narud\u017ebu.<\/p>\n\n<p><strong>Tro\u0161kove:<\/strong> Tro\u0161kovi dostave izra\u010dunavaju se na temelju te\u017eine, vrijednosti i odredi\u0161ta artikla, s minimalnim tro\u0161kovima dostave od \u00a310.11. Za to\u010dan izra\u010dun dodajte artikl koji \u017eelite kupiti u ko\u0161aricu i unesite svoju adresu prilikom naplate. <\/p>\n\n<p>Ako imate bilo kakvih pitanja u vezi s va\u0161om narud\u017ebom ili pra\u0107enjem, ne ustru\u010davajte se <a href=\"https:\/\/droix.eu\/hr\/kontaktirajte-nas\/\" target=\"_blank\" rel=\"noreferrer noopener\" data-type=\"page\" data-id=\"10257\">kontaktirati nas<\/a><\/p>\n","protected":false},"excerpt":{"rendered":"<p>Uzbu\u0111eni smo \u0161to mo\u017eemo objaviti da DROIX sada nudi jo\u0161 br\u017ee i pristupa\u010dnije opcije dostave za sve va\u0161e elektroni\u010dke potrebe. Na\u0161a predanost pru\u017eanju iznimne korisni\u010dke usluge prote\u017ee se na osiguravanje da svoje narud\u017ebe primite \u0161to je br\u017ee i u\u010dinkovitije mogu\u0107e, bez tro\u0161enja novca. U DROIX-u razumijemo va\u017enost fleksibilnosti kada je u pitanju pla\u0107anje. Zato smo [&hellip;]<\/p>\n","protected":false},"author":2,"featured_media":0,"parent":0,"menu_order":0,"comment_status":"closed","ping_status":"closed","template":"","meta":{"_acf_changed":false,"footnotes":""},"class_list":["post-669686","page","type-page","status-publish","hentry"],"acf":[],"aioseo_notices":[],"aioseo_head":"\n\t\t<!-- All in One SEO Pro 4.9.5.2 - aioseo.com -->\n\t<meta name=\"description\" content=\"Uzbu\u0111eni smo \u0161to mo\u017eemo objaviti da DROIX sada nudi jo\u0161 br\u017ee i pristupa\u010dnije opcije dostave za sve va\u0161e elektroni\u010dke potrebe. Na\u0161a predanost pru\u017eanju iznimne korisni\u010dke usluge prote\u017ee se na osiguravanje da svoje narud\u017ebe primite \u0161to je br\u017ee i u\u010dinkovitije mogu\u0107e, bez tro\u0161enja novca. U DROIX-u razumijemo va\u017enost fleksibilnosti kada je u pitanju pla\u0107anje. Zato smo\" \/>\n\t<meta name=\"robots\" content=\"max-image-preview:large\" \/>\n\t<link rel=\"canonical\" href=\"https:\/\/droix.eu\/hr\/zalihe-placanje-i-dostava\/\" \/>\n\t<meta name=\"generator\" content=\"All in One SEO Pro (AIOSEO) 4.9.5.2\" \/>\n\t\t<meta property=\"og:locale\" content=\"hr_HR\" \/>\n\t\t<meta property=\"og:site_name\" content=\"DROIX EU - Get the latest Mini PCs, Ultrabook, PC Gaming Handhelds and more!\" \/>\n\t\t<meta property=\"og:type\" content=\"article\" \/>\n\t\t<meta property=\"og:title\" content=\"Zalihe, pla\u0107anje i dostava - DROIX EU\" \/>\n\t\t<meta property=\"og:description\" content=\"Uzbu\u0111eni smo \u0161to mo\u017eemo objaviti da DROIX sada nudi jo\u0161 br\u017ee i pristupa\u010dnije opcije dostave za sve va\u0161e elektroni\u010dke potrebe. Na\u0161a predanost pru\u017eanju iznimne korisni\u010dke usluge prote\u017ee se na osiguravanje da svoje narud\u017ebe primite \u0161to je br\u017ee i u\u010dinkovitije mogu\u0107e, bez tro\u0161enja novca. U DROIX-u razumijemo va\u017enost fleksibilnosti kada je u pitanju pla\u0107anje. Zato smo\" \/>\n\t\t<meta property=\"og:url\" content=\"https:\/\/droix.eu\/hr\/zalihe-placanje-i-dostava\/\" \/>\n\t\t<meta property=\"og:image\" content=\"https:\/\/droix.eu\/wp-content\/uploads\/2024\/06\/droix-v2-light-logo.png\" \/>\n\t\t<meta property=\"og:image:secure_url\" content=\"https:\/\/droix.eu\/wp-content\/uploads\/2024\/06\/droix-v2-light-logo.png\" \/>\n\t\t<meta property=\"og:image:width\" content=\"380\" \/>\n\t\t<meta property=\"og:image:height\" content=\"118\" \/>\n\t\t<meta property=\"article:published_time\" content=\"2023-05-02T15:38:01+00:00\" \/>\n\t\t<meta property=\"article:modified_time\" content=\"2025-07-16T14:45:04+00:00\" \/>\n\t\t<meta property=\"article:publisher\" content=\"https:\/\/www.facebook.com\/DroiX.Store\" \/>\n\t\t<meta name=\"twitter:card\" content=\"summary_large_image\" \/>\n\t\t<meta name=\"twitter:site\" content=\"@DroiX_Store\" \/>\n\t\t<meta name=\"twitter:title\" content=\"Zalihe, pla\u0107anje i dostava - DROIX EU\" \/>\n\t\t<meta name=\"twitter:description\" content=\"Uzbu\u0111eni smo \u0161to mo\u017eemo objaviti da DROIX sada nudi jo\u0161 br\u017ee i pristupa\u010dnije opcije dostave za sve va\u0161e elektroni\u010dke potrebe. Na\u0161a predanost pru\u017eanju iznimne korisni\u010dke usluge prote\u017ee se na osiguravanje da svoje narud\u017ebe primite \u0161to je br\u017ee i u\u010dinkovitije mogu\u0107e, bez tro\u0161enja novca. U DROIX-u razumijemo va\u017enost fleksibilnosti kada je u pitanju pla\u0107anje. Zato smo\" \/>\n\t\t<meta name=\"twitter:creator\" content=\"@DroiX_Store\" \/>\n\t\t<meta name=\"twitter:image\" content=\"https:\/\/droix.eu\/wp-content\/uploads\/2024\/06\/droix-v2-light-logo.png\" \/>\n\t\t<script type=\"application\/ld+json\" class=\"aioseo-schema\">\n\t\t\t{\"@context\":\"https:\\\/\\\/schema.org\",\"@graph\":[{\"@type\":\"BreadcrumbList\",\"@id\":\"https:\\\/\\\/droix.eu\\\/hr\\\/zalihe-placanje-i-dostava\\\/#breadcrumblist\",\"itemListElement\":[{\"@type\":\"ListItem\",\"@id\":\"https:\\\/\\\/droix.eu\\\/hr\\\/#listItem\",\"position\":1,\"name\":\"Home\",\"item\":\"https:\\\/\\\/droix.eu\\\/hr\\\/\",\"nextItem\":{\"@type\":\"ListItem\",\"@id\":\"https:\\\/\\\/droix.eu\\\/hr\\\/zalihe-placanje-i-dostava\\\/#listItem\",\"name\":\"Zalihe, pla\\u0107anje i dostava\"}},{\"@type\":\"ListItem\",\"@id\":\"https:\\\/\\\/droix.eu\\\/hr\\\/zalihe-placanje-i-dostava\\\/#listItem\",\"position\":2,\"name\":\"Zalihe, pla\\u0107anje i dostava\",\"previousItem\":{\"@type\":\"ListItem\",\"@id\":\"https:\\\/\\\/droix.eu\\\/hr\\\/#listItem\",\"name\":\"Home\"}}]},{\"@type\":\"Organization\",\"@id\":\"https:\\\/\\\/droix.eu\\\/hr\\\/#organization\",\"name\":\"DroiX \\u2013 Trusted EU Tech Retailer with 12+ Years Experience\",\"description\":\"DroiX is a leading European technology retailer with over 12 years of experience, offering quality mini PCs, handheld gaming consoles, and tech accessories. We provide hassle-free EU delivery with all taxes included, ensuring a smooth and reliable shopping experience for our customers across Europe.\",\"url\":\"https:\\\/\\\/droix.eu\\\/hr\\\/\",\"logo\":{\"@type\":\"ImageObject\",\"url\":\"https:\\\/\\\/droix.eu\\\/wp-content\\\/uploads\\\/2024\\\/06\\\/droix-v2-light-logo.png\",\"@id\":\"https:\\\/\\\/droix.eu\\\/hr\\\/zalihe-placanje-i-dostava\\\/#organizationLogo\",\"width\":380,\"height\":118},\"image\":{\"@id\":\"https:\\\/\\\/droix.eu\\\/hr\\\/zalihe-placanje-i-dostava\\\/#organizationLogo\"},\"sameAs\":[\"https:\\\/\\\/www.facebook.com\\\/DroiX.Store\",\"https:\\\/\\\/twitter.com\\\/DroiX_Store\",\"https:\\\/\\\/www.instagram.com\\\/droix.store\\\/\",\"https:\\\/\\\/www.tiktok.com\\\/@droix.store\",\"https:\\\/\\\/www.youtube.com\\\/c\\\/DroiX_Store\",\"https:\\\/\\\/uk.linkedin.com\\\/company\\\/droix\"]},{\"@type\":\"WebPage\",\"@id\":\"https:\\\/\\\/droix.eu\\\/hr\\\/zalihe-placanje-i-dostava\\\/#webpage\",\"url\":\"https:\\\/\\\/droix.eu\\\/hr\\\/zalihe-placanje-i-dostava\\\/\",\"name\":\"Zalihe, pla\\u0107anje i dostava - DROIX EU\",\"description\":\"Uzbu\\u0111eni smo \\u0161to mo\\u017eemo objaviti da DROIX sada nudi jo\\u0161 br\\u017ee i pristupa\\u010dnije opcije dostave za sve va\\u0161e elektroni\\u010dke potrebe. Na\\u0161a predanost pru\\u017eanju iznimne korisni\\u010dke usluge prote\\u017ee se na osiguravanje da svoje narud\\u017ebe primite \\u0161to je br\\u017ee i u\\u010dinkovitije mogu\\u0107e, bez tro\\u0161enja novca. U DROIX-u razumijemo va\\u017enost fleksibilnosti kada je u pitanju pla\\u0107anje. Zato smo\",\"inLanguage\":\"hr\",\"isPartOf\":{\"@id\":\"https:\\\/\\\/droix.eu\\\/hr\\\/#website\"},\"breadcrumb\":{\"@id\":\"https:\\\/\\\/droix.eu\\\/hr\\\/zalihe-placanje-i-dostava\\\/#breadcrumblist\"},\"datePublished\":\"2023-05-02T16:38:01+01:00\",\"dateModified\":\"2025-07-16T15:45:04+01:00\"},{\"@type\":\"WebSite\",\"@id\":\"https:\\\/\\\/droix.eu\\\/hr\\\/#website\",\"url\":\"https:\\\/\\\/droix.eu\\\/hr\\\/\",\"name\":\"DROIX EU\",\"description\":\"Get the latest Mini PCs, Ultrabook, PC Gaming Handhelds and more!\",\"inLanguage\":\"hr\",\"publisher\":{\"@id\":\"https:\\\/\\\/droix.eu\\\/hr\\\/#organization\"}}]}\n\t\t<\/script>\n\t\t<!-- All in One SEO Pro -->\r\n\t\t<title>Zalihe, pla\u0107anje i dostava - DROIX EU<\/title>\n\n","aioseo_head_json":{"title":"Zalihe, pla\u0107anje i dostava - DROIX EU","description":"Uzbu\u0111eni smo \u0161to mo\u017eemo objaviti da DROIX sada nudi jo\u0161 br\u017ee i pristupa\u010dnije opcije dostave za sve va\u0161e elektroni\u010dke potrebe. Na\u0161a predanost pru\u017eanju iznimne korisni\u010dke usluge prote\u017ee se na osiguravanje da svoje narud\u017ebe primite \u0161to je br\u017ee i u\u010dinkovitije mogu\u0107e, bez tro\u0161enja novca. U DROIX-u razumijemo va\u017enost fleksibilnosti kada je u pitanju pla\u0107anje. Zato smo","canonical_url":"https:\/\/droix.eu\/hr\/zalihe-placanje-i-dostava\/","robots":"max-image-preview:large","keywords":"","webmasterTools":{"miscellaneous":""},"schema":{"@context":"https:\/\/schema.org","@graph":[{"@type":"BreadcrumbList","@id":"https:\/\/droix.eu\/hr\/zalihe-placanje-i-dostava\/#breadcrumblist","itemListElement":[{"@type":"ListItem","@id":"https:\/\/droix.eu\/hr\/#listItem","position":1,"name":"Home","item":"https:\/\/droix.eu\/hr\/","nextItem":{"@type":"ListItem","@id":"https:\/\/droix.eu\/hr\/zalihe-placanje-i-dostava\/#listItem","name":"Zalihe, pla\u0107anje i dostava"}},{"@type":"ListItem","@id":"https:\/\/droix.eu\/hr\/zalihe-placanje-i-dostava\/#listItem","position":2,"name":"Zalihe, pla\u0107anje i dostava","previousItem":{"@type":"ListItem","@id":"https:\/\/droix.eu\/hr\/#listItem","name":"Home"}}]},{"@type":"Organization","@id":"https:\/\/droix.eu\/hr\/#organization","name":"DroiX \u2013 Trusted EU Tech Retailer with 12+ Years Experience","description":"DroiX is a leading European technology retailer with over 12 years of experience, offering quality mini PCs, handheld gaming consoles, and tech accessories. We provide hassle-free EU delivery with all taxes included, ensuring a smooth and reliable shopping experience for our customers across Europe.","url":"https:\/\/droix.eu\/hr\/","logo":{"@type":"ImageObject","url":"https:\/\/droix.eu\/wp-content\/uploads\/2024\/06\/droix-v2-light-logo.png","@id":"https:\/\/droix.eu\/hr\/zalihe-placanje-i-dostava\/#organizationLogo","width":380,"height":118},"image":{"@id":"https:\/\/droix.eu\/hr\/zalihe-placanje-i-dostava\/#organizationLogo"},"sameAs":["https:\/\/www.facebook.com\/DroiX.Store","https:\/\/twitter.com\/DroiX_Store","https:\/\/www.instagram.com\/droix.store\/","https:\/\/www.tiktok.com\/@droix.store","https:\/\/www.youtube.com\/c\/DroiX_Store","https:\/\/uk.linkedin.com\/company\/droix"]},{"@type":"WebPage","@id":"https:\/\/droix.eu\/hr\/zalihe-placanje-i-dostava\/#webpage","url":"https:\/\/droix.eu\/hr\/zalihe-placanje-i-dostava\/","name":"Zalihe, pla\u0107anje i dostava - DROIX EU","description":"Uzbu\u0111eni smo \u0161to mo\u017eemo objaviti da DROIX sada nudi jo\u0161 br\u017ee i pristupa\u010dnije opcije dostave za sve va\u0161e elektroni\u010dke potrebe. Na\u0161a predanost pru\u017eanju iznimne korisni\u010dke usluge prote\u017ee se na osiguravanje da svoje narud\u017ebe primite \u0161to je br\u017ee i u\u010dinkovitije mogu\u0107e, bez tro\u0161enja novca. U DROIX-u razumijemo va\u017enost fleksibilnosti kada je u pitanju pla\u0107anje. Zato smo","inLanguage":"hr","isPartOf":{"@id":"https:\/\/droix.eu\/hr\/#website"},"breadcrumb":{"@id":"https:\/\/droix.eu\/hr\/zalihe-placanje-i-dostava\/#breadcrumblist"},"datePublished":"2023-05-02T16:38:01+01:00","dateModified":"2025-07-16T15:45:04+01:00"},{"@type":"WebSite","@id":"https:\/\/droix.eu\/hr\/#website","url":"https:\/\/droix.eu\/hr\/","name":"DROIX EU","description":"Get the latest Mini PCs, Ultrabook, PC Gaming Handhelds and more!","inLanguage":"hr","publisher":{"@id":"https:\/\/droix.eu\/hr\/#organization"}}]},"og:locale":"hr_HR","og:site_name":"DROIX EU - Get the latest Mini PCs, Ultrabook, PC Gaming Handhelds and more!","og:type":"article","og:title":"Zalihe, pla\u0107anje i dostava - DROIX EU","og:description":"Uzbu\u0111eni smo \u0161to mo\u017eemo objaviti da DROIX sada nudi jo\u0161 br\u017ee i pristupa\u010dnije opcije dostave za sve va\u0161e elektroni\u010dke potrebe. Na\u0161a predanost pru\u017eanju iznimne korisni\u010dke usluge prote\u017ee se na osiguravanje da svoje narud\u017ebe primite \u0161to je br\u017ee i u\u010dinkovitije mogu\u0107e, bez tro\u0161enja novca. U DROIX-u razumijemo va\u017enost fleksibilnosti kada je u pitanju pla\u0107anje. Zato smo","og:url":"https:\/\/droix.eu\/hr\/zalihe-placanje-i-dostava\/","og:image":"https:\/\/droix.eu\/wp-content\/uploads\/2024\/06\/droix-v2-light-logo.png","og:image:secure_url":"https:\/\/droix.eu\/wp-content\/uploads\/2024\/06\/droix-v2-light-logo.png","og:image:width":380,"og:image:height":118,"article:published_time":"2023-05-02T15:38:01+00:00","article:modified_time":"2025-07-16T14:45:04+00:00","article:publisher":"https:\/\/www.facebook.com\/DroiX.Store","twitter:card":"summary_large_image","twitter:site":"@DroiX_Store","twitter:title":"Zalihe, pla\u0107anje i dostava - DROIX EU","twitter:description":"Uzbu\u0111eni smo \u0161to mo\u017eemo objaviti da DROIX sada nudi jo\u0161 br\u017ee i pristupa\u010dnije opcije dostave za sve va\u0161e elektroni\u010dke potrebe. Na\u0161a predanost pru\u017eanju iznimne korisni\u010dke usluge prote\u017ee se na osiguravanje da svoje narud\u017ebe primite \u0161to je br\u017ee i u\u010dinkovitije mogu\u0107e, bez tro\u0161enja novca. U DROIX-u razumijemo va\u017enost fleksibilnosti kada je u pitanju pla\u0107anje. Zato smo","twitter:creator":"@DroiX_Store","twitter:image":"https:\/\/droix.eu\/wp-content\/uploads\/2024\/06\/droix-v2-light-logo.png"},"aioseo_meta_data":{"post_id":"669686","title":null,"description":null,"keywords":null,"keyphrases":null,"primary_term":null,"canonical_url":null,"og_title":null,"og_description":null,"og_object_type":"default","og_image_type":"default","og_image_url":null,"og_image_width":null,"og_image_height":null,"og_image_custom_url":null,"og_image_custom_fields":null,"og_video":null,"og_custom_url":null,"og_article_section":null,"og_article_tags":null,"twitter_use_og":true,"twitter_card":"default","twitter_image_type":"default","twitter_image_url":null,"twitter_image_custom_url":null,"twitter_image_custom_fields":null,"twitter_title":null,"twitter_description":null,"schema":{"blockGraphs":[],"customGraphs":[],"default":{"data":{"Article":[],"Course":[],"Dataset":[],"FAQPage":[],"Movie":[],"Person":[],"Product":[],"ProductReview":[],"Car":[],"Recipe":[],"Service":[],"SoftwareApplication":[],"WebPage":[]},"graphName":"","isEnabled":true},"graphs":[]},"schema_type":"default","schema_type_options":null,"pillar_content":false,"robots_default":true,"robots_noindex":false,"robots_noarchive":false,"robots_nosnippet":false,"robots_nofollow":false,"robots_noimageindex":false,"robots_noodp":false,"robots_notranslate":false,"robots_max_snippet":null,"robots_max_videopreview":null,"robots_max_imagepreview":"large","priority":null,"frequency":null,"local_seo":null,"seo_analyzer_scan_date":"2025-09-17 00:22:24","breadcrumb_settings":null,"limit_modified_date":false,"reviewed_by":null,"open_ai":null,"ai":null,"created":"2025-09-17 00:22:24","updated":"2025-11-27 01:28:13"},"aioseo_breadcrumb":"<div class=\"aioseo-breadcrumbs\"><span class=\"aioseo-breadcrumb\">\n\t<a href=\"https:\/\/droix.eu\/hr\/\" title=\"Home\">Home<\/a>\n<\/span><span class=\"aioseo-breadcrumb-separator\">&raquo;<\/span><span class=\"aioseo-breadcrumb\">\n\tZalihe, pla\u0107anje i dostava\n<\/span><\/div>","aioseo_breadcrumb_json":[{"label":"Home","link":"https:\/\/droix.eu\/hr\/"},{"label":"Zalihe, pla\u0107anje i dostava","link":"https:\/\/droix.eu\/hr\/zalihe-placanje-i-dostava\/"}],"_links":{"self":[{"href":"https:\/\/droix.eu\/hr\/wp-json\/wp\/v2\/pages\/669686","targetHints":{"allow":["GET"]}}],"collection":[{"href":"https:\/\/droix.eu\/hr\/wp-json\/wp\/v2\/pages"}],"about":[{"href":"https:\/\/droix.eu\/hr\/wp-json\/wp\/v2\/types\/page"}],"author":[{"embeddable":true,"href":"https:\/\/droix.eu\/hr\/wp-json\/wp\/v2\/users\/2"}],"replies":[{"embeddable":true,"href":"https:\/\/droix.eu\/hr\/wp-json\/wp\/v2\/comments?post=669686"}],"version-history":[{"count":0,"href":"https:\/\/droix.eu\/hr\/wp-json\/wp\/v2\/pages\/669686\/revisions"}],"wp:attachment":[{"href":"https:\/\/droix.eu\/hr\/wp-json\/wp\/v2\/media?parent=669686"}],"curies":[{"name":"wp","href":"https:\/\/api.w.org\/{rel}","templated":true}]}}