{"id":669657,"date":"2021-12-23T11:49:46","date_gmt":"2021-12-23T11:49:46","guid":{"rendered":"https:\/\/droix.eu\/pravila-o-kolacicima\/"},"modified":"2025-07-16T15:43:55","modified_gmt":"2025-07-16T14:43:55","slug":"pravila-o-kolacicima","status":"publish","type":"page","link":"https:\/\/droix.eu\/hr\/pravila-o-kolacicima\/","title":{"rendered":"Pravila o kola\u010di\u0107ima"},"content":{"rendered":"\n<p>Sljede\u0107a Pravila o kola\u010di\u0107ima moraju se uzeti u skladu s <a href=\"https:\/\/droix.eu\/hr\/uvjeti-i-odredbe\/\" target=\"_blank\" rel=\"noreferrer noopener\">Uvjetima i odredbama<\/a> i <a href=\"https:\/\/droix.eu\/hr\/privatnosti\/\" target=\"_blank\" rel=\"noreferrer noopener\">Pravilima o privatnosti<\/a> (upareni s), &#8220;kao jedan&#8221;<\/p>\n\n<ol class=\"wp-block-list\">\n<li>Ovi uvjeti prodaje primjenjuju se na svu robu koju isporu\u010duje DROIX, sa sjedi\u0161tem na adresi 54C Expressway, N Woolwich Rd, London, E16 2AA, Ujedinjeno Kraljevstvo).\n<ol class=\"wp-block-list\">\n<li>U navedenom ugovoru upu\u0107uje se na: Mi (DROIX) smo dobavlja\u010d, a vi (kupac)<\/li>\n<\/ol>\n<\/li>\n<\/ol>\n\n<ol class=\"wp-block-list\">\n<li>Web stranica Dobavlja\u010da koristi kola\u010di\u0107e kako bi razlikovala kupca, odnosno Vas, od ostalih korisnika web stranice. To poma\u017ee Dobavlja\u010du da vam pru\u017ei dobro iskustvo kada pregledavate web stranicu Dobavlja\u010da, a tako\u0111er omogu\u0107uje Dobavlja\u010du da pobolj\u0161a na\u0161u web stranicu. Nastavkom pregledavanja stranice pristajete na kori\u0161tenje kola\u010di\u0107a od strane Dobavlja\u010da.  <\/li>\n\n\n\n<li>Kola\u010di\u0107 je mala datoteka slova i brojeva koju dobavlja\u010d pohranjuje u va\u0161 preglednik ili tvrdi disk va\u0161eg ra\u010dunala ili mobilnog telefona ako se sla\u017eete. Kola\u010di\u0107i sadr\u017ee informacije koje se prenose na tvrdi disk va\u0161eg ra\u010dunala. <\/li>\n\n\n\n<li>Dobavlja\u010d koristi sljede\u0107e kola\u010di\u0107e:\n<ol class=\"wp-block-list\">\n<li>Strogo potrebni kola\u010di\u0107i. To su kola\u010di\u0107i koji su potrebni za rad web stranice Dobavlja\u010da. Oni uklju\u010duju, na primjer, kola\u010di\u0107e koji vam omogu\u0107uju prijavu na sigurna podru\u010dja web stranice dobavlja\u010da i obavljanje transakcija.  <\/li>\n\n\n\n<li>Analiti\u010dki\/izvedbeni kola\u010di\u0107i. Omogu\u0107uju Dobavlja\u010du da prepozna i prebroji broj posjetitelja i da vidi kako se posjetitelji kre\u0107u po web stranici Dobavlja\u010da kada je koriste. To poma\u017ee dobavlja\u010du da pobolj\u0161a na\u010din rada web stranice, na primjer, osiguravaju\u0107i da korisnici lako i bez muke prona\u0111u ono \u0161to tra\u017ee.  <\/li>\n\n\n\n<li>Dobavlja\u010d koristi kola\u010di\u0107e Google Analytics. Google Analytics prikuplja podatke anonimno. Izvje\u0161tava o trendovima web stranica bez identificiranja pojedina\u010dnih posjetitelja. Mo\u017eete isklju\u010diti Google Analytics bez utjecaja na na\u010din na koji posje\u0107ujete ovu stranicu. Za vi\u0161e informacija o Google Analyticsu kliknite ovdje.    <\/li>\n\n\n\n<li>Ciljani kola\u010di\u0107i. Ovi kola\u010di\u0107i bilje\u017ee va\u0161 posjet web stranici dobavlja\u010da, stranice koje ste posjetili i poveznice koje ste slijedili. Dobavlja\u010d koristi ove informacije kako bi web stranicu i oglase koji se na njoj prikazuju u\u010dinili relevantnijima za va\u0161e interese. Dobavlja\u010d tako\u0111er mo\u017ee podijeliti ove podatke s tre\u0107im stranama u tu svrhu.   <\/li>\n<\/ol>\n<\/li>\n\n\n\n<li>Imajte na umu da tre\u0107e strane (uklju\u010duju\u0107i, na primjer, ogla\u0161iva\u010dke mre\u017ee i pru\u017eatelje vanjskih usluga kao \u0161to su usluge analize web prometa) tako\u0111er mogu koristiti kola\u010di\u0107e nad kojima Dobavlja\u010d nema kontrolu. Ovi kola\u010di\u0107i vjerojatno \u0107e biti analiti\u010dki\/izvedbeni kola\u010di\u0107i ili ciljani kola\u010di\u0107i. <\/li>\n\n\n\n<li>Kola\u010di\u0107e mo\u017eete blokirati aktiviranjem postavke u pregledniku koja vam omogu\u0107uje da odbijete postavljanje svih ili nekih kola\u010di\u0107a. Me\u0111utim, ako koristite postavke preglednika za blokiranje svih kola\u010di\u0107a (uklju\u010duju\u0107i osnovne kola\u010di\u0107e), mo\u017eda ne\u0107ete mo\u0107i pristupiti cijeloj web stranici Dobavlja\u010da ili njezinim dijelovima. <\/li>\n<\/ol>\n\n<h2 class=\"wp-block-heading\" id=\"h-cookie-description\">OPIS KOLA\u010cI\u0106A<\/h2>\n<p><script type=\"text\/javascript\" charset=\"UTF-8\" data-cookiescriptreport=\"report\" src=\"\/\/report.cookie-script.com\/r\/21c7c108a50ee55d6c4ed24051df0334.js\"><\/script><\/p>\n\n<p class=\"has-text-align-center\">Pravilo o kola\u010di\u0107ima Posljednje a\u017euriranje: 12. listopada 2022. &#8211; 02:29.<\/p>\n","protected":false},"excerpt":{"rendered":"<p>Sljede\u0107a Pravila o kola\u010di\u0107ima moraju se uzeti u skladu s Uvjetima i odredbama i Pravilima o privatnosti (upareni s), &#8220;kao jedan&#8221; OPIS KOLA\u010cI\u0106A Pravilo o kola\u010di\u0107ima Posljednje a\u017euriranje: 12. listopada 2022. &#8211; 02:29.<\/p>\n","protected":false},"author":1,"featured_media":0,"parent":0,"menu_order":0,"comment_status":"closed","ping_status":"closed","template":"","meta":{"_acf_changed":false,"footnotes":""},"class_list":["post-669657","page","type-page","status-publish","hentry"],"acf":[],"aioseo_notices":[],"aioseo_head":"\n\t\t<!-- All in One SEO Pro 4.9.5.2 - aioseo.com -->\n\t<meta name=\"description\" content=\"Sljede\u0107a Pravila o kola\u010di\u0107ima moraju se uzeti u skladu s Uvjetima i odredbama i Pravilima o privatnosti (upareni s), &quot;kao jedan&quot; Ovi uvjeti prodaje primjenjuju se na svu robu koju isporu\u010duje DROIX, sa sjedi\u0161tem na adresi 54C Expressway, N Woolwich Rd, London, E16 2AA, Ujedinjeno Kraljevstvo). U navedenom ugovoru upu\u0107uje se na: Mi (DROIX) smo\" \/>\n\t<meta name=\"robots\" content=\"max-image-preview:large\" \/>\n\t<link rel=\"canonical\" href=\"https:\/\/droix.eu\/hr\/pravila-o-kolacicima\/\" \/>\n\t<meta name=\"generator\" content=\"All in One SEO Pro (AIOSEO) 4.9.5.2\" \/>\n\t\t<meta property=\"og:locale\" content=\"hr_HR\" \/>\n\t\t<meta property=\"og:site_name\" content=\"DROIX EU - Get the latest Mini PCs, Ultrabook, PC Gaming Handhelds and more!\" \/>\n\t\t<meta property=\"og:type\" content=\"article\" \/>\n\t\t<meta property=\"og:title\" content=\"Pravila o kola\u010di\u0107ima - DROIX EU\" \/>\n\t\t<meta property=\"og:description\" content=\"Sljede\u0107a Pravila o kola\u010di\u0107ima moraju se uzeti u skladu s Uvjetima i odredbama i Pravilima o privatnosti (upareni s), &quot;kao jedan&quot; Ovi uvjeti prodaje primjenjuju se na svu robu koju isporu\u010duje DROIX, sa sjedi\u0161tem na adresi 54C Expressway, N Woolwich Rd, London, E16 2AA, Ujedinjeno Kraljevstvo). U navedenom ugovoru upu\u0107uje se na: Mi (DROIX) smo\" \/>\n\t\t<meta property=\"og:url\" content=\"https:\/\/droix.eu\/hr\/pravila-o-kolacicima\/\" \/>\n\t\t<meta property=\"og:image\" content=\"https:\/\/droix.eu\/wp-content\/uploads\/2024\/06\/droix-v2-light-logo.png\" \/>\n\t\t<meta property=\"og:image:secure_url\" content=\"https:\/\/droix.eu\/wp-content\/uploads\/2024\/06\/droix-v2-light-logo.png\" \/>\n\t\t<meta property=\"og:image:width\" content=\"380\" \/>\n\t\t<meta property=\"og:image:height\" content=\"118\" \/>\n\t\t<meta property=\"article:published_time\" content=\"2021-12-23T11:49:46+00:00\" \/>\n\t\t<meta property=\"article:modified_time\" content=\"2025-07-16T14:43:55+00:00\" \/>\n\t\t<meta property=\"article:publisher\" content=\"https:\/\/www.facebook.com\/DroiX.Store\" \/>\n\t\t<meta name=\"twitter:card\" content=\"summary_large_image\" \/>\n\t\t<meta name=\"twitter:site\" content=\"@DroiX_Store\" \/>\n\t\t<meta name=\"twitter:title\" content=\"Pravila o kola\u010di\u0107ima - DROIX EU\" \/>\n\t\t<meta name=\"twitter:description\" content=\"Sljede\u0107a Pravila o kola\u010di\u0107ima moraju se uzeti u skladu s Uvjetima i odredbama i Pravilima o privatnosti (upareni s), &quot;kao jedan&quot; Ovi uvjeti prodaje primjenjuju se na svu robu koju isporu\u010duje DROIX, sa sjedi\u0161tem na adresi 54C Expressway, N Woolwich Rd, London, E16 2AA, Ujedinjeno Kraljevstvo). U navedenom ugovoru upu\u0107uje se na: Mi (DROIX) smo\" \/>\n\t\t<meta name=\"twitter:creator\" content=\"@DroiX_Store\" \/>\n\t\t<meta name=\"twitter:image\" content=\"https:\/\/droix.eu\/wp-content\/uploads\/2024\/06\/droix-v2-light-logo.png\" \/>\n\t\t<script type=\"application\/ld+json\" class=\"aioseo-schema\">\n\t\t\t{\"@context\":\"https:\\\/\\\/schema.org\",\"@graph\":[{\"@type\":\"BreadcrumbList\",\"@id\":\"https:\\\/\\\/droix.eu\\\/hr\\\/pravila-o-kolacicima\\\/#breadcrumblist\",\"itemListElement\":[{\"@type\":\"ListItem\",\"@id\":\"https:\\\/\\\/droix.eu\\\/hr\\\/#listItem\",\"position\":1,\"name\":\"Home\",\"item\":\"https:\\\/\\\/droix.eu\\\/hr\\\/\",\"nextItem\":{\"@type\":\"ListItem\",\"@id\":\"https:\\\/\\\/droix.eu\\\/hr\\\/pravila-o-kolacicima\\\/#listItem\",\"name\":\"Pravila o kola\\u010di\\u0107ima\"}},{\"@type\":\"ListItem\",\"@id\":\"https:\\\/\\\/droix.eu\\\/hr\\\/pravila-o-kolacicima\\\/#listItem\",\"position\":2,\"name\":\"Pravila o kola\\u010di\\u0107ima\",\"previousItem\":{\"@type\":\"ListItem\",\"@id\":\"https:\\\/\\\/droix.eu\\\/hr\\\/#listItem\",\"name\":\"Home\"}}]},{\"@type\":\"Organization\",\"@id\":\"https:\\\/\\\/droix.eu\\\/hr\\\/#organization\",\"name\":\"DroiX \\u2013 Trusted EU Tech Retailer with 12+ Years Experience\",\"description\":\"DroiX is a leading European technology retailer with over 12 years of experience, offering quality mini PCs, handheld gaming consoles, and tech accessories. We provide hassle-free EU delivery with all taxes included, ensuring a smooth and reliable shopping experience for our customers across Europe.\",\"url\":\"https:\\\/\\\/droix.eu\\\/hr\\\/\",\"logo\":{\"@type\":\"ImageObject\",\"url\":\"https:\\\/\\\/droix.eu\\\/wp-content\\\/uploads\\\/2024\\\/06\\\/droix-v2-light-logo.png\",\"@id\":\"https:\\\/\\\/droix.eu\\\/hr\\\/pravila-o-kolacicima\\\/#organizationLogo\",\"width\":380,\"height\":118},\"image\":{\"@id\":\"https:\\\/\\\/droix.eu\\\/hr\\\/pravila-o-kolacicima\\\/#organizationLogo\"},\"sameAs\":[\"https:\\\/\\\/www.facebook.com\\\/DroiX.Store\",\"https:\\\/\\\/twitter.com\\\/DroiX_Store\",\"https:\\\/\\\/www.instagram.com\\\/droix.store\\\/\",\"https:\\\/\\\/www.tiktok.com\\\/@droix.store\",\"https:\\\/\\\/www.youtube.com\\\/c\\\/DroiX_Store\",\"https:\\\/\\\/uk.linkedin.com\\\/company\\\/droix\"]},{\"@type\":\"WebPage\",\"@id\":\"https:\\\/\\\/droix.eu\\\/hr\\\/pravila-o-kolacicima\\\/#webpage\",\"url\":\"https:\\\/\\\/droix.eu\\\/hr\\\/pravila-o-kolacicima\\\/\",\"name\":\"Pravila o kola\\u010di\\u0107ima - DROIX EU\",\"description\":\"Sljede\\u0107a Pravila o kola\\u010di\\u0107ima moraju se uzeti u skladu s Uvjetima i odredbama i Pravilima o privatnosti (upareni s), \\\"kao jedan\\\" Ovi uvjeti prodaje primjenjuju se na svu robu koju isporu\\u010duje DROIX, sa sjedi\\u0161tem na adresi 54C Expressway, N Woolwich Rd, London, E16 2AA, Ujedinjeno Kraljevstvo). U navedenom ugovoru upu\\u0107uje se na: Mi (DROIX) smo\",\"inLanguage\":\"hr\",\"isPartOf\":{\"@id\":\"https:\\\/\\\/droix.eu\\\/hr\\\/#website\"},\"breadcrumb\":{\"@id\":\"https:\\\/\\\/droix.eu\\\/hr\\\/pravila-o-kolacicima\\\/#breadcrumblist\"},\"datePublished\":\"2021-12-23T11:49:46+00:00\",\"dateModified\":\"2025-07-16T15:43:55+01:00\"},{\"@type\":\"WebSite\",\"@id\":\"https:\\\/\\\/droix.eu\\\/hr\\\/#website\",\"url\":\"https:\\\/\\\/droix.eu\\\/hr\\\/\",\"name\":\"DROIX EU\",\"description\":\"Get the latest Mini PCs, Ultrabook, PC Gaming Handhelds and more!\",\"inLanguage\":\"hr\",\"publisher\":{\"@id\":\"https:\\\/\\\/droix.eu\\\/hr\\\/#organization\"}}]}\n\t\t<\/script>\n\t\t<!-- All in One SEO Pro -->\r\n\t\t<title>Pravila o kola\u010di\u0107ima - DROIX EU<\/title>\n\n","aioseo_head_json":{"title":"Pravila o kola\u010di\u0107ima - DROIX EU","description":"Sljede\u0107a Pravila o kola\u010di\u0107ima moraju se uzeti u skladu s Uvjetima i odredbama i Pravilima o privatnosti (upareni s), \"kao jedan\" Ovi uvjeti prodaje primjenjuju se na svu robu koju isporu\u010duje DROIX, sa sjedi\u0161tem na adresi 54C Expressway, N Woolwich Rd, London, E16 2AA, Ujedinjeno Kraljevstvo). U navedenom ugovoru upu\u0107uje se na: Mi (DROIX) smo","canonical_url":"https:\/\/droix.eu\/hr\/pravila-o-kolacicima\/","robots":"max-image-preview:large","keywords":"","webmasterTools":{"miscellaneous":""},"schema":{"@context":"https:\/\/schema.org","@graph":[{"@type":"BreadcrumbList","@id":"https:\/\/droix.eu\/hr\/pravila-o-kolacicima\/#breadcrumblist","itemListElement":[{"@type":"ListItem","@id":"https:\/\/droix.eu\/hr\/#listItem","position":1,"name":"Home","item":"https:\/\/droix.eu\/hr\/","nextItem":{"@type":"ListItem","@id":"https:\/\/droix.eu\/hr\/pravila-o-kolacicima\/#listItem","name":"Pravila o kola\u010di\u0107ima"}},{"@type":"ListItem","@id":"https:\/\/droix.eu\/hr\/pravila-o-kolacicima\/#listItem","position":2,"name":"Pravila o kola\u010di\u0107ima","previousItem":{"@type":"ListItem","@id":"https:\/\/droix.eu\/hr\/#listItem","name":"Home"}}]},{"@type":"Organization","@id":"https:\/\/droix.eu\/hr\/#organization","name":"DroiX \u2013 Trusted EU Tech Retailer with 12+ Years Experience","description":"DroiX is a leading European technology retailer with over 12 years of experience, offering quality mini PCs, handheld gaming consoles, and tech accessories. We provide hassle-free EU delivery with all taxes included, ensuring a smooth and reliable shopping experience for our customers across Europe.","url":"https:\/\/droix.eu\/hr\/","logo":{"@type":"ImageObject","url":"https:\/\/droix.eu\/wp-content\/uploads\/2024\/06\/droix-v2-light-logo.png","@id":"https:\/\/droix.eu\/hr\/pravila-o-kolacicima\/#organizationLogo","width":380,"height":118},"image":{"@id":"https:\/\/droix.eu\/hr\/pravila-o-kolacicima\/#organizationLogo"},"sameAs":["https:\/\/www.facebook.com\/DroiX.Store","https:\/\/twitter.com\/DroiX_Store","https:\/\/www.instagram.com\/droix.store\/","https:\/\/www.tiktok.com\/@droix.store","https:\/\/www.youtube.com\/c\/DroiX_Store","https:\/\/uk.linkedin.com\/company\/droix"]},{"@type":"WebPage","@id":"https:\/\/droix.eu\/hr\/pravila-o-kolacicima\/#webpage","url":"https:\/\/droix.eu\/hr\/pravila-o-kolacicima\/","name":"Pravila o kola\u010di\u0107ima - DROIX EU","description":"Sljede\u0107a Pravila o kola\u010di\u0107ima moraju se uzeti u skladu s Uvjetima i odredbama i Pravilima o privatnosti (upareni s), \"kao jedan\" Ovi uvjeti prodaje primjenjuju se na svu robu koju isporu\u010duje DROIX, sa sjedi\u0161tem na adresi 54C Expressway, N Woolwich Rd, London, E16 2AA, Ujedinjeno Kraljevstvo). U navedenom ugovoru upu\u0107uje se na: Mi (DROIX) smo","inLanguage":"hr","isPartOf":{"@id":"https:\/\/droix.eu\/hr\/#website"},"breadcrumb":{"@id":"https:\/\/droix.eu\/hr\/pravila-o-kolacicima\/#breadcrumblist"},"datePublished":"2021-12-23T11:49:46+00:00","dateModified":"2025-07-16T15:43:55+01:00"},{"@type":"WebSite","@id":"https:\/\/droix.eu\/hr\/#website","url":"https:\/\/droix.eu\/hr\/","name":"DROIX EU","description":"Get the latest Mini PCs, Ultrabook, PC Gaming Handhelds and more!","inLanguage":"hr","publisher":{"@id":"https:\/\/droix.eu\/hr\/#organization"}}]},"og:locale":"hr_HR","og:site_name":"DROIX EU - Get the latest Mini PCs, Ultrabook, PC Gaming Handhelds and more!","og:type":"article","og:title":"Pravila o kola\u010di\u0107ima - DROIX EU","og:description":"Sljede\u0107a Pravila o kola\u010di\u0107ima moraju se uzeti u skladu s Uvjetima i odredbama i Pravilima o privatnosti (upareni s), &quot;kao jedan&quot; Ovi uvjeti prodaje primjenjuju se na svu robu koju isporu\u010duje DROIX, sa sjedi\u0161tem na adresi 54C Expressway, N Woolwich Rd, London, E16 2AA, Ujedinjeno Kraljevstvo). U navedenom ugovoru upu\u0107uje se na: Mi (DROIX) smo","og:url":"https:\/\/droix.eu\/hr\/pravila-o-kolacicima\/","og:image":"https:\/\/droix.eu\/wp-content\/uploads\/2024\/06\/droix-v2-light-logo.png","og:image:secure_url":"https:\/\/droix.eu\/wp-content\/uploads\/2024\/06\/droix-v2-light-logo.png","og:image:width":380,"og:image:height":118,"article:published_time":"2021-12-23T11:49:46+00:00","article:modified_time":"2025-07-16T14:43:55+00:00","article:publisher":"https:\/\/www.facebook.com\/DroiX.Store","twitter:card":"summary_large_image","twitter:site":"@DroiX_Store","twitter:title":"Pravila o kola\u010di\u0107ima - DROIX EU","twitter:description":"Sljede\u0107a Pravila o kola\u010di\u0107ima moraju se uzeti u skladu s Uvjetima i odredbama i Pravilima o privatnosti (upareni s), &quot;kao jedan&quot; Ovi uvjeti prodaje primjenjuju se na svu robu koju isporu\u010duje DROIX, sa sjedi\u0161tem na adresi 54C Expressway, N Woolwich Rd, London, E16 2AA, Ujedinjeno Kraljevstvo). U navedenom ugovoru upu\u0107uje se na: Mi (DROIX) smo","twitter:creator":"@DroiX_Store","twitter:image":"https:\/\/droix.eu\/wp-content\/uploads\/2024\/06\/droix-v2-light-logo.png"},"aioseo_meta_data":{"post_id":"669657","title":null,"description":null,"keywords":null,"keyphrases":null,"primary_term":null,"canonical_url":null,"og_title":null,"og_description":null,"og_object_type":"default","og_image_type":"default","og_image_url":null,"og_image_width":null,"og_image_height":null,"og_image_custom_url":null,"og_image_custom_fields":null,"og_video":null,"og_custom_url":null,"og_article_section":null,"og_article_tags":null,"twitter_use_og":true,"twitter_card":"default","twitter_image_type":"default","twitter_image_url":null,"twitter_image_custom_url":null,"twitter_image_custom_fields":null,"twitter_title":null,"twitter_description":null,"schema":{"blockGraphs":[],"customGraphs":[],"default":{"data":{"Article":[],"Course":[],"Dataset":[],"FAQPage":[],"Movie":[],"Person":[],"Product":[],"ProductReview":[],"Car":[],"Recipe":[],"Service":[],"SoftwareApplication":[],"WebPage":[]},"graphName":"","isEnabled":true},"graphs":[]},"schema_type":"default","schema_type_options":null,"pillar_content":false,"robots_default":true,"robots_noindex":false,"robots_noarchive":false,"robots_nosnippet":false,"robots_nofollow":false,"robots_noimageindex":false,"robots_noodp":false,"robots_notranslate":false,"robots_max_snippet":null,"robots_max_videopreview":null,"robots_max_imagepreview":"large","priority":null,"frequency":null,"local_seo":null,"seo_analyzer_scan_date":"2025-09-16 22:54:10","breadcrumb_settings":null,"limit_modified_date":false,"reviewed_by":null,"open_ai":null,"ai":null,"created":"2025-09-16 22:54:10","updated":"2025-11-27 00:06:40"},"aioseo_breadcrumb":"<div class=\"aioseo-breadcrumbs\"><span class=\"aioseo-breadcrumb\">\n\t<a href=\"https:\/\/droix.eu\/hr\/\" title=\"Home\">Home<\/a>\n<\/span><span class=\"aioseo-breadcrumb-separator\">&raquo;<\/span><span class=\"aioseo-breadcrumb\">\n\tPravila o kola\u010di\u0107ima\n<\/span><\/div>","aioseo_breadcrumb_json":[{"label":"Home","link":"https:\/\/droix.eu\/hr\/"},{"label":"Pravila o kola\u010di\u0107ima","link":"https:\/\/droix.eu\/hr\/pravila-o-kolacicima\/"}],"_links":{"self":[{"href":"https:\/\/droix.eu\/hr\/wp-json\/wp\/v2\/pages\/669657","targetHints":{"allow":["GET"]}}],"collection":[{"href":"https:\/\/droix.eu\/hr\/wp-json\/wp\/v2\/pages"}],"about":[{"href":"https:\/\/droix.eu\/hr\/wp-json\/wp\/v2\/types\/page"}],"author":[{"embeddable":true,"href":"https:\/\/droix.eu\/hr\/wp-json\/wp\/v2\/users\/1"}],"replies":[{"embeddable":true,"href":"https:\/\/droix.eu\/hr\/wp-json\/wp\/v2\/comments?post=669657"}],"version-history":[{"count":0,"href":"https:\/\/droix.eu\/hr\/wp-json\/wp\/v2\/pages\/669657\/revisions"}],"wp:attachment":[{"href":"https:\/\/droix.eu\/hr\/wp-json\/wp\/v2\/media?parent=669657"}],"curies":[{"name":"wp","href":"https:\/\/api.w.org\/{rel}","templated":true}]}}