{"id":719606,"date":"2026-05-08T11:39:44","date_gmt":"2026-05-08T10:39:44","guid":{"rendered":"https:\/\/droix.eu\/product\/chargeur-mural-usb-c-droix-140w\/"},"modified":"2026-05-13T12:26:43","modified_gmt":"2026-05-13T11:26:43","slug":"chargeur-mural-usb-c-droix-140w","status":"publish","type":"product","link":"https:\/\/droix.eu\/fr\/product\/chargeur-mural-usb-c-droix-140w\/","title":{"rendered":"Chargeur mural USB-C DROIX 140W"},"content":{"rendered":"\n<div class=\"wp-block-columns is-layout-flex wp-container-core-columns-is-layout-28f84493 wp-block-columns-is-layout-flex\">\n<div class=\"wp-block-column is-layout-flow wp-block-column-is-layout-flow\" style=\"flex-basis:33.33%\">\n<figure class=\"wp-block-image size-large\"><a href=\"https:\/\/droix.eu\/wp-content\/uploads\/2026\/05\/DROIX-140W-BLACK-DONE-01.png\"><img fetchpriority=\"high\" decoding=\"async\" width=\"1024\" height=\"1024\" src=\"https:\/\/droix.eu\/wp-content\/uploads\/2026\/05\/DROIX-140W-BLACK-DONE-01-1024x1024.png\" alt=\"Rendu d&#xE9;taill&#xE9; de deux chargeurs muraux DROIX 140W GaN sous diff&#xE9;rentes perspectives, sur fond noir. Le chargeur au premier plan est vu de trois quarts avant. Il s'agit d'un bloc noir mat dont la prise am&#xE9;ricaine pliable est partiellement d&#xE9;ploy&#xE9;e sur le c&#xF4;t&#xE9; gauche. Sur le c&#xF4;t&#xE9;, un texte blanc pro&#xE9;minent indique &quot;CHARGER 140W&quot; avec un grand &quot;O&quot; et un petit &quot;140&quot; au-dessus du &quot;O&quot;, et le logo DROIX en dessous. La face avant noire brillante pr&#xE9;sente un &#xE9;cran circulaire central avec un anneau dynamique aux couleurs de l'arc-en-ciel autour du texte blanc &quot;140 W&quot; et une petite ic&#xF4;ne de charge verte. Sous l'&#xE9;cran se trouve un bouton ou un indicateur LED. Le chargeur en arri&#xE8;re-plan est vu de trois quarts, montrant les ports et les d&#xE9;tails du texte. Il pr&#xE9;sente des sp&#xE9;cifications techniques d&#xE9;taill&#xE9;es sur plusieurs lignes et des certifications de s&#xE9;curit&#xE9; en petits caract&#xE8;res blancs (tels que les num&#xE9;ros de mod&#xE8;le, les tensions\/courants nominaux et les marques CE, FCC, UKCA). Cet appareil affiche ses quatre ports de sortie : de haut en bas, un port USB-A aux accents orange &#xE9;tiquet&#xE9; avec un petit texte &quot; 22,5 W Max &quot;, suivi de trois ports USB-C &#xE9;tiquet&#xE9;s dans l'ordre &quot; 40 W &quot;, &quot; 100 W &quot; et &quot; 140 W &quot;. Les deux appareils pr&#xE9;sentent des grilles d'a&#xE9;ration sur le dessus. Cette composition offre une vue d'ensemble de la marque, de l'affichage et des capacit&#xE9;s des ports du chargeur.          \" class=\"wp-image-719285\" srcset=\"https:\/\/droix.eu\/wp-content\/uploads\/2026\/05\/DROIX-140W-BLACK-DONE-01-1024x1024.png 1024w, https:\/\/droix.eu\/wp-content\/uploads\/2026\/05\/DROIX-140W-BLACK-DONE-01-300x300.png 300w, https:\/\/droix.eu\/wp-content\/uploads\/2026\/05\/DROIX-140W-BLACK-DONE-01-768x768.png 768w, https:\/\/droix.eu\/wp-content\/uploads\/2026\/05\/DROIX-140W-BLACK-DONE-01-990x990.png 990w, https:\/\/droix.eu\/wp-content\/uploads\/2026\/05\/DROIX-140W-BLACK-DONE-01-441x441.png 441w, https:\/\/droix.eu\/wp-content\/uploads\/2026\/05\/DROIX-140W-BLACK-DONE-01-100x100.png 100w, https:\/\/droix.eu\/wp-content\/uploads\/2026\/05\/DROIX-140W-BLACK-DONE-01-1000x1000.png 1000w, https:\/\/droix.eu\/wp-content\/uploads\/2026\/05\/DROIX-140W-BLACK-DONE-01-150x150.png 150w, https:\/\/droix.eu\/wp-content\/uploads\/2026\/05\/DROIX-140W-BLACK-DONE-01.png 1500w\" sizes=\"(max-width: 1024px) 100vw, 1024px\" \/><\/a><\/figure>\n<\/div>\n\n\n\n<div class=\"wp-block-column is-layout-flow wp-block-column-is-layout-flow\" style=\"flex-basis:66.66%\">\n<h2 class=\"wp-block-heading\"><strong><strong><strong>Chargeur mural DROIX 140W USB-C GaN : Le hub de voyage haute performance ultime<\/strong><\/strong><\/strong><\/h2>\n\n\n\n<p>Le chargeur mural USB-C DROIX 140W repr\u00e9sente la prochaine g\u00e9n\u00e9ration d&#8217;alimentation portable, con\u00e7ue sp\u00e9cifiquement pour les utilisateurs qui exigent l&#8217;efficacit\u00e9 sans l&#8217;encombrement. En int\u00e9grant la technologie GaN (nitrure de gallium) de pointe, nous avons cr\u00e9\u00e9 un chargeur qui fournit l&#8217;\u00e9norme marge de man\u0153uvre requise pour des performances de pointe sur tous les appareils, du dernier iPhone 17 aux ordinateurs de poche de jeu haut de gamme. Par cons\u00e9quent, il \u00e9limine le besoin de plusieurs adaptateurs encombrants en consolidant vos besoins de charge en une seule unit\u00e9 d&#8217;alimentation \u00e9l\u00e9gante et \u00e0 haute efficacit\u00e9.  <\/p>\n<\/div>\n<\/div>\n\n<h2 class=\"wp-block-heading has-text-align-center\"><strong><strong><strong>Pourquoi le chargeur USB-C GaN 140W de DROIX est votre nouvel essentiel de voyage<\/strong><\/strong><\/strong><\/h2>\n\n<div class=\"wp-block-columns is-layout-flex wp-container-core-columns-is-layout-28f84493 wp-block-columns-is-layout-flex\">\n<div class=\"wp-block-column is-layout-flow wp-block-column-is-layout-flow\">\n<figure class=\"wp-block-image size-large\"><a href=\"https:\/\/droix.eu\/wp-content\/uploads\/2026\/05\/DROIX-140W-MARKETING-DONE-05.jpg\"><img decoding=\"async\" width=\"1024\" height=\"1024\" src=\"https:\/\/droix.eu\/wp-content\/uploads\/2026\/05\/DROIX-140W-MARKETING-DONE-05-1024x1024.jpg\" alt=\"Chargeur Droix 140W avec options de prises EU\/US pliables et dimensions montr&#xE9;es sur fond blanc\" class=\"wp-image-719286\" srcset=\"https:\/\/droix.eu\/wp-content\/uploads\/2026\/05\/DROIX-140W-MARKETING-DONE-05-1024x1024.jpg 1024w, https:\/\/droix.eu\/wp-content\/uploads\/2026\/05\/DROIX-140W-MARKETING-DONE-05-300x300.jpg 300w, https:\/\/droix.eu\/wp-content\/uploads\/2026\/05\/DROIX-140W-MARKETING-DONE-05-768x768.jpg 768w, https:\/\/droix.eu\/wp-content\/uploads\/2026\/05\/DROIX-140W-MARKETING-DONE-05-990x990.jpg 990w, https:\/\/droix.eu\/wp-content\/uploads\/2026\/05\/DROIX-140W-MARKETING-DONE-05-441x441.jpg 441w, https:\/\/droix.eu\/wp-content\/uploads\/2026\/05\/DROIX-140W-MARKETING-DONE-05-100x100.jpg 100w, https:\/\/droix.eu\/wp-content\/uploads\/2026\/05\/DROIX-140W-MARKETING-DONE-05-1000x1000.jpg 1000w, https:\/\/droix.eu\/wp-content\/uploads\/2026\/05\/DROIX-140W-MARKETING-DONE-05-150x150.jpg 150w, https:\/\/droix.eu\/wp-content\/uploads\/2026\/05\/DROIX-140W-MARKETING-DONE-05.jpg 1500w\" sizes=\"(max-width: 1024px) 100vw, 1024px\" \/><\/a><\/figure>\n<\/div>\n\n\n\n<div class=\"wp-block-column is-layout-flow wp-block-column-is-layout-flow\">\n<figure class=\"wp-block-image size-large\"><a href=\"https:\/\/droix.eu\/wp-content\/uploads\/2026\/05\/DROIX-140W-MARKETING-DONE-012.jpg\"><img decoding=\"async\" width=\"1024\" height=\"1024\" src=\"https:\/\/droix.eu\/wp-content\/uploads\/2026\/05\/DROIX-140W-MARKETING-DONE-012-1024x1024.jpg\" alt=\"Un chargeur mural USB-C DROIX 140W branch&#xE9; sur une prise murale, chargeant simultan&#xE9;ment quatre appareils, dont un ordinateur portable, une tablette, un smartphone et une smartwatch. L'image met en &#xE9;vidence la capacit&#xE9; &quot;4 Devices Simultaneous Charging&quot; avec quatre c&#xE2;bles connect&#xE9;s au bas de l'appareil. \" class=\"wp-image-719287\" srcset=\"https:\/\/droix.eu\/wp-content\/uploads\/2026\/05\/DROIX-140W-MARKETING-DONE-012-1024x1024.jpg 1024w, https:\/\/droix.eu\/wp-content\/uploads\/2026\/05\/DROIX-140W-MARKETING-DONE-012-300x300.jpg 300w, https:\/\/droix.eu\/wp-content\/uploads\/2026\/05\/DROIX-140W-MARKETING-DONE-012-768x768.jpg 768w, https:\/\/droix.eu\/wp-content\/uploads\/2026\/05\/DROIX-140W-MARKETING-DONE-012-990x990.jpg 990w, https:\/\/droix.eu\/wp-content\/uploads\/2026\/05\/DROIX-140W-MARKETING-DONE-012-441x441.jpg 441w, https:\/\/droix.eu\/wp-content\/uploads\/2026\/05\/DROIX-140W-MARKETING-DONE-012-100x100.jpg 100w, https:\/\/droix.eu\/wp-content\/uploads\/2026\/05\/DROIX-140W-MARKETING-DONE-012-1000x1000.jpg 1000w, https:\/\/droix.eu\/wp-content\/uploads\/2026\/05\/DROIX-140W-MARKETING-DONE-012-150x150.jpg 150w, https:\/\/droix.eu\/wp-content\/uploads\/2026\/05\/DROIX-140W-MARKETING-DONE-012.jpg 1500w\" sizes=\"(max-width: 1024px) 100vw, 1024px\" \/><\/a><\/figure>\n<\/div>\n<\/div>\n\n<p class=\"has-text-align-left\">La portabilit\u00e9 est au c\u0153ur de cette conception. Mesurant seulement 71 mm, le chargeur DROIX 140W est nettement plus petit qu&#8217;une brique d&#8217;ordinateur portable standard. Malgr\u00e9 sa taille compacte, il reste suffisamment puissant pour charger un MacBook Pro 16&#8243; ou un <a href=\"https:\/\/droix.eu\/fr\/product\/gpd-win-max-2-2025\/\" target=\"_blank\" rel=\"noopener\" title=\"\">GPD WIN 2<\/a> \u00e0 pleine vitesse.  <\/p>\n\n<p class=\"has-text-align-left\">En outre, l&#8217;inclusion d&#8217;un syst\u00e8me d&#8217;encliquetage transparent vous permet de passer facilement d&#8217;une prise britannique \u00e0 une prise europ\u00e9enne, am\u00e9ricaine ou australienne. Il s&#8217;agit donc d&#8217;un v\u00e9ritable compagnon mondial pour le nomade num\u00e9rique moderne. Comme il s&#8217;adapte aux diff\u00e9rentes prises internationales, vous pouvez voyager en toute confiance en sachant que vos appareils, de votre iPhone 16 \u00e0 votre Nintendo Switch 2, resteront aliment\u00e9s.  <\/p>\n\n<h2 class=\"wp-block-heading has-text-align-center\"><strong><strong><strong>Normes avanc\u00e9es GaN Power Delivery et PD 3.1<\/strong><\/strong><\/strong><\/h2>\n\n<div class=\"wp-block-columns is-layout-flex wp-container-core-columns-is-layout-28f84493 wp-block-columns-is-layout-flex\">\n<div class=\"wp-block-column is-layout-flow wp-block-column-is-layout-flow\">\n<figure class=\"wp-block-image size-large\"><a href=\"https:\/\/droix.eu\/wp-content\/uploads\/2026\/05\/DROIX-140W-MARKETING-DONE-011.jpg\"><img loading=\"lazy\" decoding=\"async\" width=\"1024\" height=\"1024\" src=\"https:\/\/droix.eu\/wp-content\/uploads\/2026\/05\/DROIX-140W-MARKETING-DONE-011-1024x1024.jpg\" alt=\"Gros plan sur le chargeur DROIX 140W argent&#xE9;, avec ses quatre ports et son &#xE9;cran int&#xE9;gr&#xE9;. Le texte met l'accent sur la technologie &quot;140W PD 3.1&quot;, soulignant sa capacit&#xE9; &#xE0; s'adapter automatiquement et &#xE0; charger rapidement les ordinateurs portables haute performance. \" class=\"wp-image-719288\" srcset=\"https:\/\/droix.eu\/wp-content\/uploads\/2026\/05\/DROIX-140W-MARKETING-DONE-011-1024x1024.jpg 1024w, https:\/\/droix.eu\/wp-content\/uploads\/2026\/05\/DROIX-140W-MARKETING-DONE-011-300x300.jpg 300w, https:\/\/droix.eu\/wp-content\/uploads\/2026\/05\/DROIX-140W-MARKETING-DONE-011-768x768.jpg 768w, https:\/\/droix.eu\/wp-content\/uploads\/2026\/05\/DROIX-140W-MARKETING-DONE-011-990x990.jpg 990w, https:\/\/droix.eu\/wp-content\/uploads\/2026\/05\/DROIX-140W-MARKETING-DONE-011-441x441.jpg 441w, https:\/\/droix.eu\/wp-content\/uploads\/2026\/05\/DROIX-140W-MARKETING-DONE-011-100x100.jpg 100w, https:\/\/droix.eu\/wp-content\/uploads\/2026\/05\/DROIX-140W-MARKETING-DONE-011-1000x1000.jpg 1000w, https:\/\/droix.eu\/wp-content\/uploads\/2026\/05\/DROIX-140W-MARKETING-DONE-011-150x150.jpg 150w, https:\/\/droix.eu\/wp-content\/uploads\/2026\/05\/DROIX-140W-MARKETING-DONE-011.jpg 1500w\" sizes=\"(max-width: 1024px) 100vw, 1024px\" \/><\/a><\/figure>\n<\/div>\n\n\n\n<div class=\"wp-block-column is-layout-flow wp-block-column-is-layout-flow\">\n<figure class=\"wp-block-image size-large\"><a href=\"https:\/\/droix.eu\/wp-content\/uploads\/2026\/05\/DROIX-140W-MARKETING-DONE-09.jpg\"><img loading=\"lazy\" decoding=\"async\" width=\"1024\" height=\"1024\" src=\"https:\/\/droix.eu\/wp-content\/uploads\/2026\/05\/DROIX-140W-MARKETING-DONE-09-1024x1024.jpg\" alt=\"Une infographie intitul&#xE9;e &quot;Smart Visual Charger&quot; pr&#xE9;sente les diff&#xE9;rents modes d'affichage en temps r&#xE9;el du chargeur DROIX 140W. Elle d&#xE9;taille les &#xE9;crans d'interface pour la puissance de sortie par port, le temps d'utilisation total (88H), l'&#xE9;tat de sant&#xE9; thermique et les ic&#xF4;nes de charge dynamique. \" class=\"wp-image-719289\" srcset=\"https:\/\/droix.eu\/wp-content\/uploads\/2026\/05\/DROIX-140W-MARKETING-DONE-09-1024x1024.jpg 1024w, https:\/\/droix.eu\/wp-content\/uploads\/2026\/05\/DROIX-140W-MARKETING-DONE-09-300x300.jpg 300w, https:\/\/droix.eu\/wp-content\/uploads\/2026\/05\/DROIX-140W-MARKETING-DONE-09-768x768.jpg 768w, https:\/\/droix.eu\/wp-content\/uploads\/2026\/05\/DROIX-140W-MARKETING-DONE-09-990x990.jpg 990w, https:\/\/droix.eu\/wp-content\/uploads\/2026\/05\/DROIX-140W-MARKETING-DONE-09-441x441.jpg 441w, https:\/\/droix.eu\/wp-content\/uploads\/2026\/05\/DROIX-140W-MARKETING-DONE-09-100x100.jpg 100w, https:\/\/droix.eu\/wp-content\/uploads\/2026\/05\/DROIX-140W-MARKETING-DONE-09-1000x1000.jpg 1000w, https:\/\/droix.eu\/wp-content\/uploads\/2026\/05\/DROIX-140W-MARKETING-DONE-09-150x150.jpg 150w, https:\/\/droix.eu\/wp-content\/uploads\/2026\/05\/DROIX-140W-MARKETING-DONE-09.jpg 1500w\" sizes=\"(max-width: 1024px) 100vw, 1024px\" \/><\/a><\/figure>\n<\/div>\n<\/div>\n\n<p>En utilisant la technologie avanc\u00e9e des semi-conducteurs GaN, ce meilleur chargeur 140w usb c atteint une plus grande efficacit\u00e9 et une plus faible g\u00e9n\u00e9ration de chaleur par rapport aux chargeurs traditionnels au silicium. Plus pr\u00e9cis\u00e9ment, il prend en charge la norme PD 3.1, garantissant une compatibilit\u00e9 totale avec les appareils les plus gourmands en \u00e9nergie du march\u00e9, notamment le <a href=\"https:\/\/droix.eu\/fr\/product\/gpd-win-5\/\" target=\"_blank\" rel=\"noopener\" title=\"\">GPD WIN 5<\/a> et le <a href=\"https:\/\/droix.eu\/fr\/product\/gpd-g2\/\" target=\"_blank\" rel=\"noopener\" title=\"\">GPD G2<\/a>. <\/p>\n\n<p>Chargement \u00e0 la vol\u00e9e intelligent : Prot\u00e8ge la long\u00e9vit\u00e9 de votre batterie en passant automatiquement d&#8217;un mode \u00e0 l&#8217;autre lorsque votre appareil atteint 80 % de sa capacit\u00e9.<\/p>\n\n<p>Gestion thermique : La r\u00e9duction de la signature thermique \u00e9vite les contraintes thermiques sur votre mat\u00e9riel co\u00fbteux, ce qui permet \u00e0 vos MacBooks et \u00e0 vos appareils mobiles de rester en parfait \u00e9tat plus longtemps.<\/p>\n\n<h2 class=\"wp-block-heading has-text-align-center\"><strong><strong><strong>Sp\u00e9cifications techniques et compatibilit\u00e9 universelle<\/strong><\/strong><\/strong><\/h2>\n\n<div class=\"wp-block-columns is-layout-flex wp-container-core-columns-is-layout-28f84493 wp-block-columns-is-layout-flex\">\n<div class=\"wp-block-column is-layout-flow wp-block-column-is-layout-flow\">\n<figure class=\"wp-block-image size-large\"><a href=\"https:\/\/droix.eu\/wp-content\/uploads\/2026\/05\/DROIX-140W-MARKETING-DONE-07.jpg\"><img loading=\"lazy\" decoding=\"async\" width=\"1024\" height=\"1024\" src=\"https:\/\/droix.eu\/wp-content\/uploads\/2026\/05\/DROIX-140W-MARKETING-DONE-07-1024x1024.jpg\" alt=\"Une infographie technique compl&#xE8;te d&#xE9;taillant la puissance de sortie et la distribution du chargeur DROIX 140W. La partie sup&#xE9;rieure indique la puissance individuelle maximale et les sp&#xE9;cifications de tension\/amp&#xE9;rage pour les ports C1 (140W), C2 (100W), C3 (40W) et USB-A (22,5W). Les sections inf&#xE9;rieures pr&#xE9;sentent dix diagrammes montrant exactement comment la puissance est partag&#xE9;e et r&#xE9;partie entre les diff&#xE9;rentes configurations &#xE0; double, triple et quadruple ports.  \" class=\"wp-image-719290\" srcset=\"https:\/\/droix.eu\/wp-content\/uploads\/2026\/05\/DROIX-140W-MARKETING-DONE-07-1024x1024.jpg 1024w, https:\/\/droix.eu\/wp-content\/uploads\/2026\/05\/DROIX-140W-MARKETING-DONE-07-300x300.jpg 300w, https:\/\/droix.eu\/wp-content\/uploads\/2026\/05\/DROIX-140W-MARKETING-DONE-07-768x768.jpg 768w, https:\/\/droix.eu\/wp-content\/uploads\/2026\/05\/DROIX-140W-MARKETING-DONE-07-990x990.jpg 990w, https:\/\/droix.eu\/wp-content\/uploads\/2026\/05\/DROIX-140W-MARKETING-DONE-07-441x441.jpg 441w, https:\/\/droix.eu\/wp-content\/uploads\/2026\/05\/DROIX-140W-MARKETING-DONE-07-100x100.jpg 100w, https:\/\/droix.eu\/wp-content\/uploads\/2026\/05\/DROIX-140W-MARKETING-DONE-07-1000x1000.jpg 1000w, https:\/\/droix.eu\/wp-content\/uploads\/2026\/05\/DROIX-140W-MARKETING-DONE-07-150x150.jpg 150w, https:\/\/droix.eu\/wp-content\/uploads\/2026\/05\/DROIX-140W-MARKETING-DONE-07.jpg 1500w\" sizes=\"(max-width: 1024px) 100vw, 1024px\" \/><\/a><\/figure>\n<\/div>\n\n\n\n<div class=\"wp-block-column is-layout-flow wp-block-column-is-layout-flow\">\n<figure class=\"wp-block-image size-large\"><a href=\"https:\/\/droix.eu\/wp-content\/uploads\/2026\/05\/DROIX-140W-MARKETING-DONE-010.jpg\"><img loading=\"lazy\" decoding=\"async\" width=\"1024\" height=\"1024\" src=\"https:\/\/droix.eu\/wp-content\/uploads\/2026\/05\/DROIX-140W-MARKETING-DONE-010-1024x1024.jpg\" alt=\"Graphique marketing intitul&#xE9; &quot;Comprend vos besoins de charge&quot;, mettant en &#xE9;vidence les 4 ports de sortie de l'appareil (3 USB-C et 1 USB-A). L'image pr&#xE9;sente une collection vari&#xE9;e d'appareils &#xE9;lectroniques compatibles, notamment un ordinateur portable, des tablettes, une Nintendo Switch, des smartphones, des &#xE9;couteurs sans fil, un drone et une cam&#xE9;ra &#xE0; cardan, d&#xE9;montrant ainsi la polyvalence du chargeur. \" class=\"wp-image-719291\" srcset=\"https:\/\/droix.eu\/wp-content\/uploads\/2026\/05\/DROIX-140W-MARKETING-DONE-010-1024x1024.jpg 1024w, https:\/\/droix.eu\/wp-content\/uploads\/2026\/05\/DROIX-140W-MARKETING-DONE-010-300x300.jpg 300w, https:\/\/droix.eu\/wp-content\/uploads\/2026\/05\/DROIX-140W-MARKETING-DONE-010-768x768.jpg 768w, https:\/\/droix.eu\/wp-content\/uploads\/2026\/05\/DROIX-140W-MARKETING-DONE-010-990x990.jpg 990w, https:\/\/droix.eu\/wp-content\/uploads\/2026\/05\/DROIX-140W-MARKETING-DONE-010-441x441.jpg 441w, https:\/\/droix.eu\/wp-content\/uploads\/2026\/05\/DROIX-140W-MARKETING-DONE-010-100x100.jpg 100w, https:\/\/droix.eu\/wp-content\/uploads\/2026\/05\/DROIX-140W-MARKETING-DONE-010-1000x1000.jpg 1000w, https:\/\/droix.eu\/wp-content\/uploads\/2026\/05\/DROIX-140W-MARKETING-DONE-010-150x150.jpg 150w, https:\/\/droix.eu\/wp-content\/uploads\/2026\/05\/DROIX-140W-MARKETING-DONE-010.jpg 1500w\" sizes=\"(max-width: 1024px) 100vw, 1024px\" \/><\/a><\/figure>\n<\/div>\n<\/div>\n\n<p>Le chargeur mural USB-C 140W de DROIX pr\u00e9sente une configuration de ports tr\u00e8s polyvalente, con\u00e7ue pour g\u00e9rer simultan\u00e9ment plusieurs demandes d&#8217;alimentation. Tout d&#8217;abord, le port USB-C1 principal est capable de fournir une puissance massive de 140 W. Cette performance de pointe est enti\u00e8rement prise en charge par les derniers protocoles PD 3.1 et PPS. En outre, le second port USB-C2 fournit une puissance substantielle de 100 W pour les ordinateurs portables haute performance.   <\/p>\n\n<p>En revanche, le port USB-C3 offre une puissance d\u00e9di\u00e9e de 40 W pour les tablettes ou les consoles portables. En outre, le port USB-A permet de charger les accessoires existants \u00e0 une puissance maximale de 22,5 W. Plus pr\u00e9cis\u00e9ment, ce port utilise les normes QC 3.0 et SCP pour une compatibilit\u00e9 maximale. Enfin, ces quatre ports sont g\u00e9r\u00e9s par des circuits intelligents qui garantissent que votre mat\u00e9riel est aliment\u00e9 en toute s\u00e9curit\u00e9. Par cons\u00e9quent, cette unit\u00e9 reste le choix le plus efficace pour les utilisateurs d&#8217;appareils multiples.    <\/p>\n\n<h2 class=\"wp-block-heading has-text-align-center\"><strong><strong><strong>Surveillance de pr\u00e9cision : Affichage visuel int\u00e9gr\u00e9<\/strong><\/strong><\/strong><\/h2>\n\n<p>L&#8217;information, c&#8217;est le pouvoir, et le chargeur DROIX 140W le fournit en temps r\u00e9el. L&#8217;affichage visuel intelligent int\u00e9gr\u00e9 vous permet de surveiller la sortie par port, la puissance totale et l&#8217;\u00e9tat thermique d&#8217;un seul coup d&#8217;\u0153il. De plus, le tracker &#8220;Time of Use&#8221; (temps d&#8217;utilisation) fournit des informations sur vos habitudes de charge. La s\u00e9curit\u00e9 \u00e9tant primordiale, l&#8217;\u00e9cran indique \u00e9galement lorsque l&#8217;unit\u00e9 se trouve dans des zones thermiques &#8220;excellentes&#8221;, ce qui vous permet de charger en toute tranquillit\u00e9 d&#8217;esprit.   <\/p>\n\n<h2 class=\"wp-block-heading has-text-align-center\"><strong>S\u00e9curit\u00e9 int\u00e9gr\u00e9e et protection multicouche<\/strong><\/h2>\n\n<p>La s\u00e9curit\u00e9 n&#8217;a pas \u00e9t\u00e9 n\u00e9glig\u00e9e lors du d\u00e9veloppement de ce mat\u00e9riel. Le ch\u00e2ssis est fabriqu\u00e9 \u00e0 partir de mat\u00e9riaux PC ignifug\u00e9s et pr\u00e9sente une conception anti-chute. A l&#8217;int\u00e9rieur, l&#8217;unit\u00e9 est \u00e9quip\u00e9e de :  <\/p>\n\n<ul class=\"wp-block-list\">\n<li>Protection contre les surintensit\u00e9s et les surtensions<\/li>\n\n\n\n<li>Protection contre les courts-circuits et la surchauffe<\/li>\n\n\n\n<li>Protection contre les champs \u00e9lectromagn\u00e9tiques<\/li>\n<\/ul>\n\n<p>Par cons\u00e9quent, votre co\u00fbteux iPhone 17 et vos ordinateurs de poche GPD sont prot\u00e9g\u00e9s des irr\u00e9gularit\u00e9s \u00e9lectriques. La construction l\u00e9g\u00e8re en GaN et la faible ondulation de la sortie garantissent que vos appareils \u00e9lectroniques re\u00e7oivent une alimentation propre et stable \u00e0 tout moment. <\/p>\n\n<h2 class=\"wp-block-heading has-text-align-center\"><strong>S\u00e9curisez votre chargeur mural USB-C DROIX 140W d\u00e8s aujourd&#8217;hui<\/strong><\/h2>\n\n<p>Arr\u00eatez de transporter un sac rempli de c\u00e2bles mal assortis et d&#8217;adaptateurs lourds. Le chargeur mural USB-C DROIX 140W est le seul outil dont vous avez besoin pour que votre bureau mobile ou votre plateforme de jeu fonctionne au maximum de ses capacit\u00e9s. En raison de la forte demande pour cette solution GaN &#8221; tout-en-un &#8220;, les stocks s&#8217;\u00e9coulent rapidement.  <\/p>\n\n<p>D\u00e9couvrez comment le chargeur mural USB-C GaN 140W de DROIX change la donne&#8230;<strong><a href=\"https:\/\/droix.net\/blogs\/pre-order-the-droix-140w-usb-c-wall-charger\/\" target=\"_blank\" rel=\"noopener\" title=\"\">En savoir plus sur notre blog !<\/a><\/strong><\/p>\n\n<p><\/p>\n","protected":false},"excerpt":{"rendered":"<ul>\n<li><strong>Puissance PD 3.1 de 140 W<\/strong> &#8211; Recharge rapidement les ordinateurs portables haute performance et les ordinateurs de poche de jeu \u00e0 une vitesse maximale.<\/li>\n<li><strong>Polyvalence \u00e0 quatre ports<\/strong>: alimentez simultan\u00e9ment quatre appareils via trois ports USB-C et un port USB-A.<\/li>\n<li><strong>Affichage visuel en direct<\/strong> &#8211; Contr\u00f4lez la puissance en temps r\u00e9el, l&#8217;\u00e9tat thermique et les modes de charge d&#8217;un seul coup d&#8217;\u0153il.<\/li>\n<li><strong>Global Travel System<\/strong> &#8211; Comprend des adaptateurs interchangeables pour le Royaume-Uni, l&#8217;Union europ\u00e9enne, les \u00c9tats-Unis et l&#8217;Australie.<\/li>\n<li><strong>Circuit de s\u00e9curit\u00e9 avanc\u00e9<\/strong> &#8211; La protection multicouche garantit une alimentation stable et r\u00e9gul\u00e9e en chaleur pour votre mat\u00e9riel.<\/li>\n<\/ul>\n[droix_global_accordions]\n[cg_accordion title=\"Le paquet comprend\"]<\/p>\n<ul>\n<li>1x Chargeur mural USB-C DROIX 140W<\/li>\n<li>1x Adaptateur de prise UK<\/li>\n<li>1x Adaptateur de prise UE<\/li>\n<li>1x Manuel de l&#8217;utilisateur<\/li>\n<\/ul>\n<p>[\/cg_accordion]\n","protected":false},"featured_media":719620,"template":"","meta":{"_acf_changed":false},"product_brand":[],"product_cat":[10290,10558,12822,10291],"product_tag":[],"woo-feed-brand":[],"key-features":[],"class_list":{"0":"post-719606","1":"product","2":"type-product","3":"status-publish","4":"has-post-thumbnail","6":"product_cat-accessoires","7":"product_cat-accessoires-de-jeu","8":"product_cat-accessoires-informatiques","9":"product_cat-accessoires-pour-ordinateur-portable","10":"product_shipping_class-standard","12":"first","13":"onbackorder","14":"sale","15":"taxable","16":"shipping-taxable","17":"product-type-variable","18":"has-default-attributes"},"acf":[],"aioseo_notices":[],"_links":{"self":[{"href":"https:\/\/droix.eu\/fr\/wp-json\/wp\/v2\/product\/719606","targetHints":{"allow":["GET"]}}],"collection":[{"href":"https:\/\/droix.eu\/fr\/wp-json\/wp\/v2\/product"}],"about":[{"href":"https:\/\/droix.eu\/fr\/wp-json\/wp\/v2\/types\/product"}],"version-history":[{"count":0,"href":"https:\/\/droix.eu\/fr\/wp-json\/wp\/v2\/product\/719606\/revisions"}],"wp:featuredmedia":[{"embeddable":true,"href":"https:\/\/droix.eu\/fr\/wp-json\/wp\/v2\/media\/719620"}],"wp:attachment":[{"href":"https:\/\/droix.eu\/fr\/wp-json\/wp\/v2\/media?parent=719606"}],"wp:term":[{"taxonomy":"product_brand","embeddable":true,"href":"https:\/\/droix.eu\/fr\/wp-json\/wp\/v2\/product_brand?post=719606"},{"taxonomy":"product_cat","embeddable":true,"href":"https:\/\/droix.eu\/fr\/wp-json\/wp\/v2\/product_cat?post=719606"},{"taxonomy":"product_tag","embeddable":true,"href":"https:\/\/droix.eu\/fr\/wp-json\/wp\/v2\/product_tag?post=719606"},{"taxonomy":"woo-feed-brand","embeddable":true,"href":"https:\/\/droix.eu\/fr\/wp-json\/wp\/v2\/woo-feed-brand?post=719606"},{"taxonomy":"key-features","embeddable":true,"href":"https:\/\/droix.eu\/fr\/wp-json\/wp\/v2\/key-features?post=719606"}],"curies":[{"name":"wp","href":"https:\/\/api.w.org\/{rel}","templated":true}]}}