{"id":716782,"date":"2026-03-26T11:22:04","date_gmt":"2026-03-26T11:22:04","guid":{"rendered":"https:\/\/droix.eu\/product\/onexplayer-apex-case\/"},"modified":"2026-03-26T11:22:04","modified_gmt":"2026-03-26T11:22:04","slug":"onexplayer-apex-case","status":"publish","type":"product","link":"https:\/\/droix.eu\/fr\/product\/onexplayer-apex-case\/","title":{"rendered":"ONEXPLAYER APEX Case"},"content":{"rendered":"","protected":false},"excerpt":{"rendered":"<ul>\n<li><strong>Adaptation officielle :<\/strong> Ce mod\u00e8le est con\u00e7u sp\u00e9cifiquement pour le PC portable ONEXPLAYER APEX afin d&#8217;assurer une exp\u00e9rience pr\u00e9cise et sans cliquetis.<\/li>\n<li><strong>Sangles de s\u00e9curit\u00e9 :<\/strong> Des bandes \u00e9lastiques internes maintiennent fermement l&#8217;appareil et les petits p\u00e9riph\u00e9riques en place pendant le transport.<\/li>\n<li><strong>Doublure douce :<\/strong> Un int\u00e9rieur de qualit\u00e9 sup\u00e9rieure, non abrasif, pr\u00e9vient les rayures et prot\u00e8ge le grand \u00e9cran haute r\u00e9solution contre les micro-\u00e9claboussures.<\/li>\n<li><strong>Dragonne :<\/strong> la boucle int\u00e9gr\u00e9e et renforc\u00e9e permet un transport facile et s\u00fbr sans risque de chute accidentelle.<\/li>\n<li><strong>Coque rigide :<\/strong> Cette coque renforc\u00e9e offre une protection durable et rigide \u00e0 votre PC de jeu Strix Halo haute performance.<\/li>\n<\/ul>\n[droix_global_accordions]\n[cg_accordion title=\"Le paquet comprend\"]<\/p>\n<ul>\n<li>1x ONEXPLAYER APEX Case<\/li>\n<\/ul>\n<p>[\/cg_accordion]\n","protected":false},"featured_media":716788,"template":"","meta":{"_acf_changed":false},"product_brand":[],"product_cat":[10290,10558],"product_tag":[],"woo-feed-brand":[2199],"key-features":[],"class_list":{"0":"post-716782","1":"product","2":"type-product","3":"status-publish","4":"has-post-thumbnail","6":"product_cat-accessoires","7":"product_cat-accessoires-de-jeu","8":"product_shipping_class-low-end","9":"pa_accessory-type-protective-case","10":"pa_brands-onexplayer-fr","11":"pa_compatibility-onexplayer-onexfly-apex","12":"woo-feed-brand-onexplayer","14":"first","15":"instock","16":"taxable","17":"shipping-taxable","18":"purchasable","19":"product-type-variable","20":"has-default-attributes"},"acf":[],"aioseo_notices":[],"aioseo_head":"\n\t\t<!-- All in One SEO Pro 4.9.6.2 - aioseo.com -->\n\t<meta name=\"description\" content=\"Prot\u00e9gez votre ordinateur de poche Strix Halo avec l&#039;\u00e9tui ONEXPLAYER APEX. Dot\u00e9 d&#039;une coque rigide, de sangles s\u00e9curis\u00e9es et d&#039;une doublure douce pour prot\u00e9ger votre \u00e9cran VRR. \ud83d\udee1\ufe0f\ud83d\ude80\" \/>\n\t<meta name=\"robots\" content=\"max-image-preview:large\" \/>\n\t<link rel=\"canonical\" href=\"https:\/\/droix.eu\/fr\/product\/onexplayer-apex-case\/\" \/>\n\t<meta name=\"generator\" content=\"All in One SEO Pro (AIOSEO) 4.9.6.2\" \/>\n\t\t<meta property=\"og:locale\" content=\"fr_FR\" \/>\n\t\t<meta property=\"og:site_name\" content=\"DROIX EU - Get the latest Mini PCs, Ultrabook, PC Gaming Handhelds and more!\" \/>\n\t\t<meta property=\"og:type\" content=\"article\" \/>\n\t\t<meta property=\"og:title\" content=\"ONEXPLAYER APEX Case | Armure de poche officielle \u00e0 coque dure \ud83c\udfae\" \/>\n\t\t<meta property=\"og:description\" content=\"Prot\u00e9gez votre ordinateur de poche Strix Halo avec l&#039;\u00e9tui ONEXPLAYER APEX. Dot\u00e9 d&#039;une coque rigide, de sangles s\u00e9curis\u00e9es et d&#039;une doublure douce pour prot\u00e9ger votre \u00e9cran VRR. \ud83d\udee1\ufe0f\ud83d\ude80\" \/>\n\t\t<meta property=\"og:url\" content=\"https:\/\/droix.eu\/fr\/product\/onexplayer-apex-case\/\" \/>\n\t\t<meta property=\"og:image\" content=\"https:\/\/droix.eu\/wp-content\/uploads\/2024\/06\/droix-v2-light-logo.png\" \/>\n\t\t<meta property=\"og:image:secure_url\" content=\"https:\/\/droix.eu\/wp-content\/uploads\/2024\/06\/droix-v2-light-logo.png\" \/>\n\t\t<meta property=\"og:image:width\" content=\"380\" \/>\n\t\t<meta property=\"og:image:height\" content=\"118\" \/>\n\t\t<meta property=\"article:published_time\" content=\"2026-03-26T11:22:04+00:00\" \/>\n\t\t<meta property=\"article:modified_time\" content=\"2026-03-26T11:22:04+00:00\" \/>\n\t\t<meta property=\"article:publisher\" content=\"https:\/\/www.facebook.com\/DroiX.Store\" \/>\n\t\t<meta name=\"twitter:card\" content=\"summary_large_image\" \/>\n\t\t<meta name=\"twitter:site\" content=\"@DroiX_Store\" \/>\n\t\t<meta name=\"twitter:title\" content=\"ONEXPLAYER APEX Case | Armure de poche officielle \u00e0 coque dure \ud83c\udfae\" \/>\n\t\t<meta name=\"twitter:description\" content=\"Prot\u00e9gez votre ordinateur de poche Strix Halo avec l&#039;\u00e9tui ONEXPLAYER APEX. Dot\u00e9 d&#039;une coque rigide, de sangles s\u00e9curis\u00e9es et d&#039;une doublure douce pour prot\u00e9ger votre \u00e9cran VRR. \ud83d\udee1\ufe0f\ud83d\ude80\" \/>\n\t\t<meta name=\"twitter:image\" content=\"https:\/\/droix.eu\/wp-content\/uploads\/2024\/06\/droix-v2-light-logo.png\" \/>\n\t\t<script type=\"application\/ld+json\" class=\"aioseo-schema\">\n\t\t\t{\"@context\":\"https:\\\/\\\/schema.org\",\"@graph\":[{\"@type\":\"BreadcrumbList\",\"@id\":\"https:\\\/\\\/droix.eu\\\/fr\\\/product\\\/onexplayer-apex-case\\\/#breadcrumblist\",\"itemListElement\":[{\"@type\":\"ListItem\",\"@id\":\"https:\\\/\\\/droix.eu\\\/fr\\\/#listItem\",\"position\":1,\"name\":\"Home\",\"item\":\"https:\\\/\\\/droix.eu\\\/fr\\\/\",\"nextItem\":{\"@type\":\"ListItem\",\"@id\":\"https:\\\/\\\/droix.eu\\\/fr\\\/product-category\\\/accessoires\\\/#listItem\",\"name\":\"Accessoires\"}},{\"@type\":\"ListItem\",\"@id\":\"https:\\\/\\\/droix.eu\\\/fr\\\/product-category\\\/accessoires\\\/#listItem\",\"position\":2,\"name\":\"Accessoires\",\"item\":\"https:\\\/\\\/droix.eu\\\/fr\\\/product-category\\\/accessoires\\\/\",\"nextItem\":{\"@type\":\"ListItem\",\"@id\":\"https:\\\/\\\/droix.eu\\\/fr\\\/product-category\\\/accessoires\\\/accessoires-de-jeu\\\/#listItem\",\"name\":\"Accessoires de jeu\"},\"previousItem\":{\"@type\":\"ListItem\",\"@id\":\"https:\\\/\\\/droix.eu\\\/fr\\\/#listItem\",\"name\":\"Home\"}},{\"@type\":\"ListItem\",\"@id\":\"https:\\\/\\\/droix.eu\\\/fr\\\/product-category\\\/accessoires\\\/accessoires-de-jeu\\\/#listItem\",\"position\":3,\"name\":\"Accessoires de jeu\",\"item\":\"https:\\\/\\\/droix.eu\\\/fr\\\/product-category\\\/accessoires\\\/accessoires-de-jeu\\\/\",\"nextItem\":{\"@type\":\"ListItem\",\"@id\":\"https:\\\/\\\/droix.eu\\\/fr\\\/product\\\/onexplayer-apex-case\\\/#listItem\",\"name\":\"ONEXPLAYER APEX Case\"},\"previousItem\":{\"@type\":\"ListItem\",\"@id\":\"https:\\\/\\\/droix.eu\\\/fr\\\/product-category\\\/accessoires\\\/#listItem\",\"name\":\"Accessoires\"}},{\"@type\":\"ListItem\",\"@id\":\"https:\\\/\\\/droix.eu\\\/fr\\\/product\\\/onexplayer-apex-case\\\/#listItem\",\"position\":4,\"name\":\"ONEXPLAYER APEX Case\",\"previousItem\":{\"@type\":\"ListItem\",\"@id\":\"https:\\\/\\\/droix.eu\\\/fr\\\/product-category\\\/accessoires\\\/accessoires-de-jeu\\\/#listItem\",\"name\":\"Accessoires de jeu\"}}]},{\"@type\":\"Organization\",\"@id\":\"https:\\\/\\\/droix.eu\\\/fr\\\/#organization\",\"name\":\"DroiX \\u2013 Trusted EU Tech Retailer with 12+ Years Experience\",\"description\":\"DroiX is a leading European technology retailer with over 12 years of experience, offering quality mini PCs, handheld gaming consoles, and tech accessories. We provide hassle-free EU delivery with all taxes included, ensuring a smooth and reliable shopping experience for our customers across Europe.\",\"url\":\"https:\\\/\\\/droix.eu\\\/fr\\\/\",\"logo\":{\"@type\":\"ImageObject\",\"url\":\"https:\\\/\\\/droix.eu\\\/wp-content\\\/uploads\\\/2024\\\/06\\\/droix-v2-light-logo.png\",\"@id\":\"https:\\\/\\\/droix.eu\\\/fr\\\/product\\\/onexplayer-apex-case\\\/#organizationLogo\",\"width\":380,\"height\":118},\"image\":{\"@id\":\"https:\\\/\\\/droix.eu\\\/fr\\\/product\\\/onexplayer-apex-case\\\/#organizationLogo\"},\"sameAs\":[\"https:\\\/\\\/www.facebook.com\\\/DroiX.Store\",\"https:\\\/\\\/twitter.com\\\/DroiX_Store\",\"https:\\\/\\\/www.instagram.com\\\/droix.store\\\/\",\"https:\\\/\\\/www.tiktok.com\\\/@droix.store\",\"https:\\\/\\\/www.youtube.com\\\/c\\\/DroiX_Store\",\"https:\\\/\\\/uk.linkedin.com\\\/company\\\/droix\"]},{\"@type\":\"ProductGroup\",\"@id\":\"https:\\\/\\\/droix.eu\\\/fr\\\/product\\\/onexplayer-apex-case\\\/#wooCommerceProduct\",\"name\":\"ONEXPLAYER APEX Case\",\"description\":\"Adaptation officielle : Ce mod\\u00e8le est con\\u00e7u sp\\u00e9cifiquement pour le PC portable ONEXPLAYER APEX afin d'assurer une exp\\u00e9rience pr\\u00e9cise et sans cliquetis.\\n    Sangles de s\\u00e9curit\\u00e9 : Des bandes \\u00e9lastiques internes maintiennent fermement l'appareil et les petits p\\u00e9riph\\u00e9riques en place pendant le transport.\\n    Doublure douce : Un int\\u00e9rieur de qualit\\u00e9 sup\\u00e9rieure, non abrasif, pr\\u00e9vient les rayures et prot\\u00e8ge le grand \\u00e9cran haute r\\u00e9solution contre les micro-\\u00e9claboussures.\\n    Dragonne : la boucle int\\u00e9gr\\u00e9e et renforc\\u00e9e permet un transport facile et s\\u00fbr sans risque de chute accidentelle.\\n    Coque rigide : Cette coque renforc\\u00e9e offre une protection durable et rigide \\u00e0 votre PC de jeu Strix Halo haute performance.\",\"url\":\"https:\\\/\\\/droix.eu\\\/fr\\\/product\\\/onexplayer-apex-case\\\/\",\"image\":{\"@type\":\"ImageObject\",\"url\":\"https:\\\/\\\/droix.eu\\\/wp-content\\\/uploads\\\/2026\\\/03\\\/ONEXPLAYER-APEX-CASE-LISTING-DONE-01.png\",\"@id\":\"https:\\\/\\\/droix.eu\\\/fr\\\/product\\\/onexplayer-apex-case\\\/#productImage\",\"width\":1500,\"height\":1500},\"productGroupID\":716782,\"hasVariant\":[{\"@type\":\"Product\",\"@id\":\"https:\\\/\\\/droix.eu\\\/fr\\\/product\\\/onexplayer-apex-case\\\/#wooCommerceProduct\",\"name\":\"ONEXPLAYER APEX Case - new\",\"description\":\"Adaptation officielle : Ce mod\\u00e8le est con\\u00e7u sp\\u00e9cifiquement pour le PC portable ONEXPLAYER APEX afin d'assurer une exp\\u00e9rience pr\\u00e9cise et sans cliquetis.\\n    Sangles de s\\u00e9curit\\u00e9 : Des bandes \\u00e9lastiques internes maintiennent fermement l'appareil et les petits p\\u00e9riph\\u00e9riques en place pendant le transport.\\n    Doublure douce : Un int\\u00e9rieur de qualit\\u00e9 sup\\u00e9rieure, non abrasif, pr\\u00e9vient les rayures et prot\\u00e8ge le grand \\u00e9cran haute r\\u00e9solution contre les micro-\\u00e9claboussures.\\n    Dragonne : la boucle int\\u00e9gr\\u00e9e et renforc\\u00e9e permet un transport facile et s\\u00fbr sans risque de chute accidentelle.\\n    Coque rigide : Cette coque renforc\\u00e9e offre une protection durable et rigide \\u00e0 votre PC de jeu Strix Halo haute performance.\",\"url\":\"https:\\\/\\\/droix.eu\\\/fr\\\/product\\\/onexplayer-apex-case\\\/\",\"sku\":\"ONEXPLAYER-APEX-CASE\",\"gtin\":\"5061077633664\",\"image\":{\"@type\":\"ImageObject\",\"url\":\"https:\\\/\\\/droix.eu\\\/wp-content\\\/uploads\\\/2026\\\/03\\\/ONEXPLAYER-APEX-CASE-LISTING-DONE-01.png\",\"@id\":\"https:\\\/\\\/droix.eu\\\/fr\\\/product\\\/onexplayer-apex-case\\\/#productImage\",\"width\":1500,\"height\":1500},\"offers\":{\"@type\":\"Offer\",\"url\":\"https:\\\/\\\/droix.eu\\\/fr\\\/product\\\/onexplayer-apex-case\\\/#wooCommerceOffer\",\"price\":\"25.95\",\"priceCurrency\":\"EUR\",\"category\":\"Accessoires\",\"availability\":\"https:\\\/\\\/schema.org\\\/InStock\",\"priceSpecification\":{\"@type\":\"PriceSpecification\",\"price\":25.95,\"priceCurrency\":\"EUR\",\"valueAddedTaxIncluded\":\"true\"}}}]},{\"@type\":\"WebPage\",\"@id\":\"https:\\\/\\\/droix.eu\\\/fr\\\/product\\\/onexplayer-apex-case\\\/#webpage\",\"url\":\"https:\\\/\\\/droix.eu\\\/fr\\\/product\\\/onexplayer-apex-case\\\/\",\"name\":\"ONEXPLAYER APEX Case | Armure de poche officielle \\u00e0 coque dure \\ud83c\\udfae\",\"description\":\"Prot\\u00e9gez votre ordinateur de poche Strix Halo avec l'\\u00e9tui ONEXPLAYER APEX. Dot\\u00e9 d'une coque rigide, de sangles s\\u00e9curis\\u00e9es et d'une doublure douce pour prot\\u00e9ger votre \\u00e9cran VRR. \\ud83d\\udee1\\ufe0f\\ud83d\\ude80\",\"inLanguage\":\"fr-FR\",\"isPartOf\":{\"@id\":\"https:\\\/\\\/droix.eu\\\/fr\\\/#website\"},\"breadcrumb\":{\"@id\":\"https:\\\/\\\/droix.eu\\\/fr\\\/product\\\/onexplayer-apex-case\\\/#breadcrumblist\"},\"image\":{\"@type\":\"ImageObject\",\"url\":\"https:\\\/\\\/droix.eu\\\/wp-content\\\/uploads\\\/2026\\\/03\\\/ONEXPLAYER-APEX-CASE-LISTING-DONE-01.png\",\"@id\":\"https:\\\/\\\/droix.eu\\\/fr\\\/product\\\/onexplayer-apex-case\\\/#mainImage\",\"width\":1500,\"height\":1500},\"primaryImageOfPage\":{\"@id\":\"https:\\\/\\\/droix.eu\\\/fr\\\/product\\\/onexplayer-apex-case\\\/#mainImage\"},\"datePublished\":\"2026-03-26T11:22:04+00:00\",\"dateModified\":\"2026-03-26T11:22:04+00:00\"},{\"@type\":\"WebSite\",\"@id\":\"https:\\\/\\\/droix.eu\\\/fr\\\/#website\",\"url\":\"https:\\\/\\\/droix.eu\\\/fr\\\/\",\"name\":\"DROIX EU\",\"description\":\"Get the latest Mini PCs, Ultrabook, PC Gaming Handhelds and more!\",\"inLanguage\":\"fr-FR\",\"publisher\":{\"@id\":\"https:\\\/\\\/droix.eu\\\/fr\\\/#organization\"}}]}\n\t\t<\/script>\n\t\t<!-- All in One SEO Pro -->\r\n\t\t<title>ONEXPLAYER APEX Case | Armure de poche officielle \u00e0 coque dure \ud83c\udfae<\/title>\n\n","aioseo_head_json":{"title":"ONEXPLAYER APEX Case | Armure de poche officielle \u00e0 coque dure \ud83c\udfae","description":"Prot\u00e9gez votre ordinateur de poche Strix Halo avec l'\u00e9tui ONEXPLAYER APEX. Dot\u00e9 d'une coque rigide, de sangles s\u00e9curis\u00e9es et d'une doublure douce pour prot\u00e9ger votre \u00e9cran VRR. \ud83d\udee1\ufe0f\ud83d\ude80","canonical_url":"https:\/\/droix.eu\/fr\/product\/onexplayer-apex-case\/","robots":"max-image-preview:large","keywords":"","webmasterTools":{"miscellaneous":""},"schema":{"@context":"https:\/\/schema.org","@graph":[{"@type":"BreadcrumbList","@id":"https:\/\/droix.eu\/fr\/product\/onexplayer-apex-case\/#breadcrumblist","itemListElement":[{"@type":"ListItem","@id":"https:\/\/droix.eu\/fr\/#listItem","position":1,"name":"Home","item":"https:\/\/droix.eu\/fr\/","nextItem":{"@type":"ListItem","@id":"https:\/\/droix.eu\/fr\/product-category\/accessoires\/#listItem","name":"Accessoires"}},{"@type":"ListItem","@id":"https:\/\/droix.eu\/fr\/product-category\/accessoires\/#listItem","position":2,"name":"Accessoires","item":"https:\/\/droix.eu\/fr\/product-category\/accessoires\/","nextItem":{"@type":"ListItem","@id":"https:\/\/droix.eu\/fr\/product-category\/accessoires\/accessoires-de-jeu\/#listItem","name":"Accessoires de jeu"},"previousItem":{"@type":"ListItem","@id":"https:\/\/droix.eu\/fr\/#listItem","name":"Home"}},{"@type":"ListItem","@id":"https:\/\/droix.eu\/fr\/product-category\/accessoires\/accessoires-de-jeu\/#listItem","position":3,"name":"Accessoires de jeu","item":"https:\/\/droix.eu\/fr\/product-category\/accessoires\/accessoires-de-jeu\/","nextItem":{"@type":"ListItem","@id":"https:\/\/droix.eu\/fr\/product\/onexplayer-apex-case\/#listItem","name":"ONEXPLAYER APEX Case"},"previousItem":{"@type":"ListItem","@id":"https:\/\/droix.eu\/fr\/product-category\/accessoires\/#listItem","name":"Accessoires"}},{"@type":"ListItem","@id":"https:\/\/droix.eu\/fr\/product\/onexplayer-apex-case\/#listItem","position":4,"name":"ONEXPLAYER APEX Case","previousItem":{"@type":"ListItem","@id":"https:\/\/droix.eu\/fr\/product-category\/accessoires\/accessoires-de-jeu\/#listItem","name":"Accessoires de jeu"}}]},{"@type":"Organization","@id":"https:\/\/droix.eu\/fr\/#organization","name":"DroiX \u2013 Trusted EU Tech Retailer with 12+ Years Experience","description":"DroiX is a leading European technology retailer with over 12 years of experience, offering quality mini PCs, handheld gaming consoles, and tech accessories. We provide hassle-free EU delivery with all taxes included, ensuring a smooth and reliable shopping experience for our customers across Europe.","url":"https:\/\/droix.eu\/fr\/","logo":{"@type":"ImageObject","url":"https:\/\/droix.eu\/wp-content\/uploads\/2024\/06\/droix-v2-light-logo.png","@id":"https:\/\/droix.eu\/fr\/product\/onexplayer-apex-case\/#organizationLogo","width":380,"height":118},"image":{"@id":"https:\/\/droix.eu\/fr\/product\/onexplayer-apex-case\/#organizationLogo"},"sameAs":["https:\/\/www.facebook.com\/DroiX.Store","https:\/\/twitter.com\/DroiX_Store","https:\/\/www.instagram.com\/droix.store\/","https:\/\/www.tiktok.com\/@droix.store","https:\/\/www.youtube.com\/c\/DroiX_Store","https:\/\/uk.linkedin.com\/company\/droix"]},{"@type":"ProductGroup","@id":"https:\/\/droix.eu\/fr\/product\/onexplayer-apex-case\/#wooCommerceProduct","name":"ONEXPLAYER APEX Case","description":"Adaptation officielle : Ce mod\u00e8le est con\u00e7u sp\u00e9cifiquement pour le PC portable ONEXPLAYER APEX afin d'assurer une exp\u00e9rience pr\u00e9cise et sans cliquetis.\n    Sangles de s\u00e9curit\u00e9 : Des bandes \u00e9lastiques internes maintiennent fermement l'appareil et les petits p\u00e9riph\u00e9riques en place pendant le transport.\n    Doublure douce : Un int\u00e9rieur de qualit\u00e9 sup\u00e9rieure, non abrasif, pr\u00e9vient les rayures et prot\u00e8ge le grand \u00e9cran haute r\u00e9solution contre les micro-\u00e9claboussures.\n    Dragonne : la boucle int\u00e9gr\u00e9e et renforc\u00e9e permet un transport facile et s\u00fbr sans risque de chute accidentelle.\n    Coque rigide : Cette coque renforc\u00e9e offre une protection durable et rigide \u00e0 votre PC de jeu Strix Halo haute performance.","url":"https:\/\/droix.eu\/fr\/product\/onexplayer-apex-case\/","image":{"@type":"ImageObject","url":"https:\/\/droix.eu\/wp-content\/uploads\/2026\/03\/ONEXPLAYER-APEX-CASE-LISTING-DONE-01.png","@id":"https:\/\/droix.eu\/fr\/product\/onexplayer-apex-case\/#productImage","width":1500,"height":1500},"productGroupID":716782,"hasVariant":[{"@type":"Product","@id":"https:\/\/droix.eu\/fr\/product\/onexplayer-apex-case\/#wooCommerceProduct","name":"ONEXPLAYER APEX Case - new","description":"Adaptation officielle : Ce mod\u00e8le est con\u00e7u sp\u00e9cifiquement pour le PC portable ONEXPLAYER APEX afin d'assurer une exp\u00e9rience pr\u00e9cise et sans cliquetis.\n    Sangles de s\u00e9curit\u00e9 : Des bandes \u00e9lastiques internes maintiennent fermement l'appareil et les petits p\u00e9riph\u00e9riques en place pendant le transport.\n    Doublure douce : Un int\u00e9rieur de qualit\u00e9 sup\u00e9rieure, non abrasif, pr\u00e9vient les rayures et prot\u00e8ge le grand \u00e9cran haute r\u00e9solution contre les micro-\u00e9claboussures.\n    Dragonne : la boucle int\u00e9gr\u00e9e et renforc\u00e9e permet un transport facile et s\u00fbr sans risque de chute accidentelle.\n    Coque rigide : Cette coque renforc\u00e9e offre une protection durable et rigide \u00e0 votre PC de jeu Strix Halo haute performance.","url":"https:\/\/droix.eu\/fr\/product\/onexplayer-apex-case\/","sku":"ONEXPLAYER-APEX-CASE","gtin":"5061077633664","image":{"@type":"ImageObject","url":"https:\/\/droix.eu\/wp-content\/uploads\/2026\/03\/ONEXPLAYER-APEX-CASE-LISTING-DONE-01.png","@id":"https:\/\/droix.eu\/fr\/product\/onexplayer-apex-case\/#productImage","width":1500,"height":1500},"offers":{"@type":"Offer","url":"https:\/\/droix.eu\/fr\/product\/onexplayer-apex-case\/#wooCommerceOffer","price":"25.95","priceCurrency":"EUR","category":"Accessoires","availability":"https:\/\/schema.org\/InStock","priceSpecification":{"@type":"PriceSpecification","price":25.95,"priceCurrency":"EUR","valueAddedTaxIncluded":"true"}}}]},{"@type":"WebPage","@id":"https:\/\/droix.eu\/fr\/product\/onexplayer-apex-case\/#webpage","url":"https:\/\/droix.eu\/fr\/product\/onexplayer-apex-case\/","name":"ONEXPLAYER APEX Case | Armure de poche officielle \u00e0 coque dure \ud83c\udfae","description":"Prot\u00e9gez votre ordinateur de poche Strix Halo avec l'\u00e9tui ONEXPLAYER APEX. Dot\u00e9 d'une coque rigide, de sangles s\u00e9curis\u00e9es et d'une doublure douce pour prot\u00e9ger votre \u00e9cran VRR. \ud83d\udee1\ufe0f\ud83d\ude80","inLanguage":"fr-FR","isPartOf":{"@id":"https:\/\/droix.eu\/fr\/#website"},"breadcrumb":{"@id":"https:\/\/droix.eu\/fr\/product\/onexplayer-apex-case\/#breadcrumblist"},"image":{"@type":"ImageObject","url":"https:\/\/droix.eu\/wp-content\/uploads\/2026\/03\/ONEXPLAYER-APEX-CASE-LISTING-DONE-01.png","@id":"https:\/\/droix.eu\/fr\/product\/onexplayer-apex-case\/#mainImage","width":1500,"height":1500},"primaryImageOfPage":{"@id":"https:\/\/droix.eu\/fr\/product\/onexplayer-apex-case\/#mainImage"},"datePublished":"2026-03-26T11:22:04+00:00","dateModified":"2026-03-26T11:22:04+00:00"},{"@type":"WebSite","@id":"https:\/\/droix.eu\/fr\/#website","url":"https:\/\/droix.eu\/fr\/","name":"DROIX EU","description":"Get the latest Mini PCs, Ultrabook, PC Gaming Handhelds and more!","inLanguage":"fr-FR","publisher":{"@id":"https:\/\/droix.eu\/fr\/#organization"}}]},"og:locale":"fr_FR","og:site_name":"DROIX EU - Get the latest Mini PCs, Ultrabook, PC Gaming Handhelds and more!","og:type":"article","og:title":"ONEXPLAYER APEX Case | Armure de poche officielle \u00e0 coque dure \ud83c\udfae","og:description":"Prot\u00e9gez votre ordinateur de poche Strix Halo avec l'\u00e9tui ONEXPLAYER APEX. Dot\u00e9 d'une coque rigide, de sangles s\u00e9curis\u00e9es et d'une doublure douce pour prot\u00e9ger votre \u00e9cran VRR. \ud83d\udee1\ufe0f\ud83d\ude80","og:url":"https:\/\/droix.eu\/fr\/product\/onexplayer-apex-case\/","og:image":"https:\/\/droix.eu\/wp-content\/uploads\/2024\/06\/droix-v2-light-logo.png","og:image:secure_url":"https:\/\/droix.eu\/wp-content\/uploads\/2024\/06\/droix-v2-light-logo.png","og:image:width":380,"og:image:height":118,"article:published_time":"2026-03-26T11:22:04+00:00","article:modified_time":"2026-03-26T11:22:04+00:00","article:publisher":"https:\/\/www.facebook.com\/DroiX.Store","twitter:card":"summary_large_image","twitter:site":"@DroiX_Store","twitter:title":"ONEXPLAYER APEX Case | Armure de poche officielle \u00e0 coque dure \ud83c\udfae","twitter:description":"Prot\u00e9gez votre ordinateur de poche Strix Halo avec l'\u00e9tui ONEXPLAYER APEX. Dot\u00e9 d'une coque rigide, de sangles s\u00e9curis\u00e9es et d'une doublure douce pour prot\u00e9ger votre \u00e9cran VRR. \ud83d\udee1\ufe0f\ud83d\ude80","twitter:image":"https:\/\/droix.eu\/wp-content\/uploads\/2024\/06\/droix-v2-light-logo.png"},"aioseo_meta_data":{"post_id":"716782","title":"ONEXPLAYER APEX Case | Armure de poche officielle \u00e0 coque dure \ud83c\udfae","description":"Prot\u00e9gez votre ordinateur de poche Strix Halo avec l'\u00e9tui ONEXPLAYER APEX. Dot\u00e9 d'une coque rigide, de sangles s\u00e9curis\u00e9es et d'une doublure douce pour prot\u00e9ger votre \u00e9cran VRR. \ud83d\udee1\ufe0f\ud83d\ude80  ","keywords":null,"keyphrases":{"focus":{"keyphrase":"","score":0,"analysis":{"keyphraseInTitle":{"score":0,"maxScore":9,"error":1}}},"additional":[]},"primary_term":null,"canonical_url":null,"og_title":null,"og_description":null,"og_object_type":"default","og_image_type":"default","og_image_url":null,"og_image_width":null,"og_image_height":null,"og_image_custom_url":null,"og_image_custom_fields":null,"og_video":"","og_custom_url":null,"og_article_section":null,"og_article_tags":null,"twitter_use_og":true,"twitter_card":"default","twitter_image_type":"default","twitter_image_url":null,"twitter_image_custom_url":null,"twitter_image_custom_fields":null,"twitter_title":null,"twitter_description":null,"schema":{"blockGraphs":[],"customGraphs":[],"default":{"data":{"Article":[],"Course":[],"Dataset":[],"FAQPage":[],"Movie":[],"Person":[],"Product":[],"ProductReview":[],"Car":[],"Recipe":[],"Service":[],"SoftwareApplication":[],"WebPage":[]},"graphName":"Product","isEnabled":true},"graphs":[]},"schema_type":"default","schema_type_options":null,"pillar_content":false,"robots_default":true,"robots_noindex":false,"robots_noarchive":false,"robots_nosnippet":false,"robots_nofollow":false,"robots_noimageindex":false,"robots_noodp":false,"robots_notranslate":false,"robots_max_snippet":"-1","robots_max_videopreview":"-1","robots_max_imagepreview":"large","priority":null,"frequency":"default","local_seo":null,"seo_analyzer_scan_date":null,"breadcrumb_settings":null,"limit_modified_date":false,"reviewed_by":null,"open_ai":null,"ai":{"faqs":[],"keyPoints":[],"titles":[],"descriptions":[],"socialPosts":{"email":[],"linkedin":[],"twitter":[],"facebook":[],"instagram":[]}},"created":"2026-04-24 09:48:33","updated":"2026-04-24 09:48:36"},"aioseo_breadcrumb":"<div class=\"aioseo-breadcrumbs\"><span class=\"aioseo-breadcrumb\">\n\t<a href=\"https:\/\/droix.eu\/fr\/\" title=\"Home\">Home<\/a>\n<\/span><span class=\"aioseo-breadcrumb-separator\">&raquo;<\/span><span class=\"aioseo-breadcrumb\">\n\t<a href=\"https:\/\/droix.eu\/fr\/product-category\/accessoires\/\" title=\"Accessoires\">Accessoires<\/a>\n<\/span><span class=\"aioseo-breadcrumb-separator\">&raquo;<\/span><span class=\"aioseo-breadcrumb\">\n\t<a href=\"https:\/\/droix.eu\/fr\/product-category\/accessoires\/accessoires-de-jeu\/\" title=\"Accessoires de jeu\">Accessoires de jeu<\/a>\n<\/span><span class=\"aioseo-breadcrumb-separator\">&raquo;<\/span><span class=\"aioseo-breadcrumb\">\n\tONEXPLAYER APEX Case\n<\/span><\/div>","aioseo_breadcrumb_json":[{"label":"Home","link":"https:\/\/droix.eu\/fr\/"},{"label":"Accessoires","link":"https:\/\/droix.eu\/fr\/product-category\/accessoires\/"},{"label":"Accessoires de jeu","link":"https:\/\/droix.eu\/fr\/product-category\/accessoires\/accessoires-de-jeu\/"},{"label":"ONEXPLAYER APEX Case","link":"https:\/\/droix.eu\/fr\/product\/onexplayer-apex-case\/"}],"_links":{"self":[{"href":"https:\/\/droix.eu\/fr\/wp-json\/wp\/v2\/product\/716782","targetHints":{"allow":["GET"]}}],"collection":[{"href":"https:\/\/droix.eu\/fr\/wp-json\/wp\/v2\/product"}],"about":[{"href":"https:\/\/droix.eu\/fr\/wp-json\/wp\/v2\/types\/product"}],"version-history":[{"count":0,"href":"https:\/\/droix.eu\/fr\/wp-json\/wp\/v2\/product\/716782\/revisions"}],"wp:featuredmedia":[{"embeddable":true,"href":"https:\/\/droix.eu\/fr\/wp-json\/wp\/v2\/media\/716788"}],"wp:attachment":[{"href":"https:\/\/droix.eu\/fr\/wp-json\/wp\/v2\/media?parent=716782"}],"wp:term":[{"taxonomy":"product_brand","embeddable":true,"href":"https:\/\/droix.eu\/fr\/wp-json\/wp\/v2\/product_brand?post=716782"},{"taxonomy":"product_cat","embeddable":true,"href":"https:\/\/droix.eu\/fr\/wp-json\/wp\/v2\/product_cat?post=716782"},{"taxonomy":"product_tag","embeddable":true,"href":"https:\/\/droix.eu\/fr\/wp-json\/wp\/v2\/product_tag?post=716782"},{"taxonomy":"woo-feed-brand","embeddable":true,"href":"https:\/\/droix.eu\/fr\/wp-json\/wp\/v2\/woo-feed-brand?post=716782"},{"taxonomy":"key-features","embeddable":true,"href":"https:\/\/droix.eu\/fr\/wp-json\/wp\/v2\/key-features?post=716782"}],"curies":[{"name":"wp","href":"https:\/\/api.w.org\/{rel}","templated":true}]}}