{"id":658637,"date":"2025-06-17T15:49:05","date_gmt":"2025-06-17T14:49:05","guid":{"rendered":"https:\/\/droix.eu\/product\/onexplayer-cable-oculink\/"},"modified":"2026-04-23T14:20:03","modified_gmt":"2026-04-23T13:20:03","slug":"onexplayer-cable-oculink","status":"publish","type":"product","link":"https:\/\/droix.eu\/fr\/product\/onexplayer-cable-oculink\/","title":{"rendered":"ONEXPLAYER C\u00e2ble OCuLink"},"content":{"rendered":"\n<h3 class=\"wp-block-heading\"><strong>Pr\u00e9sentation de l&#8217;ONEXPLAYER OCuLink : Optimisez votre installation<\/strong><\/h3>\n\n<p>Con\u00e7ue pour compl\u00e9ter l&#8217;ONEXPLAYER ONEXGPU. M\u00e9ticuleusement con\u00e7u avec des mat\u00e9riaux de premi\u00e8re qualit\u00e9, le c\u00e2ble OCuLink d&#8217;ONEXPLAYER est con\u00e7u pour r\u00e9sister \u00e0 l&#8217;usure quotidienne tout en vous donnant un avantage.<\/p>\n\n<p><\/p>\n","protected":false},"excerpt":{"rendered":"<ul>\n<li>C\u00e2ble <strong>officiel<\/strong> ONEXPLAYER OCuLink<\/li>\n<li>Compatible avec <strong>ONEXPLAYER ONEXGPU \/ X1<\/strong><\/li>\n<li>Plus rapide que <strong>USB 4.0 Type-C<\/strong><\/li>\n<li>C\u00e2ble tress\u00e9 de haute qualit\u00e9<\/li>\n<li>C\u00e2ble d&#8217;une longueur d&#8217;un m\u00e8tre<\/li>\n<\/ul>\n[droix_global_accordions]\n[cg_accordion title=\"Le paquet comprend\"]<\/p>\n<ul>\n<li>1x ONEXPLAYER C\u00e2ble OCuLink<\/li>\n<\/ul>\n<p>[\/cg_accordion]\n","protected":false},"featured_media":647928,"template":"","meta":{"_acf_changed":false},"product_brand":[],"product_cat":[10290,10558],"product_tag":[],"woo-feed-brand":[2199],"key-features":[],"class_list":{"0":"post-658637","1":"product","2":"type-product","3":"status-publish","4":"has-post-thumbnail","6":"product_cat-accessoires","7":"product_cat-accessoires-de-jeu","8":"product_shipping_class-low-end","9":"pa_accessory-type-cable","10":"pa_brands-onexplayer-fr","11":"woo-feed-brand-onexplayer","13":"first","14":"instock","15":"sale","16":"taxable","17":"shipping-taxable","18":"purchasable","19":"product-type-simple"},"acf":[],"aioseo_notices":[],"aioseo_head":"\n\t\t<!-- All in One SEO Pro 4.9.6.2 - aioseo.com -->\n\t<meta name=\"description\" content=\"C\u00e2ble officiel ONEXPLAYER OCuLink Compatible avec ONEXPLAYER ONEXGPU \/ X1 Plus rapide que USB 4.0 Type-C C\u00e2ble tress\u00e9 de haute qualit\u00e9 C\u00e2ble d&#039;une longueur d&#039;un m\u00e8tre Le paquet comprend 1x ONEXPLAYER C\u00e2ble OCuLink\" \/>\n\t<meta name=\"robots\" content=\"max-image-preview:large\" \/>\n\t<link rel=\"canonical\" href=\"https:\/\/droix.eu\/fr\/product\/onexplayer-cable-oculink\/\" \/>\n\t<meta name=\"generator\" content=\"All in One SEO Pro (AIOSEO) 4.9.6.2\" \/>\n\t\t<meta property=\"og:locale\" content=\"fr_FR\" \/>\n\t\t<meta property=\"og:site_name\" content=\"DROIX EU - Get the latest Mini PCs, Ultrabook, PC Gaming Handhelds and more!\" \/>\n\t\t<meta property=\"og:type\" content=\"article\" \/>\n\t\t<meta property=\"og:title\" content=\"ONEXPLAYER C\u00e2ble OCuLink - DROIX EU\" \/>\n\t\t<meta property=\"og:description\" content=\"C\u00e2ble officiel ONEXPLAYER OCuLink Compatible avec ONEXPLAYER ONEXGPU \/ X1 Plus rapide que USB 4.0 Type-C C\u00e2ble tress\u00e9 de haute qualit\u00e9 C\u00e2ble d&#039;une longueur d&#039;un m\u00e8tre Le paquet comprend 1x ONEXPLAYER C\u00e2ble OCuLink\" \/>\n\t\t<meta property=\"og:url\" content=\"https:\/\/droix.eu\/fr\/product\/onexplayer-cable-oculink\/\" \/>\n\t\t<meta property=\"og:image\" content=\"https:\/\/droix.eu\/wp-content\/uploads\/2024\/06\/droix-v2-light-logo.png\" \/>\n\t\t<meta property=\"og:image:secure_url\" content=\"https:\/\/droix.eu\/wp-content\/uploads\/2024\/06\/droix-v2-light-logo.png\" \/>\n\t\t<meta property=\"og:image:width\" content=\"380\" \/>\n\t\t<meta property=\"og:image:height\" content=\"118\" \/>\n\t\t<meta property=\"article:published_time\" content=\"2025-06-17T14:49:05+00:00\" \/>\n\t\t<meta property=\"article:modified_time\" content=\"2026-04-23T13:20:03+00:00\" \/>\n\t\t<meta property=\"article:publisher\" content=\"https:\/\/www.facebook.com\/DroiX.Store\" \/>\n\t\t<meta name=\"twitter:card\" content=\"summary_large_image\" \/>\n\t\t<meta name=\"twitter:site\" content=\"@DroiX_Store\" \/>\n\t\t<meta name=\"twitter:title\" content=\"ONEXPLAYER C\u00e2ble OCuLink - DROIX EU\" \/>\n\t\t<meta name=\"twitter:description\" content=\"C\u00e2ble officiel ONEXPLAYER OCuLink Compatible avec ONEXPLAYER ONEXGPU \/ X1 Plus rapide que USB 4.0 Type-C C\u00e2ble tress\u00e9 de haute qualit\u00e9 C\u00e2ble d&#039;une longueur d&#039;un m\u00e8tre Le paquet comprend 1x ONEXPLAYER C\u00e2ble OCuLink\" \/>\n\t\t<meta name=\"twitter:image\" content=\"https:\/\/droix.eu\/wp-content\/uploads\/2024\/06\/droix-v2-light-logo.png\" \/>\n\t\t<script type=\"application\/ld+json\" class=\"aioseo-schema\">\n\t\t\t{\"@context\":\"https:\\\/\\\/schema.org\",\"@graph\":[{\"@type\":\"BreadcrumbList\",\"@id\":\"https:\\\/\\\/droix.eu\\\/fr\\\/product\\\/onexplayer-cable-oculink\\\/#breadcrumblist\",\"itemListElement\":[{\"@type\":\"ListItem\",\"@id\":\"https:\\\/\\\/droix.eu\\\/fr\\\/#listItem\",\"position\":1,\"name\":\"Home\",\"item\":\"https:\\\/\\\/droix.eu\\\/fr\\\/\",\"nextItem\":{\"@type\":\"ListItem\",\"@id\":\"https:\\\/\\\/droix.eu\\\/fr\\\/product-category\\\/accessoires\\\/#listItem\",\"name\":\"Accessoires\"}},{\"@type\":\"ListItem\",\"@id\":\"https:\\\/\\\/droix.eu\\\/fr\\\/product-category\\\/accessoires\\\/#listItem\",\"position\":2,\"name\":\"Accessoires\",\"item\":\"https:\\\/\\\/droix.eu\\\/fr\\\/product-category\\\/accessoires\\\/\",\"nextItem\":{\"@type\":\"ListItem\",\"@id\":\"https:\\\/\\\/droix.eu\\\/fr\\\/product-category\\\/accessoires\\\/accessoires-de-jeu\\\/#listItem\",\"name\":\"Accessoires de jeu\"},\"previousItem\":{\"@type\":\"ListItem\",\"@id\":\"https:\\\/\\\/droix.eu\\\/fr\\\/#listItem\",\"name\":\"Home\"}},{\"@type\":\"ListItem\",\"@id\":\"https:\\\/\\\/droix.eu\\\/fr\\\/product-category\\\/accessoires\\\/accessoires-de-jeu\\\/#listItem\",\"position\":3,\"name\":\"Accessoires de jeu\",\"item\":\"https:\\\/\\\/droix.eu\\\/fr\\\/product-category\\\/accessoires\\\/accessoires-de-jeu\\\/\",\"nextItem\":{\"@type\":\"ListItem\",\"@id\":\"https:\\\/\\\/droix.eu\\\/fr\\\/product\\\/onexplayer-cable-oculink\\\/#listItem\",\"name\":\"ONEXPLAYER C\\u00e2ble OCuLink\"},\"previousItem\":{\"@type\":\"ListItem\",\"@id\":\"https:\\\/\\\/droix.eu\\\/fr\\\/product-category\\\/accessoires\\\/#listItem\",\"name\":\"Accessoires\"}},{\"@type\":\"ListItem\",\"@id\":\"https:\\\/\\\/droix.eu\\\/fr\\\/product\\\/onexplayer-cable-oculink\\\/#listItem\",\"position\":4,\"name\":\"ONEXPLAYER C\\u00e2ble OCuLink\",\"previousItem\":{\"@type\":\"ListItem\",\"@id\":\"https:\\\/\\\/droix.eu\\\/fr\\\/product-category\\\/accessoires\\\/accessoires-de-jeu\\\/#listItem\",\"name\":\"Accessoires de jeu\"}}]},{\"@type\":\"Organization\",\"@id\":\"https:\\\/\\\/droix.eu\\\/fr\\\/#organization\",\"name\":\"DroiX \\u2013 Trusted EU Tech Retailer with 12+ Years Experience\",\"description\":\"DroiX is a leading European technology retailer with over 12 years of experience, offering quality mini PCs, handheld gaming consoles, and tech accessories. We provide hassle-free EU delivery with all taxes included, ensuring a smooth and reliable shopping experience for our customers across Europe.\",\"url\":\"https:\\\/\\\/droix.eu\\\/fr\\\/\",\"logo\":{\"@type\":\"ImageObject\",\"url\":\"https:\\\/\\\/droix.eu\\\/wp-content\\\/uploads\\\/2024\\\/06\\\/droix-v2-light-logo.png\",\"@id\":\"https:\\\/\\\/droix.eu\\\/fr\\\/product\\\/onexplayer-cable-oculink\\\/#organizationLogo\",\"width\":380,\"height\":118},\"image\":{\"@id\":\"https:\\\/\\\/droix.eu\\\/fr\\\/product\\\/onexplayer-cable-oculink\\\/#organizationLogo\"},\"sameAs\":[\"https:\\\/\\\/www.facebook.com\\\/DroiX.Store\",\"https:\\\/\\\/twitter.com\\\/DroiX_Store\",\"https:\\\/\\\/www.instagram.com\\\/droix.store\\\/\",\"https:\\\/\\\/www.tiktok.com\\\/@droix.store\",\"https:\\\/\\\/www.youtube.com\\\/c\\\/DroiX_Store\",\"https:\\\/\\\/uk.linkedin.com\\\/company\\\/droix\"]},{\"@type\":\"Product\",\"@id\":\"https:\\\/\\\/droix.eu\\\/fr\\\/product\\\/onexplayer-cable-oculink\\\/#wooCommerceProduct\",\"name\":\"ONEXPLAYER C\\u00e2ble OCuLink\",\"description\":\"C\\u00e2ble officiel ONEXPLAYER OCuLink\\n  Compatible avec ONEXPLAYER ONEXGPU \\\/ X1\\n  Plus rapide que USB 4.0 Type-C\\n  C\\u00e2ble tress\\u00e9 de haute qualit\\u00e9\\n  C\\u00e2ble d'une longueur d'un m\\u00e8tre\",\"url\":\"https:\\\/\\\/droix.eu\\\/fr\\\/product\\\/onexplayer-cable-oculink\\\/\",\"sku\":\"ONEXPLAYER-OCULINK-CABLE\",\"gtin\":\"5060763678439\",\"image\":{\"@type\":\"ImageObject\",\"url\":\"https:\\\/\\\/droix.eu\\\/wp-content\\\/uploads\\\/2025\\\/06\\\/ONEXPLAYER-OCULINK-CABLE-DONE-01.png\",\"@id\":\"https:\\\/\\\/droix.eu\\\/fr\\\/product\\\/onexplayer-cable-oculink\\\/#productImage\",\"width\":1500,\"height\":1500,\"caption\":\"Image pr\\u00e9sentant le c\\u00e2ble ONEXPLAYER OCuLink avec un design tress\\u00e9 durable et des connecteurs aux deux extr\\u00e9mit\\u00e9s. En dessous, une section de compatibilit\\u00e9 affiche les p\\u00e9riph\\u00e9riques pris en charge, notamment GPD WIN 4 (2024 &amp; 2025), GPD WIN MAX 2 (2024 &amp; 2025), GPD DUO, ONEXPLAYER X1\\\/X1 Mini, et MINISFORUM UM780XTX, ainsi qu'une note mentionnant la compatibilit\\u00e9 avec d'autres p\\u00e9riph\\u00e9riques dot\\u00e9s de ports OCuLink\\\/M.2 NVMe\"},\"offers\":{\"@type\":\"Offer\",\"url\":\"https:\\\/\\\/droix.eu\\\/fr\\\/product\\\/onexplayer-cable-oculink\\\/#wooCommerceOffer\",\"price\":24.54,\"priceCurrency\":\"EUR\",\"category\":\"Accessoires\",\"availability\":\"https:\\\/\\\/schema.org\\\/InStock\",\"priceSpecification\":{\"@type\":\"PriceSpecification\",\"price\":24.54,\"priceCurrency\":\"EUR\",\"valueAddedTaxIncluded\":\"true\"},\"seller\":{\"@type\":\"Organization\",\"@id\":\"https:\\\/\\\/droix.eu\\\/fr\\\/#organization\"}}},{\"@type\":\"WebPage\",\"@id\":\"https:\\\/\\\/droix.eu\\\/fr\\\/product\\\/onexplayer-cable-oculink\\\/#webpage\",\"url\":\"https:\\\/\\\/droix.eu\\\/fr\\\/product\\\/onexplayer-cable-oculink\\\/\",\"name\":\"ONEXPLAYER C\\u00e2ble OCuLink - DROIX EU\",\"description\":\"C\\u00e2ble officiel ONEXPLAYER OCuLink Compatible avec ONEXPLAYER ONEXGPU \\\/ X1 Plus rapide que USB 4.0 Type-C C\\u00e2ble tress\\u00e9 de haute qualit\\u00e9 C\\u00e2ble d'une longueur d'un m\\u00e8tre Le paquet comprend 1x ONEXPLAYER C\\u00e2ble OCuLink\",\"inLanguage\":\"fr-FR\",\"isPartOf\":{\"@id\":\"https:\\\/\\\/droix.eu\\\/fr\\\/#website\"},\"breadcrumb\":{\"@id\":\"https:\\\/\\\/droix.eu\\\/fr\\\/product\\\/onexplayer-cable-oculink\\\/#breadcrumblist\"},\"image\":{\"@type\":\"ImageObject\",\"url\":\"https:\\\/\\\/droix.eu\\\/wp-content\\\/uploads\\\/2025\\\/06\\\/ONEXPLAYER-OCULINK-CABLE-DONE-01.png\",\"@id\":\"https:\\\/\\\/droix.eu\\\/fr\\\/product\\\/onexplayer-cable-oculink\\\/#mainImage\",\"width\":1500,\"height\":1500,\"caption\":\"Image pr\\u00e9sentant le c\\u00e2ble ONEXPLAYER OCuLink avec un design tress\\u00e9 durable et des connecteurs aux deux extr\\u00e9mit\\u00e9s. En dessous, une section de compatibilit\\u00e9 affiche les p\\u00e9riph\\u00e9riques pris en charge, notamment GPD WIN 4 (2024 &amp; 2025), GPD WIN MAX 2 (2024 &amp; 2025), GPD DUO, ONEXPLAYER X1\\\/X1 Mini, et MINISFORUM UM780XTX, ainsi qu'une note mentionnant la compatibilit\\u00e9 avec d'autres p\\u00e9riph\\u00e9riques dot\\u00e9s de ports OCuLink\\\/M.2 NVMe\"},\"primaryImageOfPage\":{\"@id\":\"https:\\\/\\\/droix.eu\\\/fr\\\/product\\\/onexplayer-cable-oculink\\\/#mainImage\"},\"datePublished\":\"2025-06-17T15:49:05+01:00\",\"dateModified\":\"2026-04-23T14:20:03+01:00\"},{\"@type\":\"WebSite\",\"@id\":\"https:\\\/\\\/droix.eu\\\/fr\\\/#website\",\"url\":\"https:\\\/\\\/droix.eu\\\/fr\\\/\",\"name\":\"DROIX EU\",\"description\":\"Get the latest Mini PCs, Ultrabook, PC Gaming Handhelds and more!\",\"inLanguage\":\"fr-FR\",\"publisher\":{\"@id\":\"https:\\\/\\\/droix.eu\\\/fr\\\/#organization\"}}]}\n\t\t<\/script>\n\t\t<!-- All in One SEO Pro -->\r\n\t\t<title>ONEXPLAYER C\u00e2ble OCuLink - DROIX EU<\/title>\n\n","aioseo_head_json":{"title":"ONEXPLAYER C\u00e2ble OCuLink - DROIX EU","description":"C\u00e2ble officiel ONEXPLAYER OCuLink Compatible avec ONEXPLAYER ONEXGPU \/ X1 Plus rapide que USB 4.0 Type-C C\u00e2ble tress\u00e9 de haute qualit\u00e9 C\u00e2ble d'une longueur d'un m\u00e8tre Le paquet comprend 1x ONEXPLAYER C\u00e2ble OCuLink","canonical_url":"https:\/\/droix.eu\/fr\/product\/onexplayer-cable-oculink\/","robots":"max-image-preview:large","keywords":"","webmasterTools":{"miscellaneous":""},"schema":{"@context":"https:\/\/schema.org","@graph":[{"@type":"BreadcrumbList","@id":"https:\/\/droix.eu\/fr\/product\/onexplayer-cable-oculink\/#breadcrumblist","itemListElement":[{"@type":"ListItem","@id":"https:\/\/droix.eu\/fr\/#listItem","position":1,"name":"Home","item":"https:\/\/droix.eu\/fr\/","nextItem":{"@type":"ListItem","@id":"https:\/\/droix.eu\/fr\/product-category\/accessoires\/#listItem","name":"Accessoires"}},{"@type":"ListItem","@id":"https:\/\/droix.eu\/fr\/product-category\/accessoires\/#listItem","position":2,"name":"Accessoires","item":"https:\/\/droix.eu\/fr\/product-category\/accessoires\/","nextItem":{"@type":"ListItem","@id":"https:\/\/droix.eu\/fr\/product-category\/accessoires\/accessoires-de-jeu\/#listItem","name":"Accessoires de jeu"},"previousItem":{"@type":"ListItem","@id":"https:\/\/droix.eu\/fr\/#listItem","name":"Home"}},{"@type":"ListItem","@id":"https:\/\/droix.eu\/fr\/product-category\/accessoires\/accessoires-de-jeu\/#listItem","position":3,"name":"Accessoires de jeu","item":"https:\/\/droix.eu\/fr\/product-category\/accessoires\/accessoires-de-jeu\/","nextItem":{"@type":"ListItem","@id":"https:\/\/droix.eu\/fr\/product\/onexplayer-cable-oculink\/#listItem","name":"ONEXPLAYER C\u00e2ble OCuLink"},"previousItem":{"@type":"ListItem","@id":"https:\/\/droix.eu\/fr\/product-category\/accessoires\/#listItem","name":"Accessoires"}},{"@type":"ListItem","@id":"https:\/\/droix.eu\/fr\/product\/onexplayer-cable-oculink\/#listItem","position":4,"name":"ONEXPLAYER C\u00e2ble OCuLink","previousItem":{"@type":"ListItem","@id":"https:\/\/droix.eu\/fr\/product-category\/accessoires\/accessoires-de-jeu\/#listItem","name":"Accessoires de jeu"}}]},{"@type":"Organization","@id":"https:\/\/droix.eu\/fr\/#organization","name":"DroiX \u2013 Trusted EU Tech Retailer with 12+ Years Experience","description":"DroiX is a leading European technology retailer with over 12 years of experience, offering quality mini PCs, handheld gaming consoles, and tech accessories. We provide hassle-free EU delivery with all taxes included, ensuring a smooth and reliable shopping experience for our customers across Europe.","url":"https:\/\/droix.eu\/fr\/","logo":{"@type":"ImageObject","url":"https:\/\/droix.eu\/wp-content\/uploads\/2024\/06\/droix-v2-light-logo.png","@id":"https:\/\/droix.eu\/fr\/product\/onexplayer-cable-oculink\/#organizationLogo","width":380,"height":118},"image":{"@id":"https:\/\/droix.eu\/fr\/product\/onexplayer-cable-oculink\/#organizationLogo"},"sameAs":["https:\/\/www.facebook.com\/DroiX.Store","https:\/\/twitter.com\/DroiX_Store","https:\/\/www.instagram.com\/droix.store\/","https:\/\/www.tiktok.com\/@droix.store","https:\/\/www.youtube.com\/c\/DroiX_Store","https:\/\/uk.linkedin.com\/company\/droix"]},{"@type":"Product","@id":"https:\/\/droix.eu\/fr\/product\/onexplayer-cable-oculink\/#wooCommerceProduct","name":"ONEXPLAYER C\u00e2ble OCuLink","description":"C\u00e2ble officiel ONEXPLAYER OCuLink\n  Compatible avec ONEXPLAYER ONEXGPU \/ X1\n  Plus rapide que USB 4.0 Type-C\n  C\u00e2ble tress\u00e9 de haute qualit\u00e9\n  C\u00e2ble d'une longueur d'un m\u00e8tre","url":"https:\/\/droix.eu\/fr\/product\/onexplayer-cable-oculink\/","sku":"ONEXPLAYER-OCULINK-CABLE","gtin":"5060763678439","image":{"@type":"ImageObject","url":"https:\/\/droix.eu\/wp-content\/uploads\/2025\/06\/ONEXPLAYER-OCULINK-CABLE-DONE-01.png","@id":"https:\/\/droix.eu\/fr\/product\/onexplayer-cable-oculink\/#productImage","width":1500,"height":1500,"caption":"Image pr\u00e9sentant le c\u00e2ble ONEXPLAYER OCuLink avec un design tress\u00e9 durable et des connecteurs aux deux extr\u00e9mit\u00e9s. En dessous, une section de compatibilit\u00e9 affiche les p\u00e9riph\u00e9riques pris en charge, notamment GPD WIN 4 (2024 &amp; 2025), GPD WIN MAX 2 (2024 &amp; 2025), GPD DUO, ONEXPLAYER X1\/X1 Mini, et MINISFORUM UM780XTX, ainsi qu'une note mentionnant la compatibilit\u00e9 avec d'autres p\u00e9riph\u00e9riques dot\u00e9s de ports OCuLink\/M.2 NVMe"},"offers":{"@type":"Offer","url":"https:\/\/droix.eu\/fr\/product\/onexplayer-cable-oculink\/#wooCommerceOffer","price":24.54,"priceCurrency":"EUR","category":"Accessoires","availability":"https:\/\/schema.org\/InStock","priceSpecification":{"@type":"PriceSpecification","price":24.54,"priceCurrency":"EUR","valueAddedTaxIncluded":"true"},"seller":{"@type":"Organization","@id":"https:\/\/droix.eu\/fr\/#organization"}}},{"@type":"WebPage","@id":"https:\/\/droix.eu\/fr\/product\/onexplayer-cable-oculink\/#webpage","url":"https:\/\/droix.eu\/fr\/product\/onexplayer-cable-oculink\/","name":"ONEXPLAYER C\u00e2ble OCuLink - DROIX EU","description":"C\u00e2ble officiel ONEXPLAYER OCuLink Compatible avec ONEXPLAYER ONEXGPU \/ X1 Plus rapide que USB 4.0 Type-C C\u00e2ble tress\u00e9 de haute qualit\u00e9 C\u00e2ble d'une longueur d'un m\u00e8tre Le paquet comprend 1x ONEXPLAYER C\u00e2ble OCuLink","inLanguage":"fr-FR","isPartOf":{"@id":"https:\/\/droix.eu\/fr\/#website"},"breadcrumb":{"@id":"https:\/\/droix.eu\/fr\/product\/onexplayer-cable-oculink\/#breadcrumblist"},"image":{"@type":"ImageObject","url":"https:\/\/droix.eu\/wp-content\/uploads\/2025\/06\/ONEXPLAYER-OCULINK-CABLE-DONE-01.png","@id":"https:\/\/droix.eu\/fr\/product\/onexplayer-cable-oculink\/#mainImage","width":1500,"height":1500,"caption":"Image pr\u00e9sentant le c\u00e2ble ONEXPLAYER OCuLink avec un design tress\u00e9 durable et des connecteurs aux deux extr\u00e9mit\u00e9s. En dessous, une section de compatibilit\u00e9 affiche les p\u00e9riph\u00e9riques pris en charge, notamment GPD WIN 4 (2024 &amp; 2025), GPD WIN MAX 2 (2024 &amp; 2025), GPD DUO, ONEXPLAYER X1\/X1 Mini, et MINISFORUM UM780XTX, ainsi qu'une note mentionnant la compatibilit\u00e9 avec d'autres p\u00e9riph\u00e9riques dot\u00e9s de ports OCuLink\/M.2 NVMe"},"primaryImageOfPage":{"@id":"https:\/\/droix.eu\/fr\/product\/onexplayer-cable-oculink\/#mainImage"},"datePublished":"2025-06-17T15:49:05+01:00","dateModified":"2026-04-23T14:20:03+01:00"},{"@type":"WebSite","@id":"https:\/\/droix.eu\/fr\/#website","url":"https:\/\/droix.eu\/fr\/","name":"DROIX EU","description":"Get the latest Mini PCs, Ultrabook, PC Gaming Handhelds and more!","inLanguage":"fr-FR","publisher":{"@id":"https:\/\/droix.eu\/fr\/#organization"}}]},"og:locale":"fr_FR","og:site_name":"DROIX EU - Get the latest Mini PCs, Ultrabook, PC Gaming Handhelds and more!","og:type":"article","og:title":"ONEXPLAYER C\u00e2ble OCuLink - DROIX EU","og:description":"C\u00e2ble officiel ONEXPLAYER OCuLink Compatible avec ONEXPLAYER ONEXGPU \/ X1 Plus rapide que USB 4.0 Type-C C\u00e2ble tress\u00e9 de haute qualit\u00e9 C\u00e2ble d'une longueur d'un m\u00e8tre Le paquet comprend 1x ONEXPLAYER C\u00e2ble OCuLink","og:url":"https:\/\/droix.eu\/fr\/product\/onexplayer-cable-oculink\/","og:image":"https:\/\/droix.eu\/wp-content\/uploads\/2024\/06\/droix-v2-light-logo.png","og:image:secure_url":"https:\/\/droix.eu\/wp-content\/uploads\/2024\/06\/droix-v2-light-logo.png","og:image:width":380,"og:image:height":118,"article:published_time":"2025-06-17T14:49:05+00:00","article:modified_time":"2026-04-23T13:20:03+00:00","article:publisher":"https:\/\/www.facebook.com\/DroiX.Store","twitter:card":"summary_large_image","twitter:site":"@DroiX_Store","twitter:title":"ONEXPLAYER C\u00e2ble OCuLink - DROIX EU","twitter:description":"C\u00e2ble officiel ONEXPLAYER OCuLink Compatible avec ONEXPLAYER ONEXGPU \/ X1 Plus rapide que USB 4.0 Type-C C\u00e2ble tress\u00e9 de haute qualit\u00e9 C\u00e2ble d'une longueur d'un m\u00e8tre Le paquet comprend 1x ONEXPLAYER C\u00e2ble OCuLink","twitter:image":"https:\/\/droix.eu\/wp-content\/uploads\/2024\/06\/droix-v2-light-logo.png"},"aioseo_meta_data":{"post_id":"658637","title":null,"description":null,"keywords":null,"keyphrases":null,"primary_term":null,"canonical_url":null,"og_title":null,"og_description":null,"og_object_type":"default","og_image_type":"default","og_image_url":null,"og_image_width":null,"og_image_height":null,"og_image_custom_url":null,"og_image_custom_fields":null,"og_video":null,"og_custom_url":null,"og_article_section":null,"og_article_tags":null,"twitter_use_og":true,"twitter_card":"default","twitter_image_type":"default","twitter_image_url":null,"twitter_image_custom_url":null,"twitter_image_custom_fields":null,"twitter_title":null,"twitter_description":null,"schema":{"blockGraphs":[],"customGraphs":[],"default":{"data":{"Article":[],"Course":[],"Dataset":[],"FAQPage":[],"Movie":[],"Person":[],"Product":[],"ProductReview":[],"Car":[],"Recipe":[],"Service":[],"SoftwareApplication":[],"WebPage":[]},"graphName":"Product","isEnabled":true},"graphs":[]},"schema_type":"default","schema_type_options":null,"pillar_content":false,"robots_default":true,"robots_noindex":false,"robots_noarchive":false,"robots_nosnippet":false,"robots_nofollow":false,"robots_noimageindex":false,"robots_noodp":false,"robots_notranslate":false,"robots_max_snippet":null,"robots_max_videopreview":null,"robots_max_imagepreview":"large","priority":null,"frequency":null,"local_seo":null,"seo_analyzer_scan_date":null,"breadcrumb_settings":null,"limit_modified_date":false,"reviewed_by":null,"open_ai":null,"ai":null,"created":"2025-10-09 11:47:36","updated":"2026-04-23 17:28:13"},"aioseo_breadcrumb":"<div class=\"aioseo-breadcrumbs\"><span class=\"aioseo-breadcrumb\">\n\t<a href=\"https:\/\/droix.eu\/fr\/\" title=\"Home\">Home<\/a>\n<\/span><span class=\"aioseo-breadcrumb-separator\">&raquo;<\/span><span class=\"aioseo-breadcrumb\">\n\t<a href=\"https:\/\/droix.eu\/fr\/product-category\/accessoires\/\" title=\"Accessoires\">Accessoires<\/a>\n<\/span><span class=\"aioseo-breadcrumb-separator\">&raquo;<\/span><span class=\"aioseo-breadcrumb\">\n\t<a href=\"https:\/\/droix.eu\/fr\/product-category\/accessoires\/accessoires-de-jeu\/\" title=\"Accessoires de jeu\">Accessoires de jeu<\/a>\n<\/span><span class=\"aioseo-breadcrumb-separator\">&raquo;<\/span><span class=\"aioseo-breadcrumb\">\n\tONEXPLAYER C\u00e2ble OCuLink\n<\/span><\/div>","aioseo_breadcrumb_json":[{"label":"Home","link":"https:\/\/droix.eu\/fr\/"},{"label":"Accessoires","link":"https:\/\/droix.eu\/fr\/product-category\/accessoires\/"},{"label":"Accessoires de jeu","link":"https:\/\/droix.eu\/fr\/product-category\/accessoires\/accessoires-de-jeu\/"},{"label":"ONEXPLAYER C\u00e2ble OCuLink","link":"https:\/\/droix.eu\/fr\/product\/onexplayer-cable-oculink\/"}],"_links":{"self":[{"href":"https:\/\/droix.eu\/fr\/wp-json\/wp\/v2\/product\/658637","targetHints":{"allow":["GET"]}}],"collection":[{"href":"https:\/\/droix.eu\/fr\/wp-json\/wp\/v2\/product"}],"about":[{"href":"https:\/\/droix.eu\/fr\/wp-json\/wp\/v2\/types\/product"}],"version-history":[{"count":0,"href":"https:\/\/droix.eu\/fr\/wp-json\/wp\/v2\/product\/658637\/revisions"}],"wp:featuredmedia":[{"embeddable":true,"href":"https:\/\/droix.eu\/fr\/wp-json\/wp\/v2\/media\/647928"}],"wp:attachment":[{"href":"https:\/\/droix.eu\/fr\/wp-json\/wp\/v2\/media?parent=658637"}],"wp:term":[{"taxonomy":"product_brand","embeddable":true,"href":"https:\/\/droix.eu\/fr\/wp-json\/wp\/v2\/product_brand?post=658637"},{"taxonomy":"product_cat","embeddable":true,"href":"https:\/\/droix.eu\/fr\/wp-json\/wp\/v2\/product_cat?post=658637"},{"taxonomy":"product_tag","embeddable":true,"href":"https:\/\/droix.eu\/fr\/wp-json\/wp\/v2\/product_tag?post=658637"},{"taxonomy":"woo-feed-brand","embeddable":true,"href":"https:\/\/droix.eu\/fr\/wp-json\/wp\/v2\/woo-feed-brand?post=658637"},{"taxonomy":"key-features","embeddable":true,"href":"https:\/\/droix.eu\/fr\/wp-json\/wp\/v2\/key-features?post=658637"}],"curies":[{"name":"wp","href":"https:\/\/api.w.org\/{rel}","templated":true}]}}