{"id":551435,"date":"2018-02-21T13:07:06","date_gmt":"2018-02-21T13:07:06","guid":{"rendered":"https:\/\/droix.eu\/product\/ecouteurs-gpd\/"},"modified":"2025-08-18T15:13:49","modified_gmt":"2025-08-18T14:13:49","slug":"ecouteurs-gpd","status":"publish","type":"product","link":"https:\/\/droix.eu\/fr\/product\/ecouteurs-gpd\/","title":{"rendered":"\u00c9couteurs GPD"},"content":{"rendered":"<p>Casque officiel GPD sp\u00e9cialement con\u00e7u pour votre ordinateur de poche GPD.<\/p>\n<p>Avec une base profonde et un son de haute qualit\u00e9, cette paire de casques est parfaite pour \u00eatre emport\u00e9e partout.<\/p>\n","protected":false},"excerpt":{"rendered":"<p>Casque officiel GPD sp\u00e9cialement con\u00e7u pour votre ordinateur de poche GPD.<br \/>\nAvec une base profonde et un son de haute qualit\u00e9, cette paire de casques est parfaite pour \u00eatre emport\u00e9e partout.<\/p>\n[droix_global_accordions]\n[cg_accordion title=\"Le paquet comprend\"]<\/p>\n<ul>\n<li>1x \u00e9couteurs GPD<\/li>\n<\/ul>\n<p>[\/cg_accordion]\n","protected":false},"featured_media":208881,"template":"","meta":{"_acf_changed":false},"product_brand":[],"product_cat":[10290,10558,12822,10291],"product_tag":[],"woo-feed-brand":[2198],"key-features":[],"class_list":{"0":"post-551435","1":"product","2":"type-product","3":"status-publish","4":"has-post-thumbnail","6":"product_cat-accessoires","7":"product_cat-accessoires-de-jeu","8":"product_cat-accessoires-informatiques","9":"product_cat-accessoires-pour-ordinateur-portable","10":"product_shipping_class-low-end","11":"pa_brands-gpd-fr","12":"woo-feed-brand-gpd","14":"first","15":"instock","16":"sale","17":"taxable","18":"shipping-taxable","19":"purchasable","20":"product-type-simple"},"acf":[],"aioseo_notices":[],"aioseo_head":"\n\t\t<!-- All in One SEO Pro 4.9.6.2 - aioseo.com -->\n\t<meta name=\"description\" content=\"Casque officiel GPD sp\u00e9cialement con\u00e7u pour votre ordinateur de poche GPD. Avec une base profonde et un son de haute qualit\u00e9, cette paire de casques est parfaite pour \u00eatre emport\u00e9e partout. Le paquet comprend 1x \u00e9couteurs GPD\" \/>\n\t<meta name=\"robots\" content=\"max-image-preview:large\" \/>\n\t<link rel=\"canonical\" href=\"https:\/\/droix.eu\/fr\/product\/ecouteurs-gpd\/\" \/>\n\t<meta name=\"generator\" content=\"All in One SEO Pro (AIOSEO) 4.9.6.2\" \/>\n\t\t<meta property=\"og:locale\" content=\"fr_FR\" \/>\n\t\t<meta property=\"og:site_name\" content=\"DROIX EU - Get the latest Mini PCs, Ultrabook, PC Gaming Handhelds and more!\" \/>\n\t\t<meta property=\"og:type\" content=\"article\" \/>\n\t\t<meta property=\"og:title\" content=\"\u00c9couteurs GPD - DROIX EU\" \/>\n\t\t<meta property=\"og:description\" content=\"Casque officiel GPD sp\u00e9cialement con\u00e7u pour votre ordinateur de poche GPD. Avec une base profonde et un son de haute qualit\u00e9, cette paire de casques est parfaite pour \u00eatre emport\u00e9e partout. Le paquet comprend 1x \u00e9couteurs GPD\" \/>\n\t\t<meta property=\"og:url\" content=\"https:\/\/droix.eu\/fr\/product\/ecouteurs-gpd\/\" \/>\n\t\t<meta property=\"og:image\" content=\"https:\/\/droix.eu\/wp-content\/uploads\/2024\/06\/droix-v2-light-logo.png\" \/>\n\t\t<meta property=\"og:image:secure_url\" content=\"https:\/\/droix.eu\/wp-content\/uploads\/2024\/06\/droix-v2-light-logo.png\" \/>\n\t\t<meta property=\"og:image:width\" content=\"380\" \/>\n\t\t<meta property=\"og:image:height\" content=\"118\" \/>\n\t\t<meta property=\"article:published_time\" content=\"2018-02-21T13:07:06+00:00\" \/>\n\t\t<meta property=\"article:modified_time\" content=\"2025-08-18T14:13:49+00:00\" \/>\n\t\t<meta property=\"article:publisher\" content=\"https:\/\/www.facebook.com\/DroiX.Store\" \/>\n\t\t<meta name=\"twitter:card\" content=\"summary_large_image\" \/>\n\t\t<meta name=\"twitter:site\" content=\"@DroiX_Store\" \/>\n\t\t<meta name=\"twitter:title\" content=\"\u00c9couteurs GPD - DROIX EU\" \/>\n\t\t<meta name=\"twitter:description\" content=\"Casque officiel GPD sp\u00e9cialement con\u00e7u pour votre ordinateur de poche GPD. Avec une base profonde et un son de haute qualit\u00e9, cette paire de casques est parfaite pour \u00eatre emport\u00e9e partout. Le paquet comprend 1x \u00e9couteurs GPD\" \/>\n\t\t<meta name=\"twitter:image\" content=\"https:\/\/droix.eu\/wp-content\/uploads\/2024\/06\/droix-v2-light-logo.png\" \/>\n\t\t<script type=\"application\/ld+json\" class=\"aioseo-schema\">\n\t\t\t{\"@context\":\"https:\\\/\\\/schema.org\",\"@graph\":[{\"@type\":\"BreadcrumbList\",\"@id\":\"https:\\\/\\\/droix.eu\\\/fr\\\/product\\\/ecouteurs-gpd\\\/#breadcrumblist\",\"itemListElement\":[{\"@type\":\"ListItem\",\"@id\":\"https:\\\/\\\/droix.eu\\\/fr\\\/#listItem\",\"position\":1,\"name\":\"Home\",\"item\":\"https:\\\/\\\/droix.eu\\\/fr\\\/\",\"nextItem\":{\"@type\":\"ListItem\",\"@id\":\"https:\\\/\\\/droix.eu\\\/fr\\\/product-category\\\/accessoires\\\/#listItem\",\"name\":\"Accessoires\"}},{\"@type\":\"ListItem\",\"@id\":\"https:\\\/\\\/droix.eu\\\/fr\\\/product-category\\\/accessoires\\\/#listItem\",\"position\":2,\"name\":\"Accessoires\",\"item\":\"https:\\\/\\\/droix.eu\\\/fr\\\/product-category\\\/accessoires\\\/\",\"nextItem\":{\"@type\":\"ListItem\",\"@id\":\"https:\\\/\\\/droix.eu\\\/fr\\\/product-category\\\/accessoires\\\/accessoires-pour-ordinateur-portable\\\/#listItem\",\"name\":\"Accessoires pour ordinateur portable\"},\"previousItem\":{\"@type\":\"ListItem\",\"@id\":\"https:\\\/\\\/droix.eu\\\/fr\\\/#listItem\",\"name\":\"Home\"}},{\"@type\":\"ListItem\",\"@id\":\"https:\\\/\\\/droix.eu\\\/fr\\\/product-category\\\/accessoires\\\/accessoires-pour-ordinateur-portable\\\/#listItem\",\"position\":3,\"name\":\"Accessoires pour ordinateur portable\",\"item\":\"https:\\\/\\\/droix.eu\\\/fr\\\/product-category\\\/accessoires\\\/accessoires-pour-ordinateur-portable\\\/\",\"nextItem\":{\"@type\":\"ListItem\",\"@id\":\"https:\\\/\\\/droix.eu\\\/fr\\\/product\\\/ecouteurs-gpd\\\/#listItem\",\"name\":\"\\u00c9couteurs GPD\"},\"previousItem\":{\"@type\":\"ListItem\",\"@id\":\"https:\\\/\\\/droix.eu\\\/fr\\\/product-category\\\/accessoires\\\/#listItem\",\"name\":\"Accessoires\"}},{\"@type\":\"ListItem\",\"@id\":\"https:\\\/\\\/droix.eu\\\/fr\\\/product\\\/ecouteurs-gpd\\\/#listItem\",\"position\":4,\"name\":\"\\u00c9couteurs GPD\",\"previousItem\":{\"@type\":\"ListItem\",\"@id\":\"https:\\\/\\\/droix.eu\\\/fr\\\/product-category\\\/accessoires\\\/accessoires-pour-ordinateur-portable\\\/#listItem\",\"name\":\"Accessoires pour ordinateur portable\"}}]},{\"@type\":\"Organization\",\"@id\":\"https:\\\/\\\/droix.eu\\\/fr\\\/#organization\",\"name\":\"DroiX \\u2013 Trusted EU Tech Retailer with 12+ Years Experience\",\"description\":\"DroiX is a leading European technology retailer with over 12 years of experience, offering quality mini PCs, handheld gaming consoles, and tech accessories. We provide hassle-free EU delivery with all taxes included, ensuring a smooth and reliable shopping experience for our customers across Europe.\",\"url\":\"https:\\\/\\\/droix.eu\\\/fr\\\/\",\"logo\":{\"@type\":\"ImageObject\",\"url\":\"https:\\\/\\\/droix.eu\\\/wp-content\\\/uploads\\\/2024\\\/06\\\/droix-v2-light-logo.png\",\"@id\":\"https:\\\/\\\/droix.eu\\\/fr\\\/product\\\/ecouteurs-gpd\\\/#organizationLogo\",\"width\":380,\"height\":118},\"image\":{\"@id\":\"https:\\\/\\\/droix.eu\\\/fr\\\/product\\\/ecouteurs-gpd\\\/#organizationLogo\"},\"sameAs\":[\"https:\\\/\\\/www.facebook.com\\\/DroiX.Store\",\"https:\\\/\\\/twitter.com\\\/DroiX_Store\",\"https:\\\/\\\/www.instagram.com\\\/droix.store\\\/\",\"https:\\\/\\\/www.tiktok.com\\\/@droix.store\",\"https:\\\/\\\/www.youtube.com\\\/c\\\/DroiX_Store\",\"https:\\\/\\\/uk.linkedin.com\\\/company\\\/droix\"]},{\"@type\":\"Product\",\"@id\":\"https:\\\/\\\/droix.eu\\\/fr\\\/product\\\/ecouteurs-gpd\\\/#wooCommerceProduct\",\"name\":\"\\u00c9couteurs GPD\",\"description\":\"Casque officiel GPD sp\\u00e9cialement con\\u00e7u pour votre ordinateur de poche GPD.\\nAvec une base profonde et un son de haute qualit\\u00e9, cette paire de casques est parfaite pour \\u00eatre emport\\u00e9e partout.\",\"url\":\"https:\\\/\\\/droix.eu\\\/fr\\\/product\\\/ecouteurs-gpd\\\/\",\"sku\":\"GPD-HEADPHONES\",\"image\":{\"@type\":\"ImageObject\",\"url\":\"https:\\\/\\\/droix.eu\\\/wp-content\\\/uploads\\\/2021\\\/12\\\/1_6_5.jpg\",\"@id\":\"https:\\\/\\\/droix.eu\\\/fr\\\/product\\\/ecouteurs-gpd\\\/#productImage\",\"width\":800,\"height\":800},\"offers\":{\"@type\":\"Offer\",\"url\":\"https:\\\/\\\/droix.eu\\\/fr\\\/product\\\/ecouteurs-gpd\\\/#wooCommerceOffer\",\"price\":7.32,\"priceCurrency\":\"EUR\",\"category\":\"Accessoires\",\"availability\":\"https:\\\/\\\/schema.org\\\/InStock\",\"priceSpecification\":{\"@type\":\"PriceSpecification\",\"price\":7.32,\"priceCurrency\":\"EUR\",\"valueAddedTaxIncluded\":\"true\"},\"seller\":{\"@type\":\"Organization\",\"@id\":\"https:\\\/\\\/droix.eu\\\/fr\\\/#organization\"}}},{\"@type\":\"WebPage\",\"@id\":\"https:\\\/\\\/droix.eu\\\/fr\\\/product\\\/ecouteurs-gpd\\\/#webpage\",\"url\":\"https:\\\/\\\/droix.eu\\\/fr\\\/product\\\/ecouteurs-gpd\\\/\",\"name\":\"\\u00c9couteurs GPD - DROIX EU\",\"description\":\"Casque officiel GPD sp\\u00e9cialement con\\u00e7u pour votre ordinateur de poche GPD. Avec une base profonde et un son de haute qualit\\u00e9, cette paire de casques est parfaite pour \\u00eatre emport\\u00e9e partout. Le paquet comprend 1x \\u00e9couteurs GPD\",\"inLanguage\":\"fr-FR\",\"isPartOf\":{\"@id\":\"https:\\\/\\\/droix.eu\\\/fr\\\/#website\"},\"breadcrumb\":{\"@id\":\"https:\\\/\\\/droix.eu\\\/fr\\\/product\\\/ecouteurs-gpd\\\/#breadcrumblist\"},\"image\":{\"@type\":\"ImageObject\",\"url\":\"https:\\\/\\\/droix.eu\\\/wp-content\\\/uploads\\\/2021\\\/12\\\/1_6_5.jpg\",\"@id\":\"https:\\\/\\\/droix.eu\\\/fr\\\/product\\\/ecouteurs-gpd\\\/#mainImage\",\"width\":800,\"height\":800},\"primaryImageOfPage\":{\"@id\":\"https:\\\/\\\/droix.eu\\\/fr\\\/product\\\/ecouteurs-gpd\\\/#mainImage\"},\"datePublished\":\"2018-02-21T13:07:06+00:00\",\"dateModified\":\"2025-08-18T15:13:49+01:00\"},{\"@type\":\"WebSite\",\"@id\":\"https:\\\/\\\/droix.eu\\\/fr\\\/#website\",\"url\":\"https:\\\/\\\/droix.eu\\\/fr\\\/\",\"name\":\"DROIX EU\",\"description\":\"Get the latest Mini PCs, Ultrabook, PC Gaming Handhelds and more!\",\"inLanguage\":\"fr-FR\",\"publisher\":{\"@id\":\"https:\\\/\\\/droix.eu\\\/fr\\\/#organization\"}}]}\n\t\t<\/script>\n\t\t<!-- All in One SEO Pro -->\r\n\t\t<title>\u00c9couteurs GPD - DROIX EU<\/title>\n\n","aioseo_head_json":{"title":"\u00c9couteurs GPD - DROIX EU","description":"Casque officiel GPD sp\u00e9cialement con\u00e7u pour votre ordinateur de poche GPD. Avec une base profonde et un son de haute qualit\u00e9, cette paire de casques est parfaite pour \u00eatre emport\u00e9e partout. Le paquet comprend 1x \u00e9couteurs GPD","canonical_url":"https:\/\/droix.eu\/fr\/product\/ecouteurs-gpd\/","robots":"max-image-preview:large","keywords":"","webmasterTools":{"miscellaneous":""},"schema":{"@context":"https:\/\/schema.org","@graph":[{"@type":"BreadcrumbList","@id":"https:\/\/droix.eu\/fr\/product\/ecouteurs-gpd\/#breadcrumblist","itemListElement":[{"@type":"ListItem","@id":"https:\/\/droix.eu\/fr\/#listItem","position":1,"name":"Home","item":"https:\/\/droix.eu\/fr\/","nextItem":{"@type":"ListItem","@id":"https:\/\/droix.eu\/fr\/product-category\/accessoires\/#listItem","name":"Accessoires"}},{"@type":"ListItem","@id":"https:\/\/droix.eu\/fr\/product-category\/accessoires\/#listItem","position":2,"name":"Accessoires","item":"https:\/\/droix.eu\/fr\/product-category\/accessoires\/","nextItem":{"@type":"ListItem","@id":"https:\/\/droix.eu\/fr\/product-category\/accessoires\/accessoires-pour-ordinateur-portable\/#listItem","name":"Accessoires pour ordinateur portable"},"previousItem":{"@type":"ListItem","@id":"https:\/\/droix.eu\/fr\/#listItem","name":"Home"}},{"@type":"ListItem","@id":"https:\/\/droix.eu\/fr\/product-category\/accessoires\/accessoires-pour-ordinateur-portable\/#listItem","position":3,"name":"Accessoires pour ordinateur portable","item":"https:\/\/droix.eu\/fr\/product-category\/accessoires\/accessoires-pour-ordinateur-portable\/","nextItem":{"@type":"ListItem","@id":"https:\/\/droix.eu\/fr\/product\/ecouteurs-gpd\/#listItem","name":"\u00c9couteurs GPD"},"previousItem":{"@type":"ListItem","@id":"https:\/\/droix.eu\/fr\/product-category\/accessoires\/#listItem","name":"Accessoires"}},{"@type":"ListItem","@id":"https:\/\/droix.eu\/fr\/product\/ecouteurs-gpd\/#listItem","position":4,"name":"\u00c9couteurs GPD","previousItem":{"@type":"ListItem","@id":"https:\/\/droix.eu\/fr\/product-category\/accessoires\/accessoires-pour-ordinateur-portable\/#listItem","name":"Accessoires pour ordinateur portable"}}]},{"@type":"Organization","@id":"https:\/\/droix.eu\/fr\/#organization","name":"DroiX \u2013 Trusted EU Tech Retailer with 12+ Years Experience","description":"DroiX is a leading European technology retailer with over 12 years of experience, offering quality mini PCs, handheld gaming consoles, and tech accessories. We provide hassle-free EU delivery with all taxes included, ensuring a smooth and reliable shopping experience for our customers across Europe.","url":"https:\/\/droix.eu\/fr\/","logo":{"@type":"ImageObject","url":"https:\/\/droix.eu\/wp-content\/uploads\/2024\/06\/droix-v2-light-logo.png","@id":"https:\/\/droix.eu\/fr\/product\/ecouteurs-gpd\/#organizationLogo","width":380,"height":118},"image":{"@id":"https:\/\/droix.eu\/fr\/product\/ecouteurs-gpd\/#organizationLogo"},"sameAs":["https:\/\/www.facebook.com\/DroiX.Store","https:\/\/twitter.com\/DroiX_Store","https:\/\/www.instagram.com\/droix.store\/","https:\/\/www.tiktok.com\/@droix.store","https:\/\/www.youtube.com\/c\/DroiX_Store","https:\/\/uk.linkedin.com\/company\/droix"]},{"@type":"Product","@id":"https:\/\/droix.eu\/fr\/product\/ecouteurs-gpd\/#wooCommerceProduct","name":"\u00c9couteurs GPD","description":"Casque officiel GPD sp\u00e9cialement con\u00e7u pour votre ordinateur de poche GPD.\nAvec une base profonde et un son de haute qualit\u00e9, cette paire de casques est parfaite pour \u00eatre emport\u00e9e partout.","url":"https:\/\/droix.eu\/fr\/product\/ecouteurs-gpd\/","sku":"GPD-HEADPHONES","image":{"@type":"ImageObject","url":"https:\/\/droix.eu\/wp-content\/uploads\/2021\/12\/1_6_5.jpg","@id":"https:\/\/droix.eu\/fr\/product\/ecouteurs-gpd\/#productImage","width":800,"height":800},"offers":{"@type":"Offer","url":"https:\/\/droix.eu\/fr\/product\/ecouteurs-gpd\/#wooCommerceOffer","price":7.32,"priceCurrency":"EUR","category":"Accessoires","availability":"https:\/\/schema.org\/InStock","priceSpecification":{"@type":"PriceSpecification","price":7.32,"priceCurrency":"EUR","valueAddedTaxIncluded":"true"},"seller":{"@type":"Organization","@id":"https:\/\/droix.eu\/fr\/#organization"}}},{"@type":"WebPage","@id":"https:\/\/droix.eu\/fr\/product\/ecouteurs-gpd\/#webpage","url":"https:\/\/droix.eu\/fr\/product\/ecouteurs-gpd\/","name":"\u00c9couteurs GPD - DROIX EU","description":"Casque officiel GPD sp\u00e9cialement con\u00e7u pour votre ordinateur de poche GPD. Avec une base profonde et un son de haute qualit\u00e9, cette paire de casques est parfaite pour \u00eatre emport\u00e9e partout. Le paquet comprend 1x \u00e9couteurs GPD","inLanguage":"fr-FR","isPartOf":{"@id":"https:\/\/droix.eu\/fr\/#website"},"breadcrumb":{"@id":"https:\/\/droix.eu\/fr\/product\/ecouteurs-gpd\/#breadcrumblist"},"image":{"@type":"ImageObject","url":"https:\/\/droix.eu\/wp-content\/uploads\/2021\/12\/1_6_5.jpg","@id":"https:\/\/droix.eu\/fr\/product\/ecouteurs-gpd\/#mainImage","width":800,"height":800},"primaryImageOfPage":{"@id":"https:\/\/droix.eu\/fr\/product\/ecouteurs-gpd\/#mainImage"},"datePublished":"2018-02-21T13:07:06+00:00","dateModified":"2025-08-18T15:13:49+01:00"},{"@type":"WebSite","@id":"https:\/\/droix.eu\/fr\/#website","url":"https:\/\/droix.eu\/fr\/","name":"DROIX EU","description":"Get the latest Mini PCs, Ultrabook, PC Gaming Handhelds and more!","inLanguage":"fr-FR","publisher":{"@id":"https:\/\/droix.eu\/fr\/#organization"}}]},"og:locale":"fr_FR","og:site_name":"DROIX EU - Get the latest Mini PCs, Ultrabook, PC Gaming Handhelds and more!","og:type":"article","og:title":"\u00c9couteurs GPD - DROIX EU","og:description":"Casque officiel GPD sp\u00e9cialement con\u00e7u pour votre ordinateur de poche GPD. Avec une base profonde et un son de haute qualit\u00e9, cette paire de casques est parfaite pour \u00eatre emport\u00e9e partout. Le paquet comprend 1x \u00e9couteurs GPD","og:url":"https:\/\/droix.eu\/fr\/product\/ecouteurs-gpd\/","og:image":"https:\/\/droix.eu\/wp-content\/uploads\/2024\/06\/droix-v2-light-logo.png","og:image:secure_url":"https:\/\/droix.eu\/wp-content\/uploads\/2024\/06\/droix-v2-light-logo.png","og:image:width":380,"og:image:height":118,"article:published_time":"2018-02-21T13:07:06+00:00","article:modified_time":"2025-08-18T14:13:49+00:00","article:publisher":"https:\/\/www.facebook.com\/DroiX.Store","twitter:card":"summary_large_image","twitter:site":"@DroiX_Store","twitter:title":"\u00c9couteurs GPD - DROIX EU","twitter:description":"Casque officiel GPD sp\u00e9cialement con\u00e7u pour votre ordinateur de poche GPD. Avec une base profonde et un son de haute qualit\u00e9, cette paire de casques est parfaite pour \u00eatre emport\u00e9e partout. Le paquet comprend 1x \u00e9couteurs GPD","twitter:image":"https:\/\/droix.eu\/wp-content\/uploads\/2024\/06\/droix-v2-light-logo.png"},"aioseo_meta_data":{"post_id":"551435","title":null,"description":null,"keywords":null,"keyphrases":null,"primary_term":null,"canonical_url":null,"og_title":null,"og_description":null,"og_object_type":"default","og_image_type":"default","og_image_url":null,"og_image_width":null,"og_image_height":null,"og_image_custom_url":null,"og_image_custom_fields":null,"og_video":null,"og_custom_url":null,"og_article_section":null,"og_article_tags":null,"twitter_use_og":true,"twitter_card":"default","twitter_image_type":"default","twitter_image_url":null,"twitter_image_custom_url":null,"twitter_image_custom_fields":null,"twitter_title":null,"twitter_description":null,"schema":{"blockGraphs":[],"customGraphs":[],"default":{"data":{"Article":[],"Course":[],"Dataset":[],"FAQPage":[],"Movie":[],"Person":[],"Product":[],"ProductReview":[],"Car":[],"Recipe":[],"Service":[],"SoftwareApplication":[],"WebPage":[]},"graphName":"","isEnabled":true},"graphs":[]},"schema_type":"default","schema_type_options":null,"pillar_content":false,"robots_default":true,"robots_noindex":false,"robots_noarchive":false,"robots_nosnippet":false,"robots_nofollow":false,"robots_noimageindex":false,"robots_noodp":false,"robots_notranslate":false,"robots_max_snippet":null,"robots_max_videopreview":null,"robots_max_imagepreview":"large","priority":null,"frequency":null,"local_seo":null,"seo_analyzer_scan_date":"2025-10-24 07:32:14","breadcrumb_settings":null,"limit_modified_date":false,"reviewed_by":null,"open_ai":null,"ai":null,"created":"2025-10-09 03:22:03","updated":"2025-11-27 01:37:43"},"aioseo_breadcrumb":"<div class=\"aioseo-breadcrumbs\"><span class=\"aioseo-breadcrumb\">\n\t<a href=\"https:\/\/droix.eu\/fr\/\" title=\"Home\">Home<\/a>\n<\/span><span class=\"aioseo-breadcrumb-separator\">&raquo;<\/span><span class=\"aioseo-breadcrumb\">\n\t<a href=\"https:\/\/droix.eu\/fr\/product-category\/accessoires\/\" title=\"Accessoires\">Accessoires<\/a>\n<\/span><span class=\"aioseo-breadcrumb-separator\">&raquo;<\/span><span class=\"aioseo-breadcrumb\">\n\t<a href=\"https:\/\/droix.eu\/fr\/product-category\/accessoires\/accessoires-pour-ordinateur-portable\/\" title=\"Accessoires pour ordinateur portable\">Accessoires pour ordinateur portable<\/a>\n<\/span><span class=\"aioseo-breadcrumb-separator\">&raquo;<\/span><span class=\"aioseo-breadcrumb\">\n\t\u00c9couteurs GPD\n<\/span><\/div>","aioseo_breadcrumb_json":[{"label":"Home","link":"https:\/\/droix.eu\/fr\/"},{"label":"Accessoires","link":"https:\/\/droix.eu\/fr\/product-category\/accessoires\/"},{"label":"Accessoires pour ordinateur portable","link":"https:\/\/droix.eu\/fr\/product-category\/accessoires\/accessoires-pour-ordinateur-portable\/"},{"label":"\u00c9couteurs GPD","link":"https:\/\/droix.eu\/fr\/product\/ecouteurs-gpd\/"}],"_links":{"self":[{"href":"https:\/\/droix.eu\/fr\/wp-json\/wp\/v2\/product\/551435","targetHints":{"allow":["GET"]}}],"collection":[{"href":"https:\/\/droix.eu\/fr\/wp-json\/wp\/v2\/product"}],"about":[{"href":"https:\/\/droix.eu\/fr\/wp-json\/wp\/v2\/types\/product"}],"version-history":[{"count":0,"href":"https:\/\/droix.eu\/fr\/wp-json\/wp\/v2\/product\/551435\/revisions"}],"wp:featuredmedia":[{"embeddable":true,"href":"https:\/\/droix.eu\/fr\/wp-json\/wp\/v2\/media\/208881"}],"wp:attachment":[{"href":"https:\/\/droix.eu\/fr\/wp-json\/wp\/v2\/media?parent=551435"}],"wp:term":[{"taxonomy":"product_brand","embeddable":true,"href":"https:\/\/droix.eu\/fr\/wp-json\/wp\/v2\/product_brand?post=551435"},{"taxonomy":"product_cat","embeddable":true,"href":"https:\/\/droix.eu\/fr\/wp-json\/wp\/v2\/product_cat?post=551435"},{"taxonomy":"product_tag","embeddable":true,"href":"https:\/\/droix.eu\/fr\/wp-json\/wp\/v2\/product_tag?post=551435"},{"taxonomy":"woo-feed-brand","embeddable":true,"href":"https:\/\/droix.eu\/fr\/wp-json\/wp\/v2\/woo-feed-brand?post=551435"},{"taxonomy":"key-features","embeddable":true,"href":"https:\/\/droix.eu\/fr\/wp-json\/wp\/v2\/key-features?post=551435"}],"curies":[{"name":"wp","href":"https:\/\/api.w.org\/{rel}","templated":true}]}}