{"id":530137,"date":"2020-11-27T15:34:12","date_gmt":"2020-11-27T15:34:12","guid":{"rendered":"https:\/\/droix.eu\/product\/mallette-de-transport-officielle-gpd-micro-pc\/"},"modified":"2025-08-18T15:32:39","modified_gmt":"2025-08-18T14:32:39","slug":"mallette-de-transport-officielle-gpd-micro-pc","status":"publish","type":"product","link":"https:\/\/droix.eu\/fr\/product\/mallette-de-transport-officielle-gpd-micro-pc\/","title":{"rendered":"Mallette de transport officielle GPD Micro PC"},"content":{"rendered":"<p>La toute nouvelle mallette de transport GPD est sortie et elle est plus pratique que jamais ! Il s&#8217;adapte au <strong>GPD XD Plus<\/strong>, au <strong>GPD WIN 2<\/strong> ou surtout au <strong>GPD Micro PC<\/strong> avec beaucoup d&#8217;espace pour tous vos accessoires ! <\/p>\n<p>Il est livr\u00e9 avec une sangle et pr\u00e9sente un style d\u00e9contract\u00e9 et \u00e9l\u00e9gant pour votre usage quotidien.<\/p>\n","protected":false},"excerpt":{"rendered":"<ul>\n<li>Produit officiel du GPD<\/li>\n<li>Parfait pour le GPD XD Plus, le GPD WIN 2 et le GPD Micro PC<\/li>\n<li>Con\u00e7u dans un souci de portabilit\u00e9<\/li>\n<li>Look \u00e9l\u00e9gant<\/li>\n<\/ul>\n[cg_accordion title=\"Garantie de 2 ans sur tous les produits GPD\"]<\/p>\n<p>Tous les produits GPD sont assortis d&#8217;une garantie de 2 ans et b\u00e9n\u00e9ficient de plus de 13 ans de service de confiance. Rejoignez notre communaut\u00e9 de plus de 500 000 clients satisfaits et faites confiance \u00e0 votre achat. [\/cg_accordion]\n[cg_accordion title=\"Options de paiement flexibles et s\u00e9curis\u00e9es\"]<\/p>\n<p>Profitez de la tranquillit\u00e9 d&#8217;esprit gr\u00e2ce \u00e0 notre syst\u00e8me de paiement s\u00e9curis\u00e9. Nous prenons en charge tous les principaux modes de paiement, y compris les cartes de d\u00e9bit\/cr\u00e9dit, PayPal, Apple Pay, Google Pay, Klarna, Afterpay et Affirm, ce qui vous donne la libert\u00e9 de payer \u00e0 votre guise, que ce soit d&#8217;un seul coup ou en plusieurs fois. [\/cg_accordion]\n[cg_accordion title=\"Imp\u00f4ts\"]<\/p>\n<p>Les prix incluent la TVA applicable, qui peut aller jusqu&#8217;\u00e0 25 % selon votre pays. Le montant exact est indiqu\u00e9 lors de la commande pour garantir une totale transparence. [\/cg_accordion]\n[cg_accordion title=\"Exp\u00e9dition et retours\"]<\/p>\n<p>Nous travaillons avec plus de 10 partenaires d&#8217;exp\u00e9dition de confiance pour garantir que votre commande arrive rapidement, en toute s\u00e9curit\u00e9 et de mani\u00e8re fiable.<\/p>\n<p>Nous utilisons le service d&#8217;exp\u00e9dition express DDP (Delivered Duty Paid). Cela signifie que : <\/p>\n<li>Tous les droits de douane et taxes sont d\u00e9j\u00e0 inclus dans le prix du produit indiqu\u00e9.<\/li>\n<li>Vous n&#8217;aurez pas de frais surprises \u00e0 la livraison.<\/li>\n<li>Dans les rares cas de retard aux douanes, notre \u00e9quipe s&#8217;occupera de la proc\u00e9dure de d\u00e9douanement pour vous afin d&#8217;assurer une livraison sans probl\u00e8me.<\/li>\n<p>Informations importantes concernant les retours :<\/p>\n<li>Si vous retournez votre commande ou demandez un remboursement, veuillez noter que les taxes et droits pay\u00e9s en votre nom selon les conditions DDP ne sont pas remboursables.<\/li>\n<p>Veuillez vous r\u00e9f\u00e9rer \u00e0 nos <a href=\"https:\/\/droix.eu\/fr\/modalites-et-conditions\/\" target=\"_blank\" rel=\"nofollow noopener\">conditions g\u00e9n\u00e9rales<\/a> pour plus d&#8217;informations.\n<\/ul>\n<p>[\/cg_accordion]\n[cg_accordion title=\"Soutien \u00e0 la client\u00e8le\"]<\/p>\n<p>Vous avez une question ? Il suffit d&#8217;un petit texte pour que votre probl\u00e8me soit r\u00e9solu ![\/cg_accordion]\n[cg_accordion title=\"Le paquet comprend\"]<\/p>\n<ul>\n<li>1x Mallette officielle GPD Micro PC<\/li>\n<\/ul>\n<p>[\/cg_accordion]\n","protected":false},"featured_media":222723,"template":"","meta":{"_acf_changed":false},"product_brand":[],"product_cat":[10290,10291],"product_tag":[],"woo-feed-brand":[2198],"key-features":[],"class_list":{"0":"post-530137","1":"product","2":"type-product","3":"status-publish","4":"has-post-thumbnail","6":"product_cat-accessoires","7":"product_cat-accessoires-pour-ordinateur-portable","8":"product_shipping_class-low-end","9":"pa_accessory-type-protective-case","10":"pa_brands-gpd-fr","11":"woo-feed-brand-gpd","13":"first","14":"outofstock","15":"sale","16":"taxable","17":"shipping-taxable","18":"purchasable","19":"product-type-simple"},"acf":[],"aioseo_notices":[],"aioseo_head":"\n\t\t<!-- All in One SEO Pro 4.9.6.2 - aioseo.com -->\n\t<meta name=\"description\" content=\"Produit officiel du GPD Parfait pour le GPD XD Plus, le GPD WIN 2 et le GPD Micro PC Con\u00e7u dans un souci de portabilit\u00e9 Look \u00e9l\u00e9gant\" \/>\n\t<meta name=\"robots\" content=\"max-image-preview:large\" \/>\n\t<link rel=\"canonical\" href=\"https:\/\/droix.eu\/fr\/product\/mallette-de-transport-officielle-gpd-micro-pc\/\" \/>\n\t<meta name=\"generator\" content=\"All in One SEO Pro (AIOSEO) 4.9.6.2\" \/>\n\t\t<meta property=\"og:locale\" content=\"fr_FR\" \/>\n\t\t<meta property=\"og:site_name\" content=\"DROIX EU - Get the latest Mini PCs, Ultrabook, PC Gaming Handhelds and more!\" \/>\n\t\t<meta property=\"og:type\" content=\"article\" \/>\n\t\t<meta property=\"og:title\" content=\"Mallette de transport officielle GPD Micro PC - DROIX EU\" \/>\n\t\t<meta property=\"og:description\" content=\"Produit officiel du GPD Parfait pour le GPD XD Plus, le GPD WIN 2 et le GPD Micro PC Con\u00e7u dans un souci de portabilit\u00e9 Look \u00e9l\u00e9gant\" \/>\n\t\t<meta property=\"og:url\" content=\"https:\/\/droix.eu\/fr\/product\/mallette-de-transport-officielle-gpd-micro-pc\/\" \/>\n\t\t<meta property=\"og:image\" content=\"https:\/\/droix.eu\/wp-content\/uploads\/2024\/06\/droix-v2-light-logo.png\" \/>\n\t\t<meta property=\"og:image:secure_url\" content=\"https:\/\/droix.eu\/wp-content\/uploads\/2024\/06\/droix-v2-light-logo.png\" \/>\n\t\t<meta property=\"og:image:width\" content=\"380\" \/>\n\t\t<meta property=\"og:image:height\" content=\"118\" \/>\n\t\t<meta property=\"article:published_time\" content=\"2020-11-27T15:34:12+00:00\" \/>\n\t\t<meta property=\"article:modified_time\" content=\"2025-08-18T14:32:39+00:00\" \/>\n\t\t<meta property=\"article:publisher\" content=\"https:\/\/www.facebook.com\/DroiX.Store\" \/>\n\t\t<meta name=\"twitter:card\" content=\"summary_large_image\" \/>\n\t\t<meta name=\"twitter:site\" content=\"@DroiX_Store\" \/>\n\t\t<meta name=\"twitter:title\" content=\"Mallette de transport officielle GPD Micro PC - DROIX EU\" \/>\n\t\t<meta name=\"twitter:description\" content=\"Produit officiel du GPD Parfait pour le GPD XD Plus, le GPD WIN 2 et le GPD Micro PC Con\u00e7u dans un souci de portabilit\u00e9 Look \u00e9l\u00e9gant\" \/>\n\t\t<meta name=\"twitter:image\" content=\"https:\/\/droix.eu\/wp-content\/uploads\/2024\/06\/droix-v2-light-logo.png\" \/>\n\t\t<script type=\"application\/ld+json\" class=\"aioseo-schema\">\n\t\t\t{\"@context\":\"https:\\\/\\\/schema.org\",\"@graph\":[{\"@type\":\"BreadcrumbList\",\"@id\":\"https:\\\/\\\/droix.eu\\\/fr\\\/product\\\/mallette-de-transport-officielle-gpd-micro-pc\\\/#breadcrumblist\",\"itemListElement\":[{\"@type\":\"ListItem\",\"@id\":\"https:\\\/\\\/droix.eu\\\/fr\\\/#listItem\",\"position\":1,\"name\":\"Home\",\"item\":\"https:\\\/\\\/droix.eu\\\/fr\\\/\",\"nextItem\":{\"@type\":\"ListItem\",\"@id\":\"https:\\\/\\\/droix.eu\\\/fr\\\/product-category\\\/accessoires\\\/#listItem\",\"name\":\"Accessoires\"}},{\"@type\":\"ListItem\",\"@id\":\"https:\\\/\\\/droix.eu\\\/fr\\\/product-category\\\/accessoires\\\/#listItem\",\"position\":2,\"name\":\"Accessoires\",\"item\":\"https:\\\/\\\/droix.eu\\\/fr\\\/product-category\\\/accessoires\\\/\",\"nextItem\":{\"@type\":\"ListItem\",\"@id\":\"https:\\\/\\\/droix.eu\\\/fr\\\/product-category\\\/accessoires\\\/accessoires-pour-ordinateur-portable\\\/#listItem\",\"name\":\"Accessoires pour ordinateur portable\"},\"previousItem\":{\"@type\":\"ListItem\",\"@id\":\"https:\\\/\\\/droix.eu\\\/fr\\\/#listItem\",\"name\":\"Home\"}},{\"@type\":\"ListItem\",\"@id\":\"https:\\\/\\\/droix.eu\\\/fr\\\/product-category\\\/accessoires\\\/accessoires-pour-ordinateur-portable\\\/#listItem\",\"position\":3,\"name\":\"Accessoires pour ordinateur portable\",\"item\":\"https:\\\/\\\/droix.eu\\\/fr\\\/product-category\\\/accessoires\\\/accessoires-pour-ordinateur-portable\\\/\",\"nextItem\":{\"@type\":\"ListItem\",\"@id\":\"https:\\\/\\\/droix.eu\\\/fr\\\/product\\\/mallette-de-transport-officielle-gpd-micro-pc\\\/#listItem\",\"name\":\"Mallette de transport officielle GPD Micro PC\"},\"previousItem\":{\"@type\":\"ListItem\",\"@id\":\"https:\\\/\\\/droix.eu\\\/fr\\\/product-category\\\/accessoires\\\/#listItem\",\"name\":\"Accessoires\"}},{\"@type\":\"ListItem\",\"@id\":\"https:\\\/\\\/droix.eu\\\/fr\\\/product\\\/mallette-de-transport-officielle-gpd-micro-pc\\\/#listItem\",\"position\":4,\"name\":\"Mallette de transport officielle GPD Micro PC\",\"previousItem\":{\"@type\":\"ListItem\",\"@id\":\"https:\\\/\\\/droix.eu\\\/fr\\\/product-category\\\/accessoires\\\/accessoires-pour-ordinateur-portable\\\/#listItem\",\"name\":\"Accessoires pour ordinateur portable\"}}]},{\"@type\":\"Organization\",\"@id\":\"https:\\\/\\\/droix.eu\\\/fr\\\/#organization\",\"name\":\"DroiX \\u2013 Trusted EU Tech Retailer with 12+ Years Experience\",\"description\":\"DroiX is a leading European technology retailer with over 12 years of experience, offering quality mini PCs, handheld gaming consoles, and tech accessories. We provide hassle-free EU delivery with all taxes included, ensuring a smooth and reliable shopping experience for our customers across Europe.\",\"url\":\"https:\\\/\\\/droix.eu\\\/fr\\\/\",\"logo\":{\"@type\":\"ImageObject\",\"url\":\"https:\\\/\\\/droix.eu\\\/wp-content\\\/uploads\\\/2024\\\/06\\\/droix-v2-light-logo.png\",\"@id\":\"https:\\\/\\\/droix.eu\\\/fr\\\/product\\\/mallette-de-transport-officielle-gpd-micro-pc\\\/#organizationLogo\",\"width\":380,\"height\":118},\"image\":{\"@id\":\"https:\\\/\\\/droix.eu\\\/fr\\\/product\\\/mallette-de-transport-officielle-gpd-micro-pc\\\/#organizationLogo\"},\"sameAs\":[\"https:\\\/\\\/www.facebook.com\\\/DroiX.Store\",\"https:\\\/\\\/twitter.com\\\/DroiX_Store\",\"https:\\\/\\\/www.instagram.com\\\/droix.store\\\/\",\"https:\\\/\\\/www.tiktok.com\\\/@droix.store\",\"https:\\\/\\\/www.youtube.com\\\/c\\\/DroiX_Store\",\"https:\\\/\\\/uk.linkedin.com\\\/company\\\/droix\"]},{\"@type\":\"Product\",\"@id\":\"https:\\\/\\\/droix.eu\\\/fr\\\/product\\\/mallette-de-transport-officielle-gpd-micro-pc\\\/#wooCommerceProduct\",\"name\":\"Mallette de transport officielle GPD Micro PC\",\"description\":\"Produit officiel du GPD\\n \\tParfait pour le GPD XD Plus, le GPD WIN 2 et le GPD Micro PC\\n \\tCon\\u00e7u dans un souci de portabilit\\u00e9\\n \\tLook \\u00e9l\\u00e9gant\",\"url\":\"https:\\\/\\\/droix.eu\\\/fr\\\/product\\\/mallette-de-transport-officielle-gpd-micro-pc\\\/\",\"sku\":\"GPD-TRAVEL-CASE\",\"image\":{\"@type\":\"ImageObject\",\"url\":\"https:\\\/\\\/droix.eu\\\/wp-content\\\/uploads\\\/2021\\\/12\\\/GPD-MICRO-PC-TRAVEL-CASE-LISTING-PICTURE-1.png\",\"@id\":\"https:\\\/\\\/droix.eu\\\/fr\\\/product\\\/mallette-de-transport-officielle-gpd-micro-pc\\\/#productImage\",\"width\":700,\"height\":700,\"caption\":\"Mallette de transport officielle du GPD pour le Micro PC GPD\"},\"offers\":{\"@type\":\"Offer\",\"url\":\"https:\\\/\\\/droix.eu\\\/fr\\\/product\\\/mallette-de-transport-officielle-gpd-micro-pc\\\/#wooCommerceOffer\",\"price\":23.31,\"priceCurrency\":\"EUR\",\"category\":\"Accessoires\",\"availability\":\"https:\\\/\\\/schema.org\\\/OutOfStock\",\"priceSpecification\":{\"@type\":\"PriceSpecification\",\"price\":23.31,\"priceCurrency\":\"EUR\",\"valueAddedTaxIncluded\":\"true\"},\"seller\":{\"@type\":\"Organization\",\"@id\":\"https:\\\/\\\/droix.eu\\\/fr\\\/#organization\"}}},{\"@type\":\"WebPage\",\"@id\":\"https:\\\/\\\/droix.eu\\\/fr\\\/product\\\/mallette-de-transport-officielle-gpd-micro-pc\\\/#webpage\",\"url\":\"https:\\\/\\\/droix.eu\\\/fr\\\/product\\\/mallette-de-transport-officielle-gpd-micro-pc\\\/\",\"name\":\"Mallette de transport officielle GPD Micro PC - DROIX EU\",\"description\":\"Produit officiel du GPD Parfait pour le GPD XD Plus, le GPD WIN 2 et le GPD Micro PC Con\\u00e7u dans un souci de portabilit\\u00e9 Look \\u00e9l\\u00e9gant\",\"inLanguage\":\"fr-FR\",\"isPartOf\":{\"@id\":\"https:\\\/\\\/droix.eu\\\/fr\\\/#website\"},\"breadcrumb\":{\"@id\":\"https:\\\/\\\/droix.eu\\\/fr\\\/product\\\/mallette-de-transport-officielle-gpd-micro-pc\\\/#breadcrumblist\"},\"image\":{\"@type\":\"ImageObject\",\"url\":\"https:\\\/\\\/droix.eu\\\/wp-content\\\/uploads\\\/2021\\\/12\\\/GPD-MICRO-PC-TRAVEL-CASE-LISTING-PICTURE-1.png\",\"@id\":\"https:\\\/\\\/droix.eu\\\/fr\\\/product\\\/mallette-de-transport-officielle-gpd-micro-pc\\\/#mainImage\",\"width\":700,\"height\":700,\"caption\":\"Mallette de transport officielle du GPD pour le Micro PC GPD\"},\"primaryImageOfPage\":{\"@id\":\"https:\\\/\\\/droix.eu\\\/fr\\\/product\\\/mallette-de-transport-officielle-gpd-micro-pc\\\/#mainImage\"},\"datePublished\":\"2020-11-27T15:34:12+00:00\",\"dateModified\":\"2025-08-18T15:32:39+01:00\"},{\"@type\":\"WebSite\",\"@id\":\"https:\\\/\\\/droix.eu\\\/fr\\\/#website\",\"url\":\"https:\\\/\\\/droix.eu\\\/fr\\\/\",\"name\":\"DROIX EU\",\"description\":\"Get the latest Mini PCs, Ultrabook, PC Gaming Handhelds and more!\",\"inLanguage\":\"fr-FR\",\"publisher\":{\"@id\":\"https:\\\/\\\/droix.eu\\\/fr\\\/#organization\"}}]}\n\t\t<\/script>\n\t\t<!-- All in One SEO Pro -->\r\n\t\t<title>Mallette de transport officielle GPD Micro PC - DROIX EU<\/title>\n\n","aioseo_head_json":{"title":"Mallette de transport officielle GPD Micro PC - DROIX EU","description":"Produit officiel du GPD Parfait pour le GPD XD Plus, le GPD WIN 2 et le GPD Micro PC Con\u00e7u dans un souci de portabilit\u00e9 Look \u00e9l\u00e9gant","canonical_url":"https:\/\/droix.eu\/fr\/product\/mallette-de-transport-officielle-gpd-micro-pc\/","robots":"max-image-preview:large","keywords":"","webmasterTools":{"miscellaneous":""},"schema":{"@context":"https:\/\/schema.org","@graph":[{"@type":"BreadcrumbList","@id":"https:\/\/droix.eu\/fr\/product\/mallette-de-transport-officielle-gpd-micro-pc\/#breadcrumblist","itemListElement":[{"@type":"ListItem","@id":"https:\/\/droix.eu\/fr\/#listItem","position":1,"name":"Home","item":"https:\/\/droix.eu\/fr\/","nextItem":{"@type":"ListItem","@id":"https:\/\/droix.eu\/fr\/product-category\/accessoires\/#listItem","name":"Accessoires"}},{"@type":"ListItem","@id":"https:\/\/droix.eu\/fr\/product-category\/accessoires\/#listItem","position":2,"name":"Accessoires","item":"https:\/\/droix.eu\/fr\/product-category\/accessoires\/","nextItem":{"@type":"ListItem","@id":"https:\/\/droix.eu\/fr\/product-category\/accessoires\/accessoires-pour-ordinateur-portable\/#listItem","name":"Accessoires pour ordinateur portable"},"previousItem":{"@type":"ListItem","@id":"https:\/\/droix.eu\/fr\/#listItem","name":"Home"}},{"@type":"ListItem","@id":"https:\/\/droix.eu\/fr\/product-category\/accessoires\/accessoires-pour-ordinateur-portable\/#listItem","position":3,"name":"Accessoires pour ordinateur portable","item":"https:\/\/droix.eu\/fr\/product-category\/accessoires\/accessoires-pour-ordinateur-portable\/","nextItem":{"@type":"ListItem","@id":"https:\/\/droix.eu\/fr\/product\/mallette-de-transport-officielle-gpd-micro-pc\/#listItem","name":"Mallette de transport officielle GPD Micro PC"},"previousItem":{"@type":"ListItem","@id":"https:\/\/droix.eu\/fr\/product-category\/accessoires\/#listItem","name":"Accessoires"}},{"@type":"ListItem","@id":"https:\/\/droix.eu\/fr\/product\/mallette-de-transport-officielle-gpd-micro-pc\/#listItem","position":4,"name":"Mallette de transport officielle GPD Micro PC","previousItem":{"@type":"ListItem","@id":"https:\/\/droix.eu\/fr\/product-category\/accessoires\/accessoires-pour-ordinateur-portable\/#listItem","name":"Accessoires pour ordinateur portable"}}]},{"@type":"Organization","@id":"https:\/\/droix.eu\/fr\/#organization","name":"DroiX \u2013 Trusted EU Tech Retailer with 12+ Years Experience","description":"DroiX is a leading European technology retailer with over 12 years of experience, offering quality mini PCs, handheld gaming consoles, and tech accessories. We provide hassle-free EU delivery with all taxes included, ensuring a smooth and reliable shopping experience for our customers across Europe.","url":"https:\/\/droix.eu\/fr\/","logo":{"@type":"ImageObject","url":"https:\/\/droix.eu\/wp-content\/uploads\/2024\/06\/droix-v2-light-logo.png","@id":"https:\/\/droix.eu\/fr\/product\/mallette-de-transport-officielle-gpd-micro-pc\/#organizationLogo","width":380,"height":118},"image":{"@id":"https:\/\/droix.eu\/fr\/product\/mallette-de-transport-officielle-gpd-micro-pc\/#organizationLogo"},"sameAs":["https:\/\/www.facebook.com\/DroiX.Store","https:\/\/twitter.com\/DroiX_Store","https:\/\/www.instagram.com\/droix.store\/","https:\/\/www.tiktok.com\/@droix.store","https:\/\/www.youtube.com\/c\/DroiX_Store","https:\/\/uk.linkedin.com\/company\/droix"]},{"@type":"Product","@id":"https:\/\/droix.eu\/fr\/product\/mallette-de-transport-officielle-gpd-micro-pc\/#wooCommerceProduct","name":"Mallette de transport officielle GPD Micro PC","description":"Produit officiel du GPD\n \tParfait pour le GPD XD Plus, le GPD WIN 2 et le GPD Micro PC\n \tCon\u00e7u dans un souci de portabilit\u00e9\n \tLook \u00e9l\u00e9gant","url":"https:\/\/droix.eu\/fr\/product\/mallette-de-transport-officielle-gpd-micro-pc\/","sku":"GPD-TRAVEL-CASE","image":{"@type":"ImageObject","url":"https:\/\/droix.eu\/wp-content\/uploads\/2021\/12\/GPD-MICRO-PC-TRAVEL-CASE-LISTING-PICTURE-1.png","@id":"https:\/\/droix.eu\/fr\/product\/mallette-de-transport-officielle-gpd-micro-pc\/#productImage","width":700,"height":700,"caption":"Mallette de transport officielle du GPD pour le Micro PC GPD"},"offers":{"@type":"Offer","url":"https:\/\/droix.eu\/fr\/product\/mallette-de-transport-officielle-gpd-micro-pc\/#wooCommerceOffer","price":23.31,"priceCurrency":"EUR","category":"Accessoires","availability":"https:\/\/schema.org\/OutOfStock","priceSpecification":{"@type":"PriceSpecification","price":23.31,"priceCurrency":"EUR","valueAddedTaxIncluded":"true"},"seller":{"@type":"Organization","@id":"https:\/\/droix.eu\/fr\/#organization"}}},{"@type":"WebPage","@id":"https:\/\/droix.eu\/fr\/product\/mallette-de-transport-officielle-gpd-micro-pc\/#webpage","url":"https:\/\/droix.eu\/fr\/product\/mallette-de-transport-officielle-gpd-micro-pc\/","name":"Mallette de transport officielle GPD Micro PC - DROIX EU","description":"Produit officiel du GPD Parfait pour le GPD XD Plus, le GPD WIN 2 et le GPD Micro PC Con\u00e7u dans un souci de portabilit\u00e9 Look \u00e9l\u00e9gant","inLanguage":"fr-FR","isPartOf":{"@id":"https:\/\/droix.eu\/fr\/#website"},"breadcrumb":{"@id":"https:\/\/droix.eu\/fr\/product\/mallette-de-transport-officielle-gpd-micro-pc\/#breadcrumblist"},"image":{"@type":"ImageObject","url":"https:\/\/droix.eu\/wp-content\/uploads\/2021\/12\/GPD-MICRO-PC-TRAVEL-CASE-LISTING-PICTURE-1.png","@id":"https:\/\/droix.eu\/fr\/product\/mallette-de-transport-officielle-gpd-micro-pc\/#mainImage","width":700,"height":700,"caption":"Mallette de transport officielle du GPD pour le Micro PC GPD"},"primaryImageOfPage":{"@id":"https:\/\/droix.eu\/fr\/product\/mallette-de-transport-officielle-gpd-micro-pc\/#mainImage"},"datePublished":"2020-11-27T15:34:12+00:00","dateModified":"2025-08-18T15:32:39+01:00"},{"@type":"WebSite","@id":"https:\/\/droix.eu\/fr\/#website","url":"https:\/\/droix.eu\/fr\/","name":"DROIX EU","description":"Get the latest Mini PCs, Ultrabook, PC Gaming Handhelds and more!","inLanguage":"fr-FR","publisher":{"@id":"https:\/\/droix.eu\/fr\/#organization"}}]},"og:locale":"fr_FR","og:site_name":"DROIX EU - Get the latest Mini PCs, Ultrabook, PC Gaming Handhelds and more!","og:type":"article","og:title":"Mallette de transport officielle GPD Micro PC - DROIX EU","og:description":"Produit officiel du GPD Parfait pour le GPD XD Plus, le GPD WIN 2 et le GPD Micro PC Con\u00e7u dans un souci de portabilit\u00e9 Look \u00e9l\u00e9gant","og:url":"https:\/\/droix.eu\/fr\/product\/mallette-de-transport-officielle-gpd-micro-pc\/","og:image":"https:\/\/droix.eu\/wp-content\/uploads\/2024\/06\/droix-v2-light-logo.png","og:image:secure_url":"https:\/\/droix.eu\/wp-content\/uploads\/2024\/06\/droix-v2-light-logo.png","og:image:width":380,"og:image:height":118,"article:published_time":"2020-11-27T15:34:12+00:00","article:modified_time":"2025-08-18T14:32:39+00:00","article:publisher":"https:\/\/www.facebook.com\/DroiX.Store","twitter:card":"summary_large_image","twitter:site":"@DroiX_Store","twitter:title":"Mallette de transport officielle GPD Micro PC - DROIX EU","twitter:description":"Produit officiel du GPD Parfait pour le GPD XD Plus, le GPD WIN 2 et le GPD Micro PC Con\u00e7u dans un souci de portabilit\u00e9 Look \u00e9l\u00e9gant","twitter:image":"https:\/\/droix.eu\/wp-content\/uploads\/2024\/06\/droix-v2-light-logo.png"},"aioseo_meta_data":{"post_id":"530137","title":null,"description":null,"keywords":null,"keyphrases":null,"primary_term":null,"canonical_url":null,"og_title":null,"og_description":null,"og_object_type":"default","og_image_type":"default","og_image_url":null,"og_image_width":null,"og_image_height":null,"og_image_custom_url":null,"og_image_custom_fields":null,"og_video":null,"og_custom_url":null,"og_article_section":null,"og_article_tags":null,"twitter_use_og":true,"twitter_card":"default","twitter_image_type":"default","twitter_image_url":null,"twitter_image_custom_url":null,"twitter_image_custom_fields":null,"twitter_title":null,"twitter_description":null,"schema":{"blockGraphs":[],"customGraphs":[],"default":{"data":{"Article":[],"Course":[],"Dataset":[],"FAQPage":[],"Movie":[],"Person":[],"Product":[],"ProductReview":[],"Car":[],"Recipe":[],"Service":[],"SoftwareApplication":[],"WebPage":[]},"graphName":"","isEnabled":true},"graphs":[]},"schema_type":"default","schema_type_options":null,"pillar_content":false,"robots_default":true,"robots_noindex":false,"robots_noarchive":false,"robots_nosnippet":false,"robots_nofollow":false,"robots_noimageindex":false,"robots_noodp":false,"robots_notranslate":false,"robots_max_snippet":null,"robots_max_videopreview":null,"robots_max_imagepreview":"large","priority":null,"frequency":null,"local_seo":null,"seo_analyzer_scan_date":"2025-10-24 08:09:31","breadcrumb_settings":null,"limit_modified_date":false,"reviewed_by":null,"open_ai":null,"ai":null,"created":"2025-10-09 03:31:55","updated":"2025-11-27 01:42:59"},"aioseo_breadcrumb":"<div class=\"aioseo-breadcrumbs\"><span class=\"aioseo-breadcrumb\">\n\t<a href=\"https:\/\/droix.eu\/fr\/\" title=\"Home\">Home<\/a>\n<\/span><span class=\"aioseo-breadcrumb-separator\">&raquo;<\/span><span class=\"aioseo-breadcrumb\">\n\t<a href=\"https:\/\/droix.eu\/fr\/product-category\/accessoires\/\" title=\"Accessoires\">Accessoires<\/a>\n<\/span><span class=\"aioseo-breadcrumb-separator\">&raquo;<\/span><span class=\"aioseo-breadcrumb\">\n\t<a href=\"https:\/\/droix.eu\/fr\/product-category\/accessoires\/accessoires-pour-ordinateur-portable\/\" title=\"Accessoires pour ordinateur portable\">Accessoires pour ordinateur portable<\/a>\n<\/span><span class=\"aioseo-breadcrumb-separator\">&raquo;<\/span><span class=\"aioseo-breadcrumb\">\n\tMallette de transport officielle GPD Micro PC\n<\/span><\/div>","aioseo_breadcrumb_json":[{"label":"Home","link":"https:\/\/droix.eu\/fr\/"},{"label":"Accessoires","link":"https:\/\/droix.eu\/fr\/product-category\/accessoires\/"},{"label":"Accessoires pour ordinateur portable","link":"https:\/\/droix.eu\/fr\/product-category\/accessoires\/accessoires-pour-ordinateur-portable\/"},{"label":"Mallette de transport officielle GPD Micro PC","link":"https:\/\/droix.eu\/fr\/product\/mallette-de-transport-officielle-gpd-micro-pc\/"}],"_links":{"self":[{"href":"https:\/\/droix.eu\/fr\/wp-json\/wp\/v2\/product\/530137","targetHints":{"allow":["GET"]}}],"collection":[{"href":"https:\/\/droix.eu\/fr\/wp-json\/wp\/v2\/product"}],"about":[{"href":"https:\/\/droix.eu\/fr\/wp-json\/wp\/v2\/types\/product"}],"version-history":[{"count":0,"href":"https:\/\/droix.eu\/fr\/wp-json\/wp\/v2\/product\/530137\/revisions"}],"wp:featuredmedia":[{"embeddable":true,"href":"https:\/\/droix.eu\/fr\/wp-json\/wp\/v2\/media\/222723"}],"wp:attachment":[{"href":"https:\/\/droix.eu\/fr\/wp-json\/wp\/v2\/media?parent=530137"}],"wp:term":[{"taxonomy":"product_brand","embeddable":true,"href":"https:\/\/droix.eu\/fr\/wp-json\/wp\/v2\/product_brand?post=530137"},{"taxonomy":"product_cat","embeddable":true,"href":"https:\/\/droix.eu\/fr\/wp-json\/wp\/v2\/product_cat?post=530137"},{"taxonomy":"product_tag","embeddable":true,"href":"https:\/\/droix.eu\/fr\/wp-json\/wp\/v2\/product_tag?post=530137"},{"taxonomy":"woo-feed-brand","embeddable":true,"href":"https:\/\/droix.eu\/fr\/wp-json\/wp\/v2\/woo-feed-brand?post=530137"},{"taxonomy":"key-features","embeddable":true,"href":"https:\/\/droix.eu\/fr\/wp-json\/wp\/v2\/key-features?post=530137"}],"curies":[{"name":"wp","href":"https:\/\/api.w.org\/{rel}","templated":true}]}}