{"id":522842,"date":"2022-01-07T15:00:20","date_gmt":"2022-01-07T15:00:20","guid":{"rendered":"https:\/\/droix.eu\/product\/module-kvm-et-rs-232-pour-gpd-pocket-3\/"},"modified":"2025-12-15T00:02:40","modified_gmt":"2025-12-15T00:02:40","slug":"module-kvm-et-rs-232-pour-gpd-pocket-3","status":"publish","type":"product","link":"https:\/\/droix.eu\/fr\/product\/module-kvm-et-rs-232-pour-gpd-pocket-3\/","title":{"rendered":"GPD Pocket 3 Module KVM &amp; RS-232"},"content":{"rendered":"<p>Le GPD Pocket 3 est \u00e9quip\u00e9 d&#8217;un module KVM qui permet un contr\u00f4le pratique des serveurs. De m\u00eame, le module RS232 permet l&#8217;int\u00e9gration d&#8217;un v\u00e9ritable port RS232, ce qui en fait une excellente option pour le d\u00e9bogage de syst\u00e8mes ou l&#8217;utilisation de fraiseuses CNC professionnelles.<\/p>\n<p>Ces deux modules font partie du pack.<\/p>\n<p>De plus, le GPD Pocket 3 est livr\u00e9 avec un module USB-A par d\u00e9faut. Si n\u00e9cessaire, ce module peut \u00eatre remplac\u00e9 par l&#8217;un des deux modules fournis.<\/p>\n","protected":false},"excerpt":{"rendered":"<ul>\n<li><strong>Accessoire officiel du GPD<\/strong><\/li>\n<li>Pack combin\u00e9 avec <strong>deux<\/strong> modules d&#8217;extension<\/li>\n<li>Connectez-vous et contr\u00f4lez les serveurs via le module <strong>KVM<\/strong><\/li>\n<li>Interfacez avec des machines industrielles via <strong>RS232<\/strong><\/li>\n<\/ul>\n[cg_accordion title=\"Garantie de 2 ans sur tous les produits GPD\"]<\/p>\n<p>Tous les produits GPD sont assortis d&#8217;une garantie de 2 ans et b\u00e9n\u00e9ficient de plus de 13 ans de service de confiance. Rejoignez notre communaut\u00e9 de plus de 500 000 clients satisfaits et faites confiance \u00e0 votre achat. [\/cg_accordion]\n[cg_accordion title=\"Assurance de la qualit\u00e9 et tests pr\u00e9alables \u00e0 l'exp\u00e9dition\"]<\/p>\n<p>Garantir la satisfaction du client au plus haut niveau : Chaque appareil est soumis \u00e0 des tests rigoureux et \u00e0 un contr\u00f4le de qualit\u00e9 en plusieurs points avant d&#8217;\u00eatre exp\u00e9di\u00e9. Notre \u00e9quipe d\u00e9di\u00e9e v\u00e9rifie les performances, la fonctionnalit\u00e9 et l&#8217;int\u00e9grit\u00e9 des composants pour garantir que votre appareil GPD est en parfait \u00e9tat de fonctionnement \u00e0 l&#8217;arriv\u00e9e, vous apportant ainsi confiance et tranquillit\u00e9 d&#8217;esprit. [\/cg_accordion]\n[cg_accordion title=\"Options de paiement flexibles et s\u00e9curis\u00e9es\"]<\/p>\n<p>Profitez de la tranquillit\u00e9 d&#8217;esprit gr\u00e2ce \u00e0 notre syst\u00e8me de paiement s\u00e9curis\u00e9. Nous prenons en charge tous les principaux modes de paiement, y compris les cartes de d\u00e9bit\/cr\u00e9dit, PayPal, Apple Pay, Google Pay, Klarna, Afterpay et Affirm, ce qui vous donne la libert\u00e9 de payer \u00e0 votre guise, que ce soit d&#8217;un seul coup ou en plusieurs fois. [\/cg_accordion]\n[cg_accordion title=\"Imp\u00f4ts\"]<\/p>\n<p>Les prix incluent la TVA applicable, qui peut aller jusqu&#8217;\u00e0 25 % selon votre pays. Le montant exact est indiqu\u00e9 lors de la commande afin de garantir une totale transparence. [\/cg_accordion]\n[cg_accordion title=\"Exp\u00e9dition et retours\"]<\/p>\n<p>Nous travaillons avec plus de 10 partenaires d&#8217;exp\u00e9dition de confiance pour garantir que votre commande arrive rapidement, en toute s\u00e9curit\u00e9 et de mani\u00e8re fiable.<\/p>\n<p>Nous utilisons le service d&#8217;exp\u00e9dition express DDP (Delivered Duty Paid). Cela signifie que : <\/p>\n<li>Tous les droits de douane et taxes sont d\u00e9j\u00e0 inclus dans le prix du produit indiqu\u00e9.<\/li>\n<li>Vous n&#8217;aurez pas de frais surprises \u00e0 la livraison.<\/li>\n<li>Dans les rares cas de retard aux douanes, notre \u00e9quipe s&#8217;occupera de la proc\u00e9dure de d\u00e9douanement pour vous afin d&#8217;assurer une livraison sans probl\u00e8me.<\/li>\n<p>Informations importantes concernant les retours :<\/p>\n<li>Si vous retournez votre commande ou demandez un remboursement, veuillez noter que les taxes et droits pay\u00e9s en votre nom selon les conditions DDP ne sont pas remboursables.<\/li>\n<p>Veuillez vous r\u00e9f\u00e9rer \u00e0 nos <a href=\"https:\/\/droix.eu\/fr\/modalites-et-conditions\/\" target=\"_blank\" rel=\"nofollow noopener\">conditions g\u00e9n\u00e9rales<\/a> pour plus d&#8217;informations.\n<\/ul>\n<p>[\/cg_accordion]\n[cg_accordion title=\"Soutien \u00e0 la client\u00e8le\"]<\/p>\n<p>Vous avez une question ? Il suffit d&#8217;un petit texto pour que votre probl\u00e8me soit r\u00e9solu ! [\/cg_accordion]\n[cg_accordion title=\"Le paquet comprend\"]<\/p>\n<ul>\n<li>1x Module KVM et RS-232<\/li>\n<\/ul>\n<p>[\/cg_accordion]\n","protected":false},"featured_media":293622,"template":"","meta":{"_acf_changed":false},"product_brand":[],"product_cat":[10290,10291],"product_tag":[],"woo-feed-brand":[2198],"key-features":[],"class_list":{"0":"post-522842","1":"product","2":"type-product","3":"status-publish","4":"has-post-thumbnail","6":"product_cat-accessoires","7":"product_cat-accessoires-pour-ordinateur-portable","8":"product_shipping_class-low-end","9":"pa_brands-gpd-fr","10":"pa_compatibility-gpd-pocket-3-fr","11":"woo-feed-brand-gpd","13":"first","14":"instock","15":"sale","16":"taxable","17":"shipping-taxable","18":"purchasable","19":"product-type-simple"},"acf":[],"aioseo_notices":[],"aioseo_head":"\n\t\t<!-- All in One SEO Pro 4.9.6.2 - aioseo.com -->\n\t<meta name=\"description\" content=\"Accessoire officiel du GPD Pack combin\u00e9 avec deux modules d&#039;extension Connectez-vous et contr\u00f4lez les serveurs via le module KVM Interfacez avec des machines industrielles via RS232\" \/>\n\t<meta name=\"robots\" content=\"max-image-preview:large\" \/>\n\t<link rel=\"canonical\" href=\"https:\/\/droix.eu\/fr\/product\/module-kvm-et-rs-232-pour-gpd-pocket-3\/\" \/>\n\t<meta name=\"generator\" content=\"All in One SEO Pro (AIOSEO) 4.9.6.2\" \/>\n\t\t<meta property=\"og:locale\" content=\"fr_FR\" \/>\n\t\t<meta property=\"og:site_name\" content=\"DROIX EU - Get the latest Mini PCs, Ultrabook, PC Gaming Handhelds and more!\" \/>\n\t\t<meta property=\"og:type\" content=\"article\" \/>\n\t\t<meta property=\"og:title\" content=\"GPD Pocket 3 Module KVM &amp; RS-232 - DROIX EU\" \/>\n\t\t<meta property=\"og:description\" content=\"Accessoire officiel du GPD Pack combin\u00e9 avec deux modules d&#039;extension Connectez-vous et contr\u00f4lez les serveurs via le module KVM Interfacez avec des machines industrielles via RS232\" \/>\n\t\t<meta property=\"og:url\" content=\"https:\/\/droix.eu\/fr\/product\/module-kvm-et-rs-232-pour-gpd-pocket-3\/\" \/>\n\t\t<meta property=\"og:image\" content=\"https:\/\/droix.eu\/wp-content\/uploads\/2024\/06\/droix-v2-light-logo.png\" \/>\n\t\t<meta property=\"og:image:secure_url\" content=\"https:\/\/droix.eu\/wp-content\/uploads\/2024\/06\/droix-v2-light-logo.png\" \/>\n\t\t<meta property=\"og:image:width\" content=\"380\" \/>\n\t\t<meta property=\"og:image:height\" content=\"118\" \/>\n\t\t<meta property=\"article:published_time\" content=\"2022-01-07T15:00:20+00:00\" \/>\n\t\t<meta property=\"article:modified_time\" content=\"2025-12-15T00:02:40+00:00\" \/>\n\t\t<meta property=\"article:publisher\" content=\"https:\/\/www.facebook.com\/DroiX.Store\" \/>\n\t\t<meta name=\"twitter:card\" content=\"summary_large_image\" \/>\n\t\t<meta name=\"twitter:site\" content=\"@DroiX_Store\" \/>\n\t\t<meta name=\"twitter:title\" content=\"GPD Pocket 3 Module KVM &amp; RS-232 - DROIX EU\" \/>\n\t\t<meta name=\"twitter:description\" content=\"Accessoire officiel du GPD Pack combin\u00e9 avec deux modules d&#039;extension Connectez-vous et contr\u00f4lez les serveurs via le module KVM Interfacez avec des machines industrielles via RS232\" \/>\n\t\t<meta name=\"twitter:image\" content=\"https:\/\/droix.eu\/wp-content\/uploads\/2024\/06\/droix-v2-light-logo.png\" \/>\n\t\t<script type=\"application\/ld+json\" class=\"aioseo-schema\">\n\t\t\t{\"@context\":\"https:\\\/\\\/schema.org\",\"@graph\":[{\"@type\":\"BreadcrumbList\",\"@id\":\"https:\\\/\\\/droix.eu\\\/fr\\\/product\\\/module-kvm-et-rs-232-pour-gpd-pocket-3\\\/#breadcrumblist\",\"itemListElement\":[{\"@type\":\"ListItem\",\"@id\":\"https:\\\/\\\/droix.eu\\\/fr\\\/#listItem\",\"position\":1,\"name\":\"Home\",\"item\":\"https:\\\/\\\/droix.eu\\\/fr\\\/\",\"nextItem\":{\"@type\":\"ListItem\",\"@id\":\"https:\\\/\\\/droix.eu\\\/fr\\\/product-category\\\/accessoires\\\/#listItem\",\"name\":\"Accessoires\"}},{\"@type\":\"ListItem\",\"@id\":\"https:\\\/\\\/droix.eu\\\/fr\\\/product-category\\\/accessoires\\\/#listItem\",\"position\":2,\"name\":\"Accessoires\",\"item\":\"https:\\\/\\\/droix.eu\\\/fr\\\/product-category\\\/accessoires\\\/\",\"nextItem\":{\"@type\":\"ListItem\",\"@id\":\"https:\\\/\\\/droix.eu\\\/fr\\\/product-category\\\/accessoires\\\/accessoires-pour-ordinateur-portable\\\/#listItem\",\"name\":\"Accessoires pour ordinateur portable\"},\"previousItem\":{\"@type\":\"ListItem\",\"@id\":\"https:\\\/\\\/droix.eu\\\/fr\\\/#listItem\",\"name\":\"Home\"}},{\"@type\":\"ListItem\",\"@id\":\"https:\\\/\\\/droix.eu\\\/fr\\\/product-category\\\/accessoires\\\/accessoires-pour-ordinateur-portable\\\/#listItem\",\"position\":3,\"name\":\"Accessoires pour ordinateur portable\",\"item\":\"https:\\\/\\\/droix.eu\\\/fr\\\/product-category\\\/accessoires\\\/accessoires-pour-ordinateur-portable\\\/\",\"nextItem\":{\"@type\":\"ListItem\",\"@id\":\"https:\\\/\\\/droix.eu\\\/fr\\\/product\\\/module-kvm-et-rs-232-pour-gpd-pocket-3\\\/#listItem\",\"name\":\"GPD Pocket 3 Module KVM &amp; RS-232\"},\"previousItem\":{\"@type\":\"ListItem\",\"@id\":\"https:\\\/\\\/droix.eu\\\/fr\\\/product-category\\\/accessoires\\\/#listItem\",\"name\":\"Accessoires\"}},{\"@type\":\"ListItem\",\"@id\":\"https:\\\/\\\/droix.eu\\\/fr\\\/product\\\/module-kvm-et-rs-232-pour-gpd-pocket-3\\\/#listItem\",\"position\":4,\"name\":\"GPD Pocket 3 Module KVM &amp; RS-232\",\"previousItem\":{\"@type\":\"ListItem\",\"@id\":\"https:\\\/\\\/droix.eu\\\/fr\\\/product-category\\\/accessoires\\\/accessoires-pour-ordinateur-portable\\\/#listItem\",\"name\":\"Accessoires pour ordinateur portable\"}}]},{\"@type\":\"Organization\",\"@id\":\"https:\\\/\\\/droix.eu\\\/fr\\\/#organization\",\"name\":\"DroiX \\u2013 Trusted EU Tech Retailer with 12+ Years Experience\",\"description\":\"DroiX is a leading European technology retailer with over 12 years of experience, offering quality mini PCs, handheld gaming consoles, and tech accessories. We provide hassle-free EU delivery with all taxes included, ensuring a smooth and reliable shopping experience for our customers across Europe.\",\"url\":\"https:\\\/\\\/droix.eu\\\/fr\\\/\",\"logo\":{\"@type\":\"ImageObject\",\"url\":\"https:\\\/\\\/droix.eu\\\/wp-content\\\/uploads\\\/2024\\\/06\\\/droix-v2-light-logo.png\",\"@id\":\"https:\\\/\\\/droix.eu\\\/fr\\\/product\\\/module-kvm-et-rs-232-pour-gpd-pocket-3\\\/#organizationLogo\",\"width\":380,\"height\":118},\"image\":{\"@id\":\"https:\\\/\\\/droix.eu\\\/fr\\\/product\\\/module-kvm-et-rs-232-pour-gpd-pocket-3\\\/#organizationLogo\"},\"sameAs\":[\"https:\\\/\\\/www.facebook.com\\\/DroiX.Store\",\"https:\\\/\\\/twitter.com\\\/DroiX_Store\",\"https:\\\/\\\/www.instagram.com\\\/droix.store\\\/\",\"https:\\\/\\\/www.tiktok.com\\\/@droix.store\",\"https:\\\/\\\/www.youtube.com\\\/c\\\/DroiX_Store\",\"https:\\\/\\\/uk.linkedin.com\\\/company\\\/droix\"]},{\"@type\":\"Product\",\"@id\":\"https:\\\/\\\/droix.eu\\\/fr\\\/product\\\/module-kvm-et-rs-232-pour-gpd-pocket-3\\\/#wooCommerceProduct\",\"name\":\"GPD Pocket 3 Module KVM &amp; RS-232\",\"description\":\"Accessoire officiel du GPD\\n \\tPack combin\\u00e9 avec deux modules d'extension\\n \\tConnectez-vous et contr\\u00f4lez les serveurs via le module KVM\\n \\tInterfacez avec des machines industrielles via RS232\",\"url\":\"https:\\\/\\\/droix.eu\\\/fr\\\/product\\\/module-kvm-et-rs-232-pour-gpd-pocket-3\\\/\",\"sku\":\"GPD-POCKET-3-EXPANSION-MODULE-KVM-RS\",\"gtin\":\"5060763672192\",\"image\":{\"@type\":\"ImageObject\",\"url\":\"https:\\\/\\\/droix.eu\\\/wp-content\\\/uploads\\\/2022\\\/01\\\/GPD-POCKET-3-KVM-RS232-MODULE-LISTING-IMAGE-1.png\",\"@id\":\"https:\\\/\\\/droix.eu\\\/fr\\\/product\\\/module-kvm-et-rs-232-pour-gpd-pocket-3\\\/#productImage\",\"width\":1000,\"height\":1000,\"caption\":\"GPD Pocket 3 Module d'expansion KVM et RS232\"},\"offers\":{\"@type\":\"Offer\",\"url\":\"https:\\\/\\\/droix.eu\\\/fr\\\/product\\\/module-kvm-et-rs-232-pour-gpd-pocket-3\\\/#wooCommerceOffer\",\"price\":114.33,\"priceCurrency\":\"EUR\",\"category\":\"Accessoires\",\"availability\":\"https:\\\/\\\/schema.org\\\/InStock\",\"priceSpecification\":{\"@type\":\"PriceSpecification\",\"price\":114.33,\"priceCurrency\":\"EUR\",\"valueAddedTaxIncluded\":\"true\"},\"seller\":{\"@type\":\"Organization\",\"@id\":\"https:\\\/\\\/droix.eu\\\/fr\\\/#organization\"}}},{\"@type\":\"WebPage\",\"@id\":\"https:\\\/\\\/droix.eu\\\/fr\\\/product\\\/module-kvm-et-rs-232-pour-gpd-pocket-3\\\/#webpage\",\"url\":\"https:\\\/\\\/droix.eu\\\/fr\\\/product\\\/module-kvm-et-rs-232-pour-gpd-pocket-3\\\/\",\"name\":\"GPD Pocket 3 Module KVM & RS-232 - DROIX EU\",\"description\":\"Accessoire officiel du GPD Pack combin\\u00e9 avec deux modules d'extension Connectez-vous et contr\\u00f4lez les serveurs via le module KVM Interfacez avec des machines industrielles via RS232\",\"inLanguage\":\"fr-FR\",\"isPartOf\":{\"@id\":\"https:\\\/\\\/droix.eu\\\/fr\\\/#website\"},\"breadcrumb\":{\"@id\":\"https:\\\/\\\/droix.eu\\\/fr\\\/product\\\/module-kvm-et-rs-232-pour-gpd-pocket-3\\\/#breadcrumblist\"},\"image\":{\"@type\":\"ImageObject\",\"url\":\"https:\\\/\\\/droix.eu\\\/wp-content\\\/uploads\\\/2022\\\/01\\\/GPD-POCKET-3-KVM-RS232-MODULE-LISTING-IMAGE-1.png\",\"@id\":\"https:\\\/\\\/droix.eu\\\/fr\\\/product\\\/module-kvm-et-rs-232-pour-gpd-pocket-3\\\/#mainImage\",\"width\":1000,\"height\":1000,\"caption\":\"GPD Pocket 3 Module d'expansion KVM et RS232\"},\"primaryImageOfPage\":{\"@id\":\"https:\\\/\\\/droix.eu\\\/fr\\\/product\\\/module-kvm-et-rs-232-pour-gpd-pocket-3\\\/#mainImage\"},\"datePublished\":\"2022-01-07T15:00:20+00:00\",\"dateModified\":\"2025-12-15T00:02:40+00:00\"},{\"@type\":\"WebSite\",\"@id\":\"https:\\\/\\\/droix.eu\\\/fr\\\/#website\",\"url\":\"https:\\\/\\\/droix.eu\\\/fr\\\/\",\"name\":\"DROIX EU\",\"description\":\"Get the latest Mini PCs, Ultrabook, PC Gaming Handhelds and more!\",\"inLanguage\":\"fr-FR\",\"publisher\":{\"@id\":\"https:\\\/\\\/droix.eu\\\/fr\\\/#organization\"}}]}\n\t\t<\/script>\n\t\t<!-- All in One SEO Pro -->\r\n\t\t<title>GPD Pocket 3 Module KVM &amp; RS-232 - DROIX EU<\/title>\n\n","aioseo_head_json":{"title":"GPD Pocket 3 Module KVM & RS-232 - DROIX EU","description":"Accessoire officiel du GPD Pack combin\u00e9 avec deux modules d'extension Connectez-vous et contr\u00f4lez les serveurs via le module KVM Interfacez avec des machines industrielles via RS232","canonical_url":"https:\/\/droix.eu\/fr\/product\/module-kvm-et-rs-232-pour-gpd-pocket-3\/","robots":"max-image-preview:large","keywords":"","webmasterTools":{"miscellaneous":""},"schema":{"@context":"https:\/\/schema.org","@graph":[{"@type":"BreadcrumbList","@id":"https:\/\/droix.eu\/fr\/product\/module-kvm-et-rs-232-pour-gpd-pocket-3\/#breadcrumblist","itemListElement":[{"@type":"ListItem","@id":"https:\/\/droix.eu\/fr\/#listItem","position":1,"name":"Home","item":"https:\/\/droix.eu\/fr\/","nextItem":{"@type":"ListItem","@id":"https:\/\/droix.eu\/fr\/product-category\/accessoires\/#listItem","name":"Accessoires"}},{"@type":"ListItem","@id":"https:\/\/droix.eu\/fr\/product-category\/accessoires\/#listItem","position":2,"name":"Accessoires","item":"https:\/\/droix.eu\/fr\/product-category\/accessoires\/","nextItem":{"@type":"ListItem","@id":"https:\/\/droix.eu\/fr\/product-category\/accessoires\/accessoires-pour-ordinateur-portable\/#listItem","name":"Accessoires pour ordinateur portable"},"previousItem":{"@type":"ListItem","@id":"https:\/\/droix.eu\/fr\/#listItem","name":"Home"}},{"@type":"ListItem","@id":"https:\/\/droix.eu\/fr\/product-category\/accessoires\/accessoires-pour-ordinateur-portable\/#listItem","position":3,"name":"Accessoires pour ordinateur portable","item":"https:\/\/droix.eu\/fr\/product-category\/accessoires\/accessoires-pour-ordinateur-portable\/","nextItem":{"@type":"ListItem","@id":"https:\/\/droix.eu\/fr\/product\/module-kvm-et-rs-232-pour-gpd-pocket-3\/#listItem","name":"GPD Pocket 3 Module KVM &amp; RS-232"},"previousItem":{"@type":"ListItem","@id":"https:\/\/droix.eu\/fr\/product-category\/accessoires\/#listItem","name":"Accessoires"}},{"@type":"ListItem","@id":"https:\/\/droix.eu\/fr\/product\/module-kvm-et-rs-232-pour-gpd-pocket-3\/#listItem","position":4,"name":"GPD Pocket 3 Module KVM &amp; RS-232","previousItem":{"@type":"ListItem","@id":"https:\/\/droix.eu\/fr\/product-category\/accessoires\/accessoires-pour-ordinateur-portable\/#listItem","name":"Accessoires pour ordinateur portable"}}]},{"@type":"Organization","@id":"https:\/\/droix.eu\/fr\/#organization","name":"DroiX \u2013 Trusted EU Tech Retailer with 12+ Years Experience","description":"DroiX is a leading European technology retailer with over 12 years of experience, offering quality mini PCs, handheld gaming consoles, and tech accessories. We provide hassle-free EU delivery with all taxes included, ensuring a smooth and reliable shopping experience for our customers across Europe.","url":"https:\/\/droix.eu\/fr\/","logo":{"@type":"ImageObject","url":"https:\/\/droix.eu\/wp-content\/uploads\/2024\/06\/droix-v2-light-logo.png","@id":"https:\/\/droix.eu\/fr\/product\/module-kvm-et-rs-232-pour-gpd-pocket-3\/#organizationLogo","width":380,"height":118},"image":{"@id":"https:\/\/droix.eu\/fr\/product\/module-kvm-et-rs-232-pour-gpd-pocket-3\/#organizationLogo"},"sameAs":["https:\/\/www.facebook.com\/DroiX.Store","https:\/\/twitter.com\/DroiX_Store","https:\/\/www.instagram.com\/droix.store\/","https:\/\/www.tiktok.com\/@droix.store","https:\/\/www.youtube.com\/c\/DroiX_Store","https:\/\/uk.linkedin.com\/company\/droix"]},{"@type":"Product","@id":"https:\/\/droix.eu\/fr\/product\/module-kvm-et-rs-232-pour-gpd-pocket-3\/#wooCommerceProduct","name":"GPD Pocket 3 Module KVM &amp; RS-232","description":"Accessoire officiel du GPD\n \tPack combin\u00e9 avec deux modules d'extension\n \tConnectez-vous et contr\u00f4lez les serveurs via le module KVM\n \tInterfacez avec des machines industrielles via RS232","url":"https:\/\/droix.eu\/fr\/product\/module-kvm-et-rs-232-pour-gpd-pocket-3\/","sku":"GPD-POCKET-3-EXPANSION-MODULE-KVM-RS","gtin":"5060763672192","image":{"@type":"ImageObject","url":"https:\/\/droix.eu\/wp-content\/uploads\/2022\/01\/GPD-POCKET-3-KVM-RS232-MODULE-LISTING-IMAGE-1.png","@id":"https:\/\/droix.eu\/fr\/product\/module-kvm-et-rs-232-pour-gpd-pocket-3\/#productImage","width":1000,"height":1000,"caption":"GPD Pocket 3 Module d'expansion KVM et RS232"},"offers":{"@type":"Offer","url":"https:\/\/droix.eu\/fr\/product\/module-kvm-et-rs-232-pour-gpd-pocket-3\/#wooCommerceOffer","price":114.33,"priceCurrency":"EUR","category":"Accessoires","availability":"https:\/\/schema.org\/InStock","priceSpecification":{"@type":"PriceSpecification","price":114.33,"priceCurrency":"EUR","valueAddedTaxIncluded":"true"},"seller":{"@type":"Organization","@id":"https:\/\/droix.eu\/fr\/#organization"}}},{"@type":"WebPage","@id":"https:\/\/droix.eu\/fr\/product\/module-kvm-et-rs-232-pour-gpd-pocket-3\/#webpage","url":"https:\/\/droix.eu\/fr\/product\/module-kvm-et-rs-232-pour-gpd-pocket-3\/","name":"GPD Pocket 3 Module KVM & RS-232 - DROIX EU","description":"Accessoire officiel du GPD Pack combin\u00e9 avec deux modules d'extension Connectez-vous et contr\u00f4lez les serveurs via le module KVM Interfacez avec des machines industrielles via RS232","inLanguage":"fr-FR","isPartOf":{"@id":"https:\/\/droix.eu\/fr\/#website"},"breadcrumb":{"@id":"https:\/\/droix.eu\/fr\/product\/module-kvm-et-rs-232-pour-gpd-pocket-3\/#breadcrumblist"},"image":{"@type":"ImageObject","url":"https:\/\/droix.eu\/wp-content\/uploads\/2022\/01\/GPD-POCKET-3-KVM-RS232-MODULE-LISTING-IMAGE-1.png","@id":"https:\/\/droix.eu\/fr\/product\/module-kvm-et-rs-232-pour-gpd-pocket-3\/#mainImage","width":1000,"height":1000,"caption":"GPD Pocket 3 Module d'expansion KVM et RS232"},"primaryImageOfPage":{"@id":"https:\/\/droix.eu\/fr\/product\/module-kvm-et-rs-232-pour-gpd-pocket-3\/#mainImage"},"datePublished":"2022-01-07T15:00:20+00:00","dateModified":"2025-12-15T00:02:40+00:00"},{"@type":"WebSite","@id":"https:\/\/droix.eu\/fr\/#website","url":"https:\/\/droix.eu\/fr\/","name":"DROIX EU","description":"Get the latest Mini PCs, Ultrabook, PC Gaming Handhelds and more!","inLanguage":"fr-FR","publisher":{"@id":"https:\/\/droix.eu\/fr\/#organization"}}]},"og:locale":"fr_FR","og:site_name":"DROIX EU - Get the latest Mini PCs, Ultrabook, PC Gaming Handhelds and more!","og:type":"article","og:title":"GPD Pocket 3 Module KVM &amp; RS-232 - DROIX EU","og:description":"Accessoire officiel du GPD Pack combin\u00e9 avec deux modules d'extension Connectez-vous et contr\u00f4lez les serveurs via le module KVM Interfacez avec des machines industrielles via RS232","og:url":"https:\/\/droix.eu\/fr\/product\/module-kvm-et-rs-232-pour-gpd-pocket-3\/","og:image":"https:\/\/droix.eu\/wp-content\/uploads\/2024\/06\/droix-v2-light-logo.png","og:image:secure_url":"https:\/\/droix.eu\/wp-content\/uploads\/2024\/06\/droix-v2-light-logo.png","og:image:width":380,"og:image:height":118,"article:published_time":"2022-01-07T15:00:20+00:00","article:modified_time":"2025-12-15T00:02:40+00:00","article:publisher":"https:\/\/www.facebook.com\/DroiX.Store","twitter:card":"summary_large_image","twitter:site":"@DroiX_Store","twitter:title":"GPD Pocket 3 Module KVM &amp; RS-232 - DROIX EU","twitter:description":"Accessoire officiel du GPD Pack combin\u00e9 avec deux modules d'extension Connectez-vous et contr\u00f4lez les serveurs via le module KVM Interfacez avec des machines industrielles via RS232","twitter:image":"https:\/\/droix.eu\/wp-content\/uploads\/2024\/06\/droix-v2-light-logo.png"},"aioseo_meta_data":{"post_id":"522842","title":null,"description":null,"keywords":null,"keyphrases":{"focus":{"keyphrase":"","score":0,"analysis":{"keyphraseInTitle":{"score":0,"maxScore":9,"error":1}}},"additional":[]},"primary_term":null,"canonical_url":null,"og_title":null,"og_description":null,"og_object_type":"default","og_image_type":"default","og_image_url":null,"og_image_width":null,"og_image_height":null,"og_image_custom_url":null,"og_image_custom_fields":null,"og_video":"","og_custom_url":null,"og_article_section":null,"og_article_tags":null,"twitter_use_og":true,"twitter_card":"default","twitter_image_type":"default","twitter_image_url":null,"twitter_image_custom_url":null,"twitter_image_custom_fields":null,"twitter_title":null,"twitter_description":null,"schema":{"blockGraphs":[],"customGraphs":[],"default":{"data":{"Article":[],"Course":[],"Dataset":[],"FAQPage":[],"Movie":[],"Person":[],"Product":[],"ProductReview":[],"Car":[],"Recipe":[],"Service":[],"SoftwareApplication":[],"WebPage":[]},"graphName":"Product","isEnabled":true},"graphs":[]},"schema_type":"default","schema_type_options":null,"pillar_content":false,"robots_default":true,"robots_noindex":false,"robots_noarchive":false,"robots_nosnippet":false,"robots_nofollow":false,"robots_noimageindex":false,"robots_noodp":false,"robots_notranslate":false,"robots_max_snippet":"-1","robots_max_videopreview":"-1","robots_max_imagepreview":"large","priority":null,"frequency":"default","local_seo":null,"seo_analyzer_scan_date":"2025-10-24 08:36:44","breadcrumb_settings":null,"limit_modified_date":false,"reviewed_by":null,"open_ai":null,"ai":{"faqs":[],"keyPoints":[],"titles":[],"descriptions":[],"socialPosts":{"email":[],"linkedin":[],"twitter":[],"facebook":[],"instagram":[]}},"created":"2025-10-09 03:39:25","updated":"2026-01-24 12:02:45"},"aioseo_breadcrumb":"<div class=\"aioseo-breadcrumbs\"><span class=\"aioseo-breadcrumb\">\n\t<a href=\"https:\/\/droix.eu\/fr\/\" title=\"Home\">Home<\/a>\n<\/span><span class=\"aioseo-breadcrumb-separator\">&raquo;<\/span><span class=\"aioseo-breadcrumb\">\n\t<a href=\"https:\/\/droix.eu\/fr\/product-category\/accessoires\/\" title=\"Accessoires\">Accessoires<\/a>\n<\/span><span class=\"aioseo-breadcrumb-separator\">&raquo;<\/span><span class=\"aioseo-breadcrumb\">\n\t<a href=\"https:\/\/droix.eu\/fr\/product-category\/accessoires\/accessoires-pour-ordinateur-portable\/\" title=\"Accessoires pour ordinateur portable\">Accessoires pour ordinateur portable<\/a>\n<\/span><span class=\"aioseo-breadcrumb-separator\">&raquo;<\/span><span class=\"aioseo-breadcrumb\">\n\tGPD Pocket 3 Module KVM &amp; RS-232\n<\/span><\/div>","aioseo_breadcrumb_json":[{"label":"Home","link":"https:\/\/droix.eu\/fr\/"},{"label":"Accessoires","link":"https:\/\/droix.eu\/fr\/product-category\/accessoires\/"},{"label":"Accessoires pour ordinateur portable","link":"https:\/\/droix.eu\/fr\/product-category\/accessoires\/accessoires-pour-ordinateur-portable\/"},{"label":"GPD Pocket 3 Module KVM &amp; RS-232","link":"https:\/\/droix.eu\/fr\/product\/module-kvm-et-rs-232-pour-gpd-pocket-3\/"}],"_links":{"self":[{"href":"https:\/\/droix.eu\/fr\/wp-json\/wp\/v2\/product\/522842","targetHints":{"allow":["GET"]}}],"collection":[{"href":"https:\/\/droix.eu\/fr\/wp-json\/wp\/v2\/product"}],"about":[{"href":"https:\/\/droix.eu\/fr\/wp-json\/wp\/v2\/types\/product"}],"version-history":[{"count":0,"href":"https:\/\/droix.eu\/fr\/wp-json\/wp\/v2\/product\/522842\/revisions"}],"wp:featuredmedia":[{"embeddable":true,"href":"https:\/\/droix.eu\/fr\/wp-json\/wp\/v2\/media\/293622"}],"wp:attachment":[{"href":"https:\/\/droix.eu\/fr\/wp-json\/wp\/v2\/media?parent=522842"}],"wp:term":[{"taxonomy":"product_brand","embeddable":true,"href":"https:\/\/droix.eu\/fr\/wp-json\/wp\/v2\/product_brand?post=522842"},{"taxonomy":"product_cat","embeddable":true,"href":"https:\/\/droix.eu\/fr\/wp-json\/wp\/v2\/product_cat?post=522842"},{"taxonomy":"product_tag","embeddable":true,"href":"https:\/\/droix.eu\/fr\/wp-json\/wp\/v2\/product_tag?post=522842"},{"taxonomy":"woo-feed-brand","embeddable":true,"href":"https:\/\/droix.eu\/fr\/wp-json\/wp\/v2\/woo-feed-brand?post=522842"},{"taxonomy":"key-features","embeddable":true,"href":"https:\/\/droix.eu\/fr\/wp-json\/wp\/v2\/key-features?post=522842"}],"curies":[{"name":"wp","href":"https:\/\/api.w.org\/{rel}","templated":true}]}}