{"id":522626,"date":"2022-02-14T10:48:08","date_gmt":"2022-02-14T10:48:08","guid":{"rendered":"https:\/\/droix.eu\/product\/etui-de-protection-officiel-pour-gpd-pocket-3\/"},"modified":"2025-08-18T13:30:39","modified_gmt":"2025-08-18T12:30:39","slug":"etui-de-protection-officiel-pour-gpd-pocket-3","status":"publish","type":"product","link":"https:\/\/droix.eu\/fr\/product\/etui-de-protection-officiel-pour-gpd-pocket-3\/","title":{"rendered":"\u00c9tui de protection officiel du GPD POCKET 3"},"content":{"rendered":"<p>Con\u00e7u par GPD pour les GPD P2 Max, Pocket 3 et GPD WIN Max, cet \u00e9tui de protection est \u00e9l\u00e9gant.<\/p>\n","protected":false},"excerpt":{"rendered":"<ul>\n<li>Produit <strong>officiel<\/strong> du <strong>GPD<\/strong> <\/li>\n<li>Con\u00e7u pour le <strong>GPD Pocket 3<\/strong> Mini Laptop<\/li>\n<li>Texture en <strong>faux cuir<\/strong> <\/li>\n<li>Couverture <strong>magn\u00e9tique<\/strong> <\/li>\n<\/ul>\n[droix_global_accordions]\n[cg_accordion title=\"Le paquet comprend\"]<\/p>\n<ul>\n<li>1x \u00e9tui de protection officiel GPD POCKET 3<\/li>\n<\/ul>\n<p>[\/cg_accordion]\n","protected":false},"featured_media":323627,"template":"","meta":{"_acf_changed":false},"product_brand":[],"product_cat":[10290,10291],"product_tag":[],"woo-feed-brand":[2198],"key-features":[],"class_list":{"0":"post-522626","1":"product","2":"type-product","3":"status-publish","4":"has-post-thumbnail","6":"product_cat-accessoires","7":"product_cat-accessoires-pour-ordinateur-portable","8":"product_shipping_class-low-end","9":"pa_accessory-type-protective-case","10":"pa_brands-gpd-fr","11":"pa_compatibility-gpd-pocket-3-fr","12":"woo-feed-brand-gpd","14":"first","15":"outofstock","16":"taxable","17":"shipping-taxable","18":"purchasable","19":"product-type-simple"},"acf":[],"aioseo_notices":[],"aioseo_head":"\n\t\t<!-- All in One SEO Pro 4.9.6.2 - aioseo.com -->\n\t<meta name=\"description\" content=\"Produit officiel du GPD Con\u00e7u pour le GPD Pocket 3 Mini Laptop Texture en faux cuir Couverture magn\u00e9tique Le paquet comprend 1x \u00e9tui de protection officiel GPD POCKET 3\" \/>\n\t<meta name=\"robots\" content=\"max-image-preview:large\" \/>\n\t<link rel=\"canonical\" href=\"https:\/\/droix.eu\/fr\/product\/etui-de-protection-officiel-pour-gpd-pocket-3\/\" \/>\n\t<meta name=\"generator\" content=\"All in One SEO Pro (AIOSEO) 4.9.6.2\" \/>\n\t\t<meta property=\"og:locale\" content=\"fr_FR\" \/>\n\t\t<meta property=\"og:site_name\" content=\"DROIX EU - Get the latest Mini PCs, Ultrabook, PC Gaming Handhelds and more!\" \/>\n\t\t<meta property=\"og:type\" content=\"article\" \/>\n\t\t<meta property=\"og:title\" content=\"\u00c9tui de protection officiel du GPD POCKET 3 - DROIX EU\" \/>\n\t\t<meta property=\"og:description\" content=\"Produit officiel du GPD Con\u00e7u pour le GPD Pocket 3 Mini Laptop Texture en faux cuir Couverture magn\u00e9tique Le paquet comprend 1x \u00e9tui de protection officiel GPD POCKET 3\" \/>\n\t\t<meta property=\"og:url\" content=\"https:\/\/droix.eu\/fr\/product\/etui-de-protection-officiel-pour-gpd-pocket-3\/\" \/>\n\t\t<meta property=\"og:image\" content=\"https:\/\/droix.eu\/wp-content\/uploads\/2024\/06\/droix-v2-light-logo.png\" \/>\n\t\t<meta property=\"og:image:secure_url\" content=\"https:\/\/droix.eu\/wp-content\/uploads\/2024\/06\/droix-v2-light-logo.png\" \/>\n\t\t<meta property=\"og:image:width\" content=\"380\" \/>\n\t\t<meta property=\"og:image:height\" content=\"118\" \/>\n\t\t<meta property=\"article:published_time\" content=\"2022-02-14T10:48:08+00:00\" \/>\n\t\t<meta property=\"article:modified_time\" content=\"2025-08-18T12:30:39+00:00\" \/>\n\t\t<meta property=\"article:publisher\" content=\"https:\/\/www.facebook.com\/DroiX.Store\" \/>\n\t\t<meta name=\"twitter:card\" content=\"summary_large_image\" \/>\n\t\t<meta name=\"twitter:site\" content=\"@DroiX_Store\" \/>\n\t\t<meta name=\"twitter:title\" content=\"\u00c9tui de protection officiel du GPD POCKET 3 - DROIX EU\" \/>\n\t\t<meta name=\"twitter:description\" content=\"Produit officiel du GPD Con\u00e7u pour le GPD Pocket 3 Mini Laptop Texture en faux cuir Couverture magn\u00e9tique Le paquet comprend 1x \u00e9tui de protection officiel GPD POCKET 3\" \/>\n\t\t<meta name=\"twitter:image\" content=\"https:\/\/droix.eu\/wp-content\/uploads\/2024\/06\/droix-v2-light-logo.png\" \/>\n\t\t<script type=\"application\/ld+json\" class=\"aioseo-schema\">\n\t\t\t{\"@context\":\"https:\\\/\\\/schema.org\",\"@graph\":[{\"@type\":\"BreadcrumbList\",\"@id\":\"https:\\\/\\\/droix.eu\\\/fr\\\/product\\\/etui-de-protection-officiel-pour-gpd-pocket-3\\\/#breadcrumblist\",\"itemListElement\":[{\"@type\":\"ListItem\",\"@id\":\"https:\\\/\\\/droix.eu\\\/fr\\\/#listItem\",\"position\":1,\"name\":\"Home\",\"item\":\"https:\\\/\\\/droix.eu\\\/fr\\\/\",\"nextItem\":{\"@type\":\"ListItem\",\"@id\":\"https:\\\/\\\/droix.eu\\\/fr\\\/product-category\\\/accessoires\\\/#listItem\",\"name\":\"Accessoires\"}},{\"@type\":\"ListItem\",\"@id\":\"https:\\\/\\\/droix.eu\\\/fr\\\/product-category\\\/accessoires\\\/#listItem\",\"position\":2,\"name\":\"Accessoires\",\"item\":\"https:\\\/\\\/droix.eu\\\/fr\\\/product-category\\\/accessoires\\\/\",\"nextItem\":{\"@type\":\"ListItem\",\"@id\":\"https:\\\/\\\/droix.eu\\\/fr\\\/product-category\\\/accessoires\\\/accessoires-pour-ordinateur-portable\\\/#listItem\",\"name\":\"Accessoires pour ordinateur portable\"},\"previousItem\":{\"@type\":\"ListItem\",\"@id\":\"https:\\\/\\\/droix.eu\\\/fr\\\/#listItem\",\"name\":\"Home\"}},{\"@type\":\"ListItem\",\"@id\":\"https:\\\/\\\/droix.eu\\\/fr\\\/product-category\\\/accessoires\\\/accessoires-pour-ordinateur-portable\\\/#listItem\",\"position\":3,\"name\":\"Accessoires pour ordinateur portable\",\"item\":\"https:\\\/\\\/droix.eu\\\/fr\\\/product-category\\\/accessoires\\\/accessoires-pour-ordinateur-portable\\\/\",\"nextItem\":{\"@type\":\"ListItem\",\"@id\":\"https:\\\/\\\/droix.eu\\\/fr\\\/product\\\/etui-de-protection-officiel-pour-gpd-pocket-3\\\/#listItem\",\"name\":\"\\u00c9tui de protection officiel du GPD POCKET 3\"},\"previousItem\":{\"@type\":\"ListItem\",\"@id\":\"https:\\\/\\\/droix.eu\\\/fr\\\/product-category\\\/accessoires\\\/#listItem\",\"name\":\"Accessoires\"}},{\"@type\":\"ListItem\",\"@id\":\"https:\\\/\\\/droix.eu\\\/fr\\\/product\\\/etui-de-protection-officiel-pour-gpd-pocket-3\\\/#listItem\",\"position\":4,\"name\":\"\\u00c9tui de protection officiel du GPD POCKET 3\",\"previousItem\":{\"@type\":\"ListItem\",\"@id\":\"https:\\\/\\\/droix.eu\\\/fr\\\/product-category\\\/accessoires\\\/accessoires-pour-ordinateur-portable\\\/#listItem\",\"name\":\"Accessoires pour ordinateur portable\"}}]},{\"@type\":\"Organization\",\"@id\":\"https:\\\/\\\/droix.eu\\\/fr\\\/#organization\",\"name\":\"DroiX \\u2013 Trusted EU Tech Retailer with 12+ Years Experience\",\"description\":\"DroiX is a leading European technology retailer with over 12 years of experience, offering quality mini PCs, handheld gaming consoles, and tech accessories. We provide hassle-free EU delivery with all taxes included, ensuring a smooth and reliable shopping experience for our customers across Europe.\",\"url\":\"https:\\\/\\\/droix.eu\\\/fr\\\/\",\"logo\":{\"@type\":\"ImageObject\",\"url\":\"https:\\\/\\\/droix.eu\\\/wp-content\\\/uploads\\\/2024\\\/06\\\/droix-v2-light-logo.png\",\"@id\":\"https:\\\/\\\/droix.eu\\\/fr\\\/product\\\/etui-de-protection-officiel-pour-gpd-pocket-3\\\/#organizationLogo\",\"width\":380,\"height\":118},\"image\":{\"@id\":\"https:\\\/\\\/droix.eu\\\/fr\\\/product\\\/etui-de-protection-officiel-pour-gpd-pocket-3\\\/#organizationLogo\"},\"sameAs\":[\"https:\\\/\\\/www.facebook.com\\\/DroiX.Store\",\"https:\\\/\\\/twitter.com\\\/DroiX_Store\",\"https:\\\/\\\/www.instagram.com\\\/droix.store\\\/\",\"https:\\\/\\\/www.tiktok.com\\\/@droix.store\",\"https:\\\/\\\/www.youtube.com\\\/c\\\/DroiX_Store\",\"https:\\\/\\\/uk.linkedin.com\\\/company\\\/droix\"]},{\"@type\":\"Product\",\"@id\":\"https:\\\/\\\/droix.eu\\\/fr\\\/product\\\/etui-de-protection-officiel-pour-gpd-pocket-3\\\/#wooCommerceProduct\",\"name\":\"\\u00c9tui de protection officiel du GPD POCKET 3\",\"description\":\"Produit officiel du GPD \\n \\tCon\\u00e7u pour le GPD Pocket 3 Mini Laptop\\n \\tTexture en faux cuir \\n \\tCouverture magn\\u00e9tique\",\"url\":\"https:\\\/\\\/droix.eu\\\/fr\\\/product\\\/etui-de-protection-officiel-pour-gpd-pocket-3\\\/\",\"sku\":\"GPD-POCKET-3-PROTECTIVE-CASE\",\"gtin\":\"5060763670358\",\"image\":{\"@type\":\"ImageObject\",\"url\":\"https:\\\/\\\/droix.eu\\\/wp-content\\\/uploads\\\/2022\\\/02\\\/GPD_POCKET_3-CASE-WC-DONE-LISTING-IMAGE-1.png\",\"@id\":\"https:\\\/\\\/droix.eu\\\/fr\\\/product\\\/etui-de-protection-officiel-pour-gpd-pocket-3\\\/#productImage\",\"width\":1000,\"height\":1000,\"caption\":\"GPD POCKET 3 \\u00e9tui en cuir image principale\"},\"offers\":{\"@type\":\"Offer\",\"url\":\"https:\\\/\\\/droix.eu\\\/fr\\\/product\\\/etui-de-protection-officiel-pour-gpd-pocket-3\\\/#wooCommerceOffer\",\"price\":27.63,\"priceCurrency\":\"EUR\",\"category\":\"Accessoires\",\"availability\":\"https:\\\/\\\/schema.org\\\/OutOfStock\",\"priceSpecification\":{\"@type\":\"PriceSpecification\",\"price\":27.63,\"priceCurrency\":\"EUR\",\"valueAddedTaxIncluded\":\"true\"},\"seller\":{\"@type\":\"Organization\",\"@id\":\"https:\\\/\\\/droix.eu\\\/fr\\\/#organization\"}}},{\"@type\":\"WebPage\",\"@id\":\"https:\\\/\\\/droix.eu\\\/fr\\\/product\\\/etui-de-protection-officiel-pour-gpd-pocket-3\\\/#webpage\",\"url\":\"https:\\\/\\\/droix.eu\\\/fr\\\/product\\\/etui-de-protection-officiel-pour-gpd-pocket-3\\\/\",\"name\":\"\\u00c9tui de protection officiel du GPD POCKET 3 - DROIX EU\",\"description\":\"Produit officiel du GPD Con\\u00e7u pour le GPD Pocket 3 Mini Laptop Texture en faux cuir Couverture magn\\u00e9tique Le paquet comprend 1x \\u00e9tui de protection officiel GPD POCKET 3\",\"inLanguage\":\"fr-FR\",\"isPartOf\":{\"@id\":\"https:\\\/\\\/droix.eu\\\/fr\\\/#website\"},\"breadcrumb\":{\"@id\":\"https:\\\/\\\/droix.eu\\\/fr\\\/product\\\/etui-de-protection-officiel-pour-gpd-pocket-3\\\/#breadcrumblist\"},\"image\":{\"@type\":\"ImageObject\",\"url\":\"https:\\\/\\\/droix.eu\\\/wp-content\\\/uploads\\\/2022\\\/02\\\/GPD_POCKET_3-CASE-WC-DONE-LISTING-IMAGE-1.png\",\"@id\":\"https:\\\/\\\/droix.eu\\\/fr\\\/product\\\/etui-de-protection-officiel-pour-gpd-pocket-3\\\/#mainImage\",\"width\":1000,\"height\":1000,\"caption\":\"GPD POCKET 3 \\u00e9tui en cuir image principale\"},\"primaryImageOfPage\":{\"@id\":\"https:\\\/\\\/droix.eu\\\/fr\\\/product\\\/etui-de-protection-officiel-pour-gpd-pocket-3\\\/#mainImage\"},\"datePublished\":\"2022-02-14T10:48:08+00:00\",\"dateModified\":\"2025-08-18T13:30:39+01:00\"},{\"@type\":\"WebSite\",\"@id\":\"https:\\\/\\\/droix.eu\\\/fr\\\/#website\",\"url\":\"https:\\\/\\\/droix.eu\\\/fr\\\/\",\"name\":\"DROIX EU\",\"description\":\"Get the latest Mini PCs, Ultrabook, PC Gaming Handhelds and more!\",\"inLanguage\":\"fr-FR\",\"publisher\":{\"@id\":\"https:\\\/\\\/droix.eu\\\/fr\\\/#organization\"}}]}\n\t\t<\/script>\n\t\t<!-- All in One SEO Pro -->\r\n\t\t<title>\u00c9tui de protection officiel du GPD POCKET 3 - DROIX EU<\/title>\n\n","aioseo_head_json":{"title":"\u00c9tui de protection officiel du GPD POCKET 3 - DROIX EU","description":"Produit officiel du GPD Con\u00e7u pour le GPD Pocket 3 Mini Laptop Texture en faux cuir Couverture magn\u00e9tique Le paquet comprend 1x \u00e9tui de protection officiel GPD POCKET 3","canonical_url":"https:\/\/droix.eu\/fr\/product\/etui-de-protection-officiel-pour-gpd-pocket-3\/","robots":"max-image-preview:large","keywords":"","webmasterTools":{"miscellaneous":""},"schema":{"@context":"https:\/\/schema.org","@graph":[{"@type":"BreadcrumbList","@id":"https:\/\/droix.eu\/fr\/product\/etui-de-protection-officiel-pour-gpd-pocket-3\/#breadcrumblist","itemListElement":[{"@type":"ListItem","@id":"https:\/\/droix.eu\/fr\/#listItem","position":1,"name":"Home","item":"https:\/\/droix.eu\/fr\/","nextItem":{"@type":"ListItem","@id":"https:\/\/droix.eu\/fr\/product-category\/accessoires\/#listItem","name":"Accessoires"}},{"@type":"ListItem","@id":"https:\/\/droix.eu\/fr\/product-category\/accessoires\/#listItem","position":2,"name":"Accessoires","item":"https:\/\/droix.eu\/fr\/product-category\/accessoires\/","nextItem":{"@type":"ListItem","@id":"https:\/\/droix.eu\/fr\/product-category\/accessoires\/accessoires-pour-ordinateur-portable\/#listItem","name":"Accessoires pour ordinateur portable"},"previousItem":{"@type":"ListItem","@id":"https:\/\/droix.eu\/fr\/#listItem","name":"Home"}},{"@type":"ListItem","@id":"https:\/\/droix.eu\/fr\/product-category\/accessoires\/accessoires-pour-ordinateur-portable\/#listItem","position":3,"name":"Accessoires pour ordinateur portable","item":"https:\/\/droix.eu\/fr\/product-category\/accessoires\/accessoires-pour-ordinateur-portable\/","nextItem":{"@type":"ListItem","@id":"https:\/\/droix.eu\/fr\/product\/etui-de-protection-officiel-pour-gpd-pocket-3\/#listItem","name":"\u00c9tui de protection officiel du GPD POCKET 3"},"previousItem":{"@type":"ListItem","@id":"https:\/\/droix.eu\/fr\/product-category\/accessoires\/#listItem","name":"Accessoires"}},{"@type":"ListItem","@id":"https:\/\/droix.eu\/fr\/product\/etui-de-protection-officiel-pour-gpd-pocket-3\/#listItem","position":4,"name":"\u00c9tui de protection officiel du GPD POCKET 3","previousItem":{"@type":"ListItem","@id":"https:\/\/droix.eu\/fr\/product-category\/accessoires\/accessoires-pour-ordinateur-portable\/#listItem","name":"Accessoires pour ordinateur portable"}}]},{"@type":"Organization","@id":"https:\/\/droix.eu\/fr\/#organization","name":"DroiX \u2013 Trusted EU Tech Retailer with 12+ Years Experience","description":"DroiX is a leading European technology retailer with over 12 years of experience, offering quality mini PCs, handheld gaming consoles, and tech accessories. We provide hassle-free EU delivery with all taxes included, ensuring a smooth and reliable shopping experience for our customers across Europe.","url":"https:\/\/droix.eu\/fr\/","logo":{"@type":"ImageObject","url":"https:\/\/droix.eu\/wp-content\/uploads\/2024\/06\/droix-v2-light-logo.png","@id":"https:\/\/droix.eu\/fr\/product\/etui-de-protection-officiel-pour-gpd-pocket-3\/#organizationLogo","width":380,"height":118},"image":{"@id":"https:\/\/droix.eu\/fr\/product\/etui-de-protection-officiel-pour-gpd-pocket-3\/#organizationLogo"},"sameAs":["https:\/\/www.facebook.com\/DroiX.Store","https:\/\/twitter.com\/DroiX_Store","https:\/\/www.instagram.com\/droix.store\/","https:\/\/www.tiktok.com\/@droix.store","https:\/\/www.youtube.com\/c\/DroiX_Store","https:\/\/uk.linkedin.com\/company\/droix"]},{"@type":"Product","@id":"https:\/\/droix.eu\/fr\/product\/etui-de-protection-officiel-pour-gpd-pocket-3\/#wooCommerceProduct","name":"\u00c9tui de protection officiel du GPD POCKET 3","description":"Produit officiel du GPD \n \tCon\u00e7u pour le GPD Pocket 3 Mini Laptop\n \tTexture en faux cuir \n \tCouverture magn\u00e9tique","url":"https:\/\/droix.eu\/fr\/product\/etui-de-protection-officiel-pour-gpd-pocket-3\/","sku":"GPD-POCKET-3-PROTECTIVE-CASE","gtin":"5060763670358","image":{"@type":"ImageObject","url":"https:\/\/droix.eu\/wp-content\/uploads\/2022\/02\/GPD_POCKET_3-CASE-WC-DONE-LISTING-IMAGE-1.png","@id":"https:\/\/droix.eu\/fr\/product\/etui-de-protection-officiel-pour-gpd-pocket-3\/#productImage","width":1000,"height":1000,"caption":"GPD POCKET 3 \u00e9tui en cuir image principale"},"offers":{"@type":"Offer","url":"https:\/\/droix.eu\/fr\/product\/etui-de-protection-officiel-pour-gpd-pocket-3\/#wooCommerceOffer","price":27.63,"priceCurrency":"EUR","category":"Accessoires","availability":"https:\/\/schema.org\/OutOfStock","priceSpecification":{"@type":"PriceSpecification","price":27.63,"priceCurrency":"EUR","valueAddedTaxIncluded":"true"},"seller":{"@type":"Organization","@id":"https:\/\/droix.eu\/fr\/#organization"}}},{"@type":"WebPage","@id":"https:\/\/droix.eu\/fr\/product\/etui-de-protection-officiel-pour-gpd-pocket-3\/#webpage","url":"https:\/\/droix.eu\/fr\/product\/etui-de-protection-officiel-pour-gpd-pocket-3\/","name":"\u00c9tui de protection officiel du GPD POCKET 3 - DROIX EU","description":"Produit officiel du GPD Con\u00e7u pour le GPD Pocket 3 Mini Laptop Texture en faux cuir Couverture magn\u00e9tique Le paquet comprend 1x \u00e9tui de protection officiel GPD POCKET 3","inLanguage":"fr-FR","isPartOf":{"@id":"https:\/\/droix.eu\/fr\/#website"},"breadcrumb":{"@id":"https:\/\/droix.eu\/fr\/product\/etui-de-protection-officiel-pour-gpd-pocket-3\/#breadcrumblist"},"image":{"@type":"ImageObject","url":"https:\/\/droix.eu\/wp-content\/uploads\/2022\/02\/GPD_POCKET_3-CASE-WC-DONE-LISTING-IMAGE-1.png","@id":"https:\/\/droix.eu\/fr\/product\/etui-de-protection-officiel-pour-gpd-pocket-3\/#mainImage","width":1000,"height":1000,"caption":"GPD POCKET 3 \u00e9tui en cuir image principale"},"primaryImageOfPage":{"@id":"https:\/\/droix.eu\/fr\/product\/etui-de-protection-officiel-pour-gpd-pocket-3\/#mainImage"},"datePublished":"2022-02-14T10:48:08+00:00","dateModified":"2025-08-18T13:30:39+01:00"},{"@type":"WebSite","@id":"https:\/\/droix.eu\/fr\/#website","url":"https:\/\/droix.eu\/fr\/","name":"DROIX EU","description":"Get the latest Mini PCs, Ultrabook, PC Gaming Handhelds and more!","inLanguage":"fr-FR","publisher":{"@id":"https:\/\/droix.eu\/fr\/#organization"}}]},"og:locale":"fr_FR","og:site_name":"DROIX EU - Get the latest Mini PCs, Ultrabook, PC Gaming Handhelds and more!","og:type":"article","og:title":"\u00c9tui de protection officiel du GPD POCKET 3 - DROIX EU","og:description":"Produit officiel du GPD Con\u00e7u pour le GPD Pocket 3 Mini Laptop Texture en faux cuir Couverture magn\u00e9tique Le paquet comprend 1x \u00e9tui de protection officiel GPD POCKET 3","og:url":"https:\/\/droix.eu\/fr\/product\/etui-de-protection-officiel-pour-gpd-pocket-3\/","og:image":"https:\/\/droix.eu\/wp-content\/uploads\/2024\/06\/droix-v2-light-logo.png","og:image:secure_url":"https:\/\/droix.eu\/wp-content\/uploads\/2024\/06\/droix-v2-light-logo.png","og:image:width":380,"og:image:height":118,"article:published_time":"2022-02-14T10:48:08+00:00","article:modified_time":"2025-08-18T12:30:39+00:00","article:publisher":"https:\/\/www.facebook.com\/DroiX.Store","twitter:card":"summary_large_image","twitter:site":"@DroiX_Store","twitter:title":"\u00c9tui de protection officiel du GPD POCKET 3 - DROIX EU","twitter:description":"Produit officiel du GPD Con\u00e7u pour le GPD Pocket 3 Mini Laptop Texture en faux cuir Couverture magn\u00e9tique Le paquet comprend 1x \u00e9tui de protection officiel GPD POCKET 3","twitter:image":"https:\/\/droix.eu\/wp-content\/uploads\/2024\/06\/droix-v2-light-logo.png"},"aioseo_meta_data":{"post_id":"522626","title":null,"description":null,"keywords":null,"keyphrases":null,"primary_term":null,"canonical_url":null,"og_title":null,"og_description":null,"og_object_type":"default","og_image_type":"default","og_image_url":null,"og_image_width":null,"og_image_height":null,"og_image_custom_url":null,"og_image_custom_fields":null,"og_video":null,"og_custom_url":null,"og_article_section":null,"og_article_tags":null,"twitter_use_og":true,"twitter_card":"default","twitter_image_type":"default","twitter_image_url":null,"twitter_image_custom_url":null,"twitter_image_custom_fields":null,"twitter_title":null,"twitter_description":null,"schema":{"blockGraphs":[],"customGraphs":[],"default":{"data":{"Article":[],"Course":[],"Dataset":[],"FAQPage":[],"Movie":[],"Person":[],"Product":[],"ProductReview":[],"Car":[],"Recipe":[],"Service":[],"SoftwareApplication":[],"WebPage":[]},"graphName":"","isEnabled":true},"graphs":[]},"schema_type":"default","schema_type_options":null,"pillar_content":false,"robots_default":true,"robots_noindex":false,"robots_noarchive":false,"robots_nosnippet":false,"robots_nofollow":false,"robots_noimageindex":false,"robots_noodp":false,"robots_notranslate":false,"robots_max_snippet":null,"robots_max_videopreview":null,"robots_max_imagepreview":"large","priority":null,"frequency":null,"local_seo":null,"seo_analyzer_scan_date":"2025-10-24 08:55:42","breadcrumb_settings":null,"limit_modified_date":false,"reviewed_by":null,"open_ai":null,"ai":null,"created":"2025-10-09 03:44:09","updated":"2025-11-27 01:49:54"},"aioseo_breadcrumb":"<div class=\"aioseo-breadcrumbs\"><span class=\"aioseo-breadcrumb\">\n\t<a href=\"https:\/\/droix.eu\/fr\/\" title=\"Home\">Home<\/a>\n<\/span><span class=\"aioseo-breadcrumb-separator\">&raquo;<\/span><span class=\"aioseo-breadcrumb\">\n\t<a href=\"https:\/\/droix.eu\/fr\/product-category\/accessoires\/\" title=\"Accessoires\">Accessoires<\/a>\n<\/span><span class=\"aioseo-breadcrumb-separator\">&raquo;<\/span><span class=\"aioseo-breadcrumb\">\n\t<a href=\"https:\/\/droix.eu\/fr\/product-category\/accessoires\/accessoires-pour-ordinateur-portable\/\" title=\"Accessoires pour ordinateur portable\">Accessoires pour ordinateur portable<\/a>\n<\/span><span class=\"aioseo-breadcrumb-separator\">&raquo;<\/span><span class=\"aioseo-breadcrumb\">\n\t\u00c9tui de protection officiel du GPD POCKET 3\n<\/span><\/div>","aioseo_breadcrumb_json":[{"label":"Home","link":"https:\/\/droix.eu\/fr\/"},{"label":"Accessoires","link":"https:\/\/droix.eu\/fr\/product-category\/accessoires\/"},{"label":"Accessoires pour ordinateur portable","link":"https:\/\/droix.eu\/fr\/product-category\/accessoires\/accessoires-pour-ordinateur-portable\/"},{"label":"\u00c9tui de protection officiel du GPD POCKET 3","link":"https:\/\/droix.eu\/fr\/product\/etui-de-protection-officiel-pour-gpd-pocket-3\/"}],"_links":{"self":[{"href":"https:\/\/droix.eu\/fr\/wp-json\/wp\/v2\/product\/522626","targetHints":{"allow":["GET"]}}],"collection":[{"href":"https:\/\/droix.eu\/fr\/wp-json\/wp\/v2\/product"}],"about":[{"href":"https:\/\/droix.eu\/fr\/wp-json\/wp\/v2\/types\/product"}],"version-history":[{"count":0,"href":"https:\/\/droix.eu\/fr\/wp-json\/wp\/v2\/product\/522626\/revisions"}],"wp:featuredmedia":[{"embeddable":true,"href":"https:\/\/droix.eu\/fr\/wp-json\/wp\/v2\/media\/323627"}],"wp:attachment":[{"href":"https:\/\/droix.eu\/fr\/wp-json\/wp\/v2\/media?parent=522626"}],"wp:term":[{"taxonomy":"product_brand","embeddable":true,"href":"https:\/\/droix.eu\/fr\/wp-json\/wp\/v2\/product_brand?post=522626"},{"taxonomy":"product_cat","embeddable":true,"href":"https:\/\/droix.eu\/fr\/wp-json\/wp\/v2\/product_cat?post=522626"},{"taxonomy":"product_tag","embeddable":true,"href":"https:\/\/droix.eu\/fr\/wp-json\/wp\/v2\/product_tag?post=522626"},{"taxonomy":"woo-feed-brand","embeddable":true,"href":"https:\/\/droix.eu\/fr\/wp-json\/wp\/v2\/woo-feed-brand?post=522626"},{"taxonomy":"key-features","embeddable":true,"href":"https:\/\/droix.eu\/fr\/wp-json\/wp\/v2\/key-features?post=522626"}],"curies":[{"name":"wp","href":"https:\/\/api.w.org\/{rel}","templated":true}]}}