{"id":520822,"date":"2022-11-11T11:44:32","date_gmt":"2022-11-11T11:44:32","guid":{"rendered":"https:\/\/droix.eu\/product\/capuchons-de-joystick-a-theme-animalier\/"},"modified":"2026-04-08T10:44:22","modified_gmt":"2026-04-08T09:44:22","slug":"capuchons-de-joystick-a-theme-animalier","status":"publish","type":"product","link":"https:\/\/droix.eu\/fr\/product\/capuchons-de-joystick-a-theme-animalier\/","title":{"rendered":"Capuchons de joystick \u00e0 th\u00e8me animalier"},"content":{"rendered":"&#13;\n<p>Les capuchons de joystick \u00e0 th\u00e8me animalier mignon ajoutent une touche d&#8217;humour et de vitalit\u00e9 \u00e0 votre console portable, la rendant plus attrayante. Fabriqu\u00e9s en silicone souple, ils prot\u00e8gent les sticks analogiques des rayures et de la salet\u00e9, tout en offrant un toucher tr\u00e8s agr\u00e9able !<\/p>&#13;\n&#13;\n<h5 class=\"wp-block-heading\">\u00a0<\/h5>&#13;\n&#13;\n<h5 class=\"wp-block-heading\">NON compatibles avec les manettes PS4, Switch Pro ou Xbox One.<\/h5>&#13;\n","protected":false},"excerpt":{"rendered":"<ul>\n<li>Fabriqu\u00e9s en mat\u00e9riau silicone souple<\/li>\n<li>Prot\u00e8gent le stick analogique<\/li>\n<li>Tr\u00e8s agr\u00e9ables au toucher<\/li>\n<li>Ne se d\u00e9forment pas facilement<\/li>\n<li>Non toxiques et r\u00e9sistants \u00e0 la d\u00e9coloration<\/li>\n<\/ul>\n[droix_global_accordions]\n","protected":false},"featured_media":702975,"template":"","meta":{"_acf_changed":false},"product_brand":[],"product_cat":[10290,10558],"product_tag":[],"woo-feed-brand":[],"key-features":[],"class_list":{"0":"post-520822","1":"product","2":"type-product","3":"status-publish","4":"has-post-thumbnail","6":"product_cat-accessoires","7":"product_cat-accessoires-de-jeu","8":"product_shipping_class-low-end","9":"pa_compatibility-ayaneo-2-fr","10":"pa_compatibility-ayaneo-2021-fr","11":"pa_compatibility-ayaneo-air-fr","12":"pa_compatibility-ayaneo-geek-fr","14":"first","15":"instock","16":"sale","17":"taxable","18":"shipping-taxable","19":"purchasable","20":"product-type-simple"},"acf":[],"aioseo_notices":[],"aioseo_head":"\n\t\t<!-- All in One SEO Pro 4.9.6.2 - aioseo.com -->\n\t<meta name=\"description\" content=\"Fabriqu\u00e9s en mat\u00e9riau silicone souple Prot\u00e8gent le stick analogique Tr\u00e8s agr\u00e9ables au toucher Ne se d\u00e9forment pas facilement Non toxiques et r\u00e9sistants \u00e0 la d\u00e9coloration\" \/>\n\t<meta name=\"robots\" content=\"max-image-preview:large\" \/>\n\t<link rel=\"canonical\" href=\"https:\/\/droix.eu\/fr\/product\/capuchons-de-joystick-a-theme-animalier\/\" \/>\n\t<meta name=\"generator\" content=\"All in One SEO Pro (AIOSEO) 4.9.6.2\" \/>\n\t\t<meta property=\"og:locale\" content=\"fr_FR\" \/>\n\t\t<meta property=\"og:site_name\" content=\"DROIX EU - Get the latest Mini PCs, Ultrabook, PC Gaming Handhelds and more!\" \/>\n\t\t<meta property=\"og:type\" content=\"article\" \/>\n\t\t<meta property=\"og:title\" content=\"Capuchons de joystick \u00e0 th\u00e8me animalier - DROIX EU\" \/>\n\t\t<meta property=\"og:description\" content=\"Fabriqu\u00e9s en mat\u00e9riau silicone souple Prot\u00e8gent le stick analogique Tr\u00e8s agr\u00e9ables au toucher Ne se d\u00e9forment pas facilement Non toxiques et r\u00e9sistants \u00e0 la d\u00e9coloration\" \/>\n\t\t<meta property=\"og:url\" content=\"https:\/\/droix.eu\/fr\/product\/capuchons-de-joystick-a-theme-animalier\/\" \/>\n\t\t<meta property=\"og:image\" content=\"https:\/\/droix.eu\/wp-content\/uploads\/2024\/06\/droix-v2-light-logo.png\" \/>\n\t\t<meta property=\"og:image:secure_url\" content=\"https:\/\/droix.eu\/wp-content\/uploads\/2024\/06\/droix-v2-light-logo.png\" \/>\n\t\t<meta property=\"og:image:width\" content=\"380\" \/>\n\t\t<meta property=\"og:image:height\" content=\"118\" \/>\n\t\t<meta property=\"article:published_time\" content=\"2022-11-11T11:44:32+00:00\" \/>\n\t\t<meta property=\"article:modified_time\" content=\"2026-04-08T09:44:22+00:00\" \/>\n\t\t<meta property=\"article:publisher\" content=\"https:\/\/www.facebook.com\/DroiX.Store\" \/>\n\t\t<meta name=\"twitter:card\" content=\"summary_large_image\" \/>\n\t\t<meta name=\"twitter:site\" content=\"@DroiX_Store\" \/>\n\t\t<meta name=\"twitter:title\" content=\"Capuchons de joystick \u00e0 th\u00e8me animalier - DROIX EU\" \/>\n\t\t<meta name=\"twitter:description\" content=\"Fabriqu\u00e9s en mat\u00e9riau silicone souple Prot\u00e8gent le stick analogique Tr\u00e8s agr\u00e9ables au toucher Ne se d\u00e9forment pas facilement Non toxiques et r\u00e9sistants \u00e0 la d\u00e9coloration\" \/>\n\t\t<meta name=\"twitter:image\" content=\"https:\/\/droix.eu\/wp-content\/uploads\/2024\/06\/droix-v2-light-logo.png\" \/>\n\t\t<script type=\"application\/ld+json\" class=\"aioseo-schema\">\n\t\t\t{\"@context\":\"https:\\\/\\\/schema.org\",\"@graph\":[{\"@type\":\"BreadcrumbList\",\"@id\":\"https:\\\/\\\/droix.eu\\\/fr\\\/product\\\/capuchons-de-joystick-a-theme-animalier\\\/#breadcrumblist\",\"itemListElement\":[{\"@type\":\"ListItem\",\"@id\":\"https:\\\/\\\/droix.eu\\\/fr\\\/#listItem\",\"position\":1,\"name\":\"Home\",\"item\":\"https:\\\/\\\/droix.eu\\\/fr\\\/\",\"nextItem\":{\"@type\":\"ListItem\",\"@id\":\"https:\\\/\\\/droix.eu\\\/fr\\\/product-category\\\/accessoires\\\/#listItem\",\"name\":\"Accessoires\"}},{\"@type\":\"ListItem\",\"@id\":\"https:\\\/\\\/droix.eu\\\/fr\\\/product-category\\\/accessoires\\\/#listItem\",\"position\":2,\"name\":\"Accessoires\",\"item\":\"https:\\\/\\\/droix.eu\\\/fr\\\/product-category\\\/accessoires\\\/\",\"nextItem\":{\"@type\":\"ListItem\",\"@id\":\"https:\\\/\\\/droix.eu\\\/fr\\\/product-category\\\/accessoires\\\/accessoires-de-jeu\\\/#listItem\",\"name\":\"Accessoires de jeu\"},\"previousItem\":{\"@type\":\"ListItem\",\"@id\":\"https:\\\/\\\/droix.eu\\\/fr\\\/#listItem\",\"name\":\"Home\"}},{\"@type\":\"ListItem\",\"@id\":\"https:\\\/\\\/droix.eu\\\/fr\\\/product-category\\\/accessoires\\\/accessoires-de-jeu\\\/#listItem\",\"position\":3,\"name\":\"Accessoires de jeu\",\"item\":\"https:\\\/\\\/droix.eu\\\/fr\\\/product-category\\\/accessoires\\\/accessoires-de-jeu\\\/\",\"nextItem\":{\"@type\":\"ListItem\",\"@id\":\"https:\\\/\\\/droix.eu\\\/fr\\\/product\\\/capuchons-de-joystick-a-theme-animalier\\\/#listItem\",\"name\":\"Capuchons de joystick \\u00e0 th\\u00e8me animalier\"},\"previousItem\":{\"@type\":\"ListItem\",\"@id\":\"https:\\\/\\\/droix.eu\\\/fr\\\/product-category\\\/accessoires\\\/#listItem\",\"name\":\"Accessoires\"}},{\"@type\":\"ListItem\",\"@id\":\"https:\\\/\\\/droix.eu\\\/fr\\\/product\\\/capuchons-de-joystick-a-theme-animalier\\\/#listItem\",\"position\":4,\"name\":\"Capuchons de joystick \\u00e0 th\\u00e8me animalier\",\"previousItem\":{\"@type\":\"ListItem\",\"@id\":\"https:\\\/\\\/droix.eu\\\/fr\\\/product-category\\\/accessoires\\\/accessoires-de-jeu\\\/#listItem\",\"name\":\"Accessoires de jeu\"}}]},{\"@type\":\"Organization\",\"@id\":\"https:\\\/\\\/droix.eu\\\/fr\\\/#organization\",\"name\":\"DroiX \\u2013 Trusted EU Tech Retailer with 12+ Years Experience\",\"description\":\"DroiX is a leading European technology retailer with over 12 years of experience, offering quality mini PCs, handheld gaming consoles, and tech accessories. We provide hassle-free EU delivery with all taxes included, ensuring a smooth and reliable shopping experience for our customers across Europe.\",\"url\":\"https:\\\/\\\/droix.eu\\\/fr\\\/\",\"logo\":{\"@type\":\"ImageObject\",\"url\":\"https:\\\/\\\/droix.eu\\\/wp-content\\\/uploads\\\/2024\\\/06\\\/droix-v2-light-logo.png\",\"@id\":\"https:\\\/\\\/droix.eu\\\/fr\\\/product\\\/capuchons-de-joystick-a-theme-animalier\\\/#organizationLogo\",\"width\":380,\"height\":118},\"image\":{\"@id\":\"https:\\\/\\\/droix.eu\\\/fr\\\/product\\\/capuchons-de-joystick-a-theme-animalier\\\/#organizationLogo\"},\"sameAs\":[\"https:\\\/\\\/www.facebook.com\\\/DroiX.Store\",\"https:\\\/\\\/twitter.com\\\/DroiX_Store\",\"https:\\\/\\\/www.instagram.com\\\/droix.store\\\/\",\"https:\\\/\\\/www.tiktok.com\\\/@droix.store\",\"https:\\\/\\\/www.youtube.com\\\/c\\\/DroiX_Store\",\"https:\\\/\\\/uk.linkedin.com\\\/company\\\/droix\"]},{\"@type\":\"Product\",\"@id\":\"https:\\\/\\\/droix.eu\\\/fr\\\/product\\\/capuchons-de-joystick-a-theme-animalier\\\/#wooCommerceProduct\",\"name\":\"Capuchons de joystick \\u00e0 th\\u00e8me animalier\",\"description\":\"Fabriqu\\u00e9s en mat\\u00e9riau silicone souple\\n \\tProt\\u00e8gent le stick analogique\\n \\tTr\\u00e8s agr\\u00e9ables au toucher\\n \\tNe se d\\u00e9forment pas facilement\\n \\tNon toxiques et r\\u00e9sistants \\u00e0 la d\\u00e9coloration\",\"url\":\"https:\\\/\\\/droix.eu\\\/fr\\\/product\\\/capuchons-de-joystick-a-theme-animalier\\\/\",\"sku\":\"ANIMAL-THUMB-STICK-CAPS\",\"gtin\":\"5060763673601\",\"image\":{\"@type\":\"ImageObject\",\"url\":\"https:\\\/\\\/droix.eu\\\/wp-content\\\/uploads\\\/2022\\\/11\\\/ANIMAL-THUMB-STICK-CAPS-IMAGE-1.png\",\"@id\":\"https:\\\/\\\/droix.eu\\\/fr\\\/product\\\/capuchons-de-joystick-a-theme-animalier\\\/#productImage\",\"width\":900,\"height\":1200},\"offers\":{\"@type\":\"Offer\",\"url\":\"https:\\\/\\\/droix.eu\\\/fr\\\/product\\\/capuchons-de-joystick-a-theme-animalier\\\/#wooCommerceOffer\",\"price\":21.87,\"priceCurrency\":\"BGN\",\"category\":\"Accessoires\",\"availability\":\"https:\\\/\\\/schema.org\\\/InStock\",\"priceSpecification\":{\"@type\":\"PriceSpecification\",\"price\":21.87,\"priceCurrency\":\"BGN\",\"valueAddedTaxIncluded\":\"true\"},\"seller\":{\"@type\":\"Organization\",\"@id\":\"https:\\\/\\\/droix.eu\\\/fr\\\/#organization\"}}},{\"@type\":\"WebPage\",\"@id\":\"https:\\\/\\\/droix.eu\\\/fr\\\/product\\\/capuchons-de-joystick-a-theme-animalier\\\/#webpage\",\"url\":\"https:\\\/\\\/droix.eu\\\/fr\\\/product\\\/capuchons-de-joystick-a-theme-animalier\\\/\",\"name\":\"Capuchons de joystick \\u00e0 th\\u00e8me animalier - DROIX EU\",\"description\":\"Fabriqu\\u00e9s en mat\\u00e9riau silicone souple Prot\\u00e8gent le stick analogique Tr\\u00e8s agr\\u00e9ables au toucher Ne se d\\u00e9forment pas facilement Non toxiques et r\\u00e9sistants \\u00e0 la d\\u00e9coloration\",\"inLanguage\":\"fr-FR\",\"isPartOf\":{\"@id\":\"https:\\\/\\\/droix.eu\\\/fr\\\/#website\"},\"breadcrumb\":{\"@id\":\"https:\\\/\\\/droix.eu\\\/fr\\\/product\\\/capuchons-de-joystick-a-theme-animalier\\\/#breadcrumblist\"},\"image\":{\"@type\":\"ImageObject\",\"url\":\"https:\\\/\\\/droix.eu\\\/wp-content\\\/uploads\\\/2022\\\/11\\\/ANIMAL-THUMB-STICK-CAPS-IMAGE-1.png\",\"@id\":\"https:\\\/\\\/droix.eu\\\/fr\\\/product\\\/capuchons-de-joystick-a-theme-animalier\\\/#mainImage\",\"width\":900,\"height\":1200},\"primaryImageOfPage\":{\"@id\":\"https:\\\/\\\/droix.eu\\\/fr\\\/product\\\/capuchons-de-joystick-a-theme-animalier\\\/#mainImage\"},\"datePublished\":\"2022-11-11T11:44:32+00:00\",\"dateModified\":\"2026-04-08T10:44:22+01:00\"},{\"@type\":\"WebSite\",\"@id\":\"https:\\\/\\\/droix.eu\\\/fr\\\/#website\",\"url\":\"https:\\\/\\\/droix.eu\\\/fr\\\/\",\"name\":\"DROIX EU\",\"description\":\"Get the latest Mini PCs, Ultrabook, PC Gaming Handhelds and more!\",\"inLanguage\":\"fr-FR\",\"publisher\":{\"@id\":\"https:\\\/\\\/droix.eu\\\/fr\\\/#organization\"}}]}\n\t\t<\/script>\n\t\t<!-- All in One SEO Pro -->\r\n\t\t<title>Capuchons de joystick \u00e0 th\u00e8me animalier - DROIX EU<\/title>\n\n","aioseo_head_json":{"title":"Capuchons de joystick \u00e0 th\u00e8me animalier - DROIX EU","description":"Fabriqu\u00e9s en mat\u00e9riau silicone souple Prot\u00e8gent le stick analogique Tr\u00e8s agr\u00e9ables au toucher Ne se d\u00e9forment pas facilement Non toxiques et r\u00e9sistants \u00e0 la d\u00e9coloration","canonical_url":"https:\/\/droix.eu\/fr\/product\/capuchons-de-joystick-a-theme-animalier\/","robots":"max-image-preview:large","keywords":"","webmasterTools":{"miscellaneous":""},"schema":{"@context":"https:\/\/schema.org","@graph":[{"@type":"BreadcrumbList","@id":"https:\/\/droix.eu\/fr\/product\/capuchons-de-joystick-a-theme-animalier\/#breadcrumblist","itemListElement":[{"@type":"ListItem","@id":"https:\/\/droix.eu\/fr\/#listItem","position":1,"name":"Home","item":"https:\/\/droix.eu\/fr\/","nextItem":{"@type":"ListItem","@id":"https:\/\/droix.eu\/fr\/product-category\/accessoires\/#listItem","name":"Accessoires"}},{"@type":"ListItem","@id":"https:\/\/droix.eu\/fr\/product-category\/accessoires\/#listItem","position":2,"name":"Accessoires","item":"https:\/\/droix.eu\/fr\/product-category\/accessoires\/","nextItem":{"@type":"ListItem","@id":"https:\/\/droix.eu\/fr\/product-category\/accessoires\/accessoires-de-jeu\/#listItem","name":"Accessoires de jeu"},"previousItem":{"@type":"ListItem","@id":"https:\/\/droix.eu\/fr\/#listItem","name":"Home"}},{"@type":"ListItem","@id":"https:\/\/droix.eu\/fr\/product-category\/accessoires\/accessoires-de-jeu\/#listItem","position":3,"name":"Accessoires de jeu","item":"https:\/\/droix.eu\/fr\/product-category\/accessoires\/accessoires-de-jeu\/","nextItem":{"@type":"ListItem","@id":"https:\/\/droix.eu\/fr\/product\/capuchons-de-joystick-a-theme-animalier\/#listItem","name":"Capuchons de joystick \u00e0 th\u00e8me animalier"},"previousItem":{"@type":"ListItem","@id":"https:\/\/droix.eu\/fr\/product-category\/accessoires\/#listItem","name":"Accessoires"}},{"@type":"ListItem","@id":"https:\/\/droix.eu\/fr\/product\/capuchons-de-joystick-a-theme-animalier\/#listItem","position":4,"name":"Capuchons de joystick \u00e0 th\u00e8me animalier","previousItem":{"@type":"ListItem","@id":"https:\/\/droix.eu\/fr\/product-category\/accessoires\/accessoires-de-jeu\/#listItem","name":"Accessoires de jeu"}}]},{"@type":"Organization","@id":"https:\/\/droix.eu\/fr\/#organization","name":"DroiX \u2013 Trusted EU Tech Retailer with 12+ Years Experience","description":"DroiX is a leading European technology retailer with over 12 years of experience, offering quality mini PCs, handheld gaming consoles, and tech accessories. We provide hassle-free EU delivery with all taxes included, ensuring a smooth and reliable shopping experience for our customers across Europe.","url":"https:\/\/droix.eu\/fr\/","logo":{"@type":"ImageObject","url":"https:\/\/droix.eu\/wp-content\/uploads\/2024\/06\/droix-v2-light-logo.png","@id":"https:\/\/droix.eu\/fr\/product\/capuchons-de-joystick-a-theme-animalier\/#organizationLogo","width":380,"height":118},"image":{"@id":"https:\/\/droix.eu\/fr\/product\/capuchons-de-joystick-a-theme-animalier\/#organizationLogo"},"sameAs":["https:\/\/www.facebook.com\/DroiX.Store","https:\/\/twitter.com\/DroiX_Store","https:\/\/www.instagram.com\/droix.store\/","https:\/\/www.tiktok.com\/@droix.store","https:\/\/www.youtube.com\/c\/DroiX_Store","https:\/\/uk.linkedin.com\/company\/droix"]},{"@type":"Product","@id":"https:\/\/droix.eu\/fr\/product\/capuchons-de-joystick-a-theme-animalier\/#wooCommerceProduct","name":"Capuchons de joystick \u00e0 th\u00e8me animalier","description":"Fabriqu\u00e9s en mat\u00e9riau silicone souple\n \tProt\u00e8gent le stick analogique\n \tTr\u00e8s agr\u00e9ables au toucher\n \tNe se d\u00e9forment pas facilement\n \tNon toxiques et r\u00e9sistants \u00e0 la d\u00e9coloration","url":"https:\/\/droix.eu\/fr\/product\/capuchons-de-joystick-a-theme-animalier\/","sku":"ANIMAL-THUMB-STICK-CAPS","gtin":"5060763673601","image":{"@type":"ImageObject","url":"https:\/\/droix.eu\/wp-content\/uploads\/2022\/11\/ANIMAL-THUMB-STICK-CAPS-IMAGE-1.png","@id":"https:\/\/droix.eu\/fr\/product\/capuchons-de-joystick-a-theme-animalier\/#productImage","width":900,"height":1200},"offers":{"@type":"Offer","url":"https:\/\/droix.eu\/fr\/product\/capuchons-de-joystick-a-theme-animalier\/#wooCommerceOffer","price":21.87,"priceCurrency":"BGN","category":"Accessoires","availability":"https:\/\/schema.org\/InStock","priceSpecification":{"@type":"PriceSpecification","price":21.87,"priceCurrency":"BGN","valueAddedTaxIncluded":"true"},"seller":{"@type":"Organization","@id":"https:\/\/droix.eu\/fr\/#organization"}}},{"@type":"WebPage","@id":"https:\/\/droix.eu\/fr\/product\/capuchons-de-joystick-a-theme-animalier\/#webpage","url":"https:\/\/droix.eu\/fr\/product\/capuchons-de-joystick-a-theme-animalier\/","name":"Capuchons de joystick \u00e0 th\u00e8me animalier - DROIX EU","description":"Fabriqu\u00e9s en mat\u00e9riau silicone souple Prot\u00e8gent le stick analogique Tr\u00e8s agr\u00e9ables au toucher Ne se d\u00e9forment pas facilement Non toxiques et r\u00e9sistants \u00e0 la d\u00e9coloration","inLanguage":"fr-FR","isPartOf":{"@id":"https:\/\/droix.eu\/fr\/#website"},"breadcrumb":{"@id":"https:\/\/droix.eu\/fr\/product\/capuchons-de-joystick-a-theme-animalier\/#breadcrumblist"},"image":{"@type":"ImageObject","url":"https:\/\/droix.eu\/wp-content\/uploads\/2022\/11\/ANIMAL-THUMB-STICK-CAPS-IMAGE-1.png","@id":"https:\/\/droix.eu\/fr\/product\/capuchons-de-joystick-a-theme-animalier\/#mainImage","width":900,"height":1200},"primaryImageOfPage":{"@id":"https:\/\/droix.eu\/fr\/product\/capuchons-de-joystick-a-theme-animalier\/#mainImage"},"datePublished":"2022-11-11T11:44:32+00:00","dateModified":"2026-04-08T10:44:22+01:00"},{"@type":"WebSite","@id":"https:\/\/droix.eu\/fr\/#website","url":"https:\/\/droix.eu\/fr\/","name":"DROIX EU","description":"Get the latest Mini PCs, Ultrabook, PC Gaming Handhelds and more!","inLanguage":"fr-FR","publisher":{"@id":"https:\/\/droix.eu\/fr\/#organization"}}]},"og:locale":"fr_FR","og:site_name":"DROIX EU - Get the latest Mini PCs, Ultrabook, PC Gaming Handhelds and more!","og:type":"article","og:title":"Capuchons de joystick \u00e0 th\u00e8me animalier - DROIX EU","og:description":"Fabriqu\u00e9s en mat\u00e9riau silicone souple Prot\u00e8gent le stick analogique Tr\u00e8s agr\u00e9ables au toucher Ne se d\u00e9forment pas facilement Non toxiques et r\u00e9sistants \u00e0 la d\u00e9coloration","og:url":"https:\/\/droix.eu\/fr\/product\/capuchons-de-joystick-a-theme-animalier\/","og:image":"https:\/\/droix.eu\/wp-content\/uploads\/2024\/06\/droix-v2-light-logo.png","og:image:secure_url":"https:\/\/droix.eu\/wp-content\/uploads\/2024\/06\/droix-v2-light-logo.png","og:image:width":380,"og:image:height":118,"article:published_time":"2022-11-11T11:44:32+00:00","article:modified_time":"2026-04-08T09:44:22+00:00","article:publisher":"https:\/\/www.facebook.com\/DroiX.Store","twitter:card":"summary_large_image","twitter:site":"@DroiX_Store","twitter:title":"Capuchons de joystick \u00e0 th\u00e8me animalier - DROIX EU","twitter:description":"Fabriqu\u00e9s en mat\u00e9riau silicone souple Prot\u00e8gent le stick analogique Tr\u00e8s agr\u00e9ables au toucher Ne se d\u00e9forment pas facilement Non toxiques et r\u00e9sistants \u00e0 la d\u00e9coloration","twitter:image":"https:\/\/droix.eu\/wp-content\/uploads\/2024\/06\/droix-v2-light-logo.png"},"aioseo_meta_data":{"post_id":"520822","title":null,"description":null,"keywords":null,"keyphrases":{"focus":{"keyphrase":"","score":0,"analysis":{"keyphraseInTitle":{"score":0,"maxScore":9,"error":1}}},"additional":[]},"primary_term":null,"canonical_url":null,"og_title":null,"og_description":null,"og_object_type":"default","og_image_type":"default","og_image_url":null,"og_image_width":null,"og_image_height":null,"og_image_custom_url":null,"og_image_custom_fields":null,"og_video":"","og_custom_url":null,"og_article_section":null,"og_article_tags":null,"twitter_use_og":true,"twitter_card":"default","twitter_image_type":"default","twitter_image_url":null,"twitter_image_custom_url":null,"twitter_image_custom_fields":null,"twitter_title":null,"twitter_description":null,"schema":{"blockGraphs":[],"customGraphs":[],"default":{"data":{"Article":[],"Course":[],"Dataset":[],"FAQPage":[],"Movie":[],"Person":[],"Product":[],"ProductReview":[],"Car":[],"Recipe":[],"Service":[],"SoftwareApplication":[],"WebPage":[]},"graphName":"Product","isEnabled":true},"graphs":[]},"schema_type":"default","schema_type_options":null,"pillar_content":false,"robots_default":true,"robots_noindex":false,"robots_noarchive":false,"robots_nosnippet":false,"robots_nofollow":false,"robots_noimageindex":false,"robots_noodp":false,"robots_notranslate":false,"robots_max_snippet":"-1","robots_max_videopreview":"-1","robots_max_imagepreview":"large","priority":null,"frequency":"default","local_seo":null,"seo_analyzer_scan_date":"2026-04-24 10:33:35","breadcrumb_settings":null,"limit_modified_date":false,"reviewed_by":null,"open_ai":null,"ai":{"faqs":[],"keyPoints":[],"titles":[],"descriptions":[],"socialPosts":{"email":[],"linkedin":[],"twitter":[],"facebook":[],"instagram":[]}},"created":"2025-10-09 04:01:58","updated":"2026-04-24 10:33:35"},"aioseo_breadcrumb":"<div class=\"aioseo-breadcrumbs\"><span class=\"aioseo-breadcrumb\">\n\t<a href=\"https:\/\/droix.eu\/fr\/\" title=\"Home\">Home<\/a>\n<\/span><span class=\"aioseo-breadcrumb-separator\">&raquo;<\/span><span class=\"aioseo-breadcrumb\">\n\t<a href=\"https:\/\/droix.eu\/fr\/product-category\/accessoires\/\" title=\"Accessoires\">Accessoires<\/a>\n<\/span><span class=\"aioseo-breadcrumb-separator\">&raquo;<\/span><span class=\"aioseo-breadcrumb\">\n\t<a href=\"https:\/\/droix.eu\/fr\/product-category\/accessoires\/accessoires-de-jeu\/\" title=\"Accessoires de jeu\">Accessoires de jeu<\/a>\n<\/span><span class=\"aioseo-breadcrumb-separator\">&raquo;<\/span><span class=\"aioseo-breadcrumb\">\n\tCapuchons de joystick \u00e0 th\u00e8me animalier\n<\/span><\/div>","aioseo_breadcrumb_json":[{"label":"Home","link":"https:\/\/droix.eu\/fr\/"},{"label":"Accessoires","link":"https:\/\/droix.eu\/fr\/product-category\/accessoires\/"},{"label":"Accessoires de jeu","link":"https:\/\/droix.eu\/fr\/product-category\/accessoires\/accessoires-de-jeu\/"},{"label":"Capuchons de joystick \u00e0 th\u00e8me animalier","link":"https:\/\/droix.eu\/fr\/product\/capuchons-de-joystick-a-theme-animalier\/"}],"_links":{"self":[{"href":"https:\/\/droix.eu\/fr\/wp-json\/wp\/v2\/product\/520822","targetHints":{"allow":["GET"]}}],"collection":[{"href":"https:\/\/droix.eu\/fr\/wp-json\/wp\/v2\/product"}],"about":[{"href":"https:\/\/droix.eu\/fr\/wp-json\/wp\/v2\/types\/product"}],"version-history":[{"count":0,"href":"https:\/\/droix.eu\/fr\/wp-json\/wp\/v2\/product\/520822\/revisions"}],"wp:featuredmedia":[{"embeddable":true,"href":"https:\/\/droix.eu\/fr\/wp-json\/wp\/v2\/media\/702975"}],"wp:attachment":[{"href":"https:\/\/droix.eu\/fr\/wp-json\/wp\/v2\/media?parent=520822"}],"wp:term":[{"taxonomy":"product_brand","embeddable":true,"href":"https:\/\/droix.eu\/fr\/wp-json\/wp\/v2\/product_brand?post=520822"},{"taxonomy":"product_cat","embeddable":true,"href":"https:\/\/droix.eu\/fr\/wp-json\/wp\/v2\/product_cat?post=520822"},{"taxonomy":"product_tag","embeddable":true,"href":"https:\/\/droix.eu\/fr\/wp-json\/wp\/v2\/product_tag?post=520822"},{"taxonomy":"woo-feed-brand","embeddable":true,"href":"https:\/\/droix.eu\/fr\/wp-json\/wp\/v2\/woo-feed-brand?post=520822"},{"taxonomy":"key-features","embeddable":true,"href":"https:\/\/droix.eu\/fr\/wp-json\/wp\/v2\/key-features?post=520822"}],"curies":[{"name":"wp","href":"https:\/\/api.w.org\/{rel}","templated":true}]}}