{"id":514008,"date":"2023-03-15T09:42:16","date_gmt":"2023-03-15T09:42:16","guid":{"rendered":"https:\/\/droix.eu\/product\/protection-decran-gpd-win-4\/"},"modified":"2026-04-29T10:21:21","modified_gmt":"2026-04-29T09:21:21","slug":"protection-decran-gpd-win-4","status":"publish","type":"product","link":"https:\/\/droix.eu\/fr\/product\/protection-decran-gpd-win-4\/","title":{"rendered":"Protection d&#8217;\u00e9cran GPD WIN 4"},"content":{"rendered":"&#13;\n<p>Voici la <strong>protection d&#8217;\u00e9cran GPD WIN 4<\/strong>, le compl\u00e9ment parfait de votre appareil de jeu portable. Fabriqu\u00e9 \u00e0 partir de mat\u00e9riaux de haute qualit\u00e9, ce protecteur d&#8217;\u00e9cran offre une protection sup\u00e9rieure contre les rayures, la poussi\u00e8re et les autres risques courants qui peuvent endommager votre appareil. <strong>Con\u00e7ue sp\u00e9cifiquement pour le GPD WIN 4<\/strong>, cette protection d&#8217;\u00e9cran offre des d\u00e9coupes pr\u00e9cises et un ajustement parfait qui n&#8217;interf\u00e9rera pas avec la sensibilit\u00e9 tactile ou la clart\u00e9 de votre appareil. Sa conception ultra-mince n&#8217;affecte pas l&#8217;aspect original de votre appareil. Cette protection d&#8217;\u00e9cran s&#8217;installe et se retire facilement, sans laisser de r\u00e9sidus ni de marques, pour que votre GPD WIN 4 reste dans un \u00e9tat impeccable.<\/p>&#13;\n","protected":false},"excerpt":{"rendered":"<ul>\n<li>Con\u00e7u par <strong>GPD<\/strong><\/li>\n<li><strong>Compatible<\/strong> avec le <strong>GPD WIN 4<\/strong><\/li>\n<li>Prot\u00e8ge contre les rayures et la poussi\u00e8re<\/li>\n<li>Facile \u00e0 installer et \u00e0 retirer<\/li>\n<li>Mat\u00e9riau de <strong>haute qualit\u00e9<\/strong> <\/li>\n<\/ul>\n[cg_accordion title=\"Garantie de 2 ans sur tous les produits GPD\"]<\/p>\n<p>Tous les produits GPD sont assortis d&#8217;une garantie de 2 ans et b\u00e9n\u00e9ficient de plus de 13 ans de service de confiance. Rejoignez notre communaut\u00e9 de plus de 500 000 clients satisfaits et faites confiance \u00e0 votre achat. [\/cg_accordion]\n[cg_accordion title=\"Options de paiement flexibles et s\u00e9curis\u00e9es\"]<\/p>\n<p>Profitez de la tranquillit\u00e9 d&#8217;esprit gr\u00e2ce \u00e0 notre syst\u00e8me de paiement s\u00e9curis\u00e9. Nous prenons en charge tous les principaux modes de paiement, y compris les cartes de d\u00e9bit\/cr\u00e9dit, PayPal, Apple Pay, Google Pay, Klarna, Afterpay et Affirm, ce qui vous donne la libert\u00e9 de payer \u00e0 votre guise, que ce soit d&#8217;un seul coup ou en plusieurs fois. [\/cg_accordion]\n[cg_accordion title=\"Imp\u00f4ts\"]<\/p>\n<p>Les prix incluent la TVA applicable, qui peut aller jusqu&#8217;\u00e0 25 % selon votre pays. Le montant exact est indiqu\u00e9 lors de la commande afin de garantir une totale transparence. [\/cg_accordion]\n[cg_accordion title=\"Exp\u00e9dition et retours\"]<\/p>\n<p>Nous travaillons avec plus de 10 partenaires d&#8217;exp\u00e9dition de confiance pour garantir que votre commande arrive rapidement, en toute s\u00e9curit\u00e9 et de mani\u00e8re fiable.<\/p>\n<p>Nous utilisons le service d&#8217;exp\u00e9dition express DDP (Delivered Duty Paid). Cela signifie que : <\/p>\n<li>Tous les droits de douane et taxes sont d\u00e9j\u00e0 inclus dans le prix du produit indiqu\u00e9.<\/li>\n<li>Vous n&#8217;aurez pas de frais surprises \u00e0 la livraison.<\/li>\n<li>Dans les rares cas de retard aux douanes, notre \u00e9quipe s&#8217;occupera de la proc\u00e9dure de d\u00e9douanement pour vous afin d&#8217;assurer une livraison sans probl\u00e8me.<\/li>\n<p>Informations importantes concernant les retours :<\/p>\n<li>Si vous retournez votre commande ou demandez un remboursement, veuillez noter que les taxes et droits pay\u00e9s en votre nom selon les conditions DDP ne sont pas remboursables.<\/li>\n<p>Veuillez vous r\u00e9f\u00e9rer \u00e0 nos <a href=\"https:\/\/droix.eu\/fr\/modalites-et-conditions\/\" target=\"_blank\" rel=\"nofollow noopener\">conditions g\u00e9n\u00e9rales<\/a> pour plus d&#8217;informations.\n<\/ul>\n<p>[\/cg_accordion]\n[cg_accordion title=\"Soutien \u00e0 la client\u00e8le\"]<\/p>\n<p>Vous avez une question ? Il suffit d&#8217;un petit texto pour que votre probl\u00e8me soit r\u00e9solu ! [\/cg_accordion]\n[cg_accordion title=\"Le paquet comprend\"]<\/p>\n<ul>\n<li>1x Protecteur d&#8217;\u00e9cran<\/li>\n<\/ul>\n<p>[\/cg_accordion]\n","protected":false},"featured_media":352554,"template":"","meta":{"_acf_changed":false},"product_brand":[],"product_cat":[10290,10558],"product_tag":[],"woo-feed-brand":[2198],"key-features":[],"class_list":{"0":"post-514008","1":"product","2":"type-product","3":"status-publish","4":"has-post-thumbnail","6":"product_cat-accessoires","7":"product_cat-accessoires-de-jeu","8":"product_shipping_class-low-end","9":"pa_accessory-type-screen-protector","10":"pa_brands-gpd-fr","11":"pa_compatibility-gpd-win-4-fr","12":"woo-feed-brand-gpd","14":"first","15":"outofstock","16":"taxable","17":"shipping-taxable","18":"purchasable","19":"product-type-simple"},"acf":[],"aioseo_notices":[],"aioseo_head":"\n\t\t<!-- All in One SEO Pro 4.9.6.2 - aioseo.com -->\n\t<meta name=\"description\" content=\"Con\u00e7u par GPD Compatible avec le GPD WIN 4 Prot\u00e8ge contre les rayures et la poussi\u00e8re Facile \u00e0 installer et \u00e0 retirer Mat\u00e9riau de haute qualit\u00e9\" \/>\n\t<meta name=\"robots\" content=\"max-image-preview:large\" \/>\n\t<link rel=\"canonical\" href=\"https:\/\/droix.eu\/fr\/product\/protection-decran-gpd-win-4\/\" \/>\n\t<meta name=\"generator\" content=\"All in One SEO Pro (AIOSEO) 4.9.6.2\" \/>\n\t\t<meta property=\"og:locale\" content=\"fr_FR\" \/>\n\t\t<meta property=\"og:site_name\" content=\"DROIX EU - Get the latest Mini PCs, Ultrabook, PC Gaming Handhelds and more!\" \/>\n\t\t<meta property=\"og:type\" content=\"article\" \/>\n\t\t<meta property=\"og:title\" content=\"Protection d\u2019\u00e9cran GPD WIN 4 - DROIX EU\" \/>\n\t\t<meta property=\"og:description\" content=\"Con\u00e7u par GPD Compatible avec le GPD WIN 4 Prot\u00e8ge contre les rayures et la poussi\u00e8re Facile \u00e0 installer et \u00e0 retirer Mat\u00e9riau de haute qualit\u00e9\" \/>\n\t\t<meta property=\"og:url\" content=\"https:\/\/droix.eu\/fr\/product\/protection-decran-gpd-win-4\/\" \/>\n\t\t<meta property=\"og:image\" content=\"https:\/\/droix.eu\/wp-content\/uploads\/2024\/06\/droix-v2-light-logo.png\" \/>\n\t\t<meta property=\"og:image:secure_url\" content=\"https:\/\/droix.eu\/wp-content\/uploads\/2024\/06\/droix-v2-light-logo.png\" \/>\n\t\t<meta property=\"og:image:width\" content=\"380\" \/>\n\t\t<meta property=\"og:image:height\" content=\"118\" \/>\n\t\t<meta property=\"article:published_time\" content=\"2023-03-15T09:42:16+00:00\" \/>\n\t\t<meta property=\"article:modified_time\" content=\"2026-04-29T09:21:21+00:00\" \/>\n\t\t<meta property=\"article:publisher\" content=\"https:\/\/www.facebook.com\/DroiX.Store\" \/>\n\t\t<meta name=\"twitter:card\" content=\"summary_large_image\" \/>\n\t\t<meta name=\"twitter:site\" content=\"@DroiX_Store\" \/>\n\t\t<meta name=\"twitter:title\" content=\"Protection d\u2019\u00e9cran GPD WIN 4 - DROIX EU\" \/>\n\t\t<meta name=\"twitter:description\" content=\"Con\u00e7u par GPD Compatible avec le GPD WIN 4 Prot\u00e8ge contre les rayures et la poussi\u00e8re Facile \u00e0 installer et \u00e0 retirer Mat\u00e9riau de haute qualit\u00e9\" \/>\n\t\t<meta name=\"twitter:image\" content=\"https:\/\/droix.eu\/wp-content\/uploads\/2024\/06\/droix-v2-light-logo.png\" \/>\n\t\t<script type=\"application\/ld+json\" class=\"aioseo-schema\">\n\t\t\t{\"@context\":\"https:\\\/\\\/schema.org\",\"@graph\":[{\"@type\":\"BreadcrumbList\",\"@id\":\"https:\\\/\\\/droix.eu\\\/fr\\\/product\\\/protection-decran-gpd-win-4\\\/#breadcrumblist\",\"itemListElement\":[{\"@type\":\"ListItem\",\"@id\":\"https:\\\/\\\/droix.eu\\\/fr\\\/#listItem\",\"position\":1,\"name\":\"Home\",\"item\":\"https:\\\/\\\/droix.eu\\\/fr\\\/\",\"nextItem\":{\"@type\":\"ListItem\",\"@id\":\"https:\\\/\\\/droix.eu\\\/fr\\\/product-category\\\/accessoires\\\/#listItem\",\"name\":\"Accessoires\"}},{\"@type\":\"ListItem\",\"@id\":\"https:\\\/\\\/droix.eu\\\/fr\\\/product-category\\\/accessoires\\\/#listItem\",\"position\":2,\"name\":\"Accessoires\",\"item\":\"https:\\\/\\\/droix.eu\\\/fr\\\/product-category\\\/accessoires\\\/\",\"nextItem\":{\"@type\":\"ListItem\",\"@id\":\"https:\\\/\\\/droix.eu\\\/fr\\\/product-category\\\/accessoires\\\/accessoires-de-jeu\\\/#listItem\",\"name\":\"Accessoires de jeu\"},\"previousItem\":{\"@type\":\"ListItem\",\"@id\":\"https:\\\/\\\/droix.eu\\\/fr\\\/#listItem\",\"name\":\"Home\"}},{\"@type\":\"ListItem\",\"@id\":\"https:\\\/\\\/droix.eu\\\/fr\\\/product-category\\\/accessoires\\\/accessoires-de-jeu\\\/#listItem\",\"position\":3,\"name\":\"Accessoires de jeu\",\"item\":\"https:\\\/\\\/droix.eu\\\/fr\\\/product-category\\\/accessoires\\\/accessoires-de-jeu\\\/\",\"nextItem\":{\"@type\":\"ListItem\",\"@id\":\"https:\\\/\\\/droix.eu\\\/fr\\\/product\\\/protection-decran-gpd-win-4\\\/#listItem\",\"name\":\"Protection d&#8217;\\u00e9cran GPD WIN 4\"},\"previousItem\":{\"@type\":\"ListItem\",\"@id\":\"https:\\\/\\\/droix.eu\\\/fr\\\/product-category\\\/accessoires\\\/#listItem\",\"name\":\"Accessoires\"}},{\"@type\":\"ListItem\",\"@id\":\"https:\\\/\\\/droix.eu\\\/fr\\\/product\\\/protection-decran-gpd-win-4\\\/#listItem\",\"position\":4,\"name\":\"Protection d&#8217;\\u00e9cran GPD WIN 4\",\"previousItem\":{\"@type\":\"ListItem\",\"@id\":\"https:\\\/\\\/droix.eu\\\/fr\\\/product-category\\\/accessoires\\\/accessoires-de-jeu\\\/#listItem\",\"name\":\"Accessoires de jeu\"}}]},{\"@type\":\"Organization\",\"@id\":\"https:\\\/\\\/droix.eu\\\/fr\\\/#organization\",\"name\":\"DroiX \\u2013 Trusted EU Tech Retailer with 12+ Years Experience\",\"description\":\"DroiX is a leading European technology retailer with over 12 years of experience, offering quality mini PCs, handheld gaming consoles, and tech accessories. We provide hassle-free EU delivery with all taxes included, ensuring a smooth and reliable shopping experience for our customers across Europe.\",\"url\":\"https:\\\/\\\/droix.eu\\\/fr\\\/\",\"logo\":{\"@type\":\"ImageObject\",\"url\":\"https:\\\/\\\/droix.eu\\\/wp-content\\\/uploads\\\/2024\\\/06\\\/droix-v2-light-logo.png\",\"@id\":\"https:\\\/\\\/droix.eu\\\/fr\\\/product\\\/protection-decran-gpd-win-4\\\/#organizationLogo\",\"width\":380,\"height\":118},\"image\":{\"@id\":\"https:\\\/\\\/droix.eu\\\/fr\\\/product\\\/protection-decran-gpd-win-4\\\/#organizationLogo\"},\"sameAs\":[\"https:\\\/\\\/www.facebook.com\\\/DroiX.Store\",\"https:\\\/\\\/twitter.com\\\/DroiX_Store\",\"https:\\\/\\\/www.instagram.com\\\/droix.store\\\/\",\"https:\\\/\\\/www.tiktok.com\\\/@droix.store\",\"https:\\\/\\\/www.youtube.com\\\/c\\\/DroiX_Store\",\"https:\\\/\\\/uk.linkedin.com\\\/company\\\/droix\"]},{\"@type\":\"Product\",\"@id\":\"https:\\\/\\\/droix.eu\\\/fr\\\/product\\\/protection-decran-gpd-win-4\\\/#wooCommerceProduct\",\"name\":\"Protection d'\\u00e9cran GPD WIN 4\",\"description\":\"Con\\u00e7u par GPD\\nCompatible avec le GPD WIN 4\\nProt\\u00e8ge contre les rayures et la poussi\\u00e8re\\nFacile \\u00e0 installer et \\u00e0 retirer\\nMat\\u00e9riau de haute qualit\\u00e9\",\"url\":\"https:\\\/\\\/droix.eu\\\/fr\\\/product\\\/protection-decran-gpd-win-4\\\/\",\"sku\":\"GPD-WIN-4-SCREEN-PROTECTOR\",\"gtin\":\"5060763672529\",\"image\":{\"@type\":\"ImageObject\",\"url\":\"https:\\\/\\\/droix.eu\\\/wp-content\\\/uploads\\\/2023\\\/03\\\/GPD-WIN-4_SCREEN_PROTECTOR-DONE-WEBSITE-LISTING-IMAGE-1.png\",\"@id\":\"https:\\\/\\\/droix.eu\\\/fr\\\/product\\\/protection-decran-gpd-win-4\\\/#productImage\",\"width\":1000,\"height\":1000},\"offers\":{\"@type\":\"Offer\",\"url\":\"https:\\\/\\\/droix.eu\\\/fr\\\/product\\\/protection-decran-gpd-win-4\\\/#wooCommerceOffer\",\"price\":2.4,\"priceCurrency\":\"EUR\",\"category\":\"Accessoires\",\"availability\":\"https:\\\/\\\/schema.org\\\/OutOfStock\",\"priceSpecification\":{\"@type\":\"PriceSpecification\",\"price\":2.4,\"priceCurrency\":\"EUR\",\"valueAddedTaxIncluded\":\"true\"},\"seller\":{\"@type\":\"Organization\",\"@id\":\"https:\\\/\\\/droix.eu\\\/fr\\\/#organization\"}}},{\"@type\":\"WebPage\",\"@id\":\"https:\\\/\\\/droix.eu\\\/fr\\\/product\\\/protection-decran-gpd-win-4\\\/#webpage\",\"url\":\"https:\\\/\\\/droix.eu\\\/fr\\\/product\\\/protection-decran-gpd-win-4\\\/\",\"name\":\"Protection d\\u2019\\u00e9cran GPD WIN 4 - DROIX EU\",\"description\":\"Con\\u00e7u par GPD Compatible avec le GPD WIN 4 Prot\\u00e8ge contre les rayures et la poussi\\u00e8re Facile \\u00e0 installer et \\u00e0 retirer Mat\\u00e9riau de haute qualit\\u00e9\",\"inLanguage\":\"fr-FR\",\"isPartOf\":{\"@id\":\"https:\\\/\\\/droix.eu\\\/fr\\\/#website\"},\"breadcrumb\":{\"@id\":\"https:\\\/\\\/droix.eu\\\/fr\\\/product\\\/protection-decran-gpd-win-4\\\/#breadcrumblist\"},\"image\":{\"@type\":\"ImageObject\",\"url\":\"https:\\\/\\\/droix.eu\\\/wp-content\\\/uploads\\\/2023\\\/03\\\/GPD-WIN-4_SCREEN_PROTECTOR-DONE-WEBSITE-LISTING-IMAGE-1.png\",\"@id\":\"https:\\\/\\\/droix.eu\\\/fr\\\/product\\\/protection-decran-gpd-win-4\\\/#mainImage\",\"width\":1000,\"height\":1000},\"primaryImageOfPage\":{\"@id\":\"https:\\\/\\\/droix.eu\\\/fr\\\/product\\\/protection-decran-gpd-win-4\\\/#mainImage\"},\"datePublished\":\"2023-03-15T09:42:16+00:00\",\"dateModified\":\"2026-04-29T10:21:21+01:00\"},{\"@type\":\"WebSite\",\"@id\":\"https:\\\/\\\/droix.eu\\\/fr\\\/#website\",\"url\":\"https:\\\/\\\/droix.eu\\\/fr\\\/\",\"name\":\"DROIX EU\",\"description\":\"Get the latest Mini PCs, Ultrabook, PC Gaming Handhelds and more!\",\"inLanguage\":\"fr-FR\",\"publisher\":{\"@id\":\"https:\\\/\\\/droix.eu\\\/fr\\\/#organization\"}}]}\n\t\t<\/script>\n\t\t<!-- All in One SEO Pro -->\r\n\t\t<title>Protection d\u2019\u00e9cran GPD WIN 4 - DROIX EU<\/title>\n\n","aioseo_head_json":{"title":"Protection d\u2019\u00e9cran GPD WIN 4 - DROIX EU","description":"Con\u00e7u par GPD Compatible avec le GPD WIN 4 Prot\u00e8ge contre les rayures et la poussi\u00e8re Facile \u00e0 installer et \u00e0 retirer Mat\u00e9riau de haute qualit\u00e9","canonical_url":"https:\/\/droix.eu\/fr\/product\/protection-decran-gpd-win-4\/","robots":"max-image-preview:large","keywords":"","webmasterTools":{"miscellaneous":""},"schema":{"@context":"https:\/\/schema.org","@graph":[{"@type":"BreadcrumbList","@id":"https:\/\/droix.eu\/fr\/product\/protection-decran-gpd-win-4\/#breadcrumblist","itemListElement":[{"@type":"ListItem","@id":"https:\/\/droix.eu\/fr\/#listItem","position":1,"name":"Home","item":"https:\/\/droix.eu\/fr\/","nextItem":{"@type":"ListItem","@id":"https:\/\/droix.eu\/fr\/product-category\/accessoires\/#listItem","name":"Accessoires"}},{"@type":"ListItem","@id":"https:\/\/droix.eu\/fr\/product-category\/accessoires\/#listItem","position":2,"name":"Accessoires","item":"https:\/\/droix.eu\/fr\/product-category\/accessoires\/","nextItem":{"@type":"ListItem","@id":"https:\/\/droix.eu\/fr\/product-category\/accessoires\/accessoires-de-jeu\/#listItem","name":"Accessoires de jeu"},"previousItem":{"@type":"ListItem","@id":"https:\/\/droix.eu\/fr\/#listItem","name":"Home"}},{"@type":"ListItem","@id":"https:\/\/droix.eu\/fr\/product-category\/accessoires\/accessoires-de-jeu\/#listItem","position":3,"name":"Accessoires de jeu","item":"https:\/\/droix.eu\/fr\/product-category\/accessoires\/accessoires-de-jeu\/","nextItem":{"@type":"ListItem","@id":"https:\/\/droix.eu\/fr\/product\/protection-decran-gpd-win-4\/#listItem","name":"Protection d&#8217;\u00e9cran GPD WIN 4"},"previousItem":{"@type":"ListItem","@id":"https:\/\/droix.eu\/fr\/product-category\/accessoires\/#listItem","name":"Accessoires"}},{"@type":"ListItem","@id":"https:\/\/droix.eu\/fr\/product\/protection-decran-gpd-win-4\/#listItem","position":4,"name":"Protection d&#8217;\u00e9cran GPD WIN 4","previousItem":{"@type":"ListItem","@id":"https:\/\/droix.eu\/fr\/product-category\/accessoires\/accessoires-de-jeu\/#listItem","name":"Accessoires de jeu"}}]},{"@type":"Organization","@id":"https:\/\/droix.eu\/fr\/#organization","name":"DroiX \u2013 Trusted EU Tech Retailer with 12+ Years Experience","description":"DroiX is a leading European technology retailer with over 12 years of experience, offering quality mini PCs, handheld gaming consoles, and tech accessories. We provide hassle-free EU delivery with all taxes included, ensuring a smooth and reliable shopping experience for our customers across Europe.","url":"https:\/\/droix.eu\/fr\/","logo":{"@type":"ImageObject","url":"https:\/\/droix.eu\/wp-content\/uploads\/2024\/06\/droix-v2-light-logo.png","@id":"https:\/\/droix.eu\/fr\/product\/protection-decran-gpd-win-4\/#organizationLogo","width":380,"height":118},"image":{"@id":"https:\/\/droix.eu\/fr\/product\/protection-decran-gpd-win-4\/#organizationLogo"},"sameAs":["https:\/\/www.facebook.com\/DroiX.Store","https:\/\/twitter.com\/DroiX_Store","https:\/\/www.instagram.com\/droix.store\/","https:\/\/www.tiktok.com\/@droix.store","https:\/\/www.youtube.com\/c\/DroiX_Store","https:\/\/uk.linkedin.com\/company\/droix"]},{"@type":"Product","@id":"https:\/\/droix.eu\/fr\/product\/protection-decran-gpd-win-4\/#wooCommerceProduct","name":"Protection d'\u00e9cran GPD WIN 4","description":"Con\u00e7u par GPD\nCompatible avec le GPD WIN 4\nProt\u00e8ge contre les rayures et la poussi\u00e8re\nFacile \u00e0 installer et \u00e0 retirer\nMat\u00e9riau de haute qualit\u00e9","url":"https:\/\/droix.eu\/fr\/product\/protection-decran-gpd-win-4\/","sku":"GPD-WIN-4-SCREEN-PROTECTOR","gtin":"5060763672529","image":{"@type":"ImageObject","url":"https:\/\/droix.eu\/wp-content\/uploads\/2023\/03\/GPD-WIN-4_SCREEN_PROTECTOR-DONE-WEBSITE-LISTING-IMAGE-1.png","@id":"https:\/\/droix.eu\/fr\/product\/protection-decran-gpd-win-4\/#productImage","width":1000,"height":1000},"offers":{"@type":"Offer","url":"https:\/\/droix.eu\/fr\/product\/protection-decran-gpd-win-4\/#wooCommerceOffer","price":2.4,"priceCurrency":"EUR","category":"Accessoires","availability":"https:\/\/schema.org\/OutOfStock","priceSpecification":{"@type":"PriceSpecification","price":2.4,"priceCurrency":"EUR","valueAddedTaxIncluded":"true"},"seller":{"@type":"Organization","@id":"https:\/\/droix.eu\/fr\/#organization"}}},{"@type":"WebPage","@id":"https:\/\/droix.eu\/fr\/product\/protection-decran-gpd-win-4\/#webpage","url":"https:\/\/droix.eu\/fr\/product\/protection-decran-gpd-win-4\/","name":"Protection d\u2019\u00e9cran GPD WIN 4 - DROIX EU","description":"Con\u00e7u par GPD Compatible avec le GPD WIN 4 Prot\u00e8ge contre les rayures et la poussi\u00e8re Facile \u00e0 installer et \u00e0 retirer Mat\u00e9riau de haute qualit\u00e9","inLanguage":"fr-FR","isPartOf":{"@id":"https:\/\/droix.eu\/fr\/#website"},"breadcrumb":{"@id":"https:\/\/droix.eu\/fr\/product\/protection-decran-gpd-win-4\/#breadcrumblist"},"image":{"@type":"ImageObject","url":"https:\/\/droix.eu\/wp-content\/uploads\/2023\/03\/GPD-WIN-4_SCREEN_PROTECTOR-DONE-WEBSITE-LISTING-IMAGE-1.png","@id":"https:\/\/droix.eu\/fr\/product\/protection-decran-gpd-win-4\/#mainImage","width":1000,"height":1000},"primaryImageOfPage":{"@id":"https:\/\/droix.eu\/fr\/product\/protection-decran-gpd-win-4\/#mainImage"},"datePublished":"2023-03-15T09:42:16+00:00","dateModified":"2026-04-29T10:21:21+01:00"},{"@type":"WebSite","@id":"https:\/\/droix.eu\/fr\/#website","url":"https:\/\/droix.eu\/fr\/","name":"DROIX EU","description":"Get the latest Mini PCs, Ultrabook, PC Gaming Handhelds and more!","inLanguage":"fr-FR","publisher":{"@id":"https:\/\/droix.eu\/fr\/#organization"}}]},"og:locale":"fr_FR","og:site_name":"DROIX EU - Get the latest Mini PCs, Ultrabook, PC Gaming Handhelds and more!","og:type":"article","og:title":"Protection d\u2019\u00e9cran GPD WIN 4 - DROIX EU","og:description":"Con\u00e7u par GPD Compatible avec le GPD WIN 4 Prot\u00e8ge contre les rayures et la poussi\u00e8re Facile \u00e0 installer et \u00e0 retirer Mat\u00e9riau de haute qualit\u00e9","og:url":"https:\/\/droix.eu\/fr\/product\/protection-decran-gpd-win-4\/","og:image":"https:\/\/droix.eu\/wp-content\/uploads\/2024\/06\/droix-v2-light-logo.png","og:image:secure_url":"https:\/\/droix.eu\/wp-content\/uploads\/2024\/06\/droix-v2-light-logo.png","og:image:width":380,"og:image:height":118,"article:published_time":"2023-03-15T09:42:16+00:00","article:modified_time":"2026-04-29T09:21:21+00:00","article:publisher":"https:\/\/www.facebook.com\/DroiX.Store","twitter:card":"summary_large_image","twitter:site":"@DroiX_Store","twitter:title":"Protection d\u2019\u00e9cran GPD WIN 4 - DROIX EU","twitter:description":"Con\u00e7u par GPD Compatible avec le GPD WIN 4 Prot\u00e8ge contre les rayures et la poussi\u00e8re Facile \u00e0 installer et \u00e0 retirer Mat\u00e9riau de haute qualit\u00e9","twitter:image":"https:\/\/droix.eu\/wp-content\/uploads\/2024\/06\/droix-v2-light-logo.png"},"aioseo_meta_data":{"post_id":"514008","title":null,"description":null,"keywords":null,"keyphrases":null,"primary_term":null,"canonical_url":null,"og_title":null,"og_description":null,"og_object_type":"default","og_image_type":"default","og_image_url":null,"og_image_width":null,"og_image_height":null,"og_image_custom_url":null,"og_image_custom_fields":null,"og_video":null,"og_custom_url":null,"og_article_section":null,"og_article_tags":null,"twitter_use_og":true,"twitter_card":"default","twitter_image_type":"default","twitter_image_url":null,"twitter_image_custom_url":null,"twitter_image_custom_fields":null,"twitter_title":null,"twitter_description":null,"schema":{"blockGraphs":[],"customGraphs":[],"default":{"data":{"Article":[],"Course":[],"Dataset":[],"FAQPage":[],"Movie":[],"Person":[],"Product":[],"ProductReview":[],"Car":[],"Recipe":[],"Service":[],"SoftwareApplication":[],"WebPage":[]},"graphName":"Product","isEnabled":true},"graphs":[]},"schema_type":"default","schema_type_options":null,"pillar_content":false,"robots_default":true,"robots_noindex":false,"robots_noarchive":false,"robots_nosnippet":false,"robots_nofollow":false,"robots_noimageindex":false,"robots_noodp":false,"robots_notranslate":false,"robots_max_snippet":null,"robots_max_videopreview":null,"robots_max_imagepreview":"large","priority":null,"frequency":null,"local_seo":null,"seo_analyzer_scan_date":null,"breadcrumb_settings":null,"limit_modified_date":false,"reviewed_by":null,"open_ai":null,"ai":null,"created":"2025-10-09 04:07:39","updated":"2026-04-29 09:34:03"},"aioseo_breadcrumb":"<div class=\"aioseo-breadcrumbs\"><span class=\"aioseo-breadcrumb\">\n\t<a href=\"https:\/\/droix.eu\/fr\/\" title=\"Home\">Home<\/a>\n<\/span><span class=\"aioseo-breadcrumb-separator\">&raquo;<\/span><span class=\"aioseo-breadcrumb\">\n\t<a href=\"https:\/\/droix.eu\/fr\/product-category\/accessoires\/\" title=\"Accessoires\">Accessoires<\/a>\n<\/span><span class=\"aioseo-breadcrumb-separator\">&raquo;<\/span><span class=\"aioseo-breadcrumb\">\n\t<a href=\"https:\/\/droix.eu\/fr\/product-category\/accessoires\/accessoires-de-jeu\/\" title=\"Accessoires de jeu\">Accessoires de jeu<\/a>\n<\/span><span class=\"aioseo-breadcrumb-separator\">&raquo;<\/span><span class=\"aioseo-breadcrumb\">\n\tProtection d\u2019\u00e9cran GPD WIN 4\n<\/span><\/div>","aioseo_breadcrumb_json":[{"label":"Home","link":"https:\/\/droix.eu\/fr\/"},{"label":"Accessoires","link":"https:\/\/droix.eu\/fr\/product-category\/accessoires\/"},{"label":"Accessoires de jeu","link":"https:\/\/droix.eu\/fr\/product-category\/accessoires\/accessoires-de-jeu\/"},{"label":"Protection d&#8217;\u00e9cran GPD WIN 4","link":"https:\/\/droix.eu\/fr\/product\/protection-decran-gpd-win-4\/"}],"_links":{"self":[{"href":"https:\/\/droix.eu\/fr\/wp-json\/wp\/v2\/product\/514008","targetHints":{"allow":["GET"]}}],"collection":[{"href":"https:\/\/droix.eu\/fr\/wp-json\/wp\/v2\/product"}],"about":[{"href":"https:\/\/droix.eu\/fr\/wp-json\/wp\/v2\/types\/product"}],"version-history":[{"count":0,"href":"https:\/\/droix.eu\/fr\/wp-json\/wp\/v2\/product\/514008\/revisions"}],"wp:featuredmedia":[{"embeddable":true,"href":"https:\/\/droix.eu\/fr\/wp-json\/wp\/v2\/media\/352554"}],"wp:attachment":[{"href":"https:\/\/droix.eu\/fr\/wp-json\/wp\/v2\/media?parent=514008"}],"wp:term":[{"taxonomy":"product_brand","embeddable":true,"href":"https:\/\/droix.eu\/fr\/wp-json\/wp\/v2\/product_brand?post=514008"},{"taxonomy":"product_cat","embeddable":true,"href":"https:\/\/droix.eu\/fr\/wp-json\/wp\/v2\/product_cat?post=514008"},{"taxonomy":"product_tag","embeddable":true,"href":"https:\/\/droix.eu\/fr\/wp-json\/wp\/v2\/product_tag?post=514008"},{"taxonomy":"woo-feed-brand","embeddable":true,"href":"https:\/\/droix.eu\/fr\/wp-json\/wp\/v2\/woo-feed-brand?post=514008"},{"taxonomy":"key-features","embeddable":true,"href":"https:\/\/droix.eu\/fr\/wp-json\/wp\/v2\/key-features?post=514008"}],"curies":[{"name":"wp","href":"https:\/\/api.w.org\/{rel}","templated":true}]}}