{"id":513540,"date":"2022-12-20T15:00:27","date_gmt":"2022-12-20T15:00:27","guid":{"rendered":"https:\/\/droix.eu\/product\/stockage-nvme-kingspec-2230-steam-deck\/"},"modified":"2025-08-01T14:51:27","modified_gmt":"2025-08-01T13:51:27","slug":"stockage-nvme-kingspec-2230-steam-deck","status":"publish","type":"product","link":"https:\/\/droix.eu\/fr\/product\/stockage-nvme-kingspec-2230-steam-deck\/","title":{"rendered":"KingSpec 2230 Steam Deck Stockage NVMe"},"content":{"rendered":"&#13;\n<p>Le <strong>KingSpec NVMe 22*30 Solid<\/strong>State Drive est capable d&#8217;atteindre des vitesses de lecture allant jusqu&#8217;\u00e0 3621,35 Mo\/s et des vitesses d&#8217;\u00e9criture allant jusqu&#8217;\u00e0 2314,32 Mo\/s. Ces vitesses sont nettement sup\u00e9rieures \u00e0 celles d&#8217;un disque dur traditionnel, qui peut g\u00e9n\u00e9ralement atteindre des vitesses de l&#8217;ordre de 100 Mo\/s. Cela signifie que le disque NVMe de KingSpec est capable d&#8217;acc\u00e9der aux donn\u00e9es et de les transf\u00e9rer beaucoup plus rapidement, ce qui se traduit par des temps de d\u00e9marrage plus courts et un lancement plus rapide des logiciels.  <\/p>&#13;\n&#13;\n<p>Par exemple, supposons que vous ayez une application logicielle importante \u00e0 installer. Avec un disque dur traditionnel, le processus d&#8217;installation peut prendre plusieurs minutes. Avec le disque NVMe de KingSpec, le processus d&#8217;installation serait toutefois beaucoup plus rapide, car le disque est capable d&#8217;acc\u00e9der aux donn\u00e9es n\u00e9cessaires et de les transf\u00e9rer \u00e0 des vitesses beaucoup plus \u00e9lev\u00e9es.  <\/p>&#13;\n&#13;\n<p>En g\u00e9n\u00e9ral, les vitesses de lecture et d&#8217;\u00e9criture plus rapides du disque <strong>NVMe KingSpec<\/strong> en font un excellent choix pour ceux qui souhaitent am\u00e9liorer les performances globales de leur ordinateur. Que vous soyez un joueur cherchant \u00e0 charger les niveaux plus rapidement, un professionnel de la cr\u00e9ation travaillant avec des fichiers volumineux ou simplement quelqu&#8217;un souhaitant une exp\u00e9rience informatique plus fluide et plus r\u00e9active, ce disque est s\u00fbr de r\u00e9pondre \u00e0 vos attentes. <\/p>&#13;\n&#13;\n<p>V\u00e9rifier les r\u00e9sultats ci-dessous pour <strong>Steam Deck<\/strong> l&#8217;utilisation de <strong>KingSpec 2230 NVMe 1TB<\/strong> Storage :<\/p>&#13;\n&#13;\n<p>Vitesse de lecture : <strong>3621,35 Mo\/s<\/strong><br\/>Vitesse d&#8217;\u00e9criture : <strong>2314,32 Mo\/s<\/strong><\/p>&#13;\n&#13;\n<p>Le logiciel de benchmark <strong>CrystalDiskMark<\/strong> effectue une s\u00e9rie de tests sur le syst\u00e8me de stockage afin d&#8217;\u00e9valuer ses performances selon diff\u00e9rents sch\u00e9mas de lecture\/\u00e9criture. Les r\u00e9sultats indiquent les vitesses maximales optimales de lecture et d&#8217;\u00e9criture sur la premi\u00e8re ligne. <\/p>&#13;\n&#13;\n<figure class=\"wp-block-image aligncenter\"><img fetchpriority=\"high\" decoding=\"async\" width=\"601\" height=\"438\" src=\"https:\/\/droix.eu\/wp-content\/uploads\/2022\/12\/r-w-speed-kigspec2230-steam-deck.png\" alt=\"SD KingSpec 2230 vitesse de lecture et d'&#xE9;criture\" class=\"wp-image-94989\" srcset=\"https:\/\/droix.eu\/wp-content\/uploads\/2022\/12\/r-w-speed-kigspec2230-steam-deck.png 601w, https:\/\/droix.eu\/wp-content\/uploads\/2022\/12\/r-w-speed-kigspec2230-steam-deck-300x219.png 300w, https:\/\/droix.eu\/wp-content\/uploads\/2022\/12\/r-w-speed-kigspec2230-steam-deck-441x321.png 441w\" sizes=\"(max-width: 601px) 100vw, 601px\" \/><\/figure>&#13;\n&#13;\n<figure class=\"wp-block-image aligncenter\"><img decoding=\"async\" width=\"1500\" height=\"1500\" src=\"https:\/\/droix.eu\/wp-content\/uploads\/2022\/12\/SSD-EXPLINATION.png\" alt=\"ssd-explanation-tool\" class=\"wp-image-105048\" srcset=\"https:\/\/droix.eu\/wp-content\/uploads\/2022\/12\/SSD-EXPLINATION.png 1500w, https:\/\/droix.eu\/wp-content\/uploads\/2022\/12\/SSD-EXPLINATION-300x300.png 300w, https:\/\/droix.eu\/wp-content\/uploads\/2022\/12\/SSD-EXPLINATION-100x100.png 100w, https:\/\/droix.eu\/wp-content\/uploads\/2022\/12\/SSD-EXPLINATION-1000x1000.png 1000w, https:\/\/droix.eu\/wp-content\/uploads\/2022\/12\/SSD-EXPLINATION-1024x1024.png 1024w, https:\/\/droix.eu\/wp-content\/uploads\/2022\/12\/SSD-EXPLINATION-768x768.png 768w, https:\/\/droix.eu\/wp-content\/uploads\/2022\/12\/SSD-EXPLINATION-990x990.png 990w, https:\/\/droix.eu\/wp-content\/uploads\/2022\/12\/SSD-EXPLINATION-441x441.png 441w\" sizes=\"(max-width: 1500px) 100vw, 1500px\" \/><\/figure>&#13;\n","protected":false},"excerpt":{"rendered":"<ul>\n<li>Vitesses NVMe rapides<\/li>\n<li>Compatible avec le SteamDeck et le GPD WIN Max 2  <\/li>\n<li>3 ans de garantie<\/li>\n<\/ul>\n[droix_global_accordions]\n[cg_accordion title=\"Le paquet comprend\"]<\/p>\n<ul>\n<li>1x 22*30 NVMe SSD<\/li>\n<\/ul>\n<p>[\/cg_accordion]\n","protected":false},"featured_media":342437,"template":"","meta":{"_acf_changed":false},"product_brand":[],"product_cat":[22448,22450,22449],"product_tag":[],"woo-feed-brand":[],"key-features":[],"class_list":{"0":"post-513540","1":"product","2":"type-product","3":"status-publish","4":"has-post-thumbnail","6":"product_cat-materiel-informatique","7":"product_cat-materiel-informatique-fr","8":"product_cat-materiel-pour-ordinateurs-portables","9":"product_shipping_class-low-end","10":"pa_brands-kingspec-fr","12":"first","13":"instock","14":"taxable","15":"shipping-taxable","16":"purchasable","17":"product-type-variable","18":"has-default-attributes"},"acf":[],"aioseo_notices":[],"aioseo_head":"\n\t\t<!-- All in One SEO Pro 4.9.6.2 - aioseo.com -->\n\t<meta name=\"description\" content=\"Vitesses NVMe rapides Compatible avec le SteamDeck et le GPD WIN Max 2 3 ans de garantie Le paquet comprend 1x 22*30 NVMe SSD\" \/>\n\t<meta name=\"robots\" content=\"max-image-preview:large\" \/>\n\t<link rel=\"canonical\" href=\"https:\/\/droix.eu\/fr\/product\/stockage-nvme-kingspec-2230-steam-deck\/\" \/>\n\t<meta name=\"generator\" content=\"All in One SEO Pro (AIOSEO) 4.9.6.2\" \/>\n\t\t<meta property=\"og:locale\" content=\"fr_FR\" \/>\n\t\t<meta property=\"og:site_name\" content=\"DROIX EU - Get the latest Mini PCs, Ultrabook, PC Gaming Handhelds and more!\" \/>\n\t\t<meta property=\"og:type\" content=\"article\" \/>\n\t\t<meta property=\"og:title\" content=\"KingSpec 2230 Steam Deck Stockage NVMe - DROIX EU\" \/>\n\t\t<meta property=\"og:description\" content=\"Vitesses NVMe rapides Compatible avec le SteamDeck et le GPD WIN Max 2 3 ans de garantie Le paquet comprend 1x 22*30 NVMe SSD\" \/>\n\t\t<meta property=\"og:url\" content=\"https:\/\/droix.eu\/fr\/product\/stockage-nvme-kingspec-2230-steam-deck\/\" \/>\n\t\t<meta property=\"og:image\" content=\"https:\/\/droix.eu\/wp-content\/uploads\/2024\/06\/droix-v2-light-logo.png\" \/>\n\t\t<meta property=\"og:image:secure_url\" content=\"https:\/\/droix.eu\/wp-content\/uploads\/2024\/06\/droix-v2-light-logo.png\" \/>\n\t\t<meta property=\"og:image:width\" content=\"380\" \/>\n\t\t<meta property=\"og:image:height\" content=\"118\" \/>\n\t\t<meta property=\"article:published_time\" content=\"2022-12-20T15:00:27+00:00\" \/>\n\t\t<meta property=\"article:modified_time\" content=\"2025-08-01T13:51:27+00:00\" \/>\n\t\t<meta property=\"article:publisher\" content=\"https:\/\/www.facebook.com\/DroiX.Store\" \/>\n\t\t<meta name=\"twitter:card\" content=\"summary_large_image\" \/>\n\t\t<meta name=\"twitter:site\" content=\"@DroiX_Store\" \/>\n\t\t<meta name=\"twitter:title\" content=\"KingSpec 2230 Steam Deck Stockage NVMe - DROIX EU\" \/>\n\t\t<meta name=\"twitter:description\" content=\"Vitesses NVMe rapides Compatible avec le SteamDeck et le GPD WIN Max 2 3 ans de garantie Le paquet comprend 1x 22*30 NVMe SSD\" \/>\n\t\t<meta name=\"twitter:image\" content=\"https:\/\/droix.eu\/wp-content\/uploads\/2024\/06\/droix-v2-light-logo.png\" \/>\n\t\t<script type=\"application\/ld+json\" class=\"aioseo-schema\">\n\t\t\t{\"@context\":\"https:\\\/\\\/schema.org\",\"@graph\":[{\"@type\":\"BreadcrumbList\",\"@id\":\"https:\\\/\\\/droix.eu\\\/fr\\\/product\\\/stockage-nvme-kingspec-2230-steam-deck\\\/#breadcrumblist\",\"itemListElement\":[{\"@type\":\"ListItem\",\"@id\":\"https:\\\/\\\/droix.eu\\\/fr\\\/#listItem\",\"position\":1,\"name\":\"Home\",\"item\":\"https:\\\/\\\/droix.eu\\\/fr\\\/\",\"nextItem\":{\"@type\":\"ListItem\",\"@id\":\"https:\\\/\\\/droix.eu\\\/fr\\\/product-category\\\/materiel-informatique-fr\\\/#listItem\",\"name\":\"Mat\\u00e9riel informatique\"}},{\"@type\":\"ListItem\",\"@id\":\"https:\\\/\\\/droix.eu\\\/fr\\\/product-category\\\/materiel-informatique-fr\\\/#listItem\",\"position\":2,\"name\":\"Mat\\u00e9riel informatique\",\"item\":\"https:\\\/\\\/droix.eu\\\/fr\\\/product-category\\\/materiel-informatique-fr\\\/\",\"nextItem\":{\"@type\":\"ListItem\",\"@id\":\"https:\\\/\\\/droix.eu\\\/fr\\\/product-category\\\/materiel-informatique-fr\\\/materiel-informatique\\\/#listItem\",\"name\":\"Mat\\u00e9riel informatique\"},\"previousItem\":{\"@type\":\"ListItem\",\"@id\":\"https:\\\/\\\/droix.eu\\\/fr\\\/#listItem\",\"name\":\"Home\"}},{\"@type\":\"ListItem\",\"@id\":\"https:\\\/\\\/droix.eu\\\/fr\\\/product-category\\\/materiel-informatique-fr\\\/materiel-informatique\\\/#listItem\",\"position\":3,\"name\":\"Mat\\u00e9riel informatique\",\"item\":\"https:\\\/\\\/droix.eu\\\/fr\\\/product-category\\\/materiel-informatique-fr\\\/materiel-informatique\\\/\",\"nextItem\":{\"@type\":\"ListItem\",\"@id\":\"https:\\\/\\\/droix.eu\\\/fr\\\/product\\\/stockage-nvme-kingspec-2230-steam-deck\\\/#listItem\",\"name\":\"KingSpec 2230 Steam Deck Stockage NVMe\"},\"previousItem\":{\"@type\":\"ListItem\",\"@id\":\"https:\\\/\\\/droix.eu\\\/fr\\\/product-category\\\/materiel-informatique-fr\\\/#listItem\",\"name\":\"Mat\\u00e9riel informatique\"}},{\"@type\":\"ListItem\",\"@id\":\"https:\\\/\\\/droix.eu\\\/fr\\\/product\\\/stockage-nvme-kingspec-2230-steam-deck\\\/#listItem\",\"position\":4,\"name\":\"KingSpec 2230 Steam Deck Stockage NVMe\",\"previousItem\":{\"@type\":\"ListItem\",\"@id\":\"https:\\\/\\\/droix.eu\\\/fr\\\/product-category\\\/materiel-informatique-fr\\\/materiel-informatique\\\/#listItem\",\"name\":\"Mat\\u00e9riel informatique\"}}]},{\"@type\":\"Organization\",\"@id\":\"https:\\\/\\\/droix.eu\\\/fr\\\/#organization\",\"name\":\"DroiX \\u2013 Trusted EU Tech Retailer with 12+ Years Experience\",\"description\":\"DroiX is a leading European technology retailer with over 12 years of experience, offering quality mini PCs, handheld gaming consoles, and tech accessories. We provide hassle-free EU delivery with all taxes included, ensuring a smooth and reliable shopping experience for our customers across Europe.\",\"url\":\"https:\\\/\\\/droix.eu\\\/fr\\\/\",\"logo\":{\"@type\":\"ImageObject\",\"url\":\"https:\\\/\\\/droix.eu\\\/wp-content\\\/uploads\\\/2024\\\/06\\\/droix-v2-light-logo.png\",\"@id\":\"https:\\\/\\\/droix.eu\\\/fr\\\/product\\\/stockage-nvme-kingspec-2230-steam-deck\\\/#organizationLogo\",\"width\":380,\"height\":118},\"image\":{\"@id\":\"https:\\\/\\\/droix.eu\\\/fr\\\/product\\\/stockage-nvme-kingspec-2230-steam-deck\\\/#organizationLogo\"},\"sameAs\":[\"https:\\\/\\\/www.facebook.com\\\/DroiX.Store\",\"https:\\\/\\\/twitter.com\\\/DroiX_Store\",\"https:\\\/\\\/www.instagram.com\\\/droix.store\\\/\",\"https:\\\/\\\/www.tiktok.com\\\/@droix.store\",\"https:\\\/\\\/www.youtube.com\\\/c\\\/DroiX_Store\",\"https:\\\/\\\/uk.linkedin.com\\\/company\\\/droix\"]},{\"@type\":\"ProductGroup\",\"@id\":\"https:\\\/\\\/droix.eu\\\/fr\\\/product\\\/stockage-nvme-kingspec-2230-steam-deck\\\/#wooCommerceProduct\",\"name\":\"KingSpec 2230 Steam Deck Stockage NVMe\",\"description\":\"Vitesses NVMe rapides\\n \\tCompatible avec le SteamDeck et le GPD WIN Max 2  \\n \\t3 ans de garantie\",\"url\":\"https:\\\/\\\/droix.eu\\\/fr\\\/product\\\/stockage-nvme-kingspec-2230-steam-deck\\\/\",\"image\":{\"@type\":\"ImageObject\",\"url\":\"https:\\\/\\\/droix.eu\\\/wp-content\\\/uploads\\\/2022\\\/12\\\/22_30NVME-LISTING-PICTURE-1TB-1.png\",\"@id\":\"https:\\\/\\\/droix.eu\\\/fr\\\/product\\\/stockage-nvme-kingspec-2230-steam-deck\\\/#productImage\",\"width\":1500,\"height\":1500,\"caption\":\"Stockage KingSpec 1TB NVME 2230\"},\"productGroupID\":513540,\"hasVariant\":[{\"@type\":\"Product\",\"@id\":\"https:\\\/\\\/droix.eu\\\/fr\\\/product\\\/stockage-nvme-kingspec-2230-steam-deck\\\/#wooCommerceProduct\",\"name\":\"KingSpec 2230 Steam Deck Stockage NVMe - 512gb\",\"description\":\"Vitesses NVMe rapides\\n \\tCompatible avec le SteamDeck et le GPD WIN Max 2  \\n \\t3 ans de garantie\",\"url\":\"https:\\\/\\\/droix.eu\\\/fr\\\/product\\\/stockage-nvme-kingspec-2230-steam-deck\\\/\",\"sku\":\"KINGSPEC-NVME-2230-512GB\",\"image\":{\"@type\":\"ImageObject\",\"url\":\"https:\\\/\\\/droix.eu\\\/wp-content\\\/uploads\\\/2022\\\/12\\\/22_30NVME-LISTING-PICTURE-512GB-1.png\",\"@id\":\"https:\\\/\\\/droix.eu\\\/fr\\\/product\\\/stockage-nvme-kingspec-2230-steam-deck\\\/#productImage\",\"width\":1500,\"height\":1500,\"caption\":\"Stockage KingSpec 512GB NVME 2230\"},\"offers\":{\"@type\":\"Offer\",\"url\":\"https:\\\/\\\/droix.eu\\\/fr\\\/product\\\/stockage-nvme-kingspec-2230-steam-deck\\\/#wooCommerceOffer\",\"price\":\"59.95\",\"priceCurrency\":\"EUR\",\"category\":\"Mat\\u00e9riel informatique\",\"availability\":\"https:\\\/\\\/schema.org\\\/OutOfStock\",\"priceSpecification\":{\"@type\":\"PriceSpecification\",\"price\":59.95,\"priceCurrency\":\"EUR\",\"valueAddedTaxIncluded\":\"true\"}}}]},{\"@type\":\"WebPage\",\"@id\":\"https:\\\/\\\/droix.eu\\\/fr\\\/product\\\/stockage-nvme-kingspec-2230-steam-deck\\\/#webpage\",\"url\":\"https:\\\/\\\/droix.eu\\\/fr\\\/product\\\/stockage-nvme-kingspec-2230-steam-deck\\\/\",\"name\":\"KingSpec 2230 Steam Deck Stockage NVMe - DROIX EU\",\"description\":\"Vitesses NVMe rapides Compatible avec le SteamDeck et le GPD WIN Max 2 3 ans de garantie Le paquet comprend 1x 22*30 NVMe SSD\",\"inLanguage\":\"fr-FR\",\"isPartOf\":{\"@id\":\"https:\\\/\\\/droix.eu\\\/fr\\\/#website\"},\"breadcrumb\":{\"@id\":\"https:\\\/\\\/droix.eu\\\/fr\\\/product\\\/stockage-nvme-kingspec-2230-steam-deck\\\/#breadcrumblist\"},\"image\":{\"@type\":\"ImageObject\",\"url\":\"https:\\\/\\\/droix.eu\\\/wp-content\\\/uploads\\\/2022\\\/12\\\/22_30NVME-LISTING-PICTURE-1TB-1.png\",\"@id\":\"https:\\\/\\\/droix.eu\\\/fr\\\/product\\\/stockage-nvme-kingspec-2230-steam-deck\\\/#mainImage\",\"width\":1500,\"height\":1500,\"caption\":\"Stockage KingSpec 1TB NVME 2230\"},\"primaryImageOfPage\":{\"@id\":\"https:\\\/\\\/droix.eu\\\/fr\\\/product\\\/stockage-nvme-kingspec-2230-steam-deck\\\/#mainImage\"},\"datePublished\":\"2022-12-20T15:00:27+00:00\",\"dateModified\":\"2025-08-01T14:51:27+01:00\"},{\"@type\":\"WebSite\",\"@id\":\"https:\\\/\\\/droix.eu\\\/fr\\\/#website\",\"url\":\"https:\\\/\\\/droix.eu\\\/fr\\\/\",\"name\":\"DROIX EU\",\"description\":\"Get the latest Mini PCs, Ultrabook, PC Gaming Handhelds and more!\",\"inLanguage\":\"fr-FR\",\"publisher\":{\"@id\":\"https:\\\/\\\/droix.eu\\\/fr\\\/#organization\"}}]}\n\t\t<\/script>\n\t\t<!-- All in One SEO Pro -->\r\n\t\t<title>KingSpec 2230 Steam Deck Stockage NVMe - DROIX EU<\/title>\n\n","aioseo_head_json":{"title":"KingSpec 2230 Steam Deck Stockage NVMe - DROIX EU","description":"Vitesses NVMe rapides Compatible avec le SteamDeck et le GPD WIN Max 2 3 ans de garantie Le paquet comprend 1x 22*30 NVMe SSD","canonical_url":"https:\/\/droix.eu\/fr\/product\/stockage-nvme-kingspec-2230-steam-deck\/","robots":"max-image-preview:large","keywords":"","webmasterTools":{"miscellaneous":""},"schema":{"@context":"https:\/\/schema.org","@graph":[{"@type":"BreadcrumbList","@id":"https:\/\/droix.eu\/fr\/product\/stockage-nvme-kingspec-2230-steam-deck\/#breadcrumblist","itemListElement":[{"@type":"ListItem","@id":"https:\/\/droix.eu\/fr\/#listItem","position":1,"name":"Home","item":"https:\/\/droix.eu\/fr\/","nextItem":{"@type":"ListItem","@id":"https:\/\/droix.eu\/fr\/product-category\/materiel-informatique-fr\/#listItem","name":"Mat\u00e9riel informatique"}},{"@type":"ListItem","@id":"https:\/\/droix.eu\/fr\/product-category\/materiel-informatique-fr\/#listItem","position":2,"name":"Mat\u00e9riel informatique","item":"https:\/\/droix.eu\/fr\/product-category\/materiel-informatique-fr\/","nextItem":{"@type":"ListItem","@id":"https:\/\/droix.eu\/fr\/product-category\/materiel-informatique-fr\/materiel-informatique\/#listItem","name":"Mat\u00e9riel informatique"},"previousItem":{"@type":"ListItem","@id":"https:\/\/droix.eu\/fr\/#listItem","name":"Home"}},{"@type":"ListItem","@id":"https:\/\/droix.eu\/fr\/product-category\/materiel-informatique-fr\/materiel-informatique\/#listItem","position":3,"name":"Mat\u00e9riel informatique","item":"https:\/\/droix.eu\/fr\/product-category\/materiel-informatique-fr\/materiel-informatique\/","nextItem":{"@type":"ListItem","@id":"https:\/\/droix.eu\/fr\/product\/stockage-nvme-kingspec-2230-steam-deck\/#listItem","name":"KingSpec 2230 Steam Deck Stockage NVMe"},"previousItem":{"@type":"ListItem","@id":"https:\/\/droix.eu\/fr\/product-category\/materiel-informatique-fr\/#listItem","name":"Mat\u00e9riel informatique"}},{"@type":"ListItem","@id":"https:\/\/droix.eu\/fr\/product\/stockage-nvme-kingspec-2230-steam-deck\/#listItem","position":4,"name":"KingSpec 2230 Steam Deck Stockage NVMe","previousItem":{"@type":"ListItem","@id":"https:\/\/droix.eu\/fr\/product-category\/materiel-informatique-fr\/materiel-informatique\/#listItem","name":"Mat\u00e9riel informatique"}}]},{"@type":"Organization","@id":"https:\/\/droix.eu\/fr\/#organization","name":"DroiX \u2013 Trusted EU Tech Retailer with 12+ Years Experience","description":"DroiX is a leading European technology retailer with over 12 years of experience, offering quality mini PCs, handheld gaming consoles, and tech accessories. We provide hassle-free EU delivery with all taxes included, ensuring a smooth and reliable shopping experience for our customers across Europe.","url":"https:\/\/droix.eu\/fr\/","logo":{"@type":"ImageObject","url":"https:\/\/droix.eu\/wp-content\/uploads\/2024\/06\/droix-v2-light-logo.png","@id":"https:\/\/droix.eu\/fr\/product\/stockage-nvme-kingspec-2230-steam-deck\/#organizationLogo","width":380,"height":118},"image":{"@id":"https:\/\/droix.eu\/fr\/product\/stockage-nvme-kingspec-2230-steam-deck\/#organizationLogo"},"sameAs":["https:\/\/www.facebook.com\/DroiX.Store","https:\/\/twitter.com\/DroiX_Store","https:\/\/www.instagram.com\/droix.store\/","https:\/\/www.tiktok.com\/@droix.store","https:\/\/www.youtube.com\/c\/DroiX_Store","https:\/\/uk.linkedin.com\/company\/droix"]},{"@type":"ProductGroup","@id":"https:\/\/droix.eu\/fr\/product\/stockage-nvme-kingspec-2230-steam-deck\/#wooCommerceProduct","name":"KingSpec 2230 Steam Deck Stockage NVMe","description":"Vitesses NVMe rapides\n \tCompatible avec le SteamDeck et le GPD WIN Max 2  \n \t3 ans de garantie","url":"https:\/\/droix.eu\/fr\/product\/stockage-nvme-kingspec-2230-steam-deck\/","image":{"@type":"ImageObject","url":"https:\/\/droix.eu\/wp-content\/uploads\/2022\/12\/22_30NVME-LISTING-PICTURE-1TB-1.png","@id":"https:\/\/droix.eu\/fr\/product\/stockage-nvme-kingspec-2230-steam-deck\/#productImage","width":1500,"height":1500,"caption":"Stockage KingSpec 1TB NVME 2230"},"productGroupID":513540,"hasVariant":[{"@type":"Product","@id":"https:\/\/droix.eu\/fr\/product\/stockage-nvme-kingspec-2230-steam-deck\/#wooCommerceProduct","name":"KingSpec 2230 Steam Deck Stockage NVMe - 512gb","description":"Vitesses NVMe rapides\n \tCompatible avec le SteamDeck et le GPD WIN Max 2  \n \t3 ans de garantie","url":"https:\/\/droix.eu\/fr\/product\/stockage-nvme-kingspec-2230-steam-deck\/","sku":"KINGSPEC-NVME-2230-512GB","image":{"@type":"ImageObject","url":"https:\/\/droix.eu\/wp-content\/uploads\/2022\/12\/22_30NVME-LISTING-PICTURE-512GB-1.png","@id":"https:\/\/droix.eu\/fr\/product\/stockage-nvme-kingspec-2230-steam-deck\/#productImage","width":1500,"height":1500,"caption":"Stockage KingSpec 512GB NVME 2230"},"offers":{"@type":"Offer","url":"https:\/\/droix.eu\/fr\/product\/stockage-nvme-kingspec-2230-steam-deck\/#wooCommerceOffer","price":"59.95","priceCurrency":"EUR","category":"Mat\u00e9riel informatique","availability":"https:\/\/schema.org\/OutOfStock","priceSpecification":{"@type":"PriceSpecification","price":59.95,"priceCurrency":"EUR","valueAddedTaxIncluded":"true"}}}]},{"@type":"WebPage","@id":"https:\/\/droix.eu\/fr\/product\/stockage-nvme-kingspec-2230-steam-deck\/#webpage","url":"https:\/\/droix.eu\/fr\/product\/stockage-nvme-kingspec-2230-steam-deck\/","name":"KingSpec 2230 Steam Deck Stockage NVMe - DROIX EU","description":"Vitesses NVMe rapides Compatible avec le SteamDeck et le GPD WIN Max 2 3 ans de garantie Le paquet comprend 1x 22*30 NVMe SSD","inLanguage":"fr-FR","isPartOf":{"@id":"https:\/\/droix.eu\/fr\/#website"},"breadcrumb":{"@id":"https:\/\/droix.eu\/fr\/product\/stockage-nvme-kingspec-2230-steam-deck\/#breadcrumblist"},"image":{"@type":"ImageObject","url":"https:\/\/droix.eu\/wp-content\/uploads\/2022\/12\/22_30NVME-LISTING-PICTURE-1TB-1.png","@id":"https:\/\/droix.eu\/fr\/product\/stockage-nvme-kingspec-2230-steam-deck\/#mainImage","width":1500,"height":1500,"caption":"Stockage KingSpec 1TB NVME 2230"},"primaryImageOfPage":{"@id":"https:\/\/droix.eu\/fr\/product\/stockage-nvme-kingspec-2230-steam-deck\/#mainImage"},"datePublished":"2022-12-20T15:00:27+00:00","dateModified":"2025-08-01T14:51:27+01:00"},{"@type":"WebSite","@id":"https:\/\/droix.eu\/fr\/#website","url":"https:\/\/droix.eu\/fr\/","name":"DROIX EU","description":"Get the latest Mini PCs, Ultrabook, PC Gaming Handhelds and more!","inLanguage":"fr-FR","publisher":{"@id":"https:\/\/droix.eu\/fr\/#organization"}}]},"og:locale":"fr_FR","og:site_name":"DROIX EU - Get the latest Mini PCs, Ultrabook, PC Gaming Handhelds and more!","og:type":"article","og:title":"KingSpec 2230 Steam Deck Stockage NVMe - DROIX EU","og:description":"Vitesses NVMe rapides Compatible avec le SteamDeck et le GPD WIN Max 2 3 ans de garantie Le paquet comprend 1x 22*30 NVMe SSD","og:url":"https:\/\/droix.eu\/fr\/product\/stockage-nvme-kingspec-2230-steam-deck\/","og:image":"https:\/\/droix.eu\/wp-content\/uploads\/2024\/06\/droix-v2-light-logo.png","og:image:secure_url":"https:\/\/droix.eu\/wp-content\/uploads\/2024\/06\/droix-v2-light-logo.png","og:image:width":380,"og:image:height":118,"article:published_time":"2022-12-20T15:00:27+00:00","article:modified_time":"2025-08-01T13:51:27+00:00","article:publisher":"https:\/\/www.facebook.com\/DroiX.Store","twitter:card":"summary_large_image","twitter:site":"@DroiX_Store","twitter:title":"KingSpec 2230 Steam Deck Stockage NVMe - DROIX EU","twitter:description":"Vitesses NVMe rapides Compatible avec le SteamDeck et le GPD WIN Max 2 3 ans de garantie Le paquet comprend 1x 22*30 NVMe SSD","twitter:image":"https:\/\/droix.eu\/wp-content\/uploads\/2024\/06\/droix-v2-light-logo.png"},"aioseo_meta_data":{"post_id":"513540","title":null,"description":null,"keywords":null,"keyphrases":null,"primary_term":null,"canonical_url":null,"og_title":null,"og_description":null,"og_object_type":"default","og_image_type":"default","og_image_url":null,"og_image_width":null,"og_image_height":null,"og_image_custom_url":null,"og_image_custom_fields":null,"og_video":null,"og_custom_url":null,"og_article_section":null,"og_article_tags":null,"twitter_use_og":true,"twitter_card":"default","twitter_image_type":"default","twitter_image_url":null,"twitter_image_custom_url":null,"twitter_image_custom_fields":null,"twitter_title":null,"twitter_description":null,"schema":{"blockGraphs":[],"customGraphs":[],"default":{"data":{"Article":[],"Course":[],"Dataset":[],"FAQPage":[],"Movie":[],"Person":[],"Product":[],"ProductReview":[],"Car":[],"Recipe":[],"Service":[],"SoftwareApplication":[],"WebPage":[]},"graphName":"","isEnabled":true},"graphs":[]},"schema_type":"default","schema_type_options":null,"pillar_content":false,"robots_default":true,"robots_noindex":false,"robots_noarchive":false,"robots_nosnippet":false,"robots_nofollow":false,"robots_noimageindex":false,"robots_noodp":false,"robots_notranslate":false,"robots_max_snippet":null,"robots_max_videopreview":null,"robots_max_imagepreview":"large","priority":null,"frequency":null,"local_seo":null,"seo_analyzer_scan_date":"2025-10-24 11:57:02","breadcrumb_settings":null,"limit_modified_date":false,"reviewed_by":null,"open_ai":null,"ai":null,"created":"2025-10-09 04:04:14","updated":"2025-11-27 02:11:24"},"aioseo_breadcrumb":"<div class=\"aioseo-breadcrumbs\"><span class=\"aioseo-breadcrumb\">\n\t<a href=\"https:\/\/droix.eu\/fr\/\" title=\"Home\">Home<\/a>\n<\/span><span class=\"aioseo-breadcrumb-separator\">&raquo;<\/span><span class=\"aioseo-breadcrumb\">\n\t<a href=\"https:\/\/droix.eu\/fr\/product-category\/materiel-informatique-fr\/\" title=\"Mat\u00e9riel informatique\">Mat\u00e9riel informatique<\/a>\n<\/span><span class=\"aioseo-breadcrumb-separator\">&raquo;<\/span><span class=\"aioseo-breadcrumb\">\n\t<a href=\"https:\/\/droix.eu\/fr\/product-category\/materiel-informatique-fr\/materiel-informatique\/\" title=\"Mat\u00e9riel informatique\">Mat\u00e9riel informatique<\/a>\n<\/span><span class=\"aioseo-breadcrumb-separator\">&raquo;<\/span><span class=\"aioseo-breadcrumb\">\n\tKingSpec 2230 Steam Deck Stockage NVMe\n<\/span><\/div>","aioseo_breadcrumb_json":[{"label":"Home","link":"https:\/\/droix.eu\/fr\/"},{"label":"Mat\u00e9riel informatique","link":"https:\/\/droix.eu\/fr\/product-category\/materiel-informatique-fr\/"},{"label":"Mat\u00e9riel informatique","link":"https:\/\/droix.eu\/fr\/product-category\/materiel-informatique-fr\/materiel-informatique\/"},{"label":"KingSpec 2230 Steam Deck Stockage NVMe","link":"https:\/\/droix.eu\/fr\/product\/stockage-nvme-kingspec-2230-steam-deck\/"}],"_links":{"self":[{"href":"https:\/\/droix.eu\/fr\/wp-json\/wp\/v2\/product\/513540","targetHints":{"allow":["GET"]}}],"collection":[{"href":"https:\/\/droix.eu\/fr\/wp-json\/wp\/v2\/product"}],"about":[{"href":"https:\/\/droix.eu\/fr\/wp-json\/wp\/v2\/types\/product"}],"version-history":[{"count":0,"href":"https:\/\/droix.eu\/fr\/wp-json\/wp\/v2\/product\/513540\/revisions"}],"wp:featuredmedia":[{"embeddable":true,"href":"https:\/\/droix.eu\/fr\/wp-json\/wp\/v2\/media\/342437"}],"wp:attachment":[{"href":"https:\/\/droix.eu\/fr\/wp-json\/wp\/v2\/media?parent=513540"}],"wp:term":[{"taxonomy":"product_brand","embeddable":true,"href":"https:\/\/droix.eu\/fr\/wp-json\/wp\/v2\/product_brand?post=513540"},{"taxonomy":"product_cat","embeddable":true,"href":"https:\/\/droix.eu\/fr\/wp-json\/wp\/v2\/product_cat?post=513540"},{"taxonomy":"product_tag","embeddable":true,"href":"https:\/\/droix.eu\/fr\/wp-json\/wp\/v2\/product_tag?post=513540"},{"taxonomy":"woo-feed-brand","embeddable":true,"href":"https:\/\/droix.eu\/fr\/wp-json\/wp\/v2\/woo-feed-brand?post=513540"},{"taxonomy":"key-features","embeddable":true,"href":"https:\/\/droix.eu\/fr\/wp-json\/wp\/v2\/key-features?post=513540"}],"curies":[{"name":"wp","href":"https:\/\/api.w.org\/{rel}","templated":true}]}}