{"id":511871,"date":"2023-05-25T09:22:48","date_gmt":"2023-05-25T08:22:48","guid":{"rendered":"https:\/\/droix.eu\/product\/gpd-win-4-hardshell-case\/"},"modified":"2026-01-20T05:48:59","modified_gmt":"2026-01-20T05:48:59","slug":"gpd-win-4-hardshell-case","status":"publish","type":"product","link":"https:\/\/droix.eu\/fr\/product\/gpd-win-4-hardshell-case\/","title":{"rendered":"GPD WIN 4 Hardshell Case (mallette rigide)"},"content":{"rendered":"<p>Les GPD <strong>WIN 4<\/strong> sont de puissants PC de jeu portables con\u00e7us pour offrir une exp\u00e9rience de jeu immersive en d\u00e9placement. Afin de prot\u00e9ger ces appareils haut de gamme contre les rayures, les chocs et autres dommages externes, un  <strong>\u00e9tui de protection rigide<\/strong>  est n\u00e9cessaire. L&#8217;\u00e9tui de protection GPD WIN 4 est un \u00e9tui durable, l\u00e9ger et \u00e9l\u00e9gant, sp\u00e9cialement con\u00e7u pour ces ordinateurs de poche. L&#8217;\u00e9tui est fabriqu\u00e9 \u00e0 partir de mat\u00e9riaux de haute qualit\u00e9 tels que le polycarbonate et le plastique ABS, qui offrent une protection sup\u00e9rieure contre les chocs, les rayures et autres dommages externes. L&#8217;int\u00e9rieur de l&#8217;\u00e9tui est doubl\u00e9 d&#8217;un tissu doux et lisse qui offre une protection suppl\u00e9mentaire contre les rayures et la poussi\u00e8re. L&#8217;\u00e9tui est \u00e9galement dot\u00e9 d&#8217;une fermeture \u00e0 glissi\u00e8re s\u00e9curis\u00e9e qui permet \u00e0 l&#8217;ordinateur de poche de rester en place pendant le transport.<\/p>\n","protected":false},"excerpt":{"rendered":"<ul>\n<li>\u00c9tui de protection <strong>officiel<\/strong> du GPD pour le GPD WIN 4<\/li>\n<li>Coque ext\u00e9rieure <strong>durable<\/strong> en polym\u00e8re synth\u00e9tique<\/li>\n<li>Doublure en tissu doux pour une <strong>protection accrue<\/strong>.<\/li>\n<li><strong>Compartiment s\u00e9par\u00e9<\/strong> pour les p\u00e9riph\u00e9riques.<\/li>\n<li>Design \u00e9l\u00e9gant avec fermeture \u00e0 glissi\u00e8re s\u00e9curis\u00e9e.<\/li>\n<\/ul>\n<p>[droix_global_accordions]<br \/>\n[cg_accordion title=\"Le paquet comprend\"]<\/p>\n<ul>\n<li>1x GPD WIN 4 Hard-shell Case (\u00e9tui rigide)<\/li>\n<\/ul>\n<p>[\/cg_accordion]<\/p>\n","protected":false},"featured_media":409287,"template":"","meta":{"_acf_changed":false},"product_brand":[],"product_cat":[10290,10558],"product_tag":[],"woo-feed-brand":[2198],"key-features":[],"class_list":{"0":"post-511871","1":"product","2":"type-product","3":"status-publish","4":"has-post-thumbnail","6":"product_cat-accessoires","7":"product_cat-accessoires-de-jeu","8":"product_shipping_class-low-end","9":"pa_accessory-type-protective-case","10":"pa_brands-gpd-fr","11":"woo-feed-brand-gpd","13":"first","14":"outofstock","15":"sale","16":"taxable","17":"shipping-taxable","18":"purchasable","19":"product-type-simple"},"acf":[],"aioseo_notices":[],"aioseo_head":"\n\t\t<!-- All in One SEO Pro 4.9.6.2 - aioseo.com -->\n\t<meta name=\"description\" content=\"\u00c9tui de protection officiel du GPD pour le GPD WIN 4 Coque ext\u00e9rieure durable en polym\u00e8re synth\u00e9tique Doublure en tissu doux pour une protection accrue. Compartiment s\u00e9par\u00e9 pour les p\u00e9riph\u00e9riques. Design \u00e9l\u00e9gant avec fermeture \u00e0 glissi\u00e8re s\u00e9curis\u00e9e. Le paquet comprend 1x GPD WIN 4 Hard-shell Case (\u00e9tui rigide)\" \/>\n\t<meta name=\"robots\" content=\"max-image-preview:large\" \/>\n\t<link rel=\"canonical\" href=\"https:\/\/droix.eu\/fr\/product\/gpd-win-4-hardshell-case\/\" \/>\n\t<meta name=\"generator\" content=\"All in One SEO Pro (AIOSEO) 4.9.6.2\" \/>\n\t\t<meta property=\"og:locale\" content=\"fr_FR\" \/>\n\t\t<meta property=\"og:site_name\" content=\"DROIX EU - Get the latest Mini PCs, Ultrabook, PC Gaming Handhelds and more!\" \/>\n\t\t<meta property=\"og:type\" content=\"article\" \/>\n\t\t<meta property=\"og:title\" content=\"GPD WIN 4 Hardshell Case (mallette rigide) - DROIX EU\" \/>\n\t\t<meta property=\"og:description\" content=\"\u00c9tui de protection officiel du GPD pour le GPD WIN 4 Coque ext\u00e9rieure durable en polym\u00e8re synth\u00e9tique Doublure en tissu doux pour une protection accrue. Compartiment s\u00e9par\u00e9 pour les p\u00e9riph\u00e9riques. Design \u00e9l\u00e9gant avec fermeture \u00e0 glissi\u00e8re s\u00e9curis\u00e9e. Le paquet comprend 1x GPD WIN 4 Hard-shell Case (\u00e9tui rigide)\" \/>\n\t\t<meta property=\"og:url\" content=\"https:\/\/droix.eu\/fr\/product\/gpd-win-4-hardshell-case\/\" \/>\n\t\t<meta property=\"og:image\" content=\"https:\/\/droix.eu\/wp-content\/uploads\/2024\/06\/droix-v2-light-logo.png\" \/>\n\t\t<meta property=\"og:image:secure_url\" content=\"https:\/\/droix.eu\/wp-content\/uploads\/2024\/06\/droix-v2-light-logo.png\" \/>\n\t\t<meta property=\"og:image:width\" content=\"380\" \/>\n\t\t<meta property=\"og:image:height\" content=\"118\" \/>\n\t\t<meta property=\"article:published_time\" content=\"2023-05-25T08:22:48+00:00\" \/>\n\t\t<meta property=\"article:modified_time\" content=\"2026-01-20T05:48:59+00:00\" \/>\n\t\t<meta property=\"article:publisher\" content=\"https:\/\/www.facebook.com\/DroiX.Store\" \/>\n\t\t<meta name=\"twitter:card\" content=\"summary_large_image\" \/>\n\t\t<meta name=\"twitter:site\" content=\"@DroiX_Store\" \/>\n\t\t<meta name=\"twitter:title\" content=\"GPD WIN 4 Hardshell Case (mallette rigide) - DROIX EU\" \/>\n\t\t<meta name=\"twitter:description\" content=\"\u00c9tui de protection officiel du GPD pour le GPD WIN 4 Coque ext\u00e9rieure durable en polym\u00e8re synth\u00e9tique Doublure en tissu doux pour une protection accrue. Compartiment s\u00e9par\u00e9 pour les p\u00e9riph\u00e9riques. Design \u00e9l\u00e9gant avec fermeture \u00e0 glissi\u00e8re s\u00e9curis\u00e9e. Le paquet comprend 1x GPD WIN 4 Hard-shell Case (\u00e9tui rigide)\" \/>\n\t\t<meta name=\"twitter:image\" content=\"https:\/\/droix.eu\/wp-content\/uploads\/2024\/06\/droix-v2-light-logo.png\" \/>\n\t\t<script type=\"application\/ld+json\" class=\"aioseo-schema\">\n\t\t\t{\"@context\":\"https:\\\/\\\/schema.org\",\"@graph\":[{\"@type\":\"BreadcrumbList\",\"@id\":\"https:\\\/\\\/droix.eu\\\/fr\\\/product\\\/gpd-win-4-hardshell-case\\\/#breadcrumblist\",\"itemListElement\":[{\"@type\":\"ListItem\",\"@id\":\"https:\\\/\\\/droix.eu\\\/fr\\\/#listItem\",\"position\":1,\"name\":\"Home\",\"item\":\"https:\\\/\\\/droix.eu\\\/fr\\\/\",\"nextItem\":{\"@type\":\"ListItem\",\"@id\":\"https:\\\/\\\/droix.eu\\\/fr\\\/product-category\\\/accessoires\\\/#listItem\",\"name\":\"Accessoires\"}},{\"@type\":\"ListItem\",\"@id\":\"https:\\\/\\\/droix.eu\\\/fr\\\/product-category\\\/accessoires\\\/#listItem\",\"position\":2,\"name\":\"Accessoires\",\"item\":\"https:\\\/\\\/droix.eu\\\/fr\\\/product-category\\\/accessoires\\\/\",\"nextItem\":{\"@type\":\"ListItem\",\"@id\":\"https:\\\/\\\/droix.eu\\\/fr\\\/product-category\\\/accessoires\\\/accessoires-de-jeu\\\/#listItem\",\"name\":\"Accessoires de jeu\"},\"previousItem\":{\"@type\":\"ListItem\",\"@id\":\"https:\\\/\\\/droix.eu\\\/fr\\\/#listItem\",\"name\":\"Home\"}},{\"@type\":\"ListItem\",\"@id\":\"https:\\\/\\\/droix.eu\\\/fr\\\/product-category\\\/accessoires\\\/accessoires-de-jeu\\\/#listItem\",\"position\":3,\"name\":\"Accessoires de jeu\",\"item\":\"https:\\\/\\\/droix.eu\\\/fr\\\/product-category\\\/accessoires\\\/accessoires-de-jeu\\\/\",\"nextItem\":{\"@type\":\"ListItem\",\"@id\":\"https:\\\/\\\/droix.eu\\\/fr\\\/product\\\/gpd-win-4-hardshell-case\\\/#listItem\",\"name\":\"GPD WIN 4 Hardshell Case (mallette rigide)\"},\"previousItem\":{\"@type\":\"ListItem\",\"@id\":\"https:\\\/\\\/droix.eu\\\/fr\\\/product-category\\\/accessoires\\\/#listItem\",\"name\":\"Accessoires\"}},{\"@type\":\"ListItem\",\"@id\":\"https:\\\/\\\/droix.eu\\\/fr\\\/product\\\/gpd-win-4-hardshell-case\\\/#listItem\",\"position\":4,\"name\":\"GPD WIN 4 Hardshell Case (mallette rigide)\",\"previousItem\":{\"@type\":\"ListItem\",\"@id\":\"https:\\\/\\\/droix.eu\\\/fr\\\/product-category\\\/accessoires\\\/accessoires-de-jeu\\\/#listItem\",\"name\":\"Accessoires de jeu\"}}]},{\"@type\":\"Organization\",\"@id\":\"https:\\\/\\\/droix.eu\\\/fr\\\/#organization\",\"name\":\"DroiX \\u2013 Trusted EU Tech Retailer with 12+ Years Experience\",\"description\":\"DroiX is a leading European technology retailer with over 12 years of experience, offering quality mini PCs, handheld gaming consoles, and tech accessories. We provide hassle-free EU delivery with all taxes included, ensuring a smooth and reliable shopping experience for our customers across Europe.\",\"url\":\"https:\\\/\\\/droix.eu\\\/fr\\\/\",\"logo\":{\"@type\":\"ImageObject\",\"url\":\"https:\\\/\\\/droix.eu\\\/wp-content\\\/uploads\\\/2024\\\/06\\\/droix-v2-light-logo.png\",\"@id\":\"https:\\\/\\\/droix.eu\\\/fr\\\/product\\\/gpd-win-4-hardshell-case\\\/#organizationLogo\",\"width\":380,\"height\":118},\"image\":{\"@id\":\"https:\\\/\\\/droix.eu\\\/fr\\\/product\\\/gpd-win-4-hardshell-case\\\/#organizationLogo\"},\"sameAs\":[\"https:\\\/\\\/www.facebook.com\\\/DroiX.Store\",\"https:\\\/\\\/twitter.com\\\/DroiX_Store\",\"https:\\\/\\\/www.instagram.com\\\/droix.store\\\/\",\"https:\\\/\\\/www.tiktok.com\\\/@droix.store\",\"https:\\\/\\\/www.youtube.com\\\/c\\\/DroiX_Store\",\"https:\\\/\\\/uk.linkedin.com\\\/company\\\/droix\"]},{\"@type\":\"Product\",\"@id\":\"https:\\\/\\\/droix.eu\\\/fr\\\/product\\\/gpd-win-4-hardshell-case\\\/#wooCommerceProduct\",\"name\":\"GPD WIN 4 Hardshell Case (mallette rigide)\",\"description\":\"\\u00c9tui de protection officiel du GPD pour le GPD WIN 4\\n \\tCoque ext\\u00e9rieure durable en polym\\u00e8re synth\\u00e9tique\\n \\tDoublure en tissu doux pour une protection accrue.\\n \\tCompartiment s\\u00e9par\\u00e9 pour les p\\u00e9riph\\u00e9riques.\\n \\tDesign \\u00e9l\\u00e9gant avec fermeture \\u00e0 glissi\\u00e8re s\\u00e9curis\\u00e9e.\",\"url\":\"https:\\\/\\\/droix.eu\\\/fr\\\/product\\\/gpd-win-4-hardshell-case\\\/\",\"sku\":\"GPD-WIN_4-CASE\",\"gtin\":\"5060763675322\",\"image\":{\"@type\":\"ImageObject\",\"url\":\"https:\\\/\\\/droix.eu\\\/wp-content\\\/uploads\\\/2023\\\/05\\\/51y5P54tgzLready-gpd-4.png\",\"@id\":\"https:\\\/\\\/droix.eu\\\/fr\\\/product\\\/gpd-win-4-hardshell-case\\\/#productImage\",\"width\":1000,\"height\":1000},\"offers\":{\"@type\":\"Offer\",\"url\":\"https:\\\/\\\/droix.eu\\\/fr\\\/product\\\/gpd-win-4-hardshell-case\\\/#wooCommerceOffer\",\"price\":27,\"priceCurrency\":\"EUR\",\"category\":\"Accessoires\",\"availability\":\"https:\\\/\\\/schema.org\\\/OutOfStock\",\"priceSpecification\":{\"@type\":\"PriceSpecification\",\"price\":27,\"priceCurrency\":\"EUR\",\"valueAddedTaxIncluded\":\"true\"},\"seller\":{\"@type\":\"Organization\",\"@id\":\"https:\\\/\\\/droix.eu\\\/fr\\\/#organization\"}}},{\"@type\":\"WebPage\",\"@id\":\"https:\\\/\\\/droix.eu\\\/fr\\\/product\\\/gpd-win-4-hardshell-case\\\/#webpage\",\"url\":\"https:\\\/\\\/droix.eu\\\/fr\\\/product\\\/gpd-win-4-hardshell-case\\\/\",\"name\":\"GPD WIN 4 Hardshell Case (mallette rigide) - DROIX EU\",\"description\":\"\\u00c9tui de protection officiel du GPD pour le GPD WIN 4 Coque ext\\u00e9rieure durable en polym\\u00e8re synth\\u00e9tique Doublure en tissu doux pour une protection accrue. Compartiment s\\u00e9par\\u00e9 pour les p\\u00e9riph\\u00e9riques. Design \\u00e9l\\u00e9gant avec fermeture \\u00e0 glissi\\u00e8re s\\u00e9curis\\u00e9e. Le paquet comprend 1x GPD WIN 4 Hard-shell Case (\\u00e9tui rigide)\",\"inLanguage\":\"fr-FR\",\"isPartOf\":{\"@id\":\"https:\\\/\\\/droix.eu\\\/fr\\\/#website\"},\"breadcrumb\":{\"@id\":\"https:\\\/\\\/droix.eu\\\/fr\\\/product\\\/gpd-win-4-hardshell-case\\\/#breadcrumblist\"},\"image\":{\"@type\":\"ImageObject\",\"url\":\"https:\\\/\\\/droix.eu\\\/wp-content\\\/uploads\\\/2023\\\/05\\\/51y5P54tgzLready-gpd-4.png\",\"@id\":\"https:\\\/\\\/droix.eu\\\/fr\\\/product\\\/gpd-win-4-hardshell-case\\\/#mainImage\",\"width\":1000,\"height\":1000},\"primaryImageOfPage\":{\"@id\":\"https:\\\/\\\/droix.eu\\\/fr\\\/product\\\/gpd-win-4-hardshell-case\\\/#mainImage\"},\"datePublished\":\"2023-05-25T09:22:48+01:00\",\"dateModified\":\"2026-01-20T05:48:59+00:00\"},{\"@type\":\"WebSite\",\"@id\":\"https:\\\/\\\/droix.eu\\\/fr\\\/#website\",\"url\":\"https:\\\/\\\/droix.eu\\\/fr\\\/\",\"name\":\"DROIX EU\",\"description\":\"Get the latest Mini PCs, Ultrabook, PC Gaming Handhelds and more!\",\"inLanguage\":\"fr-FR\",\"publisher\":{\"@id\":\"https:\\\/\\\/droix.eu\\\/fr\\\/#organization\"}}]}\n\t\t<\/script>\n\t\t<!-- All in One SEO Pro -->\r\n\t\t<title>GPD WIN 4 Hardshell Case (mallette rigide) - DROIX EU<\/title>\n\n","aioseo_head_json":{"title":"GPD WIN 4 Hardshell Case (mallette rigide) - DROIX EU","description":"\u00c9tui de protection officiel du GPD pour le GPD WIN 4 Coque ext\u00e9rieure durable en polym\u00e8re synth\u00e9tique Doublure en tissu doux pour une protection accrue. Compartiment s\u00e9par\u00e9 pour les p\u00e9riph\u00e9riques. Design \u00e9l\u00e9gant avec fermeture \u00e0 glissi\u00e8re s\u00e9curis\u00e9e. Le paquet comprend 1x GPD WIN 4 Hard-shell Case (\u00e9tui rigide)","canonical_url":"https:\/\/droix.eu\/fr\/product\/gpd-win-4-hardshell-case\/","robots":"max-image-preview:large","keywords":"","webmasterTools":{"miscellaneous":""},"schema":{"@context":"https:\/\/schema.org","@graph":[{"@type":"BreadcrumbList","@id":"https:\/\/droix.eu\/fr\/product\/gpd-win-4-hardshell-case\/#breadcrumblist","itemListElement":[{"@type":"ListItem","@id":"https:\/\/droix.eu\/fr\/#listItem","position":1,"name":"Home","item":"https:\/\/droix.eu\/fr\/","nextItem":{"@type":"ListItem","@id":"https:\/\/droix.eu\/fr\/product-category\/accessoires\/#listItem","name":"Accessoires"}},{"@type":"ListItem","@id":"https:\/\/droix.eu\/fr\/product-category\/accessoires\/#listItem","position":2,"name":"Accessoires","item":"https:\/\/droix.eu\/fr\/product-category\/accessoires\/","nextItem":{"@type":"ListItem","@id":"https:\/\/droix.eu\/fr\/product-category\/accessoires\/accessoires-de-jeu\/#listItem","name":"Accessoires de jeu"},"previousItem":{"@type":"ListItem","@id":"https:\/\/droix.eu\/fr\/#listItem","name":"Home"}},{"@type":"ListItem","@id":"https:\/\/droix.eu\/fr\/product-category\/accessoires\/accessoires-de-jeu\/#listItem","position":3,"name":"Accessoires de jeu","item":"https:\/\/droix.eu\/fr\/product-category\/accessoires\/accessoires-de-jeu\/","nextItem":{"@type":"ListItem","@id":"https:\/\/droix.eu\/fr\/product\/gpd-win-4-hardshell-case\/#listItem","name":"GPD WIN 4 Hardshell Case (mallette rigide)"},"previousItem":{"@type":"ListItem","@id":"https:\/\/droix.eu\/fr\/product-category\/accessoires\/#listItem","name":"Accessoires"}},{"@type":"ListItem","@id":"https:\/\/droix.eu\/fr\/product\/gpd-win-4-hardshell-case\/#listItem","position":4,"name":"GPD WIN 4 Hardshell Case (mallette rigide)","previousItem":{"@type":"ListItem","@id":"https:\/\/droix.eu\/fr\/product-category\/accessoires\/accessoires-de-jeu\/#listItem","name":"Accessoires de jeu"}}]},{"@type":"Organization","@id":"https:\/\/droix.eu\/fr\/#organization","name":"DroiX \u2013 Trusted EU Tech Retailer with 12+ Years Experience","description":"DroiX is a leading European technology retailer with over 12 years of experience, offering quality mini PCs, handheld gaming consoles, and tech accessories. We provide hassle-free EU delivery with all taxes included, ensuring a smooth and reliable shopping experience for our customers across Europe.","url":"https:\/\/droix.eu\/fr\/","logo":{"@type":"ImageObject","url":"https:\/\/droix.eu\/wp-content\/uploads\/2024\/06\/droix-v2-light-logo.png","@id":"https:\/\/droix.eu\/fr\/product\/gpd-win-4-hardshell-case\/#organizationLogo","width":380,"height":118},"image":{"@id":"https:\/\/droix.eu\/fr\/product\/gpd-win-4-hardshell-case\/#organizationLogo"},"sameAs":["https:\/\/www.facebook.com\/DroiX.Store","https:\/\/twitter.com\/DroiX_Store","https:\/\/www.instagram.com\/droix.store\/","https:\/\/www.tiktok.com\/@droix.store","https:\/\/www.youtube.com\/c\/DroiX_Store","https:\/\/uk.linkedin.com\/company\/droix"]},{"@type":"Product","@id":"https:\/\/droix.eu\/fr\/product\/gpd-win-4-hardshell-case\/#wooCommerceProduct","name":"GPD WIN 4 Hardshell Case (mallette rigide)","description":"\u00c9tui de protection officiel du GPD pour le GPD WIN 4\n \tCoque ext\u00e9rieure durable en polym\u00e8re synth\u00e9tique\n \tDoublure en tissu doux pour une protection accrue.\n \tCompartiment s\u00e9par\u00e9 pour les p\u00e9riph\u00e9riques.\n \tDesign \u00e9l\u00e9gant avec fermeture \u00e0 glissi\u00e8re s\u00e9curis\u00e9e.","url":"https:\/\/droix.eu\/fr\/product\/gpd-win-4-hardshell-case\/","sku":"GPD-WIN_4-CASE","gtin":"5060763675322","image":{"@type":"ImageObject","url":"https:\/\/droix.eu\/wp-content\/uploads\/2023\/05\/51y5P54tgzLready-gpd-4.png","@id":"https:\/\/droix.eu\/fr\/product\/gpd-win-4-hardshell-case\/#productImage","width":1000,"height":1000},"offers":{"@type":"Offer","url":"https:\/\/droix.eu\/fr\/product\/gpd-win-4-hardshell-case\/#wooCommerceOffer","price":27,"priceCurrency":"EUR","category":"Accessoires","availability":"https:\/\/schema.org\/OutOfStock","priceSpecification":{"@type":"PriceSpecification","price":27,"priceCurrency":"EUR","valueAddedTaxIncluded":"true"},"seller":{"@type":"Organization","@id":"https:\/\/droix.eu\/fr\/#organization"}}},{"@type":"WebPage","@id":"https:\/\/droix.eu\/fr\/product\/gpd-win-4-hardshell-case\/#webpage","url":"https:\/\/droix.eu\/fr\/product\/gpd-win-4-hardshell-case\/","name":"GPD WIN 4 Hardshell Case (mallette rigide) - DROIX EU","description":"\u00c9tui de protection officiel du GPD pour le GPD WIN 4 Coque ext\u00e9rieure durable en polym\u00e8re synth\u00e9tique Doublure en tissu doux pour une protection accrue. Compartiment s\u00e9par\u00e9 pour les p\u00e9riph\u00e9riques. Design \u00e9l\u00e9gant avec fermeture \u00e0 glissi\u00e8re s\u00e9curis\u00e9e. Le paquet comprend 1x GPD WIN 4 Hard-shell Case (\u00e9tui rigide)","inLanguage":"fr-FR","isPartOf":{"@id":"https:\/\/droix.eu\/fr\/#website"},"breadcrumb":{"@id":"https:\/\/droix.eu\/fr\/product\/gpd-win-4-hardshell-case\/#breadcrumblist"},"image":{"@type":"ImageObject","url":"https:\/\/droix.eu\/wp-content\/uploads\/2023\/05\/51y5P54tgzLready-gpd-4.png","@id":"https:\/\/droix.eu\/fr\/product\/gpd-win-4-hardshell-case\/#mainImage","width":1000,"height":1000},"primaryImageOfPage":{"@id":"https:\/\/droix.eu\/fr\/product\/gpd-win-4-hardshell-case\/#mainImage"},"datePublished":"2023-05-25T09:22:48+01:00","dateModified":"2026-01-20T05:48:59+00:00"},{"@type":"WebSite","@id":"https:\/\/droix.eu\/fr\/#website","url":"https:\/\/droix.eu\/fr\/","name":"DROIX EU","description":"Get the latest Mini PCs, Ultrabook, PC Gaming Handhelds and more!","inLanguage":"fr-FR","publisher":{"@id":"https:\/\/droix.eu\/fr\/#organization"}}]},"og:locale":"fr_FR","og:site_name":"DROIX EU - Get the latest Mini PCs, Ultrabook, PC Gaming Handhelds and more!","og:type":"article","og:title":"GPD WIN 4 Hardshell Case (mallette rigide) - DROIX EU","og:description":"\u00c9tui de protection officiel du GPD pour le GPD WIN 4 Coque ext\u00e9rieure durable en polym\u00e8re synth\u00e9tique Doublure en tissu doux pour une protection accrue. Compartiment s\u00e9par\u00e9 pour les p\u00e9riph\u00e9riques. Design \u00e9l\u00e9gant avec fermeture \u00e0 glissi\u00e8re s\u00e9curis\u00e9e. Le paquet comprend 1x GPD WIN 4 Hard-shell Case (\u00e9tui rigide)","og:url":"https:\/\/droix.eu\/fr\/product\/gpd-win-4-hardshell-case\/","og:image":"https:\/\/droix.eu\/wp-content\/uploads\/2024\/06\/droix-v2-light-logo.png","og:image:secure_url":"https:\/\/droix.eu\/wp-content\/uploads\/2024\/06\/droix-v2-light-logo.png","og:image:width":380,"og:image:height":118,"article:published_time":"2023-05-25T08:22:48+00:00","article:modified_time":"2026-01-20T05:48:59+00:00","article:publisher":"https:\/\/www.facebook.com\/DroiX.Store","twitter:card":"summary_large_image","twitter:site":"@DroiX_Store","twitter:title":"GPD WIN 4 Hardshell Case (mallette rigide) - DROIX EU","twitter:description":"\u00c9tui de protection officiel du GPD pour le GPD WIN 4 Coque ext\u00e9rieure durable en polym\u00e8re synth\u00e9tique Doublure en tissu doux pour une protection accrue. Compartiment s\u00e9par\u00e9 pour les p\u00e9riph\u00e9riques. Design \u00e9l\u00e9gant avec fermeture \u00e0 glissi\u00e8re s\u00e9curis\u00e9e. Le paquet comprend 1x GPD WIN 4 Hard-shell Case (\u00e9tui rigide)","twitter:image":"https:\/\/droix.eu\/wp-content\/uploads\/2024\/06\/droix-v2-light-logo.png"},"aioseo_meta_data":{"post_id":"511871","title":null,"description":null,"keywords":null,"keyphrases":null,"primary_term":null,"canonical_url":null,"og_title":null,"og_description":null,"og_object_type":"default","og_image_type":"default","og_image_url":null,"og_image_width":null,"og_image_height":null,"og_image_custom_url":null,"og_image_custom_fields":null,"og_video":null,"og_custom_url":null,"og_article_section":null,"og_article_tags":null,"twitter_use_og":true,"twitter_card":"default","twitter_image_type":"default","twitter_image_url":null,"twitter_image_custom_url":null,"twitter_image_custom_fields":null,"twitter_title":null,"twitter_description":null,"schema":{"blockGraphs":[],"customGraphs":[],"default":{"data":{"Article":[],"Course":[],"Dataset":[],"FAQPage":[],"Movie":[],"Person":[],"Product":[],"ProductReview":[],"Car":[],"Recipe":[],"Service":[],"SoftwareApplication":[],"WebPage":[]},"graphName":"","isEnabled":true},"graphs":[]},"schema_type":"default","schema_type_options":null,"pillar_content":false,"robots_default":true,"robots_noindex":false,"robots_noarchive":false,"robots_nosnippet":false,"robots_nofollow":false,"robots_noimageindex":false,"robots_noodp":false,"robots_notranslate":false,"robots_max_snippet":null,"robots_max_videopreview":null,"robots_max_imagepreview":"large","priority":null,"frequency":null,"local_seo":null,"seo_analyzer_scan_date":"2025-10-24 13:11:33","breadcrumb_settings":null,"limit_modified_date":false,"reviewed_by":null,"open_ai":null,"ai":null,"created":"2025-10-09 04:25:34","updated":"2026-01-24 08:55:29"},"aioseo_breadcrumb":"<div class=\"aioseo-breadcrumbs\"><span class=\"aioseo-breadcrumb\">\n\t<a href=\"https:\/\/droix.eu\/fr\/\" title=\"Home\">Home<\/a>\n<\/span><span class=\"aioseo-breadcrumb-separator\">&raquo;<\/span><span class=\"aioseo-breadcrumb\">\n\t<a href=\"https:\/\/droix.eu\/fr\/product-category\/accessoires\/\" title=\"Accessoires\">Accessoires<\/a>\n<\/span><span class=\"aioseo-breadcrumb-separator\">&raquo;<\/span><span class=\"aioseo-breadcrumb\">\n\t<a href=\"https:\/\/droix.eu\/fr\/product-category\/accessoires\/accessoires-de-jeu\/\" title=\"Accessoires de jeu\">Accessoires de jeu<\/a>\n<\/span><span class=\"aioseo-breadcrumb-separator\">&raquo;<\/span><span class=\"aioseo-breadcrumb\">\n\tGPD WIN 4 Hardshell Case (mallette rigide)\n<\/span><\/div>","aioseo_breadcrumb_json":[{"label":"Home","link":"https:\/\/droix.eu\/fr\/"},{"label":"Accessoires","link":"https:\/\/droix.eu\/fr\/product-category\/accessoires\/"},{"label":"Accessoires de jeu","link":"https:\/\/droix.eu\/fr\/product-category\/accessoires\/accessoires-de-jeu\/"},{"label":"GPD WIN 4 Hardshell Case (mallette rigide)","link":"https:\/\/droix.eu\/fr\/product\/gpd-win-4-hardshell-case\/"}],"_links":{"self":[{"href":"https:\/\/droix.eu\/fr\/wp-json\/wp\/v2\/product\/511871","targetHints":{"allow":["GET"]}}],"collection":[{"href":"https:\/\/droix.eu\/fr\/wp-json\/wp\/v2\/product"}],"about":[{"href":"https:\/\/droix.eu\/fr\/wp-json\/wp\/v2\/types\/product"}],"version-history":[{"count":0,"href":"https:\/\/droix.eu\/fr\/wp-json\/wp\/v2\/product\/511871\/revisions"}],"wp:featuredmedia":[{"embeddable":true,"href":"https:\/\/droix.eu\/fr\/wp-json\/wp\/v2\/media\/409287"}],"wp:attachment":[{"href":"https:\/\/droix.eu\/fr\/wp-json\/wp\/v2\/media?parent=511871"}],"wp:term":[{"taxonomy":"product_brand","embeddable":true,"href":"https:\/\/droix.eu\/fr\/wp-json\/wp\/v2\/product_brand?post=511871"},{"taxonomy":"product_cat","embeddable":true,"href":"https:\/\/droix.eu\/fr\/wp-json\/wp\/v2\/product_cat?post=511871"},{"taxonomy":"product_tag","embeddable":true,"href":"https:\/\/droix.eu\/fr\/wp-json\/wp\/v2\/product_tag?post=511871"},{"taxonomy":"woo-feed-brand","embeddable":true,"href":"https:\/\/droix.eu\/fr\/wp-json\/wp\/v2\/woo-feed-brand?post=511871"},{"taxonomy":"key-features","embeddable":true,"href":"https:\/\/droix.eu\/fr\/wp-json\/wp\/v2\/key-features?post=511871"}],"curies":[{"name":"wp","href":"https:\/\/api.w.org\/{rel}","templated":true}]}}