{"id":510181,"date":"2024-01-19T16:43:31","date_gmt":"2024-01-19T16:43:31","guid":{"rendered":"https:\/\/droix.eu\/product\/protection-decran-ayn-odin-2\/"},"modified":"2026-01-22T12:56:49","modified_gmt":"2026-01-22T12:56:49","slug":"protection-decran-ayn-odin-2","status":"publish","type":"product","link":"https:\/\/droix.eu\/fr\/product\/protection-decran-ayn-odin-2\/","title":{"rendered":"Protection d&#8217;\u00e9cran AYN Odin 2"},"content":{"rendered":"<h2><strong>Pr\u00e9sentation de la protection d&#8217;\u00e9cran AYN Odin 2 : Une protection ultime pour votre appareil<\/strong><\/h2>\n<p>Am\u00e9liorez la protection de votre appareil avec la protection d&#8217;\u00e9cran AYN Odin 2. Con\u00e7u pour r\u00e9pondre aux exigences des modes de vie modernes, ce protecteur d&#8217;\u00e9cran offre un m\u00e9lange parfait de durabilit\u00e9 et de fonctionnalit\u00e9.<\/p>\n<h2><strong>Caract\u00e9ristiques principales :<\/strong><\/h2>\n<h2><strong>Mat\u00e9riaux de qualit\u00e9 sup\u00e9rieure :<\/strong><\/h2>\n<p>Fabriqu\u00e9e \u00e0 partir de mat\u00e9riaux de haute qualit\u00e9, la protection d&#8217;\u00e9cran AYN Odin 2 est con\u00e7ue pour r\u00e9sister \u00e0 l&#8217;usure quotidienne.<\/p>\n<h2><strong>Ajustement pr\u00e9cis :<\/strong><\/h2>\n<p>Sp\u00e9cialement con\u00e7ue pour l&#8217;AYN Odin 2, la protection d&#8217;\u00e9cran AYN Odin 2 garantit un ajustement \u00e9l\u00e9gant.<\/p>\n","protected":false},"excerpt":{"rendered":"<ul>\n<li>Protection d&#8217;\u00e9cran AYN Odin 2 <strong>officielle<\/strong><\/li>\n<li>Protection <strong>transparente<\/strong> durable<\/li>\n<li>Ajustement parfait pour l&#8217;AYN Odin 2<\/li>\n<\/ul>\n[droix_global_accordions]\n[cg_accordion title=\"Le paquet comprend\"]<\/p>\n<ul>\n<li>1x Protection d&#8217;\u00e9cran AYN Odin 2<\/li>\n<\/ul>\n<p>[\/cg_accordion]\n","protected":false},"featured_media":456588,"template":"","meta":{"_acf_changed":false},"product_brand":[],"product_cat":[10290,10558],"product_tag":[],"woo-feed-brand":[],"key-features":[],"class_list":{"0":"post-510181","1":"product","2":"type-product","3":"status-publish","4":"has-post-thumbnail","6":"product_cat-accessoires","7":"product_cat-accessoires-de-jeu","8":"product_shipping_class-low-end","9":"pa_accessory-type-screen-protector","10":"pa_brands-ayn-fr","12":"first","13":"instock","14":"taxable","15":"shipping-taxable","16":"purchasable","17":"product-type-simple"},"acf":[],"aioseo_notices":[],"aioseo_head":"\n\t\t<!-- All in One SEO Pro 4.9.5.2 - aioseo.com -->\n\t<meta name=\"description\" content=\"Protection d&#039;\u00e9cran AYN Odin 2 officielle Protection transparente durable Ajustement parfait pour l&#039;AYN Odin 2 Le paquet comprend 1x Protection d&#039;\u00e9cran AYN Odin 2\" \/>\n\t<meta name=\"robots\" content=\"max-image-preview:large\" \/>\n\t<link rel=\"canonical\" href=\"https:\/\/droix.eu\/fr\/product\/protection-decran-ayn-odin-2\/\" \/>\n\t<meta name=\"generator\" content=\"All in One SEO Pro (AIOSEO) 4.9.5.2\" \/>\n\t\t<meta property=\"og:locale\" content=\"fr_FR\" \/>\n\t\t<meta property=\"og:site_name\" content=\"DROIX EU - Get the latest Mini PCs, Ultrabook, PC Gaming Handhelds and more!\" \/>\n\t\t<meta property=\"og:type\" content=\"article\" \/>\n\t\t<meta property=\"og:title\" content=\"Protection d\u2019\u00e9cran AYN Odin 2 - DROIX EU\" \/>\n\t\t<meta property=\"og:description\" content=\"Protection d&#039;\u00e9cran AYN Odin 2 officielle Protection transparente durable Ajustement parfait pour l&#039;AYN Odin 2 Le paquet comprend 1x Protection d&#039;\u00e9cran AYN Odin 2\" \/>\n\t\t<meta property=\"og:url\" content=\"https:\/\/droix.eu\/fr\/product\/protection-decran-ayn-odin-2\/\" \/>\n\t\t<meta property=\"og:image\" content=\"https:\/\/droix.eu\/wp-content\/uploads\/2024\/06\/droix-v2-light-logo.png\" \/>\n\t\t<meta property=\"og:image:secure_url\" content=\"https:\/\/droix.eu\/wp-content\/uploads\/2024\/06\/droix-v2-light-logo.png\" \/>\n\t\t<meta property=\"og:image:width\" content=\"380\" \/>\n\t\t<meta property=\"og:image:height\" content=\"118\" \/>\n\t\t<meta property=\"article:published_time\" content=\"2024-01-19T16:43:31+00:00\" \/>\n\t\t<meta property=\"article:modified_time\" content=\"2026-01-22T12:56:49+00:00\" \/>\n\t\t<meta property=\"article:publisher\" content=\"https:\/\/www.facebook.com\/DroiX.Store\" \/>\n\t\t<meta name=\"twitter:card\" content=\"summary_large_image\" \/>\n\t\t<meta name=\"twitter:site\" content=\"@DroiX_Store\" \/>\n\t\t<meta name=\"twitter:title\" content=\"Protection d\u2019\u00e9cran AYN Odin 2 - DROIX EU\" \/>\n\t\t<meta name=\"twitter:description\" content=\"Protection d&#039;\u00e9cran AYN Odin 2 officielle Protection transparente durable Ajustement parfait pour l&#039;AYN Odin 2 Le paquet comprend 1x Protection d&#039;\u00e9cran AYN Odin 2\" \/>\n\t\t<meta name=\"twitter:image\" content=\"https:\/\/droix.eu\/wp-content\/uploads\/2024\/06\/droix-v2-light-logo.png\" \/>\n\t\t<script type=\"application\/ld+json\" class=\"aioseo-schema\">\n\t\t\t{\"@context\":\"https:\\\/\\\/schema.org\",\"@graph\":[{\"@type\":\"BreadcrumbList\",\"@id\":\"https:\\\/\\\/droix.eu\\\/fr\\\/product\\\/protection-decran-ayn-odin-2\\\/#breadcrumblist\",\"itemListElement\":[{\"@type\":\"ListItem\",\"@id\":\"https:\\\/\\\/droix.eu\\\/fr\\\/#listItem\",\"position\":1,\"name\":\"Home\",\"item\":\"https:\\\/\\\/droix.eu\\\/fr\\\/\",\"nextItem\":{\"@type\":\"ListItem\",\"@id\":\"https:\\\/\\\/droix.eu\\\/fr\\\/product-category\\\/accessoires\\\/#listItem\",\"name\":\"Accessoires\"}},{\"@type\":\"ListItem\",\"@id\":\"https:\\\/\\\/droix.eu\\\/fr\\\/product-category\\\/accessoires\\\/#listItem\",\"position\":2,\"name\":\"Accessoires\",\"item\":\"https:\\\/\\\/droix.eu\\\/fr\\\/product-category\\\/accessoires\\\/\",\"nextItem\":{\"@type\":\"ListItem\",\"@id\":\"https:\\\/\\\/droix.eu\\\/fr\\\/product-category\\\/accessoires\\\/accessoires-de-jeu\\\/#listItem\",\"name\":\"Accessoires de jeu\"},\"previousItem\":{\"@type\":\"ListItem\",\"@id\":\"https:\\\/\\\/droix.eu\\\/fr\\\/#listItem\",\"name\":\"Home\"}},{\"@type\":\"ListItem\",\"@id\":\"https:\\\/\\\/droix.eu\\\/fr\\\/product-category\\\/accessoires\\\/accessoires-de-jeu\\\/#listItem\",\"position\":3,\"name\":\"Accessoires de jeu\",\"item\":\"https:\\\/\\\/droix.eu\\\/fr\\\/product-category\\\/accessoires\\\/accessoires-de-jeu\\\/\",\"nextItem\":{\"@type\":\"ListItem\",\"@id\":\"https:\\\/\\\/droix.eu\\\/fr\\\/product\\\/protection-decran-ayn-odin-2\\\/#listItem\",\"name\":\"Protection d&#8217;\\u00e9cran AYN Odin 2\"},\"previousItem\":{\"@type\":\"ListItem\",\"@id\":\"https:\\\/\\\/droix.eu\\\/fr\\\/product-category\\\/accessoires\\\/#listItem\",\"name\":\"Accessoires\"}},{\"@type\":\"ListItem\",\"@id\":\"https:\\\/\\\/droix.eu\\\/fr\\\/product\\\/protection-decran-ayn-odin-2\\\/#listItem\",\"position\":4,\"name\":\"Protection d&#8217;\\u00e9cran AYN Odin 2\",\"previousItem\":{\"@type\":\"ListItem\",\"@id\":\"https:\\\/\\\/droix.eu\\\/fr\\\/product-category\\\/accessoires\\\/accessoires-de-jeu\\\/#listItem\",\"name\":\"Accessoires de jeu\"}}]},{\"@type\":\"Organization\",\"@id\":\"https:\\\/\\\/droix.eu\\\/fr\\\/#organization\",\"name\":\"DroiX \\u2013 Trusted EU Tech Retailer with 12+ Years Experience\",\"description\":\"DroiX is a leading European technology retailer with over 12 years of experience, offering quality mini PCs, handheld gaming consoles, and tech accessories. We provide hassle-free EU delivery with all taxes included, ensuring a smooth and reliable shopping experience for our customers across Europe.\",\"url\":\"https:\\\/\\\/droix.eu\\\/fr\\\/\",\"logo\":{\"@type\":\"ImageObject\",\"url\":\"https:\\\/\\\/droix.eu\\\/wp-content\\\/uploads\\\/2024\\\/06\\\/droix-v2-light-logo.png\",\"@id\":\"https:\\\/\\\/droix.eu\\\/fr\\\/product\\\/protection-decran-ayn-odin-2\\\/#organizationLogo\",\"width\":380,\"height\":118},\"image\":{\"@id\":\"https:\\\/\\\/droix.eu\\\/fr\\\/product\\\/protection-decran-ayn-odin-2\\\/#organizationLogo\"},\"sameAs\":[\"https:\\\/\\\/www.facebook.com\\\/DroiX.Store\",\"https:\\\/\\\/twitter.com\\\/DroiX_Store\",\"https:\\\/\\\/www.instagram.com\\\/droix.store\\\/\",\"https:\\\/\\\/www.tiktok.com\\\/@droix.store\",\"https:\\\/\\\/www.youtube.com\\\/c\\\/DroiX_Store\",\"https:\\\/\\\/uk.linkedin.com\\\/company\\\/droix\"]},{\"@type\":\"Product\",\"@id\":\"https:\\\/\\\/droix.eu\\\/fr\\\/product\\\/protection-decran-ayn-odin-2\\\/#wooCommerceProduct\",\"name\":\"Protection d'\\u00e9cran AYN Odin 2\",\"description\":\"Protection d'\\u00e9cran AYN Odin 2 officielle\\n \\tProtection transparente durable\\n \\tAjustement parfait pour l'AYN Odin 2\",\"url\":\"https:\\\/\\\/droix.eu\\\/fr\\\/product\\\/protection-decran-ayn-odin-2\\\/\",\"sku\":\"AYN-ODIN-2-SCREEN-PROTECTOR\",\"gtin\":\"5060763677845\",\"image\":{\"@type\":\"ImageObject\",\"url\":\"https:\\\/\\\/droix.eu\\\/wp-content\\\/uploads\\\/2024\\\/01\\\/AYN-ODIN-2-SCREEN-PROTECTOR-DONE-01.png\",\"@id\":\"https:\\\/\\\/droix.eu\\\/fr\\\/product\\\/protection-decran-ayn-odin-2\\\/#productImage\",\"width\":1500,\"height\":1500,\"caption\":\"Protection d'\\u00e9cran AYN Odin 2\"},\"offers\":{\"@type\":\"Offer\",\"url\":\"https:\\\/\\\/droix.eu\\\/fr\\\/product\\\/protection-decran-ayn-odin-2\\\/#wooCommerceOffer\",\"price\":3.63,\"priceCurrency\":\"EUR\",\"category\":\"Accessoires\",\"availability\":\"https:\\\/\\\/schema.org\\\/InStock\",\"priceSpecification\":{\"@type\":\"PriceSpecification\",\"price\":3.63,\"priceCurrency\":\"EUR\",\"valueAddedTaxIncluded\":\"true\"},\"seller\":{\"@type\":\"Organization\",\"@id\":\"https:\\\/\\\/droix.eu\\\/fr\\\/#organization\"}}},{\"@type\":\"WebPage\",\"@id\":\"https:\\\/\\\/droix.eu\\\/fr\\\/product\\\/protection-decran-ayn-odin-2\\\/#webpage\",\"url\":\"https:\\\/\\\/droix.eu\\\/fr\\\/product\\\/protection-decran-ayn-odin-2\\\/\",\"name\":\"Protection d\\u2019\\u00e9cran AYN Odin 2 - DROIX EU\",\"description\":\"Protection d'\\u00e9cran AYN Odin 2 officielle Protection transparente durable Ajustement parfait pour l'AYN Odin 2 Le paquet comprend 1x Protection d'\\u00e9cran AYN Odin 2\",\"inLanguage\":\"fr-FR\",\"isPartOf\":{\"@id\":\"https:\\\/\\\/droix.eu\\\/fr\\\/#website\"},\"breadcrumb\":{\"@id\":\"https:\\\/\\\/droix.eu\\\/fr\\\/product\\\/protection-decran-ayn-odin-2\\\/#breadcrumblist\"},\"image\":{\"@type\":\"ImageObject\",\"url\":\"https:\\\/\\\/droix.eu\\\/wp-content\\\/uploads\\\/2024\\\/01\\\/AYN-ODIN-2-SCREEN-PROTECTOR-DONE-01.png\",\"@id\":\"https:\\\/\\\/droix.eu\\\/fr\\\/product\\\/protection-decran-ayn-odin-2\\\/#mainImage\",\"width\":1500,\"height\":1500,\"caption\":\"Protection d'\\u00e9cran AYN Odin 2\"},\"primaryImageOfPage\":{\"@id\":\"https:\\\/\\\/droix.eu\\\/fr\\\/product\\\/protection-decran-ayn-odin-2\\\/#mainImage\"},\"datePublished\":\"2024-01-19T16:43:31+00:00\",\"dateModified\":\"2026-01-22T12:56:49+00:00\"},{\"@type\":\"WebSite\",\"@id\":\"https:\\\/\\\/droix.eu\\\/fr\\\/#website\",\"url\":\"https:\\\/\\\/droix.eu\\\/fr\\\/\",\"name\":\"DROIX EU\",\"description\":\"Get the latest Mini PCs, Ultrabook, PC Gaming Handhelds and more!\",\"inLanguage\":\"fr-FR\",\"publisher\":{\"@id\":\"https:\\\/\\\/droix.eu\\\/fr\\\/#organization\"}}]}\n\t\t<\/script>\n\t\t<!-- All in One SEO Pro -->\r\n\t\t<title>Protection d\u2019\u00e9cran AYN Odin 2 - DROIX EU<\/title>\n\n","aioseo_head_json":{"title":"Protection d\u2019\u00e9cran AYN Odin 2 - DROIX EU","description":"Protection d'\u00e9cran AYN Odin 2 officielle Protection transparente durable Ajustement parfait pour l'AYN Odin 2 Le paquet comprend 1x Protection d'\u00e9cran AYN Odin 2","canonical_url":"https:\/\/droix.eu\/fr\/product\/protection-decran-ayn-odin-2\/","robots":"max-image-preview:large","keywords":"","webmasterTools":{"miscellaneous":""},"schema":{"@context":"https:\/\/schema.org","@graph":[{"@type":"BreadcrumbList","@id":"https:\/\/droix.eu\/fr\/product\/protection-decran-ayn-odin-2\/#breadcrumblist","itemListElement":[{"@type":"ListItem","@id":"https:\/\/droix.eu\/fr\/#listItem","position":1,"name":"Home","item":"https:\/\/droix.eu\/fr\/","nextItem":{"@type":"ListItem","@id":"https:\/\/droix.eu\/fr\/product-category\/accessoires\/#listItem","name":"Accessoires"}},{"@type":"ListItem","@id":"https:\/\/droix.eu\/fr\/product-category\/accessoires\/#listItem","position":2,"name":"Accessoires","item":"https:\/\/droix.eu\/fr\/product-category\/accessoires\/","nextItem":{"@type":"ListItem","@id":"https:\/\/droix.eu\/fr\/product-category\/accessoires\/accessoires-de-jeu\/#listItem","name":"Accessoires de jeu"},"previousItem":{"@type":"ListItem","@id":"https:\/\/droix.eu\/fr\/#listItem","name":"Home"}},{"@type":"ListItem","@id":"https:\/\/droix.eu\/fr\/product-category\/accessoires\/accessoires-de-jeu\/#listItem","position":3,"name":"Accessoires de jeu","item":"https:\/\/droix.eu\/fr\/product-category\/accessoires\/accessoires-de-jeu\/","nextItem":{"@type":"ListItem","@id":"https:\/\/droix.eu\/fr\/product\/protection-decran-ayn-odin-2\/#listItem","name":"Protection d&#8217;\u00e9cran AYN Odin 2"},"previousItem":{"@type":"ListItem","@id":"https:\/\/droix.eu\/fr\/product-category\/accessoires\/#listItem","name":"Accessoires"}},{"@type":"ListItem","@id":"https:\/\/droix.eu\/fr\/product\/protection-decran-ayn-odin-2\/#listItem","position":4,"name":"Protection d&#8217;\u00e9cran AYN Odin 2","previousItem":{"@type":"ListItem","@id":"https:\/\/droix.eu\/fr\/product-category\/accessoires\/accessoires-de-jeu\/#listItem","name":"Accessoires de jeu"}}]},{"@type":"Organization","@id":"https:\/\/droix.eu\/fr\/#organization","name":"DroiX \u2013 Trusted EU Tech Retailer with 12+ Years Experience","description":"DroiX is a leading European technology retailer with over 12 years of experience, offering quality mini PCs, handheld gaming consoles, and tech accessories. We provide hassle-free EU delivery with all taxes included, ensuring a smooth and reliable shopping experience for our customers across Europe.","url":"https:\/\/droix.eu\/fr\/","logo":{"@type":"ImageObject","url":"https:\/\/droix.eu\/wp-content\/uploads\/2024\/06\/droix-v2-light-logo.png","@id":"https:\/\/droix.eu\/fr\/product\/protection-decran-ayn-odin-2\/#organizationLogo","width":380,"height":118},"image":{"@id":"https:\/\/droix.eu\/fr\/product\/protection-decran-ayn-odin-2\/#organizationLogo"},"sameAs":["https:\/\/www.facebook.com\/DroiX.Store","https:\/\/twitter.com\/DroiX_Store","https:\/\/www.instagram.com\/droix.store\/","https:\/\/www.tiktok.com\/@droix.store","https:\/\/www.youtube.com\/c\/DroiX_Store","https:\/\/uk.linkedin.com\/company\/droix"]},{"@type":"Product","@id":"https:\/\/droix.eu\/fr\/product\/protection-decran-ayn-odin-2\/#wooCommerceProduct","name":"Protection d'\u00e9cran AYN Odin 2","description":"Protection d'\u00e9cran AYN Odin 2 officielle\n \tProtection transparente durable\n \tAjustement parfait pour l'AYN Odin 2","url":"https:\/\/droix.eu\/fr\/product\/protection-decran-ayn-odin-2\/","sku":"AYN-ODIN-2-SCREEN-PROTECTOR","gtin":"5060763677845","image":{"@type":"ImageObject","url":"https:\/\/droix.eu\/wp-content\/uploads\/2024\/01\/AYN-ODIN-2-SCREEN-PROTECTOR-DONE-01.png","@id":"https:\/\/droix.eu\/fr\/product\/protection-decran-ayn-odin-2\/#productImage","width":1500,"height":1500,"caption":"Protection d'\u00e9cran AYN Odin 2"},"offers":{"@type":"Offer","url":"https:\/\/droix.eu\/fr\/product\/protection-decran-ayn-odin-2\/#wooCommerceOffer","price":3.63,"priceCurrency":"EUR","category":"Accessoires","availability":"https:\/\/schema.org\/InStock","priceSpecification":{"@type":"PriceSpecification","price":3.63,"priceCurrency":"EUR","valueAddedTaxIncluded":"true"},"seller":{"@type":"Organization","@id":"https:\/\/droix.eu\/fr\/#organization"}}},{"@type":"WebPage","@id":"https:\/\/droix.eu\/fr\/product\/protection-decran-ayn-odin-2\/#webpage","url":"https:\/\/droix.eu\/fr\/product\/protection-decran-ayn-odin-2\/","name":"Protection d\u2019\u00e9cran AYN Odin 2 - DROIX EU","description":"Protection d'\u00e9cran AYN Odin 2 officielle Protection transparente durable Ajustement parfait pour l'AYN Odin 2 Le paquet comprend 1x Protection d'\u00e9cran AYN Odin 2","inLanguage":"fr-FR","isPartOf":{"@id":"https:\/\/droix.eu\/fr\/#website"},"breadcrumb":{"@id":"https:\/\/droix.eu\/fr\/product\/protection-decran-ayn-odin-2\/#breadcrumblist"},"image":{"@type":"ImageObject","url":"https:\/\/droix.eu\/wp-content\/uploads\/2024\/01\/AYN-ODIN-2-SCREEN-PROTECTOR-DONE-01.png","@id":"https:\/\/droix.eu\/fr\/product\/protection-decran-ayn-odin-2\/#mainImage","width":1500,"height":1500,"caption":"Protection d'\u00e9cran AYN Odin 2"},"primaryImageOfPage":{"@id":"https:\/\/droix.eu\/fr\/product\/protection-decran-ayn-odin-2\/#mainImage"},"datePublished":"2024-01-19T16:43:31+00:00","dateModified":"2026-01-22T12:56:49+00:00"},{"@type":"WebSite","@id":"https:\/\/droix.eu\/fr\/#website","url":"https:\/\/droix.eu\/fr\/","name":"DROIX EU","description":"Get the latest Mini PCs, Ultrabook, PC Gaming Handhelds and more!","inLanguage":"fr-FR","publisher":{"@id":"https:\/\/droix.eu\/fr\/#organization"}}]},"og:locale":"fr_FR","og:site_name":"DROIX EU - Get the latest Mini PCs, Ultrabook, PC Gaming Handhelds and more!","og:type":"article","og:title":"Protection d\u2019\u00e9cran AYN Odin 2 - DROIX EU","og:description":"Protection d'\u00e9cran AYN Odin 2 officielle Protection transparente durable Ajustement parfait pour l'AYN Odin 2 Le paquet comprend 1x Protection d'\u00e9cran AYN Odin 2","og:url":"https:\/\/droix.eu\/fr\/product\/protection-decran-ayn-odin-2\/","og:image":"https:\/\/droix.eu\/wp-content\/uploads\/2024\/06\/droix-v2-light-logo.png","og:image:secure_url":"https:\/\/droix.eu\/wp-content\/uploads\/2024\/06\/droix-v2-light-logo.png","og:image:width":380,"og:image:height":118,"article:published_time":"2024-01-19T16:43:31+00:00","article:modified_time":"2026-01-22T12:56:49+00:00","article:publisher":"https:\/\/www.facebook.com\/DroiX.Store","twitter:card":"summary_large_image","twitter:site":"@DroiX_Store","twitter:title":"Protection d\u2019\u00e9cran AYN Odin 2 - DROIX EU","twitter:description":"Protection d'\u00e9cran AYN Odin 2 officielle Protection transparente durable Ajustement parfait pour l'AYN Odin 2 Le paquet comprend 1x Protection d'\u00e9cran AYN Odin 2","twitter:image":"https:\/\/droix.eu\/wp-content\/uploads\/2024\/06\/droix-v2-light-logo.png"},"aioseo_meta_data":{"post_id":"510181","title":null,"description":null,"keywords":null,"keyphrases":null,"primary_term":null,"canonical_url":null,"og_title":null,"og_description":null,"og_object_type":"default","og_image_type":"default","og_image_url":null,"og_image_width":null,"og_image_height":null,"og_image_custom_url":null,"og_image_custom_fields":null,"og_video":null,"og_custom_url":null,"og_article_section":null,"og_article_tags":null,"twitter_use_og":true,"twitter_card":"default","twitter_image_type":"default","twitter_image_url":null,"twitter_image_custom_url":null,"twitter_image_custom_fields":null,"twitter_title":null,"twitter_description":null,"schema":{"blockGraphs":[],"customGraphs":[],"default":{"data":{"Article":[],"Course":[],"Dataset":[],"FAQPage":[],"Movie":[],"Person":[],"Product":[],"ProductReview":[],"Car":[],"Recipe":[],"Service":[],"SoftwareApplication":[],"WebPage":[]},"graphName":"Product","isEnabled":true},"graphs":[]},"schema_type":"default","schema_type_options":null,"pillar_content":false,"robots_default":true,"robots_noindex":false,"robots_noarchive":false,"robots_nosnippet":false,"robots_nofollow":false,"robots_noimageindex":false,"robots_noodp":false,"robots_notranslate":false,"robots_max_snippet":null,"robots_max_videopreview":null,"robots_max_imagepreview":"large","priority":null,"frequency":null,"local_seo":null,"seo_analyzer_scan_date":"2025-10-24 16:32:35","breadcrumb_settings":null,"limit_modified_date":false,"reviewed_by":null,"open_ai":null,"ai":null,"created":"2025-10-09 05:10:45","updated":"2026-01-24 08:50:05"},"aioseo_breadcrumb":"<div class=\"aioseo-breadcrumbs\"><span class=\"aioseo-breadcrumb\">\n\t<a href=\"https:\/\/droix.eu\/fr\/\" title=\"Home\">Home<\/a>\n<\/span><span class=\"aioseo-breadcrumb-separator\">&raquo;<\/span><span class=\"aioseo-breadcrumb\">\n\t<a href=\"https:\/\/droix.eu\/fr\/product-category\/accessoires\/\" title=\"Accessoires\">Accessoires<\/a>\n<\/span><span class=\"aioseo-breadcrumb-separator\">&raquo;<\/span><span class=\"aioseo-breadcrumb\">\n\t<a href=\"https:\/\/droix.eu\/fr\/product-category\/accessoires\/accessoires-de-jeu\/\" title=\"Accessoires de jeu\">Accessoires de jeu<\/a>\n<\/span><span class=\"aioseo-breadcrumb-separator\">&raquo;<\/span><span class=\"aioseo-breadcrumb\">\n\tProtection d\u2019\u00e9cran AYN Odin 2\n<\/span><\/div>","aioseo_breadcrumb_json":[{"label":"Home","link":"https:\/\/droix.eu\/fr\/"},{"label":"Accessoires","link":"https:\/\/droix.eu\/fr\/product-category\/accessoires\/"},{"label":"Accessoires de jeu","link":"https:\/\/droix.eu\/fr\/product-category\/accessoires\/accessoires-de-jeu\/"},{"label":"Protection d&#8217;\u00e9cran AYN Odin 2","link":"https:\/\/droix.eu\/fr\/product\/protection-decran-ayn-odin-2\/"}],"_links":{"self":[{"href":"https:\/\/droix.eu\/fr\/wp-json\/wp\/v2\/product\/510181","targetHints":{"allow":["GET"]}}],"collection":[{"href":"https:\/\/droix.eu\/fr\/wp-json\/wp\/v2\/product"}],"about":[{"href":"https:\/\/droix.eu\/fr\/wp-json\/wp\/v2\/types\/product"}],"version-history":[{"count":0,"href":"https:\/\/droix.eu\/fr\/wp-json\/wp\/v2\/product\/510181\/revisions"}],"wp:featuredmedia":[{"embeddable":true,"href":"https:\/\/droix.eu\/fr\/wp-json\/wp\/v2\/media\/456588"}],"wp:attachment":[{"href":"https:\/\/droix.eu\/fr\/wp-json\/wp\/v2\/media?parent=510181"}],"wp:term":[{"taxonomy":"product_brand","embeddable":true,"href":"https:\/\/droix.eu\/fr\/wp-json\/wp\/v2\/product_brand?post=510181"},{"taxonomy":"product_cat","embeddable":true,"href":"https:\/\/droix.eu\/fr\/wp-json\/wp\/v2\/product_cat?post=510181"},{"taxonomy":"product_tag","embeddable":true,"href":"https:\/\/droix.eu\/fr\/wp-json\/wp\/v2\/product_tag?post=510181"},{"taxonomy":"woo-feed-brand","embeddable":true,"href":"https:\/\/droix.eu\/fr\/wp-json\/wp\/v2\/woo-feed-brand?post=510181"},{"taxonomy":"key-features","embeddable":true,"href":"https:\/\/droix.eu\/fr\/wp-json\/wp\/v2\/key-features?post=510181"}],"curies":[{"name":"wp","href":"https:\/\/api.w.org\/{rel}","templated":true}]}}