{"id":508844,"date":"2024-07-16T11:40:59","date_gmt":"2024-07-16T10:40:59","guid":{"rendered":"https:\/\/droix.eu\/product\/sacoche-anbernic-rg-cube\/"},"modified":"2026-03-27T12:33:39","modified_gmt":"2026-03-27T12:33:39","slug":"sacoche-anbernic-rg-cube","status":"publish","type":"product","link":"https:\/\/droix.eu\/fr\/product\/sacoche-anbernic-rg-cube\/","title":{"rendered":"Sacoche ANBERNIC RG Cube"},"content":{"rendered":"\n<p>Nom du produit : Sacoche de rangement pour console de jeu<br\/><br\/>Couleur du produit : noir<br\/><br\/>Mat\u00e9riau du produit : tissu imperm\u00e9able de haute qualit\u00e9<br\/><br\/>Mod\u00e8le applicable : pour ANBERNIC RG Cube<\/p>\n\n<h3 class=\"wp-block-heading\">Caract\u00e9ristiques du produit :<\/h3>\n\n<p><br\/>1. Multifonctionnel : Il permet non seulement de transporter votre console de jeu, mais aussi de ranger des accessoires tels que des chargeurs, des \u00e9couteurs, des c\u00e2bles de donn\u00e9es, etc. Ce sac \u00e0 main a de multiples fonctions pour mieux prot\u00e9ger votre console de jeu et vos accessoires.<br\/><br\/>2. L\u00e9ger et portable : Il est l\u00e9ger et tr\u00e8s pratique \u00e0 transporter. Que vous sortiez ou que vous l&#8217;utilisiez \u00e0 la maison, vous pouvez toujours mettre la console de jeu et les accessoires dans le sac \u00e0 main, ce qui assure une protection compl\u00e8te et un transport pratique.<br\/><br\/>3. Garantie de qualit\u00e9 : Fabriqu\u00e9 avec des mat\u00e9riaux de haute qualit\u00e9, il est plus durable et peut \u00eatre utilis\u00e9 pendant longtemps sans usure ni dommage. Ce sac \u00e0 main est le meilleur partenaire de protection pour votre console de jeu, vous offrant une exp\u00e9rience de jeu confortable et s\u00fbre.<br\/><br\/>4. Apparence \u00e0 la mode : L&#8217;apparence est \u00e9l\u00e9gante et simple, ce qui non seulement prot\u00e8ge la console de jeu et les accessoires, mais am\u00e9liore \u00e9galement votre sens de la mode, vous faisant vous sentir confiant et charmant en toute occasion.<br\/><br\/>5. Conception portable : La conception de type sac \u00e0 main convient au transport dans une vari\u00e9t\u00e9 de sc\u00e9narios, vous permettant de transporter la console de jeu sans occuper trop d&#8217;espace dans vos mains.<br\/><br\/>Poids brut du produit : 130g<br\/><br\/>Le paquet comprend : 1 sacoche de rangement pour console de jeu<\/p>\n\n<figure class=\"wp-block-image\"><img decoding=\"async\" src=\"https:\/\/ae01.alicdn.com\/kf\/S47af09c6805345fab0667f4210505b64g.jpg\" alt=\"&#xC9;tui Anbernic RG Cube - &#xC9;tui noir portable pour consoles de poche Anbernic, pr&#xE9;sentant un design &#xE9;l&#xE9;gant, une poche en maille interne pour les accessoires et une qualit&#xE9; de construction robuste pour le jeu en d&#xE9;placement.\"\/><\/figure>\n\n<figure class=\"wp-block-image\"><img decoding=\"async\" src=\"https:\/\/ae01.alicdn.com\/kf\/S2785b70135a540c583158fcc5a78dc5b7.jpg\" alt=\"&#xC9;tui Anbernic RG Cube - &#xC9;tui de transport noir protecteur pour consoles de jeu Anbernic, comprenant un int&#xE9;rieur rembourr&#xE9; doux, une coque ext&#xE9;rieure durable et une conception compacte pour un transport facile\"\/><\/figure>\n\n<figure class=\"wp-block-image\"><img decoding=\"async\" src=\"https:\/\/ae01.alicdn.com\/kf\/S091362331cd549caa28e2cf13f83d019s.jpg\" alt=\"&#xC9;tui Anbernic RG Cube - &#xC9;tui de protection noir avec une fermeture &#xE9;clair s&#xE9;curis&#xE9;e, adapt&#xE9; sur mesure pour les appareils de jeu Anbernic, offrant une protection sup&#xE9;rieure contre les rayures et les impacts.\"\/><\/figure>\n\n<figure class=\"wp-block-image\"><img decoding=\"async\" src=\"https:\/\/ae01.alicdn.com\/kf\/Sc0cb06fe4efa49a985b944aa17d27d29S.jpg\" alt=\"&#xC9;tui Anbernic RG Cube - &#xC9;tui de protection noir avec une fermeture &#xE9;clair s&#xE9;curis&#xE9;e, adapt&#xE9; sur mesure pour les appareils de jeu Anbernic, offrant une protection sup&#xE9;rieure contre les rayures et les impacts.\"\/><\/figure>\n\n<figure class=\"wp-block-image\"><img decoding=\"async\" src=\"https:\/\/ae01.alicdn.com\/kf\/Sca5337fc1adf4aa094209058e7fc98b9j.jpg\" alt=\"L'&#xE9;tui Cube d'Anbernic, de couleur noire, pr&#xE9;sente un design compact et &#xE9;l&#xE9;gant avec un ext&#xE9;rieur textur&#xE9; durable pour une meilleure prise en main. La mallette comprend des inserts en mousse sur mesure qui maintiennent fermement la console de jeu Anbernic et ses accessoires, garantissant ainsi leur protection pendant le voyage.\"\/><\/figure>\n\n<figure class=\"wp-block-image\"><img decoding=\"async\" src=\"https:\/\/ae01.alicdn.com\/kf\/S3b16c1675638498f9fd6dbc53a777f85c.jpg\" alt=\"&#xC9;tui Anbernic RG Cube - &#xC9;tui noir portable pour consoles de poche Anbernic, pr&#xE9;sentant un design &#xE9;l&#xE9;gant, une poche en maille interne pour les accessoires et une qualit&#xE9; de construction robuste pour le jeu en d&#xE9;placement.\"\/><\/figure>\n","protected":false},"excerpt":{"rendered":"<ul>\n<li><strong>Accessoire<\/strong> ANBERNIC officiel<\/li>\n<li><strong>Protection sup\u00e9rieure<\/strong> Fabriqu\u00e9 en cuir de qualit\u00e9 sup\u00e9rieure<\/li>\n<li>Doublure en tissu doux pour une <strong>protection accrue<\/strong>.<\/li>\n<\/ul>\n[droix_global_accordions]\n[cg_accordion title=\"Le paquet comprend\"]<\/p>\n<ul>\n<li>1x \u00c9tui<\/li>\n<\/ul>\n<p>[\/cg_accordion]\n","protected":false},"featured_media":486290,"template":"","meta":{"_acf_changed":false},"product_brand":[],"product_cat":[10290,10558],"product_tag":[],"woo-feed-brand":[],"key-features":[],"class_list":{"0":"post-508844","1":"product","2":"type-product","3":"status-publish","4":"has-post-thumbnail","6":"product_cat-accessoires","7":"product_cat-accessoires-de-jeu","8":"product_shipping_class-low-end","9":"pa_accessory-type-protective-case","10":"pa_brands-anbernic-fr","11":"pa_compatibility-anbernic-rg-cube-fr","13":"first","14":"outofstock","15":"sale","16":"taxable","17":"shipping-taxable","18":"purchasable","19":"product-type-simple"},"acf":[],"aioseo_notices":[],"aioseo_head":"\n\t\t<!-- All in One SEO Pro 4.9.6.2 - aioseo.com -->\n\t<meta name=\"description\" content=\"Accessoire ANBERNIC officiel Protection sup\u00e9rieure Fabriqu\u00e9 en cuir de qualit\u00e9 sup\u00e9rieure Doublure en tissu doux pour une protection accrue. Le paquet comprend 1x \u00c9tui\" \/>\n\t<meta name=\"robots\" content=\"max-image-preview:large\" \/>\n\t<link rel=\"canonical\" href=\"https:\/\/droix.eu\/fr\/product\/sacoche-anbernic-rg-cube\/\" \/>\n\t<meta name=\"generator\" content=\"All in One SEO Pro (AIOSEO) 4.9.6.2\" \/>\n\t\t<meta property=\"og:locale\" content=\"fr_FR\" \/>\n\t\t<meta property=\"og:site_name\" content=\"DROIX EU - Get the latest Mini PCs, Ultrabook, PC Gaming Handhelds and more!\" \/>\n\t\t<meta property=\"og:type\" content=\"article\" \/>\n\t\t<meta property=\"og:title\" content=\"Sacoche ANBERNIC RG Cube - DROIX EU\" \/>\n\t\t<meta property=\"og:description\" content=\"Accessoire ANBERNIC officiel Protection sup\u00e9rieure Fabriqu\u00e9 en cuir de qualit\u00e9 sup\u00e9rieure Doublure en tissu doux pour une protection accrue. Le paquet comprend 1x \u00c9tui\" \/>\n\t\t<meta property=\"og:url\" content=\"https:\/\/droix.eu\/fr\/product\/sacoche-anbernic-rg-cube\/\" \/>\n\t\t<meta property=\"og:image\" content=\"https:\/\/droix.eu\/wp-content\/uploads\/2024\/06\/droix-v2-light-logo.png\" \/>\n\t\t<meta property=\"og:image:secure_url\" content=\"https:\/\/droix.eu\/wp-content\/uploads\/2024\/06\/droix-v2-light-logo.png\" \/>\n\t\t<meta property=\"og:image:width\" content=\"380\" \/>\n\t\t<meta property=\"og:image:height\" content=\"118\" \/>\n\t\t<meta property=\"article:published_time\" content=\"2024-07-16T10:40:59+00:00\" \/>\n\t\t<meta property=\"article:modified_time\" content=\"2026-03-27T12:33:39+00:00\" \/>\n\t\t<meta property=\"article:publisher\" content=\"https:\/\/www.facebook.com\/DroiX.Store\" \/>\n\t\t<meta name=\"twitter:card\" content=\"summary_large_image\" \/>\n\t\t<meta name=\"twitter:site\" content=\"@DroiX_Store\" \/>\n\t\t<meta name=\"twitter:title\" content=\"Sacoche ANBERNIC RG Cube - DROIX EU\" \/>\n\t\t<meta name=\"twitter:description\" content=\"Accessoire ANBERNIC officiel Protection sup\u00e9rieure Fabriqu\u00e9 en cuir de qualit\u00e9 sup\u00e9rieure Doublure en tissu doux pour une protection accrue. Le paquet comprend 1x \u00c9tui\" \/>\n\t\t<meta name=\"twitter:image\" content=\"https:\/\/droix.eu\/wp-content\/uploads\/2024\/06\/droix-v2-light-logo.png\" \/>\n\t\t<script type=\"application\/ld+json\" class=\"aioseo-schema\">\n\t\t\t{\"@context\":\"https:\\\/\\\/schema.org\",\"@graph\":[{\"@type\":\"BreadcrumbList\",\"@id\":\"https:\\\/\\\/droix.eu\\\/fr\\\/product\\\/sacoche-anbernic-rg-cube\\\/#breadcrumblist\",\"itemListElement\":[{\"@type\":\"ListItem\",\"@id\":\"https:\\\/\\\/droix.eu\\\/fr\\\/#listItem\",\"position\":1,\"name\":\"Home\",\"item\":\"https:\\\/\\\/droix.eu\\\/fr\\\/\",\"nextItem\":{\"@type\":\"ListItem\",\"@id\":\"https:\\\/\\\/droix.eu\\\/fr\\\/product-category\\\/accessoires\\\/#listItem\",\"name\":\"Accessoires\"}},{\"@type\":\"ListItem\",\"@id\":\"https:\\\/\\\/droix.eu\\\/fr\\\/product-category\\\/accessoires\\\/#listItem\",\"position\":2,\"name\":\"Accessoires\",\"item\":\"https:\\\/\\\/droix.eu\\\/fr\\\/product-category\\\/accessoires\\\/\",\"nextItem\":{\"@type\":\"ListItem\",\"@id\":\"https:\\\/\\\/droix.eu\\\/fr\\\/product-category\\\/accessoires\\\/accessoires-de-jeu\\\/#listItem\",\"name\":\"Accessoires de jeu\"},\"previousItem\":{\"@type\":\"ListItem\",\"@id\":\"https:\\\/\\\/droix.eu\\\/fr\\\/#listItem\",\"name\":\"Home\"}},{\"@type\":\"ListItem\",\"@id\":\"https:\\\/\\\/droix.eu\\\/fr\\\/product-category\\\/accessoires\\\/accessoires-de-jeu\\\/#listItem\",\"position\":3,\"name\":\"Accessoires de jeu\",\"item\":\"https:\\\/\\\/droix.eu\\\/fr\\\/product-category\\\/accessoires\\\/accessoires-de-jeu\\\/\",\"nextItem\":{\"@type\":\"ListItem\",\"@id\":\"https:\\\/\\\/droix.eu\\\/fr\\\/product\\\/sacoche-anbernic-rg-cube\\\/#listItem\",\"name\":\"Sacoche ANBERNIC RG Cube\"},\"previousItem\":{\"@type\":\"ListItem\",\"@id\":\"https:\\\/\\\/droix.eu\\\/fr\\\/product-category\\\/accessoires\\\/#listItem\",\"name\":\"Accessoires\"}},{\"@type\":\"ListItem\",\"@id\":\"https:\\\/\\\/droix.eu\\\/fr\\\/product\\\/sacoche-anbernic-rg-cube\\\/#listItem\",\"position\":4,\"name\":\"Sacoche ANBERNIC RG Cube\",\"previousItem\":{\"@type\":\"ListItem\",\"@id\":\"https:\\\/\\\/droix.eu\\\/fr\\\/product-category\\\/accessoires\\\/accessoires-de-jeu\\\/#listItem\",\"name\":\"Accessoires de jeu\"}}]},{\"@type\":\"Organization\",\"@id\":\"https:\\\/\\\/droix.eu\\\/fr\\\/#organization\",\"name\":\"DroiX \\u2013 Trusted EU Tech Retailer with 12+ Years Experience\",\"description\":\"DroiX is a leading European technology retailer with over 12 years of experience, offering quality mini PCs, handheld gaming consoles, and tech accessories. We provide hassle-free EU delivery with all taxes included, ensuring a smooth and reliable shopping experience for our customers across Europe.\",\"url\":\"https:\\\/\\\/droix.eu\\\/fr\\\/\",\"logo\":{\"@type\":\"ImageObject\",\"url\":\"https:\\\/\\\/droix.eu\\\/wp-content\\\/uploads\\\/2024\\\/06\\\/droix-v2-light-logo.png\",\"@id\":\"https:\\\/\\\/droix.eu\\\/fr\\\/product\\\/sacoche-anbernic-rg-cube\\\/#organizationLogo\",\"width\":380,\"height\":118},\"image\":{\"@id\":\"https:\\\/\\\/droix.eu\\\/fr\\\/product\\\/sacoche-anbernic-rg-cube\\\/#organizationLogo\"},\"sameAs\":[\"https:\\\/\\\/www.facebook.com\\\/DroiX.Store\",\"https:\\\/\\\/twitter.com\\\/DroiX_Store\",\"https:\\\/\\\/www.instagram.com\\\/droix.store\\\/\",\"https:\\\/\\\/www.tiktok.com\\\/@droix.store\",\"https:\\\/\\\/www.youtube.com\\\/c\\\/DroiX_Store\",\"https:\\\/\\\/uk.linkedin.com\\\/company\\\/droix\"]},{\"@type\":\"Product\",\"@id\":\"https:\\\/\\\/droix.eu\\\/fr\\\/product\\\/sacoche-anbernic-rg-cube\\\/#wooCommerceProduct\",\"name\":\"Sacoche ANBERNIC RG Cube\",\"description\":\"Accessoire ANBERNIC officiel\\nProtection sup\\u00e9rieure Fabriqu\\u00e9 en cuir de qualit\\u00e9 sup\\u00e9rieure\\nDoublure en tissu doux pour une protection accrue.\",\"url\":\"https:\\\/\\\/droix.eu\\\/fr\\\/product\\\/sacoche-anbernic-rg-cube\\\/\",\"sku\":\"RG-CUBE-BAG\",\"gtin\":\"5060763679351\",\"image\":{\"@type\":\"ImageObject\",\"url\":\"https:\\\/\\\/droix.eu\\\/wp-content\\\/uploads\\\/2024\\\/07\\\/CUBE-CASE.png\",\"@id\":\"https:\\\/\\\/droix.eu\\\/fr\\\/product\\\/sacoche-anbernic-rg-cube\\\/#productImage\",\"width\":1001,\"height\":1001,\"caption\":\"L'\\u00e9tui Cube d'Anbernic, de couleur noire, pr\\u00e9sente un design compact et \\u00e9l\\u00e9gant avec un ext\\u00e9rieur textur\\u00e9 durable pour une meilleure prise en main. La mallette comprend des inserts en mousse sur mesure qui maintiennent fermement la console de jeu Anbernic et ses accessoires, garantissant ainsi leur protection pendant le voyage.\"},\"offers\":{\"@type\":\"Offer\",\"url\":\"https:\\\/\\\/droix.eu\\\/fr\\\/product\\\/sacoche-anbernic-rg-cube\\\/#wooCommerceOffer\",\"price\":6.09,\"priceCurrency\":\"EUR\",\"category\":\"Accessoires\",\"availability\":\"https:\\\/\\\/schema.org\\\/OutOfStock\",\"priceSpecification\":{\"@type\":\"PriceSpecification\",\"price\":6.09,\"priceCurrency\":\"EUR\",\"valueAddedTaxIncluded\":\"true\"},\"seller\":{\"@type\":\"Organization\",\"@id\":\"https:\\\/\\\/droix.eu\\\/fr\\\/#organization\"}}},{\"@type\":\"WebPage\",\"@id\":\"https:\\\/\\\/droix.eu\\\/fr\\\/product\\\/sacoche-anbernic-rg-cube\\\/#webpage\",\"url\":\"https:\\\/\\\/droix.eu\\\/fr\\\/product\\\/sacoche-anbernic-rg-cube\\\/\",\"name\":\"Sacoche ANBERNIC RG Cube - DROIX EU\",\"description\":\"Accessoire ANBERNIC officiel Protection sup\\u00e9rieure Fabriqu\\u00e9 en cuir de qualit\\u00e9 sup\\u00e9rieure Doublure en tissu doux pour une protection accrue. Le paquet comprend 1x \\u00c9tui\",\"inLanguage\":\"fr-FR\",\"isPartOf\":{\"@id\":\"https:\\\/\\\/droix.eu\\\/fr\\\/#website\"},\"breadcrumb\":{\"@id\":\"https:\\\/\\\/droix.eu\\\/fr\\\/product\\\/sacoche-anbernic-rg-cube\\\/#breadcrumblist\"},\"image\":{\"@type\":\"ImageObject\",\"url\":\"https:\\\/\\\/droix.eu\\\/wp-content\\\/uploads\\\/2024\\\/07\\\/CUBE-CASE.png\",\"@id\":\"https:\\\/\\\/droix.eu\\\/fr\\\/product\\\/sacoche-anbernic-rg-cube\\\/#mainImage\",\"width\":1001,\"height\":1001,\"caption\":\"L'\\u00e9tui Cube d'Anbernic, de couleur noire, pr\\u00e9sente un design compact et \\u00e9l\\u00e9gant avec un ext\\u00e9rieur textur\\u00e9 durable pour une meilleure prise en main. La mallette comprend des inserts en mousse sur mesure qui maintiennent fermement la console de jeu Anbernic et ses accessoires, garantissant ainsi leur protection pendant le voyage.\"},\"primaryImageOfPage\":{\"@id\":\"https:\\\/\\\/droix.eu\\\/fr\\\/product\\\/sacoche-anbernic-rg-cube\\\/#mainImage\"},\"datePublished\":\"2024-07-16T11:40:59+01:00\",\"dateModified\":\"2026-03-27T12:33:39+00:00\"},{\"@type\":\"WebSite\",\"@id\":\"https:\\\/\\\/droix.eu\\\/fr\\\/#website\",\"url\":\"https:\\\/\\\/droix.eu\\\/fr\\\/\",\"name\":\"DROIX EU\",\"description\":\"Get the latest Mini PCs, Ultrabook, PC Gaming Handhelds and more!\",\"inLanguage\":\"fr-FR\",\"publisher\":{\"@id\":\"https:\\\/\\\/droix.eu\\\/fr\\\/#organization\"}}]}\n\t\t<\/script>\n\t\t<!-- All in One SEO Pro -->\r\n\t\t<title>Sacoche ANBERNIC RG Cube - DROIX EU<\/title>\n\n","aioseo_head_json":{"title":"Sacoche ANBERNIC RG Cube - DROIX EU","description":"Accessoire ANBERNIC officiel Protection sup\u00e9rieure Fabriqu\u00e9 en cuir de qualit\u00e9 sup\u00e9rieure Doublure en tissu doux pour une protection accrue. Le paquet comprend 1x \u00c9tui","canonical_url":"https:\/\/droix.eu\/fr\/product\/sacoche-anbernic-rg-cube\/","robots":"max-image-preview:large","keywords":"","webmasterTools":{"miscellaneous":""},"schema":{"@context":"https:\/\/schema.org","@graph":[{"@type":"BreadcrumbList","@id":"https:\/\/droix.eu\/fr\/product\/sacoche-anbernic-rg-cube\/#breadcrumblist","itemListElement":[{"@type":"ListItem","@id":"https:\/\/droix.eu\/fr\/#listItem","position":1,"name":"Home","item":"https:\/\/droix.eu\/fr\/","nextItem":{"@type":"ListItem","@id":"https:\/\/droix.eu\/fr\/product-category\/accessoires\/#listItem","name":"Accessoires"}},{"@type":"ListItem","@id":"https:\/\/droix.eu\/fr\/product-category\/accessoires\/#listItem","position":2,"name":"Accessoires","item":"https:\/\/droix.eu\/fr\/product-category\/accessoires\/","nextItem":{"@type":"ListItem","@id":"https:\/\/droix.eu\/fr\/product-category\/accessoires\/accessoires-de-jeu\/#listItem","name":"Accessoires de jeu"},"previousItem":{"@type":"ListItem","@id":"https:\/\/droix.eu\/fr\/#listItem","name":"Home"}},{"@type":"ListItem","@id":"https:\/\/droix.eu\/fr\/product-category\/accessoires\/accessoires-de-jeu\/#listItem","position":3,"name":"Accessoires de jeu","item":"https:\/\/droix.eu\/fr\/product-category\/accessoires\/accessoires-de-jeu\/","nextItem":{"@type":"ListItem","@id":"https:\/\/droix.eu\/fr\/product\/sacoche-anbernic-rg-cube\/#listItem","name":"Sacoche ANBERNIC RG Cube"},"previousItem":{"@type":"ListItem","@id":"https:\/\/droix.eu\/fr\/product-category\/accessoires\/#listItem","name":"Accessoires"}},{"@type":"ListItem","@id":"https:\/\/droix.eu\/fr\/product\/sacoche-anbernic-rg-cube\/#listItem","position":4,"name":"Sacoche ANBERNIC RG Cube","previousItem":{"@type":"ListItem","@id":"https:\/\/droix.eu\/fr\/product-category\/accessoires\/accessoires-de-jeu\/#listItem","name":"Accessoires de jeu"}}]},{"@type":"Organization","@id":"https:\/\/droix.eu\/fr\/#organization","name":"DroiX \u2013 Trusted EU Tech Retailer with 12+ Years Experience","description":"DroiX is a leading European technology retailer with over 12 years of experience, offering quality mini PCs, handheld gaming consoles, and tech accessories. We provide hassle-free EU delivery with all taxes included, ensuring a smooth and reliable shopping experience for our customers across Europe.","url":"https:\/\/droix.eu\/fr\/","logo":{"@type":"ImageObject","url":"https:\/\/droix.eu\/wp-content\/uploads\/2024\/06\/droix-v2-light-logo.png","@id":"https:\/\/droix.eu\/fr\/product\/sacoche-anbernic-rg-cube\/#organizationLogo","width":380,"height":118},"image":{"@id":"https:\/\/droix.eu\/fr\/product\/sacoche-anbernic-rg-cube\/#organizationLogo"},"sameAs":["https:\/\/www.facebook.com\/DroiX.Store","https:\/\/twitter.com\/DroiX_Store","https:\/\/www.instagram.com\/droix.store\/","https:\/\/www.tiktok.com\/@droix.store","https:\/\/www.youtube.com\/c\/DroiX_Store","https:\/\/uk.linkedin.com\/company\/droix"]},{"@type":"Product","@id":"https:\/\/droix.eu\/fr\/product\/sacoche-anbernic-rg-cube\/#wooCommerceProduct","name":"Sacoche ANBERNIC RG Cube","description":"Accessoire ANBERNIC officiel\nProtection sup\u00e9rieure Fabriqu\u00e9 en cuir de qualit\u00e9 sup\u00e9rieure\nDoublure en tissu doux pour une protection accrue.","url":"https:\/\/droix.eu\/fr\/product\/sacoche-anbernic-rg-cube\/","sku":"RG-CUBE-BAG","gtin":"5060763679351","image":{"@type":"ImageObject","url":"https:\/\/droix.eu\/wp-content\/uploads\/2024\/07\/CUBE-CASE.png","@id":"https:\/\/droix.eu\/fr\/product\/sacoche-anbernic-rg-cube\/#productImage","width":1001,"height":1001,"caption":"L'\u00e9tui Cube d'Anbernic, de couleur noire, pr\u00e9sente un design compact et \u00e9l\u00e9gant avec un ext\u00e9rieur textur\u00e9 durable pour une meilleure prise en main. La mallette comprend des inserts en mousse sur mesure qui maintiennent fermement la console de jeu Anbernic et ses accessoires, garantissant ainsi leur protection pendant le voyage."},"offers":{"@type":"Offer","url":"https:\/\/droix.eu\/fr\/product\/sacoche-anbernic-rg-cube\/#wooCommerceOffer","price":6.09,"priceCurrency":"EUR","category":"Accessoires","availability":"https:\/\/schema.org\/OutOfStock","priceSpecification":{"@type":"PriceSpecification","price":6.09,"priceCurrency":"EUR","valueAddedTaxIncluded":"true"},"seller":{"@type":"Organization","@id":"https:\/\/droix.eu\/fr\/#organization"}}},{"@type":"WebPage","@id":"https:\/\/droix.eu\/fr\/product\/sacoche-anbernic-rg-cube\/#webpage","url":"https:\/\/droix.eu\/fr\/product\/sacoche-anbernic-rg-cube\/","name":"Sacoche ANBERNIC RG Cube - DROIX EU","description":"Accessoire ANBERNIC officiel Protection sup\u00e9rieure Fabriqu\u00e9 en cuir de qualit\u00e9 sup\u00e9rieure Doublure en tissu doux pour une protection accrue. Le paquet comprend 1x \u00c9tui","inLanguage":"fr-FR","isPartOf":{"@id":"https:\/\/droix.eu\/fr\/#website"},"breadcrumb":{"@id":"https:\/\/droix.eu\/fr\/product\/sacoche-anbernic-rg-cube\/#breadcrumblist"},"image":{"@type":"ImageObject","url":"https:\/\/droix.eu\/wp-content\/uploads\/2024\/07\/CUBE-CASE.png","@id":"https:\/\/droix.eu\/fr\/product\/sacoche-anbernic-rg-cube\/#mainImage","width":1001,"height":1001,"caption":"L'\u00e9tui Cube d'Anbernic, de couleur noire, pr\u00e9sente un design compact et \u00e9l\u00e9gant avec un ext\u00e9rieur textur\u00e9 durable pour une meilleure prise en main. La mallette comprend des inserts en mousse sur mesure qui maintiennent fermement la console de jeu Anbernic et ses accessoires, garantissant ainsi leur protection pendant le voyage."},"primaryImageOfPage":{"@id":"https:\/\/droix.eu\/fr\/product\/sacoche-anbernic-rg-cube\/#mainImage"},"datePublished":"2024-07-16T11:40:59+01:00","dateModified":"2026-03-27T12:33:39+00:00"},{"@type":"WebSite","@id":"https:\/\/droix.eu\/fr\/#website","url":"https:\/\/droix.eu\/fr\/","name":"DROIX EU","description":"Get the latest Mini PCs, Ultrabook, PC Gaming Handhelds and more!","inLanguage":"fr-FR","publisher":{"@id":"https:\/\/droix.eu\/fr\/#organization"}}]},"og:locale":"fr_FR","og:site_name":"DROIX EU - Get the latest Mini PCs, Ultrabook, PC Gaming Handhelds and more!","og:type":"article","og:title":"Sacoche ANBERNIC RG Cube - DROIX EU","og:description":"Accessoire ANBERNIC officiel Protection sup\u00e9rieure Fabriqu\u00e9 en cuir de qualit\u00e9 sup\u00e9rieure Doublure en tissu doux pour une protection accrue. Le paquet comprend 1x \u00c9tui","og:url":"https:\/\/droix.eu\/fr\/product\/sacoche-anbernic-rg-cube\/","og:image":"https:\/\/droix.eu\/wp-content\/uploads\/2024\/06\/droix-v2-light-logo.png","og:image:secure_url":"https:\/\/droix.eu\/wp-content\/uploads\/2024\/06\/droix-v2-light-logo.png","og:image:width":380,"og:image:height":118,"article:published_time":"2024-07-16T10:40:59+00:00","article:modified_time":"2026-03-27T12:33:39+00:00","article:publisher":"https:\/\/www.facebook.com\/DroiX.Store","twitter:card":"summary_large_image","twitter:site":"@DroiX_Store","twitter:title":"Sacoche ANBERNIC RG Cube - DROIX EU","twitter:description":"Accessoire ANBERNIC officiel Protection sup\u00e9rieure Fabriqu\u00e9 en cuir de qualit\u00e9 sup\u00e9rieure Doublure en tissu doux pour une protection accrue. Le paquet comprend 1x \u00c9tui","twitter:image":"https:\/\/droix.eu\/wp-content\/uploads\/2024\/06\/droix-v2-light-logo.png"},"aioseo_meta_data":{"post_id":"508844","title":null,"description":null,"keywords":null,"keyphrases":null,"primary_term":null,"canonical_url":null,"og_title":null,"og_description":null,"og_object_type":"default","og_image_type":"default","og_image_url":null,"og_image_width":null,"og_image_height":null,"og_image_custom_url":null,"og_image_custom_fields":null,"og_video":null,"og_custom_url":null,"og_article_section":null,"og_article_tags":null,"twitter_use_og":true,"twitter_card":"default","twitter_image_type":"default","twitter_image_url":null,"twitter_image_custom_url":null,"twitter_image_custom_fields":null,"twitter_title":null,"twitter_description":null,"schema":{"blockGraphs":[],"customGraphs":[],"default":{"data":{"Article":[],"Course":[],"Dataset":[],"FAQPage":[],"Movie":[],"Person":[],"Product":[],"ProductReview":[],"Car":[],"Recipe":[],"Service":[],"SoftwareApplication":[],"WebPage":[]},"graphName":"Product","isEnabled":true},"graphs":[]},"schema_type":"default","schema_type_options":null,"pillar_content":false,"robots_default":true,"robots_noindex":false,"robots_noarchive":false,"robots_nosnippet":false,"robots_nofollow":false,"robots_noimageindex":false,"robots_noodp":false,"robots_notranslate":false,"robots_max_snippet":null,"robots_max_videopreview":null,"robots_max_imagepreview":"large","priority":null,"frequency":null,"local_seo":null,"seo_analyzer_scan_date":"2026-03-27 12:51:38","breadcrumb_settings":null,"limit_modified_date":false,"reviewed_by":null,"open_ai":null,"ai":null,"created":"2025-10-09 05:49:46","updated":"2026-03-27 14:08:23"},"aioseo_breadcrumb":"<div class=\"aioseo-breadcrumbs\"><span class=\"aioseo-breadcrumb\">\n\t<a href=\"https:\/\/droix.eu\/fr\/\" title=\"Home\">Home<\/a>\n<\/span><span class=\"aioseo-breadcrumb-separator\">&raquo;<\/span><span class=\"aioseo-breadcrumb\">\n\t<a href=\"https:\/\/droix.eu\/fr\/product-category\/accessoires\/\" title=\"Accessoires\">Accessoires<\/a>\n<\/span><span class=\"aioseo-breadcrumb-separator\">&raquo;<\/span><span class=\"aioseo-breadcrumb\">\n\t<a href=\"https:\/\/droix.eu\/fr\/product-category\/accessoires\/accessoires-de-jeu\/\" title=\"Accessoires de jeu\">Accessoires de jeu<\/a>\n<\/span><span class=\"aioseo-breadcrumb-separator\">&raquo;<\/span><span class=\"aioseo-breadcrumb\">\n\tSacoche ANBERNIC RG Cube\n<\/span><\/div>","aioseo_breadcrumb_json":[{"label":"Home","link":"https:\/\/droix.eu\/fr\/"},{"label":"Accessoires","link":"https:\/\/droix.eu\/fr\/product-category\/accessoires\/"},{"label":"Accessoires de jeu","link":"https:\/\/droix.eu\/fr\/product-category\/accessoires\/accessoires-de-jeu\/"},{"label":"Sacoche ANBERNIC RG Cube","link":"https:\/\/droix.eu\/fr\/product\/sacoche-anbernic-rg-cube\/"}],"_links":{"self":[{"href":"https:\/\/droix.eu\/fr\/wp-json\/wp\/v2\/product\/508844","targetHints":{"allow":["GET"]}}],"collection":[{"href":"https:\/\/droix.eu\/fr\/wp-json\/wp\/v2\/product"}],"about":[{"href":"https:\/\/droix.eu\/fr\/wp-json\/wp\/v2\/types\/product"}],"version-history":[{"count":0,"href":"https:\/\/droix.eu\/fr\/wp-json\/wp\/v2\/product\/508844\/revisions"}],"wp:featuredmedia":[{"embeddable":true,"href":"https:\/\/droix.eu\/fr\/wp-json\/wp\/v2\/media\/486290"}],"wp:attachment":[{"href":"https:\/\/droix.eu\/fr\/wp-json\/wp\/v2\/media?parent=508844"}],"wp:term":[{"taxonomy":"product_brand","embeddable":true,"href":"https:\/\/droix.eu\/fr\/wp-json\/wp\/v2\/product_brand?post=508844"},{"taxonomy":"product_cat","embeddable":true,"href":"https:\/\/droix.eu\/fr\/wp-json\/wp\/v2\/product_cat?post=508844"},{"taxonomy":"product_tag","embeddable":true,"href":"https:\/\/droix.eu\/fr\/wp-json\/wp\/v2\/product_tag?post=508844"},{"taxonomy":"woo-feed-brand","embeddable":true,"href":"https:\/\/droix.eu\/fr\/wp-json\/wp\/v2\/woo-feed-brand?post=508844"},{"taxonomy":"key-features","embeddable":true,"href":"https:\/\/droix.eu\/fr\/wp-json\/wp\/v2\/key-features?post=508844"}],"curies":[{"name":"wp","href":"https:\/\/api.w.org\/{rel}","templated":true}]}}