{"id":507749,"date":"2024-09-19T12:02:29","date_gmt":"2024-09-19T11:02:29","guid":{"rendered":"https:\/\/droix.eu\/product\/accessoires-pour-ayaneo-pocket-s\/"},"modified":"2026-04-08T10:13:47","modified_gmt":"2026-04-08T09:13:47","slug":"accessoires-pour-ayaneo-pocket-s","status":"publish","type":"product","link":"https:\/\/droix.eu\/fr\/product\/accessoires-pour-ayaneo-pocket-s\/","title":{"rendered":"AYANEO Pocket S Accessoires"},"content":{"rendered":"\n<p>Am\u00e9liorez votre exp\u00e9rience de jeu avec l&#8217;AYANEO Pocket S gr\u00e2ce \u00e0 cet ensemble d&#8217;accessoires indispensables, con\u00e7us pour la protection, le confort et l&#8217;am\u00e9lioration du jeu.<\/p>\n\n<ul class=\"wp-block-list\">\n<li><strong><strong>Coque de protection ergonomique \u00e0 prise confortable<\/strong><\/strong>: Con\u00e7ue avec un design ergonomique innovant, cette coque de protection am\u00e9liore consid\u00e9rablement le confort et la fonctionnalit\u00e9 de votre AYANEO Pocket S. La texture antid\u00e9rapante assure une prise en main ferme et s\u00fbre, et la large poign\u00e9e profil\u00e9e offre une prise en main compl\u00e8te et confortable, permettant des sessions de jeu prolong\u00e9es et sans fatigue. Cette coque durable enveloppe solidement votre appareil, offrant une protection compl\u00e8te pour prot\u00e9ger votre AYANEO Pocket S des chocs quotidiens, des rayures et de l&#8217;usure. <\/li>\n\n\n\n<li><strong>Protecteur d&#8217;\u00e9cran<\/strong> : Prot\u00e9gez votre \u00e9cran avec un protecteur d&#8217;\u00e9cran ultra-clair de haute qualit\u00e9. Con\u00e7u pour r\u00e9sister aux rayures, aux traces et aux empreintes digitales, il garantit que votre \u00e9cran reste aussi vibrant et r\u00e9actif que jamais. Sa conception facile \u00e0 appliquer garantit une installation sans bulle, gardant votre \u00e9cran intact tout en maintenant la sensibilit\u00e9 tactile pour un jeu fluide et ininterrompu.  <\/li>\n\n\n\n<li><strong>Grips pour les pouces<\/strong> : Am\u00e9liorez votre contr\u00f4le avec des grips pour les pouces de qualit\u00e9 sup\u00e9rieure. Ces couvercles en silicone pour les sticks analogiques offrent une adh\u00e9rence et une pr\u00e9cision sup\u00e9rieures, vous aidant \u00e0 maintenir le contr\u00f4le m\u00eame dans les moments de jeu les plus intenses. Con\u00e7us pour r\u00e9duire la fatigue et am\u00e9liorer le confort, ces grips pour les pouces permettent des mouvements plus pr\u00e9cis, vous donnant l&#8217;avantage comp\u00e9titif dont vous avez besoin.  <\/li>\n<\/ul>\n\n<p>Ce kit d&#8217;accessoires garantit que votre AYANEO Pocket S reste prot\u00e9g\u00e9 et pr\u00eat \u00e0 l&#8217;action, tout en am\u00e9liorant l&#8217;exp\u00e9rience de jeu gr\u00e2ce \u00e0 des am\u00e9liorations ergonomiques.<\/p>\n","protected":false},"excerpt":{"rendered":"<ul>\n<li>\u00c9tui <strong>officiel<\/strong> AYANEO Pocket S<\/li>\n<li>Doublure en tissu doux pour une <strong>protection accrue<\/strong>.<\/li>\n<li>Texture antid\u00e9rapante et poign\u00e9e de grande taille pour une prise en main s\u00e9curis\u00e9e.<\/li>\n<li>Protection ultra-claire de haute qualit\u00e9 pour pr\u00e9venir les rayures et les traces.<\/li>\n<li>Maintient la sensibilit\u00e9 tactile pour un jeu fluide.<\/li>\n<\/ul>\n[cg_accordion title=\"Garantie d'un an, exp\u00e9rience \u00e0 l'appui\"]<\/p>\n<p>Votre achat est prot\u00e9g\u00e9 par notre garantie d&#8217;un an et plus de 13 ans de service de confiance. Avec plus de 500 000 clients satisfaits, vous \u00eates entre de bonnes mains. [\/cg_accordion]\n[cg_accordion title=\"Assurance de la qualit\u00e9 et tests pr\u00e9alables \u00e0 l'exp\u00e9dition\"]<\/p>\n<p>Garantir la satisfaction du client au plus haut niveau : Chaque appareil est soumis \u00e0 des tests rigoureux et \u00e0 un contr\u00f4le de qualit\u00e9 en plusieurs points avant d&#8217;\u00eatre exp\u00e9di\u00e9. Notre \u00e9quipe d\u00e9di\u00e9e v\u00e9rifie la performance, la fonctionnalit\u00e9 et l&#8217;int\u00e9grit\u00e9 des composants pour garantir que votre appareil AYANEO est en parfait \u00e9tat de fonctionnement \u00e0 l&#8217;arriv\u00e9e, vous apportant confiance et tranquillit\u00e9 d&#8217;esprit. [\/cg_accordion]\n[cg_accordion title=\"Options de paiement flexibles et s\u00e9curis\u00e9es\"]<\/p>\n<p>Profitez de la tranquillit\u00e9 d&#8217;esprit gr\u00e2ce \u00e0 notre syst\u00e8me de paiement s\u00e9curis\u00e9. Nous prenons en charge tous les principaux modes de paiement, y compris les cartes de d\u00e9bit\/cr\u00e9dit, PayPal, Apple Pay, Google Pay, Klarna, Afterpay et Affirm, ce qui vous donne la libert\u00e9 de payer \u00e0 votre guise, que ce soit d&#8217;un seul coup ou en plusieurs fois. [\/cg_accordion]\n[cg_accordion title=\"Imp\u00f4ts\"]<\/p>\n<p>Les prix incluent la TVA applicable, qui peut aller jusqu&#8217;\u00e0 25 % selon votre pays. Le montant exact est indiqu\u00e9 lors de la commande afin de garantir une totale transparence. [\/cg_accordion]\n[cg_accordion title=\"Exp\u00e9dition et retours\"]<\/p>\n<p>Nous travaillons avec plus de 10 partenaires d&#8217;exp\u00e9dition de confiance pour garantir que votre commande arrive rapidement, en toute s\u00e9curit\u00e9 et de mani\u00e8re fiable.<\/p>\n<p>Nous utilisons le service d&#8217;exp\u00e9dition express DDP (Delivered Duty Paid). Cela signifie que : <\/p>\n<li>Tous les droits de douane et taxes sont d\u00e9j\u00e0 inclus dans le prix du produit indiqu\u00e9.<\/li>\n<li>Vous n&#8217;aurez pas de frais surprises \u00e0 la livraison.<\/li>\n<li>Dans les rares cas de retard aux douanes, notre \u00e9quipe s&#8217;occupera de la proc\u00e9dure de d\u00e9douanement pour vous afin d&#8217;assurer une livraison sans probl\u00e8me.<\/li>\n<p>Informations importantes concernant les retours :<\/p>\n<li>Si vous retournez votre commande ou demandez un remboursement, veuillez noter que les taxes et droits pay\u00e9s en votre nom selon les conditions DDP ne sont pas remboursables.<\/li>\n<p>Veuillez vous r\u00e9f\u00e9rer \u00e0 nos <a href=\"https:\/\/droix.eu\/fr\/modalites-et-conditions\/\" target=\"_blank\" rel=\"nofollow noopener\">conditions g\u00e9n\u00e9rales<\/a> pour plus d&#8217;informations.\n<\/ul>\n<p>[\/cg_accordion]\n[cg_accordion title=\"Soutien \u00e0 la client\u00e8le\"]<\/p>\n<p>Vous avez une question ? Il suffit d&#8217;un petit texto pour que votre probl\u00e8me soit r\u00e9solu ! [\/cg_accordion]\n[cg_accordion title=\"Le paquet comprend\"]<\/p>\n<ul>\n<li>1x AYANEO Pocket S Case<\/li>\n<li>1x Protection d&#8217;\u00e9cran AYANEO Pocket S<\/li>\n<li>1x AYANEO Pocket S Grips<\/li>\n<\/ul>\n<p>[\/cg_accordion]\n","protected":false},"featured_media":491254,"template":"","meta":{"_acf_changed":false},"product_brand":[],"product_cat":[10611],"product_tag":[],"woo-feed-brand":[],"key-features":[],"class_list":{"0":"post-507749","1":"product","2":"type-product","3":"status-publish","4":"has-post-thumbnail","6":"product_cat-non-classe","7":"product_shipping_class-low-end","8":"pa_accessory-type-grip","9":"pa_accessory-type-protective-case","10":"pa_accessory-type-screen-protector","11":"pa_brands-ayaneo-fr","13":"first","14":"instock","15":"sale","16":"taxable","17":"shipping-taxable","18":"purchasable","19":"product-type-simple"},"acf":[],"aioseo_notices":[],"aioseo_head":"\n\t\t<!-- All in One SEO Pro 4.9.5.2 - aioseo.com -->\n\t<meta name=\"description\" content=\"\u00c9tui officiel AYANEO Pocket S Doublure en tissu doux pour une protection accrue. Texture antid\u00e9rapante et poign\u00e9e de grande taille pour une prise en main s\u00e9curis\u00e9e. Protection ultra-claire de haute qualit\u00e9 pour pr\u00e9venir les rayures et les traces. Maintient la sensibilit\u00e9 tactile pour un jeu fluide.\" \/>\n\t<meta name=\"robots\" content=\"max-image-preview:large\" \/>\n\t<link rel=\"canonical\" href=\"https:\/\/droix.eu\/fr\/product\/accessoires-pour-ayaneo-pocket-s\/\" \/>\n\t<meta name=\"generator\" content=\"All in One SEO Pro (AIOSEO) 4.9.5.2\" \/>\n\t\t<meta property=\"og:locale\" content=\"fr_FR\" \/>\n\t\t<meta property=\"og:site_name\" content=\"DROIX EU - Get the latest Mini PCs, Ultrabook, PC Gaming Handhelds and more!\" \/>\n\t\t<meta property=\"og:type\" content=\"article\" \/>\n\t\t<meta property=\"og:title\" content=\"AYANEO Pocket S Accessoires - DROIX EU\" \/>\n\t\t<meta property=\"og:description\" content=\"\u00c9tui officiel AYANEO Pocket S Doublure en tissu doux pour une protection accrue. Texture antid\u00e9rapante et poign\u00e9e de grande taille pour une prise en main s\u00e9curis\u00e9e. Protection ultra-claire de haute qualit\u00e9 pour pr\u00e9venir les rayures et les traces. Maintient la sensibilit\u00e9 tactile pour un jeu fluide.\" \/>\n\t\t<meta property=\"og:url\" content=\"https:\/\/droix.eu\/fr\/product\/accessoires-pour-ayaneo-pocket-s\/\" \/>\n\t\t<meta property=\"og:image\" content=\"https:\/\/droix.eu\/wp-content\/uploads\/2024\/06\/droix-v2-light-logo.png\" \/>\n\t\t<meta property=\"og:image:secure_url\" content=\"https:\/\/droix.eu\/wp-content\/uploads\/2024\/06\/droix-v2-light-logo.png\" \/>\n\t\t<meta property=\"og:image:width\" content=\"380\" \/>\n\t\t<meta property=\"og:image:height\" content=\"118\" \/>\n\t\t<meta property=\"article:published_time\" content=\"2024-09-19T11:02:29+00:00\" \/>\n\t\t<meta property=\"article:modified_time\" content=\"2026-04-08T09:13:47+00:00\" \/>\n\t\t<meta property=\"article:publisher\" content=\"https:\/\/www.facebook.com\/DroiX.Store\" \/>\n\t\t<meta name=\"twitter:card\" content=\"summary_large_image\" \/>\n\t\t<meta name=\"twitter:site\" content=\"@DroiX_Store\" \/>\n\t\t<meta name=\"twitter:title\" content=\"AYANEO Pocket S Accessoires - DROIX EU\" \/>\n\t\t<meta name=\"twitter:description\" content=\"\u00c9tui officiel AYANEO Pocket S Doublure en tissu doux pour une protection accrue. Texture antid\u00e9rapante et poign\u00e9e de grande taille pour une prise en main s\u00e9curis\u00e9e. Protection ultra-claire de haute qualit\u00e9 pour pr\u00e9venir les rayures et les traces. Maintient la sensibilit\u00e9 tactile pour un jeu fluide.\" \/>\n\t\t<meta name=\"twitter:image\" content=\"https:\/\/droix.eu\/wp-content\/uploads\/2024\/06\/droix-v2-light-logo.png\" \/>\n\t\t<script type=\"application\/ld+json\" class=\"aioseo-schema\">\n\t\t\t{\"@context\":\"https:\\\/\\\/schema.org\",\"@graph\":[{\"@type\":\"BreadcrumbList\",\"@id\":\"https:\\\/\\\/droix.eu\\\/fr\\\/product\\\/accessoires-pour-ayaneo-pocket-s\\\/#breadcrumblist\",\"itemListElement\":[{\"@type\":\"ListItem\",\"@id\":\"https:\\\/\\\/droix.eu\\\/fr\\\/#listItem\",\"position\":1,\"name\":\"Home\",\"item\":\"https:\\\/\\\/droix.eu\\\/fr\\\/\",\"nextItem\":{\"@type\":\"ListItem\",\"@id\":\"https:\\\/\\\/droix.eu\\\/fr\\\/product-category\\\/non-classe\\\/#listItem\",\"name\":\"Non class\\u00e9\"}},{\"@type\":\"ListItem\",\"@id\":\"https:\\\/\\\/droix.eu\\\/fr\\\/product-category\\\/non-classe\\\/#listItem\",\"position\":2,\"name\":\"Non class\\u00e9\",\"item\":\"https:\\\/\\\/droix.eu\\\/fr\\\/product-category\\\/non-classe\\\/\",\"nextItem\":{\"@type\":\"ListItem\",\"@id\":\"https:\\\/\\\/droix.eu\\\/fr\\\/product\\\/accessoires-pour-ayaneo-pocket-s\\\/#listItem\",\"name\":\"AYANEO Pocket S Accessoires\"},\"previousItem\":{\"@type\":\"ListItem\",\"@id\":\"https:\\\/\\\/droix.eu\\\/fr\\\/#listItem\",\"name\":\"Home\"}},{\"@type\":\"ListItem\",\"@id\":\"https:\\\/\\\/droix.eu\\\/fr\\\/product\\\/accessoires-pour-ayaneo-pocket-s\\\/#listItem\",\"position\":3,\"name\":\"AYANEO Pocket S Accessoires\",\"previousItem\":{\"@type\":\"ListItem\",\"@id\":\"https:\\\/\\\/droix.eu\\\/fr\\\/product-category\\\/non-classe\\\/#listItem\",\"name\":\"Non class\\u00e9\"}}]},{\"@type\":\"Organization\",\"@id\":\"https:\\\/\\\/droix.eu\\\/fr\\\/#organization\",\"name\":\"DroiX \\u2013 Trusted EU Tech Retailer with 12+ Years Experience\",\"description\":\"DroiX is a leading European technology retailer with over 12 years of experience, offering quality mini PCs, handheld gaming consoles, and tech accessories. We provide hassle-free EU delivery with all taxes included, ensuring a smooth and reliable shopping experience for our customers across Europe.\",\"url\":\"https:\\\/\\\/droix.eu\\\/fr\\\/\",\"logo\":{\"@type\":\"ImageObject\",\"url\":\"https:\\\/\\\/droix.eu\\\/wp-content\\\/uploads\\\/2024\\\/06\\\/droix-v2-light-logo.png\",\"@id\":\"https:\\\/\\\/droix.eu\\\/fr\\\/product\\\/accessoires-pour-ayaneo-pocket-s\\\/#organizationLogo\",\"width\":380,\"height\":118},\"image\":{\"@id\":\"https:\\\/\\\/droix.eu\\\/fr\\\/product\\\/accessoires-pour-ayaneo-pocket-s\\\/#organizationLogo\"},\"sameAs\":[\"https:\\\/\\\/www.facebook.com\\\/DroiX.Store\",\"https:\\\/\\\/twitter.com\\\/DroiX_Store\",\"https:\\\/\\\/www.instagram.com\\\/droix.store\\\/\",\"https:\\\/\\\/www.tiktok.com\\\/@droix.store\",\"https:\\\/\\\/www.youtube.com\\\/c\\\/DroiX_Store\",\"https:\\\/\\\/uk.linkedin.com\\\/company\\\/droix\"]},{\"@type\":\"Product\",\"@id\":\"https:\\\/\\\/droix.eu\\\/fr\\\/product\\\/accessoires-pour-ayaneo-pocket-s\\\/#wooCommerceProduct\",\"name\":\"AYANEO Pocket S Accessoires\",\"description\":\"\\u00c9tui officiel AYANEO Pocket S\\n \\tDoublure en tissu doux pour une protection accrue.\\n \\tTexture antid\\u00e9rapante et poign\\u00e9e de grande taille pour une prise en main s\\u00e9curis\\u00e9e.\\n \\tProtection ultra-claire de haute qualit\\u00e9 pour pr\\u00e9venir les rayures et les traces.\\n \\tMaintient la sensibilit\\u00e9 tactile pour un jeu fluide.\",\"url\":\"https:\\\/\\\/droix.eu\\\/fr\\\/product\\\/accessoires-pour-ayaneo-pocket-s\\\/\",\"sku\":\"AYANEO-POCKET-S-FREEBIES\",\"image\":{\"@type\":\"ImageObject\",\"url\":\"https:\\\/\\\/droix.eu\\\/wp-content\\\/uploads\\\/2024\\\/09\\\/AYANEO-POCKET-S-ACCESSORIES-LISTING-DONE-01.png\",\"@id\":\"https:\\\/\\\/droix.eu\\\/fr\\\/product\\\/accessoires-pour-ayaneo-pocket-s\\\/#productImage\",\"width\":1500,\"height\":1500,\"caption\":\"Accessoires AYANEO Pocket S gratuits (Etui + Grips + Protecteur d'\\u00e9cran)\"},\"offers\":{\"@type\":\"Offer\",\"url\":\"https:\\\/\\\/droix.eu\\\/fr\\\/product\\\/accessoires-pour-ayaneo-pocket-s\\\/#wooCommerceOffer\",\"price\":11.01,\"priceCurrency\":\"EUR\",\"availability\":\"https:\\\/\\\/schema.org\\\/InStock\",\"priceSpecification\":{\"@type\":\"PriceSpecification\",\"price\":11.01,\"priceCurrency\":\"EUR\",\"valueAddedTaxIncluded\":\"true\"},\"seller\":{\"@type\":\"Organization\",\"@id\":\"https:\\\/\\\/droix.eu\\\/fr\\\/#organization\"}}},{\"@type\":\"WebPage\",\"@id\":\"https:\\\/\\\/droix.eu\\\/fr\\\/product\\\/accessoires-pour-ayaneo-pocket-s\\\/#webpage\",\"url\":\"https:\\\/\\\/droix.eu\\\/fr\\\/product\\\/accessoires-pour-ayaneo-pocket-s\\\/\",\"name\":\"AYANEO Pocket S Accessoires - DROIX EU\",\"description\":\"\\u00c9tui officiel AYANEO Pocket S Doublure en tissu doux pour une protection accrue. Texture antid\\u00e9rapante et poign\\u00e9e de grande taille pour une prise en main s\\u00e9curis\\u00e9e. Protection ultra-claire de haute qualit\\u00e9 pour pr\\u00e9venir les rayures et les traces. Maintient la sensibilit\\u00e9 tactile pour un jeu fluide.\",\"inLanguage\":\"fr-FR\",\"isPartOf\":{\"@id\":\"https:\\\/\\\/droix.eu\\\/fr\\\/#website\"},\"breadcrumb\":{\"@id\":\"https:\\\/\\\/droix.eu\\\/fr\\\/product\\\/accessoires-pour-ayaneo-pocket-s\\\/#breadcrumblist\"},\"image\":{\"@type\":\"ImageObject\",\"url\":\"https:\\\/\\\/droix.eu\\\/wp-content\\\/uploads\\\/2024\\\/09\\\/AYANEO-POCKET-S-ACCESSORIES-LISTING-DONE-01.png\",\"@id\":\"https:\\\/\\\/droix.eu\\\/fr\\\/product\\\/accessoires-pour-ayaneo-pocket-s\\\/#mainImage\",\"width\":1500,\"height\":1500,\"caption\":\"Accessoires AYANEO Pocket S gratuits (Etui + Grips + Protecteur d'\\u00e9cran)\"},\"primaryImageOfPage\":{\"@id\":\"https:\\\/\\\/droix.eu\\\/fr\\\/product\\\/accessoires-pour-ayaneo-pocket-s\\\/#mainImage\"},\"datePublished\":\"2024-09-19T12:02:29+01:00\",\"dateModified\":\"2026-04-08T10:13:47+01:00\"},{\"@type\":\"WebSite\",\"@id\":\"https:\\\/\\\/droix.eu\\\/fr\\\/#website\",\"url\":\"https:\\\/\\\/droix.eu\\\/fr\\\/\",\"name\":\"DROIX EU\",\"description\":\"Get the latest Mini PCs, Ultrabook, PC Gaming Handhelds and more!\",\"inLanguage\":\"fr-FR\",\"publisher\":{\"@id\":\"https:\\\/\\\/droix.eu\\\/fr\\\/#organization\"}}]}\n\t\t<\/script>\n\t\t<!-- All in One SEO Pro -->\r\n\t\t<title>AYANEO Pocket S Accessoires - DROIX EU<\/title>\n\n","aioseo_head_json":{"title":"AYANEO Pocket S Accessoires - DROIX EU","description":"\u00c9tui officiel AYANEO Pocket S Doublure en tissu doux pour une protection accrue. Texture antid\u00e9rapante et poign\u00e9e de grande taille pour une prise en main s\u00e9curis\u00e9e. Protection ultra-claire de haute qualit\u00e9 pour pr\u00e9venir les rayures et les traces. Maintient la sensibilit\u00e9 tactile pour un jeu fluide.","canonical_url":"https:\/\/droix.eu\/fr\/product\/accessoires-pour-ayaneo-pocket-s\/","robots":"max-image-preview:large","keywords":"","webmasterTools":{"miscellaneous":""},"schema":{"@context":"https:\/\/schema.org","@graph":[{"@type":"BreadcrumbList","@id":"https:\/\/droix.eu\/fr\/product\/accessoires-pour-ayaneo-pocket-s\/#breadcrumblist","itemListElement":[{"@type":"ListItem","@id":"https:\/\/droix.eu\/fr\/#listItem","position":1,"name":"Home","item":"https:\/\/droix.eu\/fr\/","nextItem":{"@type":"ListItem","@id":"https:\/\/droix.eu\/fr\/product-category\/non-classe\/#listItem","name":"Non class\u00e9"}},{"@type":"ListItem","@id":"https:\/\/droix.eu\/fr\/product-category\/non-classe\/#listItem","position":2,"name":"Non class\u00e9","item":"https:\/\/droix.eu\/fr\/product-category\/non-classe\/","nextItem":{"@type":"ListItem","@id":"https:\/\/droix.eu\/fr\/product\/accessoires-pour-ayaneo-pocket-s\/#listItem","name":"AYANEO Pocket S Accessoires"},"previousItem":{"@type":"ListItem","@id":"https:\/\/droix.eu\/fr\/#listItem","name":"Home"}},{"@type":"ListItem","@id":"https:\/\/droix.eu\/fr\/product\/accessoires-pour-ayaneo-pocket-s\/#listItem","position":3,"name":"AYANEO Pocket S Accessoires","previousItem":{"@type":"ListItem","@id":"https:\/\/droix.eu\/fr\/product-category\/non-classe\/#listItem","name":"Non class\u00e9"}}]},{"@type":"Organization","@id":"https:\/\/droix.eu\/fr\/#organization","name":"DroiX \u2013 Trusted EU Tech Retailer with 12+ Years Experience","description":"DroiX is a leading European technology retailer with over 12 years of experience, offering quality mini PCs, handheld gaming consoles, and tech accessories. We provide hassle-free EU delivery with all taxes included, ensuring a smooth and reliable shopping experience for our customers across Europe.","url":"https:\/\/droix.eu\/fr\/","logo":{"@type":"ImageObject","url":"https:\/\/droix.eu\/wp-content\/uploads\/2024\/06\/droix-v2-light-logo.png","@id":"https:\/\/droix.eu\/fr\/product\/accessoires-pour-ayaneo-pocket-s\/#organizationLogo","width":380,"height":118},"image":{"@id":"https:\/\/droix.eu\/fr\/product\/accessoires-pour-ayaneo-pocket-s\/#organizationLogo"},"sameAs":["https:\/\/www.facebook.com\/DroiX.Store","https:\/\/twitter.com\/DroiX_Store","https:\/\/www.instagram.com\/droix.store\/","https:\/\/www.tiktok.com\/@droix.store","https:\/\/www.youtube.com\/c\/DroiX_Store","https:\/\/uk.linkedin.com\/company\/droix"]},{"@type":"Product","@id":"https:\/\/droix.eu\/fr\/product\/accessoires-pour-ayaneo-pocket-s\/#wooCommerceProduct","name":"AYANEO Pocket S Accessoires","description":"\u00c9tui officiel AYANEO Pocket S\n \tDoublure en tissu doux pour une protection accrue.\n \tTexture antid\u00e9rapante et poign\u00e9e de grande taille pour une prise en main s\u00e9curis\u00e9e.\n \tProtection ultra-claire de haute qualit\u00e9 pour pr\u00e9venir les rayures et les traces.\n \tMaintient la sensibilit\u00e9 tactile pour un jeu fluide.","url":"https:\/\/droix.eu\/fr\/product\/accessoires-pour-ayaneo-pocket-s\/","sku":"AYANEO-POCKET-S-FREEBIES","image":{"@type":"ImageObject","url":"https:\/\/droix.eu\/wp-content\/uploads\/2024\/09\/AYANEO-POCKET-S-ACCESSORIES-LISTING-DONE-01.png","@id":"https:\/\/droix.eu\/fr\/product\/accessoires-pour-ayaneo-pocket-s\/#productImage","width":1500,"height":1500,"caption":"Accessoires AYANEO Pocket S gratuits (Etui + Grips + Protecteur d'\u00e9cran)"},"offers":{"@type":"Offer","url":"https:\/\/droix.eu\/fr\/product\/accessoires-pour-ayaneo-pocket-s\/#wooCommerceOffer","price":11.01,"priceCurrency":"EUR","availability":"https:\/\/schema.org\/InStock","priceSpecification":{"@type":"PriceSpecification","price":11.01,"priceCurrency":"EUR","valueAddedTaxIncluded":"true"},"seller":{"@type":"Organization","@id":"https:\/\/droix.eu\/fr\/#organization"}}},{"@type":"WebPage","@id":"https:\/\/droix.eu\/fr\/product\/accessoires-pour-ayaneo-pocket-s\/#webpage","url":"https:\/\/droix.eu\/fr\/product\/accessoires-pour-ayaneo-pocket-s\/","name":"AYANEO Pocket S Accessoires - DROIX EU","description":"\u00c9tui officiel AYANEO Pocket S Doublure en tissu doux pour une protection accrue. Texture antid\u00e9rapante et poign\u00e9e de grande taille pour une prise en main s\u00e9curis\u00e9e. Protection ultra-claire de haute qualit\u00e9 pour pr\u00e9venir les rayures et les traces. Maintient la sensibilit\u00e9 tactile pour un jeu fluide.","inLanguage":"fr-FR","isPartOf":{"@id":"https:\/\/droix.eu\/fr\/#website"},"breadcrumb":{"@id":"https:\/\/droix.eu\/fr\/product\/accessoires-pour-ayaneo-pocket-s\/#breadcrumblist"},"image":{"@type":"ImageObject","url":"https:\/\/droix.eu\/wp-content\/uploads\/2024\/09\/AYANEO-POCKET-S-ACCESSORIES-LISTING-DONE-01.png","@id":"https:\/\/droix.eu\/fr\/product\/accessoires-pour-ayaneo-pocket-s\/#mainImage","width":1500,"height":1500,"caption":"Accessoires AYANEO Pocket S gratuits (Etui + Grips + Protecteur d'\u00e9cran)"},"primaryImageOfPage":{"@id":"https:\/\/droix.eu\/fr\/product\/accessoires-pour-ayaneo-pocket-s\/#mainImage"},"datePublished":"2024-09-19T12:02:29+01:00","dateModified":"2026-04-08T10:13:47+01:00"},{"@type":"WebSite","@id":"https:\/\/droix.eu\/fr\/#website","url":"https:\/\/droix.eu\/fr\/","name":"DROIX EU","description":"Get the latest Mini PCs, Ultrabook, PC Gaming Handhelds and more!","inLanguage":"fr-FR","publisher":{"@id":"https:\/\/droix.eu\/fr\/#organization"}}]},"og:locale":"fr_FR","og:site_name":"DROIX EU - Get the latest Mini PCs, Ultrabook, PC Gaming Handhelds and more!","og:type":"article","og:title":"AYANEO Pocket S Accessoires - DROIX EU","og:description":"\u00c9tui officiel AYANEO Pocket S Doublure en tissu doux pour une protection accrue. Texture antid\u00e9rapante et poign\u00e9e de grande taille pour une prise en main s\u00e9curis\u00e9e. Protection ultra-claire de haute qualit\u00e9 pour pr\u00e9venir les rayures et les traces. Maintient la sensibilit\u00e9 tactile pour un jeu fluide.","og:url":"https:\/\/droix.eu\/fr\/product\/accessoires-pour-ayaneo-pocket-s\/","og:image":"https:\/\/droix.eu\/wp-content\/uploads\/2024\/06\/droix-v2-light-logo.png","og:image:secure_url":"https:\/\/droix.eu\/wp-content\/uploads\/2024\/06\/droix-v2-light-logo.png","og:image:width":380,"og:image:height":118,"article:published_time":"2024-09-19T11:02:29+00:00","article:modified_time":"2026-04-08T09:13:47+00:00","article:publisher":"https:\/\/www.facebook.com\/DroiX.Store","twitter:card":"summary_large_image","twitter:site":"@DroiX_Store","twitter:title":"AYANEO Pocket S Accessoires - DROIX EU","twitter:description":"\u00c9tui officiel AYANEO Pocket S Doublure en tissu doux pour une protection accrue. Texture antid\u00e9rapante et poign\u00e9e de grande taille pour une prise en main s\u00e9curis\u00e9e. Protection ultra-claire de haute qualit\u00e9 pour pr\u00e9venir les rayures et les traces. Maintient la sensibilit\u00e9 tactile pour un jeu fluide.","twitter:image":"https:\/\/droix.eu\/wp-content\/uploads\/2024\/06\/droix-v2-light-logo.png"},"aioseo_meta_data":{"post_id":"507749","title":null,"description":null,"keywords":null,"keyphrases":{"focus":{"keyphrase":"","score":0,"analysis":{"keyphraseInTitle":{"score":0,"maxScore":9,"error":1}}},"additional":[]},"primary_term":null,"canonical_url":null,"og_title":null,"og_description":null,"og_object_type":"default","og_image_type":"default","og_image_url":null,"og_image_width":null,"og_image_height":null,"og_image_custom_url":null,"og_image_custom_fields":null,"og_video":"","og_custom_url":null,"og_article_section":null,"og_article_tags":null,"twitter_use_og":true,"twitter_card":"default","twitter_image_type":"default","twitter_image_url":null,"twitter_image_custom_url":null,"twitter_image_custom_fields":null,"twitter_title":null,"twitter_description":null,"schema":{"blockGraphs":[],"customGraphs":[],"default":{"data":{"Article":[],"Course":[],"Dataset":[],"FAQPage":[],"Movie":[],"Person":[],"Product":[],"ProductReview":[],"Car":[],"Recipe":[],"Service":[],"SoftwareApplication":[],"WebPage":[]},"graphName":"Product","isEnabled":true},"graphs":[]},"schema_type":"default","schema_type_options":null,"pillar_content":false,"robots_default":true,"robots_noindex":false,"robots_noarchive":false,"robots_nosnippet":false,"robots_nofollow":false,"robots_noimageindex":false,"robots_noodp":false,"robots_notranslate":false,"robots_max_snippet":"-1","robots_max_videopreview":"-1","robots_max_imagepreview":"large","priority":null,"frequency":"default","local_seo":null,"seo_analyzer_scan_date":"2026-04-08 13:03:31","breadcrumb_settings":null,"limit_modified_date":false,"reviewed_by":null,"open_ai":null,"ai":{"faqs":[],"keyPoints":[],"titles":[],"descriptions":[],"socialPosts":{"email":[],"linkedin":[],"twitter":[],"facebook":[],"instagram":[]}},"created":"2025-09-30 12:09:55","updated":"2026-04-08 13:03:31"},"aioseo_breadcrumb":"<div class=\"aioseo-breadcrumbs\"><span class=\"aioseo-breadcrumb\">\n\t<a href=\"https:\/\/droix.eu\/fr\/\" title=\"Home\">Home<\/a>\n<\/span><span class=\"aioseo-breadcrumb-separator\">&raquo;<\/span><span class=\"aioseo-breadcrumb\">\n\t<a href=\"https:\/\/droix.eu\/fr\/product-category\/non-classe\/\" title=\"Non class\u00e9\">Non class\u00e9<\/a>\n<\/span><span class=\"aioseo-breadcrumb-separator\">&raquo;<\/span><span class=\"aioseo-breadcrumb\">\n\tAYANEO Pocket S Accessoires\n<\/span><\/div>","aioseo_breadcrumb_json":[{"label":"Home","link":"https:\/\/droix.eu\/fr\/"},{"label":"Non class\u00e9","link":"https:\/\/droix.eu\/fr\/product-category\/non-classe\/"},{"label":"AYANEO Pocket S Accessoires","link":"https:\/\/droix.eu\/fr\/product\/accessoires-pour-ayaneo-pocket-s\/"}],"_links":{"self":[{"href":"https:\/\/droix.eu\/fr\/wp-json\/wp\/v2\/product\/507749","targetHints":{"allow":["GET"]}}],"collection":[{"href":"https:\/\/droix.eu\/fr\/wp-json\/wp\/v2\/product"}],"about":[{"href":"https:\/\/droix.eu\/fr\/wp-json\/wp\/v2\/types\/product"}],"version-history":[{"count":1,"href":"https:\/\/droix.eu\/fr\/wp-json\/wp\/v2\/product\/507749\/revisions"}],"predecessor-version":[{"id":714607,"href":"https:\/\/droix.eu\/fr\/wp-json\/wp\/v2\/product\/507749\/revisions\/714607"}],"wp:featuredmedia":[{"embeddable":true,"href":"https:\/\/droix.eu\/fr\/wp-json\/wp\/v2\/media\/491254"}],"wp:attachment":[{"href":"https:\/\/droix.eu\/fr\/wp-json\/wp\/v2\/media?parent=507749"}],"wp:term":[{"taxonomy":"product_brand","embeddable":true,"href":"https:\/\/droix.eu\/fr\/wp-json\/wp\/v2\/product_brand?post=507749"},{"taxonomy":"product_cat","embeddable":true,"href":"https:\/\/droix.eu\/fr\/wp-json\/wp\/v2\/product_cat?post=507749"},{"taxonomy":"product_tag","embeddable":true,"href":"https:\/\/droix.eu\/fr\/wp-json\/wp\/v2\/product_tag?post=507749"},{"taxonomy":"woo-feed-brand","embeddable":true,"href":"https:\/\/droix.eu\/fr\/wp-json\/wp\/v2\/woo-feed-brand?post=507749"},{"taxonomy":"key-features","embeddable":true,"href":"https:\/\/droix.eu\/fr\/wp-json\/wp\/v2\/key-features?post=507749"}],"curies":[{"name":"wp","href":"https:\/\/api.w.org\/{rel}","templated":true}]}}