{"id":503707,"date":"2021-12-23T11:49:46","date_gmt":"2021-12-23T11:49:46","guid":{"rendered":"https:\/\/droix.eu\/politique-en-matiere-de-cookies\/"},"modified":"2025-05-06T15:56:46","modified_gmt":"2025-05-06T14:56:46","slug":"politique-en-matiere-de-cookies","status":"publish","type":"page","link":"https:\/\/droix.eu\/fr\/politique-en-matiere-de-cookies\/","title":{"rendered":"Politique en mati\u00e8re de cookies"},"content":{"rendered":"\n<p>La pr\u00e9sente politique en mati\u00e8re de cookies doit \u00eatre consid\u00e9r\u00e9e comme un tout avec les <a href=\"https:\/\/droix.eu\/fr\/modalites-et-conditions\/\" target=\"_blank\" rel=\"noreferrer noopener\">conditions g\u00e9n\u00e9rales<\/a> et la <a href=\"https:\/\/droix.eu\/fr\/politique-de-confidentialite\/\" target=\"_blank\" rel=\"noreferrer noopener\">politique de confidentialit\u00e9<\/a>.<\/p>\n\n<ol class=\"wp-block-list\">\n<li>Ces conditions de vente s&#8217;appliquent \u00e0 tous les biens fournis par DROIX, dont le si\u00e8ge social est situ\u00e9 au 54C Expressway, N Woolwich Rd, Londres, E16 2AA, Royaume-Uni.\n<ol class=\"wp-block-list\">\n<li>Dans le contrat \u00e9nonc\u00e9, les r\u00e9f\u00e9rences sont les suivantes : Nous (DROIX) sommes le Fournisseur, et vous (le Client).<\/li>\n<\/ol>\n<\/li>\n<\/ol>\n\n<ol class=\"wp-block-list\">\n<li>Le site web du fournisseur utilise des cookies pour distinguer le client, c&#8217;est-\u00e0-dire vous, des autres utilisateurs du site web. Cela aide le fournisseur \u00e0 vous offrir une bonne exp\u00e9rience lorsque vous naviguez sur le site web du fournisseur et permet \u00e9galement au fournisseur d&#8217;am\u00e9liorer notre site. En continuant \u00e0 naviguer sur le site, vous acceptez l&#8217;utilisation de cookies par le fournisseur.  <\/li>\n\n\n\n<li>Un cookie est un petit fichier de lettres et de chiffres que le fournisseur stocke sur votre navigateur ou sur le disque dur de votre ordinateur ou de votre t\u00e9l\u00e9phone portable si vous l&#8217;acceptez. Les cookies contiennent des informations qui sont transf\u00e9r\u00e9es sur le disque dur de votre ordinateur. <\/li>\n\n\n\n<li>Le fournisseur utilise les cookies suivants :\n<ol class=\"wp-block-list\">\n<li>Cookies strictement n\u00e9cessaires. Il s&#8217;agit de cookies qui sont n\u00e9cessaires au fonctionnement du site web du fournisseur. Ils comprennent, par exemple, les cookies qui vous permettent de vous connecter \u00e0 des zones s\u00e9curis\u00e9es du site web du fournisseur et d&#8217;effectuer des transactions.  <\/li>\n\n\n\n<li>Cookies analytiques\/de performance. Ils permettent au fournisseur de reconna\u00eetre et de compter le nombre de visiteurs et de voir comment les visiteurs se d\u00e9placent sur le site web du fournisseur lorsqu&#8217;ils l&#8217;utilisent. Cela aide le fournisseur \u00e0 am\u00e9liorer le fonctionnement du site web, par exemple en veillant \u00e0 ce que les utilisateurs trouvent ce qu&#8217;ils recherchent facilement et sans probl\u00e8me.  <\/li>\n\n\n\n<li>Le fournisseur utilise des cookies Google Analytics. Google Analytics collecte des informations de mani\u00e8re anonyme. Il rend compte des tendances du site web sans identifier les visiteurs individuels. Vous pouvez d\u00e9sactiver Google Analytics sans affecter la fa\u00e7on dont vous visitez ce site. Pour plus d&#8217;informations sur Google Analytics, veuillez cliquer ici.    <\/li>\n\n\n\n<li>Cookies de ciblage. Ces cookies enregistrent votre visite sur le site web du fournisseur, les pages que vous avez visit\u00e9es et les liens que vous avez suivis. Le fournisseur utilise ces informations pour rendre le site web et la publicit\u00e9 qui y est affich\u00e9e plus pertinents par rapport \u00e0 vos int\u00e9r\u00eats. Le fournisseur peut \u00e9galement partager ces informations avec des tiers \u00e0 cette fin.   <\/li>\n<\/ol>\n<\/li>\n\n\n\n<li>Veuillez noter que des tiers (y compris, par exemple, des r\u00e9seaux publicitaires et des fournisseurs de services externes tels que des services d&#8217;analyse du trafic web) peuvent \u00e9galement utiliser des cookies, sur lesquels le Fournisseur n&#8217;a aucun contr\u00f4le. Ces cookies sont susceptibles d&#8217;\u00eatre des cookies analytiques\/de performance ou des cookies de ciblage. <\/li>\n\n\n\n<li>Vous pouvez bloquer les cookies en activant le param\u00e8tre de votre navigateur qui vous permet de refuser la mise en place de tout ou partie des cookies. Toutefois, si vous utilisez les param\u00e8tres de votre navigateur pour bloquer tous les cookies (y compris les cookies essentiels), il se peut que vous ne puissiez pas acc\u00e9der \u00e0 tout ou partie du site web du fournisseur. <\/li>\n<\/ol>\n\n<h2 class=\"wp-block-heading\" id=\"h-cookie-description\">DESCRIPTION DES COOKIES<\/h2>\n<p><script type=\"text\/javascript\" charset=\"UTF-8\" data-cookiescriptreport=\"report\" src=\"\/\/report.cookie-script.com\/r\/21c7c108a50ee55d6c4ed24051df0334.js\"><\/script><\/p>\n\n<p class=\"has-text-align-center\">Politique relative aux cookies derni\u00e8re mise \u00e0 jour : 12 octobre 2022 &#8211; 02h29.<\/p>\n","protected":false},"excerpt":{"rendered":"<p>La pr\u00e9sente politique en mati\u00e8re de cookies doit \u00eatre consid\u00e9r\u00e9e comme un tout avec les conditions g\u00e9n\u00e9rales et la politique de confidentialit\u00e9. DESCRIPTION DES COOKIES Politique relative aux cookies derni\u00e8re mise \u00e0 jour : 12 octobre 2022 &#8211; 02h29.<\/p>\n","protected":false},"author":1,"featured_media":0,"parent":0,"menu_order":0,"comment_status":"closed","ping_status":"closed","template":"","meta":{"_acf_changed":false,"footnotes":""},"class_list":["post-503707","page","type-page","status-publish","hentry"],"acf":[],"aioseo_notices":[],"aioseo_head":"\n\t\t<!-- All in One SEO Pro 4.9.5.2 - aioseo.com -->\n\t<meta name=\"description\" content=\"La pr\u00e9sente politique en mati\u00e8re de cookies doit \u00eatre consid\u00e9r\u00e9e comme un tout avec les conditions g\u00e9n\u00e9rales et la politique de confidentialit\u00e9. Ces conditions de vente s&#039;appliquent \u00e0 tous les biens fournis par DROIX, dont le si\u00e8ge social est situ\u00e9 au 54C Expressway, N Woolwich Rd, Londres, E16 2AA, Royaume-Uni. Dans le contrat \u00e9nonc\u00e9, les\" \/>\n\t<meta name=\"robots\" content=\"max-image-preview:large\" \/>\n\t<link rel=\"canonical\" href=\"https:\/\/droix.eu\/fr\/politique-en-matiere-de-cookies\/\" \/>\n\t<meta name=\"generator\" content=\"All in One SEO Pro (AIOSEO) 4.9.5.2\" \/>\n\t\t<meta property=\"og:locale\" content=\"fr_FR\" \/>\n\t\t<meta property=\"og:site_name\" content=\"DROIX EU - Get the latest Mini PCs, Ultrabook, PC Gaming Handhelds and more!\" \/>\n\t\t<meta property=\"og:type\" content=\"article\" \/>\n\t\t<meta property=\"og:title\" content=\"Politique en mati\u00e8re de cookies - DROIX EU\" \/>\n\t\t<meta property=\"og:description\" content=\"La pr\u00e9sente politique en mati\u00e8re de cookies doit \u00eatre consid\u00e9r\u00e9e comme un tout avec les conditions g\u00e9n\u00e9rales et la politique de confidentialit\u00e9. Ces conditions de vente s&#039;appliquent \u00e0 tous les biens fournis par DROIX, dont le si\u00e8ge social est situ\u00e9 au 54C Expressway, N Woolwich Rd, Londres, E16 2AA, Royaume-Uni. Dans le contrat \u00e9nonc\u00e9, les\" \/>\n\t\t<meta property=\"og:url\" content=\"https:\/\/droix.eu\/fr\/politique-en-matiere-de-cookies\/\" \/>\n\t\t<meta property=\"og:image\" content=\"https:\/\/droix.eu\/wp-content\/uploads\/2024\/06\/droix-v2-light-logo.png\" \/>\n\t\t<meta property=\"og:image:secure_url\" content=\"https:\/\/droix.eu\/wp-content\/uploads\/2024\/06\/droix-v2-light-logo.png\" \/>\n\t\t<meta property=\"og:image:width\" content=\"380\" \/>\n\t\t<meta property=\"og:image:height\" content=\"118\" \/>\n\t\t<meta property=\"article:published_time\" content=\"2021-12-23T11:49:46+00:00\" \/>\n\t\t<meta property=\"article:modified_time\" content=\"2025-05-06T14:56:46+00:00\" \/>\n\t\t<meta property=\"article:publisher\" content=\"https:\/\/www.facebook.com\/DroiX.Store\" \/>\n\t\t<meta name=\"twitter:card\" content=\"summary_large_image\" \/>\n\t\t<meta name=\"twitter:site\" content=\"@DroiX_Store\" \/>\n\t\t<meta name=\"twitter:title\" content=\"Politique en mati\u00e8re de cookies - DROIX EU\" \/>\n\t\t<meta name=\"twitter:description\" content=\"La pr\u00e9sente politique en mati\u00e8re de cookies doit \u00eatre consid\u00e9r\u00e9e comme un tout avec les conditions g\u00e9n\u00e9rales et la politique de confidentialit\u00e9. Ces conditions de vente s&#039;appliquent \u00e0 tous les biens fournis par DROIX, dont le si\u00e8ge social est situ\u00e9 au 54C Expressway, N Woolwich Rd, Londres, E16 2AA, Royaume-Uni. Dans le contrat \u00e9nonc\u00e9, les\" \/>\n\t\t<meta name=\"twitter:creator\" content=\"@DroiX_Store\" \/>\n\t\t<meta name=\"twitter:image\" content=\"https:\/\/droix.eu\/wp-content\/uploads\/2024\/06\/droix-v2-light-logo.png\" \/>\n\t\t<script type=\"application\/ld+json\" class=\"aioseo-schema\">\n\t\t\t{\"@context\":\"https:\\\/\\\/schema.org\",\"@graph\":[{\"@type\":\"BreadcrumbList\",\"@id\":\"https:\\\/\\\/droix.eu\\\/fr\\\/politique-en-matiere-de-cookies\\\/#breadcrumblist\",\"itemListElement\":[{\"@type\":\"ListItem\",\"@id\":\"https:\\\/\\\/droix.eu\\\/fr\\\/#listItem\",\"position\":1,\"name\":\"Home\",\"item\":\"https:\\\/\\\/droix.eu\\\/fr\\\/\",\"nextItem\":{\"@type\":\"ListItem\",\"@id\":\"https:\\\/\\\/droix.eu\\\/fr\\\/politique-en-matiere-de-cookies\\\/#listItem\",\"name\":\"Politique en mati\\u00e8re de cookies\"}},{\"@type\":\"ListItem\",\"@id\":\"https:\\\/\\\/droix.eu\\\/fr\\\/politique-en-matiere-de-cookies\\\/#listItem\",\"position\":2,\"name\":\"Politique en mati\\u00e8re de cookies\",\"previousItem\":{\"@type\":\"ListItem\",\"@id\":\"https:\\\/\\\/droix.eu\\\/fr\\\/#listItem\",\"name\":\"Home\"}}]},{\"@type\":\"Organization\",\"@id\":\"https:\\\/\\\/droix.eu\\\/fr\\\/#organization\",\"name\":\"DroiX \\u2013 Trusted EU Tech Retailer with 12+ Years Experience\",\"description\":\"DroiX is a leading European technology retailer with over 12 years of experience, offering quality mini PCs, handheld gaming consoles, and tech accessories. We provide hassle-free EU delivery with all taxes included, ensuring a smooth and reliable shopping experience for our customers across Europe.\",\"url\":\"https:\\\/\\\/droix.eu\\\/fr\\\/\",\"logo\":{\"@type\":\"ImageObject\",\"url\":\"https:\\\/\\\/droix.eu\\\/wp-content\\\/uploads\\\/2024\\\/06\\\/droix-v2-light-logo.png\",\"@id\":\"https:\\\/\\\/droix.eu\\\/fr\\\/politique-en-matiere-de-cookies\\\/#organizationLogo\",\"width\":380,\"height\":118},\"image\":{\"@id\":\"https:\\\/\\\/droix.eu\\\/fr\\\/politique-en-matiere-de-cookies\\\/#organizationLogo\"},\"sameAs\":[\"https:\\\/\\\/www.facebook.com\\\/DroiX.Store\",\"https:\\\/\\\/twitter.com\\\/DroiX_Store\",\"https:\\\/\\\/www.instagram.com\\\/droix.store\\\/\",\"https:\\\/\\\/www.tiktok.com\\\/@droix.store\",\"https:\\\/\\\/www.youtube.com\\\/c\\\/DroiX_Store\",\"https:\\\/\\\/uk.linkedin.com\\\/company\\\/droix\"]},{\"@type\":\"WebPage\",\"@id\":\"https:\\\/\\\/droix.eu\\\/fr\\\/politique-en-matiere-de-cookies\\\/#webpage\",\"url\":\"https:\\\/\\\/droix.eu\\\/fr\\\/politique-en-matiere-de-cookies\\\/\",\"name\":\"Politique en mati\\u00e8re de cookies - DROIX EU\",\"description\":\"La pr\\u00e9sente politique en mati\\u00e8re de cookies doit \\u00eatre consid\\u00e9r\\u00e9e comme un tout avec les conditions g\\u00e9n\\u00e9rales et la politique de confidentialit\\u00e9. Ces conditions de vente s'appliquent \\u00e0 tous les biens fournis par DROIX, dont le si\\u00e8ge social est situ\\u00e9 au 54C Expressway, N Woolwich Rd, Londres, E16 2AA, Royaume-Uni. Dans le contrat \\u00e9nonc\\u00e9, les\",\"inLanguage\":\"fr-FR\",\"isPartOf\":{\"@id\":\"https:\\\/\\\/droix.eu\\\/fr\\\/#website\"},\"breadcrumb\":{\"@id\":\"https:\\\/\\\/droix.eu\\\/fr\\\/politique-en-matiere-de-cookies\\\/#breadcrumblist\"},\"datePublished\":\"2021-12-23T11:49:46+00:00\",\"dateModified\":\"2025-05-06T15:56:46+01:00\"},{\"@type\":\"WebSite\",\"@id\":\"https:\\\/\\\/droix.eu\\\/fr\\\/#website\",\"url\":\"https:\\\/\\\/droix.eu\\\/fr\\\/\",\"name\":\"DROIX EU\",\"description\":\"Get the latest Mini PCs, Ultrabook, PC Gaming Handhelds and more!\",\"inLanguage\":\"fr-FR\",\"publisher\":{\"@id\":\"https:\\\/\\\/droix.eu\\\/fr\\\/#organization\"}}]}\n\t\t<\/script>\n\t\t<!-- All in One SEO Pro -->\r\n\t\t<title>Politique en mati\u00e8re de cookies - DROIX EU<\/title>\n\n","aioseo_head_json":{"title":"Politique en mati\u00e8re de cookies - DROIX EU","description":"La pr\u00e9sente politique en mati\u00e8re de cookies doit \u00eatre consid\u00e9r\u00e9e comme un tout avec les conditions g\u00e9n\u00e9rales et la politique de confidentialit\u00e9. Ces conditions de vente s'appliquent \u00e0 tous les biens fournis par DROIX, dont le si\u00e8ge social est situ\u00e9 au 54C Expressway, N Woolwich Rd, Londres, E16 2AA, Royaume-Uni. Dans le contrat \u00e9nonc\u00e9, les","canonical_url":"https:\/\/droix.eu\/fr\/politique-en-matiere-de-cookies\/","robots":"max-image-preview:large","keywords":"","webmasterTools":{"miscellaneous":""},"schema":{"@context":"https:\/\/schema.org","@graph":[{"@type":"BreadcrumbList","@id":"https:\/\/droix.eu\/fr\/politique-en-matiere-de-cookies\/#breadcrumblist","itemListElement":[{"@type":"ListItem","@id":"https:\/\/droix.eu\/fr\/#listItem","position":1,"name":"Home","item":"https:\/\/droix.eu\/fr\/","nextItem":{"@type":"ListItem","@id":"https:\/\/droix.eu\/fr\/politique-en-matiere-de-cookies\/#listItem","name":"Politique en mati\u00e8re de cookies"}},{"@type":"ListItem","@id":"https:\/\/droix.eu\/fr\/politique-en-matiere-de-cookies\/#listItem","position":2,"name":"Politique en mati\u00e8re de cookies","previousItem":{"@type":"ListItem","@id":"https:\/\/droix.eu\/fr\/#listItem","name":"Home"}}]},{"@type":"Organization","@id":"https:\/\/droix.eu\/fr\/#organization","name":"DroiX \u2013 Trusted EU Tech Retailer with 12+ Years Experience","description":"DroiX is a leading European technology retailer with over 12 years of experience, offering quality mini PCs, handheld gaming consoles, and tech accessories. We provide hassle-free EU delivery with all taxes included, ensuring a smooth and reliable shopping experience for our customers across Europe.","url":"https:\/\/droix.eu\/fr\/","logo":{"@type":"ImageObject","url":"https:\/\/droix.eu\/wp-content\/uploads\/2024\/06\/droix-v2-light-logo.png","@id":"https:\/\/droix.eu\/fr\/politique-en-matiere-de-cookies\/#organizationLogo","width":380,"height":118},"image":{"@id":"https:\/\/droix.eu\/fr\/politique-en-matiere-de-cookies\/#organizationLogo"},"sameAs":["https:\/\/www.facebook.com\/DroiX.Store","https:\/\/twitter.com\/DroiX_Store","https:\/\/www.instagram.com\/droix.store\/","https:\/\/www.tiktok.com\/@droix.store","https:\/\/www.youtube.com\/c\/DroiX_Store","https:\/\/uk.linkedin.com\/company\/droix"]},{"@type":"WebPage","@id":"https:\/\/droix.eu\/fr\/politique-en-matiere-de-cookies\/#webpage","url":"https:\/\/droix.eu\/fr\/politique-en-matiere-de-cookies\/","name":"Politique en mati\u00e8re de cookies - DROIX EU","description":"La pr\u00e9sente politique en mati\u00e8re de cookies doit \u00eatre consid\u00e9r\u00e9e comme un tout avec les conditions g\u00e9n\u00e9rales et la politique de confidentialit\u00e9. Ces conditions de vente s'appliquent \u00e0 tous les biens fournis par DROIX, dont le si\u00e8ge social est situ\u00e9 au 54C Expressway, N Woolwich Rd, Londres, E16 2AA, Royaume-Uni. Dans le contrat \u00e9nonc\u00e9, les","inLanguage":"fr-FR","isPartOf":{"@id":"https:\/\/droix.eu\/fr\/#website"},"breadcrumb":{"@id":"https:\/\/droix.eu\/fr\/politique-en-matiere-de-cookies\/#breadcrumblist"},"datePublished":"2021-12-23T11:49:46+00:00","dateModified":"2025-05-06T15:56:46+01:00"},{"@type":"WebSite","@id":"https:\/\/droix.eu\/fr\/#website","url":"https:\/\/droix.eu\/fr\/","name":"DROIX EU","description":"Get the latest Mini PCs, Ultrabook, PC Gaming Handhelds and more!","inLanguage":"fr-FR","publisher":{"@id":"https:\/\/droix.eu\/fr\/#organization"}}]},"og:locale":"fr_FR","og:site_name":"DROIX EU - Get the latest Mini PCs, Ultrabook, PC Gaming Handhelds and more!","og:type":"article","og:title":"Politique en mati\u00e8re de cookies - DROIX EU","og:description":"La pr\u00e9sente politique en mati\u00e8re de cookies doit \u00eatre consid\u00e9r\u00e9e comme un tout avec les conditions g\u00e9n\u00e9rales et la politique de confidentialit\u00e9. Ces conditions de vente s'appliquent \u00e0 tous les biens fournis par DROIX, dont le si\u00e8ge social est situ\u00e9 au 54C Expressway, N Woolwich Rd, Londres, E16 2AA, Royaume-Uni. Dans le contrat \u00e9nonc\u00e9, les","og:url":"https:\/\/droix.eu\/fr\/politique-en-matiere-de-cookies\/","og:image":"https:\/\/droix.eu\/wp-content\/uploads\/2024\/06\/droix-v2-light-logo.png","og:image:secure_url":"https:\/\/droix.eu\/wp-content\/uploads\/2024\/06\/droix-v2-light-logo.png","og:image:width":380,"og:image:height":118,"article:published_time":"2021-12-23T11:49:46+00:00","article:modified_time":"2025-05-06T14:56:46+00:00","article:publisher":"https:\/\/www.facebook.com\/DroiX.Store","twitter:card":"summary_large_image","twitter:site":"@DroiX_Store","twitter:title":"Politique en mati\u00e8re de cookies - DROIX EU","twitter:description":"La pr\u00e9sente politique en mati\u00e8re de cookies doit \u00eatre consid\u00e9r\u00e9e comme un tout avec les conditions g\u00e9n\u00e9rales et la politique de confidentialit\u00e9. Ces conditions de vente s'appliquent \u00e0 tous les biens fournis par DROIX, dont le si\u00e8ge social est situ\u00e9 au 54C Expressway, N Woolwich Rd, Londres, E16 2AA, Royaume-Uni. Dans le contrat \u00e9nonc\u00e9, les","twitter:creator":"@DroiX_Store","twitter:image":"https:\/\/droix.eu\/wp-content\/uploads\/2024\/06\/droix-v2-light-logo.png"},"aioseo_meta_data":{"post_id":"503707","title":null,"description":null,"keywords":null,"keyphrases":null,"primary_term":null,"canonical_url":null,"og_title":null,"og_description":null,"og_object_type":"default","og_image_type":"default","og_image_url":null,"og_image_width":null,"og_image_height":null,"og_image_custom_url":null,"og_image_custom_fields":null,"og_video":null,"og_custom_url":null,"og_article_section":null,"og_article_tags":null,"twitter_use_og":true,"twitter_card":"default","twitter_image_type":"default","twitter_image_url":null,"twitter_image_custom_url":null,"twitter_image_custom_fields":null,"twitter_title":null,"twitter_description":null,"schema":{"blockGraphs":[],"customGraphs":[],"default":{"data":{"Article":[],"Course":[],"Dataset":[],"FAQPage":[],"Movie":[],"Person":[],"Product":[],"ProductReview":[],"Car":[],"Recipe":[],"Service":[],"SoftwareApplication":[],"WebPage":[]},"graphName":"","isEnabled":true},"graphs":[]},"schema_type":"default","schema_type_options":null,"pillar_content":false,"robots_default":true,"robots_noindex":false,"robots_noarchive":false,"robots_nosnippet":false,"robots_nofollow":false,"robots_noimageindex":false,"robots_noodp":false,"robots_notranslate":false,"robots_max_snippet":null,"robots_max_videopreview":null,"robots_max_imagepreview":"large","priority":null,"frequency":null,"local_seo":null,"seo_analyzer_scan_date":"2025-09-16 22:49:01","breadcrumb_settings":null,"limit_modified_date":false,"reviewed_by":null,"open_ai":null,"ai":null,"created":"2025-09-16 22:49:01","updated":"2025-11-27 00:05:22"},"aioseo_breadcrumb":"<div class=\"aioseo-breadcrumbs\"><span class=\"aioseo-breadcrumb\">\n\t<a href=\"https:\/\/droix.eu\/fr\/\" title=\"Home\">Home<\/a>\n<\/span><span class=\"aioseo-breadcrumb-separator\">&raquo;<\/span><span class=\"aioseo-breadcrumb\">\n\tPolitique en mati\u00e8re de cookies\n<\/span><\/div>","aioseo_breadcrumb_json":[{"label":"Home","link":"https:\/\/droix.eu\/fr\/"},{"label":"Politique en mati\u00e8re de cookies","link":"https:\/\/droix.eu\/fr\/politique-en-matiere-de-cookies\/"}],"_links":{"self":[{"href":"https:\/\/droix.eu\/fr\/wp-json\/wp\/v2\/pages\/503707","targetHints":{"allow":["GET"]}}],"collection":[{"href":"https:\/\/droix.eu\/fr\/wp-json\/wp\/v2\/pages"}],"about":[{"href":"https:\/\/droix.eu\/fr\/wp-json\/wp\/v2\/types\/page"}],"author":[{"embeddable":true,"href":"https:\/\/droix.eu\/fr\/wp-json\/wp\/v2\/users\/1"}],"replies":[{"embeddable":true,"href":"https:\/\/droix.eu\/fr\/wp-json\/wp\/v2\/comments?post=503707"}],"version-history":[{"count":0,"href":"https:\/\/droix.eu\/fr\/wp-json\/wp\/v2\/pages\/503707\/revisions"}],"wp:attachment":[{"href":"https:\/\/droix.eu\/fr\/wp-json\/wp\/v2\/media?parent=503707"}],"curies":[{"name":"wp","href":"https:\/\/api.w.org\/{rel}","templated":true}]}}