{"id":717237,"date":"2026-04-24T12:56:31","date_gmt":"2026-04-24T11:56:31","guid":{"rendered":"https:\/\/droix.eu\/product\/retroid-pocket-flip-2\/"},"modified":"2026-04-27T12:58:58","modified_gmt":"2026-04-27T11:58:58","slug":"retroid-pocket-flip-2","status":"publish","type":"product","link":"https:\/\/droix.eu\/fi\/product\/retroid-pocket-flip-2\/","title":{"rendered":"Retroid Pocket Flip 2"},"content":{"rendered":"\n<h2 class=\"wp-block-heading\">Retroid Pocket Flip 2 Handheld: Ultimate Clamshell Powerhouse<\/h2>\n\n<p>Retroid Pocket Flip 2 -k\u00e4sikonsoli edustaa merkitt\u00e4v\u00e4\u00e4 edistysaskelta kannettavien pelien harrastajille. Yhdist\u00e4m\u00e4ll\u00e4 tyylikk\u00e4\u00e4n, kokoontaitettavan muotoilun ja suorituskykyiset sis\u00e4osat t\u00e4m\u00e4 Retroid Pocket Flip 2 -k\u00e4sikonsoli tarjoaa ensiluokkaisen pelikokemuksen sek\u00e4 moderneista ett\u00e4 klassisista peleist\u00e4. Olitpa sitten ty\u00f6matkalla tai rentoutumassa kotona, Retroid Pocket Flip 2 Handheld tarjoaa monipuolisen alustan, joka mahtuu helposti taskuun ja tarjoaa samalla pelikoneen tehon.  <\/p>\n\n<h2 class=\"wp-block-heading\">Suorituskykyinen laitteisto saumattomaan pelattavuuteen<\/h2>\n\n<p>Retroid Pocket Flip 2 -k\u00e4mmenmikron ytimess\u00e4 on <a href=\"https:\/\/nanoreview.net\/en\/soc\/qualcomm-snapdragon-865\" target=\"_blank\" rel=\"noopener nofollow\" title=\"\">Snapdragon 865 -piirisarja<\/a>. T\u00e4ss\u00e4 tehokkaassa prosessorissa on kahdeksanytiminen kokoonpano, mukaan lukien ensisijainen A77-ydin, joka kellottuu 2,8 GHz:n kellotaajuudella. N\u00e4in ollen Retroid Pocket Flip 2 Handheld selviytyy vaativista sovelluksista helposti. Graafisia teht\u00e4vi\u00e4 hoitaa <a href=\"https:\/\/www.notebookcheck.net\/Qualcomm-Adreno-650-GPU-Benchmarks-and-Specs.448196.0.html\" target=\"_blank\" rel=\"noopener nofollow\" title=\"\">Adreno 650 -n\u00e4yt\u00f6nohjain,<\/a> joka varmistaa, ett\u00e4 kuvanopeus pysyy vakaana intensiivisten toimintakohtausten aikana.   <\/p>\n\n<p>Lis\u00e4ksi Retroid Pocket Flip 2 Handheld on varustettu 8 Gt LPDDR4x RAM-muistilla. T\u00e4m\u00e4 runsas muistinjako mahdollistaa tehokkaan moniajon ja sujuvan suorituskyvyn Android 13 -k\u00e4ytt\u00f6j\u00e4rjestelm\u00e4ss\u00e4. Koska Retroid Pocket Flip 2 Handheld k\u00e4ytt\u00e4\u00e4 128 Gt nopeaa UFS 3.1 -tallennustilaa, latausajat lyhenev\u00e4t merkitt\u00e4v\u00e4sti. Jos tarvitset lis\u00e4\u00e4 tilaa, integroitu TF-korttipaikka mahdollistaa digitaalisen kirjastosi helpon laajentamisen.   <\/p>\n\n<h2 class=\"wp-block-heading\">Upea visuaalinen ilme 1080p AMOLED-n\u00e4yt\u00f6ll\u00e4<\/h2>\n\n<p>Retroid Pocket Flip 2 Handheld -laitteessa visuaalinen huippuosaaminen on etusijalla. Siin\u00e4 on 5,5 tuuman <a href=\"https:\/\/en.wikipedia.org\/wiki\/AMOLED\" target=\"_blank\" rel=\"noopener nofollow\" title=\"\">AMOLED-n\u00e4ytt\u00f6, joka<\/a> tuottaa eloisat v\u00e4rit ja syv\u00e4t mustat. Koska n\u00e4ytt\u00f6 tukee t\u00e4ytt\u00e4 1080p-resoluutiota 60 fps:n nopeudella, jokainen peli n\u00e4ytt\u00e4\u00e4 ter\u00e4v\u00e4lt\u00e4 ja sujuvalta. Retroid Pocket Flip 2 Handheldin simpukkamuotoilu suojaa my\u00f6s t\u00e4t\u00e4 ensiluokkaista paneelia, kun laite ei ole k\u00e4yt\u00f6ss\u00e4.   <\/p>\n\n<h2 class=\"wp-block-heading\">Tarkkuusohjaus ja aktiivinen j\u00e4\u00e4hdytys<\/h2>\n\n<p>Retroid Pocket Flip 2 -k\u00e4mmenlaitteen kaikki osatekij\u00e4t ovat luotettavia. Siin\u00e4 on 3D Hall-efektikepit, jotka on suunniteltu eliminoimaan keppien ajautuminen ja tarjoamaan pitk\u00e4kestoista tarkkuutta. Lis\u00e4ksi Retroid Pocket Flip 2 Handheldiss\u00e4 on analogiset L2- ja R2-liipaisimet, jotka mahdollistavat hienovaraisen ohjauksen kilpa- ja ampumapeleiss\u00e4. Huippusuorituskyvyn yll\u00e4pit\u00e4miseksi k\u00e4ytet\u00e4\u00e4n aktiivista j\u00e4\u00e4hdytysj\u00e4rjestelm\u00e4\u00e4, joka haihduttaa l\u00e4mp\u00f6\u00e4 pitkien pelisessioiden aikana.   <\/p>\n\n<h2 class=\"wp-block-heading\">Liitett\u00e4vyys ja akun kesto<\/h2>\n\n<p>Yhteydenpito on vaivatonta Retroid Pocket Flip 2 Handheld -laitteella. Se tukee <a href=\"https:\/\/en.wikipedia.org\/wiki\/Wi-Fi_6\" target=\"_blank\" rel=\"noopener nofollow\" title=\"\">Wi-Fi 6:ta ja<\/a> Bluetooth 5.1:t\u00e4, mik\u00e4 takaa nopeat latausnopeudet ja vakaat langattomat oheislaiteyhteydet. Lis\u00e4ksi 5000 mAh:n akku tarjoaa runsaasti virtaa tuntikausia kest\u00e4v\u00e4\u00e4n viihteeseen. Koska mukana on virallinen OTA-tuki, Retroid Pocket Flip 2 Handheld saa ajan mittaan s\u00e4\u00e4nn\u00f6llisi\u00e4 ohjelmistop\u00e4ivityksi\u00e4 ja -parannuksia.   <\/p>\n\n<h2 class=\"wp-block-heading\">Suojaa Retroid Pocket Flip 2 -k\u00e4mmenlaite t\u00e4n\u00e4\u00e4n<\/h2>\n\n<p>T\u00e4m\u00e4n innovatiivisen retroid pocket flip 2 -k\u00e4sikonsolin kysynn\u00e4n odotetaan olevan uskomattoman suuri. Valitsemalla Retroid Pocket Flip 2 -k\u00e4sikonsolin investoit huippuluokan pelikokemukseen, jossa yhdistyv\u00e4t nostalgia ja huipputeknologia. K\u00e4y myym\u00e4l\u00e4ss\u00e4mme nyt tekem\u00e4ss\u00e4 tilauksesi ja takaa, ett\u00e4 saat laitteesi ajoissa. \u00c4l\u00e4 missaa tilaisuutta omistaa markkinoiden tehokkain simpukkak\u00e4mmenlaite!   <\/p>\n\n<p><span data-contrast=\"none\">Oletko uusi Android-k\u00e4mmenmikrojen, oppia lis\u00e4\u00e4 ja miten niit\u00e4 k\u00e4ytet\u00e4\u00e4n meid\u00e4n <\/span><a href=\"https:\/\/droix.net\/knowledge-base\/topic\/android-gaming-handhelds\/\" target=\"_blank\" rel=\"noopener\" title=\"\"><span data-contrast=\"none\">Aloitusoppaasta t\u00e4\u00e4lt\u00e4<\/span><\/a><span data-contrast=\"none\">. <\/span> <\/p>\n","protected":false},"excerpt":{"rendered":"<ul>\n<li>CPU: Qualcomm Snapdragon <strong>865<\/strong><\/li>\n<li>GPU: Adreno <strong>650<\/strong><\/li>\n<li>RAM-muisti: 8GB LPDDR4x @ <strong> 2133MHz<\/strong><\/li>\n<li>VARASTOINTI:<strong> 3.1<\/strong><\/li>\n<li>YHTEYS: Wi-Fi 6 &amp;<strong> Bluetooth<\/strong> 5.1<\/li>\n<\/ul>\n[droix_global_accordions]\n[cg_accordion title=\"Paketti sis\u00e4lt\u00e4\u00e4\"]<\/p>\n<ul>\n<li>1x Retroid Pocket Flip 2<\/li>\n<li>1x USB Type-C-kaapeli<\/li>\n<li>1x K\u00e4ytt\u00f6opas<\/li>\n<\/ul>\n<p>[\/cg_accordion]\n","protected":false},"featured_media":717360,"template":"","meta":{"_acf_changed":false},"product_brand":[],"product_cat":[35677,35676,35578,35577,35576,35579],"product_tag":[],"woo-feed-brand":[],"key-features":[],"class_list":{"0":"post-717237","1":"product","2":"type-product","3":"status-publish","4":"has-post-thumbnail","6":"product_cat-android-gaming-handheld-fi","7":"product_cat-android-vempaimia","8":"product_cat-gaming-handheld-fi","9":"product_cat-kadessa-pidettavat-retrokonsolit","10":"product_cat-retro-kannettava-pelikonsoli","11":"product_cat-retro-pelikonsoli","12":"product_shipping_class-standard","13":"pa_aspect-ratio-4797","14":"pa_bluetooth-5-1-fi","15":"pa_brands-retroid","16":"pa_graphics-gpu-brand-qualcomm-fi","17":"pa_graphics-gpu-model-adreno-650-fi","18":"pa_i-o-usb-1x-usb-type-c-fi","19":"pa_i-o-video-1x-micro-hdmi-fi","20":"pa_memory-ram-technology-lpddr4x-fi","21":"pa_operating-system-android-13-fi","22":"pa_processor-cpu-brand-qualcomm-fi","23":"pa_processor-cpu-model-snapdragon-865","24":"pa_storage-expansion-1x-micro-sd-korttipaikka","25":"pa_storage-technology-ufs-3-1-fi","26":"pa_wi-fi-6-fi","28":"first","29":"onbackorder","30":"taxable","31":"shipping-taxable","32":"product-type-variable","33":"has-default-attributes"},"acf":[],"aioseo_notices":[],"aioseo_head":"\n\t\t<!-- All in One SEO Pro 4.9.6.2 - aioseo.com -->\n\t<meta name=\"description\" content=\"Koe huippuluokan pelaaminen Retroid Pocket Flip 2 Handheldill\u00e4! Sis\u00e4lt\u00e4\u00e4 Snapdragon 865:n, 1080p AMOLED-n\u00e4yt\u00f6n ja Hall-efektitikut. \ud83c\udfae Osta omasi nyt taataksesi toimituksen! \ud83d\ude80\u2728\" \/>\n\t<meta name=\"robots\" content=\"max-image-preview:large\" \/>\n\t<link rel=\"canonical\" href=\"https:\/\/droix.eu\/fi\/product\/retroid-pocket-flip-2\/\" \/>\n\t<meta name=\"generator\" content=\"All in One SEO Pro (AIOSEO) 4.9.6.2\" \/>\n\t\t<meta property=\"og:locale\" content=\"fi_FI\" \/>\n\t\t<meta property=\"og:site_name\" content=\"DROIX EU - Get the latest Mini PCs, Ultrabook, PC Gaming Handhelds and more!\" \/>\n\t\t<meta property=\"og:type\" content=\"article\" \/>\n\t\t<meta property=\"og:title\" content=\"Retroid Pocket Flip 2 Handheld: \ud83d\udd79\ufe0f\ud83d\udcf1\" \/>\n\t\t<meta property=\"og:description\" content=\"Koe huippuluokan pelaaminen Retroid Pocket Flip 2 Handheldill\u00e4! Sis\u00e4lt\u00e4\u00e4 Snapdragon 865:n, 1080p AMOLED-n\u00e4yt\u00f6n ja Hall-efektitikut. \ud83c\udfae Osta omasi nyt taataksesi toimituksen! \ud83d\ude80\u2728\" \/>\n\t\t<meta property=\"og:url\" content=\"https:\/\/droix.eu\/fi\/product\/retroid-pocket-flip-2\/\" \/>\n\t\t<meta property=\"og:image\" content=\"https:\/\/droix.eu\/wp-content\/uploads\/2024\/06\/droix-v2-light-logo.png\" \/>\n\t\t<meta property=\"og:image:secure_url\" content=\"https:\/\/droix.eu\/wp-content\/uploads\/2024\/06\/droix-v2-light-logo.png\" \/>\n\t\t<meta property=\"og:image:width\" content=\"380\" \/>\n\t\t<meta property=\"og:image:height\" content=\"118\" \/>\n\t\t<meta property=\"article:published_time\" content=\"2026-04-24T11:56:31+00:00\" \/>\n\t\t<meta property=\"article:modified_time\" content=\"2026-04-27T11:58:58+00:00\" \/>\n\t\t<meta property=\"article:publisher\" content=\"https:\/\/www.facebook.com\/DroiX.Store\" \/>\n\t\t<meta name=\"twitter:card\" content=\"summary_large_image\" \/>\n\t\t<meta name=\"twitter:site\" content=\"@DroiX_Store\" \/>\n\t\t<meta name=\"twitter:title\" content=\"Retroid Pocket Flip 2 Handheld: \ud83d\udd79\ufe0f\ud83d\udcf1\" \/>\n\t\t<meta name=\"twitter:description\" content=\"Koe huippuluokan pelaaminen Retroid Pocket Flip 2 Handheldill\u00e4! Sis\u00e4lt\u00e4\u00e4 Snapdragon 865:n, 1080p AMOLED-n\u00e4yt\u00f6n ja Hall-efektitikut. \ud83c\udfae Osta omasi nyt taataksesi toimituksen! \ud83d\ude80\u2728\" \/>\n\t\t<meta name=\"twitter:image\" content=\"https:\/\/droix.eu\/wp-content\/uploads\/2024\/06\/droix-v2-light-logo.png\" \/>\n\t\t<script type=\"application\/ld+json\" class=\"aioseo-schema\">\n\t\t\t{\"@context\":\"https:\\\/\\\/schema.org\",\"@graph\":[{\"@type\":\"BreadcrumbList\",\"@id\":\"https:\\\/\\\/droix.eu\\\/fi\\\/product\\\/retroid-pocket-flip-2\\\/#breadcrumblist\",\"itemListElement\":[{\"@type\":\"ListItem\",\"@id\":\"https:\\\/\\\/droix.eu\\\/fi\\\/#listItem\",\"position\":1,\"name\":\"Home\",\"item\":\"https:\\\/\\\/droix.eu\\\/fi\\\/\",\"nextItem\":{\"@type\":\"ListItem\",\"@id\":\"https:\\\/\\\/droix.eu\\\/fi\\\/product-category\\\/retro-pelikonsoli\\\/#listItem\",\"name\":\"Retro pelikonsoli\"}},{\"@type\":\"ListItem\",\"@id\":\"https:\\\/\\\/droix.eu\\\/fi\\\/product-category\\\/retro-pelikonsoli\\\/#listItem\",\"position\":2,\"name\":\"Retro pelikonsoli\",\"item\":\"https:\\\/\\\/droix.eu\\\/fi\\\/product-category\\\/retro-pelikonsoli\\\/\",\"nextItem\":{\"@type\":\"ListItem\",\"@id\":\"https:\\\/\\\/droix.eu\\\/fi\\\/product-category\\\/retro-pelikonsoli\\\/retro-kannettava-pelikonsoli\\\/#listItem\",\"name\":\"Retro kannettava pelikonsoli\"},\"previousItem\":{\"@type\":\"ListItem\",\"@id\":\"https:\\\/\\\/droix.eu\\\/fi\\\/#listItem\",\"name\":\"Home\"}},{\"@type\":\"ListItem\",\"@id\":\"https:\\\/\\\/droix.eu\\\/fi\\\/product-category\\\/retro-pelikonsoli\\\/retro-kannettava-pelikonsoli\\\/#listItem\",\"position\":3,\"name\":\"Retro kannettava pelikonsoli\",\"item\":\"https:\\\/\\\/droix.eu\\\/fi\\\/product-category\\\/retro-pelikonsoli\\\/retro-kannettava-pelikonsoli\\\/\",\"nextItem\":{\"@type\":\"ListItem\",\"@id\":\"https:\\\/\\\/droix.eu\\\/fi\\\/product\\\/retroid-pocket-flip-2\\\/#listItem\",\"name\":\"Retroid Pocket Flip 2\"},\"previousItem\":{\"@type\":\"ListItem\",\"@id\":\"https:\\\/\\\/droix.eu\\\/fi\\\/product-category\\\/retro-pelikonsoli\\\/#listItem\",\"name\":\"Retro pelikonsoli\"}},{\"@type\":\"ListItem\",\"@id\":\"https:\\\/\\\/droix.eu\\\/fi\\\/product\\\/retroid-pocket-flip-2\\\/#listItem\",\"position\":4,\"name\":\"Retroid Pocket Flip 2\",\"previousItem\":{\"@type\":\"ListItem\",\"@id\":\"https:\\\/\\\/droix.eu\\\/fi\\\/product-category\\\/retro-pelikonsoli\\\/retro-kannettava-pelikonsoli\\\/#listItem\",\"name\":\"Retro kannettava pelikonsoli\"}}]},{\"@type\":\"Organization\",\"@id\":\"https:\\\/\\\/droix.eu\\\/fi\\\/#organization\",\"name\":\"DroiX \\u2013 Trusted EU Tech Retailer with 12+ Years Experience\",\"description\":\"DroiX is a leading European technology retailer with over 12 years of experience, offering quality mini PCs, handheld gaming consoles, and tech accessories. We provide hassle-free EU delivery with all taxes included, ensuring a smooth and reliable shopping experience for our customers across Europe.\",\"url\":\"https:\\\/\\\/droix.eu\\\/fi\\\/\",\"logo\":{\"@type\":\"ImageObject\",\"url\":\"https:\\\/\\\/droix.eu\\\/wp-content\\\/uploads\\\/2024\\\/06\\\/droix-v2-light-logo.png\",\"@id\":\"https:\\\/\\\/droix.eu\\\/fi\\\/product\\\/retroid-pocket-flip-2\\\/#organizationLogo\",\"width\":380,\"height\":118},\"image\":{\"@id\":\"https:\\\/\\\/droix.eu\\\/fi\\\/product\\\/retroid-pocket-flip-2\\\/#organizationLogo\"},\"sameAs\":[\"https:\\\/\\\/www.facebook.com\\\/DroiX.Store\",\"https:\\\/\\\/twitter.com\\\/DroiX_Store\",\"https:\\\/\\\/www.instagram.com\\\/droix.store\\\/\",\"https:\\\/\\\/www.tiktok.com\\\/@droix.store\",\"https:\\\/\\\/www.youtube.com\\\/c\\\/DroiX_Store\",\"https:\\\/\\\/uk.linkedin.com\\\/company\\\/droix\"]},{\"@type\":\"WebPage\",\"@id\":\"https:\\\/\\\/droix.eu\\\/fi\\\/product\\\/retroid-pocket-flip-2\\\/#webpage\",\"url\":\"https:\\\/\\\/droix.eu\\\/fi\\\/product\\\/retroid-pocket-flip-2\\\/\",\"name\":\"Retroid Pocket Flip 2 Handheld: \\ud83d\\udd79\\ufe0f\\ud83d\\udcf1\",\"description\":\"Koe huippuluokan pelaaminen Retroid Pocket Flip 2 Handheldill\\u00e4! Sis\\u00e4lt\\u00e4\\u00e4 Snapdragon 865:n, 1080p AMOLED-n\\u00e4yt\\u00f6n ja Hall-efektitikut. \\ud83c\\udfae Osta omasi nyt taataksesi toimituksen! \\ud83d\\ude80\\u2728\",\"inLanguage\":\"fi\",\"isPartOf\":{\"@id\":\"https:\\\/\\\/droix.eu\\\/fi\\\/#website\"},\"breadcrumb\":{\"@id\":\"https:\\\/\\\/droix.eu\\\/fi\\\/product\\\/retroid-pocket-flip-2\\\/#breadcrumblist\"},\"image\":{\"@type\":\"ImageObject\",\"url\":\"https:\\\/\\\/droix.eu\\\/wp-content\\\/uploads\\\/2026\\\/04\\\/RETROID-FLIP-2-ICE-BLUE-LISTING-DONE-01.png\",\"@id\":\"https:\\\/\\\/droix.eu\\\/fi\\\/product\\\/retroid-pocket-flip-2\\\/#mainImage\",\"width\":1500,\"height\":1500},\"primaryImageOfPage\":{\"@id\":\"https:\\\/\\\/droix.eu\\\/fi\\\/product\\\/retroid-pocket-flip-2\\\/#mainImage\"},\"datePublished\":\"2026-04-24T12:56:31+01:00\",\"dateModified\":\"2026-04-27T12:58:58+01:00\"},{\"@type\":\"WebSite\",\"@id\":\"https:\\\/\\\/droix.eu\\\/fi\\\/#website\",\"url\":\"https:\\\/\\\/droix.eu\\\/fi\\\/\",\"name\":\"DROIX EU\",\"description\":\"Get the latest Mini PCs, Ultrabook, PC Gaming Handhelds and more!\",\"inLanguage\":\"fi\",\"publisher\":{\"@id\":\"https:\\\/\\\/droix.eu\\\/fi\\\/#organization\"}}]}\n\t\t<\/script>\n\t\t<!-- All in One SEO Pro -->\r\n\t\t<title>Retroid Pocket Flip 2 Handheld: \ud83d\udd79\ufe0f\ud83d\udcf1<\/title>\n\n","aioseo_head_json":{"title":"Retroid Pocket Flip 2 Handheld: \ud83d\udd79\ufe0f\ud83d\udcf1","description":"Koe huippuluokan pelaaminen Retroid Pocket Flip 2 Handheldill\u00e4! Sis\u00e4lt\u00e4\u00e4 Snapdragon 865:n, 1080p AMOLED-n\u00e4yt\u00f6n ja Hall-efektitikut. \ud83c\udfae Osta omasi nyt taataksesi toimituksen! \ud83d\ude80\u2728","canonical_url":"https:\/\/droix.eu\/fi\/product\/retroid-pocket-flip-2\/","robots":"max-image-preview:large","keywords":"","webmasterTools":{"miscellaneous":""},"schema":{"@context":"https:\/\/schema.org","@graph":[{"@type":"BreadcrumbList","@id":"https:\/\/droix.eu\/fi\/product\/retroid-pocket-flip-2\/#breadcrumblist","itemListElement":[{"@type":"ListItem","@id":"https:\/\/droix.eu\/fi\/#listItem","position":1,"name":"Home","item":"https:\/\/droix.eu\/fi\/","nextItem":{"@type":"ListItem","@id":"https:\/\/droix.eu\/fi\/product-category\/retro-pelikonsoli\/#listItem","name":"Retro pelikonsoli"}},{"@type":"ListItem","@id":"https:\/\/droix.eu\/fi\/product-category\/retro-pelikonsoli\/#listItem","position":2,"name":"Retro pelikonsoli","item":"https:\/\/droix.eu\/fi\/product-category\/retro-pelikonsoli\/","nextItem":{"@type":"ListItem","@id":"https:\/\/droix.eu\/fi\/product-category\/retro-pelikonsoli\/retro-kannettava-pelikonsoli\/#listItem","name":"Retro kannettava pelikonsoli"},"previousItem":{"@type":"ListItem","@id":"https:\/\/droix.eu\/fi\/#listItem","name":"Home"}},{"@type":"ListItem","@id":"https:\/\/droix.eu\/fi\/product-category\/retro-pelikonsoli\/retro-kannettava-pelikonsoli\/#listItem","position":3,"name":"Retro kannettava pelikonsoli","item":"https:\/\/droix.eu\/fi\/product-category\/retro-pelikonsoli\/retro-kannettava-pelikonsoli\/","nextItem":{"@type":"ListItem","@id":"https:\/\/droix.eu\/fi\/product\/retroid-pocket-flip-2\/#listItem","name":"Retroid Pocket Flip 2"},"previousItem":{"@type":"ListItem","@id":"https:\/\/droix.eu\/fi\/product-category\/retro-pelikonsoli\/#listItem","name":"Retro pelikonsoli"}},{"@type":"ListItem","@id":"https:\/\/droix.eu\/fi\/product\/retroid-pocket-flip-2\/#listItem","position":4,"name":"Retroid Pocket Flip 2","previousItem":{"@type":"ListItem","@id":"https:\/\/droix.eu\/fi\/product-category\/retro-pelikonsoli\/retro-kannettava-pelikonsoli\/#listItem","name":"Retro kannettava pelikonsoli"}}]},{"@type":"Organization","@id":"https:\/\/droix.eu\/fi\/#organization","name":"DroiX \u2013 Trusted EU Tech Retailer with 12+ Years Experience","description":"DroiX is a leading European technology retailer with over 12 years of experience, offering quality mini PCs, handheld gaming consoles, and tech accessories. We provide hassle-free EU delivery with all taxes included, ensuring a smooth and reliable shopping experience for our customers across Europe.","url":"https:\/\/droix.eu\/fi\/","logo":{"@type":"ImageObject","url":"https:\/\/droix.eu\/wp-content\/uploads\/2024\/06\/droix-v2-light-logo.png","@id":"https:\/\/droix.eu\/fi\/product\/retroid-pocket-flip-2\/#organizationLogo","width":380,"height":118},"image":{"@id":"https:\/\/droix.eu\/fi\/product\/retroid-pocket-flip-2\/#organizationLogo"},"sameAs":["https:\/\/www.facebook.com\/DroiX.Store","https:\/\/twitter.com\/DroiX_Store","https:\/\/www.instagram.com\/droix.store\/","https:\/\/www.tiktok.com\/@droix.store","https:\/\/www.youtube.com\/c\/DroiX_Store","https:\/\/uk.linkedin.com\/company\/droix"]},{"@type":"WebPage","@id":"https:\/\/droix.eu\/fi\/product\/retroid-pocket-flip-2\/#webpage","url":"https:\/\/droix.eu\/fi\/product\/retroid-pocket-flip-2\/","name":"Retroid Pocket Flip 2 Handheld: \ud83d\udd79\ufe0f\ud83d\udcf1","description":"Koe huippuluokan pelaaminen Retroid Pocket Flip 2 Handheldill\u00e4! Sis\u00e4lt\u00e4\u00e4 Snapdragon 865:n, 1080p AMOLED-n\u00e4yt\u00f6n ja Hall-efektitikut. \ud83c\udfae Osta omasi nyt taataksesi toimituksen! \ud83d\ude80\u2728","inLanguage":"fi","isPartOf":{"@id":"https:\/\/droix.eu\/fi\/#website"},"breadcrumb":{"@id":"https:\/\/droix.eu\/fi\/product\/retroid-pocket-flip-2\/#breadcrumblist"},"image":{"@type":"ImageObject","url":"https:\/\/droix.eu\/wp-content\/uploads\/2026\/04\/RETROID-FLIP-2-ICE-BLUE-LISTING-DONE-01.png","@id":"https:\/\/droix.eu\/fi\/product\/retroid-pocket-flip-2\/#mainImage","width":1500,"height":1500},"primaryImageOfPage":{"@id":"https:\/\/droix.eu\/fi\/product\/retroid-pocket-flip-2\/#mainImage"},"datePublished":"2026-04-24T12:56:31+01:00","dateModified":"2026-04-27T12:58:58+01:00"},{"@type":"WebSite","@id":"https:\/\/droix.eu\/fi\/#website","url":"https:\/\/droix.eu\/fi\/","name":"DROIX EU","description":"Get the latest Mini PCs, Ultrabook, PC Gaming Handhelds and more!","inLanguage":"fi","publisher":{"@id":"https:\/\/droix.eu\/fi\/#organization"}}]},"og:locale":"fi_FI","og:site_name":"DROIX EU - Get the latest Mini PCs, Ultrabook, PC Gaming Handhelds and more!","og:type":"article","og:title":"Retroid Pocket Flip 2 Handheld: \ud83d\udd79\ufe0f\ud83d\udcf1","og:description":"Koe huippuluokan pelaaminen Retroid Pocket Flip 2 Handheldill\u00e4! Sis\u00e4lt\u00e4\u00e4 Snapdragon 865:n, 1080p AMOLED-n\u00e4yt\u00f6n ja Hall-efektitikut. \ud83c\udfae Osta omasi nyt taataksesi toimituksen! \ud83d\ude80\u2728","og:url":"https:\/\/droix.eu\/fi\/product\/retroid-pocket-flip-2\/","og:image":"https:\/\/droix.eu\/wp-content\/uploads\/2024\/06\/droix-v2-light-logo.png","og:image:secure_url":"https:\/\/droix.eu\/wp-content\/uploads\/2024\/06\/droix-v2-light-logo.png","og:image:width":380,"og:image:height":118,"article:published_time":"2026-04-24T11:56:31+00:00","article:modified_time":"2026-04-27T11:58:58+00:00","article:publisher":"https:\/\/www.facebook.com\/DroiX.Store","twitter:card":"summary_large_image","twitter:site":"@DroiX_Store","twitter:title":"Retroid Pocket Flip 2 Handheld: \ud83d\udd79\ufe0f\ud83d\udcf1","twitter:description":"Koe huippuluokan pelaaminen Retroid Pocket Flip 2 Handheldill\u00e4! Sis\u00e4lt\u00e4\u00e4 Snapdragon 865:n, 1080p AMOLED-n\u00e4yt\u00f6n ja Hall-efektitikut. \ud83c\udfae Osta omasi nyt taataksesi toimituksen! \ud83d\ude80\u2728","twitter:image":"https:\/\/droix.eu\/wp-content\/uploads\/2024\/06\/droix-v2-light-logo.png"},"aioseo_meta_data":{"post_id":"717237","title":"Retroid Pocket Flip 2 Handheld: \ud83d\udd79\ufe0f\ud83d\udcf1","description":"Koe huippuluokan pelaaminen Retroid Pocket Flip 2 Handheldill\u00e4! Sis\u00e4lt\u00e4\u00e4 Snapdragon 865:n, 1080p AMOLED-n\u00e4yt\u00f6n ja Hall-efektitikut. \ud83c\udfae Osta omasi nyt taataksesi toimituksen!   \ud83d\ude80\u2728","keywords":null,"keyphrases":{"focus":{"keyphrase":"","score":0,"analysis":{"keyphraseInTitle":{"score":0,"maxScore":9,"error":1}}},"additional":[]},"primary_term":null,"canonical_url":null,"og_title":null,"og_description":null,"og_object_type":"default","og_image_type":"default","og_image_url":null,"og_image_width":null,"og_image_height":null,"og_image_custom_url":null,"og_image_custom_fields":null,"og_video":"","og_custom_url":null,"og_article_section":null,"og_article_tags":null,"twitter_use_og":true,"twitter_card":"default","twitter_image_type":"default","twitter_image_url":null,"twitter_image_custom_url":null,"twitter_image_custom_fields":null,"twitter_title":null,"twitter_description":null,"schema":{"blockGraphs":[],"customGraphs":[],"default":{"data":{"Article":[],"Course":[],"Dataset":[],"FAQPage":[],"Movie":[],"Person":[],"Product":[],"ProductReview":[],"Car":[],"Recipe":[],"Service":[],"SoftwareApplication":[],"WebPage":[]},"graphName":"Product","isEnabled":true},"graphs":[]},"schema_type":"default","schema_type_options":null,"pillar_content":false,"robots_default":true,"robots_noindex":false,"robots_noarchive":false,"robots_nosnippet":false,"robots_nofollow":false,"robots_noimageindex":false,"robots_noodp":false,"robots_notranslate":false,"robots_max_snippet":"-1","robots_max_videopreview":"-1","robots_max_imagepreview":"large","priority":null,"frequency":"default","local_seo":null,"seo_analyzer_scan_date":null,"breadcrumb_settings":null,"limit_modified_date":false,"reviewed_by":null,"open_ai":null,"ai":{"faqs":[],"keyPoints":[],"schemas":[],"titles":[],"descriptions":[],"socialPosts":{"email":[],"linkedin":[],"twitter":[],"facebook":[],"instagram":[]}},"created":"2026-04-27 11:58:06","updated":"2026-04-27 12:24:33"},"aioseo_breadcrumb":"<div class=\"aioseo-breadcrumbs\"><span class=\"aioseo-breadcrumb\">\n\t<a href=\"https:\/\/droix.eu\/fi\/\" title=\"Home\">Home<\/a>\n<\/span><span class=\"aioseo-breadcrumb-separator\">&raquo;<\/span><span class=\"aioseo-breadcrumb\">\n\t<a href=\"https:\/\/droix.eu\/fi\/product-category\/retro-pelikonsoli\/\" title=\"Retro pelikonsoli\">Retro pelikonsoli<\/a>\n<\/span><span class=\"aioseo-breadcrumb-separator\">&raquo;<\/span><span class=\"aioseo-breadcrumb\">\n\t<a href=\"https:\/\/droix.eu\/fi\/product-category\/retro-pelikonsoli\/retro-kannettava-pelikonsoli\/\" title=\"Retro kannettava pelikonsoli\">Retro kannettava pelikonsoli<\/a>\n<\/span><span class=\"aioseo-breadcrumb-separator\">&raquo;<\/span><span class=\"aioseo-breadcrumb\">\n\tRetroid Pocket Flip 2\n<\/span><\/div>","aioseo_breadcrumb_json":[{"label":"Home","link":"https:\/\/droix.eu\/fi\/"},{"label":"Retro pelikonsoli","link":"https:\/\/droix.eu\/fi\/product-category\/retro-pelikonsoli\/"},{"label":"Retro kannettava pelikonsoli","link":"https:\/\/droix.eu\/fi\/product-category\/retro-pelikonsoli\/retro-kannettava-pelikonsoli\/"},{"label":"Retroid Pocket Flip 2","link":"https:\/\/droix.eu\/fi\/product\/retroid-pocket-flip-2\/"}],"_links":{"self":[{"href":"https:\/\/droix.eu\/fi\/wp-json\/wp\/v2\/product\/717237","targetHints":{"allow":["GET"]}}],"collection":[{"href":"https:\/\/droix.eu\/fi\/wp-json\/wp\/v2\/product"}],"about":[{"href":"https:\/\/droix.eu\/fi\/wp-json\/wp\/v2\/types\/product"}],"version-history":[{"count":3,"href":"https:\/\/droix.eu\/fi\/wp-json\/wp\/v2\/product\/717237\/revisions"}],"predecessor-version":[{"id":717361,"href":"https:\/\/droix.eu\/fi\/wp-json\/wp\/v2\/product\/717237\/revisions\/717361"}],"wp:featuredmedia":[{"embeddable":true,"href":"https:\/\/droix.eu\/fi\/wp-json\/wp\/v2\/media\/717360"}],"wp:attachment":[{"href":"https:\/\/droix.eu\/fi\/wp-json\/wp\/v2\/media?parent=717237"}],"wp:term":[{"taxonomy":"product_brand","embeddable":true,"href":"https:\/\/droix.eu\/fi\/wp-json\/wp\/v2\/product_brand?post=717237"},{"taxonomy":"product_cat","embeddable":true,"href":"https:\/\/droix.eu\/fi\/wp-json\/wp\/v2\/product_cat?post=717237"},{"taxonomy":"product_tag","embeddable":true,"href":"https:\/\/droix.eu\/fi\/wp-json\/wp\/v2\/product_tag?post=717237"},{"taxonomy":"woo-feed-brand","embeddable":true,"href":"https:\/\/droix.eu\/fi\/wp-json\/wp\/v2\/woo-feed-brand?post=717237"},{"taxonomy":"key-features","embeddable":true,"href":"https:\/\/droix.eu\/fi\/wp-json\/wp\/v2\/key-features?post=717237"}],"curies":[{"name":"wp","href":"https:\/\/api.w.org\/{rel}","templated":true}]}}