{"id":716792,"date":"2026-03-26T11:22:04","date_gmt":"2026-03-26T11:22:04","guid":{"rendered":"https:\/\/droix.eu\/product\/onexplayer-apex-case\/"},"modified":"2026-03-26T11:22:04","modified_gmt":"2026-03-26T11:22:04","slug":"onexplayer-apex-case","status":"publish","type":"product","link":"https:\/\/droix.eu\/fi\/product\/onexplayer-apex-case\/","title":{"rendered":"ONEXPLAYER APEX Case"},"content":{"rendered":"","protected":false},"excerpt":{"rendered":"<ul>\n<li><strong>Virallinen sovitus:<\/strong> T\u00e4m\u00e4 malli on suunniteltu erityisesti ONEXPLAYER APEX -k\u00e4sikonsolia varten tarkan, kolinattoman k\u00e4ytt\u00f6kokemuksen takaamiseksi.<\/li>\n<li><strong>Turvalliset hihnat:<\/strong> Sis\u00e4iset kuminauhat pit\u00e4v\u00e4t laitteen ja pienet oheislaitteet tukevasti paikoillaan kuljetuksen aikana.<\/li>\n<li><strong>Pehme\u00e4 vuori:<\/strong> Sis\u00e4pinta: Ensiluokkainen, hankaamaton sis\u00e4pinta ehk\u00e4isee naarmuja ja suojaa laajamittaista korkean resoluution n\u00e4ytt\u00f6\u00e4 mikrohaavoilta.<\/li>\n<li><strong>K\u00e4sihihna: Integroitu<\/strong>, vahvistettu <strong>silmukka<\/strong> mahdollistaa helpon ja turvallisen kuljettamisen liikkeell\u00e4 ilman vahingossa tapahtuvan putoamisen riski\u00e4.<\/li>\n<li><strong>Kova kuori:<\/strong> Vahvistettu ulkokuori tarjoaa kest\u00e4v\u00e4n ja j\u00e4yk\u00e4n suojan suorituskykyiselle Strix Halo -peli-PC:lle.<\/li>\n<\/ul>\n[droix_global_accordions]\n[cg_accordion title=\"Paketti sis\u00e4lt\u00e4\u00e4\"]<\/p>\n<ul>\n<li>1x ONEXPLAYER APEX -kotelo<\/li>\n<\/ul>\n<p>[\/cg_accordion]\n","protected":false},"featured_media":716798,"template":"","meta":{"_acf_changed":false},"product_brand":[],"product_cat":[35549,35548],"product_tag":[],"woo-feed-brand":[2199],"key-features":[],"class_list":{"0":"post-716792","1":"product","2":"type-product","3":"status-publish","4":"has-post-thumbnail","6":"product_cat-pelitarvikkeet","7":"product_cat-tarvikkeet","8":"product_shipping_class-low-end","9":"pa_accessory-type-protective-case","10":"pa_brands-onexplayer-fi","11":"pa_compatibility-onexplayer-onexfly-apex","12":"woo-feed-brand-onexplayer","14":"first","15":"instock","16":"taxable","17":"shipping-taxable","18":"purchasable","19":"product-type-variable","20":"has-default-attributes"},"acf":[],"aioseo_notices":[],"_links":{"self":[{"href":"https:\/\/droix.eu\/fi\/wp-json\/wp\/v2\/product\/716792","targetHints":{"allow":["GET"]}}],"collection":[{"href":"https:\/\/droix.eu\/fi\/wp-json\/wp\/v2\/product"}],"about":[{"href":"https:\/\/droix.eu\/fi\/wp-json\/wp\/v2\/types\/product"}],"version-history":[{"count":0,"href":"https:\/\/droix.eu\/fi\/wp-json\/wp\/v2\/product\/716792\/revisions"}],"wp:featuredmedia":[{"embeddable":true,"href":"https:\/\/droix.eu\/fi\/wp-json\/wp\/v2\/media\/716798"}],"wp:attachment":[{"href":"https:\/\/droix.eu\/fi\/wp-json\/wp\/v2\/media?parent=716792"}],"wp:term":[{"taxonomy":"product_brand","embeddable":true,"href":"https:\/\/droix.eu\/fi\/wp-json\/wp\/v2\/product_brand?post=716792"},{"taxonomy":"product_cat","embeddable":true,"href":"https:\/\/droix.eu\/fi\/wp-json\/wp\/v2\/product_cat?post=716792"},{"taxonomy":"product_tag","embeddable":true,"href":"https:\/\/droix.eu\/fi\/wp-json\/wp\/v2\/product_tag?post=716792"},{"taxonomy":"woo-feed-brand","embeddable":true,"href":"https:\/\/droix.eu\/fi\/wp-json\/wp\/v2\/woo-feed-brand?post=716792"},{"taxonomy":"key-features","embeddable":true,"href":"https:\/\/droix.eu\/fi\/wp-json\/wp\/v2\/key-features?post=716792"}],"curies":[{"name":"wp","href":"https:\/\/api.w.org\/{rel}","templated":true}]}}