{"id":709430,"date":"2026-02-20T12:20:07","date_gmt":"2026-02-20T12:20:07","guid":{"rendered":"https:\/\/droix.eu\/product\/thor-kantolaukku\/"},"modified":"2026-04-08T10:25:29","modified_gmt":"2026-04-08T09:25:29","slug":"thor-kantolaukku","status":"publish","type":"product","link":"https:\/\/droix.eu\/fi\/product\/thor-kantolaukku\/","title":{"rendered":"Thor kantolaukku"},"content":{"rendered":"\n<h2 class=\"wp-block-heading\"><strong>Thor-kantokotelo: Ultimate Protection for Your Handheld Powerhouse -laitteelle<\/strong><\/h2>\n\n<p>Jos omistat suorituskykyisen kannettavan tietokoneen, Thor-kantolaukku on v\u00e4ltt\u00e4m\u00e4t\u00f6n kumppani investointisi turvaamiseksi. T\u00e4m\u00e4 ensiluokkainen lis\u00e4varuste on suunniteltu erityisesti varmistamaan, ett\u00e4 se istuu tukevasti paikalleen ja ett\u00e4 peliasennuksesi pysyy koskemattomana, olitpa sitten ty\u00f6matkalla tai matkalla ulkomaille. Thor Carrying Case -kantolaukku est\u00e4\u00e4 tarpeettoman liikkumisen kuljetuksen aikana, koska siin\u00e4 on r\u00e4\u00e4t\u00e4l\u00f6ity sisustus. K\u00e4ytt\u00e4jien on kuitenkin huomioitava, ett\u00e4 Thor Carrying Case on suunniteltu vain laitteelle; se ei siis ole yhteensopiva AYN Thor -laitteen kanssa, kun ergonomiset kahvat on kiinnitetty.   <\/p>\n\n<hr class=\"wp-block-separator has-alpha-channel-opacity\"\/>\n\n<h2 class=\"wp-block-heading\"><strong>Poikkeuksellinen muotoilu Thor-kantolaukkuun rakennettu muotoilu<\/strong><\/h2>\n\n<p>Thor-kantolaukku erottuu edukseen sen tyylikk\u00e4\u00e4n, tarkasti suunnitellun sis\u00e4isen ulkoasun ansiosta. Kun monet yleisk\u00e4ytt\u00f6iset pussit ovat tilaa vievi\u00e4 ja huonosti istuvia, t\u00e4m\u00e4 paras Thor Carrying Case on r\u00e4\u00e4t\u00e4l\u00f6ity pit\u00e4m\u00e4\u00e4n laite tukevasti, kun kahvat on poistettu. N\u00e4in ollen voit varmistaa, ett\u00e4 laitteistosi on koteloitu ohueen, suojaavaan kuoreen, joka tarjoaa maksimaalisen suojan ulkoista painetta vastaan. Lis\u00e4ksi t\u00e4m\u00e4 virtaviivainen l\u00e4hestymistapa tekee Thor Carrying Case -kotelosta paljon helpomman s\u00e4ilytt\u00e4\u00e4 kompaktissa laukussa.   <\/p>\n\n<p>Kest\u00e4vyys on edelleen yksi rakentamisen p\u00e4\u00e4painopisteist\u00e4. Ulkopuoli on valmistettu karkaistusta materiaalista, joka kest\u00e4\u00e4 iskuja ja naarmuja tehokkaasti. Samalla sis\u00e4puoli on vuorattu pehme\u00e4ll\u00e4 kankaalla, joka suojaa n\u00e4ytt\u00f6\u00e4 ja alustaa hankauksilta. Koska suunnittelussa on keskitytty tiiviiseen ja turvalliseen istuvuuteen, Thor Carrying Case mahtuu helposti reppuihin tai matkatavaroihin viem\u00e4tt\u00e4 ylim\u00e4\u00e4r\u00e4ist\u00e4 tilaa.   <\/p>\n\n<h2 class=\"wp-block-heading\"><strong>Tekniset tiedot ja suorituskyky<\/strong><\/h2>\n\n<p>Thor-kantokotelo on valmistettu eritt\u00e4in tiiviist\u00e4 ja iskunkest\u00e4v\u00e4st\u00e4 materiaalista, ja siin\u00e4 on tarkkaan muotoiltu sis\u00e4osa, joka istuu laitteellesi hyvin. Noin 300 grammaa painava kotelo on kevyt ja tarjoaa samalla vankan suojan kaksikerroksisen kuoren ja pehme\u00e4n mikrokuituvuoren ansiosta, joka est\u00e4\u00e4 pintanaarmuja. Turvallisuus on etusijalla, sill\u00e4 kotelon vetoketjuj\u00e4rjestelm\u00e4 on eritt\u00e4in kest\u00e4v\u00e4, eik\u00e4 siin\u00e4 ole nirhaumia, ja vahvistettu rannehihna mahdollistaa sen kannettavuuden k\u00e4dess\u00e4. Lis\u00e4ksi sis\u00e4inen ontelo on muotoiltu erityisesti siten, ett\u00e4 siihen mahtuu k\u00e4mmenlaite ilman kahvoja, mik\u00e4 takaa, ett\u00e4 laitteesi pysyy suojassa liike-energialta matkan aikana.   <\/p>\n\n<h2 class=\"wp-block-heading\"><strong>Maksimoi siirrett\u00e4vyys parhaan Thor-kantolaukun avulla<\/strong><\/h2>\n\n<p>Turvallisuutta lis\u00e4\u00e4 my\u00f6s tukeva rannehihna. T\u00e4m\u00e4n ansiosta Thor-kantolaukkua voidaan kantaa itsen\u00e4isesti t\u00e4ysin luotettavasti. Lis\u00e4ksi tyylik\u00e4s musta viimeistely tarjoaa ammattimaisen estetiikan, joka sopii mihin tahansa peliymp\u00e4rist\u00f6\u00f6n. Koska vetoketjut ovat s\u00e4\u00e4nkest\u00e4vi\u00e4, laitteistosi on suojattu kevyelt\u00e4 kosteudelta ja p\u00f6lylt\u00e4. Koska t\u00e4m\u00e4 on paras Thor Carrying Case niille, jotka etsiv\u00e4t ohutta matkaratkaisua, se on edelleen paras valinta pelaajille, jotka pit\u00e4v\u00e4t pienikokoista tilaa t\u00e4rkeimp\u00e4n\u00e4.    <\/p>\n","protected":false},"excerpt":{"rendered":"<ul>\n<li><strong>Virallinen istuvuus &#8211;<\/strong> Tarkasti muotoiltu erityisesti AYN Thor -k\u00e4sikonsolia varten, jotta varmistetaan turvallinen, liikkumaton istuvuus.<\/li>\n<li><strong>Turvallinen s\u00e4ilytys &#8211;<\/strong> Pit\u00e4\u00e4 AYN Thor -laitteen tukevasti paikallaan vakiokokoonpanossaan, jolloin se on ohut ja turvallinen (ei yhteensopiva kiinnitettyjen kahvojen kanssa).<\/li>\n<li><strong>Pehme\u00e4 vuori &#8211;<\/strong> Laadukas mikrokuituinen sis\u00e4puoli est\u00e4\u00e4 naarmuja ja suojaa herkk\u00e4\u00e4 n\u00e4ytt\u00f6\u00e4 ja alustaa.<\/li>\n<li><strong>K\u00e4sihihna &#8211;<\/strong> Varustettu vahvistetulla, raskaalla rannehihnalla, joka mahdollistaa helpon ja turvallisen kantamisen liikkeell\u00e4.<\/li>\n<li><strong>Kova kuori &#8211;<\/strong> Kest\u00e4v\u00e4, j\u00e4ykk\u00e4 ulkokuori, joka tarjoaa iskunkest\u00e4v\u00e4n suojan huipputehokkaalle pelilaitteistolle.<\/li>\n<\/ul>\n[droix_global_accordions]\n[cg_accordion title=\"Paketti sis\u00e4lt\u00e4\u00e4\"]<\/p>\n<ul>\n<li>1x AYN Thor Case<\/li>\n<\/ul>\n<p>[\/cg_accordion]\n","protected":false},"featured_media":709434,"template":"","meta":{"_acf_changed":false},"product_brand":[],"product_cat":[35549,35548],"product_tag":[],"woo-feed-brand":[],"key-features":[],"class_list":{"0":"post-709430","1":"product","2":"type-product","3":"status-publish","4":"has-post-thumbnail","6":"product_cat-pelitarvikkeet","7":"product_cat-tarvikkeet","8":"product_shipping_class-low-end","10":"first","11":"instock","12":"sale","13":"taxable","14":"shipping-taxable","15":"purchasable","16":"product-type-simple"},"acf":[],"aioseo_notices":[],"aioseo_head":"\n\t\t<!-- All in One SEO Pro 4.9.6.2 - aioseo.com -->\n\t<meta name=\"description\" content=\"Suojaa laitteistosi Thor-kantolaukulla! \ud83d\udee1\ufe0f R\u00e4\u00e4t\u00e4l\u00f6ity laitteellesi sopivaksi. Hanki paras Thor Carrying Case kannettavaan turvallisuuteen. Osta nyt! \ud83d\ude80\" \/>\n\t<meta name=\"robots\" content=\"max-image-preview:large\" \/>\n\t<link rel=\"canonical\" href=\"https:\/\/droix.eu\/fi\/product\/thor-kantolaukku\/\" \/>\n\t<meta name=\"generator\" content=\"All in One SEO Pro (AIOSEO) 4.9.6.2\" \/>\n\t\t<meta property=\"og:locale\" content=\"fi_FI\" \/>\n\t\t<meta property=\"og:site_name\" content=\"DROIX EU - Get the latest Mini PCs, Ultrabook, PC Gaming Handhelds and more!\" \/>\n\t\t<meta property=\"og:type\" content=\"article\" \/>\n\t\t<meta property=\"og:title\" content=\"Thor-kantolaukku: Premium Handheld Protection \ud83c\udfae\" \/>\n\t\t<meta property=\"og:description\" content=\"Suojaa laitteistosi Thor-kantolaukulla! \ud83d\udee1\ufe0f R\u00e4\u00e4t\u00e4l\u00f6ity laitteellesi sopivaksi. Hanki paras Thor Carrying Case kannettavaan turvallisuuteen. Osta nyt! \ud83d\ude80\" \/>\n\t\t<meta property=\"og:url\" content=\"https:\/\/droix.eu\/fi\/product\/thor-kantolaukku\/\" \/>\n\t\t<meta property=\"og:image\" content=\"https:\/\/droix.eu\/wp-content\/uploads\/2024\/06\/droix-v2-light-logo.png\" \/>\n\t\t<meta property=\"og:image:secure_url\" content=\"https:\/\/droix.eu\/wp-content\/uploads\/2024\/06\/droix-v2-light-logo.png\" \/>\n\t\t<meta property=\"og:image:width\" content=\"380\" \/>\n\t\t<meta property=\"og:image:height\" content=\"118\" \/>\n\t\t<meta property=\"article:published_time\" content=\"2026-02-20T12:20:07+00:00\" \/>\n\t\t<meta property=\"article:modified_time\" content=\"2026-04-08T09:25:29+00:00\" \/>\n\t\t<meta property=\"article:publisher\" content=\"https:\/\/www.facebook.com\/DroiX.Store\" \/>\n\t\t<meta name=\"twitter:card\" content=\"summary_large_image\" \/>\n\t\t<meta name=\"twitter:site\" content=\"@DroiX_Store\" \/>\n\t\t<meta name=\"twitter:title\" content=\"Thor-kantolaukku: Premium Handheld Protection \ud83c\udfae\" \/>\n\t\t<meta name=\"twitter:description\" content=\"Suojaa laitteistosi Thor-kantolaukulla! \ud83d\udee1\ufe0f R\u00e4\u00e4t\u00e4l\u00f6ity laitteellesi sopivaksi. Hanki paras Thor Carrying Case kannettavaan turvallisuuteen. Osta nyt! \ud83d\ude80\" \/>\n\t\t<meta name=\"twitter:image\" content=\"https:\/\/droix.eu\/wp-content\/uploads\/2024\/06\/droix-v2-light-logo.png\" \/>\n\t\t<script type=\"application\/ld+json\" class=\"aioseo-schema\">\n\t\t\t{\"@context\":\"https:\\\/\\\/schema.org\",\"@graph\":[{\"@type\":\"BreadcrumbList\",\"@id\":\"https:\\\/\\\/droix.eu\\\/fi\\\/product\\\/thor-kantolaukku\\\/#breadcrumblist\",\"itemListElement\":[{\"@type\":\"ListItem\",\"@id\":\"https:\\\/\\\/droix.eu\\\/fi\\\/#listItem\",\"position\":1,\"name\":\"Home\",\"item\":\"https:\\\/\\\/droix.eu\\\/fi\\\/\",\"nextItem\":{\"@type\":\"ListItem\",\"@id\":\"https:\\\/\\\/droix.eu\\\/fi\\\/product-category\\\/tarvikkeet\\\/#listItem\",\"name\":\"Tarvikkeet\"}},{\"@type\":\"ListItem\",\"@id\":\"https:\\\/\\\/droix.eu\\\/fi\\\/product-category\\\/tarvikkeet\\\/#listItem\",\"position\":2,\"name\":\"Tarvikkeet\",\"item\":\"https:\\\/\\\/droix.eu\\\/fi\\\/product-category\\\/tarvikkeet\\\/\",\"nextItem\":{\"@type\":\"ListItem\",\"@id\":\"https:\\\/\\\/droix.eu\\\/fi\\\/product-category\\\/tarvikkeet\\\/pelitarvikkeet\\\/#listItem\",\"name\":\"Pelitarvikkeet\"},\"previousItem\":{\"@type\":\"ListItem\",\"@id\":\"https:\\\/\\\/droix.eu\\\/fi\\\/#listItem\",\"name\":\"Home\"}},{\"@type\":\"ListItem\",\"@id\":\"https:\\\/\\\/droix.eu\\\/fi\\\/product-category\\\/tarvikkeet\\\/pelitarvikkeet\\\/#listItem\",\"position\":3,\"name\":\"Pelitarvikkeet\",\"item\":\"https:\\\/\\\/droix.eu\\\/fi\\\/product-category\\\/tarvikkeet\\\/pelitarvikkeet\\\/\",\"nextItem\":{\"@type\":\"ListItem\",\"@id\":\"https:\\\/\\\/droix.eu\\\/fi\\\/product\\\/thor-kantolaukku\\\/#listItem\",\"name\":\"Thor kantolaukku\"},\"previousItem\":{\"@type\":\"ListItem\",\"@id\":\"https:\\\/\\\/droix.eu\\\/fi\\\/product-category\\\/tarvikkeet\\\/#listItem\",\"name\":\"Tarvikkeet\"}},{\"@type\":\"ListItem\",\"@id\":\"https:\\\/\\\/droix.eu\\\/fi\\\/product\\\/thor-kantolaukku\\\/#listItem\",\"position\":4,\"name\":\"Thor kantolaukku\",\"previousItem\":{\"@type\":\"ListItem\",\"@id\":\"https:\\\/\\\/droix.eu\\\/fi\\\/product-category\\\/tarvikkeet\\\/pelitarvikkeet\\\/#listItem\",\"name\":\"Pelitarvikkeet\"}}]},{\"@type\":\"Organization\",\"@id\":\"https:\\\/\\\/droix.eu\\\/fi\\\/#organization\",\"name\":\"DroiX \\u2013 Trusted EU Tech Retailer with 12+ Years Experience\",\"description\":\"DroiX is a leading European technology retailer with over 12 years of experience, offering quality mini PCs, handheld gaming consoles, and tech accessories. We provide hassle-free EU delivery with all taxes included, ensuring a smooth and reliable shopping experience for our customers across Europe.\",\"url\":\"https:\\\/\\\/droix.eu\\\/fi\\\/\",\"logo\":{\"@type\":\"ImageObject\",\"url\":\"https:\\\/\\\/droix.eu\\\/wp-content\\\/uploads\\\/2024\\\/06\\\/droix-v2-light-logo.png\",\"@id\":\"https:\\\/\\\/droix.eu\\\/fi\\\/product\\\/thor-kantolaukku\\\/#organizationLogo\",\"width\":380,\"height\":118},\"image\":{\"@id\":\"https:\\\/\\\/droix.eu\\\/fi\\\/product\\\/thor-kantolaukku\\\/#organizationLogo\"},\"sameAs\":[\"https:\\\/\\\/www.facebook.com\\\/DroiX.Store\",\"https:\\\/\\\/twitter.com\\\/DroiX_Store\",\"https:\\\/\\\/www.instagram.com\\\/droix.store\\\/\",\"https:\\\/\\\/www.tiktok.com\\\/@droix.store\",\"https:\\\/\\\/www.youtube.com\\\/c\\\/DroiX_Store\",\"https:\\\/\\\/uk.linkedin.com\\\/company\\\/droix\"]},{\"@type\":\"Product\",\"@id\":\"https:\\\/\\\/droix.eu\\\/fi\\\/product\\\/thor-kantolaukku\\\/#wooCommerceProduct\",\"name\":\"Thor kantolaukku\",\"description\":\"Virallinen istuvuus - Tarkasti muotoiltu erityisesti AYN Thor -k\\u00e4sikonsolia varten, jotta varmistetaan turvallinen, liikkumaton istuvuus.\\n    Turvallinen s\\u00e4ilytys - Pit\\u00e4\\u00e4 AYN Thor -laitteen tukevasti paikallaan vakiokokoonpanossaan, jolloin se on ohut ja turvallinen (ei yhteensopiva kiinnitettyjen kahvojen kanssa).\\n    Pehme\\u00e4 vuori - Laadukas mikrokuituinen sis\\u00e4puoli est\\u00e4\\u00e4 naarmuja ja suojaa herkk\\u00e4\\u00e4 n\\u00e4ytt\\u00f6\\u00e4 ja alustaa.\\n    K\\u00e4sihihna - Varustettu vahvistetulla, raskaalla rannehihnalla, joka mahdollistaa helpon ja turvallisen kantamisen liikkeell\\u00e4.\\n    Kova kuori - Kest\\u00e4v\\u00e4, j\\u00e4ykk\\u00e4 ulkokuori, joka tarjoaa iskunkest\\u00e4v\\u00e4n suojan huipputehokkaalle pelilaitteistolle.\",\"url\":\"https:\\\/\\\/droix.eu\\\/fi\\\/product\\\/thor-kantolaukku\\\/\",\"sku\":\"AYN-THOR-CASE\",\"gtin\":\"5061077633169\",\"image\":{\"@type\":\"ImageObject\",\"url\":\"https:\\\/\\\/droix.eu\\\/wp-content\\\/uploads\\\/2026\\\/02\\\/AYN-THOR-CASE-LISTING-DONE-01.png\",\"@id\":\"https:\\\/\\\/droix.eu\\\/fi\\\/product\\\/thor-kantolaukku\\\/#productImage\",\"width\":1500,\"height\":1500},\"offers\":{\"@type\":\"Offer\",\"url\":\"https:\\\/\\\/droix.eu\\\/fi\\\/product\\\/thor-kantolaukku\\\/#wooCommerceOffer\",\"price\":17.16,\"priceCurrency\":\"EUR\",\"category\":\"Pelitarvikkeet\",\"availability\":\"https:\\\/\\\/schema.org\\\/InStock\",\"priceSpecification\":{\"@type\":\"PriceSpecification\",\"price\":17.16,\"priceCurrency\":\"EUR\",\"valueAddedTaxIncluded\":\"true\"},\"seller\":{\"@type\":\"Organization\",\"@id\":\"https:\\\/\\\/droix.eu\\\/fi\\\/#organization\"}}},{\"@type\":\"WebPage\",\"@id\":\"https:\\\/\\\/droix.eu\\\/fi\\\/product\\\/thor-kantolaukku\\\/#webpage\",\"url\":\"https:\\\/\\\/droix.eu\\\/fi\\\/product\\\/thor-kantolaukku\\\/\",\"name\":\"Thor-kantolaukku: Premium Handheld Protection \\ud83c\\udfae\",\"description\":\"Suojaa laitteistosi Thor-kantolaukulla! \\ud83d\\udee1\\ufe0f R\\u00e4\\u00e4t\\u00e4l\\u00f6ity laitteellesi sopivaksi. Hanki paras Thor Carrying Case kannettavaan turvallisuuteen. Osta nyt! \\ud83d\\ude80\",\"inLanguage\":\"fi\",\"isPartOf\":{\"@id\":\"https:\\\/\\\/droix.eu\\\/fi\\\/#website\"},\"breadcrumb\":{\"@id\":\"https:\\\/\\\/droix.eu\\\/fi\\\/product\\\/thor-kantolaukku\\\/#breadcrumblist\"},\"image\":{\"@type\":\"ImageObject\",\"url\":\"https:\\\/\\\/droix.eu\\\/wp-content\\\/uploads\\\/2026\\\/02\\\/AYN-THOR-CASE-LISTING-DONE-01.png\",\"@id\":\"https:\\\/\\\/droix.eu\\\/fi\\\/product\\\/thor-kantolaukku\\\/#mainImage\",\"width\":1500,\"height\":1500},\"primaryImageOfPage\":{\"@id\":\"https:\\\/\\\/droix.eu\\\/fi\\\/product\\\/thor-kantolaukku\\\/#mainImage\"},\"datePublished\":\"2026-02-20T12:20:07+00:00\",\"dateModified\":\"2026-04-08T10:25:29+01:00\"},{\"@type\":\"WebSite\",\"@id\":\"https:\\\/\\\/droix.eu\\\/fi\\\/#website\",\"url\":\"https:\\\/\\\/droix.eu\\\/fi\\\/\",\"name\":\"DROIX EU\",\"description\":\"Get the latest Mini PCs, Ultrabook, PC Gaming Handhelds and more!\",\"inLanguage\":\"fi\",\"publisher\":{\"@id\":\"https:\\\/\\\/droix.eu\\\/fi\\\/#organization\"}}]}\n\t\t<\/script>\n\t\t<!-- All in One SEO Pro -->\r\n\t\t<title>Thor-kantolaukku: Premium Handheld Protection \ud83c\udfae<\/title>\n\n","aioseo_head_json":{"title":"Thor-kantolaukku: Premium Handheld Protection \ud83c\udfae","description":"Suojaa laitteistosi Thor-kantolaukulla! \ud83d\udee1\ufe0f R\u00e4\u00e4t\u00e4l\u00f6ity laitteellesi sopivaksi. Hanki paras Thor Carrying Case kannettavaan turvallisuuteen. Osta nyt! \ud83d\ude80","canonical_url":"https:\/\/droix.eu\/fi\/product\/thor-kantolaukku\/","robots":"max-image-preview:large","keywords":"","webmasterTools":{"miscellaneous":""},"schema":{"@context":"https:\/\/schema.org","@graph":[{"@type":"BreadcrumbList","@id":"https:\/\/droix.eu\/fi\/product\/thor-kantolaukku\/#breadcrumblist","itemListElement":[{"@type":"ListItem","@id":"https:\/\/droix.eu\/fi\/#listItem","position":1,"name":"Home","item":"https:\/\/droix.eu\/fi\/","nextItem":{"@type":"ListItem","@id":"https:\/\/droix.eu\/fi\/product-category\/tarvikkeet\/#listItem","name":"Tarvikkeet"}},{"@type":"ListItem","@id":"https:\/\/droix.eu\/fi\/product-category\/tarvikkeet\/#listItem","position":2,"name":"Tarvikkeet","item":"https:\/\/droix.eu\/fi\/product-category\/tarvikkeet\/","nextItem":{"@type":"ListItem","@id":"https:\/\/droix.eu\/fi\/product-category\/tarvikkeet\/pelitarvikkeet\/#listItem","name":"Pelitarvikkeet"},"previousItem":{"@type":"ListItem","@id":"https:\/\/droix.eu\/fi\/#listItem","name":"Home"}},{"@type":"ListItem","@id":"https:\/\/droix.eu\/fi\/product-category\/tarvikkeet\/pelitarvikkeet\/#listItem","position":3,"name":"Pelitarvikkeet","item":"https:\/\/droix.eu\/fi\/product-category\/tarvikkeet\/pelitarvikkeet\/","nextItem":{"@type":"ListItem","@id":"https:\/\/droix.eu\/fi\/product\/thor-kantolaukku\/#listItem","name":"Thor kantolaukku"},"previousItem":{"@type":"ListItem","@id":"https:\/\/droix.eu\/fi\/product-category\/tarvikkeet\/#listItem","name":"Tarvikkeet"}},{"@type":"ListItem","@id":"https:\/\/droix.eu\/fi\/product\/thor-kantolaukku\/#listItem","position":4,"name":"Thor kantolaukku","previousItem":{"@type":"ListItem","@id":"https:\/\/droix.eu\/fi\/product-category\/tarvikkeet\/pelitarvikkeet\/#listItem","name":"Pelitarvikkeet"}}]},{"@type":"Organization","@id":"https:\/\/droix.eu\/fi\/#organization","name":"DroiX \u2013 Trusted EU Tech Retailer with 12+ Years Experience","description":"DroiX is a leading European technology retailer with over 12 years of experience, offering quality mini PCs, handheld gaming consoles, and tech accessories. We provide hassle-free EU delivery with all taxes included, ensuring a smooth and reliable shopping experience for our customers across Europe.","url":"https:\/\/droix.eu\/fi\/","logo":{"@type":"ImageObject","url":"https:\/\/droix.eu\/wp-content\/uploads\/2024\/06\/droix-v2-light-logo.png","@id":"https:\/\/droix.eu\/fi\/product\/thor-kantolaukku\/#organizationLogo","width":380,"height":118},"image":{"@id":"https:\/\/droix.eu\/fi\/product\/thor-kantolaukku\/#organizationLogo"},"sameAs":["https:\/\/www.facebook.com\/DroiX.Store","https:\/\/twitter.com\/DroiX_Store","https:\/\/www.instagram.com\/droix.store\/","https:\/\/www.tiktok.com\/@droix.store","https:\/\/www.youtube.com\/c\/DroiX_Store","https:\/\/uk.linkedin.com\/company\/droix"]},{"@type":"Product","@id":"https:\/\/droix.eu\/fi\/product\/thor-kantolaukku\/#wooCommerceProduct","name":"Thor kantolaukku","description":"Virallinen istuvuus - Tarkasti muotoiltu erityisesti AYN Thor -k\u00e4sikonsolia varten, jotta varmistetaan turvallinen, liikkumaton istuvuus.\n    Turvallinen s\u00e4ilytys - Pit\u00e4\u00e4 AYN Thor -laitteen tukevasti paikallaan vakiokokoonpanossaan, jolloin se on ohut ja turvallinen (ei yhteensopiva kiinnitettyjen kahvojen kanssa).\n    Pehme\u00e4 vuori - Laadukas mikrokuituinen sis\u00e4puoli est\u00e4\u00e4 naarmuja ja suojaa herkk\u00e4\u00e4 n\u00e4ytt\u00f6\u00e4 ja alustaa.\n    K\u00e4sihihna - Varustettu vahvistetulla, raskaalla rannehihnalla, joka mahdollistaa helpon ja turvallisen kantamisen liikkeell\u00e4.\n    Kova kuori - Kest\u00e4v\u00e4, j\u00e4ykk\u00e4 ulkokuori, joka tarjoaa iskunkest\u00e4v\u00e4n suojan huipputehokkaalle pelilaitteistolle.","url":"https:\/\/droix.eu\/fi\/product\/thor-kantolaukku\/","sku":"AYN-THOR-CASE","gtin":"5061077633169","image":{"@type":"ImageObject","url":"https:\/\/droix.eu\/wp-content\/uploads\/2026\/02\/AYN-THOR-CASE-LISTING-DONE-01.png","@id":"https:\/\/droix.eu\/fi\/product\/thor-kantolaukku\/#productImage","width":1500,"height":1500},"offers":{"@type":"Offer","url":"https:\/\/droix.eu\/fi\/product\/thor-kantolaukku\/#wooCommerceOffer","price":17.16,"priceCurrency":"EUR","category":"Pelitarvikkeet","availability":"https:\/\/schema.org\/InStock","priceSpecification":{"@type":"PriceSpecification","price":17.16,"priceCurrency":"EUR","valueAddedTaxIncluded":"true"},"seller":{"@type":"Organization","@id":"https:\/\/droix.eu\/fi\/#organization"}}},{"@type":"WebPage","@id":"https:\/\/droix.eu\/fi\/product\/thor-kantolaukku\/#webpage","url":"https:\/\/droix.eu\/fi\/product\/thor-kantolaukku\/","name":"Thor-kantolaukku: Premium Handheld Protection \ud83c\udfae","description":"Suojaa laitteistosi Thor-kantolaukulla! \ud83d\udee1\ufe0f R\u00e4\u00e4t\u00e4l\u00f6ity laitteellesi sopivaksi. Hanki paras Thor Carrying Case kannettavaan turvallisuuteen. Osta nyt! \ud83d\ude80","inLanguage":"fi","isPartOf":{"@id":"https:\/\/droix.eu\/fi\/#website"},"breadcrumb":{"@id":"https:\/\/droix.eu\/fi\/product\/thor-kantolaukku\/#breadcrumblist"},"image":{"@type":"ImageObject","url":"https:\/\/droix.eu\/wp-content\/uploads\/2026\/02\/AYN-THOR-CASE-LISTING-DONE-01.png","@id":"https:\/\/droix.eu\/fi\/product\/thor-kantolaukku\/#mainImage","width":1500,"height":1500},"primaryImageOfPage":{"@id":"https:\/\/droix.eu\/fi\/product\/thor-kantolaukku\/#mainImage"},"datePublished":"2026-02-20T12:20:07+00:00","dateModified":"2026-04-08T10:25:29+01:00"},{"@type":"WebSite","@id":"https:\/\/droix.eu\/fi\/#website","url":"https:\/\/droix.eu\/fi\/","name":"DROIX EU","description":"Get the latest Mini PCs, Ultrabook, PC Gaming Handhelds and more!","inLanguage":"fi","publisher":{"@id":"https:\/\/droix.eu\/fi\/#organization"}}]},"og:locale":"fi_FI","og:site_name":"DROIX EU - Get the latest Mini PCs, Ultrabook, PC Gaming Handhelds and more!","og:type":"article","og:title":"Thor-kantolaukku: Premium Handheld Protection \ud83c\udfae","og:description":"Suojaa laitteistosi Thor-kantolaukulla! \ud83d\udee1\ufe0f R\u00e4\u00e4t\u00e4l\u00f6ity laitteellesi sopivaksi. Hanki paras Thor Carrying Case kannettavaan turvallisuuteen. Osta nyt! \ud83d\ude80","og:url":"https:\/\/droix.eu\/fi\/product\/thor-kantolaukku\/","og:image":"https:\/\/droix.eu\/wp-content\/uploads\/2024\/06\/droix-v2-light-logo.png","og:image:secure_url":"https:\/\/droix.eu\/wp-content\/uploads\/2024\/06\/droix-v2-light-logo.png","og:image:width":380,"og:image:height":118,"article:published_time":"2026-02-20T12:20:07+00:00","article:modified_time":"2026-04-08T09:25:29+00:00","article:publisher":"https:\/\/www.facebook.com\/DroiX.Store","twitter:card":"summary_large_image","twitter:site":"@DroiX_Store","twitter:title":"Thor-kantolaukku: Premium Handheld Protection \ud83c\udfae","twitter:description":"Suojaa laitteistosi Thor-kantolaukulla! \ud83d\udee1\ufe0f R\u00e4\u00e4t\u00e4l\u00f6ity laitteellesi sopivaksi. Hanki paras Thor Carrying Case kannettavaan turvallisuuteen. Osta nyt! \ud83d\ude80","twitter:image":"https:\/\/droix.eu\/wp-content\/uploads\/2024\/06\/droix-v2-light-logo.png"},"aioseo_meta_data":{"post_id":"709430","title":"Thor-kantolaukku: Premium Handheld Protection \ud83c\udfae","description":"Suojaa laitteistosi Thor-kantolaukulla! \ud83d\udee1\ufe0f R\u00e4\u00e4t\u00e4l\u00f6ity laitteellesi sopivaksi. Hanki paras Thor Carrying Case kannettavaan turvallisuuteen. Osta nyt! \ud83d\ude80","keywords":null,"keyphrases":{"focus":{"keyphrase":"Thor Carrying Case","score":85,"analysis":{"keyphraseInTitle":{"score":9,"maxScore":9,"error":0},"keyphraseInDescription":{"score":9,"maxScore":9,"error":0},"keyphraseLength":{"score":9,"maxScore":9,"error":0,"length":3},"keyphraseInURL":{"score":5,"maxScore":5,"error":0},"keyphraseInIntroduction":{"score":9,"maxScore":9,"error":0},"keyphraseInSubHeadings":{"score":9,"maxScore":9,"error":0},"keyphraseInImageAlt":[],"keywordDensity":{"type":"high","score":0,"maxScore":9,"error":1}}},"additional":[]},"primary_term":null,"canonical_url":null,"og_title":null,"og_description":null,"og_object_type":"default","og_image_type":"default","og_image_url":null,"og_image_width":null,"og_image_height":null,"og_image_custom_url":null,"og_image_custom_fields":null,"og_video":"","og_custom_url":null,"og_article_section":null,"og_article_tags":null,"twitter_use_og":true,"twitter_card":"default","twitter_image_type":"default","twitter_image_url":null,"twitter_image_custom_url":null,"twitter_image_custom_fields":null,"twitter_title":null,"twitter_description":null,"schema":{"blockGraphs":[],"customGraphs":[],"default":{"data":{"Article":[],"Course":[],"Dataset":[],"FAQPage":[],"Movie":[],"Person":[],"Product":[],"ProductReview":[],"Car":[],"Recipe":[],"Service":[],"SoftwareApplication":[],"WebPage":[]},"graphName":"Product","isEnabled":true},"graphs":[]},"schema_type":"default","schema_type_options":null,"pillar_content":false,"robots_default":true,"robots_noindex":false,"robots_noarchive":false,"robots_nosnippet":false,"robots_nofollow":false,"robots_noimageindex":false,"robots_noodp":false,"robots_notranslate":false,"robots_max_snippet":"-1","robots_max_videopreview":"-1","robots_max_imagepreview":"large","priority":null,"frequency":"default","local_seo":null,"seo_analyzer_scan_date":null,"breadcrumb_settings":null,"limit_modified_date":false,"reviewed_by":null,"open_ai":null,"ai":{"faqs":[],"keyPoints":[],"titles":[],"descriptions":[],"socialPosts":{"email":[],"linkedin":[],"twitter":[],"facebook":[],"instagram":[]}},"created":"2026-03-10 10:38:55","updated":"2026-04-08 19:39:46"},"aioseo_breadcrumb":"<div class=\"aioseo-breadcrumbs\"><span class=\"aioseo-breadcrumb\">\n\t<a href=\"https:\/\/droix.eu\/fi\/\" title=\"Home\">Home<\/a>\n<\/span><span class=\"aioseo-breadcrumb-separator\">&raquo;<\/span><span class=\"aioseo-breadcrumb\">\n\t<a href=\"https:\/\/droix.eu\/fi\/product-category\/tarvikkeet\/\" title=\"Tarvikkeet\">Tarvikkeet<\/a>\n<\/span><span class=\"aioseo-breadcrumb-separator\">&raquo;<\/span><span class=\"aioseo-breadcrumb\">\n\t<a href=\"https:\/\/droix.eu\/fi\/product-category\/tarvikkeet\/pelitarvikkeet\/\" title=\"Pelitarvikkeet\">Pelitarvikkeet<\/a>\n<\/span><span class=\"aioseo-breadcrumb-separator\">&raquo;<\/span><span class=\"aioseo-breadcrumb\">\n\tThor kantolaukku\n<\/span><\/div>","aioseo_breadcrumb_json":[{"label":"Home","link":"https:\/\/droix.eu\/fi\/"},{"label":"Tarvikkeet","link":"https:\/\/droix.eu\/fi\/product-category\/tarvikkeet\/"},{"label":"Pelitarvikkeet","link":"https:\/\/droix.eu\/fi\/product-category\/tarvikkeet\/pelitarvikkeet\/"},{"label":"Thor kantolaukku","link":"https:\/\/droix.eu\/fi\/product\/thor-kantolaukku\/"}],"_links":{"self":[{"href":"https:\/\/droix.eu\/fi\/wp-json\/wp\/v2\/product\/709430","targetHints":{"allow":["GET"]}}],"collection":[{"href":"https:\/\/droix.eu\/fi\/wp-json\/wp\/v2\/product"}],"about":[{"href":"https:\/\/droix.eu\/fi\/wp-json\/wp\/v2\/types\/product"}],"version-history":[{"count":0,"href":"https:\/\/droix.eu\/fi\/wp-json\/wp\/v2\/product\/709430\/revisions"}],"wp:featuredmedia":[{"embeddable":true,"href":"https:\/\/droix.eu\/fi\/wp-json\/wp\/v2\/media\/709434"}],"wp:attachment":[{"href":"https:\/\/droix.eu\/fi\/wp-json\/wp\/v2\/media?parent=709430"}],"wp:term":[{"taxonomy":"product_brand","embeddable":true,"href":"https:\/\/droix.eu\/fi\/wp-json\/wp\/v2\/product_brand?post=709430"},{"taxonomy":"product_cat","embeddable":true,"href":"https:\/\/droix.eu\/fi\/wp-json\/wp\/v2\/product_cat?post=709430"},{"taxonomy":"product_tag","embeddable":true,"href":"https:\/\/droix.eu\/fi\/wp-json\/wp\/v2\/product_tag?post=709430"},{"taxonomy":"woo-feed-brand","embeddable":true,"href":"https:\/\/droix.eu\/fi\/wp-json\/wp\/v2\/woo-feed-brand?post=709430"},{"taxonomy":"key-features","embeddable":true,"href":"https:\/\/droix.eu\/fi\/wp-json\/wp\/v2\/key-features?post=709430"}],"curies":[{"name":"wp","href":"https:\/\/api.w.org\/{rel}","templated":true}]}}