{"id":551489,"date":"2020-11-20T10:02:39","date_gmt":"2020-11-20T10:02:39","guid":{"rendered":"https:\/\/droix.eu\/product\/fx8s-usb-type-c-keskitin\/"},"modified":"2025-08-01T15:44:32","modified_gmt":"2025-08-01T14:44:32","slug":"fx8s-usb-type-c-keskitin","status":"publish","type":"product","link":"https:\/\/droix.eu\/fi\/product\/fx8s-usb-type-c-keskitin\/","title":{"rendered":"FX8S USB Type-C -keskitin"},"content":{"rendered":"<p>FX8s <strong>USB-C Hub 8-in-1 -sovitin<\/strong> kokoaa yleisesti tarvittavat portit yhteen kompaktiin ja suorituskykyiseen <strong>USB-C Hubiin<\/strong>.<\/p>\n<p>FX8s <strong>USB-C-keskitin<\/strong> kytkeytyy USB Type-C -porttiin ja on my\u00f6s <a href=\"https:\/\/www.pocket-lint.com\/laptops\/news\/139323-thunderbolt-3-explained-the-one-port-to-rule-them-all\">Thunderbolt 3<\/a> -yhteensopiva. Se tarjoaa nopean yhdysk\u00e4yt\u00e4v\u00e4n laitteestasi, kuten tietokoneesta tai kannettavasta tietokoneesta, keskittimeen ja mahdollistaa my\u00f6s lataamisen k\u00e4yt\u00f6n aikana. <\/p>\n<p><strong>USB-C-keskitin HDMI-portti<\/strong> tukee jopa <strong>4K*2K UHD<\/strong> (3840&#215;2160) -kuvausta 60 Hz:n taajuudella n\u00e4ytt\u00f6laitteisiin, kuten televisioihin, monitoreihin tai projektoreihin, liitt\u00e4mist\u00e4 varten. Kytke vain HDMI-kaapeli keskittimeen ja n\u00e4ytt\u00f6\u00f6n, ja olet valmis. <\/p>\n<p>Sivussa on kaksi eritt\u00e4in nopeaa <strong>USB 3.0 -porttia<\/strong>, joihin voit liitt\u00e4\u00e4 laitteita, kuten hiiren tai n\u00e4pp\u00e4imist\u00f6n, tai nopeita oheislaitteita, kuten USB-muistitikkuja ja ulkoisia kiintolevyj\u00e4. Ne tuottavat enint\u00e4\u00e4n 4,5 W:n enimm\u00e4istehon. <\/p>\n<p><strong>Naaras-USB Type-C -portti<\/strong> tukee jopa 87 W:n verkkovirtasovittimia, ja se voi my\u00f6s antaa 20 voltin j\u00e4nnitteen 3 A:n teholla. Kaksoistoiminnallisuuden ansiosta voit ladata laitteesi keskittimen kautta samalla kun k\u00e4yt\u00e4t sit\u00e4, t\u00e4m\u00e4 on t\u00e4ydellinen ratkaisu, jos laitteessasi on vain yksi Type-C-portti. Voit my\u00f6s liitt\u00e4\u00e4 yhteensopivia <a href=\"https:\/\/www.computerworld.com\/article\/2488194\/usb-c-explained-how-to-get-the-most-from-it-and-why-its-great.html\">Type-C-oheislaitteita<\/a> keskittimeen t\u00e4m\u00e4n portin kautta.  <\/p>\n<p>Monissa kannettavissa laitteissa on nyky\u00e4\u00e4n vain langaton yhteys, joka ei useinkaan ole riitt\u00e4v\u00e4n nopea tai luotettava. <strong>USB-C-keskittimen Ethernet<\/strong> RJ45 -portti tukee jopa 100 Mbps nopeaa ja vakaata langallista tiedonsiirtoa varten. <\/p>\n<p>FX8s-keskittimess\u00e4 on my\u00f6s SD- ja <strong>Micro-SD-USB-C-kortinlukija<\/strong>, joka mahdollistaa luotettavan nopean kirjoittamisen ja lukemisen kortteihin ja korteista laitteeseen.<\/p>\n","protected":false},"excerpt":{"rendered":"<ul>\n<li><strong>Nopea<\/strong> USB Type-C -sovitin<\/li>\n<li><strong>4K<\/strong> HDMI-l\u00e4ht\u00f6<\/li>\n<li>RJ45 <strong>100M\/s<\/strong> Ethernet-portti<\/li>\n<li>SD\/MicroSD-korttipaikka<\/li>\n<li>Yhteensopiva <strong>Windows<\/strong><strong>, Mac<\/strong> ja <strong>Android<\/strong><\/li>\n<\/ul>\n[droix_global_accordions]\n[cg_accordion title=\"Package Includes\"]<\/p>\n<ul>\n<li>1x FX8S USB Type-C -keskitin<\/li>\n<\/ul>\n<p>[\/cg_accordion]\n","protected":false},"featured_media":551490,"template":"","meta":{"_acf_changed":false},"product_brand":[],"product_cat":[35646,35549,35548,35858],"product_tag":[],"woo-feed-brand":[],"key-features":[],"class_list":{"0":"post-551489","1":"product","2":"type-product","3":"status-publish","4":"has-post-thumbnail","6":"product_cat-kannettavan-tietokoneen-tarvikkeet","7":"product_cat-pelitarvikkeet","8":"product_cat-tarvikkeet","9":"product_cat-tietokonetarvikkeet","10":"product_shipping_class-low-end","11":"pa_accessory-type-docking-station","12":"pa_brands-droix-fi","14":"first","15":"outofstock","16":"taxable","17":"shipping-taxable","18":"purchasable","19":"product-type-simple"},"acf":[],"aioseo_notices":[],"aioseo_head":"\n\t\t<!-- All in One SEO Pro 4.9.6.2 - aioseo.com -->\n\t<meta name=\"description\" content=\"Nopea USB Type-C -sovitin 4K HDMI-l\u00e4ht\u00f6 RJ45 100M\/s Ethernet-portti SD\/MicroSD-korttipaikka Yhteensopiva Windows, Mac ja Android Package Includes 1x FX8S USB Type-C -keskitin\" \/>\n\t<meta name=\"robots\" content=\"max-image-preview:large\" \/>\n\t<link rel=\"canonical\" href=\"https:\/\/droix.eu\/fi\/product\/fx8s-usb-type-c-keskitin\/\" \/>\n\t<meta name=\"generator\" content=\"All in One SEO Pro (AIOSEO) 4.9.6.2\" \/>\n\t\t<meta property=\"og:locale\" content=\"fi_FI\" \/>\n\t\t<meta property=\"og:site_name\" content=\"DROIX EU - Get the latest Mini PCs, Ultrabook, PC Gaming Handhelds and more!\" \/>\n\t\t<meta property=\"og:type\" content=\"article\" \/>\n\t\t<meta property=\"og:title\" content=\"FX8S USB Type-C -keskitin - DROIX EU\" \/>\n\t\t<meta property=\"og:description\" content=\"Nopea USB Type-C -sovitin 4K HDMI-l\u00e4ht\u00f6 RJ45 100M\/s Ethernet-portti SD\/MicroSD-korttipaikka Yhteensopiva Windows, Mac ja Android Package Includes 1x FX8S USB Type-C -keskitin\" \/>\n\t\t<meta property=\"og:url\" content=\"https:\/\/droix.eu\/fi\/product\/fx8s-usb-type-c-keskitin\/\" \/>\n\t\t<meta property=\"og:image\" content=\"https:\/\/droix.eu\/wp-content\/uploads\/2024\/06\/droix-v2-light-logo.png\" \/>\n\t\t<meta property=\"og:image:secure_url\" content=\"https:\/\/droix.eu\/wp-content\/uploads\/2024\/06\/droix-v2-light-logo.png\" \/>\n\t\t<meta property=\"og:image:width\" content=\"380\" \/>\n\t\t<meta property=\"og:image:height\" content=\"118\" \/>\n\t\t<meta property=\"article:published_time\" content=\"2020-11-20T10:02:39+00:00\" \/>\n\t\t<meta property=\"article:modified_time\" content=\"2025-08-01T14:44:32+00:00\" \/>\n\t\t<meta property=\"article:publisher\" content=\"https:\/\/www.facebook.com\/DroiX.Store\" \/>\n\t\t<meta name=\"twitter:card\" content=\"summary_large_image\" \/>\n\t\t<meta name=\"twitter:site\" content=\"@DroiX_Store\" \/>\n\t\t<meta name=\"twitter:title\" content=\"FX8S USB Type-C -keskitin - DROIX EU\" \/>\n\t\t<meta name=\"twitter:description\" content=\"Nopea USB Type-C -sovitin 4K HDMI-l\u00e4ht\u00f6 RJ45 100M\/s Ethernet-portti SD\/MicroSD-korttipaikka Yhteensopiva Windows, Mac ja Android Package Includes 1x FX8S USB Type-C -keskitin\" \/>\n\t\t<meta name=\"twitter:image\" content=\"https:\/\/droix.eu\/wp-content\/uploads\/2024\/06\/droix-v2-light-logo.png\" \/>\n\t\t<script type=\"application\/ld+json\" class=\"aioseo-schema\">\n\t\t\t{\"@context\":\"https:\\\/\\\/schema.org\",\"@graph\":[{\"@type\":\"BreadcrumbList\",\"@id\":\"https:\\\/\\\/droix.eu\\\/fi\\\/product\\\/fx8s-usb-type-c-keskitin\\\/#breadcrumblist\",\"itemListElement\":[{\"@type\":\"ListItem\",\"@id\":\"https:\\\/\\\/droix.eu\\\/fi\\\/#listItem\",\"position\":1,\"name\":\"Home\",\"item\":\"https:\\\/\\\/droix.eu\\\/fi\\\/\",\"nextItem\":{\"@type\":\"ListItem\",\"@id\":\"https:\\\/\\\/droix.eu\\\/fi\\\/product-category\\\/tarvikkeet\\\/#listItem\",\"name\":\"Tarvikkeet\"}},{\"@type\":\"ListItem\",\"@id\":\"https:\\\/\\\/droix.eu\\\/fi\\\/product-category\\\/tarvikkeet\\\/#listItem\",\"position\":2,\"name\":\"Tarvikkeet\",\"item\":\"https:\\\/\\\/droix.eu\\\/fi\\\/product-category\\\/tarvikkeet\\\/\",\"nextItem\":{\"@type\":\"ListItem\",\"@id\":\"https:\\\/\\\/droix.eu\\\/fi\\\/product-category\\\/tarvikkeet\\\/pelitarvikkeet\\\/#listItem\",\"name\":\"Pelitarvikkeet\"},\"previousItem\":{\"@type\":\"ListItem\",\"@id\":\"https:\\\/\\\/droix.eu\\\/fi\\\/#listItem\",\"name\":\"Home\"}},{\"@type\":\"ListItem\",\"@id\":\"https:\\\/\\\/droix.eu\\\/fi\\\/product-category\\\/tarvikkeet\\\/pelitarvikkeet\\\/#listItem\",\"position\":3,\"name\":\"Pelitarvikkeet\",\"item\":\"https:\\\/\\\/droix.eu\\\/fi\\\/product-category\\\/tarvikkeet\\\/pelitarvikkeet\\\/\",\"nextItem\":{\"@type\":\"ListItem\",\"@id\":\"https:\\\/\\\/droix.eu\\\/fi\\\/product\\\/fx8s-usb-type-c-keskitin\\\/#listItem\",\"name\":\"FX8S USB Type-C -keskitin\"},\"previousItem\":{\"@type\":\"ListItem\",\"@id\":\"https:\\\/\\\/droix.eu\\\/fi\\\/product-category\\\/tarvikkeet\\\/#listItem\",\"name\":\"Tarvikkeet\"}},{\"@type\":\"ListItem\",\"@id\":\"https:\\\/\\\/droix.eu\\\/fi\\\/product\\\/fx8s-usb-type-c-keskitin\\\/#listItem\",\"position\":4,\"name\":\"FX8S USB Type-C -keskitin\",\"previousItem\":{\"@type\":\"ListItem\",\"@id\":\"https:\\\/\\\/droix.eu\\\/fi\\\/product-category\\\/tarvikkeet\\\/pelitarvikkeet\\\/#listItem\",\"name\":\"Pelitarvikkeet\"}}]},{\"@type\":\"Organization\",\"@id\":\"https:\\\/\\\/droix.eu\\\/fi\\\/#organization\",\"name\":\"DroiX \\u2013 Trusted EU Tech Retailer with 12+ Years Experience\",\"description\":\"DroiX is a leading European technology retailer with over 12 years of experience, offering quality mini PCs, handheld gaming consoles, and tech accessories. We provide hassle-free EU delivery with all taxes included, ensuring a smooth and reliable shopping experience for our customers across Europe.\",\"url\":\"https:\\\/\\\/droix.eu\\\/fi\\\/\",\"logo\":{\"@type\":\"ImageObject\",\"url\":\"https:\\\/\\\/droix.eu\\\/wp-content\\\/uploads\\\/2024\\\/06\\\/droix-v2-light-logo.png\",\"@id\":\"https:\\\/\\\/droix.eu\\\/fi\\\/product\\\/fx8s-usb-type-c-keskitin\\\/#organizationLogo\",\"width\":380,\"height\":118},\"image\":{\"@id\":\"https:\\\/\\\/droix.eu\\\/fi\\\/product\\\/fx8s-usb-type-c-keskitin\\\/#organizationLogo\"},\"sameAs\":[\"https:\\\/\\\/www.facebook.com\\\/DroiX.Store\",\"https:\\\/\\\/twitter.com\\\/DroiX_Store\",\"https:\\\/\\\/www.instagram.com\\\/droix.store\\\/\",\"https:\\\/\\\/www.tiktok.com\\\/@droix.store\",\"https:\\\/\\\/www.youtube.com\\\/c\\\/DroiX_Store\",\"https:\\\/\\\/uk.linkedin.com\\\/company\\\/droix\"]},{\"@type\":\"Product\",\"@id\":\"https:\\\/\\\/droix.eu\\\/fi\\\/product\\\/fx8s-usb-type-c-keskitin\\\/#wooCommerceProduct\",\"name\":\"FX8S USB Type-C -keskitin\",\"description\":\"Nopea USB Type-C -sovitin\\n \\t4K HDMI-l\\u00e4ht\\u00f6\\n \\tRJ45 100M\\\/s Ethernet-portti\\n \\tSD\\\/MicroSD-korttipaikka\\n \\tYhteensopiva Windows, Mac ja Android\",\"url\":\"https:\\\/\\\/droix.eu\\\/fi\\\/product\\\/fx8s-usb-type-c-keskitin\\\/\",\"sku\":\"DX-FX8-S-USB-TYPE-C-ADAPTER\",\"image\":{\"@type\":\"ImageObject\",\"url\":\"https:\\\/\\\/droix.eu\\\/wp-content\\\/uploads\\\/2021\\\/12\\\/1-2.png\",\"@id\":\"https:\\\/\\\/droix.eu\\\/fi\\\/product\\\/fx8s-usb-type-c-keskitin\\\/#productImage\",\"width\":670,\"height\":840,\"caption\":\"DroiX FX8s - N\\u00e4ytet\\u00e4\\u00e4n 2 USB Type-C-porttia, 1 HDMI, 2 USB Type-A, 1 SD-kortti- ja 1 MicroSD-portti.\"},\"offers\":{\"@type\":\"Offer\",\"url\":\"https:\\\/\\\/droix.eu\\\/fi\\\/product\\\/fx8s-usb-type-c-keskitin\\\/#wooCommerceOffer\",\"price\":33.2,\"priceCurrency\":\"EUR\",\"category\":\"Kannettavan tietokoneen tarvikkeet\",\"priceValidUntil\":\"2024-05-26\",\"availability\":\"https:\\\/\\\/schema.org\\\/OutOfStock\",\"priceSpecification\":{\"@type\":\"PriceSpecification\",\"price\":33.2,\"priceCurrency\":\"EUR\",\"valueAddedTaxIncluded\":\"true\"},\"seller\":{\"@type\":\"Organization\",\"@id\":\"https:\\\/\\\/droix.eu\\\/fi\\\/#organization\"}}},{\"@type\":\"WebPage\",\"@id\":\"https:\\\/\\\/droix.eu\\\/fi\\\/product\\\/fx8s-usb-type-c-keskitin\\\/#webpage\",\"url\":\"https:\\\/\\\/droix.eu\\\/fi\\\/product\\\/fx8s-usb-type-c-keskitin\\\/\",\"name\":\"FX8S USB Type-C -keskitin - DROIX EU\",\"description\":\"Nopea USB Type-C -sovitin 4K HDMI-l\\u00e4ht\\u00f6 RJ45 100M\\\/s Ethernet-portti SD\\\/MicroSD-korttipaikka Yhteensopiva Windows, Mac ja Android Package Includes 1x FX8S USB Type-C -keskitin\",\"inLanguage\":\"fi\",\"isPartOf\":{\"@id\":\"https:\\\/\\\/droix.eu\\\/fi\\\/#website\"},\"breadcrumb\":{\"@id\":\"https:\\\/\\\/droix.eu\\\/fi\\\/product\\\/fx8s-usb-type-c-keskitin\\\/#breadcrumblist\"},\"image\":{\"@type\":\"ImageObject\",\"url\":\"https:\\\/\\\/droix.eu\\\/wp-content\\\/uploads\\\/2021\\\/12\\\/1-2.png\",\"@id\":\"https:\\\/\\\/droix.eu\\\/fi\\\/product\\\/fx8s-usb-type-c-keskitin\\\/#mainImage\",\"width\":670,\"height\":840,\"caption\":\"DroiX FX8s - N\\u00e4ytet\\u00e4\\u00e4n 2 USB Type-C-porttia, 1 HDMI, 2 USB Type-A, 1 SD-kortti- ja 1 MicroSD-portti.\"},\"primaryImageOfPage\":{\"@id\":\"https:\\\/\\\/droix.eu\\\/fi\\\/product\\\/fx8s-usb-type-c-keskitin\\\/#mainImage\"},\"datePublished\":\"2020-11-20T10:02:39+00:00\",\"dateModified\":\"2025-08-01T15:44:32+01:00\"},{\"@type\":\"WebSite\",\"@id\":\"https:\\\/\\\/droix.eu\\\/fi\\\/#website\",\"url\":\"https:\\\/\\\/droix.eu\\\/fi\\\/\",\"name\":\"DROIX EU\",\"description\":\"Get the latest Mini PCs, Ultrabook, PC Gaming Handhelds and more!\",\"inLanguage\":\"fi\",\"publisher\":{\"@id\":\"https:\\\/\\\/droix.eu\\\/fi\\\/#organization\"}}]}\n\t\t<\/script>\n\t\t<!-- All in One SEO Pro -->\r\n\t\t<title>FX8S USB Type-C -keskitin - DROIX EU<\/title>\n\n","aioseo_head_json":{"title":"FX8S USB Type-C -keskitin - DROIX EU","description":"Nopea USB Type-C -sovitin 4K HDMI-l\u00e4ht\u00f6 RJ45 100M\/s Ethernet-portti SD\/MicroSD-korttipaikka Yhteensopiva Windows, Mac ja Android Package Includes 1x FX8S USB Type-C -keskitin","canonical_url":"https:\/\/droix.eu\/fi\/product\/fx8s-usb-type-c-keskitin\/","robots":"max-image-preview:large","keywords":"","webmasterTools":{"miscellaneous":""},"schema":{"@context":"https:\/\/schema.org","@graph":[{"@type":"BreadcrumbList","@id":"https:\/\/droix.eu\/fi\/product\/fx8s-usb-type-c-keskitin\/#breadcrumblist","itemListElement":[{"@type":"ListItem","@id":"https:\/\/droix.eu\/fi\/#listItem","position":1,"name":"Home","item":"https:\/\/droix.eu\/fi\/","nextItem":{"@type":"ListItem","@id":"https:\/\/droix.eu\/fi\/product-category\/tarvikkeet\/#listItem","name":"Tarvikkeet"}},{"@type":"ListItem","@id":"https:\/\/droix.eu\/fi\/product-category\/tarvikkeet\/#listItem","position":2,"name":"Tarvikkeet","item":"https:\/\/droix.eu\/fi\/product-category\/tarvikkeet\/","nextItem":{"@type":"ListItem","@id":"https:\/\/droix.eu\/fi\/product-category\/tarvikkeet\/pelitarvikkeet\/#listItem","name":"Pelitarvikkeet"},"previousItem":{"@type":"ListItem","@id":"https:\/\/droix.eu\/fi\/#listItem","name":"Home"}},{"@type":"ListItem","@id":"https:\/\/droix.eu\/fi\/product-category\/tarvikkeet\/pelitarvikkeet\/#listItem","position":3,"name":"Pelitarvikkeet","item":"https:\/\/droix.eu\/fi\/product-category\/tarvikkeet\/pelitarvikkeet\/","nextItem":{"@type":"ListItem","@id":"https:\/\/droix.eu\/fi\/product\/fx8s-usb-type-c-keskitin\/#listItem","name":"FX8S USB Type-C -keskitin"},"previousItem":{"@type":"ListItem","@id":"https:\/\/droix.eu\/fi\/product-category\/tarvikkeet\/#listItem","name":"Tarvikkeet"}},{"@type":"ListItem","@id":"https:\/\/droix.eu\/fi\/product\/fx8s-usb-type-c-keskitin\/#listItem","position":4,"name":"FX8S USB Type-C -keskitin","previousItem":{"@type":"ListItem","@id":"https:\/\/droix.eu\/fi\/product-category\/tarvikkeet\/pelitarvikkeet\/#listItem","name":"Pelitarvikkeet"}}]},{"@type":"Organization","@id":"https:\/\/droix.eu\/fi\/#organization","name":"DroiX \u2013 Trusted EU Tech Retailer with 12+ Years Experience","description":"DroiX is a leading European technology retailer with over 12 years of experience, offering quality mini PCs, handheld gaming consoles, and tech accessories. We provide hassle-free EU delivery with all taxes included, ensuring a smooth and reliable shopping experience for our customers across Europe.","url":"https:\/\/droix.eu\/fi\/","logo":{"@type":"ImageObject","url":"https:\/\/droix.eu\/wp-content\/uploads\/2024\/06\/droix-v2-light-logo.png","@id":"https:\/\/droix.eu\/fi\/product\/fx8s-usb-type-c-keskitin\/#organizationLogo","width":380,"height":118},"image":{"@id":"https:\/\/droix.eu\/fi\/product\/fx8s-usb-type-c-keskitin\/#organizationLogo"},"sameAs":["https:\/\/www.facebook.com\/DroiX.Store","https:\/\/twitter.com\/DroiX_Store","https:\/\/www.instagram.com\/droix.store\/","https:\/\/www.tiktok.com\/@droix.store","https:\/\/www.youtube.com\/c\/DroiX_Store","https:\/\/uk.linkedin.com\/company\/droix"]},{"@type":"Product","@id":"https:\/\/droix.eu\/fi\/product\/fx8s-usb-type-c-keskitin\/#wooCommerceProduct","name":"FX8S USB Type-C -keskitin","description":"Nopea USB Type-C -sovitin\n \t4K HDMI-l\u00e4ht\u00f6\n \tRJ45 100M\/s Ethernet-portti\n \tSD\/MicroSD-korttipaikka\n \tYhteensopiva Windows, Mac ja Android","url":"https:\/\/droix.eu\/fi\/product\/fx8s-usb-type-c-keskitin\/","sku":"DX-FX8-S-USB-TYPE-C-ADAPTER","image":{"@type":"ImageObject","url":"https:\/\/droix.eu\/wp-content\/uploads\/2021\/12\/1-2.png","@id":"https:\/\/droix.eu\/fi\/product\/fx8s-usb-type-c-keskitin\/#productImage","width":670,"height":840,"caption":"DroiX FX8s - N\u00e4ytet\u00e4\u00e4n 2 USB Type-C-porttia, 1 HDMI, 2 USB Type-A, 1 SD-kortti- ja 1 MicroSD-portti."},"offers":{"@type":"Offer","url":"https:\/\/droix.eu\/fi\/product\/fx8s-usb-type-c-keskitin\/#wooCommerceOffer","price":33.2,"priceCurrency":"EUR","category":"Kannettavan tietokoneen tarvikkeet","priceValidUntil":"2024-05-26","availability":"https:\/\/schema.org\/OutOfStock","priceSpecification":{"@type":"PriceSpecification","price":33.2,"priceCurrency":"EUR","valueAddedTaxIncluded":"true"},"seller":{"@type":"Organization","@id":"https:\/\/droix.eu\/fi\/#organization"}}},{"@type":"WebPage","@id":"https:\/\/droix.eu\/fi\/product\/fx8s-usb-type-c-keskitin\/#webpage","url":"https:\/\/droix.eu\/fi\/product\/fx8s-usb-type-c-keskitin\/","name":"FX8S USB Type-C -keskitin - DROIX EU","description":"Nopea USB Type-C -sovitin 4K HDMI-l\u00e4ht\u00f6 RJ45 100M\/s Ethernet-portti SD\/MicroSD-korttipaikka Yhteensopiva Windows, Mac ja Android Package Includes 1x FX8S USB Type-C -keskitin","inLanguage":"fi","isPartOf":{"@id":"https:\/\/droix.eu\/fi\/#website"},"breadcrumb":{"@id":"https:\/\/droix.eu\/fi\/product\/fx8s-usb-type-c-keskitin\/#breadcrumblist"},"image":{"@type":"ImageObject","url":"https:\/\/droix.eu\/wp-content\/uploads\/2021\/12\/1-2.png","@id":"https:\/\/droix.eu\/fi\/product\/fx8s-usb-type-c-keskitin\/#mainImage","width":670,"height":840,"caption":"DroiX FX8s - N\u00e4ytet\u00e4\u00e4n 2 USB Type-C-porttia, 1 HDMI, 2 USB Type-A, 1 SD-kortti- ja 1 MicroSD-portti."},"primaryImageOfPage":{"@id":"https:\/\/droix.eu\/fi\/product\/fx8s-usb-type-c-keskitin\/#mainImage"},"datePublished":"2020-11-20T10:02:39+00:00","dateModified":"2025-08-01T15:44:32+01:00"},{"@type":"WebSite","@id":"https:\/\/droix.eu\/fi\/#website","url":"https:\/\/droix.eu\/fi\/","name":"DROIX EU","description":"Get the latest Mini PCs, Ultrabook, PC Gaming Handhelds and more!","inLanguage":"fi","publisher":{"@id":"https:\/\/droix.eu\/fi\/#organization"}}]},"og:locale":"fi_FI","og:site_name":"DROIX EU - Get the latest Mini PCs, Ultrabook, PC Gaming Handhelds and more!","og:type":"article","og:title":"FX8S USB Type-C -keskitin - DROIX EU","og:description":"Nopea USB Type-C -sovitin 4K HDMI-l\u00e4ht\u00f6 RJ45 100M\/s Ethernet-portti SD\/MicroSD-korttipaikka Yhteensopiva Windows, Mac ja Android Package Includes 1x FX8S USB Type-C -keskitin","og:url":"https:\/\/droix.eu\/fi\/product\/fx8s-usb-type-c-keskitin\/","og:image":"https:\/\/droix.eu\/wp-content\/uploads\/2024\/06\/droix-v2-light-logo.png","og:image:secure_url":"https:\/\/droix.eu\/wp-content\/uploads\/2024\/06\/droix-v2-light-logo.png","og:image:width":380,"og:image:height":118,"article:published_time":"2020-11-20T10:02:39+00:00","article:modified_time":"2025-08-01T14:44:32+00:00","article:publisher":"https:\/\/www.facebook.com\/DroiX.Store","twitter:card":"summary_large_image","twitter:site":"@DroiX_Store","twitter:title":"FX8S USB Type-C -keskitin - DROIX EU","twitter:description":"Nopea USB Type-C -sovitin 4K HDMI-l\u00e4ht\u00f6 RJ45 100M\/s Ethernet-portti SD\/MicroSD-korttipaikka Yhteensopiva Windows, Mac ja Android Package Includes 1x FX8S USB Type-C -keskitin","twitter:image":"https:\/\/droix.eu\/wp-content\/uploads\/2024\/06\/droix-v2-light-logo.png"},"aioseo_meta_data":{"post_id":"551489","title":null,"description":null,"keywords":null,"keyphrases":null,"primary_term":null,"canonical_url":null,"og_title":null,"og_description":null,"og_object_type":"default","og_image_type":"default","og_image_url":null,"og_image_width":null,"og_image_height":null,"og_image_custom_url":null,"og_image_custom_fields":null,"og_video":null,"og_custom_url":null,"og_article_section":null,"og_article_tags":null,"twitter_use_og":true,"twitter_card":"default","twitter_image_type":"default","twitter_image_url":null,"twitter_image_custom_url":null,"twitter_image_custom_fields":null,"twitter_title":null,"twitter_description":null,"schema":{"blockGraphs":[],"customGraphs":[],"default":{"data":{"Article":[],"Course":[],"Dataset":[],"FAQPage":[],"Movie":[],"Person":[],"Product":[],"ProductReview":[],"Car":[],"Recipe":[],"Service":[],"SoftwareApplication":[],"WebPage":[]},"graphName":"","isEnabled":true},"graphs":[]},"schema_type":"default","schema_type_options":null,"pillar_content":false,"robots_default":true,"robots_noindex":false,"robots_noarchive":false,"robots_nosnippet":false,"robots_nofollow":false,"robots_noimageindex":false,"robots_noodp":false,"robots_notranslate":false,"robots_max_snippet":null,"robots_max_videopreview":null,"robots_max_imagepreview":"large","priority":null,"frequency":null,"local_seo":null,"seo_analyzer_scan_date":"2025-10-24 08:02:13","breadcrumb_settings":null,"limit_modified_date":false,"reviewed_by":null,"open_ai":null,"ai":null,"created":"2025-10-09 03:29:38","updated":"2025-11-27 01:41:42"},"aioseo_breadcrumb":"<div class=\"aioseo-breadcrumbs\"><span class=\"aioseo-breadcrumb\">\n\t<a href=\"https:\/\/droix.eu\/fi\/\" title=\"Home\">Home<\/a>\n<\/span><span class=\"aioseo-breadcrumb-separator\">&raquo;<\/span><span class=\"aioseo-breadcrumb\">\n\t<a href=\"https:\/\/droix.eu\/fi\/product-category\/tarvikkeet\/\" title=\"Tarvikkeet\">Tarvikkeet<\/a>\n<\/span><span class=\"aioseo-breadcrumb-separator\">&raquo;<\/span><span class=\"aioseo-breadcrumb\">\n\t<a href=\"https:\/\/droix.eu\/fi\/product-category\/tarvikkeet\/pelitarvikkeet\/\" title=\"Pelitarvikkeet\">Pelitarvikkeet<\/a>\n<\/span><span class=\"aioseo-breadcrumb-separator\">&raquo;<\/span><span class=\"aioseo-breadcrumb\">\n\tFX8S USB Type-C -keskitin\n<\/span><\/div>","aioseo_breadcrumb_json":[{"label":"Home","link":"https:\/\/droix.eu\/fi\/"},{"label":"Tarvikkeet","link":"https:\/\/droix.eu\/fi\/product-category\/tarvikkeet\/"},{"label":"Pelitarvikkeet","link":"https:\/\/droix.eu\/fi\/product-category\/tarvikkeet\/pelitarvikkeet\/"},{"label":"FX8S USB Type-C -keskitin","link":"https:\/\/droix.eu\/fi\/product\/fx8s-usb-type-c-keskitin\/"}],"_links":{"self":[{"href":"https:\/\/droix.eu\/fi\/wp-json\/wp\/v2\/product\/551489","targetHints":{"allow":["GET"]}}],"collection":[{"href":"https:\/\/droix.eu\/fi\/wp-json\/wp\/v2\/product"}],"about":[{"href":"https:\/\/droix.eu\/fi\/wp-json\/wp\/v2\/types\/product"}],"version-history":[{"count":0,"href":"https:\/\/droix.eu\/fi\/wp-json\/wp\/v2\/product\/551489\/revisions"}],"wp:featuredmedia":[{"embeddable":true,"href":"https:\/\/droix.eu\/fi\/wp-json\/wp\/v2\/media\/551490"}],"wp:attachment":[{"href":"https:\/\/droix.eu\/fi\/wp-json\/wp\/v2\/media?parent=551489"}],"wp:term":[{"taxonomy":"product_brand","embeddable":true,"href":"https:\/\/droix.eu\/fi\/wp-json\/wp\/v2\/product_brand?post=551489"},{"taxonomy":"product_cat","embeddable":true,"href":"https:\/\/droix.eu\/fi\/wp-json\/wp\/v2\/product_cat?post=551489"},{"taxonomy":"product_tag","embeddable":true,"href":"https:\/\/droix.eu\/fi\/wp-json\/wp\/v2\/product_tag?post=551489"},{"taxonomy":"woo-feed-brand","embeddable":true,"href":"https:\/\/droix.eu\/fi\/wp-json\/wp\/v2\/woo-feed-brand?post=551489"},{"taxonomy":"key-features","embeddable":true,"href":"https:\/\/droix.eu\/fi\/wp-json\/wp\/v2\/key-features?post=551489"}],"curies":[{"name":"wp","href":"https:\/\/api.w.org\/{rel}","templated":true}]}}