{"id":551450,"date":"2020-11-17T11:23:03","date_gmt":"2020-11-17T11:23:03","guid":{"rendered":"https:\/\/droix.eu\/product\/droix-g10s-taustavalaistu-ilma-hiiri-jossa-on-aaniohjaus\/"},"modified":"2026-01-22T12:53:42","modified_gmt":"2026-01-22T12:53:42","slug":"droix-g10s-taustavalaistu-ilma-hiiri-jossa-on-aaniohjaus","status":"publish","type":"product","link":"https:\/\/droix.eu\/fi\/product\/droix-g10s-taustavalaistu-ilma-hiiri-jossa-on-aaniohjaus\/","title":{"rendered":"DroiX G10S taustavalaistu ilma-hiiri, jossa on \u00e4\u00e4niohjaus"},"content":{"rendered":"<p><span data-contrast=\"none\">Suosittu DroiX G10 -ilmahiiri tekee paluun uusimpana versionaan, <strong>G10S<\/strong>!<\/span><span data-ccp-props=\"{\">&nbsp;<\/span><\/p>\n<p><span data-contrast=\"none\">Sis\u00e4\u00e4nrakennetun korkealaatuisen <strong>gyroskooppianturin<\/strong> avulla voit ohjata laitteesi hiirt\u00e4 tarkasti ja helposti metrien p\u00e4\u00e4st\u00e4!<\/span><span data-ccp-props=\"{\">&nbsp;<\/span><\/p>\n<p><span data-contrast=\"none\">Etk\u00f6 halua heiluttaa k\u00e4tt\u00e4si? Se ei ole ongelma! Kun&nbsp;<\/span><strong>sis\u00e4\u00e4nrakennettu<\/strong><span data-contrast=\"none\"><strong> mikrofoni<\/strong>, sanele sanasi sen sijaan, ett\u00e4 kirjoittaisit ne eri \u00e4\u00e4niyhteensopivien sovellusten kautta!<\/span><span data-ccp-props=\"{\">&nbsp;<\/span><\/p>\n<p><span data-contrast=\"none\">G10S on muodoltaan sama kuin edelt\u00e4j\u00e4ns\u00e4, ja sen mitat ovat vain 143*45*29 mm, joten se mahtuu kirjaimellisesti k\u00e4mmenelle!<\/span><span data-ccp-props=\"{\">&nbsp;<\/span><\/p>\n<p><span data-contrast=\"none\">G10S:n erottuva ominaisuus on <strong>taustavalo<\/strong> painikkeiden alla, mik\u00e4 helpottaa k\u00e4ytt\u00f6\u00e4 h\u00e4m\u00e4r\u00e4ss\u00e4!<\/span><span data-ccp-props=\"{\">&nbsp;<\/span><\/p>\n","protected":false},"excerpt":{"rendered":"<ul>\n<li>2,4 GHz:n <strong>langaton<\/strong> yhteys<\/li>\n<li>Toimii AAA-paristoilla.<\/li>\n<li><strong>Taustavalaistut<\/strong> painikkeet<\/li>\n<li><strong>Sis\u00e4\u00e4nrakennettu mikrofoni<\/strong><\/li>\n<li>Kevyt, ergonominen muotoilu.<\/li>\n<\/ul>\n[droix_global_accordions]\n[cg_accordion title=\"Paketti sis\u00e4lt\u00e4\u00e4\"]<\/p>\n<ul>\n<li>1x DroiX G10S Air-Mouse\/li&gt;\n<li>1x 2.4Ghz RF USB-dongle (USB-dongle)<\/li>\n<li>1x K\u00e4ytt\u00f6ohje<\/li>\n<\/ul>\n<p>[\/cg_accordion]\n","protected":false},"featured_media":551452,"template":"","meta":{"_acf_changed":false},"product_brand":[],"product_cat":[35548,36623],"product_tag":[],"woo-feed-brand":[],"key-features":[],"class_list":{"0":"post-551450","1":"product","2":"type-product","3":"status-publish","4":"has-post-thumbnail","6":"product_cat-tarvikkeet","7":"product_cat-accessories-for-android-tv-boxes","8":"product_shipping_class-low-end","9":"pa_brands-droix-fi","10":"pa_compatibility-android-fi","11":"pa_compatibility-windows-fi","13":"first","14":"outofstock","15":"sale","16":"taxable","17":"shipping-taxable","18":"purchasable","19":"product-type-simple"},"acf":[],"aioseo_notices":[],"aioseo_head":"\n\t\t<!-- All in One SEO Pro 4.9.5.2 - aioseo.com -->\n\t<meta name=\"description\" content=\"2,4 GHz:n langaton yhteys Toimii AAA-paristoilla. Taustavalaistut painikkeet Sis\u00e4\u00e4nrakennettu mikrofoni Kevyt, ergonominen muotoilu. Paketti sis\u00e4lt\u00e4\u00e4 1x DroiX G10S Air-Mouse\/li&gt; 1x 2.4Ghz RF USB-dongle (USB-dongle) 1x K\u00e4ytt\u00f6ohje\" \/>\n\t<meta name=\"robots\" content=\"max-image-preview:large\" \/>\n\t<link rel=\"canonical\" href=\"https:\/\/droix.eu\/fi\/product\/droix-g10s-taustavalaistu-ilma-hiiri-jossa-on-aaniohjaus\/\" \/>\n\t<meta name=\"generator\" content=\"All in One SEO Pro (AIOSEO) 4.9.5.2\" \/>\n\t\t<meta property=\"og:locale\" content=\"fi_FI\" \/>\n\t\t<meta property=\"og:site_name\" content=\"DROIX EU - Get the latest Mini PCs, Ultrabook, PC Gaming Handhelds and more!\" \/>\n\t\t<meta property=\"og:type\" content=\"article\" \/>\n\t\t<meta property=\"og:title\" content=\"DroiX G10S taustavalaistu ilma-hiiri, jossa on \u00e4\u00e4niohjaus - DROIX EU\" \/>\n\t\t<meta property=\"og:description\" content=\"2,4 GHz:n langaton yhteys Toimii AAA-paristoilla. Taustavalaistut painikkeet Sis\u00e4\u00e4nrakennettu mikrofoni Kevyt, ergonominen muotoilu. Paketti sis\u00e4lt\u00e4\u00e4 1x DroiX G10S Air-Mouse\/li&gt; 1x 2.4Ghz RF USB-dongle (USB-dongle) 1x K\u00e4ytt\u00f6ohje\" \/>\n\t\t<meta property=\"og:url\" content=\"https:\/\/droix.eu\/fi\/product\/droix-g10s-taustavalaistu-ilma-hiiri-jossa-on-aaniohjaus\/\" \/>\n\t\t<meta property=\"og:image\" content=\"https:\/\/droix.eu\/wp-content\/uploads\/2024\/06\/droix-v2-light-logo.png\" \/>\n\t\t<meta property=\"og:image:secure_url\" content=\"https:\/\/droix.eu\/wp-content\/uploads\/2024\/06\/droix-v2-light-logo.png\" \/>\n\t\t<meta property=\"og:image:width\" content=\"380\" \/>\n\t\t<meta property=\"og:image:height\" content=\"118\" \/>\n\t\t<meta property=\"article:published_time\" content=\"2020-11-17T11:23:03+00:00\" \/>\n\t\t<meta property=\"article:modified_time\" content=\"2026-01-22T12:53:42+00:00\" \/>\n\t\t<meta property=\"article:publisher\" content=\"https:\/\/www.facebook.com\/DroiX.Store\" \/>\n\t\t<meta name=\"twitter:card\" content=\"summary_large_image\" \/>\n\t\t<meta name=\"twitter:site\" content=\"@DroiX_Store\" \/>\n\t\t<meta name=\"twitter:title\" content=\"DroiX G10S taustavalaistu ilma-hiiri, jossa on \u00e4\u00e4niohjaus - DROIX EU\" \/>\n\t\t<meta name=\"twitter:description\" content=\"2,4 GHz:n langaton yhteys Toimii AAA-paristoilla. Taustavalaistut painikkeet Sis\u00e4\u00e4nrakennettu mikrofoni Kevyt, ergonominen muotoilu. Paketti sis\u00e4lt\u00e4\u00e4 1x DroiX G10S Air-Mouse\/li&gt; 1x 2.4Ghz RF USB-dongle (USB-dongle) 1x K\u00e4ytt\u00f6ohje\" \/>\n\t\t<meta name=\"twitter:image\" content=\"https:\/\/droix.eu\/wp-content\/uploads\/2024\/06\/droix-v2-light-logo.png\" \/>\n\t\t<script type=\"application\/ld+json\" class=\"aioseo-schema\">\n\t\t\t{\"@context\":\"https:\\\/\\\/schema.org\",\"@graph\":[{\"@type\":\"BreadcrumbList\",\"@id\":\"https:\\\/\\\/droix.eu\\\/fi\\\/product\\\/droix-g10s-taustavalaistu-ilma-hiiri-jossa-on-aaniohjaus\\\/#breadcrumblist\",\"itemListElement\":[{\"@type\":\"ListItem\",\"@id\":\"https:\\\/\\\/droix.eu\\\/fi\\\/#listItem\",\"position\":1,\"name\":\"Home\",\"item\":\"https:\\\/\\\/droix.eu\\\/fi\\\/\",\"nextItem\":{\"@type\":\"ListItem\",\"@id\":\"https:\\\/\\\/droix.eu\\\/fi\\\/product-category\\\/tarvikkeet\\\/#listItem\",\"name\":\"Tarvikkeet\"}},{\"@type\":\"ListItem\",\"@id\":\"https:\\\/\\\/droix.eu\\\/fi\\\/product-category\\\/tarvikkeet\\\/#listItem\",\"position\":2,\"name\":\"Tarvikkeet\",\"item\":\"https:\\\/\\\/droix.eu\\\/fi\\\/product-category\\\/tarvikkeet\\\/\",\"nextItem\":{\"@type\":\"ListItem\",\"@id\":\"https:\\\/\\\/droix.eu\\\/fi\\\/product-category\\\/tarvikkeet\\\/accessories-for-android-tv-boxes\\\/#listItem\",\"name\":\"Accessories for Android TV Boxes\"},\"previousItem\":{\"@type\":\"ListItem\",\"@id\":\"https:\\\/\\\/droix.eu\\\/fi\\\/#listItem\",\"name\":\"Home\"}},{\"@type\":\"ListItem\",\"@id\":\"https:\\\/\\\/droix.eu\\\/fi\\\/product-category\\\/tarvikkeet\\\/accessories-for-android-tv-boxes\\\/#listItem\",\"position\":3,\"name\":\"Accessories for Android TV Boxes\",\"item\":\"https:\\\/\\\/droix.eu\\\/fi\\\/product-category\\\/tarvikkeet\\\/accessories-for-android-tv-boxes\\\/\",\"nextItem\":{\"@type\":\"ListItem\",\"@id\":\"https:\\\/\\\/droix.eu\\\/fi\\\/product\\\/droix-g10s-taustavalaistu-ilma-hiiri-jossa-on-aaniohjaus\\\/#listItem\",\"name\":\"DroiX G10S taustavalaistu ilma-hiiri, jossa on \\u00e4\\u00e4niohjaus\"},\"previousItem\":{\"@type\":\"ListItem\",\"@id\":\"https:\\\/\\\/droix.eu\\\/fi\\\/product-category\\\/tarvikkeet\\\/#listItem\",\"name\":\"Tarvikkeet\"}},{\"@type\":\"ListItem\",\"@id\":\"https:\\\/\\\/droix.eu\\\/fi\\\/product\\\/droix-g10s-taustavalaistu-ilma-hiiri-jossa-on-aaniohjaus\\\/#listItem\",\"position\":4,\"name\":\"DroiX G10S taustavalaistu ilma-hiiri, jossa on \\u00e4\\u00e4niohjaus\",\"previousItem\":{\"@type\":\"ListItem\",\"@id\":\"https:\\\/\\\/droix.eu\\\/fi\\\/product-category\\\/tarvikkeet\\\/accessories-for-android-tv-boxes\\\/#listItem\",\"name\":\"Accessories for Android TV Boxes\"}}]},{\"@type\":\"Organization\",\"@id\":\"https:\\\/\\\/droix.eu\\\/fi\\\/#organization\",\"name\":\"DroiX \\u2013 Trusted EU Tech Retailer with 12+ Years Experience\",\"description\":\"DroiX is a leading European technology retailer with over 12 years of experience, offering quality mini PCs, handheld gaming consoles, and tech accessories. We provide hassle-free EU delivery with all taxes included, ensuring a smooth and reliable shopping experience for our customers across Europe.\",\"url\":\"https:\\\/\\\/droix.eu\\\/fi\\\/\",\"logo\":{\"@type\":\"ImageObject\",\"url\":\"https:\\\/\\\/droix.eu\\\/wp-content\\\/uploads\\\/2024\\\/06\\\/droix-v2-light-logo.png\",\"@id\":\"https:\\\/\\\/droix.eu\\\/fi\\\/product\\\/droix-g10s-taustavalaistu-ilma-hiiri-jossa-on-aaniohjaus\\\/#organizationLogo\",\"width\":380,\"height\":118},\"image\":{\"@id\":\"https:\\\/\\\/droix.eu\\\/fi\\\/product\\\/droix-g10s-taustavalaistu-ilma-hiiri-jossa-on-aaniohjaus\\\/#organizationLogo\"},\"sameAs\":[\"https:\\\/\\\/www.facebook.com\\\/DroiX.Store\",\"https:\\\/\\\/twitter.com\\\/DroiX_Store\",\"https:\\\/\\\/www.instagram.com\\\/droix.store\\\/\",\"https:\\\/\\\/www.tiktok.com\\\/@droix.store\",\"https:\\\/\\\/www.youtube.com\\\/c\\\/DroiX_Store\",\"https:\\\/\\\/uk.linkedin.com\\\/company\\\/droix\"]},{\"@type\":\"Product\",\"@id\":\"https:\\\/\\\/droix.eu\\\/fi\\\/product\\\/droix-g10s-taustavalaistu-ilma-hiiri-jossa-on-aaniohjaus\\\/#wooCommerceProduct\",\"name\":\"DroiX G10S taustavalaistu ilma-hiiri, jossa on \\u00e4\\u00e4niohjaus\",\"description\":\"2,4 GHz:n langaton yhteys\\n \\tToimii AAA-paristoilla.\\n \\tTaustavalaistut painikkeet\\n \\tSis\\u00e4\\u00e4nrakennettu mikrofoni\\n \\tKevyt, ergonominen muotoilu.\",\"url\":\"https:\\\/\\\/droix.eu\\\/fi\\\/product\\\/droix-g10s-taustavalaistu-ilma-hiiri-jossa-on-aaniohjaus\\\/\",\"sku\":\"DROIX-G10S\",\"gtin\":\"5060763670440\",\"image\":{\"@type\":\"ImageObject\",\"url\":\"https:\\\/\\\/droix.eu\\\/wp-content\\\/uploads\\\/2021\\\/12\\\/G10S-LISTING-PICTURE-1.png\",\"@id\":\"https:\\\/\\\/droix.eu\\\/fi\\\/product\\\/droix-g10s-taustavalaistu-ilma-hiiri-jossa-on-aaniohjaus\\\/#productImage\",\"width\":1000,\"height\":1000,\"caption\":\"DroiX G10S taustavalaistu ilmahiiri - Kuvassa edest\\u00e4p\\u00e4in\"},\"offers\":{\"@type\":\"Offer\",\"url\":\"https:\\\/\\\/droix.eu\\\/fi\\\/product\\\/droix-g10s-taustavalaistu-ilma-hiiri-jossa-on-aaniohjaus\\\/#wooCommerceOffer\",\"price\":11.01,\"priceCurrency\":\"EUR\",\"category\":\"Tarvikkeet\",\"availability\":\"https:\\\/\\\/schema.org\\\/OutOfStock\",\"priceSpecification\":{\"@type\":\"PriceSpecification\",\"price\":11.01,\"priceCurrency\":\"EUR\",\"valueAddedTaxIncluded\":\"true\"},\"seller\":{\"@type\":\"Organization\",\"@id\":\"https:\\\/\\\/droix.eu\\\/fi\\\/#organization\"}}},{\"@type\":\"WebPage\",\"@id\":\"https:\\\/\\\/droix.eu\\\/fi\\\/product\\\/droix-g10s-taustavalaistu-ilma-hiiri-jossa-on-aaniohjaus\\\/#webpage\",\"url\":\"https:\\\/\\\/droix.eu\\\/fi\\\/product\\\/droix-g10s-taustavalaistu-ilma-hiiri-jossa-on-aaniohjaus\\\/\",\"name\":\"DroiX G10S taustavalaistu ilma-hiiri, jossa on \\u00e4\\u00e4niohjaus - DROIX EU\",\"description\":\"2,4 GHz:n langaton yhteys Toimii AAA-paristoilla. Taustavalaistut painikkeet Sis\\u00e4\\u00e4nrakennettu mikrofoni Kevyt, ergonominen muotoilu. Paketti sis\\u00e4lt\\u00e4\\u00e4 1x DroiX G10S Air-Mouse\\\/li> 1x 2.4Ghz RF USB-dongle (USB-dongle) 1x K\\u00e4ytt\\u00f6ohje\",\"inLanguage\":\"fi\",\"isPartOf\":{\"@id\":\"https:\\\/\\\/droix.eu\\\/fi\\\/#website\"},\"breadcrumb\":{\"@id\":\"https:\\\/\\\/droix.eu\\\/fi\\\/product\\\/droix-g10s-taustavalaistu-ilma-hiiri-jossa-on-aaniohjaus\\\/#breadcrumblist\"},\"image\":{\"@type\":\"ImageObject\",\"url\":\"https:\\\/\\\/droix.eu\\\/wp-content\\\/uploads\\\/2021\\\/12\\\/G10S-LISTING-PICTURE-1.png\",\"@id\":\"https:\\\/\\\/droix.eu\\\/fi\\\/product\\\/droix-g10s-taustavalaistu-ilma-hiiri-jossa-on-aaniohjaus\\\/#mainImage\",\"width\":1000,\"height\":1000,\"caption\":\"DroiX G10S taustavalaistu ilmahiiri - Kuvassa edest\\u00e4p\\u00e4in\"},\"primaryImageOfPage\":{\"@id\":\"https:\\\/\\\/droix.eu\\\/fi\\\/product\\\/droix-g10s-taustavalaistu-ilma-hiiri-jossa-on-aaniohjaus\\\/#mainImage\"},\"datePublished\":\"2020-11-17T11:23:03+00:00\",\"dateModified\":\"2026-01-22T12:53:42+00:00\"},{\"@type\":\"WebSite\",\"@id\":\"https:\\\/\\\/droix.eu\\\/fi\\\/#website\",\"url\":\"https:\\\/\\\/droix.eu\\\/fi\\\/\",\"name\":\"DROIX EU\",\"description\":\"Get the latest Mini PCs, Ultrabook, PC Gaming Handhelds and more!\",\"inLanguage\":\"fi\",\"publisher\":{\"@id\":\"https:\\\/\\\/droix.eu\\\/fi\\\/#organization\"}}]}\n\t\t<\/script>\n\t\t<!-- All in One SEO Pro -->\r\n\t\t<title>DroiX G10S taustavalaistu ilma-hiiri, jossa on \u00e4\u00e4niohjaus - DROIX EU<\/title>\n\n","aioseo_head_json":{"title":"DroiX G10S taustavalaistu ilma-hiiri, jossa on \u00e4\u00e4niohjaus - DROIX EU","description":"2,4 GHz:n langaton yhteys Toimii AAA-paristoilla. Taustavalaistut painikkeet Sis\u00e4\u00e4nrakennettu mikrofoni Kevyt, ergonominen muotoilu. Paketti sis\u00e4lt\u00e4\u00e4 1x DroiX G10S Air-Mouse\/li> 1x 2.4Ghz RF USB-dongle (USB-dongle) 1x K\u00e4ytt\u00f6ohje","canonical_url":"https:\/\/droix.eu\/fi\/product\/droix-g10s-taustavalaistu-ilma-hiiri-jossa-on-aaniohjaus\/","robots":"max-image-preview:large","keywords":"","webmasterTools":{"miscellaneous":""},"schema":{"@context":"https:\/\/schema.org","@graph":[{"@type":"BreadcrumbList","@id":"https:\/\/droix.eu\/fi\/product\/droix-g10s-taustavalaistu-ilma-hiiri-jossa-on-aaniohjaus\/#breadcrumblist","itemListElement":[{"@type":"ListItem","@id":"https:\/\/droix.eu\/fi\/#listItem","position":1,"name":"Home","item":"https:\/\/droix.eu\/fi\/","nextItem":{"@type":"ListItem","@id":"https:\/\/droix.eu\/fi\/product-category\/tarvikkeet\/#listItem","name":"Tarvikkeet"}},{"@type":"ListItem","@id":"https:\/\/droix.eu\/fi\/product-category\/tarvikkeet\/#listItem","position":2,"name":"Tarvikkeet","item":"https:\/\/droix.eu\/fi\/product-category\/tarvikkeet\/","nextItem":{"@type":"ListItem","@id":"https:\/\/droix.eu\/fi\/product-category\/tarvikkeet\/accessories-for-android-tv-boxes\/#listItem","name":"Accessories for Android TV Boxes"},"previousItem":{"@type":"ListItem","@id":"https:\/\/droix.eu\/fi\/#listItem","name":"Home"}},{"@type":"ListItem","@id":"https:\/\/droix.eu\/fi\/product-category\/tarvikkeet\/accessories-for-android-tv-boxes\/#listItem","position":3,"name":"Accessories for Android TV Boxes","item":"https:\/\/droix.eu\/fi\/product-category\/tarvikkeet\/accessories-for-android-tv-boxes\/","nextItem":{"@type":"ListItem","@id":"https:\/\/droix.eu\/fi\/product\/droix-g10s-taustavalaistu-ilma-hiiri-jossa-on-aaniohjaus\/#listItem","name":"DroiX G10S taustavalaistu ilma-hiiri, jossa on \u00e4\u00e4niohjaus"},"previousItem":{"@type":"ListItem","@id":"https:\/\/droix.eu\/fi\/product-category\/tarvikkeet\/#listItem","name":"Tarvikkeet"}},{"@type":"ListItem","@id":"https:\/\/droix.eu\/fi\/product\/droix-g10s-taustavalaistu-ilma-hiiri-jossa-on-aaniohjaus\/#listItem","position":4,"name":"DroiX G10S taustavalaistu ilma-hiiri, jossa on \u00e4\u00e4niohjaus","previousItem":{"@type":"ListItem","@id":"https:\/\/droix.eu\/fi\/product-category\/tarvikkeet\/accessories-for-android-tv-boxes\/#listItem","name":"Accessories for Android TV Boxes"}}]},{"@type":"Organization","@id":"https:\/\/droix.eu\/fi\/#organization","name":"DroiX \u2013 Trusted EU Tech Retailer with 12+ Years Experience","description":"DroiX is a leading European technology retailer with over 12 years of experience, offering quality mini PCs, handheld gaming consoles, and tech accessories. We provide hassle-free EU delivery with all taxes included, ensuring a smooth and reliable shopping experience for our customers across Europe.","url":"https:\/\/droix.eu\/fi\/","logo":{"@type":"ImageObject","url":"https:\/\/droix.eu\/wp-content\/uploads\/2024\/06\/droix-v2-light-logo.png","@id":"https:\/\/droix.eu\/fi\/product\/droix-g10s-taustavalaistu-ilma-hiiri-jossa-on-aaniohjaus\/#organizationLogo","width":380,"height":118},"image":{"@id":"https:\/\/droix.eu\/fi\/product\/droix-g10s-taustavalaistu-ilma-hiiri-jossa-on-aaniohjaus\/#organizationLogo"},"sameAs":["https:\/\/www.facebook.com\/DroiX.Store","https:\/\/twitter.com\/DroiX_Store","https:\/\/www.instagram.com\/droix.store\/","https:\/\/www.tiktok.com\/@droix.store","https:\/\/www.youtube.com\/c\/DroiX_Store","https:\/\/uk.linkedin.com\/company\/droix"]},{"@type":"Product","@id":"https:\/\/droix.eu\/fi\/product\/droix-g10s-taustavalaistu-ilma-hiiri-jossa-on-aaniohjaus\/#wooCommerceProduct","name":"DroiX G10S taustavalaistu ilma-hiiri, jossa on \u00e4\u00e4niohjaus","description":"2,4 GHz:n langaton yhteys\n \tToimii AAA-paristoilla.\n \tTaustavalaistut painikkeet\n \tSis\u00e4\u00e4nrakennettu mikrofoni\n \tKevyt, ergonominen muotoilu.","url":"https:\/\/droix.eu\/fi\/product\/droix-g10s-taustavalaistu-ilma-hiiri-jossa-on-aaniohjaus\/","sku":"DROIX-G10S","gtin":"5060763670440","image":{"@type":"ImageObject","url":"https:\/\/droix.eu\/wp-content\/uploads\/2021\/12\/G10S-LISTING-PICTURE-1.png","@id":"https:\/\/droix.eu\/fi\/product\/droix-g10s-taustavalaistu-ilma-hiiri-jossa-on-aaniohjaus\/#productImage","width":1000,"height":1000,"caption":"DroiX G10S taustavalaistu ilmahiiri - Kuvassa edest\u00e4p\u00e4in"},"offers":{"@type":"Offer","url":"https:\/\/droix.eu\/fi\/product\/droix-g10s-taustavalaistu-ilma-hiiri-jossa-on-aaniohjaus\/#wooCommerceOffer","price":11.01,"priceCurrency":"EUR","category":"Tarvikkeet","availability":"https:\/\/schema.org\/OutOfStock","priceSpecification":{"@type":"PriceSpecification","price":11.01,"priceCurrency":"EUR","valueAddedTaxIncluded":"true"},"seller":{"@type":"Organization","@id":"https:\/\/droix.eu\/fi\/#organization"}}},{"@type":"WebPage","@id":"https:\/\/droix.eu\/fi\/product\/droix-g10s-taustavalaistu-ilma-hiiri-jossa-on-aaniohjaus\/#webpage","url":"https:\/\/droix.eu\/fi\/product\/droix-g10s-taustavalaistu-ilma-hiiri-jossa-on-aaniohjaus\/","name":"DroiX G10S taustavalaistu ilma-hiiri, jossa on \u00e4\u00e4niohjaus - DROIX EU","description":"2,4 GHz:n langaton yhteys Toimii AAA-paristoilla. Taustavalaistut painikkeet Sis\u00e4\u00e4nrakennettu mikrofoni Kevyt, ergonominen muotoilu. Paketti sis\u00e4lt\u00e4\u00e4 1x DroiX G10S Air-Mouse\/li> 1x 2.4Ghz RF USB-dongle (USB-dongle) 1x K\u00e4ytt\u00f6ohje","inLanguage":"fi","isPartOf":{"@id":"https:\/\/droix.eu\/fi\/#website"},"breadcrumb":{"@id":"https:\/\/droix.eu\/fi\/product\/droix-g10s-taustavalaistu-ilma-hiiri-jossa-on-aaniohjaus\/#breadcrumblist"},"image":{"@type":"ImageObject","url":"https:\/\/droix.eu\/wp-content\/uploads\/2021\/12\/G10S-LISTING-PICTURE-1.png","@id":"https:\/\/droix.eu\/fi\/product\/droix-g10s-taustavalaistu-ilma-hiiri-jossa-on-aaniohjaus\/#mainImage","width":1000,"height":1000,"caption":"DroiX G10S taustavalaistu ilmahiiri - Kuvassa edest\u00e4p\u00e4in"},"primaryImageOfPage":{"@id":"https:\/\/droix.eu\/fi\/product\/droix-g10s-taustavalaistu-ilma-hiiri-jossa-on-aaniohjaus\/#mainImage"},"datePublished":"2020-11-17T11:23:03+00:00","dateModified":"2026-01-22T12:53:42+00:00"},{"@type":"WebSite","@id":"https:\/\/droix.eu\/fi\/#website","url":"https:\/\/droix.eu\/fi\/","name":"DROIX EU","description":"Get the latest Mini PCs, Ultrabook, PC Gaming Handhelds and more!","inLanguage":"fi","publisher":{"@id":"https:\/\/droix.eu\/fi\/#organization"}}]},"og:locale":"fi_FI","og:site_name":"DROIX EU - Get the latest Mini PCs, Ultrabook, PC Gaming Handhelds and more!","og:type":"article","og:title":"DroiX G10S taustavalaistu ilma-hiiri, jossa on \u00e4\u00e4niohjaus - DROIX EU","og:description":"2,4 GHz:n langaton yhteys Toimii AAA-paristoilla. Taustavalaistut painikkeet Sis\u00e4\u00e4nrakennettu mikrofoni Kevyt, ergonominen muotoilu. Paketti sis\u00e4lt\u00e4\u00e4 1x DroiX G10S Air-Mouse\/li&gt; 1x 2.4Ghz RF USB-dongle (USB-dongle) 1x K\u00e4ytt\u00f6ohje","og:url":"https:\/\/droix.eu\/fi\/product\/droix-g10s-taustavalaistu-ilma-hiiri-jossa-on-aaniohjaus\/","og:image":"https:\/\/droix.eu\/wp-content\/uploads\/2024\/06\/droix-v2-light-logo.png","og:image:secure_url":"https:\/\/droix.eu\/wp-content\/uploads\/2024\/06\/droix-v2-light-logo.png","og:image:width":380,"og:image:height":118,"article:published_time":"2020-11-17T11:23:03+00:00","article:modified_time":"2026-01-22T12:53:42+00:00","article:publisher":"https:\/\/www.facebook.com\/DroiX.Store","twitter:card":"summary_large_image","twitter:site":"@DroiX_Store","twitter:title":"DroiX G10S taustavalaistu ilma-hiiri, jossa on \u00e4\u00e4niohjaus - DROIX EU","twitter:description":"2,4 GHz:n langaton yhteys Toimii AAA-paristoilla. Taustavalaistut painikkeet Sis\u00e4\u00e4nrakennettu mikrofoni Kevyt, ergonominen muotoilu. Paketti sis\u00e4lt\u00e4\u00e4 1x DroiX G10S Air-Mouse\/li&gt; 1x 2.4Ghz RF USB-dongle (USB-dongle) 1x K\u00e4ytt\u00f6ohje","twitter:image":"https:\/\/droix.eu\/wp-content\/uploads\/2024\/06\/droix-v2-light-logo.png"},"aioseo_meta_data":{"post_id":"551450","title":null,"description":null,"keywords":null,"keyphrases":null,"primary_term":null,"canonical_url":null,"og_title":null,"og_description":null,"og_object_type":"default","og_image_type":"default","og_image_url":null,"og_image_width":null,"og_image_height":null,"og_image_custom_url":null,"og_image_custom_fields":null,"og_video":null,"og_custom_url":null,"og_article_section":null,"og_article_tags":null,"twitter_use_og":true,"twitter_card":"default","twitter_image_type":"default","twitter_image_url":null,"twitter_image_custom_url":null,"twitter_image_custom_fields":null,"twitter_title":null,"twitter_description":null,"schema":{"blockGraphs":[],"customGraphs":[],"default":{"data":{"Article":[],"Course":[],"Dataset":[],"FAQPage":[],"Movie":[],"Person":[],"Product":[],"ProductReview":[],"Car":[],"Recipe":[],"Service":[],"SoftwareApplication":[],"WebPage":[]},"graphName":"","isEnabled":true},"graphs":[]},"schema_type":"default","schema_type_options":null,"pillar_content":false,"robots_default":true,"robots_noindex":false,"robots_noarchive":false,"robots_nosnippet":false,"robots_nofollow":false,"robots_noimageindex":false,"robots_noodp":false,"robots_notranslate":false,"robots_max_snippet":null,"robots_max_videopreview":null,"robots_max_imagepreview":"large","priority":null,"frequency":null,"local_seo":null,"seo_analyzer_scan_date":"2025-10-24 07:50:03","breadcrumb_settings":null,"limit_modified_date":false,"reviewed_by":null,"open_ai":null,"ai":null,"created":"2025-10-09 03:25:39","updated":"2026-01-24 09:15:57"},"aioseo_breadcrumb":"<div class=\"aioseo-breadcrumbs\"><span class=\"aioseo-breadcrumb\">\n\t<a href=\"https:\/\/droix.eu\/fi\/\" title=\"Home\">Home<\/a>\n<\/span><span class=\"aioseo-breadcrumb-separator\">&raquo;<\/span><span class=\"aioseo-breadcrumb\">\n\t<a href=\"https:\/\/droix.eu\/fi\/product-category\/tarvikkeet\/\" title=\"Tarvikkeet\">Tarvikkeet<\/a>\n<\/span><span class=\"aioseo-breadcrumb-separator\">&raquo;<\/span><span class=\"aioseo-breadcrumb\">\n\t<a href=\"https:\/\/droix.eu\/fi\/product-category\/tarvikkeet\/accessories-for-android-tv-boxes\/\" title=\"Accessories for Android TV Boxes\">Accessories for Android TV Boxes<\/a>\n<\/span><span class=\"aioseo-breadcrumb-separator\">&raquo;<\/span><span class=\"aioseo-breadcrumb\">\n\tDroiX G10S taustavalaistu ilma-hiiri, jossa on \u00e4\u00e4niohjaus\n<\/span><\/div>","aioseo_breadcrumb_json":[{"label":"Home","link":"https:\/\/droix.eu\/fi\/"},{"label":"Tarvikkeet","link":"https:\/\/droix.eu\/fi\/product-category\/tarvikkeet\/"},{"label":"Accessories for Android TV Boxes","link":"https:\/\/droix.eu\/fi\/product-category\/tarvikkeet\/accessories-for-android-tv-boxes\/"},{"label":"DroiX G10S taustavalaistu ilma-hiiri, jossa on \u00e4\u00e4niohjaus","link":"https:\/\/droix.eu\/fi\/product\/droix-g10s-taustavalaistu-ilma-hiiri-jossa-on-aaniohjaus\/"}],"_links":{"self":[{"href":"https:\/\/droix.eu\/fi\/wp-json\/wp\/v2\/product\/551450","targetHints":{"allow":["GET"]}}],"collection":[{"href":"https:\/\/droix.eu\/fi\/wp-json\/wp\/v2\/product"}],"about":[{"href":"https:\/\/droix.eu\/fi\/wp-json\/wp\/v2\/types\/product"}],"version-history":[{"count":0,"href":"https:\/\/droix.eu\/fi\/wp-json\/wp\/v2\/product\/551450\/revisions"}],"wp:featuredmedia":[{"embeddable":true,"href":"https:\/\/droix.eu\/fi\/wp-json\/wp\/v2\/media\/551452"}],"wp:attachment":[{"href":"https:\/\/droix.eu\/fi\/wp-json\/wp\/v2\/media?parent=551450"}],"wp:term":[{"taxonomy":"product_brand","embeddable":true,"href":"https:\/\/droix.eu\/fi\/wp-json\/wp\/v2\/product_brand?post=551450"},{"taxonomy":"product_cat","embeddable":true,"href":"https:\/\/droix.eu\/fi\/wp-json\/wp\/v2\/product_cat?post=551450"},{"taxonomy":"product_tag","embeddable":true,"href":"https:\/\/droix.eu\/fi\/wp-json\/wp\/v2\/product_tag?post=551450"},{"taxonomy":"woo-feed-brand","embeddable":true,"href":"https:\/\/droix.eu\/fi\/wp-json\/wp\/v2\/woo-feed-brand?post=551450"},{"taxonomy":"key-features","embeddable":true,"href":"https:\/\/droix.eu\/fi\/wp-json\/wp\/v2\/key-features?post=551450"}],"curies":[{"name":"wp","href":"https:\/\/api.w.org\/{rel}","templated":true}]}}