{"id":551307,"date":"2017-11-10T13:01:47","date_gmt":"2017-11-10T13:01:47","guid":{"rendered":"https:\/\/droix.eu\/product\/gpd-pocket-hdmi-micro-hdmi-kaapeli\/"},"modified":"2026-01-20T04:22:45","modified_gmt":"2026-01-20T04:22:45","slug":"gpd-pocket-hdmi-micro-hdmi-kaapeli","status":"publish","type":"product","link":"https:\/\/droix.eu\/fi\/product\/gpd-pocket-hdmi-micro-hdmi-kaapeli\/","title":{"rendered":"GPD Pocket HDMI-Micro HDMI-kaapeli"},"content":{"rendered":"<ul>\n<li>Suunniteltu kaikille Micro-HDMI-laitteille<\/li>\n<li>Tukee jopa 4K:ta<\/li>\n<\/ul>\n","protected":false},"excerpt":{"rendered":"<ul>\n<li>Suunniteltu kaikille Micro-HDMI-laitteille<\/li>\n<li>Tukee jopa 4K:ta<\/li>\n<\/ul>\n[droix_global_accordions]\n[cg_accordion title=\"Paketti sis\u00e4lt\u00e4\u00e4\"]<\/p>\n<ul>\n<li>1x GPD Pocket HDMI-Micro HDMI-kaapeli<\/li>\n<\/ul>\n<p>[\/cg_accordion]\n","protected":false},"featured_media":551308,"template":"","meta":{"_acf_changed":false},"product_brand":[],"product_cat":[35646,35548,35858],"product_tag":[],"woo-feed-brand":[2198],"key-features":[],"class_list":{"0":"post-551307","1":"product","2":"type-product","3":"status-publish","4":"has-post-thumbnail","6":"product_cat-kannettavan-tietokoneen-tarvikkeet","7":"product_cat-tarvikkeet","8":"product_cat-tietokonetarvikkeet","9":"product_shipping_class-low-end","10":"pa_brands-droix-fi","11":"pa_compatibility-android-fi","12":"pa_compatibility-linux-fi","13":"pa_compatibility-retropie-fi","14":"pa_compatibility-windows-fi","15":"woo-feed-brand-gpd","17":"first","18":"outofstock","19":"sale","20":"taxable","21":"shipping-taxable","22":"purchasable","23":"product-type-simple"},"acf":[],"aioseo_notices":[],"aioseo_head":"\n\t\t<!-- All in One SEO Pro 4.9.5.2 - aioseo.com -->\n\t<meta name=\"description\" content=\"Suunniteltu kaikille Micro-HDMI-laitteille Tukee jopa 4K:ta Paketti sis\u00e4lt\u00e4\u00e4 1x GPD Pocket HDMI-Micro HDMI-kaapeli\" \/>\n\t<meta name=\"robots\" content=\"max-image-preview:large\" \/>\n\t<link rel=\"canonical\" href=\"https:\/\/droix.eu\/fi\/product\/gpd-pocket-hdmi-micro-hdmi-kaapeli\/\" \/>\n\t<meta name=\"generator\" content=\"All in One SEO Pro (AIOSEO) 4.9.5.2\" \/>\n\t\t<meta property=\"og:locale\" content=\"fi_FI\" \/>\n\t\t<meta property=\"og:site_name\" content=\"DROIX EU - Get the latest Mini PCs, Ultrabook, PC Gaming Handhelds and more!\" \/>\n\t\t<meta property=\"og:type\" content=\"article\" \/>\n\t\t<meta property=\"og:title\" content=\"GPD Pocket HDMI-Micro HDMI-kaapeli - DROIX EU\" \/>\n\t\t<meta property=\"og:description\" content=\"Suunniteltu kaikille Micro-HDMI-laitteille Tukee jopa 4K:ta Paketti sis\u00e4lt\u00e4\u00e4 1x GPD Pocket HDMI-Micro HDMI-kaapeli\" \/>\n\t\t<meta property=\"og:url\" content=\"https:\/\/droix.eu\/fi\/product\/gpd-pocket-hdmi-micro-hdmi-kaapeli\/\" \/>\n\t\t<meta property=\"og:image\" content=\"https:\/\/droix.eu\/wp-content\/uploads\/2024\/06\/droix-v2-light-logo.png\" \/>\n\t\t<meta property=\"og:image:secure_url\" content=\"https:\/\/droix.eu\/wp-content\/uploads\/2024\/06\/droix-v2-light-logo.png\" \/>\n\t\t<meta property=\"og:image:width\" content=\"380\" \/>\n\t\t<meta property=\"og:image:height\" content=\"118\" \/>\n\t\t<meta property=\"article:published_time\" content=\"2017-11-10T13:01:47+00:00\" \/>\n\t\t<meta property=\"article:modified_time\" content=\"2026-01-20T04:22:45+00:00\" \/>\n\t\t<meta property=\"article:publisher\" content=\"https:\/\/www.facebook.com\/DroiX.Store\" \/>\n\t\t<meta name=\"twitter:card\" content=\"summary_large_image\" \/>\n\t\t<meta name=\"twitter:site\" content=\"@DroiX_Store\" \/>\n\t\t<meta name=\"twitter:title\" content=\"GPD Pocket HDMI-Micro HDMI-kaapeli - DROIX EU\" \/>\n\t\t<meta name=\"twitter:description\" content=\"Suunniteltu kaikille Micro-HDMI-laitteille Tukee jopa 4K:ta Paketti sis\u00e4lt\u00e4\u00e4 1x GPD Pocket HDMI-Micro HDMI-kaapeli\" \/>\n\t\t<meta name=\"twitter:image\" content=\"https:\/\/droix.eu\/wp-content\/uploads\/2024\/06\/droix-v2-light-logo.png\" \/>\n\t\t<script type=\"application\/ld+json\" class=\"aioseo-schema\">\n\t\t\t{\"@context\":\"https:\\\/\\\/schema.org\",\"@graph\":[{\"@type\":\"BreadcrumbList\",\"@id\":\"https:\\\/\\\/droix.eu\\\/fi\\\/product\\\/gpd-pocket-hdmi-micro-hdmi-kaapeli\\\/#breadcrumblist\",\"itemListElement\":[{\"@type\":\"ListItem\",\"@id\":\"https:\\\/\\\/droix.eu\\\/fi\\\/#listItem\",\"position\":1,\"name\":\"Home\",\"item\":\"https:\\\/\\\/droix.eu\\\/fi\\\/\",\"nextItem\":{\"@type\":\"ListItem\",\"@id\":\"https:\\\/\\\/droix.eu\\\/fi\\\/product-category\\\/tarvikkeet\\\/#listItem\",\"name\":\"Tarvikkeet\"}},{\"@type\":\"ListItem\",\"@id\":\"https:\\\/\\\/droix.eu\\\/fi\\\/product-category\\\/tarvikkeet\\\/#listItem\",\"position\":2,\"name\":\"Tarvikkeet\",\"item\":\"https:\\\/\\\/droix.eu\\\/fi\\\/product-category\\\/tarvikkeet\\\/\",\"nextItem\":{\"@type\":\"ListItem\",\"@id\":\"https:\\\/\\\/droix.eu\\\/fi\\\/product-category\\\/tarvikkeet\\\/kannettavan-tietokoneen-tarvikkeet\\\/#listItem\",\"name\":\"Kannettavan tietokoneen tarvikkeet\"},\"previousItem\":{\"@type\":\"ListItem\",\"@id\":\"https:\\\/\\\/droix.eu\\\/fi\\\/#listItem\",\"name\":\"Home\"}},{\"@type\":\"ListItem\",\"@id\":\"https:\\\/\\\/droix.eu\\\/fi\\\/product-category\\\/tarvikkeet\\\/kannettavan-tietokoneen-tarvikkeet\\\/#listItem\",\"position\":3,\"name\":\"Kannettavan tietokoneen tarvikkeet\",\"item\":\"https:\\\/\\\/droix.eu\\\/fi\\\/product-category\\\/tarvikkeet\\\/kannettavan-tietokoneen-tarvikkeet\\\/\",\"nextItem\":{\"@type\":\"ListItem\",\"@id\":\"https:\\\/\\\/droix.eu\\\/fi\\\/product\\\/gpd-pocket-hdmi-micro-hdmi-kaapeli\\\/#listItem\",\"name\":\"GPD Pocket HDMI-Micro HDMI-kaapeli\"},\"previousItem\":{\"@type\":\"ListItem\",\"@id\":\"https:\\\/\\\/droix.eu\\\/fi\\\/product-category\\\/tarvikkeet\\\/#listItem\",\"name\":\"Tarvikkeet\"}},{\"@type\":\"ListItem\",\"@id\":\"https:\\\/\\\/droix.eu\\\/fi\\\/product\\\/gpd-pocket-hdmi-micro-hdmi-kaapeli\\\/#listItem\",\"position\":4,\"name\":\"GPD Pocket HDMI-Micro HDMI-kaapeli\",\"previousItem\":{\"@type\":\"ListItem\",\"@id\":\"https:\\\/\\\/droix.eu\\\/fi\\\/product-category\\\/tarvikkeet\\\/kannettavan-tietokoneen-tarvikkeet\\\/#listItem\",\"name\":\"Kannettavan tietokoneen tarvikkeet\"}}]},{\"@type\":\"Organization\",\"@id\":\"https:\\\/\\\/droix.eu\\\/fi\\\/#organization\",\"name\":\"DroiX \\u2013 Trusted EU Tech Retailer with 12+ Years Experience\",\"description\":\"DroiX is a leading European technology retailer with over 12 years of experience, offering quality mini PCs, handheld gaming consoles, and tech accessories. We provide hassle-free EU delivery with all taxes included, ensuring a smooth and reliable shopping experience for our customers across Europe.\",\"url\":\"https:\\\/\\\/droix.eu\\\/fi\\\/\",\"logo\":{\"@type\":\"ImageObject\",\"url\":\"https:\\\/\\\/droix.eu\\\/wp-content\\\/uploads\\\/2024\\\/06\\\/droix-v2-light-logo.png\",\"@id\":\"https:\\\/\\\/droix.eu\\\/fi\\\/product\\\/gpd-pocket-hdmi-micro-hdmi-kaapeli\\\/#organizationLogo\",\"width\":380,\"height\":118},\"image\":{\"@id\":\"https:\\\/\\\/droix.eu\\\/fi\\\/product\\\/gpd-pocket-hdmi-micro-hdmi-kaapeli\\\/#organizationLogo\"},\"sameAs\":[\"https:\\\/\\\/www.facebook.com\\\/DroiX.Store\",\"https:\\\/\\\/twitter.com\\\/DroiX_Store\",\"https:\\\/\\\/www.instagram.com\\\/droix.store\\\/\",\"https:\\\/\\\/www.tiktok.com\\\/@droix.store\",\"https:\\\/\\\/www.youtube.com\\\/c\\\/DroiX_Store\",\"https:\\\/\\\/uk.linkedin.com\\\/company\\\/droix\"]},{\"@type\":\"Product\",\"@id\":\"https:\\\/\\\/droix.eu\\\/fi\\\/product\\\/gpd-pocket-hdmi-micro-hdmi-kaapeli\\\/#wooCommerceProduct\",\"name\":\"GPD Pocket HDMI-Micro HDMI-kaapeli\",\"description\":\"Suunniteltu kaikille Micro-HDMI-laitteille\\n \\tTukee jopa 4K:ta\",\"url\":\"https:\\\/\\\/droix.eu\\\/fi\\\/product\\\/gpd-pocket-hdmi-micro-hdmi-kaapeli\\\/\",\"sku\":\"MICRO-2-FULL-HDMI-CABLE\",\"gtin\":\"7426845066903\",\"image\":{\"@type\":\"ImageObject\",\"url\":\"https:\\\/\\\/droix.eu\\\/wp-content\\\/uploads\\\/2021\\\/12\\\/1_11.jpg\",\"@id\":\"https:\\\/\\\/droix.eu\\\/fi\\\/product\\\/gpd-pocket-hdmi-micro-hdmi-kaapeli\\\/#productImage\",\"width\":1500,\"height\":1500},\"offers\":{\"@type\":\"Offer\",\"url\":\"https:\\\/\\\/droix.eu\\\/fi\\\/product\\\/gpd-pocket-hdmi-micro-hdmi-kaapeli\\\/#wooCommerceOffer\",\"price\":6.09,\"priceCurrency\":\"EUR\",\"category\":\"Kannettavan tietokoneen tarvikkeet\",\"availability\":\"https:\\\/\\\/schema.org\\\/OutOfStock\",\"priceSpecification\":{\"@type\":\"PriceSpecification\",\"price\":6.09,\"priceCurrency\":\"EUR\",\"valueAddedTaxIncluded\":\"true\"},\"seller\":{\"@type\":\"Organization\",\"@id\":\"https:\\\/\\\/droix.eu\\\/fi\\\/#organization\"}}},{\"@type\":\"WebPage\",\"@id\":\"https:\\\/\\\/droix.eu\\\/fi\\\/product\\\/gpd-pocket-hdmi-micro-hdmi-kaapeli\\\/#webpage\",\"url\":\"https:\\\/\\\/droix.eu\\\/fi\\\/product\\\/gpd-pocket-hdmi-micro-hdmi-kaapeli\\\/\",\"name\":\"GPD Pocket HDMI-Micro HDMI-kaapeli - DROIX EU\",\"description\":\"Suunniteltu kaikille Micro-HDMI-laitteille Tukee jopa 4K:ta Paketti sis\\u00e4lt\\u00e4\\u00e4 1x GPD Pocket HDMI-Micro HDMI-kaapeli\",\"inLanguage\":\"fi\",\"isPartOf\":{\"@id\":\"https:\\\/\\\/droix.eu\\\/fi\\\/#website\"},\"breadcrumb\":{\"@id\":\"https:\\\/\\\/droix.eu\\\/fi\\\/product\\\/gpd-pocket-hdmi-micro-hdmi-kaapeli\\\/#breadcrumblist\"},\"image\":{\"@type\":\"ImageObject\",\"url\":\"https:\\\/\\\/droix.eu\\\/wp-content\\\/uploads\\\/2021\\\/12\\\/1_11.jpg\",\"@id\":\"https:\\\/\\\/droix.eu\\\/fi\\\/product\\\/gpd-pocket-hdmi-micro-hdmi-kaapeli\\\/#mainImage\",\"width\":1500,\"height\":1500},\"primaryImageOfPage\":{\"@id\":\"https:\\\/\\\/droix.eu\\\/fi\\\/product\\\/gpd-pocket-hdmi-micro-hdmi-kaapeli\\\/#mainImage\"},\"datePublished\":\"2017-11-10T13:01:47+00:00\",\"dateModified\":\"2026-01-20T04:22:45+00:00\"},{\"@type\":\"WebSite\",\"@id\":\"https:\\\/\\\/droix.eu\\\/fi\\\/#website\",\"url\":\"https:\\\/\\\/droix.eu\\\/fi\\\/\",\"name\":\"DROIX EU\",\"description\":\"Get the latest Mini PCs, Ultrabook, PC Gaming Handhelds and more!\",\"inLanguage\":\"fi\",\"publisher\":{\"@id\":\"https:\\\/\\\/droix.eu\\\/fi\\\/#organization\"}}]}\n\t\t<\/script>\n\t\t<!-- All in One SEO Pro -->\r\n\t\t<title>GPD Pocket HDMI-Micro HDMI-kaapeli - DROIX EU<\/title>\n\n","aioseo_head_json":{"title":"GPD Pocket HDMI-Micro HDMI-kaapeli - DROIX EU","description":"Suunniteltu kaikille Micro-HDMI-laitteille Tukee jopa 4K:ta Paketti sis\u00e4lt\u00e4\u00e4 1x GPD Pocket HDMI-Micro HDMI-kaapeli","canonical_url":"https:\/\/droix.eu\/fi\/product\/gpd-pocket-hdmi-micro-hdmi-kaapeli\/","robots":"max-image-preview:large","keywords":"","webmasterTools":{"miscellaneous":""},"schema":{"@context":"https:\/\/schema.org","@graph":[{"@type":"BreadcrumbList","@id":"https:\/\/droix.eu\/fi\/product\/gpd-pocket-hdmi-micro-hdmi-kaapeli\/#breadcrumblist","itemListElement":[{"@type":"ListItem","@id":"https:\/\/droix.eu\/fi\/#listItem","position":1,"name":"Home","item":"https:\/\/droix.eu\/fi\/","nextItem":{"@type":"ListItem","@id":"https:\/\/droix.eu\/fi\/product-category\/tarvikkeet\/#listItem","name":"Tarvikkeet"}},{"@type":"ListItem","@id":"https:\/\/droix.eu\/fi\/product-category\/tarvikkeet\/#listItem","position":2,"name":"Tarvikkeet","item":"https:\/\/droix.eu\/fi\/product-category\/tarvikkeet\/","nextItem":{"@type":"ListItem","@id":"https:\/\/droix.eu\/fi\/product-category\/tarvikkeet\/kannettavan-tietokoneen-tarvikkeet\/#listItem","name":"Kannettavan tietokoneen tarvikkeet"},"previousItem":{"@type":"ListItem","@id":"https:\/\/droix.eu\/fi\/#listItem","name":"Home"}},{"@type":"ListItem","@id":"https:\/\/droix.eu\/fi\/product-category\/tarvikkeet\/kannettavan-tietokoneen-tarvikkeet\/#listItem","position":3,"name":"Kannettavan tietokoneen tarvikkeet","item":"https:\/\/droix.eu\/fi\/product-category\/tarvikkeet\/kannettavan-tietokoneen-tarvikkeet\/","nextItem":{"@type":"ListItem","@id":"https:\/\/droix.eu\/fi\/product\/gpd-pocket-hdmi-micro-hdmi-kaapeli\/#listItem","name":"GPD Pocket HDMI-Micro HDMI-kaapeli"},"previousItem":{"@type":"ListItem","@id":"https:\/\/droix.eu\/fi\/product-category\/tarvikkeet\/#listItem","name":"Tarvikkeet"}},{"@type":"ListItem","@id":"https:\/\/droix.eu\/fi\/product\/gpd-pocket-hdmi-micro-hdmi-kaapeli\/#listItem","position":4,"name":"GPD Pocket HDMI-Micro HDMI-kaapeli","previousItem":{"@type":"ListItem","@id":"https:\/\/droix.eu\/fi\/product-category\/tarvikkeet\/kannettavan-tietokoneen-tarvikkeet\/#listItem","name":"Kannettavan tietokoneen tarvikkeet"}}]},{"@type":"Organization","@id":"https:\/\/droix.eu\/fi\/#organization","name":"DroiX \u2013 Trusted EU Tech Retailer with 12+ Years Experience","description":"DroiX is a leading European technology retailer with over 12 years of experience, offering quality mini PCs, handheld gaming consoles, and tech accessories. We provide hassle-free EU delivery with all taxes included, ensuring a smooth and reliable shopping experience for our customers across Europe.","url":"https:\/\/droix.eu\/fi\/","logo":{"@type":"ImageObject","url":"https:\/\/droix.eu\/wp-content\/uploads\/2024\/06\/droix-v2-light-logo.png","@id":"https:\/\/droix.eu\/fi\/product\/gpd-pocket-hdmi-micro-hdmi-kaapeli\/#organizationLogo","width":380,"height":118},"image":{"@id":"https:\/\/droix.eu\/fi\/product\/gpd-pocket-hdmi-micro-hdmi-kaapeli\/#organizationLogo"},"sameAs":["https:\/\/www.facebook.com\/DroiX.Store","https:\/\/twitter.com\/DroiX_Store","https:\/\/www.instagram.com\/droix.store\/","https:\/\/www.tiktok.com\/@droix.store","https:\/\/www.youtube.com\/c\/DroiX_Store","https:\/\/uk.linkedin.com\/company\/droix"]},{"@type":"Product","@id":"https:\/\/droix.eu\/fi\/product\/gpd-pocket-hdmi-micro-hdmi-kaapeli\/#wooCommerceProduct","name":"GPD Pocket HDMI-Micro HDMI-kaapeli","description":"Suunniteltu kaikille Micro-HDMI-laitteille\n \tTukee jopa 4K:ta","url":"https:\/\/droix.eu\/fi\/product\/gpd-pocket-hdmi-micro-hdmi-kaapeli\/","sku":"MICRO-2-FULL-HDMI-CABLE","gtin":"7426845066903","image":{"@type":"ImageObject","url":"https:\/\/droix.eu\/wp-content\/uploads\/2021\/12\/1_11.jpg","@id":"https:\/\/droix.eu\/fi\/product\/gpd-pocket-hdmi-micro-hdmi-kaapeli\/#productImage","width":1500,"height":1500},"offers":{"@type":"Offer","url":"https:\/\/droix.eu\/fi\/product\/gpd-pocket-hdmi-micro-hdmi-kaapeli\/#wooCommerceOffer","price":6.09,"priceCurrency":"EUR","category":"Kannettavan tietokoneen tarvikkeet","availability":"https:\/\/schema.org\/OutOfStock","priceSpecification":{"@type":"PriceSpecification","price":6.09,"priceCurrency":"EUR","valueAddedTaxIncluded":"true"},"seller":{"@type":"Organization","@id":"https:\/\/droix.eu\/fi\/#organization"}}},{"@type":"WebPage","@id":"https:\/\/droix.eu\/fi\/product\/gpd-pocket-hdmi-micro-hdmi-kaapeli\/#webpage","url":"https:\/\/droix.eu\/fi\/product\/gpd-pocket-hdmi-micro-hdmi-kaapeli\/","name":"GPD Pocket HDMI-Micro HDMI-kaapeli - DROIX EU","description":"Suunniteltu kaikille Micro-HDMI-laitteille Tukee jopa 4K:ta Paketti sis\u00e4lt\u00e4\u00e4 1x GPD Pocket HDMI-Micro HDMI-kaapeli","inLanguage":"fi","isPartOf":{"@id":"https:\/\/droix.eu\/fi\/#website"},"breadcrumb":{"@id":"https:\/\/droix.eu\/fi\/product\/gpd-pocket-hdmi-micro-hdmi-kaapeli\/#breadcrumblist"},"image":{"@type":"ImageObject","url":"https:\/\/droix.eu\/wp-content\/uploads\/2021\/12\/1_11.jpg","@id":"https:\/\/droix.eu\/fi\/product\/gpd-pocket-hdmi-micro-hdmi-kaapeli\/#mainImage","width":1500,"height":1500},"primaryImageOfPage":{"@id":"https:\/\/droix.eu\/fi\/product\/gpd-pocket-hdmi-micro-hdmi-kaapeli\/#mainImage"},"datePublished":"2017-11-10T13:01:47+00:00","dateModified":"2026-01-20T04:22:45+00:00"},{"@type":"WebSite","@id":"https:\/\/droix.eu\/fi\/#website","url":"https:\/\/droix.eu\/fi\/","name":"DROIX EU","description":"Get the latest Mini PCs, Ultrabook, PC Gaming Handhelds and more!","inLanguage":"fi","publisher":{"@id":"https:\/\/droix.eu\/fi\/#organization"}}]},"og:locale":"fi_FI","og:site_name":"DROIX EU - Get the latest Mini PCs, Ultrabook, PC Gaming Handhelds and more!","og:type":"article","og:title":"GPD Pocket HDMI-Micro HDMI-kaapeli - DROIX EU","og:description":"Suunniteltu kaikille Micro-HDMI-laitteille Tukee jopa 4K:ta Paketti sis\u00e4lt\u00e4\u00e4 1x GPD Pocket HDMI-Micro HDMI-kaapeli","og:url":"https:\/\/droix.eu\/fi\/product\/gpd-pocket-hdmi-micro-hdmi-kaapeli\/","og:image":"https:\/\/droix.eu\/wp-content\/uploads\/2024\/06\/droix-v2-light-logo.png","og:image:secure_url":"https:\/\/droix.eu\/wp-content\/uploads\/2024\/06\/droix-v2-light-logo.png","og:image:width":380,"og:image:height":118,"article:published_time":"2017-11-10T13:01:47+00:00","article:modified_time":"2026-01-20T04:22:45+00:00","article:publisher":"https:\/\/www.facebook.com\/DroiX.Store","twitter:card":"summary_large_image","twitter:site":"@DroiX_Store","twitter:title":"GPD Pocket HDMI-Micro HDMI-kaapeli - DROIX EU","twitter:description":"Suunniteltu kaikille Micro-HDMI-laitteille Tukee jopa 4K:ta Paketti sis\u00e4lt\u00e4\u00e4 1x GPD Pocket HDMI-Micro HDMI-kaapeli","twitter:image":"https:\/\/droix.eu\/wp-content\/uploads\/2024\/06\/droix-v2-light-logo.png"},"aioseo_meta_data":{"post_id":"551307","title":null,"description":null,"keywords":null,"keyphrases":null,"primary_term":null,"canonical_url":null,"og_title":null,"og_description":null,"og_object_type":"default","og_image_type":"default","og_image_url":null,"og_image_width":null,"og_image_height":null,"og_image_custom_url":null,"og_image_custom_fields":null,"og_video":null,"og_custom_url":null,"og_article_section":null,"og_article_tags":null,"twitter_use_og":true,"twitter_card":"default","twitter_image_type":"default","twitter_image_url":null,"twitter_image_custom_url":null,"twitter_image_custom_fields":null,"twitter_title":null,"twitter_description":null,"schema":{"blockGraphs":[],"customGraphs":[],"default":{"data":{"Article":[],"Course":[],"Dataset":[],"FAQPage":[],"Movie":[],"Person":[],"Product":[],"ProductReview":[],"Car":[],"Recipe":[],"Service":[],"SoftwareApplication":[],"WebPage":[]},"graphName":"","isEnabled":true},"graphs":[]},"schema_type":"default","schema_type_options":null,"pillar_content":false,"robots_default":true,"robots_noindex":false,"robots_noarchive":false,"robots_nosnippet":false,"robots_nofollow":false,"robots_noimageindex":false,"robots_noodp":false,"robots_notranslate":false,"robots_max_snippet":null,"robots_max_videopreview":null,"robots_max_imagepreview":"large","priority":null,"frequency":null,"local_seo":null,"seo_analyzer_scan_date":"2025-10-24 07:09:30","breadcrumb_settings":null,"limit_modified_date":false,"reviewed_by":null,"open_ai":null,"ai":null,"created":"2025-10-09 03:18:54","updated":"2026-01-24 09:13:32"},"aioseo_breadcrumb":"<div class=\"aioseo-breadcrumbs\"><span class=\"aioseo-breadcrumb\">\n\t<a href=\"https:\/\/droix.eu\/fi\/\" title=\"Home\">Home<\/a>\n<\/span><span class=\"aioseo-breadcrumb-separator\">&raquo;<\/span><span class=\"aioseo-breadcrumb\">\n\t<a href=\"https:\/\/droix.eu\/fi\/product-category\/tarvikkeet\/\" title=\"Tarvikkeet\">Tarvikkeet<\/a>\n<\/span><span class=\"aioseo-breadcrumb-separator\">&raquo;<\/span><span class=\"aioseo-breadcrumb\">\n\t<a href=\"https:\/\/droix.eu\/fi\/product-category\/tarvikkeet\/kannettavan-tietokoneen-tarvikkeet\/\" title=\"Kannettavan tietokoneen tarvikkeet\">Kannettavan tietokoneen tarvikkeet<\/a>\n<\/span><span class=\"aioseo-breadcrumb-separator\">&raquo;<\/span><span class=\"aioseo-breadcrumb\">\n\tGPD Pocket HDMI-Micro HDMI-kaapeli\n<\/span><\/div>","aioseo_breadcrumb_json":[{"label":"Home","link":"https:\/\/droix.eu\/fi\/"},{"label":"Tarvikkeet","link":"https:\/\/droix.eu\/fi\/product-category\/tarvikkeet\/"},{"label":"Kannettavan tietokoneen tarvikkeet","link":"https:\/\/droix.eu\/fi\/product-category\/tarvikkeet\/kannettavan-tietokoneen-tarvikkeet\/"},{"label":"GPD Pocket HDMI-Micro HDMI-kaapeli","link":"https:\/\/droix.eu\/fi\/product\/gpd-pocket-hdmi-micro-hdmi-kaapeli\/"}],"_links":{"self":[{"href":"https:\/\/droix.eu\/fi\/wp-json\/wp\/v2\/product\/551307","targetHints":{"allow":["GET"]}}],"collection":[{"href":"https:\/\/droix.eu\/fi\/wp-json\/wp\/v2\/product"}],"about":[{"href":"https:\/\/droix.eu\/fi\/wp-json\/wp\/v2\/types\/product"}],"version-history":[{"count":0,"href":"https:\/\/droix.eu\/fi\/wp-json\/wp\/v2\/product\/551307\/revisions"}],"wp:featuredmedia":[{"embeddable":true,"href":"https:\/\/droix.eu\/fi\/wp-json\/wp\/v2\/media\/551308"}],"wp:attachment":[{"href":"https:\/\/droix.eu\/fi\/wp-json\/wp\/v2\/media?parent=551307"}],"wp:term":[{"taxonomy":"product_brand","embeddable":true,"href":"https:\/\/droix.eu\/fi\/wp-json\/wp\/v2\/product_brand?post=551307"},{"taxonomy":"product_cat","embeddable":true,"href":"https:\/\/droix.eu\/fi\/wp-json\/wp\/v2\/product_cat?post=551307"},{"taxonomy":"product_tag","embeddable":true,"href":"https:\/\/droix.eu\/fi\/wp-json\/wp\/v2\/product_tag?post=551307"},{"taxonomy":"woo-feed-brand","embeddable":true,"href":"https:\/\/droix.eu\/fi\/wp-json\/wp\/v2\/woo-feed-brand?post=551307"},{"taxonomy":"key-features","embeddable":true,"href":"https:\/\/droix.eu\/fi\/wp-json\/wp\/v2\/key-features?post=551307"}],"curies":[{"name":"wp","href":"https:\/\/api.w.org\/{rel}","templated":true}]}}