{"id":549026,"date":"2022-11-11T11:44:32","date_gmt":"2022-11-11T11:44:32","guid":{"rendered":"https:\/\/droix.eu\/product\/elainaiheiset-peukalokahvan-suojukset\/"},"modified":"2026-04-08T10:44:20","modified_gmt":"2026-04-08T09:44:20","slug":"elainaiheiset-peukalokahvan-suojukset","status":"publish","type":"product","link":"https:\/\/droix.eu\/fi\/product\/elainaiheiset-peukalokahvan-suojukset\/","title":{"rendered":"El\u00e4inaiheiset peukalokahvan suojukset"},"content":{"rendered":"&#13;\n<p>S\u00f6p\u00f6 el\u00e4in teema peukalo kahva korkit, lis\u00e4\u00e4 hauska ja elinvoimaa osaksi k\u00e4mmenmikroa konsoli, tehd\u00e4 siit\u00e4 enemm\u00e4n silm\u00e4\u00e4npist\u00e4v\u00e4.Valmistettu pehme\u00e4st\u00e4 silikoni materiaalista, joka voi suojata analoginen tikkuja naarmuja ja likaa, ja se on eritt\u00e4in mukava koskettaa!<\/p>&#13;\n&#13;\n<h5 class=\"wp-block-heading\">\u00a0<\/h5>&#13;\n&#13;\n<h5 class=\"wp-block-heading\">EI ole yhteensopiva PS4-, Switch Pro- tai Xbox One -ohjaimen kanssa.<\/h5>&#13;\n","protected":false},"excerpt":{"rendered":"<ul>\n<li>Valmistettu pehme\u00e4st\u00e4 silikonimateriaalista<\/li>\n<li>Suojaa analoginen tikku<\/li>\n<li>Eritt\u00e4in miellytt\u00e4v\u00e4 koskettaa<\/li>\n<li>Ei ole helppo muuttaa muotoaan<\/li>\n<li>Myrkyt\u00f6n &amp; ei helposti haalistuva<\/li>\n<\/ul>\n[droix_global_accordions]\n","protected":false},"featured_media":702974,"template":"","meta":{"_acf_changed":false},"product_brand":[],"product_cat":[35549,35548],"product_tag":[],"woo-feed-brand":[],"key-features":[],"class_list":{"0":"post-549026","1":"product","2":"type-product","3":"status-publish","4":"has-post-thumbnail","6":"product_cat-pelitarvikkeet","7":"product_cat-tarvikkeet","8":"product_shipping_class-low-end","9":"pa_compatibility-ayaneo-2-fi","10":"pa_compatibility-ayaneo-2021-fi","11":"pa_compatibility-ayaneo-air-fi","12":"pa_compatibility-ayaneo-geek-fi","14":"first","15":"instock","16":"sale","17":"taxable","18":"shipping-taxable","19":"purchasable","20":"product-type-simple"},"acf":[],"aioseo_notices":[],"aioseo_head":"\n\t\t<!-- All in One SEO Pro 4.9.6.2 - aioseo.com -->\n\t<meta name=\"description\" content=\"Valmistettu pehme\u00e4st\u00e4 silikonimateriaalista Suojaa analoginen tikku Eritt\u00e4in miellytt\u00e4v\u00e4 koskettaa Ei ole helppo muuttaa muotoaan Myrkyt\u00f6n &amp; ei helposti haalistuva\" \/>\n\t<meta name=\"robots\" content=\"max-image-preview:large\" \/>\n\t<link rel=\"canonical\" href=\"https:\/\/droix.eu\/fi\/product\/elainaiheiset-peukalokahvan-suojukset\/\" \/>\n\t<meta name=\"generator\" content=\"All in One SEO Pro (AIOSEO) 4.9.6.2\" \/>\n\t\t<meta property=\"og:locale\" content=\"fi_FI\" \/>\n\t\t<meta property=\"og:site_name\" content=\"DROIX EU - Get the latest Mini PCs, Ultrabook, PC Gaming Handhelds and more!\" \/>\n\t\t<meta property=\"og:type\" content=\"article\" \/>\n\t\t<meta property=\"og:title\" content=\"El\u00e4inaiheiset peukalokahvan suojukset - DROIX EU\" \/>\n\t\t<meta property=\"og:description\" content=\"Valmistettu pehme\u00e4st\u00e4 silikonimateriaalista Suojaa analoginen tikku Eritt\u00e4in miellytt\u00e4v\u00e4 koskettaa Ei ole helppo muuttaa muotoaan Myrkyt\u00f6n &amp; ei helposti haalistuva\" \/>\n\t\t<meta property=\"og:url\" content=\"https:\/\/droix.eu\/fi\/product\/elainaiheiset-peukalokahvan-suojukset\/\" \/>\n\t\t<meta property=\"og:image\" content=\"https:\/\/droix.eu\/wp-content\/uploads\/2024\/06\/droix-v2-light-logo.png\" \/>\n\t\t<meta property=\"og:image:secure_url\" content=\"https:\/\/droix.eu\/wp-content\/uploads\/2024\/06\/droix-v2-light-logo.png\" \/>\n\t\t<meta property=\"og:image:width\" content=\"380\" \/>\n\t\t<meta property=\"og:image:height\" content=\"118\" \/>\n\t\t<meta property=\"article:published_time\" content=\"2022-11-11T11:44:32+00:00\" \/>\n\t\t<meta property=\"article:modified_time\" content=\"2026-04-08T09:44:20+00:00\" \/>\n\t\t<meta property=\"article:publisher\" content=\"https:\/\/www.facebook.com\/DroiX.Store\" \/>\n\t\t<meta name=\"twitter:card\" content=\"summary_large_image\" \/>\n\t\t<meta name=\"twitter:site\" content=\"@DroiX_Store\" \/>\n\t\t<meta name=\"twitter:title\" content=\"El\u00e4inaiheiset peukalokahvan suojukset - DROIX EU\" \/>\n\t\t<meta name=\"twitter:description\" content=\"Valmistettu pehme\u00e4st\u00e4 silikonimateriaalista Suojaa analoginen tikku Eritt\u00e4in miellytt\u00e4v\u00e4 koskettaa Ei ole helppo muuttaa muotoaan Myrkyt\u00f6n &amp; ei helposti haalistuva\" \/>\n\t\t<meta name=\"twitter:image\" content=\"https:\/\/droix.eu\/wp-content\/uploads\/2024\/06\/droix-v2-light-logo.png\" \/>\n\t\t<script type=\"application\/ld+json\" class=\"aioseo-schema\">\n\t\t\t{\"@context\":\"https:\\\/\\\/schema.org\",\"@graph\":[{\"@type\":\"BreadcrumbList\",\"@id\":\"https:\\\/\\\/droix.eu\\\/fi\\\/product\\\/elainaiheiset-peukalokahvan-suojukset\\\/#breadcrumblist\",\"itemListElement\":[{\"@type\":\"ListItem\",\"@id\":\"https:\\\/\\\/droix.eu\\\/fi\\\/#listItem\",\"position\":1,\"name\":\"Home\",\"item\":\"https:\\\/\\\/droix.eu\\\/fi\\\/\",\"nextItem\":{\"@type\":\"ListItem\",\"@id\":\"https:\\\/\\\/droix.eu\\\/fi\\\/product-category\\\/tarvikkeet\\\/#listItem\",\"name\":\"Tarvikkeet\"}},{\"@type\":\"ListItem\",\"@id\":\"https:\\\/\\\/droix.eu\\\/fi\\\/product-category\\\/tarvikkeet\\\/#listItem\",\"position\":2,\"name\":\"Tarvikkeet\",\"item\":\"https:\\\/\\\/droix.eu\\\/fi\\\/product-category\\\/tarvikkeet\\\/\",\"nextItem\":{\"@type\":\"ListItem\",\"@id\":\"https:\\\/\\\/droix.eu\\\/fi\\\/product-category\\\/tarvikkeet\\\/pelitarvikkeet\\\/#listItem\",\"name\":\"Pelitarvikkeet\"},\"previousItem\":{\"@type\":\"ListItem\",\"@id\":\"https:\\\/\\\/droix.eu\\\/fi\\\/#listItem\",\"name\":\"Home\"}},{\"@type\":\"ListItem\",\"@id\":\"https:\\\/\\\/droix.eu\\\/fi\\\/product-category\\\/tarvikkeet\\\/pelitarvikkeet\\\/#listItem\",\"position\":3,\"name\":\"Pelitarvikkeet\",\"item\":\"https:\\\/\\\/droix.eu\\\/fi\\\/product-category\\\/tarvikkeet\\\/pelitarvikkeet\\\/\",\"nextItem\":{\"@type\":\"ListItem\",\"@id\":\"https:\\\/\\\/droix.eu\\\/fi\\\/product\\\/elainaiheiset-peukalokahvan-suojukset\\\/#listItem\",\"name\":\"El\\u00e4inaiheiset peukalokahvan suojukset\"},\"previousItem\":{\"@type\":\"ListItem\",\"@id\":\"https:\\\/\\\/droix.eu\\\/fi\\\/product-category\\\/tarvikkeet\\\/#listItem\",\"name\":\"Tarvikkeet\"}},{\"@type\":\"ListItem\",\"@id\":\"https:\\\/\\\/droix.eu\\\/fi\\\/product\\\/elainaiheiset-peukalokahvan-suojukset\\\/#listItem\",\"position\":4,\"name\":\"El\\u00e4inaiheiset peukalokahvan suojukset\",\"previousItem\":{\"@type\":\"ListItem\",\"@id\":\"https:\\\/\\\/droix.eu\\\/fi\\\/product-category\\\/tarvikkeet\\\/pelitarvikkeet\\\/#listItem\",\"name\":\"Pelitarvikkeet\"}}]},{\"@type\":\"Organization\",\"@id\":\"https:\\\/\\\/droix.eu\\\/fi\\\/#organization\",\"name\":\"DroiX \\u2013 Trusted EU Tech Retailer with 12+ Years Experience\",\"description\":\"DroiX is a leading European technology retailer with over 12 years of experience, offering quality mini PCs, handheld gaming consoles, and tech accessories. We provide hassle-free EU delivery with all taxes included, ensuring a smooth and reliable shopping experience for our customers across Europe.\",\"url\":\"https:\\\/\\\/droix.eu\\\/fi\\\/\",\"logo\":{\"@type\":\"ImageObject\",\"url\":\"https:\\\/\\\/droix.eu\\\/wp-content\\\/uploads\\\/2024\\\/06\\\/droix-v2-light-logo.png\",\"@id\":\"https:\\\/\\\/droix.eu\\\/fi\\\/product\\\/elainaiheiset-peukalokahvan-suojukset\\\/#organizationLogo\",\"width\":380,\"height\":118},\"image\":{\"@id\":\"https:\\\/\\\/droix.eu\\\/fi\\\/product\\\/elainaiheiset-peukalokahvan-suojukset\\\/#organizationLogo\"},\"sameAs\":[\"https:\\\/\\\/www.facebook.com\\\/DroiX.Store\",\"https:\\\/\\\/twitter.com\\\/DroiX_Store\",\"https:\\\/\\\/www.instagram.com\\\/droix.store\\\/\",\"https:\\\/\\\/www.tiktok.com\\\/@droix.store\",\"https:\\\/\\\/www.youtube.com\\\/c\\\/DroiX_Store\",\"https:\\\/\\\/uk.linkedin.com\\\/company\\\/droix\"]},{\"@type\":\"Product\",\"@id\":\"https:\\\/\\\/droix.eu\\\/fi\\\/product\\\/elainaiheiset-peukalokahvan-suojukset\\\/#wooCommerceProduct\",\"name\":\"El\\u00e4inaiheiset peukalokahvan suojukset\",\"description\":\"Valmistettu pehme\\u00e4st\\u00e4 silikonimateriaalista\\n \\tSuojaa analoginen tikku\\n \\tEritt\\u00e4in miellytt\\u00e4v\\u00e4 koskettaa\\n \\tEi ole helppo muuttaa muotoaan\\n \\tMyrkyt\\u00f6n &amp; ei helposti haalistuva\",\"url\":\"https:\\\/\\\/droix.eu\\\/fi\\\/product\\\/elainaiheiset-peukalokahvan-suojukset\\\/\",\"sku\":\"ANIMAL-THUMB-STICK-CAPS\",\"gtin\":\"5060763673601\",\"image\":{\"@type\":\"ImageObject\",\"url\":\"https:\\\/\\\/droix.eu\\\/wp-content\\\/uploads\\\/2022\\\/11\\\/ANIMAL-THUMB-STICK-CAPS-IMAGE-1.png\",\"@id\":\"https:\\\/\\\/droix.eu\\\/fi\\\/product\\\/elainaiheiset-peukalokahvan-suojukset\\\/#productImage\",\"width\":900,\"height\":1200},\"offers\":{\"@type\":\"Offer\",\"url\":\"https:\\\/\\\/droix.eu\\\/fi\\\/product\\\/elainaiheiset-peukalokahvan-suojukset\\\/#wooCommerceOffer\",\"price\":11.01,\"priceCurrency\":\"EUR\",\"category\":\"Pelitarvikkeet\",\"availability\":\"https:\\\/\\\/schema.org\\\/InStock\",\"priceSpecification\":{\"@type\":\"PriceSpecification\",\"price\":11.01,\"priceCurrency\":\"EUR\",\"valueAddedTaxIncluded\":\"true\"},\"seller\":{\"@type\":\"Organization\",\"@id\":\"https:\\\/\\\/droix.eu\\\/fi\\\/#organization\"}}},{\"@type\":\"WebPage\",\"@id\":\"https:\\\/\\\/droix.eu\\\/fi\\\/product\\\/elainaiheiset-peukalokahvan-suojukset\\\/#webpage\",\"url\":\"https:\\\/\\\/droix.eu\\\/fi\\\/product\\\/elainaiheiset-peukalokahvan-suojukset\\\/\",\"name\":\"El\\u00e4inaiheiset peukalokahvan suojukset - DROIX EU\",\"description\":\"Valmistettu pehme\\u00e4st\\u00e4 silikonimateriaalista Suojaa analoginen tikku Eritt\\u00e4in miellytt\\u00e4v\\u00e4 koskettaa Ei ole helppo muuttaa muotoaan Myrkyt\\u00f6n & ei helposti haalistuva\",\"inLanguage\":\"fi\",\"isPartOf\":{\"@id\":\"https:\\\/\\\/droix.eu\\\/fi\\\/#website\"},\"breadcrumb\":{\"@id\":\"https:\\\/\\\/droix.eu\\\/fi\\\/product\\\/elainaiheiset-peukalokahvan-suojukset\\\/#breadcrumblist\"},\"image\":{\"@type\":\"ImageObject\",\"url\":\"https:\\\/\\\/droix.eu\\\/wp-content\\\/uploads\\\/2022\\\/11\\\/ANIMAL-THUMB-STICK-CAPS-IMAGE-1.png\",\"@id\":\"https:\\\/\\\/droix.eu\\\/fi\\\/product\\\/elainaiheiset-peukalokahvan-suojukset\\\/#mainImage\",\"width\":900,\"height\":1200},\"primaryImageOfPage\":{\"@id\":\"https:\\\/\\\/droix.eu\\\/fi\\\/product\\\/elainaiheiset-peukalokahvan-suojukset\\\/#mainImage\"},\"datePublished\":\"2022-11-11T11:44:32+00:00\",\"dateModified\":\"2026-04-08T10:44:20+01:00\"},{\"@type\":\"WebSite\",\"@id\":\"https:\\\/\\\/droix.eu\\\/fi\\\/#website\",\"url\":\"https:\\\/\\\/droix.eu\\\/fi\\\/\",\"name\":\"DROIX EU\",\"description\":\"Get the latest Mini PCs, Ultrabook, PC Gaming Handhelds and more!\",\"inLanguage\":\"fi\",\"publisher\":{\"@id\":\"https:\\\/\\\/droix.eu\\\/fi\\\/#organization\"}}]}\n\t\t<\/script>\n\t\t<!-- All in One SEO Pro -->\r\n\t\t<title>El\u00e4inaiheiset peukalokahvan suojukset - DROIX EU<\/title>\n\n","aioseo_head_json":{"title":"El\u00e4inaiheiset peukalokahvan suojukset - DROIX EU","description":"Valmistettu pehme\u00e4st\u00e4 silikonimateriaalista Suojaa analoginen tikku Eritt\u00e4in miellytt\u00e4v\u00e4 koskettaa Ei ole helppo muuttaa muotoaan Myrkyt\u00f6n & ei helposti haalistuva","canonical_url":"https:\/\/droix.eu\/fi\/product\/elainaiheiset-peukalokahvan-suojukset\/","robots":"max-image-preview:large","keywords":"","webmasterTools":{"miscellaneous":""},"schema":{"@context":"https:\/\/schema.org","@graph":[{"@type":"BreadcrumbList","@id":"https:\/\/droix.eu\/fi\/product\/elainaiheiset-peukalokahvan-suojukset\/#breadcrumblist","itemListElement":[{"@type":"ListItem","@id":"https:\/\/droix.eu\/fi\/#listItem","position":1,"name":"Home","item":"https:\/\/droix.eu\/fi\/","nextItem":{"@type":"ListItem","@id":"https:\/\/droix.eu\/fi\/product-category\/tarvikkeet\/#listItem","name":"Tarvikkeet"}},{"@type":"ListItem","@id":"https:\/\/droix.eu\/fi\/product-category\/tarvikkeet\/#listItem","position":2,"name":"Tarvikkeet","item":"https:\/\/droix.eu\/fi\/product-category\/tarvikkeet\/","nextItem":{"@type":"ListItem","@id":"https:\/\/droix.eu\/fi\/product-category\/tarvikkeet\/pelitarvikkeet\/#listItem","name":"Pelitarvikkeet"},"previousItem":{"@type":"ListItem","@id":"https:\/\/droix.eu\/fi\/#listItem","name":"Home"}},{"@type":"ListItem","@id":"https:\/\/droix.eu\/fi\/product-category\/tarvikkeet\/pelitarvikkeet\/#listItem","position":3,"name":"Pelitarvikkeet","item":"https:\/\/droix.eu\/fi\/product-category\/tarvikkeet\/pelitarvikkeet\/","nextItem":{"@type":"ListItem","@id":"https:\/\/droix.eu\/fi\/product\/elainaiheiset-peukalokahvan-suojukset\/#listItem","name":"El\u00e4inaiheiset peukalokahvan suojukset"},"previousItem":{"@type":"ListItem","@id":"https:\/\/droix.eu\/fi\/product-category\/tarvikkeet\/#listItem","name":"Tarvikkeet"}},{"@type":"ListItem","@id":"https:\/\/droix.eu\/fi\/product\/elainaiheiset-peukalokahvan-suojukset\/#listItem","position":4,"name":"El\u00e4inaiheiset peukalokahvan suojukset","previousItem":{"@type":"ListItem","@id":"https:\/\/droix.eu\/fi\/product-category\/tarvikkeet\/pelitarvikkeet\/#listItem","name":"Pelitarvikkeet"}}]},{"@type":"Organization","@id":"https:\/\/droix.eu\/fi\/#organization","name":"DroiX \u2013 Trusted EU Tech Retailer with 12+ Years Experience","description":"DroiX is a leading European technology retailer with over 12 years of experience, offering quality mini PCs, handheld gaming consoles, and tech accessories. We provide hassle-free EU delivery with all taxes included, ensuring a smooth and reliable shopping experience for our customers across Europe.","url":"https:\/\/droix.eu\/fi\/","logo":{"@type":"ImageObject","url":"https:\/\/droix.eu\/wp-content\/uploads\/2024\/06\/droix-v2-light-logo.png","@id":"https:\/\/droix.eu\/fi\/product\/elainaiheiset-peukalokahvan-suojukset\/#organizationLogo","width":380,"height":118},"image":{"@id":"https:\/\/droix.eu\/fi\/product\/elainaiheiset-peukalokahvan-suojukset\/#organizationLogo"},"sameAs":["https:\/\/www.facebook.com\/DroiX.Store","https:\/\/twitter.com\/DroiX_Store","https:\/\/www.instagram.com\/droix.store\/","https:\/\/www.tiktok.com\/@droix.store","https:\/\/www.youtube.com\/c\/DroiX_Store","https:\/\/uk.linkedin.com\/company\/droix"]},{"@type":"Product","@id":"https:\/\/droix.eu\/fi\/product\/elainaiheiset-peukalokahvan-suojukset\/#wooCommerceProduct","name":"El\u00e4inaiheiset peukalokahvan suojukset","description":"Valmistettu pehme\u00e4st\u00e4 silikonimateriaalista\n \tSuojaa analoginen tikku\n \tEritt\u00e4in miellytt\u00e4v\u00e4 koskettaa\n \tEi ole helppo muuttaa muotoaan\n \tMyrkyt\u00f6n &amp; ei helposti haalistuva","url":"https:\/\/droix.eu\/fi\/product\/elainaiheiset-peukalokahvan-suojukset\/","sku":"ANIMAL-THUMB-STICK-CAPS","gtin":"5060763673601","image":{"@type":"ImageObject","url":"https:\/\/droix.eu\/wp-content\/uploads\/2022\/11\/ANIMAL-THUMB-STICK-CAPS-IMAGE-1.png","@id":"https:\/\/droix.eu\/fi\/product\/elainaiheiset-peukalokahvan-suojukset\/#productImage","width":900,"height":1200},"offers":{"@type":"Offer","url":"https:\/\/droix.eu\/fi\/product\/elainaiheiset-peukalokahvan-suojukset\/#wooCommerceOffer","price":11.01,"priceCurrency":"EUR","category":"Pelitarvikkeet","availability":"https:\/\/schema.org\/InStock","priceSpecification":{"@type":"PriceSpecification","price":11.01,"priceCurrency":"EUR","valueAddedTaxIncluded":"true"},"seller":{"@type":"Organization","@id":"https:\/\/droix.eu\/fi\/#organization"}}},{"@type":"WebPage","@id":"https:\/\/droix.eu\/fi\/product\/elainaiheiset-peukalokahvan-suojukset\/#webpage","url":"https:\/\/droix.eu\/fi\/product\/elainaiheiset-peukalokahvan-suojukset\/","name":"El\u00e4inaiheiset peukalokahvan suojukset - DROIX EU","description":"Valmistettu pehme\u00e4st\u00e4 silikonimateriaalista Suojaa analoginen tikku Eritt\u00e4in miellytt\u00e4v\u00e4 koskettaa Ei ole helppo muuttaa muotoaan Myrkyt\u00f6n & ei helposti haalistuva","inLanguage":"fi","isPartOf":{"@id":"https:\/\/droix.eu\/fi\/#website"},"breadcrumb":{"@id":"https:\/\/droix.eu\/fi\/product\/elainaiheiset-peukalokahvan-suojukset\/#breadcrumblist"},"image":{"@type":"ImageObject","url":"https:\/\/droix.eu\/wp-content\/uploads\/2022\/11\/ANIMAL-THUMB-STICK-CAPS-IMAGE-1.png","@id":"https:\/\/droix.eu\/fi\/product\/elainaiheiset-peukalokahvan-suojukset\/#mainImage","width":900,"height":1200},"primaryImageOfPage":{"@id":"https:\/\/droix.eu\/fi\/product\/elainaiheiset-peukalokahvan-suojukset\/#mainImage"},"datePublished":"2022-11-11T11:44:32+00:00","dateModified":"2026-04-08T10:44:20+01:00"},{"@type":"WebSite","@id":"https:\/\/droix.eu\/fi\/#website","url":"https:\/\/droix.eu\/fi\/","name":"DROIX EU","description":"Get the latest Mini PCs, Ultrabook, PC Gaming Handhelds and more!","inLanguage":"fi","publisher":{"@id":"https:\/\/droix.eu\/fi\/#organization"}}]},"og:locale":"fi_FI","og:site_name":"DROIX EU - Get the latest Mini PCs, Ultrabook, PC Gaming Handhelds and more!","og:type":"article","og:title":"El\u00e4inaiheiset peukalokahvan suojukset - DROIX EU","og:description":"Valmistettu pehme\u00e4st\u00e4 silikonimateriaalista Suojaa analoginen tikku Eritt\u00e4in miellytt\u00e4v\u00e4 koskettaa Ei ole helppo muuttaa muotoaan Myrkyt\u00f6n &amp; ei helposti haalistuva","og:url":"https:\/\/droix.eu\/fi\/product\/elainaiheiset-peukalokahvan-suojukset\/","og:image":"https:\/\/droix.eu\/wp-content\/uploads\/2024\/06\/droix-v2-light-logo.png","og:image:secure_url":"https:\/\/droix.eu\/wp-content\/uploads\/2024\/06\/droix-v2-light-logo.png","og:image:width":380,"og:image:height":118,"article:published_time":"2022-11-11T11:44:32+00:00","article:modified_time":"2026-04-08T09:44:20+00:00","article:publisher":"https:\/\/www.facebook.com\/DroiX.Store","twitter:card":"summary_large_image","twitter:site":"@DroiX_Store","twitter:title":"El\u00e4inaiheiset peukalokahvan suojukset - DROIX EU","twitter:description":"Valmistettu pehme\u00e4st\u00e4 silikonimateriaalista Suojaa analoginen tikku Eritt\u00e4in miellytt\u00e4v\u00e4 koskettaa Ei ole helppo muuttaa muotoaan Myrkyt\u00f6n &amp; ei helposti haalistuva","twitter:image":"https:\/\/droix.eu\/wp-content\/uploads\/2024\/06\/droix-v2-light-logo.png"},"aioseo_meta_data":{"post_id":"549026","title":null,"description":null,"keywords":null,"keyphrases":{"focus":{"keyphrase":"","score":0,"analysis":{"keyphraseInTitle":{"score":0,"maxScore":9,"error":1}}},"additional":[]},"primary_term":null,"canonical_url":null,"og_title":null,"og_description":null,"og_object_type":"default","og_image_type":"default","og_image_url":null,"og_image_width":null,"og_image_height":null,"og_image_custom_url":null,"og_image_custom_fields":null,"og_video":"","og_custom_url":null,"og_article_section":null,"og_article_tags":null,"twitter_use_og":true,"twitter_card":"default","twitter_image_type":"default","twitter_image_url":null,"twitter_image_custom_url":null,"twitter_image_custom_fields":null,"twitter_title":null,"twitter_description":null,"schema":{"blockGraphs":[],"customGraphs":[],"default":{"data":{"Article":[],"Course":[],"Dataset":[],"FAQPage":[],"Movie":[],"Person":[],"Product":[],"ProductReview":[],"Car":[],"Recipe":[],"Service":[],"SoftwareApplication":[],"WebPage":[]},"graphName":"Product","isEnabled":true},"graphs":[]},"schema_type":"default","schema_type_options":null,"pillar_content":false,"robots_default":true,"robots_noindex":false,"robots_noarchive":false,"robots_nosnippet":false,"robots_nofollow":false,"robots_noimageindex":false,"robots_noodp":false,"robots_notranslate":false,"robots_max_snippet":"-1","robots_max_videopreview":"-1","robots_max_imagepreview":"large","priority":null,"frequency":"default","local_seo":null,"seo_analyzer_scan_date":"2026-04-24 10:37:59","breadcrumb_settings":null,"limit_modified_date":false,"reviewed_by":null,"open_ai":null,"ai":{"faqs":[],"keyPoints":[],"titles":[],"descriptions":[],"socialPosts":{"email":[],"linkedin":[],"twitter":[],"facebook":[],"instagram":[]}},"created":"2025-10-09 04:02:58","updated":"2026-04-24 10:37:59"},"aioseo_breadcrumb":"<div class=\"aioseo-breadcrumbs\"><span class=\"aioseo-breadcrumb\">\n\t<a href=\"https:\/\/droix.eu\/fi\/\" title=\"Home\">Home<\/a>\n<\/span><span class=\"aioseo-breadcrumb-separator\">&raquo;<\/span><span class=\"aioseo-breadcrumb\">\n\t<a href=\"https:\/\/droix.eu\/fi\/product-category\/tarvikkeet\/\" title=\"Tarvikkeet\">Tarvikkeet<\/a>\n<\/span><span class=\"aioseo-breadcrumb-separator\">&raquo;<\/span><span class=\"aioseo-breadcrumb\">\n\t<a href=\"https:\/\/droix.eu\/fi\/product-category\/tarvikkeet\/pelitarvikkeet\/\" title=\"Pelitarvikkeet\">Pelitarvikkeet<\/a>\n<\/span><span class=\"aioseo-breadcrumb-separator\">&raquo;<\/span><span class=\"aioseo-breadcrumb\">\n\tEl\u00e4inaiheiset peukalokahvan suojukset\n<\/span><\/div>","aioseo_breadcrumb_json":[{"label":"Home","link":"https:\/\/droix.eu\/fi\/"},{"label":"Tarvikkeet","link":"https:\/\/droix.eu\/fi\/product-category\/tarvikkeet\/"},{"label":"Pelitarvikkeet","link":"https:\/\/droix.eu\/fi\/product-category\/tarvikkeet\/pelitarvikkeet\/"},{"label":"El\u00e4inaiheiset peukalokahvan suojukset","link":"https:\/\/droix.eu\/fi\/product\/elainaiheiset-peukalokahvan-suojukset\/"}],"_links":{"self":[{"href":"https:\/\/droix.eu\/fi\/wp-json\/wp\/v2\/product\/549026","targetHints":{"allow":["GET"]}}],"collection":[{"href":"https:\/\/droix.eu\/fi\/wp-json\/wp\/v2\/product"}],"about":[{"href":"https:\/\/droix.eu\/fi\/wp-json\/wp\/v2\/types\/product"}],"version-history":[{"count":0,"href":"https:\/\/droix.eu\/fi\/wp-json\/wp\/v2\/product\/549026\/revisions"}],"wp:featuredmedia":[{"embeddable":true,"href":"https:\/\/droix.eu\/fi\/wp-json\/wp\/v2\/media\/702974"}],"wp:attachment":[{"href":"https:\/\/droix.eu\/fi\/wp-json\/wp\/v2\/media?parent=549026"}],"wp:term":[{"taxonomy":"product_brand","embeddable":true,"href":"https:\/\/droix.eu\/fi\/wp-json\/wp\/v2\/product_brand?post=549026"},{"taxonomy":"product_cat","embeddable":true,"href":"https:\/\/droix.eu\/fi\/wp-json\/wp\/v2\/product_cat?post=549026"},{"taxonomy":"product_tag","embeddable":true,"href":"https:\/\/droix.eu\/fi\/wp-json\/wp\/v2\/product_tag?post=549026"},{"taxonomy":"woo-feed-brand","embeddable":true,"href":"https:\/\/droix.eu\/fi\/wp-json\/wp\/v2\/woo-feed-brand?post=549026"},{"taxonomy":"key-features","embeddable":true,"href":"https:\/\/droix.eu\/fi\/wp-json\/wp\/v2\/key-features?post=549026"}],"curies":[{"name":"wp","href":"https:\/\/api.w.org\/{rel}","templated":true}]}}