{"id":549011,"date":"2022-11-08T16:39:00","date_gmt":"2022-11-08T16:39:00","guid":{"rendered":"https:\/\/droix.eu\/product\/gpd-win-max-2-2024-4g-lte-lisalaite\/"},"modified":"2025-12-15T00:03:46","modified_gmt":"2025-12-15T00:03:46","slug":"gpd-win-max-2-2024-4g-lte-lisalaite","status":"publish","type":"product","link":"https:\/\/droix.eu\/fi\/product\/gpd-win-max-2-2024-4g-lte-lisalaite\/","title":{"rendered":"GPD WIN MAX 2 \/ 2024 4G LTE lis\u00e4laite"},"content":{"rendered":"&#13;\n<p>Esittelemme uusimman 4G LTE -moduulin lis\u00e4osan <a href=\"https:\/\/droix.eu\/fi\/product\/gpd-win-max-2\/\">GPD WIN MAX 2 \/<\/a> <a href=\"https:\/\/droix.eu\/fi\/product\/gpd-win-max-2-2024\/\">GPD WIN MAX 2 2024-laitteisiin .<\/a> T\u00e4m\u00e4 vallankumouksellinen lis\u00e4laite antaa peliharrastajille mahdollisuuden nauttia keskeytym\u00e4tt\u00f6mist\u00e4 pelisessioista miss\u00e4 ja milloin tahansa saumattoman 4G-yhteyden ja operaattorituen ansiosta. <\/p>&#13;\n&#13;\n<p>T\u00e4m\u00e4 4G LTE -moduuli, joka on kehitetty vastauksena k\u00e4ytt\u00e4jien vaatimuksiin ja suunniteltu huolellisesti teknisten rajoitusten voittamiseksi, tukee 4G TD-LTE-, FDD-LTE- ja 3G CDMA -verkkoja ja tarjoaa suorituskyky\u00e4, joka on verrattavissa valtavirran kannettaviin tietokoneisiin. Sen integrointi WIN Max 2 2024 -sarjaan avaa monimutkaisten peliskenaarioiden maailman, jota ei ole aiemmin ollut mahdollista toteuttaa kannettavilla laitteilla. <\/p>&#13;\n","protected":false},"excerpt":{"rendered":"<ul>\n<li><strong>Saumaton 4G-yhteys:<\/strong> Peli miss\u00e4 tahansa, milloin tahansa.<\/li>\n<li><strong>Kehittynyt verkkotuki:<\/strong> 4G TD-LTE, FDD-LTE, 3G CDMA.<\/li>\n<li><strong>Virallinen:<\/strong> GPD:n suunnittelema Win Max 2 &amp; Win Max 2 2024 -mallia varten.<\/li>\n<li><strong>Malli:<\/strong> Quectel EG25-G<\/li>\n<\/ul>\n<pre>\n<b>IMPORTANT<\/b>\nINSTALATION REQUIRES OPENING DEVICE\nCOMPONENTS ARE SMALL &amp; DELICATE\nWE ARE NOT RESPONSIBLE FOR ANY CUSTOMER DAMAGE<\/pre>\n[droix_global_accordions]\n[cg_accordion title=\"Paketti sis\u00e4lt\u00e4\u00e4\"]<\/p>\n<ul>\n<li>1x GPD WIN MAX 2 4G LTE -moduuli<\/li>\n<li>3x ruuvit<\/li>\n<li>2x Antennit<\/li>\n<li>1x kaapeli<\/li>\n<\/ul>\n<p>[\/cg_accordion]\n","protected":false},"featured_media":542619,"template":"","meta":{"_acf_changed":false},"product_brand":[],"product_cat":[35646,35549,35548],"product_tag":[],"woo-feed-brand":[],"key-features":[],"class_list":{"0":"post-549011","1":"product","2":"type-product","3":"status-publish","4":"has-post-thumbnail","6":"product_cat-kannettavan-tietokoneen-tarvikkeet","7":"product_cat-pelitarvikkeet","8":"product_cat-tarvikkeet","9":"product_shipping_class-low-end","10":"pa_accessory-type-add-ons","11":"pa_brands-gpd-fi","12":"pa_compatibility-gpd-win-max-2-fi","14":"first","15":"outofstock","16":"sale","17":"taxable","18":"shipping-taxable","19":"purchasable","20":"product-type-simple"},"acf":[],"aioseo_notices":[],"aioseo_head":"\n\t\t<!-- All in One SEO Pro 4.9.5.2 - aioseo.com -->\n\t<meta name=\"description\" content=\"Saumaton 4G-yhteys: Peli miss\u00e4 tahansa, milloin tahansa. Kehittynyt verkkotuki: 4G TD-LTE, FDD-LTE, 3G CDMA. Virallinen: GPD:n suunnittelema Win Max 2 &amp; Win Max 2 2024 -mallia varten. Malli: Quectel EG25-G IMPORTANT INSTALATION REQUIRES OPENING DEVICE COMPONENTS ARE SMALL &amp; DELICATE WE ARE NOT RESPONSIBLE FOR ANY CUSTOMER DAMAGE Paketti sis\u00e4lt\u00e4\u00e4 1x GPD WIN MAX 2 4G LTE -moduuli 3x ruuvit 2x Antennit 1x kaapeli\" \/>\n\t<meta name=\"robots\" content=\"max-image-preview:large\" \/>\n\t<link rel=\"canonical\" href=\"https:\/\/droix.eu\/fi\/product\/gpd-win-max-2-2024-4g-lte-lisalaite\/\" \/>\n\t<meta name=\"generator\" content=\"All in One SEO Pro (AIOSEO) 4.9.5.2\" \/>\n\t\t<meta property=\"og:locale\" content=\"fi_FI\" \/>\n\t\t<meta property=\"og:site_name\" content=\"DROIX EU - Get the latest Mini PCs, Ultrabook, PC Gaming Handhelds and more!\" \/>\n\t\t<meta property=\"og:type\" content=\"article\" \/>\n\t\t<meta property=\"og:title\" content=\"GPD WIN MAX 2 \/ 2024 4G LTE lis\u00e4laite - DROIX EU\" \/>\n\t\t<meta property=\"og:description\" content=\"Saumaton 4G-yhteys: Peli miss\u00e4 tahansa, milloin tahansa. Kehittynyt verkkotuki: 4G TD-LTE, FDD-LTE, 3G CDMA. Virallinen: GPD:n suunnittelema Win Max 2 &amp; Win Max 2 2024 -mallia varten. Malli: Quectel EG25-G IMPORTANT INSTALATION REQUIRES OPENING DEVICE COMPONENTS ARE SMALL &amp; DELICATE WE ARE NOT RESPONSIBLE FOR ANY CUSTOMER DAMAGE Paketti sis\u00e4lt\u00e4\u00e4 1x GPD WIN MAX 2 4G LTE -moduuli 3x ruuvit 2x Antennit 1x kaapeli\" \/>\n\t\t<meta property=\"og:url\" content=\"https:\/\/droix.eu\/fi\/product\/gpd-win-max-2-2024-4g-lte-lisalaite\/\" \/>\n\t\t<meta property=\"og:image\" content=\"https:\/\/droix.eu\/wp-content\/uploads\/2024\/06\/droix-v2-light-logo.png\" \/>\n\t\t<meta property=\"og:image:secure_url\" content=\"https:\/\/droix.eu\/wp-content\/uploads\/2024\/06\/droix-v2-light-logo.png\" \/>\n\t\t<meta property=\"og:image:width\" content=\"380\" \/>\n\t\t<meta property=\"og:image:height\" content=\"118\" \/>\n\t\t<meta property=\"article:published_time\" content=\"2022-11-08T16:39:00+00:00\" \/>\n\t\t<meta property=\"article:modified_time\" content=\"2025-12-15T00:03:46+00:00\" \/>\n\t\t<meta property=\"article:publisher\" content=\"https:\/\/www.facebook.com\/DroiX.Store\" \/>\n\t\t<meta name=\"twitter:card\" content=\"summary_large_image\" \/>\n\t\t<meta name=\"twitter:site\" content=\"@DroiX_Store\" \/>\n\t\t<meta name=\"twitter:title\" content=\"GPD WIN MAX 2 \/ 2024 4G LTE lis\u00e4laite - DROIX EU\" \/>\n\t\t<meta name=\"twitter:description\" content=\"Saumaton 4G-yhteys: Peli miss\u00e4 tahansa, milloin tahansa. Kehittynyt verkkotuki: 4G TD-LTE, FDD-LTE, 3G CDMA. Virallinen: GPD:n suunnittelema Win Max 2 &amp; Win Max 2 2024 -mallia varten. Malli: Quectel EG25-G IMPORTANT INSTALATION REQUIRES OPENING DEVICE COMPONENTS ARE SMALL &amp; DELICATE WE ARE NOT RESPONSIBLE FOR ANY CUSTOMER DAMAGE Paketti sis\u00e4lt\u00e4\u00e4 1x GPD WIN MAX 2 4G LTE -moduuli 3x ruuvit 2x Antennit 1x kaapeli\" \/>\n\t\t<meta name=\"twitter:image\" content=\"https:\/\/droix.eu\/wp-content\/uploads\/2024\/06\/droix-v2-light-logo.png\" \/>\n\t\t<script type=\"application\/ld+json\" class=\"aioseo-schema\">\n\t\t\t{\"@context\":\"https:\\\/\\\/schema.org\",\"@graph\":[{\"@type\":\"BreadcrumbList\",\"@id\":\"https:\\\/\\\/droix.eu\\\/fi\\\/product\\\/gpd-win-max-2-2024-4g-lte-lisalaite\\\/#breadcrumblist\",\"itemListElement\":[{\"@type\":\"ListItem\",\"@id\":\"https:\\\/\\\/droix.eu\\\/fi\\\/#listItem\",\"position\":1,\"name\":\"Home\",\"item\":\"https:\\\/\\\/droix.eu\\\/fi\\\/\",\"nextItem\":{\"@type\":\"ListItem\",\"@id\":\"https:\\\/\\\/droix.eu\\\/fi\\\/product-category\\\/tarvikkeet\\\/#listItem\",\"name\":\"Tarvikkeet\"}},{\"@type\":\"ListItem\",\"@id\":\"https:\\\/\\\/droix.eu\\\/fi\\\/product-category\\\/tarvikkeet\\\/#listItem\",\"position\":2,\"name\":\"Tarvikkeet\",\"item\":\"https:\\\/\\\/droix.eu\\\/fi\\\/product-category\\\/tarvikkeet\\\/\",\"nextItem\":{\"@type\":\"ListItem\",\"@id\":\"https:\\\/\\\/droix.eu\\\/fi\\\/product-category\\\/tarvikkeet\\\/pelitarvikkeet\\\/#listItem\",\"name\":\"Pelitarvikkeet\"},\"previousItem\":{\"@type\":\"ListItem\",\"@id\":\"https:\\\/\\\/droix.eu\\\/fi\\\/#listItem\",\"name\":\"Home\"}},{\"@type\":\"ListItem\",\"@id\":\"https:\\\/\\\/droix.eu\\\/fi\\\/product-category\\\/tarvikkeet\\\/pelitarvikkeet\\\/#listItem\",\"position\":3,\"name\":\"Pelitarvikkeet\",\"item\":\"https:\\\/\\\/droix.eu\\\/fi\\\/product-category\\\/tarvikkeet\\\/pelitarvikkeet\\\/\",\"nextItem\":{\"@type\":\"ListItem\",\"@id\":\"https:\\\/\\\/droix.eu\\\/fi\\\/product\\\/gpd-win-max-2-2024-4g-lte-lisalaite\\\/#listItem\",\"name\":\"GPD WIN MAX 2 \\\/ 2024 4G LTE lis\\u00e4laite\"},\"previousItem\":{\"@type\":\"ListItem\",\"@id\":\"https:\\\/\\\/droix.eu\\\/fi\\\/product-category\\\/tarvikkeet\\\/#listItem\",\"name\":\"Tarvikkeet\"}},{\"@type\":\"ListItem\",\"@id\":\"https:\\\/\\\/droix.eu\\\/fi\\\/product\\\/gpd-win-max-2-2024-4g-lte-lisalaite\\\/#listItem\",\"position\":4,\"name\":\"GPD WIN MAX 2 \\\/ 2024 4G LTE lis\\u00e4laite\",\"previousItem\":{\"@type\":\"ListItem\",\"@id\":\"https:\\\/\\\/droix.eu\\\/fi\\\/product-category\\\/tarvikkeet\\\/pelitarvikkeet\\\/#listItem\",\"name\":\"Pelitarvikkeet\"}}]},{\"@type\":\"Organization\",\"@id\":\"https:\\\/\\\/droix.eu\\\/fi\\\/#organization\",\"name\":\"DroiX \\u2013 Trusted EU Tech Retailer with 12+ Years Experience\",\"description\":\"DroiX is a leading European technology retailer with over 12 years of experience, offering quality mini PCs, handheld gaming consoles, and tech accessories. We provide hassle-free EU delivery with all taxes included, ensuring a smooth and reliable shopping experience for our customers across Europe.\",\"url\":\"https:\\\/\\\/droix.eu\\\/fi\\\/\",\"logo\":{\"@type\":\"ImageObject\",\"url\":\"https:\\\/\\\/droix.eu\\\/wp-content\\\/uploads\\\/2024\\\/06\\\/droix-v2-light-logo.png\",\"@id\":\"https:\\\/\\\/droix.eu\\\/fi\\\/product\\\/gpd-win-max-2-2024-4g-lte-lisalaite\\\/#organizationLogo\",\"width\":380,\"height\":118},\"image\":{\"@id\":\"https:\\\/\\\/droix.eu\\\/fi\\\/product\\\/gpd-win-max-2-2024-4g-lte-lisalaite\\\/#organizationLogo\"},\"sameAs\":[\"https:\\\/\\\/www.facebook.com\\\/DroiX.Store\",\"https:\\\/\\\/twitter.com\\\/DroiX_Store\",\"https:\\\/\\\/www.instagram.com\\\/droix.store\\\/\",\"https:\\\/\\\/www.tiktok.com\\\/@droix.store\",\"https:\\\/\\\/www.youtube.com\\\/c\\\/DroiX_Store\",\"https:\\\/\\\/uk.linkedin.com\\\/company\\\/droix\"]},{\"@type\":\"Product\",\"@id\":\"https:\\\/\\\/droix.eu\\\/fi\\\/product\\\/gpd-win-max-2-2024-4g-lte-lisalaite\\\/#wooCommerceProduct\",\"name\":\"GPD WIN MAX 2 \\\/ 2024 4G LTE lis\\u00e4laite\",\"description\":\"Saumaton 4G-yhteys: Peli miss\\u00e4 tahansa, milloin tahansa.\\n \\tKehittynyt verkkotuki: 4G TD-LTE, FDD-LTE, 3G CDMA.\\n \\tVirallinen: GPD:n suunnittelema Win Max 2 &amp; Win Max 2 2024 -mallia varten.\\n \\tMalli: Quectel EG25-G\\n\\n\\n\\nIMPORTANT\\nINSTALATION REQUIRES OPENING DEVICE\\nCOMPONENTS ARE SMALL &amp; DELICATE\\nWE ARE NOT RESPONSIBLE FOR ANY CUSTOMER DAMAGE\",\"url\":\"https:\\\/\\\/droix.eu\\\/fi\\\/product\\\/gpd-win-max-2-2024-4g-lte-lisalaite\\\/\",\"sku\":\"GPD-WIN_MAX_2-4G_LTE_Module\",\"gtin\":\"5060763673656\",\"image\":{\"@type\":\"ImageObject\",\"url\":\"https:\\\/\\\/droix.eu\\\/wp-content\\\/uploads\\\/2022\\\/11\\\/GPD-WIN-MAX-2-LTE-1.png\",\"@id\":\"https:\\\/\\\/droix.eu\\\/fi\\\/product\\\/gpd-win-max-2-2024-4g-lte-lisalaite\\\/#productImage\",\"width\":622,\"height\":622,\"caption\":\"GPD WIN MAX 2 4G LTE -lis\\u00e4laite GPD WIN MAX 2 4G LTE -lis\\u00e4laite\"},\"offers\":{\"@type\":\"Offer\",\"url\":\"https:\\\/\\\/droix.eu\\\/fi\\\/product\\\/gpd-win-max-2-2024-4g-lte-lisalaite\\\/#wooCommerceOffer\",\"price\":99.57,\"priceCurrency\":\"EUR\",\"category\":\"Kannettavan tietokoneen tarvikkeet\",\"availability\":\"https:\\\/\\\/schema.org\\\/OutOfStock\",\"priceSpecification\":{\"@type\":\"PriceSpecification\",\"price\":99.57,\"priceCurrency\":\"EUR\",\"valueAddedTaxIncluded\":\"true\"},\"seller\":{\"@type\":\"Organization\",\"@id\":\"https:\\\/\\\/droix.eu\\\/fi\\\/#organization\"}}},{\"@type\":\"WebPage\",\"@id\":\"https:\\\/\\\/droix.eu\\\/fi\\\/product\\\/gpd-win-max-2-2024-4g-lte-lisalaite\\\/#webpage\",\"url\":\"https:\\\/\\\/droix.eu\\\/fi\\\/product\\\/gpd-win-max-2-2024-4g-lte-lisalaite\\\/\",\"name\":\"GPD WIN MAX 2 \\\/ 2024 4G LTE lis\\u00e4laite - DROIX EU\",\"description\":\"Saumaton 4G-yhteys: Peli miss\\u00e4 tahansa, milloin tahansa. Kehittynyt verkkotuki: 4G TD-LTE, FDD-LTE, 3G CDMA. Virallinen: GPD:n suunnittelema Win Max 2 & Win Max 2 2024 -mallia varten. Malli: Quectel EG25-G IMPORTANT INSTALATION REQUIRES OPENING DEVICE COMPONENTS ARE SMALL & DELICATE WE ARE NOT RESPONSIBLE FOR ANY CUSTOMER DAMAGE Paketti sis\\u00e4lt\\u00e4\\u00e4 1x GPD WIN MAX 2 4G LTE -moduuli 3x ruuvit 2x Antennit 1x kaapeli\",\"inLanguage\":\"fi\",\"isPartOf\":{\"@id\":\"https:\\\/\\\/droix.eu\\\/fi\\\/#website\"},\"breadcrumb\":{\"@id\":\"https:\\\/\\\/droix.eu\\\/fi\\\/product\\\/gpd-win-max-2-2024-4g-lte-lisalaite\\\/#breadcrumblist\"},\"image\":{\"@type\":\"ImageObject\",\"url\":\"https:\\\/\\\/droix.eu\\\/wp-content\\\/uploads\\\/2022\\\/11\\\/GPD-WIN-MAX-2-LTE-1.png\",\"@id\":\"https:\\\/\\\/droix.eu\\\/fi\\\/product\\\/gpd-win-max-2-2024-4g-lte-lisalaite\\\/#mainImage\",\"width\":622,\"height\":622,\"caption\":\"GPD WIN MAX 2 4G LTE -lis\\u00e4laite GPD WIN MAX 2 4G LTE -lis\\u00e4laite\"},\"primaryImageOfPage\":{\"@id\":\"https:\\\/\\\/droix.eu\\\/fi\\\/product\\\/gpd-win-max-2-2024-4g-lte-lisalaite\\\/#mainImage\"},\"datePublished\":\"2022-11-08T16:39:00+00:00\",\"dateModified\":\"2025-12-15T00:03:46+00:00\"},{\"@type\":\"WebSite\",\"@id\":\"https:\\\/\\\/droix.eu\\\/fi\\\/#website\",\"url\":\"https:\\\/\\\/droix.eu\\\/fi\\\/\",\"name\":\"DROIX EU\",\"description\":\"Get the latest Mini PCs, Ultrabook, PC Gaming Handhelds and more!\",\"inLanguage\":\"fi\",\"publisher\":{\"@id\":\"https:\\\/\\\/droix.eu\\\/fi\\\/#organization\"}}]}\n\t\t<\/script>\n\t\t<!-- All in One SEO Pro -->\r\n\t\t<title>GPD WIN MAX 2 \/ 2024 4G LTE lis\u00e4laite - DROIX EU<\/title>\n\n","aioseo_head_json":{"title":"GPD WIN MAX 2 \/ 2024 4G LTE lis\u00e4laite - DROIX EU","description":"Saumaton 4G-yhteys: Peli miss\u00e4 tahansa, milloin tahansa. Kehittynyt verkkotuki: 4G TD-LTE, FDD-LTE, 3G CDMA. Virallinen: GPD:n suunnittelema Win Max 2 & Win Max 2 2024 -mallia varten. Malli: Quectel EG25-G IMPORTANT INSTALATION REQUIRES OPENING DEVICE COMPONENTS ARE SMALL & DELICATE WE ARE NOT RESPONSIBLE FOR ANY CUSTOMER DAMAGE Paketti sis\u00e4lt\u00e4\u00e4 1x GPD WIN MAX 2 4G LTE -moduuli 3x ruuvit 2x Antennit 1x kaapeli","canonical_url":"https:\/\/droix.eu\/fi\/product\/gpd-win-max-2-2024-4g-lte-lisalaite\/","robots":"max-image-preview:large","keywords":"","webmasterTools":{"miscellaneous":""},"schema":{"@context":"https:\/\/schema.org","@graph":[{"@type":"BreadcrumbList","@id":"https:\/\/droix.eu\/fi\/product\/gpd-win-max-2-2024-4g-lte-lisalaite\/#breadcrumblist","itemListElement":[{"@type":"ListItem","@id":"https:\/\/droix.eu\/fi\/#listItem","position":1,"name":"Home","item":"https:\/\/droix.eu\/fi\/","nextItem":{"@type":"ListItem","@id":"https:\/\/droix.eu\/fi\/product-category\/tarvikkeet\/#listItem","name":"Tarvikkeet"}},{"@type":"ListItem","@id":"https:\/\/droix.eu\/fi\/product-category\/tarvikkeet\/#listItem","position":2,"name":"Tarvikkeet","item":"https:\/\/droix.eu\/fi\/product-category\/tarvikkeet\/","nextItem":{"@type":"ListItem","@id":"https:\/\/droix.eu\/fi\/product-category\/tarvikkeet\/pelitarvikkeet\/#listItem","name":"Pelitarvikkeet"},"previousItem":{"@type":"ListItem","@id":"https:\/\/droix.eu\/fi\/#listItem","name":"Home"}},{"@type":"ListItem","@id":"https:\/\/droix.eu\/fi\/product-category\/tarvikkeet\/pelitarvikkeet\/#listItem","position":3,"name":"Pelitarvikkeet","item":"https:\/\/droix.eu\/fi\/product-category\/tarvikkeet\/pelitarvikkeet\/","nextItem":{"@type":"ListItem","@id":"https:\/\/droix.eu\/fi\/product\/gpd-win-max-2-2024-4g-lte-lisalaite\/#listItem","name":"GPD WIN MAX 2 \/ 2024 4G LTE lis\u00e4laite"},"previousItem":{"@type":"ListItem","@id":"https:\/\/droix.eu\/fi\/product-category\/tarvikkeet\/#listItem","name":"Tarvikkeet"}},{"@type":"ListItem","@id":"https:\/\/droix.eu\/fi\/product\/gpd-win-max-2-2024-4g-lte-lisalaite\/#listItem","position":4,"name":"GPD WIN MAX 2 \/ 2024 4G LTE lis\u00e4laite","previousItem":{"@type":"ListItem","@id":"https:\/\/droix.eu\/fi\/product-category\/tarvikkeet\/pelitarvikkeet\/#listItem","name":"Pelitarvikkeet"}}]},{"@type":"Organization","@id":"https:\/\/droix.eu\/fi\/#organization","name":"DroiX \u2013 Trusted EU Tech Retailer with 12+ Years Experience","description":"DroiX is a leading European technology retailer with over 12 years of experience, offering quality mini PCs, handheld gaming consoles, and tech accessories. We provide hassle-free EU delivery with all taxes included, ensuring a smooth and reliable shopping experience for our customers across Europe.","url":"https:\/\/droix.eu\/fi\/","logo":{"@type":"ImageObject","url":"https:\/\/droix.eu\/wp-content\/uploads\/2024\/06\/droix-v2-light-logo.png","@id":"https:\/\/droix.eu\/fi\/product\/gpd-win-max-2-2024-4g-lte-lisalaite\/#organizationLogo","width":380,"height":118},"image":{"@id":"https:\/\/droix.eu\/fi\/product\/gpd-win-max-2-2024-4g-lte-lisalaite\/#organizationLogo"},"sameAs":["https:\/\/www.facebook.com\/DroiX.Store","https:\/\/twitter.com\/DroiX_Store","https:\/\/www.instagram.com\/droix.store\/","https:\/\/www.tiktok.com\/@droix.store","https:\/\/www.youtube.com\/c\/DroiX_Store","https:\/\/uk.linkedin.com\/company\/droix"]},{"@type":"Product","@id":"https:\/\/droix.eu\/fi\/product\/gpd-win-max-2-2024-4g-lte-lisalaite\/#wooCommerceProduct","name":"GPD WIN MAX 2 \/ 2024 4G LTE lis\u00e4laite","description":"Saumaton 4G-yhteys: Peli miss\u00e4 tahansa, milloin tahansa.\n \tKehittynyt verkkotuki: 4G TD-LTE, FDD-LTE, 3G CDMA.\n \tVirallinen: GPD:n suunnittelema Win Max 2 &amp; Win Max 2 2024 -mallia varten.\n \tMalli: Quectel EG25-G\n\n\n\nIMPORTANT\nINSTALATION REQUIRES OPENING DEVICE\nCOMPONENTS ARE SMALL &amp; DELICATE\nWE ARE NOT RESPONSIBLE FOR ANY CUSTOMER DAMAGE","url":"https:\/\/droix.eu\/fi\/product\/gpd-win-max-2-2024-4g-lte-lisalaite\/","sku":"GPD-WIN_MAX_2-4G_LTE_Module","gtin":"5060763673656","image":{"@type":"ImageObject","url":"https:\/\/droix.eu\/wp-content\/uploads\/2022\/11\/GPD-WIN-MAX-2-LTE-1.png","@id":"https:\/\/droix.eu\/fi\/product\/gpd-win-max-2-2024-4g-lte-lisalaite\/#productImage","width":622,"height":622,"caption":"GPD WIN MAX 2 4G LTE -lis\u00e4laite GPD WIN MAX 2 4G LTE -lis\u00e4laite"},"offers":{"@type":"Offer","url":"https:\/\/droix.eu\/fi\/product\/gpd-win-max-2-2024-4g-lte-lisalaite\/#wooCommerceOffer","price":99.57,"priceCurrency":"EUR","category":"Kannettavan tietokoneen tarvikkeet","availability":"https:\/\/schema.org\/OutOfStock","priceSpecification":{"@type":"PriceSpecification","price":99.57,"priceCurrency":"EUR","valueAddedTaxIncluded":"true"},"seller":{"@type":"Organization","@id":"https:\/\/droix.eu\/fi\/#organization"}}},{"@type":"WebPage","@id":"https:\/\/droix.eu\/fi\/product\/gpd-win-max-2-2024-4g-lte-lisalaite\/#webpage","url":"https:\/\/droix.eu\/fi\/product\/gpd-win-max-2-2024-4g-lte-lisalaite\/","name":"GPD WIN MAX 2 \/ 2024 4G LTE lis\u00e4laite - DROIX EU","description":"Saumaton 4G-yhteys: Peli miss\u00e4 tahansa, milloin tahansa. Kehittynyt verkkotuki: 4G TD-LTE, FDD-LTE, 3G CDMA. Virallinen: GPD:n suunnittelema Win Max 2 & Win Max 2 2024 -mallia varten. Malli: Quectel EG25-G IMPORTANT INSTALATION REQUIRES OPENING DEVICE COMPONENTS ARE SMALL & DELICATE WE ARE NOT RESPONSIBLE FOR ANY CUSTOMER DAMAGE Paketti sis\u00e4lt\u00e4\u00e4 1x GPD WIN MAX 2 4G LTE -moduuli 3x ruuvit 2x Antennit 1x kaapeli","inLanguage":"fi","isPartOf":{"@id":"https:\/\/droix.eu\/fi\/#website"},"breadcrumb":{"@id":"https:\/\/droix.eu\/fi\/product\/gpd-win-max-2-2024-4g-lte-lisalaite\/#breadcrumblist"},"image":{"@type":"ImageObject","url":"https:\/\/droix.eu\/wp-content\/uploads\/2022\/11\/GPD-WIN-MAX-2-LTE-1.png","@id":"https:\/\/droix.eu\/fi\/product\/gpd-win-max-2-2024-4g-lte-lisalaite\/#mainImage","width":622,"height":622,"caption":"GPD WIN MAX 2 4G LTE -lis\u00e4laite GPD WIN MAX 2 4G LTE -lis\u00e4laite"},"primaryImageOfPage":{"@id":"https:\/\/droix.eu\/fi\/product\/gpd-win-max-2-2024-4g-lte-lisalaite\/#mainImage"},"datePublished":"2022-11-08T16:39:00+00:00","dateModified":"2025-12-15T00:03:46+00:00"},{"@type":"WebSite","@id":"https:\/\/droix.eu\/fi\/#website","url":"https:\/\/droix.eu\/fi\/","name":"DROIX EU","description":"Get the latest Mini PCs, Ultrabook, PC Gaming Handhelds and more!","inLanguage":"fi","publisher":{"@id":"https:\/\/droix.eu\/fi\/#organization"}}]},"og:locale":"fi_FI","og:site_name":"DROIX EU - Get the latest Mini PCs, Ultrabook, PC Gaming Handhelds and more!","og:type":"article","og:title":"GPD WIN MAX 2 \/ 2024 4G LTE lis\u00e4laite - DROIX EU","og:description":"Saumaton 4G-yhteys: Peli miss\u00e4 tahansa, milloin tahansa. Kehittynyt verkkotuki: 4G TD-LTE, FDD-LTE, 3G CDMA. Virallinen: GPD:n suunnittelema Win Max 2 &amp; Win Max 2 2024 -mallia varten. Malli: Quectel EG25-G IMPORTANT INSTALATION REQUIRES OPENING DEVICE COMPONENTS ARE SMALL &amp; DELICATE WE ARE NOT RESPONSIBLE FOR ANY CUSTOMER DAMAGE Paketti sis\u00e4lt\u00e4\u00e4 1x GPD WIN MAX 2 4G LTE -moduuli 3x ruuvit 2x Antennit 1x kaapeli","og:url":"https:\/\/droix.eu\/fi\/product\/gpd-win-max-2-2024-4g-lte-lisalaite\/","og:image":"https:\/\/droix.eu\/wp-content\/uploads\/2024\/06\/droix-v2-light-logo.png","og:image:secure_url":"https:\/\/droix.eu\/wp-content\/uploads\/2024\/06\/droix-v2-light-logo.png","og:image:width":380,"og:image:height":118,"article:published_time":"2022-11-08T16:39:00+00:00","article:modified_time":"2025-12-15T00:03:46+00:00","article:publisher":"https:\/\/www.facebook.com\/DroiX.Store","twitter:card":"summary_large_image","twitter:site":"@DroiX_Store","twitter:title":"GPD WIN MAX 2 \/ 2024 4G LTE lis\u00e4laite - DROIX EU","twitter:description":"Saumaton 4G-yhteys: Peli miss\u00e4 tahansa, milloin tahansa. Kehittynyt verkkotuki: 4G TD-LTE, FDD-LTE, 3G CDMA. Virallinen: GPD:n suunnittelema Win Max 2 &amp; Win Max 2 2024 -mallia varten. Malli: Quectel EG25-G IMPORTANT INSTALATION REQUIRES OPENING DEVICE COMPONENTS ARE SMALL &amp; DELICATE WE ARE NOT RESPONSIBLE FOR ANY CUSTOMER DAMAGE Paketti sis\u00e4lt\u00e4\u00e4 1x GPD WIN MAX 2 4G LTE -moduuli 3x ruuvit 2x Antennit 1x kaapeli","twitter:image":"https:\/\/droix.eu\/wp-content\/uploads\/2024\/06\/droix-v2-light-logo.png"},"aioseo_meta_data":{"post_id":"549011","title":null,"description":null,"keywords":null,"keyphrases":null,"primary_term":null,"canonical_url":null,"og_title":null,"og_description":null,"og_object_type":"default","og_image_type":"default","og_image_url":null,"og_image_width":null,"og_image_height":null,"og_image_custom_url":null,"og_image_custom_fields":null,"og_video":null,"og_custom_url":null,"og_article_section":null,"og_article_tags":null,"twitter_use_og":true,"twitter_card":"default","twitter_image_type":"default","twitter_image_url":null,"twitter_image_custom_url":null,"twitter_image_custom_fields":null,"twitter_title":null,"twitter_description":null,"schema":{"blockGraphs":[],"customGraphs":[],"default":{"data":{"Article":[],"Course":[],"Dataset":[],"FAQPage":[],"Movie":[],"Person":[],"Product":[],"ProductReview":[],"Car":[],"Recipe":[],"Service":[],"SoftwareApplication":[],"WebPage":[]},"graphName":"","isEnabled":true},"graphs":[]},"schema_type":"default","schema_type_options":null,"pillar_content":false,"robots_default":true,"robots_noindex":false,"robots_noarchive":false,"robots_nosnippet":false,"robots_nofollow":false,"robots_noimageindex":false,"robots_noodp":false,"robots_notranslate":false,"robots_max_snippet":null,"robots_max_videopreview":null,"robots_max_imagepreview":"large","priority":null,"frequency":null,"local_seo":null,"seo_analyzer_scan_date":"2025-10-24 11:45:13","breadcrumb_settings":null,"limit_modified_date":false,"reviewed_by":null,"open_ai":null,"ai":null,"created":"2025-10-09 04:01:02","updated":"2026-01-24 09:13:32"},"aioseo_breadcrumb":"<div class=\"aioseo-breadcrumbs\"><span class=\"aioseo-breadcrumb\">\n\t<a href=\"https:\/\/droix.eu\/fi\/\" title=\"Home\">Home<\/a>\n<\/span><span class=\"aioseo-breadcrumb-separator\">&raquo;<\/span><span class=\"aioseo-breadcrumb\">\n\t<a href=\"https:\/\/droix.eu\/fi\/product-category\/tarvikkeet\/\" title=\"Tarvikkeet\">Tarvikkeet<\/a>\n<\/span><span class=\"aioseo-breadcrumb-separator\">&raquo;<\/span><span class=\"aioseo-breadcrumb\">\n\t<a href=\"https:\/\/droix.eu\/fi\/product-category\/tarvikkeet\/pelitarvikkeet\/\" title=\"Pelitarvikkeet\">Pelitarvikkeet<\/a>\n<\/span><span class=\"aioseo-breadcrumb-separator\">&raquo;<\/span><span class=\"aioseo-breadcrumb\">\n\tGPD WIN MAX 2 \/ 2024 4G LTE lis\u00e4laite\n<\/span><\/div>","aioseo_breadcrumb_json":[{"label":"Home","link":"https:\/\/droix.eu\/fi\/"},{"label":"Tarvikkeet","link":"https:\/\/droix.eu\/fi\/product-category\/tarvikkeet\/"},{"label":"Pelitarvikkeet","link":"https:\/\/droix.eu\/fi\/product-category\/tarvikkeet\/pelitarvikkeet\/"},{"label":"GPD WIN MAX 2 \/ 2024 4G LTE lis\u00e4laite","link":"https:\/\/droix.eu\/fi\/product\/gpd-win-max-2-2024-4g-lte-lisalaite\/"}],"_links":{"self":[{"href":"https:\/\/droix.eu\/fi\/wp-json\/wp\/v2\/product\/549011","targetHints":{"allow":["GET"]}}],"collection":[{"href":"https:\/\/droix.eu\/fi\/wp-json\/wp\/v2\/product"}],"about":[{"href":"https:\/\/droix.eu\/fi\/wp-json\/wp\/v2\/types\/product"}],"version-history":[{"count":0,"href":"https:\/\/droix.eu\/fi\/wp-json\/wp\/v2\/product\/549011\/revisions"}],"wp:featuredmedia":[{"embeddable":true,"href":"https:\/\/droix.eu\/fi\/wp-json\/wp\/v2\/media\/542619"}],"wp:attachment":[{"href":"https:\/\/droix.eu\/fi\/wp-json\/wp\/v2\/media?parent=549011"}],"wp:term":[{"taxonomy":"product_brand","embeddable":true,"href":"https:\/\/droix.eu\/fi\/wp-json\/wp\/v2\/product_brand?post=549011"},{"taxonomy":"product_cat","embeddable":true,"href":"https:\/\/droix.eu\/fi\/wp-json\/wp\/v2\/product_cat?post=549011"},{"taxonomy":"product_tag","embeddable":true,"href":"https:\/\/droix.eu\/fi\/wp-json\/wp\/v2\/product_tag?post=549011"},{"taxonomy":"woo-feed-brand","embeddable":true,"href":"https:\/\/droix.eu\/fi\/wp-json\/wp\/v2\/woo-feed-brand?post=549011"},{"taxonomy":"key-features","embeddable":true,"href":"https:\/\/droix.eu\/fi\/wp-json\/wp\/v2\/key-features?post=549011"}],"curies":[{"name":"wp","href":"https:\/\/api.w.org\/{rel}","templated":true}]}}