{"id":548637,"date":"2022-12-20T15:00:27","date_gmt":"2022-12-20T15:00:27","guid":{"rendered":"https:\/\/droix.eu\/product\/kingspec-2230-steam-deck-nvme-tallennustietokoneet\/"},"modified":"2025-08-01T14:51:27","modified_gmt":"2025-08-01T13:51:27","slug":"kingspec-2230-steam-deck-nvme-tallennustietokoneet","status":"publish","type":"product","link":"https:\/\/droix.eu\/fi\/product\/kingspec-2230-steam-deck-nvme-tallennustietokoneet\/","title":{"rendered":"KingSpec 2230 Steam Deck NVMe-tallennustietokoneet"},"content":{"rendered":"&#13;\n<p><strong>KingSpec NVMe 22*30 -kiintolevyaseman<\/strong>lukunopeus on jopa 3621,35 MB\/s ja kirjoitusnopeus jopa 2314,32 MB\/s. N\u00e4m\u00e4 nopeudet ovat huomattavasti nopeampia kuin perinteisen kiintolevyn nopeudet, jotka ovat yleens\u00e4 noin 100 MB\/s. T\u00e4m\u00e4 tarkoittaa, ett\u00e4 KingSpec NVMe -asema pystyy k\u00e4ytt\u00e4m\u00e4\u00e4n ja siirt\u00e4m\u00e4\u00e4n tietoja paljon nopeammin, mik\u00e4 nopeuttaa k\u00e4ynnistymisaikoja ja nopeuttaa ohjelmistojen k\u00e4ynnistymist\u00e4.  <\/p>&#13;\n&#13;\n<p>Sanotaan esimerkiksi, ett\u00e4 sinulla on suuri ohjelmistosovellus, joka sinun on asennettava. Perinteisell\u00e4 kiintolevyll\u00e4 asennusprosessi saattaa kest\u00e4\u00e4 useita minuutteja. KingSpec NVMe -aseman avulla asennusprosessi olisi kuitenkin paljon nopeampi, koska asema pystyy k\u00e4ytt\u00e4m\u00e4\u00e4n ja siirt\u00e4m\u00e4\u00e4n tarvittavat tiedot paljon suuremmalla nopeudella.  <\/p>&#13;\n&#13;\n<p>Yleisesti ottaen <strong>KingSpec NVMe<\/strong> -aseman nopeammat luku- ja kirjoitusnopeudet tekev\u00e4t siit\u00e4 erinomaisen valinnan niille, jotka haluavat parantaa tietokoneensa yleist\u00e4 suorituskyky\u00e4. Olitpa sitten pelaaja, joka haluaa ladata tasoja nopeammin, luovan alan ammattilainen, joka ty\u00f6skentelee suurten tiedostojen parissa, tai vain joku, joka haluaa sujuvamman ja reagoivamman tietokonekokemuksen, t\u00e4m\u00e4 asema toimittaa varmasti tuloksia. <\/p>&#13;\n&#13;\n<p>Tarkista seuraavat tulokset <strong>Steam Deck<\/strong> k\u00e4ytt\u00e4en <strong>KingSpec 2230 NVMe 1TB<\/strong> Storage :<\/p>&#13;\n&#13;\n<p>Lukunopeus: <strong>3621,35 MB\/s<\/strong><br\/>Kirjoitusnopeus :<strong> 2314,32 MB\/s<\/strong><\/p>&#13;\n&#13;\n<p><strong>CrystalDiskMark-vertailuohjelmisto<\/strong> suorittaa tallennustilalle useita testej\u00e4, joiden avulla n\u00e4hd\u00e4\u00e4n tallennustilan suorituskyky eri luku- ja kirjoitustapojen v\u00e4lill\u00e4. Tulokset osoittavat optimaaliset enimm\u00e4isluku- ja -kirjoitusnopeudet ensimm\u00e4isell\u00e4 rivill\u00e4. <\/p>&#13;\n&#13;\n<figure class=\"wp-block-image aligncenter\"><img fetchpriority=\"high\" decoding=\"async\" width=\"601\" height=\"438\" src=\"https:\/\/droix.eu\/wp-content\/uploads\/2022\/12\/r-w-speed-kigspec2230-steam-deck.png\" alt=\"SD KingSpec 2230 luku- ja kirjoitusnopeus\" class=\"wp-image-94989\" srcset=\"https:\/\/droix.eu\/wp-content\/uploads\/2022\/12\/r-w-speed-kigspec2230-steam-deck.png 601w, https:\/\/droix.eu\/wp-content\/uploads\/2022\/12\/r-w-speed-kigspec2230-steam-deck-300x219.png 300w, https:\/\/droix.eu\/wp-content\/uploads\/2022\/12\/r-w-speed-kigspec2230-steam-deck-441x321.png 441w\" sizes=\"(max-width: 601px) 100vw, 601px\" \/><\/figure>&#13;\n&#13;\n<figure class=\"wp-block-image aligncenter\"><img decoding=\"async\" width=\"1500\" height=\"1500\" src=\"https:\/\/droix.eu\/wp-content\/uploads\/2022\/12\/SSD-EXPLINATION.png\" alt=\"ssd-explanation-tool\" class=\"wp-image-105048\" srcset=\"https:\/\/droix.eu\/wp-content\/uploads\/2022\/12\/SSD-EXPLINATION.png 1500w, https:\/\/droix.eu\/wp-content\/uploads\/2022\/12\/SSD-EXPLINATION-300x300.png 300w, https:\/\/droix.eu\/wp-content\/uploads\/2022\/12\/SSD-EXPLINATION-100x100.png 100w, https:\/\/droix.eu\/wp-content\/uploads\/2022\/12\/SSD-EXPLINATION-1000x1000.png 1000w, https:\/\/droix.eu\/wp-content\/uploads\/2022\/12\/SSD-EXPLINATION-1024x1024.png 1024w, https:\/\/droix.eu\/wp-content\/uploads\/2022\/12\/SSD-EXPLINATION-768x768.png 768w, https:\/\/droix.eu\/wp-content\/uploads\/2022\/12\/SSD-EXPLINATION-990x990.png 990w, https:\/\/droix.eu\/wp-content\/uploads\/2022\/12\/SSD-EXPLINATION-441x441.png 441w\" sizes=\"(max-width: 1500px) 100vw, 1500px\" \/><\/figure>&#13;\n","protected":false},"excerpt":{"rendered":"<ul>\n<li>Nopeat NVMe-nopeudet<\/li>\n<li>Yhteensopiva SteamDeck &amp; GPD WIN Max 2 -laitteiden kanssa.  <\/li>\n<li>3 vuoden takuu<\/li>\n<\/ul>\n[droix_global_accordions]\n[cg_accordion title=\"Paketti sis\u00e4lt\u00e4\u00e4\"]<\/p>\n<ul>\n<li>1x 22*30 NVMe SSD<\/li>\n<\/ul>\n<p>[\/cg_accordion]\n","protected":false},"featured_media":548639,"template":"","meta":{"_acf_changed":false},"product_brand":[],"product_cat":[38959,38960,38957],"product_tag":[],"woo-feed-brand":[],"key-features":[],"class_list":{"0":"post-548637","1":"product","2":"type-product","3":"status-publish","4":"has-post-thumbnail","6":"product_cat-kannettavan-tietokoneen-laitteisto","7":"product_cat-laitteisto","8":"product_cat-tietokonelaitteisto","9":"product_shipping_class-low-end","10":"pa_brands-kingspec-fi","12":"first","13":"instock","14":"taxable","15":"shipping-taxable","16":"purchasable","17":"product-type-variable","18":"has-default-attributes"},"acf":[],"aioseo_notices":[],"aioseo_head":"\n\t\t<!-- All in One SEO Pro 4.9.5.2 - aioseo.com -->\n\t<meta name=\"description\" content=\"Nopeat NVMe-nopeudet Yhteensopiva SteamDeck &amp; GPD WIN Max 2 -laitteiden kanssa. 3 vuoden takuu Paketti sis\u00e4lt\u00e4\u00e4 1x 22*30 NVMe SSD\" \/>\n\t<meta name=\"robots\" content=\"max-image-preview:large\" \/>\n\t<link rel=\"canonical\" href=\"https:\/\/droix.eu\/fi\/product\/kingspec-2230-steam-deck-nvme-tallennustietokoneet\/\" \/>\n\t<meta name=\"generator\" content=\"All in One SEO Pro (AIOSEO) 4.9.5.2\" \/>\n\t\t<meta property=\"og:locale\" content=\"fi_FI\" \/>\n\t\t<meta property=\"og:site_name\" content=\"DROIX EU - Get the latest Mini PCs, Ultrabook, PC Gaming Handhelds and more!\" \/>\n\t\t<meta property=\"og:type\" content=\"article\" \/>\n\t\t<meta property=\"og:title\" content=\"KingSpec 2230 Steam Deck NVMe-tallennustietokoneet - DROIX EU\" \/>\n\t\t<meta property=\"og:description\" content=\"Nopeat NVMe-nopeudet Yhteensopiva SteamDeck &amp; GPD WIN Max 2 -laitteiden kanssa. 3 vuoden takuu Paketti sis\u00e4lt\u00e4\u00e4 1x 22*30 NVMe SSD\" \/>\n\t\t<meta property=\"og:url\" content=\"https:\/\/droix.eu\/fi\/product\/kingspec-2230-steam-deck-nvme-tallennustietokoneet\/\" \/>\n\t\t<meta property=\"og:image\" content=\"https:\/\/droix.eu\/wp-content\/uploads\/2024\/06\/droix-v2-light-logo.png\" \/>\n\t\t<meta property=\"og:image:secure_url\" content=\"https:\/\/droix.eu\/wp-content\/uploads\/2024\/06\/droix-v2-light-logo.png\" \/>\n\t\t<meta property=\"og:image:width\" content=\"380\" \/>\n\t\t<meta property=\"og:image:height\" content=\"118\" \/>\n\t\t<meta property=\"article:published_time\" content=\"2022-12-20T15:00:27+00:00\" \/>\n\t\t<meta property=\"article:modified_time\" content=\"2025-08-01T13:51:27+00:00\" \/>\n\t\t<meta property=\"article:publisher\" content=\"https:\/\/www.facebook.com\/DroiX.Store\" \/>\n\t\t<meta name=\"twitter:card\" content=\"summary_large_image\" \/>\n\t\t<meta name=\"twitter:site\" content=\"@DroiX_Store\" \/>\n\t\t<meta name=\"twitter:title\" content=\"KingSpec 2230 Steam Deck NVMe-tallennustietokoneet - DROIX EU\" \/>\n\t\t<meta name=\"twitter:description\" content=\"Nopeat NVMe-nopeudet Yhteensopiva SteamDeck &amp; GPD WIN Max 2 -laitteiden kanssa. 3 vuoden takuu Paketti sis\u00e4lt\u00e4\u00e4 1x 22*30 NVMe SSD\" \/>\n\t\t<meta name=\"twitter:image\" content=\"https:\/\/droix.eu\/wp-content\/uploads\/2024\/06\/droix-v2-light-logo.png\" \/>\n\t\t<script type=\"application\/ld+json\" class=\"aioseo-schema\">\n\t\t\t{\"@context\":\"https:\\\/\\\/schema.org\",\"@graph\":[{\"@type\":\"BreadcrumbList\",\"@id\":\"https:\\\/\\\/droix.eu\\\/fi\\\/product\\\/kingspec-2230-steam-deck-nvme-tallennustietokoneet\\\/#breadcrumblist\",\"itemListElement\":[{\"@type\":\"ListItem\",\"@id\":\"https:\\\/\\\/droix.eu\\\/fi\\\/#listItem\",\"position\":1,\"name\":\"Home\",\"item\":\"https:\\\/\\\/droix.eu\\\/fi\\\/\",\"nextItem\":{\"@type\":\"ListItem\",\"@id\":\"https:\\\/\\\/droix.eu\\\/fi\\\/product-category\\\/laitteisto\\\/#listItem\",\"name\":\"Laitteisto\"}},{\"@type\":\"ListItem\",\"@id\":\"https:\\\/\\\/droix.eu\\\/fi\\\/product-category\\\/laitteisto\\\/#listItem\",\"position\":2,\"name\":\"Laitteisto\",\"item\":\"https:\\\/\\\/droix.eu\\\/fi\\\/product-category\\\/laitteisto\\\/\",\"nextItem\":{\"@type\":\"ListItem\",\"@id\":\"https:\\\/\\\/droix.eu\\\/fi\\\/product-category\\\/laitteisto\\\/tietokonelaitteisto\\\/#listItem\",\"name\":\"Tietokonelaitteisto\"},\"previousItem\":{\"@type\":\"ListItem\",\"@id\":\"https:\\\/\\\/droix.eu\\\/fi\\\/#listItem\",\"name\":\"Home\"}},{\"@type\":\"ListItem\",\"@id\":\"https:\\\/\\\/droix.eu\\\/fi\\\/product-category\\\/laitteisto\\\/tietokonelaitteisto\\\/#listItem\",\"position\":3,\"name\":\"Tietokonelaitteisto\",\"item\":\"https:\\\/\\\/droix.eu\\\/fi\\\/product-category\\\/laitteisto\\\/tietokonelaitteisto\\\/\",\"nextItem\":{\"@type\":\"ListItem\",\"@id\":\"https:\\\/\\\/droix.eu\\\/fi\\\/product\\\/kingspec-2230-steam-deck-nvme-tallennustietokoneet\\\/#listItem\",\"name\":\"KingSpec 2230 Steam Deck NVMe-tallennustietokoneet\"},\"previousItem\":{\"@type\":\"ListItem\",\"@id\":\"https:\\\/\\\/droix.eu\\\/fi\\\/product-category\\\/laitteisto\\\/#listItem\",\"name\":\"Laitteisto\"}},{\"@type\":\"ListItem\",\"@id\":\"https:\\\/\\\/droix.eu\\\/fi\\\/product\\\/kingspec-2230-steam-deck-nvme-tallennustietokoneet\\\/#listItem\",\"position\":4,\"name\":\"KingSpec 2230 Steam Deck NVMe-tallennustietokoneet\",\"previousItem\":{\"@type\":\"ListItem\",\"@id\":\"https:\\\/\\\/droix.eu\\\/fi\\\/product-category\\\/laitteisto\\\/tietokonelaitteisto\\\/#listItem\",\"name\":\"Tietokonelaitteisto\"}}]},{\"@type\":\"Organization\",\"@id\":\"https:\\\/\\\/droix.eu\\\/fi\\\/#organization\",\"name\":\"DroiX \\u2013 Trusted EU Tech Retailer with 12+ Years Experience\",\"description\":\"DroiX is a leading European technology retailer with over 12 years of experience, offering quality mini PCs, handheld gaming consoles, and tech accessories. We provide hassle-free EU delivery with all taxes included, ensuring a smooth and reliable shopping experience for our customers across Europe.\",\"url\":\"https:\\\/\\\/droix.eu\\\/fi\\\/\",\"logo\":{\"@type\":\"ImageObject\",\"url\":\"https:\\\/\\\/droix.eu\\\/wp-content\\\/uploads\\\/2024\\\/06\\\/droix-v2-light-logo.png\",\"@id\":\"https:\\\/\\\/droix.eu\\\/fi\\\/product\\\/kingspec-2230-steam-deck-nvme-tallennustietokoneet\\\/#organizationLogo\",\"width\":380,\"height\":118},\"image\":{\"@id\":\"https:\\\/\\\/droix.eu\\\/fi\\\/product\\\/kingspec-2230-steam-deck-nvme-tallennustietokoneet\\\/#organizationLogo\"},\"sameAs\":[\"https:\\\/\\\/www.facebook.com\\\/DroiX.Store\",\"https:\\\/\\\/twitter.com\\\/DroiX_Store\",\"https:\\\/\\\/www.instagram.com\\\/droix.store\\\/\",\"https:\\\/\\\/www.tiktok.com\\\/@droix.store\",\"https:\\\/\\\/www.youtube.com\\\/c\\\/DroiX_Store\",\"https:\\\/\\\/uk.linkedin.com\\\/company\\\/droix\"]},{\"@type\":\"ProductGroup\",\"@id\":\"https:\\\/\\\/droix.eu\\\/fi\\\/product\\\/kingspec-2230-steam-deck-nvme-tallennustietokoneet\\\/#wooCommerceProduct\",\"name\":\"KingSpec 2230 Steam Deck NVMe-tallennustietokoneet\",\"description\":\"Nopeat NVMe-nopeudet\\n \\tYhteensopiva SteamDeck &amp; GPD WIN Max 2 -laitteiden kanssa.  \\n \\t3 vuoden takuu\",\"url\":\"https:\\\/\\\/droix.eu\\\/fi\\\/product\\\/kingspec-2230-steam-deck-nvme-tallennustietokoneet\\\/\",\"image\":{\"@type\":\"ImageObject\",\"url\":\"https:\\\/\\\/droix.eu\\\/wp-content\\\/uploads\\\/2022\\\/12\\\/22_30NVME-LISTING-PICTURE-1TB-1.png\",\"@id\":\"https:\\\/\\\/droix.eu\\\/fi\\\/product\\\/kingspec-2230-steam-deck-nvme-tallennustietokoneet\\\/#productImage\",\"width\":1500,\"height\":1500,\"caption\":\"KingSpec 1TB NVME 2230 -varastointi\"},\"productGroupID\":548637,\"hasVariant\":[{\"@type\":\"Product\",\"@id\":\"https:\\\/\\\/droix.eu\\\/fi\\\/product\\\/kingspec-2230-steam-deck-nvme-tallennustietokoneet\\\/#wooCommerceProduct\",\"name\":\"KingSpec 2230 Steam Deck NVMe-tallennustietokoneet - 512gb\",\"description\":\"Nopeat NVMe-nopeudet\\n \\tYhteensopiva SteamDeck &amp; GPD WIN Max 2 -laitteiden kanssa.  \\n \\t3 vuoden takuu\",\"url\":\"https:\\\/\\\/droix.eu\\\/fi\\\/product\\\/kingspec-2230-steam-deck-nvme-tallennustietokoneet\\\/\",\"sku\":\"KINGSPEC-NVME-2230-512GB\",\"image\":{\"@type\":\"ImageObject\",\"url\":\"https:\\\/\\\/droix.eu\\\/wp-content\\\/uploads\\\/2022\\\/12\\\/22_30NVME-LISTING-PICTURE-512GB-1.png\",\"@id\":\"https:\\\/\\\/droix.eu\\\/fi\\\/product\\\/kingspec-2230-steam-deck-nvme-tallennustietokoneet\\\/#productImage\",\"width\":1500,\"height\":1500,\"caption\":\"KingSpec 512GB NVME 2230 -muistitila\"},\"offers\":{\"@type\":\"Offer\",\"url\":\"https:\\\/\\\/droix.eu\\\/fi\\\/product\\\/kingspec-2230-steam-deck-nvme-tallennustietokoneet\\\/#wooCommerceOffer\",\"price\":\"63.95\",\"priceCurrency\":\"EUR\",\"category\":\"Kannettavan tietokoneen laitteisto\",\"availability\":\"https:\\\/\\\/schema.org\\\/OutOfStock\",\"priceSpecification\":{\"@type\":\"PriceSpecification\",\"price\":63.95,\"priceCurrency\":\"EUR\",\"valueAddedTaxIncluded\":\"true\"}}}]},{\"@type\":\"WebPage\",\"@id\":\"https:\\\/\\\/droix.eu\\\/fi\\\/product\\\/kingspec-2230-steam-deck-nvme-tallennustietokoneet\\\/#webpage\",\"url\":\"https:\\\/\\\/droix.eu\\\/fi\\\/product\\\/kingspec-2230-steam-deck-nvme-tallennustietokoneet\\\/\",\"name\":\"KingSpec 2230 Steam Deck NVMe-tallennustietokoneet - DROIX EU\",\"description\":\"Nopeat NVMe-nopeudet Yhteensopiva SteamDeck & GPD WIN Max 2 -laitteiden kanssa. 3 vuoden takuu Paketti sis\\u00e4lt\\u00e4\\u00e4 1x 22*30 NVMe SSD\",\"inLanguage\":\"fi\",\"isPartOf\":{\"@id\":\"https:\\\/\\\/droix.eu\\\/fi\\\/#website\"},\"breadcrumb\":{\"@id\":\"https:\\\/\\\/droix.eu\\\/fi\\\/product\\\/kingspec-2230-steam-deck-nvme-tallennustietokoneet\\\/#breadcrumblist\"},\"image\":{\"@type\":\"ImageObject\",\"url\":\"https:\\\/\\\/droix.eu\\\/wp-content\\\/uploads\\\/2022\\\/12\\\/22_30NVME-LISTING-PICTURE-1TB-1.png\",\"@id\":\"https:\\\/\\\/droix.eu\\\/fi\\\/product\\\/kingspec-2230-steam-deck-nvme-tallennustietokoneet\\\/#mainImage\",\"width\":1500,\"height\":1500,\"caption\":\"KingSpec 1TB NVME 2230 -varastointi\"},\"primaryImageOfPage\":{\"@id\":\"https:\\\/\\\/droix.eu\\\/fi\\\/product\\\/kingspec-2230-steam-deck-nvme-tallennustietokoneet\\\/#mainImage\"},\"datePublished\":\"2022-12-20T15:00:27+00:00\",\"dateModified\":\"2025-08-01T14:51:27+01:00\"},{\"@type\":\"WebSite\",\"@id\":\"https:\\\/\\\/droix.eu\\\/fi\\\/#website\",\"url\":\"https:\\\/\\\/droix.eu\\\/fi\\\/\",\"name\":\"DROIX EU\",\"description\":\"Get the latest Mini PCs, Ultrabook, PC Gaming Handhelds and more!\",\"inLanguage\":\"fi\",\"publisher\":{\"@id\":\"https:\\\/\\\/droix.eu\\\/fi\\\/#organization\"}}]}\n\t\t<\/script>\n\t\t<!-- All in One SEO Pro -->\r\n\t\t<title>KingSpec 2230 Steam Deck NVMe-tallennustietokoneet - DROIX EU<\/title>\n\n","aioseo_head_json":{"title":"KingSpec 2230 Steam Deck NVMe-tallennustietokoneet - DROIX EU","description":"Nopeat NVMe-nopeudet Yhteensopiva SteamDeck & GPD WIN Max 2 -laitteiden kanssa. 3 vuoden takuu Paketti sis\u00e4lt\u00e4\u00e4 1x 22*30 NVMe SSD","canonical_url":"https:\/\/droix.eu\/fi\/product\/kingspec-2230-steam-deck-nvme-tallennustietokoneet\/","robots":"max-image-preview:large","keywords":"","webmasterTools":{"miscellaneous":""},"schema":{"@context":"https:\/\/schema.org","@graph":[{"@type":"BreadcrumbList","@id":"https:\/\/droix.eu\/fi\/product\/kingspec-2230-steam-deck-nvme-tallennustietokoneet\/#breadcrumblist","itemListElement":[{"@type":"ListItem","@id":"https:\/\/droix.eu\/fi\/#listItem","position":1,"name":"Home","item":"https:\/\/droix.eu\/fi\/","nextItem":{"@type":"ListItem","@id":"https:\/\/droix.eu\/fi\/product-category\/laitteisto\/#listItem","name":"Laitteisto"}},{"@type":"ListItem","@id":"https:\/\/droix.eu\/fi\/product-category\/laitteisto\/#listItem","position":2,"name":"Laitteisto","item":"https:\/\/droix.eu\/fi\/product-category\/laitteisto\/","nextItem":{"@type":"ListItem","@id":"https:\/\/droix.eu\/fi\/product-category\/laitteisto\/tietokonelaitteisto\/#listItem","name":"Tietokonelaitteisto"},"previousItem":{"@type":"ListItem","@id":"https:\/\/droix.eu\/fi\/#listItem","name":"Home"}},{"@type":"ListItem","@id":"https:\/\/droix.eu\/fi\/product-category\/laitteisto\/tietokonelaitteisto\/#listItem","position":3,"name":"Tietokonelaitteisto","item":"https:\/\/droix.eu\/fi\/product-category\/laitteisto\/tietokonelaitteisto\/","nextItem":{"@type":"ListItem","@id":"https:\/\/droix.eu\/fi\/product\/kingspec-2230-steam-deck-nvme-tallennustietokoneet\/#listItem","name":"KingSpec 2230 Steam Deck NVMe-tallennustietokoneet"},"previousItem":{"@type":"ListItem","@id":"https:\/\/droix.eu\/fi\/product-category\/laitteisto\/#listItem","name":"Laitteisto"}},{"@type":"ListItem","@id":"https:\/\/droix.eu\/fi\/product\/kingspec-2230-steam-deck-nvme-tallennustietokoneet\/#listItem","position":4,"name":"KingSpec 2230 Steam Deck NVMe-tallennustietokoneet","previousItem":{"@type":"ListItem","@id":"https:\/\/droix.eu\/fi\/product-category\/laitteisto\/tietokonelaitteisto\/#listItem","name":"Tietokonelaitteisto"}}]},{"@type":"Organization","@id":"https:\/\/droix.eu\/fi\/#organization","name":"DroiX \u2013 Trusted EU Tech Retailer with 12+ Years Experience","description":"DroiX is a leading European technology retailer with over 12 years of experience, offering quality mini PCs, handheld gaming consoles, and tech accessories. We provide hassle-free EU delivery with all taxes included, ensuring a smooth and reliable shopping experience for our customers across Europe.","url":"https:\/\/droix.eu\/fi\/","logo":{"@type":"ImageObject","url":"https:\/\/droix.eu\/wp-content\/uploads\/2024\/06\/droix-v2-light-logo.png","@id":"https:\/\/droix.eu\/fi\/product\/kingspec-2230-steam-deck-nvme-tallennustietokoneet\/#organizationLogo","width":380,"height":118},"image":{"@id":"https:\/\/droix.eu\/fi\/product\/kingspec-2230-steam-deck-nvme-tallennustietokoneet\/#organizationLogo"},"sameAs":["https:\/\/www.facebook.com\/DroiX.Store","https:\/\/twitter.com\/DroiX_Store","https:\/\/www.instagram.com\/droix.store\/","https:\/\/www.tiktok.com\/@droix.store","https:\/\/www.youtube.com\/c\/DroiX_Store","https:\/\/uk.linkedin.com\/company\/droix"]},{"@type":"ProductGroup","@id":"https:\/\/droix.eu\/fi\/product\/kingspec-2230-steam-deck-nvme-tallennustietokoneet\/#wooCommerceProduct","name":"KingSpec 2230 Steam Deck NVMe-tallennustietokoneet","description":"Nopeat NVMe-nopeudet\n \tYhteensopiva SteamDeck &amp; GPD WIN Max 2 -laitteiden kanssa.  \n \t3 vuoden takuu","url":"https:\/\/droix.eu\/fi\/product\/kingspec-2230-steam-deck-nvme-tallennustietokoneet\/","image":{"@type":"ImageObject","url":"https:\/\/droix.eu\/wp-content\/uploads\/2022\/12\/22_30NVME-LISTING-PICTURE-1TB-1.png","@id":"https:\/\/droix.eu\/fi\/product\/kingspec-2230-steam-deck-nvme-tallennustietokoneet\/#productImage","width":1500,"height":1500,"caption":"KingSpec 1TB NVME 2230 -varastointi"},"productGroupID":548637,"hasVariant":[{"@type":"Product","@id":"https:\/\/droix.eu\/fi\/product\/kingspec-2230-steam-deck-nvme-tallennustietokoneet\/#wooCommerceProduct","name":"KingSpec 2230 Steam Deck NVMe-tallennustietokoneet - 512gb","description":"Nopeat NVMe-nopeudet\n \tYhteensopiva SteamDeck &amp; GPD WIN Max 2 -laitteiden kanssa.  \n \t3 vuoden takuu","url":"https:\/\/droix.eu\/fi\/product\/kingspec-2230-steam-deck-nvme-tallennustietokoneet\/","sku":"KINGSPEC-NVME-2230-512GB","image":{"@type":"ImageObject","url":"https:\/\/droix.eu\/wp-content\/uploads\/2022\/12\/22_30NVME-LISTING-PICTURE-512GB-1.png","@id":"https:\/\/droix.eu\/fi\/product\/kingspec-2230-steam-deck-nvme-tallennustietokoneet\/#productImage","width":1500,"height":1500,"caption":"KingSpec 512GB NVME 2230 -muistitila"},"offers":{"@type":"Offer","url":"https:\/\/droix.eu\/fi\/product\/kingspec-2230-steam-deck-nvme-tallennustietokoneet\/#wooCommerceOffer","price":"63.95","priceCurrency":"EUR","category":"Kannettavan tietokoneen laitteisto","availability":"https:\/\/schema.org\/OutOfStock","priceSpecification":{"@type":"PriceSpecification","price":63.95,"priceCurrency":"EUR","valueAddedTaxIncluded":"true"}}}]},{"@type":"WebPage","@id":"https:\/\/droix.eu\/fi\/product\/kingspec-2230-steam-deck-nvme-tallennustietokoneet\/#webpage","url":"https:\/\/droix.eu\/fi\/product\/kingspec-2230-steam-deck-nvme-tallennustietokoneet\/","name":"KingSpec 2230 Steam Deck NVMe-tallennustietokoneet - DROIX EU","description":"Nopeat NVMe-nopeudet Yhteensopiva SteamDeck & GPD WIN Max 2 -laitteiden kanssa. 3 vuoden takuu Paketti sis\u00e4lt\u00e4\u00e4 1x 22*30 NVMe SSD","inLanguage":"fi","isPartOf":{"@id":"https:\/\/droix.eu\/fi\/#website"},"breadcrumb":{"@id":"https:\/\/droix.eu\/fi\/product\/kingspec-2230-steam-deck-nvme-tallennustietokoneet\/#breadcrumblist"},"image":{"@type":"ImageObject","url":"https:\/\/droix.eu\/wp-content\/uploads\/2022\/12\/22_30NVME-LISTING-PICTURE-1TB-1.png","@id":"https:\/\/droix.eu\/fi\/product\/kingspec-2230-steam-deck-nvme-tallennustietokoneet\/#mainImage","width":1500,"height":1500,"caption":"KingSpec 1TB NVME 2230 -varastointi"},"primaryImageOfPage":{"@id":"https:\/\/droix.eu\/fi\/product\/kingspec-2230-steam-deck-nvme-tallennustietokoneet\/#mainImage"},"datePublished":"2022-12-20T15:00:27+00:00","dateModified":"2025-08-01T14:51:27+01:00"},{"@type":"WebSite","@id":"https:\/\/droix.eu\/fi\/#website","url":"https:\/\/droix.eu\/fi\/","name":"DROIX EU","description":"Get the latest Mini PCs, Ultrabook, PC Gaming Handhelds and more!","inLanguage":"fi","publisher":{"@id":"https:\/\/droix.eu\/fi\/#organization"}}]},"og:locale":"fi_FI","og:site_name":"DROIX EU - Get the latest Mini PCs, Ultrabook, PC Gaming Handhelds and more!","og:type":"article","og:title":"KingSpec 2230 Steam Deck NVMe-tallennustietokoneet - DROIX EU","og:description":"Nopeat NVMe-nopeudet Yhteensopiva SteamDeck &amp; GPD WIN Max 2 -laitteiden kanssa. 3 vuoden takuu Paketti sis\u00e4lt\u00e4\u00e4 1x 22*30 NVMe SSD","og:url":"https:\/\/droix.eu\/fi\/product\/kingspec-2230-steam-deck-nvme-tallennustietokoneet\/","og:image":"https:\/\/droix.eu\/wp-content\/uploads\/2024\/06\/droix-v2-light-logo.png","og:image:secure_url":"https:\/\/droix.eu\/wp-content\/uploads\/2024\/06\/droix-v2-light-logo.png","og:image:width":380,"og:image:height":118,"article:published_time":"2022-12-20T15:00:27+00:00","article:modified_time":"2025-08-01T13:51:27+00:00","article:publisher":"https:\/\/www.facebook.com\/DroiX.Store","twitter:card":"summary_large_image","twitter:site":"@DroiX_Store","twitter:title":"KingSpec 2230 Steam Deck NVMe-tallennustietokoneet - DROIX EU","twitter:description":"Nopeat NVMe-nopeudet Yhteensopiva SteamDeck &amp; GPD WIN Max 2 -laitteiden kanssa. 3 vuoden takuu Paketti sis\u00e4lt\u00e4\u00e4 1x 22*30 NVMe SSD","twitter:image":"https:\/\/droix.eu\/wp-content\/uploads\/2024\/06\/droix-v2-light-logo.png"},"aioseo_meta_data":{"post_id":"548637","title":null,"description":null,"keywords":null,"keyphrases":null,"primary_term":null,"canonical_url":null,"og_title":null,"og_description":null,"og_object_type":"default","og_image_type":"default","og_image_url":null,"og_image_width":null,"og_image_height":null,"og_image_custom_url":null,"og_image_custom_fields":null,"og_video":null,"og_custom_url":null,"og_article_section":null,"og_article_tags":null,"twitter_use_og":true,"twitter_card":"default","twitter_image_type":"default","twitter_image_url":null,"twitter_image_custom_url":null,"twitter_image_custom_fields":null,"twitter_title":null,"twitter_description":null,"schema":{"blockGraphs":[],"customGraphs":[],"default":{"data":{"Article":[],"Course":[],"Dataset":[],"FAQPage":[],"Movie":[],"Person":[],"Product":[],"ProductReview":[],"Car":[],"Recipe":[],"Service":[],"SoftwareApplication":[],"WebPage":[]},"graphName":"","isEnabled":true},"graphs":[]},"schema_type":"default","schema_type_options":null,"pillar_content":false,"robots_default":true,"robots_noindex":false,"robots_noarchive":false,"robots_nosnippet":false,"robots_nofollow":false,"robots_noimageindex":false,"robots_noodp":false,"robots_notranslate":false,"robots_max_snippet":null,"robots_max_videopreview":null,"robots_max_imagepreview":"large","priority":null,"frequency":null,"local_seo":null,"seo_analyzer_scan_date":"2025-10-24 12:03:20","breadcrumb_settings":null,"limit_modified_date":false,"reviewed_by":null,"open_ai":null,"ai":null,"created":"2025-10-09 04:06:35","updated":"2025-11-27 02:11:31"},"aioseo_breadcrumb":"<div class=\"aioseo-breadcrumbs\"><span class=\"aioseo-breadcrumb\">\n\t<a href=\"https:\/\/droix.eu\/fi\/\" title=\"Home\">Home<\/a>\n<\/span><span class=\"aioseo-breadcrumb-separator\">&raquo;<\/span><span class=\"aioseo-breadcrumb\">\n\t<a href=\"https:\/\/droix.eu\/fi\/product-category\/laitteisto\/\" title=\"Laitteisto\">Laitteisto<\/a>\n<\/span><span class=\"aioseo-breadcrumb-separator\">&raquo;<\/span><span class=\"aioseo-breadcrumb\">\n\t<a href=\"https:\/\/droix.eu\/fi\/product-category\/laitteisto\/tietokonelaitteisto\/\" title=\"Tietokonelaitteisto\">Tietokonelaitteisto<\/a>\n<\/span><span class=\"aioseo-breadcrumb-separator\">&raquo;<\/span><span class=\"aioseo-breadcrumb\">\n\tKingSpec 2230 Steam Deck NVMe-tallennustietokoneet\n<\/span><\/div>","aioseo_breadcrumb_json":[{"label":"Home","link":"https:\/\/droix.eu\/fi\/"},{"label":"Laitteisto","link":"https:\/\/droix.eu\/fi\/product-category\/laitteisto\/"},{"label":"Tietokonelaitteisto","link":"https:\/\/droix.eu\/fi\/product-category\/laitteisto\/tietokonelaitteisto\/"},{"label":"KingSpec 2230 Steam Deck NVMe-tallennustietokoneet","link":"https:\/\/droix.eu\/fi\/product\/kingspec-2230-steam-deck-nvme-tallennustietokoneet\/"}],"_links":{"self":[{"href":"https:\/\/droix.eu\/fi\/wp-json\/wp\/v2\/product\/548637","targetHints":{"allow":["GET"]}}],"collection":[{"href":"https:\/\/droix.eu\/fi\/wp-json\/wp\/v2\/product"}],"about":[{"href":"https:\/\/droix.eu\/fi\/wp-json\/wp\/v2\/types\/product"}],"version-history":[{"count":0,"href":"https:\/\/droix.eu\/fi\/wp-json\/wp\/v2\/product\/548637\/revisions"}],"wp:featuredmedia":[{"embeddable":true,"href":"https:\/\/droix.eu\/fi\/wp-json\/wp\/v2\/media\/548639"}],"wp:attachment":[{"href":"https:\/\/droix.eu\/fi\/wp-json\/wp\/v2\/media?parent=548637"}],"wp:term":[{"taxonomy":"product_brand","embeddable":true,"href":"https:\/\/droix.eu\/fi\/wp-json\/wp\/v2\/product_brand?post=548637"},{"taxonomy":"product_cat","embeddable":true,"href":"https:\/\/droix.eu\/fi\/wp-json\/wp\/v2\/product_cat?post=548637"},{"taxonomy":"product_tag","embeddable":true,"href":"https:\/\/droix.eu\/fi\/wp-json\/wp\/v2\/product_tag?post=548637"},{"taxonomy":"woo-feed-brand","embeddable":true,"href":"https:\/\/droix.eu\/fi\/wp-json\/wp\/v2\/woo-feed-brand?post=548637"},{"taxonomy":"key-features","embeddable":true,"href":"https:\/\/droix.eu\/fi\/wp-json\/wp\/v2\/key-features?post=548637"}],"curies":[{"name":"wp","href":"https:\/\/api.w.org\/{rel}","templated":true}]}}