{"id":548174,"date":"2023-03-15T09:42:16","date_gmt":"2023-03-15T09:42:16","guid":{"rendered":"https:\/\/droix.eu\/product\/gpd-win-4-naytonsuoja\/"},"modified":"2026-04-09T23:38:08","modified_gmt":"2026-04-09T22:38:08","slug":"gpd-win-4-naytonsuoja","status":"publish","type":"product","link":"https:\/\/droix.eu\/fi\/product\/gpd-win-4-naytonsuoja\/","title":{"rendered":"GPD WIN 4 n\u00e4yt\u00f6nsuoja"},"content":{"rendered":"&#13;\n<p>Esittelyss\u00e4 <strong>GPD WIN 4 -n\u00e4yt\u00f6nsuojus,<\/strong> joka on t\u00e4ydellinen lis\u00e4 kannettavaan pelilaitteeseesi. Laadukkaista materiaaleista valmistettu n\u00e4yt\u00f6nsuoja tarjoaa erinomaisen suojan naarmuilta, p\u00f6lylt\u00e4 ja muilta tavallisilta vaaroilta, jotka voivat vahingoittaa laitettasi. T\u00e4m\u00e4 <strong>erityisesti GPD WIN 4 -laitteelle suunniteltu<\/strong> n\u00e4yt\u00f6nsuoja tarjoaa tarkat leikkaukset ja t\u00e4ydellisen istuvuuden <strong>,<\/strong> joka ei h\u00e4iritse laitteesi kosketusherkkyytt\u00e4 tai selkeytt\u00e4. Sen eritt\u00e4in ohut muotoilu ei vaikuta laitteesi alkuper\u00e4iseen ulkoasuun. T\u00e4m\u00e4 n\u00e4yt\u00f6nsuoja on helppo asentaa ja irrottaa j\u00e4tt\u00e4m\u00e4tt\u00e4 mit\u00e4\u00e4n j\u00e4\u00e4mi\u00e4 tai j\u00e4lki\u00e4, mik\u00e4 takaa, ett\u00e4 GPD WIN 4 pysyy koskemattomassa kunnossa.<\/p>&#13;\n","protected":false},"excerpt":{"rendered":"<ul>\n<li>Suunnitellut <strong>GPD<\/strong><\/li>\n<li><strong>Yhteensopiva<\/strong> <strong>GPD WIN 4<\/strong>:n <strong>kanssa<\/strong> <\/li>\n<li>Suojaa naarmuilta ja p\u00f6lylt\u00e4<\/li>\n<li>Helppo asentaa ja poistaa<\/li>\n<li><strong>Korkealaatuinen<\/strong> materiaali<\/li>\n<\/ul>\n[cg_accordion title=\"2 vuoden takuu kaikille GPD-tuotteille\"]<\/p>\n<p>Kaikilla GPD-tuotteilla on 2 vuoden takuu, ja niiden takana on yli 13 vuoden luotettava palvelu. Liity yli 500 000 tyytyv\u00e4isen asiakkaan yhteis\u00f6\u00f6n ja luota ostoosi. [\/cg_accordion]\n[cg_accordion title=\"Joustavat ja turvalliset maksuvaihtoehdot\"]<\/p>\n<p>Nauti mielenrauhasta turvallisen kassaj\u00e4rjestelm\u00e4mme avulla. Tuemme kaikkia yleisimpi\u00e4 maksutapoja, kuten pankki- ja luottokortteja, PayPalia, Apple Payta, Google Payta, Klarnaa, Afterpayta ja Affirmia, mik\u00e4 antaa sinulle vapauden maksaa haluamallasi tavalla, joko etuk\u00e4teen tai helpoissa eriss\u00e4. [\/cg_accordion]\n[cg_accordion title=\"Verot\"]<\/p>\n<p>Hinnat sis\u00e4lt\u00e4v\u00e4t arvonlis\u00e4veron, joka voi olla jopa 25 % maasta riippuen. Tarkka summa ilmoitetaan kassalla t\u00e4ydellisen avoimuuden varmistamiseksi. [\/cg_accordion]\n[cg_accordion title=\"Toimitus ja palautukset\"]<\/p>\n<p>Teemme yhteisty\u00f6t\u00e4 yli 10 luotettavan toimituskumppanin kanssa varmistaaksemme, ett\u00e4 tilauksesi saapuu perille nopeasti, turvallisesti ja luotettavasti.<\/p>\n<p>K\u00e4yt\u00e4mme Express DDP (Delivered Duty Paid) -toimitusta. T\u00e4m\u00e4 tarkoittaa: <\/p>\n<li>Kaikki tullit ja verot sis\u00e4ltyv\u00e4t jo tuotteen hintaan.<\/li>\n<li>Et joudu kohtaamaan mit\u00e4\u00e4n yll\u00e4tysmaksuja toimituksen yhteydess\u00e4.<\/li>\n<li>Harvinaisissa tapauksissa, joissa tulli viiv\u00e4styy, tiimimme hoitaa tulliselvitysprosessin puolestasi varmistaakseen sujuvan toimituksen.<\/li>\n<p>T\u00e4rke\u00e4\u00e4 tietoa palautuksista:<\/p>\n<li>Jos palautat tilauksesi tai pyyd\u00e4t palautusta, huomioi, ett\u00e4 DDP-ehtojen mukaisesti puolestasi maksettuja veroja ja tulleja ei palauteta.<\/li>\n<p>Katso yksityiskohtaiset tiedot <a href=\"https:\/\/droix.eu\/fi\/ehdot-ja-edellytykset\/\" target=\"_blank\" rel=\"nofollow noopener\">k\u00e4ytt\u00f6ehdoistamme<\/a>.\n<\/ul>\n<p>[\/cg_accordion]\n[cg_accordion title=\"Asiakastuki\"]<\/p>\n<p>Onko kysytt\u00e4v\u00e4\u00e4? Olemme lyhyen tekstiviestin p\u00e4\u00e4ss\u00e4 siit\u00e4, ett\u00e4 ongelmasi on ratkaistu! [\/cg_accordion]\n[cg_accordion title=\"Paketti sis\u00e4lt\u00e4\u00e4\"]<\/p>\n<ul>\n<li>1x n\u00e4yt\u00f6nsuoja<\/li>\n<\/ul>\n<p>[\/cg_accordion]\n","protected":false},"featured_media":548175,"template":"","meta":{"_acf_changed":false},"product_brand":[],"product_cat":[35549,35548],"product_tag":[],"woo-feed-brand":[2198],"key-features":[],"class_list":{"0":"post-548174","1":"product","2":"type-product","3":"status-publish","4":"has-post-thumbnail","6":"product_cat-pelitarvikkeet","7":"product_cat-tarvikkeet","8":"product_shipping_class-low-end","9":"pa_accessory-type-screen-protector","10":"pa_brands-gpd-fi","11":"pa_compatibility-gpd-win-4-fi","12":"woo-feed-brand-gpd","14":"first","15":"outofstock","16":"taxable","17":"shipping-taxable","18":"purchasable","19":"product-type-simple"},"acf":[],"aioseo_notices":[],"aioseo_head":"\n\t\t<!-- All in One SEO Pro 4.9.5.2 - aioseo.com -->\n\t<meta name=\"description\" content=\"Suunnitellut GPD Yhteensopiva GPD WIN 4:n kanssa Suojaa naarmuilta ja p\u00f6lylt\u00e4 Helppo asentaa ja poistaa Korkealaatuinen materiaali\" \/>\n\t<meta name=\"robots\" content=\"max-image-preview:large\" \/>\n\t<link rel=\"canonical\" href=\"https:\/\/droix.eu\/fi\/product\/gpd-win-4-naytonsuoja\/\" \/>\n\t<meta name=\"generator\" content=\"All in One SEO Pro (AIOSEO) 4.9.5.2\" \/>\n\t\t<meta property=\"og:locale\" content=\"fi_FI\" \/>\n\t\t<meta property=\"og:site_name\" content=\"DROIX EU - Get the latest Mini PCs, Ultrabook, PC Gaming Handhelds and more!\" \/>\n\t\t<meta property=\"og:type\" content=\"article\" \/>\n\t\t<meta property=\"og:title\" content=\"GPD WIN 4 n\u00e4yt\u00f6nsuoja - DROIX EU\" \/>\n\t\t<meta property=\"og:description\" content=\"Suunnitellut GPD Yhteensopiva GPD WIN 4:n kanssa Suojaa naarmuilta ja p\u00f6lylt\u00e4 Helppo asentaa ja poistaa Korkealaatuinen materiaali\" \/>\n\t\t<meta property=\"og:url\" content=\"https:\/\/droix.eu\/fi\/product\/gpd-win-4-naytonsuoja\/\" \/>\n\t\t<meta property=\"og:image\" content=\"https:\/\/droix.eu\/wp-content\/uploads\/2024\/06\/droix-v2-light-logo.png\" \/>\n\t\t<meta property=\"og:image:secure_url\" content=\"https:\/\/droix.eu\/wp-content\/uploads\/2024\/06\/droix-v2-light-logo.png\" \/>\n\t\t<meta property=\"og:image:width\" content=\"380\" \/>\n\t\t<meta property=\"og:image:height\" content=\"118\" \/>\n\t\t<meta property=\"article:published_time\" content=\"2023-03-15T09:42:16+00:00\" \/>\n\t\t<meta property=\"article:modified_time\" content=\"2026-04-09T22:38:08+00:00\" \/>\n\t\t<meta property=\"article:publisher\" content=\"https:\/\/www.facebook.com\/DroiX.Store\" \/>\n\t\t<meta name=\"twitter:card\" content=\"summary_large_image\" \/>\n\t\t<meta name=\"twitter:site\" content=\"@DroiX_Store\" \/>\n\t\t<meta name=\"twitter:title\" content=\"GPD WIN 4 n\u00e4yt\u00f6nsuoja - DROIX EU\" \/>\n\t\t<meta name=\"twitter:description\" content=\"Suunnitellut GPD Yhteensopiva GPD WIN 4:n kanssa Suojaa naarmuilta ja p\u00f6lylt\u00e4 Helppo asentaa ja poistaa Korkealaatuinen materiaali\" \/>\n\t\t<meta name=\"twitter:image\" content=\"https:\/\/droix.eu\/wp-content\/uploads\/2024\/06\/droix-v2-light-logo.png\" \/>\n\t\t<script type=\"application\/ld+json\" class=\"aioseo-schema\">\n\t\t\t{\"@context\":\"https:\\\/\\\/schema.org\",\"@graph\":[{\"@type\":\"BreadcrumbList\",\"@id\":\"https:\\\/\\\/droix.eu\\\/fi\\\/product\\\/gpd-win-4-naytonsuoja\\\/#breadcrumblist\",\"itemListElement\":[{\"@type\":\"ListItem\",\"@id\":\"https:\\\/\\\/droix.eu\\\/fi\\\/#listItem\",\"position\":1,\"name\":\"Home\",\"item\":\"https:\\\/\\\/droix.eu\\\/fi\\\/\",\"nextItem\":{\"@type\":\"ListItem\",\"@id\":\"https:\\\/\\\/droix.eu\\\/fi\\\/product-category\\\/tarvikkeet\\\/#listItem\",\"name\":\"Tarvikkeet\"}},{\"@type\":\"ListItem\",\"@id\":\"https:\\\/\\\/droix.eu\\\/fi\\\/product-category\\\/tarvikkeet\\\/#listItem\",\"position\":2,\"name\":\"Tarvikkeet\",\"item\":\"https:\\\/\\\/droix.eu\\\/fi\\\/product-category\\\/tarvikkeet\\\/\",\"nextItem\":{\"@type\":\"ListItem\",\"@id\":\"https:\\\/\\\/droix.eu\\\/fi\\\/product-category\\\/tarvikkeet\\\/pelitarvikkeet\\\/#listItem\",\"name\":\"Pelitarvikkeet\"},\"previousItem\":{\"@type\":\"ListItem\",\"@id\":\"https:\\\/\\\/droix.eu\\\/fi\\\/#listItem\",\"name\":\"Home\"}},{\"@type\":\"ListItem\",\"@id\":\"https:\\\/\\\/droix.eu\\\/fi\\\/product-category\\\/tarvikkeet\\\/pelitarvikkeet\\\/#listItem\",\"position\":3,\"name\":\"Pelitarvikkeet\",\"item\":\"https:\\\/\\\/droix.eu\\\/fi\\\/product-category\\\/tarvikkeet\\\/pelitarvikkeet\\\/\",\"nextItem\":{\"@type\":\"ListItem\",\"@id\":\"https:\\\/\\\/droix.eu\\\/fi\\\/product\\\/gpd-win-4-naytonsuoja\\\/#listItem\",\"name\":\"GPD WIN 4 n\\u00e4yt\\u00f6nsuoja\"},\"previousItem\":{\"@type\":\"ListItem\",\"@id\":\"https:\\\/\\\/droix.eu\\\/fi\\\/product-category\\\/tarvikkeet\\\/#listItem\",\"name\":\"Tarvikkeet\"}},{\"@type\":\"ListItem\",\"@id\":\"https:\\\/\\\/droix.eu\\\/fi\\\/product\\\/gpd-win-4-naytonsuoja\\\/#listItem\",\"position\":4,\"name\":\"GPD WIN 4 n\\u00e4yt\\u00f6nsuoja\",\"previousItem\":{\"@type\":\"ListItem\",\"@id\":\"https:\\\/\\\/droix.eu\\\/fi\\\/product-category\\\/tarvikkeet\\\/pelitarvikkeet\\\/#listItem\",\"name\":\"Pelitarvikkeet\"}}]},{\"@type\":\"Organization\",\"@id\":\"https:\\\/\\\/droix.eu\\\/fi\\\/#organization\",\"name\":\"DroiX \\u2013 Trusted EU Tech Retailer with 12+ Years Experience\",\"description\":\"DroiX is a leading European technology retailer with over 12 years of experience, offering quality mini PCs, handheld gaming consoles, and tech accessories. We provide hassle-free EU delivery with all taxes included, ensuring a smooth and reliable shopping experience for our customers across Europe.\",\"url\":\"https:\\\/\\\/droix.eu\\\/fi\\\/\",\"logo\":{\"@type\":\"ImageObject\",\"url\":\"https:\\\/\\\/droix.eu\\\/wp-content\\\/uploads\\\/2024\\\/06\\\/droix-v2-light-logo.png\",\"@id\":\"https:\\\/\\\/droix.eu\\\/fi\\\/product\\\/gpd-win-4-naytonsuoja\\\/#organizationLogo\",\"width\":380,\"height\":118},\"image\":{\"@id\":\"https:\\\/\\\/droix.eu\\\/fi\\\/product\\\/gpd-win-4-naytonsuoja\\\/#organizationLogo\"},\"sameAs\":[\"https:\\\/\\\/www.facebook.com\\\/DroiX.Store\",\"https:\\\/\\\/twitter.com\\\/DroiX_Store\",\"https:\\\/\\\/www.instagram.com\\\/droix.store\\\/\",\"https:\\\/\\\/www.tiktok.com\\\/@droix.store\",\"https:\\\/\\\/www.youtube.com\\\/c\\\/DroiX_Store\",\"https:\\\/\\\/uk.linkedin.com\\\/company\\\/droix\"]},{\"@type\":\"Product\",\"@id\":\"https:\\\/\\\/droix.eu\\\/fi\\\/product\\\/gpd-win-4-naytonsuoja\\\/#wooCommerceProduct\",\"name\":\"GPD WIN 4 n\\u00e4yt\\u00f6nsuoja\",\"description\":\"Suunnitellut GPD\\nYhteensopiva GPD WIN 4:n kanssa \\nSuojaa naarmuilta ja p\\u00f6lylt\\u00e4\\nHelppo asentaa ja poistaa\\nKorkealaatuinen materiaali\",\"url\":\"https:\\\/\\\/droix.eu\\\/fi\\\/product\\\/gpd-win-4-naytonsuoja\\\/\",\"sku\":\"GPD-WIN-4-SCREEN-PROTECTOR\",\"gtin\":\"5060763672529\",\"image\":{\"@type\":\"ImageObject\",\"url\":\"https:\\\/\\\/droix.eu\\\/wp-content\\\/uploads\\\/2023\\\/03\\\/GPD-WIN-4_SCREEN_PROTECTOR-DONE-WEBSITE-LISTING-IMAGE-1.png\",\"@id\":\"https:\\\/\\\/droix.eu\\\/fi\\\/product\\\/gpd-win-4-naytonsuoja\\\/#productImage\",\"width\":1000,\"height\":1000},\"offers\":{\"@type\":\"Offer\",\"url\":\"https:\\\/\\\/droix.eu\\\/fi\\\/product\\\/gpd-win-4-naytonsuoja\\\/#wooCommerceOffer\",\"price\":4.8,\"priceCurrency\":\"BGN\",\"category\":\"Pelitarvikkeet\",\"availability\":\"https:\\\/\\\/schema.org\\\/OutOfStock\",\"priceSpecification\":{\"@type\":\"PriceSpecification\",\"price\":4.8,\"priceCurrency\":\"BGN\",\"valueAddedTaxIncluded\":\"true\"},\"seller\":{\"@type\":\"Organization\",\"@id\":\"https:\\\/\\\/droix.eu\\\/fi\\\/#organization\"}}},{\"@type\":\"WebPage\",\"@id\":\"https:\\\/\\\/droix.eu\\\/fi\\\/product\\\/gpd-win-4-naytonsuoja\\\/#webpage\",\"url\":\"https:\\\/\\\/droix.eu\\\/fi\\\/product\\\/gpd-win-4-naytonsuoja\\\/\",\"name\":\"GPD WIN 4 n\\u00e4yt\\u00f6nsuoja - DROIX EU\",\"description\":\"Suunnitellut GPD Yhteensopiva GPD WIN 4:n kanssa Suojaa naarmuilta ja p\\u00f6lylt\\u00e4 Helppo asentaa ja poistaa Korkealaatuinen materiaali\",\"inLanguage\":\"fi\",\"isPartOf\":{\"@id\":\"https:\\\/\\\/droix.eu\\\/fi\\\/#website\"},\"breadcrumb\":{\"@id\":\"https:\\\/\\\/droix.eu\\\/fi\\\/product\\\/gpd-win-4-naytonsuoja\\\/#breadcrumblist\"},\"image\":{\"@type\":\"ImageObject\",\"url\":\"https:\\\/\\\/droix.eu\\\/wp-content\\\/uploads\\\/2023\\\/03\\\/GPD-WIN-4_SCREEN_PROTECTOR-DONE-WEBSITE-LISTING-IMAGE-1.png\",\"@id\":\"https:\\\/\\\/droix.eu\\\/fi\\\/product\\\/gpd-win-4-naytonsuoja\\\/#mainImage\",\"width\":1000,\"height\":1000},\"primaryImageOfPage\":{\"@id\":\"https:\\\/\\\/droix.eu\\\/fi\\\/product\\\/gpd-win-4-naytonsuoja\\\/#mainImage\"},\"datePublished\":\"2023-03-15T09:42:16+00:00\",\"dateModified\":\"2026-04-09T23:38:08+01:00\"},{\"@type\":\"WebSite\",\"@id\":\"https:\\\/\\\/droix.eu\\\/fi\\\/#website\",\"url\":\"https:\\\/\\\/droix.eu\\\/fi\\\/\",\"name\":\"DROIX EU\",\"description\":\"Get the latest Mini PCs, Ultrabook, PC Gaming Handhelds and more!\",\"inLanguage\":\"fi\",\"publisher\":{\"@id\":\"https:\\\/\\\/droix.eu\\\/fi\\\/#organization\"}}]}\n\t\t<\/script>\n\t\t<!-- All in One SEO Pro -->\r\n\t\t<title>GPD WIN 4 n\u00e4yt\u00f6nsuoja - DROIX EU<\/title>\n\n","aioseo_head_json":{"title":"GPD WIN 4 n\u00e4yt\u00f6nsuoja - DROIX EU","description":"Suunnitellut GPD Yhteensopiva GPD WIN 4:n kanssa Suojaa naarmuilta ja p\u00f6lylt\u00e4 Helppo asentaa ja poistaa Korkealaatuinen materiaali","canonical_url":"https:\/\/droix.eu\/fi\/product\/gpd-win-4-naytonsuoja\/","robots":"max-image-preview:large","keywords":"","webmasterTools":{"miscellaneous":""},"schema":{"@context":"https:\/\/schema.org","@graph":[{"@type":"BreadcrumbList","@id":"https:\/\/droix.eu\/fi\/product\/gpd-win-4-naytonsuoja\/#breadcrumblist","itemListElement":[{"@type":"ListItem","@id":"https:\/\/droix.eu\/fi\/#listItem","position":1,"name":"Home","item":"https:\/\/droix.eu\/fi\/","nextItem":{"@type":"ListItem","@id":"https:\/\/droix.eu\/fi\/product-category\/tarvikkeet\/#listItem","name":"Tarvikkeet"}},{"@type":"ListItem","@id":"https:\/\/droix.eu\/fi\/product-category\/tarvikkeet\/#listItem","position":2,"name":"Tarvikkeet","item":"https:\/\/droix.eu\/fi\/product-category\/tarvikkeet\/","nextItem":{"@type":"ListItem","@id":"https:\/\/droix.eu\/fi\/product-category\/tarvikkeet\/pelitarvikkeet\/#listItem","name":"Pelitarvikkeet"},"previousItem":{"@type":"ListItem","@id":"https:\/\/droix.eu\/fi\/#listItem","name":"Home"}},{"@type":"ListItem","@id":"https:\/\/droix.eu\/fi\/product-category\/tarvikkeet\/pelitarvikkeet\/#listItem","position":3,"name":"Pelitarvikkeet","item":"https:\/\/droix.eu\/fi\/product-category\/tarvikkeet\/pelitarvikkeet\/","nextItem":{"@type":"ListItem","@id":"https:\/\/droix.eu\/fi\/product\/gpd-win-4-naytonsuoja\/#listItem","name":"GPD WIN 4 n\u00e4yt\u00f6nsuoja"},"previousItem":{"@type":"ListItem","@id":"https:\/\/droix.eu\/fi\/product-category\/tarvikkeet\/#listItem","name":"Tarvikkeet"}},{"@type":"ListItem","@id":"https:\/\/droix.eu\/fi\/product\/gpd-win-4-naytonsuoja\/#listItem","position":4,"name":"GPD WIN 4 n\u00e4yt\u00f6nsuoja","previousItem":{"@type":"ListItem","@id":"https:\/\/droix.eu\/fi\/product-category\/tarvikkeet\/pelitarvikkeet\/#listItem","name":"Pelitarvikkeet"}}]},{"@type":"Organization","@id":"https:\/\/droix.eu\/fi\/#organization","name":"DroiX \u2013 Trusted EU Tech Retailer with 12+ Years Experience","description":"DroiX is a leading European technology retailer with over 12 years of experience, offering quality mini PCs, handheld gaming consoles, and tech accessories. We provide hassle-free EU delivery with all taxes included, ensuring a smooth and reliable shopping experience for our customers across Europe.","url":"https:\/\/droix.eu\/fi\/","logo":{"@type":"ImageObject","url":"https:\/\/droix.eu\/wp-content\/uploads\/2024\/06\/droix-v2-light-logo.png","@id":"https:\/\/droix.eu\/fi\/product\/gpd-win-4-naytonsuoja\/#organizationLogo","width":380,"height":118},"image":{"@id":"https:\/\/droix.eu\/fi\/product\/gpd-win-4-naytonsuoja\/#organizationLogo"},"sameAs":["https:\/\/www.facebook.com\/DroiX.Store","https:\/\/twitter.com\/DroiX_Store","https:\/\/www.instagram.com\/droix.store\/","https:\/\/www.tiktok.com\/@droix.store","https:\/\/www.youtube.com\/c\/DroiX_Store","https:\/\/uk.linkedin.com\/company\/droix"]},{"@type":"Product","@id":"https:\/\/droix.eu\/fi\/product\/gpd-win-4-naytonsuoja\/#wooCommerceProduct","name":"GPD WIN 4 n\u00e4yt\u00f6nsuoja","description":"Suunnitellut GPD\nYhteensopiva GPD WIN 4:n kanssa \nSuojaa naarmuilta ja p\u00f6lylt\u00e4\nHelppo asentaa ja poistaa\nKorkealaatuinen materiaali","url":"https:\/\/droix.eu\/fi\/product\/gpd-win-4-naytonsuoja\/","sku":"GPD-WIN-4-SCREEN-PROTECTOR","gtin":"5060763672529","image":{"@type":"ImageObject","url":"https:\/\/droix.eu\/wp-content\/uploads\/2023\/03\/GPD-WIN-4_SCREEN_PROTECTOR-DONE-WEBSITE-LISTING-IMAGE-1.png","@id":"https:\/\/droix.eu\/fi\/product\/gpd-win-4-naytonsuoja\/#productImage","width":1000,"height":1000},"offers":{"@type":"Offer","url":"https:\/\/droix.eu\/fi\/product\/gpd-win-4-naytonsuoja\/#wooCommerceOffer","price":4.8,"priceCurrency":"BGN","category":"Pelitarvikkeet","availability":"https:\/\/schema.org\/OutOfStock","priceSpecification":{"@type":"PriceSpecification","price":4.8,"priceCurrency":"BGN","valueAddedTaxIncluded":"true"},"seller":{"@type":"Organization","@id":"https:\/\/droix.eu\/fi\/#organization"}}},{"@type":"WebPage","@id":"https:\/\/droix.eu\/fi\/product\/gpd-win-4-naytonsuoja\/#webpage","url":"https:\/\/droix.eu\/fi\/product\/gpd-win-4-naytonsuoja\/","name":"GPD WIN 4 n\u00e4yt\u00f6nsuoja - DROIX EU","description":"Suunnitellut GPD Yhteensopiva GPD WIN 4:n kanssa Suojaa naarmuilta ja p\u00f6lylt\u00e4 Helppo asentaa ja poistaa Korkealaatuinen materiaali","inLanguage":"fi","isPartOf":{"@id":"https:\/\/droix.eu\/fi\/#website"},"breadcrumb":{"@id":"https:\/\/droix.eu\/fi\/product\/gpd-win-4-naytonsuoja\/#breadcrumblist"},"image":{"@type":"ImageObject","url":"https:\/\/droix.eu\/wp-content\/uploads\/2023\/03\/GPD-WIN-4_SCREEN_PROTECTOR-DONE-WEBSITE-LISTING-IMAGE-1.png","@id":"https:\/\/droix.eu\/fi\/product\/gpd-win-4-naytonsuoja\/#mainImage","width":1000,"height":1000},"primaryImageOfPage":{"@id":"https:\/\/droix.eu\/fi\/product\/gpd-win-4-naytonsuoja\/#mainImage"},"datePublished":"2023-03-15T09:42:16+00:00","dateModified":"2026-04-09T23:38:08+01:00"},{"@type":"WebSite","@id":"https:\/\/droix.eu\/fi\/#website","url":"https:\/\/droix.eu\/fi\/","name":"DROIX EU","description":"Get the latest Mini PCs, Ultrabook, PC Gaming Handhelds and more!","inLanguage":"fi","publisher":{"@id":"https:\/\/droix.eu\/fi\/#organization"}}]},"og:locale":"fi_FI","og:site_name":"DROIX EU - Get the latest Mini PCs, Ultrabook, PC Gaming Handhelds and more!","og:type":"article","og:title":"GPD WIN 4 n\u00e4yt\u00f6nsuoja - DROIX EU","og:description":"Suunnitellut GPD Yhteensopiva GPD WIN 4:n kanssa Suojaa naarmuilta ja p\u00f6lylt\u00e4 Helppo asentaa ja poistaa Korkealaatuinen materiaali","og:url":"https:\/\/droix.eu\/fi\/product\/gpd-win-4-naytonsuoja\/","og:image":"https:\/\/droix.eu\/wp-content\/uploads\/2024\/06\/droix-v2-light-logo.png","og:image:secure_url":"https:\/\/droix.eu\/wp-content\/uploads\/2024\/06\/droix-v2-light-logo.png","og:image:width":380,"og:image:height":118,"article:published_time":"2023-03-15T09:42:16+00:00","article:modified_time":"2026-04-09T22:38:08+00:00","article:publisher":"https:\/\/www.facebook.com\/DroiX.Store","twitter:card":"summary_large_image","twitter:site":"@DroiX_Store","twitter:title":"GPD WIN 4 n\u00e4yt\u00f6nsuoja - DROIX EU","twitter:description":"Suunnitellut GPD Yhteensopiva GPD WIN 4:n kanssa Suojaa naarmuilta ja p\u00f6lylt\u00e4 Helppo asentaa ja poistaa Korkealaatuinen materiaali","twitter:image":"https:\/\/droix.eu\/wp-content\/uploads\/2024\/06\/droix-v2-light-logo.png"},"aioseo_meta_data":{"post_id":"548174","title":null,"description":null,"keywords":null,"keyphrases":null,"primary_term":null,"canonical_url":null,"og_title":null,"og_description":null,"og_object_type":"default","og_image_type":"default","og_image_url":null,"og_image_width":null,"og_image_height":null,"og_image_custom_url":null,"og_image_custom_fields":null,"og_video":null,"og_custom_url":null,"og_article_section":null,"og_article_tags":null,"twitter_use_og":true,"twitter_card":"default","twitter_image_type":"default","twitter_image_url":null,"twitter_image_custom_url":null,"twitter_image_custom_fields":null,"twitter_title":null,"twitter_description":null,"schema":{"blockGraphs":[],"customGraphs":[],"default":{"data":{"Article":[],"Course":[],"Dataset":[],"FAQPage":[],"Movie":[],"Person":[],"Product":[],"ProductReview":[],"Car":[],"Recipe":[],"Service":[],"SoftwareApplication":[],"WebPage":[]},"graphName":"Product","isEnabled":true},"graphs":[]},"schema_type":"default","schema_type_options":null,"pillar_content":false,"robots_default":true,"robots_noindex":false,"robots_noarchive":false,"robots_nosnippet":false,"robots_nofollow":false,"robots_noimageindex":false,"robots_noodp":false,"robots_notranslate":false,"robots_max_snippet":null,"robots_max_videopreview":null,"robots_max_imagepreview":"large","priority":null,"frequency":null,"local_seo":null,"seo_analyzer_scan_date":null,"breadcrumb_settings":null,"limit_modified_date":false,"reviewed_by":null,"open_ai":null,"ai":null,"created":"2025-10-09 04:08:12","updated":"2026-04-09 23:50:20"},"aioseo_breadcrumb":"<div class=\"aioseo-breadcrumbs\"><span class=\"aioseo-breadcrumb\">\n\t<a href=\"https:\/\/droix.eu\/fi\/\" title=\"Home\">Home<\/a>\n<\/span><span class=\"aioseo-breadcrumb-separator\">&raquo;<\/span><span class=\"aioseo-breadcrumb\">\n\t<a href=\"https:\/\/droix.eu\/fi\/product-category\/tarvikkeet\/\" title=\"Tarvikkeet\">Tarvikkeet<\/a>\n<\/span><span class=\"aioseo-breadcrumb-separator\">&raquo;<\/span><span class=\"aioseo-breadcrumb\">\n\t<a href=\"https:\/\/droix.eu\/fi\/product-category\/tarvikkeet\/pelitarvikkeet\/\" title=\"Pelitarvikkeet\">Pelitarvikkeet<\/a>\n<\/span><span class=\"aioseo-breadcrumb-separator\">&raquo;<\/span><span class=\"aioseo-breadcrumb\">\n\tGPD WIN 4 n\u00e4yt\u00f6nsuoja\n<\/span><\/div>","aioseo_breadcrumb_json":[{"label":"Home","link":"https:\/\/droix.eu\/fi\/"},{"label":"Tarvikkeet","link":"https:\/\/droix.eu\/fi\/product-category\/tarvikkeet\/"},{"label":"Pelitarvikkeet","link":"https:\/\/droix.eu\/fi\/product-category\/tarvikkeet\/pelitarvikkeet\/"},{"label":"GPD WIN 4 n\u00e4yt\u00f6nsuoja","link":"https:\/\/droix.eu\/fi\/product\/gpd-win-4-naytonsuoja\/"}],"_links":{"self":[{"href":"https:\/\/droix.eu\/fi\/wp-json\/wp\/v2\/product\/548174","targetHints":{"allow":["GET"]}}],"collection":[{"href":"https:\/\/droix.eu\/fi\/wp-json\/wp\/v2\/product"}],"about":[{"href":"https:\/\/droix.eu\/fi\/wp-json\/wp\/v2\/types\/product"}],"version-history":[{"count":0,"href":"https:\/\/droix.eu\/fi\/wp-json\/wp\/v2\/product\/548174\/revisions"}],"wp:featuredmedia":[{"embeddable":true,"href":"https:\/\/droix.eu\/fi\/wp-json\/wp\/v2\/media\/548175"}],"wp:attachment":[{"href":"https:\/\/droix.eu\/fi\/wp-json\/wp\/v2\/media?parent=548174"}],"wp:term":[{"taxonomy":"product_brand","embeddable":true,"href":"https:\/\/droix.eu\/fi\/wp-json\/wp\/v2\/product_brand?post=548174"},{"taxonomy":"product_cat","embeddable":true,"href":"https:\/\/droix.eu\/fi\/wp-json\/wp\/v2\/product_cat?post=548174"},{"taxonomy":"product_tag","embeddable":true,"href":"https:\/\/droix.eu\/fi\/wp-json\/wp\/v2\/product_tag?post=548174"},{"taxonomy":"woo-feed-brand","embeddable":true,"href":"https:\/\/droix.eu\/fi\/wp-json\/wp\/v2\/woo-feed-brand?post=548174"},{"taxonomy":"key-features","embeddable":true,"href":"https:\/\/droix.eu\/fi\/wp-json\/wp\/v2\/key-features?post=548174"}],"curies":[{"name":"wp","href":"https:\/\/api.w.org\/{rel}","templated":true}]}}