{"id":547950,"date":"2023-05-25T09:22:48","date_gmt":"2023-05-25T09:22:48","guid":{"rendered":"https:\/\/droix.eu\/product\/gpd-win-4-kovakuorinen-kotelo\/"},"modified":"2026-01-20T05:49:04","modified_gmt":"2026-01-20T05:49:04","slug":"gpd-win-4-kovakuorinen-kotelo","status":"publish","type":"product","link":"https:\/\/droix.eu\/fi\/product\/gpd-win-4-kovakuorinen-kotelo\/","title":{"rendered":"GPD WIN 4 Hardshell Case"},"content":{"rendered":"<p><strong>GPD WIN 4 on<\/strong> tehokas kannettava peli-PC, joka on suunniteltu tarjoamaan upea pelikokemus tien p\u00e4\u00e4ll\u00e4. N\u00e4iden ensiluokkaisten laitteiden suojaamiseksi naarmuilta, kolhuilta ja muilta ulkoisilta vaurioilta, on olemassa  <strong>kovakuorinen suojakotelo<\/strong>  on tarpeen. GPD WIN 4 -kovakuorinen suojakotelo on kest\u00e4v\u00e4, kevyt ja tyylik\u00e4s kotelo, joka on suunniteltu erityisesti n\u00e4ihin pelik\u00e4simikroihin sopivaksi. Kotelo on valmistettu korkealaatuisista materiaaleista, kuten polykarbonaatista ja ABS-muovista, jotka suojaavat erinomaisesti iskuilta, naarmuilta ja muilta ulkoisilta vaurioilta.Kotelon sis\u00e4puoli on vuorattu pehme\u00e4ll\u00e4 ja sile\u00e4ll\u00e4 kankaalla, joka antaa lis\u00e4suojaa naarmuja ja p\u00f6ly\u00e4 vastaan. Kotelossa on my\u00f6s turvallinen vetoketjukiinnitys, joka varmistaa, ett\u00e4 kannettava pysyy paikallaan kuljetuksen aikana.<\/p>\n","protected":false},"excerpt":{"rendered":"<ul>\n<li><strong>Virallinen GPD<\/strong> Suojakotelo GPD WIN 4:lle<\/li>\n<li><strong>Kest\u00e4v\u00e4 ulkoinen<\/strong> synteettinen polymeerikuori<\/li>\n<li>Pehme\u00e4 kangasvuori <strong>lis\u00e4\u00e4 suojaa.<\/strong><\/li>\n<li><strong>Erillinen lokero oheislaitteille<\/strong>.<\/li>\n<li>Tyylik\u00e4s muotoilu ja turvallinen vetoketju.<\/li>\n<\/ul>\n<p>[droix_global_accordions]<br \/>\n[cg_accordion title=\"Paketti sis\u00e4lt\u00e4\u00e4\"]<\/p>\n<ul>\n<li>1x GPD WIN 4 Kovakuorinen kotelo<\/li>\n<\/ul>\n<p>[\/cg_accordion]<\/p>\n","protected":false},"featured_media":547951,"template":"","meta":{"_acf_changed":false},"product_brand":[],"product_cat":[35549,35548],"product_tag":[],"woo-feed-brand":[2198],"key-features":[],"class_list":{"0":"post-547950","1":"product","2":"type-product","3":"status-publish","4":"has-post-thumbnail","6":"product_cat-pelitarvikkeet","7":"product_cat-tarvikkeet","8":"product_shipping_class-low-end","9":"pa_accessory-type-protective-case","10":"pa_brands-gpd-fi","11":"woo-feed-brand-gpd","13":"first","14":"outofstock","15":"sale","16":"taxable","17":"shipping-taxable","18":"purchasable","19":"product-type-simple"},"acf":[],"aioseo_notices":[],"aioseo_head":"\n\t\t<!-- All in One SEO Pro 4.9.6.2 - aioseo.com -->\n\t<meta name=\"description\" content=\"Virallinen GPD Suojakotelo GPD WIN 4:lle Kest\u00e4v\u00e4 ulkoinen synteettinen polymeerikuori Pehme\u00e4 kangasvuori lis\u00e4\u00e4 suojaa. Erillinen lokero oheislaitteille. Tyylik\u00e4s muotoilu ja turvallinen vetoketju. Paketti sis\u00e4lt\u00e4\u00e4 1x GPD WIN 4 Kovakuorinen kotelo\" \/>\n\t<meta name=\"robots\" content=\"max-image-preview:large\" \/>\n\t<link rel=\"canonical\" href=\"https:\/\/droix.eu\/fi\/product\/gpd-win-4-kovakuorinen-kotelo\/\" \/>\n\t<meta name=\"generator\" content=\"All in One SEO Pro (AIOSEO) 4.9.6.2\" \/>\n\t\t<meta property=\"og:locale\" content=\"fi_FI\" \/>\n\t\t<meta property=\"og:site_name\" content=\"DROIX EU - Get the latest Mini PCs, Ultrabook, PC Gaming Handhelds and more!\" \/>\n\t\t<meta property=\"og:type\" content=\"article\" \/>\n\t\t<meta property=\"og:title\" content=\"GPD WIN 4 Hardshell Case - DROIX EU\" \/>\n\t\t<meta property=\"og:description\" content=\"Virallinen GPD Suojakotelo GPD WIN 4:lle Kest\u00e4v\u00e4 ulkoinen synteettinen polymeerikuori Pehme\u00e4 kangasvuori lis\u00e4\u00e4 suojaa. Erillinen lokero oheislaitteille. Tyylik\u00e4s muotoilu ja turvallinen vetoketju. Paketti sis\u00e4lt\u00e4\u00e4 1x GPD WIN 4 Kovakuorinen kotelo\" \/>\n\t\t<meta property=\"og:url\" content=\"https:\/\/droix.eu\/fi\/product\/gpd-win-4-kovakuorinen-kotelo\/\" \/>\n\t\t<meta property=\"og:image\" content=\"https:\/\/droix.eu\/wp-content\/uploads\/2024\/06\/droix-v2-light-logo.png\" \/>\n\t\t<meta property=\"og:image:secure_url\" content=\"https:\/\/droix.eu\/wp-content\/uploads\/2024\/06\/droix-v2-light-logo.png\" \/>\n\t\t<meta property=\"og:image:width\" content=\"380\" \/>\n\t\t<meta property=\"og:image:height\" content=\"118\" \/>\n\t\t<meta property=\"article:published_time\" content=\"2023-05-25T09:22:48+00:00\" \/>\n\t\t<meta property=\"article:modified_time\" content=\"2026-01-20T05:49:04+00:00\" \/>\n\t\t<meta property=\"article:publisher\" content=\"https:\/\/www.facebook.com\/DroiX.Store\" \/>\n\t\t<meta name=\"twitter:card\" content=\"summary_large_image\" \/>\n\t\t<meta name=\"twitter:site\" content=\"@DroiX_Store\" \/>\n\t\t<meta name=\"twitter:title\" content=\"GPD WIN 4 Hardshell Case - DROIX EU\" \/>\n\t\t<meta name=\"twitter:description\" content=\"Virallinen GPD Suojakotelo GPD WIN 4:lle Kest\u00e4v\u00e4 ulkoinen synteettinen polymeerikuori Pehme\u00e4 kangasvuori lis\u00e4\u00e4 suojaa. Erillinen lokero oheislaitteille. Tyylik\u00e4s muotoilu ja turvallinen vetoketju. Paketti sis\u00e4lt\u00e4\u00e4 1x GPD WIN 4 Kovakuorinen kotelo\" \/>\n\t\t<meta name=\"twitter:image\" content=\"https:\/\/droix.eu\/wp-content\/uploads\/2024\/06\/droix-v2-light-logo.png\" \/>\n\t\t<script type=\"application\/ld+json\" class=\"aioseo-schema\">\n\t\t\t{\"@context\":\"https:\\\/\\\/schema.org\",\"@graph\":[{\"@type\":\"BreadcrumbList\",\"@id\":\"https:\\\/\\\/droix.eu\\\/fi\\\/product\\\/gpd-win-4-kovakuorinen-kotelo\\\/#breadcrumblist\",\"itemListElement\":[{\"@type\":\"ListItem\",\"@id\":\"https:\\\/\\\/droix.eu\\\/fi\\\/#listItem\",\"position\":1,\"name\":\"Home\",\"item\":\"https:\\\/\\\/droix.eu\\\/fi\\\/\",\"nextItem\":{\"@type\":\"ListItem\",\"@id\":\"https:\\\/\\\/droix.eu\\\/fi\\\/product-category\\\/tarvikkeet\\\/#listItem\",\"name\":\"Tarvikkeet\"}},{\"@type\":\"ListItem\",\"@id\":\"https:\\\/\\\/droix.eu\\\/fi\\\/product-category\\\/tarvikkeet\\\/#listItem\",\"position\":2,\"name\":\"Tarvikkeet\",\"item\":\"https:\\\/\\\/droix.eu\\\/fi\\\/product-category\\\/tarvikkeet\\\/\",\"nextItem\":{\"@type\":\"ListItem\",\"@id\":\"https:\\\/\\\/droix.eu\\\/fi\\\/product-category\\\/tarvikkeet\\\/pelitarvikkeet\\\/#listItem\",\"name\":\"Pelitarvikkeet\"},\"previousItem\":{\"@type\":\"ListItem\",\"@id\":\"https:\\\/\\\/droix.eu\\\/fi\\\/#listItem\",\"name\":\"Home\"}},{\"@type\":\"ListItem\",\"@id\":\"https:\\\/\\\/droix.eu\\\/fi\\\/product-category\\\/tarvikkeet\\\/pelitarvikkeet\\\/#listItem\",\"position\":3,\"name\":\"Pelitarvikkeet\",\"item\":\"https:\\\/\\\/droix.eu\\\/fi\\\/product-category\\\/tarvikkeet\\\/pelitarvikkeet\\\/\",\"nextItem\":{\"@type\":\"ListItem\",\"@id\":\"https:\\\/\\\/droix.eu\\\/fi\\\/product\\\/gpd-win-4-kovakuorinen-kotelo\\\/#listItem\",\"name\":\"GPD WIN 4 Hardshell Case\"},\"previousItem\":{\"@type\":\"ListItem\",\"@id\":\"https:\\\/\\\/droix.eu\\\/fi\\\/product-category\\\/tarvikkeet\\\/#listItem\",\"name\":\"Tarvikkeet\"}},{\"@type\":\"ListItem\",\"@id\":\"https:\\\/\\\/droix.eu\\\/fi\\\/product\\\/gpd-win-4-kovakuorinen-kotelo\\\/#listItem\",\"position\":4,\"name\":\"GPD WIN 4 Hardshell Case\",\"previousItem\":{\"@type\":\"ListItem\",\"@id\":\"https:\\\/\\\/droix.eu\\\/fi\\\/product-category\\\/tarvikkeet\\\/pelitarvikkeet\\\/#listItem\",\"name\":\"Pelitarvikkeet\"}}]},{\"@type\":\"Organization\",\"@id\":\"https:\\\/\\\/droix.eu\\\/fi\\\/#organization\",\"name\":\"DroiX \\u2013 Trusted EU Tech Retailer with 12+ Years Experience\",\"description\":\"DroiX is a leading European technology retailer with over 12 years of experience, offering quality mini PCs, handheld gaming consoles, and tech accessories. We provide hassle-free EU delivery with all taxes included, ensuring a smooth and reliable shopping experience for our customers across Europe.\",\"url\":\"https:\\\/\\\/droix.eu\\\/fi\\\/\",\"logo\":{\"@type\":\"ImageObject\",\"url\":\"https:\\\/\\\/droix.eu\\\/wp-content\\\/uploads\\\/2024\\\/06\\\/droix-v2-light-logo.png\",\"@id\":\"https:\\\/\\\/droix.eu\\\/fi\\\/product\\\/gpd-win-4-kovakuorinen-kotelo\\\/#organizationLogo\",\"width\":380,\"height\":118},\"image\":{\"@id\":\"https:\\\/\\\/droix.eu\\\/fi\\\/product\\\/gpd-win-4-kovakuorinen-kotelo\\\/#organizationLogo\"},\"sameAs\":[\"https:\\\/\\\/www.facebook.com\\\/DroiX.Store\",\"https:\\\/\\\/twitter.com\\\/DroiX_Store\",\"https:\\\/\\\/www.instagram.com\\\/droix.store\\\/\",\"https:\\\/\\\/www.tiktok.com\\\/@droix.store\",\"https:\\\/\\\/www.youtube.com\\\/c\\\/DroiX_Store\",\"https:\\\/\\\/uk.linkedin.com\\\/company\\\/droix\"]},{\"@type\":\"Product\",\"@id\":\"https:\\\/\\\/droix.eu\\\/fi\\\/product\\\/gpd-win-4-kovakuorinen-kotelo\\\/#wooCommerceProduct\",\"name\":\"GPD WIN 4 Hardshell Case\",\"description\":\"Virallinen GPD Suojakotelo GPD WIN 4:lle\\n \\tKest\\u00e4v\\u00e4 ulkoinen synteettinen polymeerikuori\\n \\tPehme\\u00e4 kangasvuori lis\\u00e4\\u00e4 suojaa.\\n \\tErillinen lokero oheislaitteille.\\n \\tTyylik\\u00e4s muotoilu ja turvallinen vetoketju.\",\"url\":\"https:\\\/\\\/droix.eu\\\/fi\\\/product\\\/gpd-win-4-kovakuorinen-kotelo\\\/\",\"sku\":\"GPD-WIN_4-CASE\",\"gtin\":\"5060763675322\",\"image\":{\"@type\":\"ImageObject\",\"url\":\"https:\\\/\\\/droix.eu\\\/wp-content\\\/uploads\\\/2023\\\/05\\\/51y5P54tgzLready-gpd-4.png\",\"@id\":\"https:\\\/\\\/droix.eu\\\/fi\\\/product\\\/gpd-win-4-kovakuorinen-kotelo\\\/#productImage\",\"width\":1000,\"height\":1000},\"offers\":{\"@type\":\"Offer\",\"url\":\"https:\\\/\\\/droix.eu\\\/fi\\\/product\\\/gpd-win-4-kovakuorinen-kotelo\\\/#wooCommerceOffer\",\"price\":27,\"priceCurrency\":\"EUR\",\"category\":\"Pelitarvikkeet\",\"availability\":\"https:\\\/\\\/schema.org\\\/OutOfStock\",\"priceSpecification\":{\"@type\":\"PriceSpecification\",\"price\":27,\"priceCurrency\":\"EUR\",\"valueAddedTaxIncluded\":\"true\"},\"seller\":{\"@type\":\"Organization\",\"@id\":\"https:\\\/\\\/droix.eu\\\/fi\\\/#organization\"}}},{\"@type\":\"WebPage\",\"@id\":\"https:\\\/\\\/droix.eu\\\/fi\\\/product\\\/gpd-win-4-kovakuorinen-kotelo\\\/#webpage\",\"url\":\"https:\\\/\\\/droix.eu\\\/fi\\\/product\\\/gpd-win-4-kovakuorinen-kotelo\\\/\",\"name\":\"GPD WIN 4 Hardshell Case - DROIX EU\",\"description\":\"Virallinen GPD Suojakotelo GPD WIN 4:lle Kest\\u00e4v\\u00e4 ulkoinen synteettinen polymeerikuori Pehme\\u00e4 kangasvuori lis\\u00e4\\u00e4 suojaa. Erillinen lokero oheislaitteille. Tyylik\\u00e4s muotoilu ja turvallinen vetoketju. Paketti sis\\u00e4lt\\u00e4\\u00e4 1x GPD WIN 4 Kovakuorinen kotelo\",\"inLanguage\":\"fi\",\"isPartOf\":{\"@id\":\"https:\\\/\\\/droix.eu\\\/fi\\\/#website\"},\"breadcrumb\":{\"@id\":\"https:\\\/\\\/droix.eu\\\/fi\\\/product\\\/gpd-win-4-kovakuorinen-kotelo\\\/#breadcrumblist\"},\"image\":{\"@type\":\"ImageObject\",\"url\":\"https:\\\/\\\/droix.eu\\\/wp-content\\\/uploads\\\/2023\\\/05\\\/51y5P54tgzLready-gpd-4.png\",\"@id\":\"https:\\\/\\\/droix.eu\\\/fi\\\/product\\\/gpd-win-4-kovakuorinen-kotelo\\\/#mainImage\",\"width\":1000,\"height\":1000},\"primaryImageOfPage\":{\"@id\":\"https:\\\/\\\/droix.eu\\\/fi\\\/product\\\/gpd-win-4-kovakuorinen-kotelo\\\/#mainImage\"},\"datePublished\":\"2023-05-25T09:22:48+01:00\",\"dateModified\":\"2026-01-20T05:49:04+00:00\"},{\"@type\":\"WebSite\",\"@id\":\"https:\\\/\\\/droix.eu\\\/fi\\\/#website\",\"url\":\"https:\\\/\\\/droix.eu\\\/fi\\\/\",\"name\":\"DROIX EU\",\"description\":\"Get the latest Mini PCs, Ultrabook, PC Gaming Handhelds and more!\",\"inLanguage\":\"fi\",\"publisher\":{\"@id\":\"https:\\\/\\\/droix.eu\\\/fi\\\/#organization\"}}]}\n\t\t<\/script>\n\t\t<!-- All in One SEO Pro -->\r\n\t\t<title>GPD WIN 4 Hardshell Case - DROIX EU<\/title>\n\n","aioseo_head_json":{"title":"GPD WIN 4 Hardshell Case - DROIX EU","description":"Virallinen GPD Suojakotelo GPD WIN 4:lle Kest\u00e4v\u00e4 ulkoinen synteettinen polymeerikuori Pehme\u00e4 kangasvuori lis\u00e4\u00e4 suojaa. Erillinen lokero oheislaitteille. Tyylik\u00e4s muotoilu ja turvallinen vetoketju. Paketti sis\u00e4lt\u00e4\u00e4 1x GPD WIN 4 Kovakuorinen kotelo","canonical_url":"https:\/\/droix.eu\/fi\/product\/gpd-win-4-kovakuorinen-kotelo\/","robots":"max-image-preview:large","keywords":"","webmasterTools":{"miscellaneous":""},"schema":{"@context":"https:\/\/schema.org","@graph":[{"@type":"BreadcrumbList","@id":"https:\/\/droix.eu\/fi\/product\/gpd-win-4-kovakuorinen-kotelo\/#breadcrumblist","itemListElement":[{"@type":"ListItem","@id":"https:\/\/droix.eu\/fi\/#listItem","position":1,"name":"Home","item":"https:\/\/droix.eu\/fi\/","nextItem":{"@type":"ListItem","@id":"https:\/\/droix.eu\/fi\/product-category\/tarvikkeet\/#listItem","name":"Tarvikkeet"}},{"@type":"ListItem","@id":"https:\/\/droix.eu\/fi\/product-category\/tarvikkeet\/#listItem","position":2,"name":"Tarvikkeet","item":"https:\/\/droix.eu\/fi\/product-category\/tarvikkeet\/","nextItem":{"@type":"ListItem","@id":"https:\/\/droix.eu\/fi\/product-category\/tarvikkeet\/pelitarvikkeet\/#listItem","name":"Pelitarvikkeet"},"previousItem":{"@type":"ListItem","@id":"https:\/\/droix.eu\/fi\/#listItem","name":"Home"}},{"@type":"ListItem","@id":"https:\/\/droix.eu\/fi\/product-category\/tarvikkeet\/pelitarvikkeet\/#listItem","position":3,"name":"Pelitarvikkeet","item":"https:\/\/droix.eu\/fi\/product-category\/tarvikkeet\/pelitarvikkeet\/","nextItem":{"@type":"ListItem","@id":"https:\/\/droix.eu\/fi\/product\/gpd-win-4-kovakuorinen-kotelo\/#listItem","name":"GPD WIN 4 Hardshell Case"},"previousItem":{"@type":"ListItem","@id":"https:\/\/droix.eu\/fi\/product-category\/tarvikkeet\/#listItem","name":"Tarvikkeet"}},{"@type":"ListItem","@id":"https:\/\/droix.eu\/fi\/product\/gpd-win-4-kovakuorinen-kotelo\/#listItem","position":4,"name":"GPD WIN 4 Hardshell Case","previousItem":{"@type":"ListItem","@id":"https:\/\/droix.eu\/fi\/product-category\/tarvikkeet\/pelitarvikkeet\/#listItem","name":"Pelitarvikkeet"}}]},{"@type":"Organization","@id":"https:\/\/droix.eu\/fi\/#organization","name":"DroiX \u2013 Trusted EU Tech Retailer with 12+ Years Experience","description":"DroiX is a leading European technology retailer with over 12 years of experience, offering quality mini PCs, handheld gaming consoles, and tech accessories. We provide hassle-free EU delivery with all taxes included, ensuring a smooth and reliable shopping experience for our customers across Europe.","url":"https:\/\/droix.eu\/fi\/","logo":{"@type":"ImageObject","url":"https:\/\/droix.eu\/wp-content\/uploads\/2024\/06\/droix-v2-light-logo.png","@id":"https:\/\/droix.eu\/fi\/product\/gpd-win-4-kovakuorinen-kotelo\/#organizationLogo","width":380,"height":118},"image":{"@id":"https:\/\/droix.eu\/fi\/product\/gpd-win-4-kovakuorinen-kotelo\/#organizationLogo"},"sameAs":["https:\/\/www.facebook.com\/DroiX.Store","https:\/\/twitter.com\/DroiX_Store","https:\/\/www.instagram.com\/droix.store\/","https:\/\/www.tiktok.com\/@droix.store","https:\/\/www.youtube.com\/c\/DroiX_Store","https:\/\/uk.linkedin.com\/company\/droix"]},{"@type":"Product","@id":"https:\/\/droix.eu\/fi\/product\/gpd-win-4-kovakuorinen-kotelo\/#wooCommerceProduct","name":"GPD WIN 4 Hardshell Case","description":"Virallinen GPD Suojakotelo GPD WIN 4:lle\n \tKest\u00e4v\u00e4 ulkoinen synteettinen polymeerikuori\n \tPehme\u00e4 kangasvuori lis\u00e4\u00e4 suojaa.\n \tErillinen lokero oheislaitteille.\n \tTyylik\u00e4s muotoilu ja turvallinen vetoketju.","url":"https:\/\/droix.eu\/fi\/product\/gpd-win-4-kovakuorinen-kotelo\/","sku":"GPD-WIN_4-CASE","gtin":"5060763675322","image":{"@type":"ImageObject","url":"https:\/\/droix.eu\/wp-content\/uploads\/2023\/05\/51y5P54tgzLready-gpd-4.png","@id":"https:\/\/droix.eu\/fi\/product\/gpd-win-4-kovakuorinen-kotelo\/#productImage","width":1000,"height":1000},"offers":{"@type":"Offer","url":"https:\/\/droix.eu\/fi\/product\/gpd-win-4-kovakuorinen-kotelo\/#wooCommerceOffer","price":27,"priceCurrency":"EUR","category":"Pelitarvikkeet","availability":"https:\/\/schema.org\/OutOfStock","priceSpecification":{"@type":"PriceSpecification","price":27,"priceCurrency":"EUR","valueAddedTaxIncluded":"true"},"seller":{"@type":"Organization","@id":"https:\/\/droix.eu\/fi\/#organization"}}},{"@type":"WebPage","@id":"https:\/\/droix.eu\/fi\/product\/gpd-win-4-kovakuorinen-kotelo\/#webpage","url":"https:\/\/droix.eu\/fi\/product\/gpd-win-4-kovakuorinen-kotelo\/","name":"GPD WIN 4 Hardshell Case - DROIX EU","description":"Virallinen GPD Suojakotelo GPD WIN 4:lle Kest\u00e4v\u00e4 ulkoinen synteettinen polymeerikuori Pehme\u00e4 kangasvuori lis\u00e4\u00e4 suojaa. Erillinen lokero oheislaitteille. Tyylik\u00e4s muotoilu ja turvallinen vetoketju. Paketti sis\u00e4lt\u00e4\u00e4 1x GPD WIN 4 Kovakuorinen kotelo","inLanguage":"fi","isPartOf":{"@id":"https:\/\/droix.eu\/fi\/#website"},"breadcrumb":{"@id":"https:\/\/droix.eu\/fi\/product\/gpd-win-4-kovakuorinen-kotelo\/#breadcrumblist"},"image":{"@type":"ImageObject","url":"https:\/\/droix.eu\/wp-content\/uploads\/2023\/05\/51y5P54tgzLready-gpd-4.png","@id":"https:\/\/droix.eu\/fi\/product\/gpd-win-4-kovakuorinen-kotelo\/#mainImage","width":1000,"height":1000},"primaryImageOfPage":{"@id":"https:\/\/droix.eu\/fi\/product\/gpd-win-4-kovakuorinen-kotelo\/#mainImage"},"datePublished":"2023-05-25T09:22:48+01:00","dateModified":"2026-01-20T05:49:04+00:00"},{"@type":"WebSite","@id":"https:\/\/droix.eu\/fi\/#website","url":"https:\/\/droix.eu\/fi\/","name":"DROIX EU","description":"Get the latest Mini PCs, Ultrabook, PC Gaming Handhelds and more!","inLanguage":"fi","publisher":{"@id":"https:\/\/droix.eu\/fi\/#organization"}}]},"og:locale":"fi_FI","og:site_name":"DROIX EU - Get the latest Mini PCs, Ultrabook, PC Gaming Handhelds and more!","og:type":"article","og:title":"GPD WIN 4 Hardshell Case - DROIX EU","og:description":"Virallinen GPD Suojakotelo GPD WIN 4:lle Kest\u00e4v\u00e4 ulkoinen synteettinen polymeerikuori Pehme\u00e4 kangasvuori lis\u00e4\u00e4 suojaa. Erillinen lokero oheislaitteille. Tyylik\u00e4s muotoilu ja turvallinen vetoketju. Paketti sis\u00e4lt\u00e4\u00e4 1x GPD WIN 4 Kovakuorinen kotelo","og:url":"https:\/\/droix.eu\/fi\/product\/gpd-win-4-kovakuorinen-kotelo\/","og:image":"https:\/\/droix.eu\/wp-content\/uploads\/2024\/06\/droix-v2-light-logo.png","og:image:secure_url":"https:\/\/droix.eu\/wp-content\/uploads\/2024\/06\/droix-v2-light-logo.png","og:image:width":380,"og:image:height":118,"article:published_time":"2023-05-25T09:22:48+00:00","article:modified_time":"2026-01-20T05:49:04+00:00","article:publisher":"https:\/\/www.facebook.com\/DroiX.Store","twitter:card":"summary_large_image","twitter:site":"@DroiX_Store","twitter:title":"GPD WIN 4 Hardshell Case - DROIX EU","twitter:description":"Virallinen GPD Suojakotelo GPD WIN 4:lle Kest\u00e4v\u00e4 ulkoinen synteettinen polymeerikuori Pehme\u00e4 kangasvuori lis\u00e4\u00e4 suojaa. Erillinen lokero oheislaitteille. Tyylik\u00e4s muotoilu ja turvallinen vetoketju. Paketti sis\u00e4lt\u00e4\u00e4 1x GPD WIN 4 Kovakuorinen kotelo","twitter:image":"https:\/\/droix.eu\/wp-content\/uploads\/2024\/06\/droix-v2-light-logo.png"},"aioseo_meta_data":{"post_id":"547950","title":null,"description":null,"keywords":null,"keyphrases":null,"primary_term":null,"canonical_url":null,"og_title":null,"og_description":null,"og_object_type":"default","og_image_type":"default","og_image_url":null,"og_image_width":null,"og_image_height":null,"og_image_custom_url":null,"og_image_custom_fields":null,"og_video":null,"og_custom_url":null,"og_article_section":null,"og_article_tags":null,"twitter_use_og":true,"twitter_card":"default","twitter_image_type":"default","twitter_image_url":null,"twitter_image_custom_url":null,"twitter_image_custom_fields":null,"twitter_title":null,"twitter_description":null,"schema":{"blockGraphs":[],"customGraphs":[],"default":{"data":{"Article":[],"Course":[],"Dataset":[],"FAQPage":[],"Movie":[],"Person":[],"Product":[],"ProductReview":[],"Car":[],"Recipe":[],"Service":[],"SoftwareApplication":[],"WebPage":[]},"graphName":"","isEnabled":true},"graphs":[]},"schema_type":"default","schema_type_options":null,"pillar_content":false,"robots_default":true,"robots_noindex":false,"robots_noarchive":false,"robots_nosnippet":false,"robots_nofollow":false,"robots_noimageindex":false,"robots_noodp":false,"robots_notranslate":false,"robots_max_snippet":null,"robots_max_videopreview":null,"robots_max_imagepreview":"large","priority":null,"frequency":null,"local_seo":null,"seo_analyzer_scan_date":"2025-10-24 13:11:33","breadcrumb_settings":null,"limit_modified_date":false,"reviewed_by":null,"open_ai":null,"ai":null,"created":"2025-10-09 04:26:06","updated":"2026-01-24 09:11:18"},"aioseo_breadcrumb":"<div class=\"aioseo-breadcrumbs\"><span class=\"aioseo-breadcrumb\">\n\t<a href=\"https:\/\/droix.eu\/fi\/\" title=\"Home\">Home<\/a>\n<\/span><span class=\"aioseo-breadcrumb-separator\">&raquo;<\/span><span class=\"aioseo-breadcrumb\">\n\t<a href=\"https:\/\/droix.eu\/fi\/product-category\/tarvikkeet\/\" title=\"Tarvikkeet\">Tarvikkeet<\/a>\n<\/span><span class=\"aioseo-breadcrumb-separator\">&raquo;<\/span><span class=\"aioseo-breadcrumb\">\n\t<a href=\"https:\/\/droix.eu\/fi\/product-category\/tarvikkeet\/pelitarvikkeet\/\" title=\"Pelitarvikkeet\">Pelitarvikkeet<\/a>\n<\/span><span class=\"aioseo-breadcrumb-separator\">&raquo;<\/span><span class=\"aioseo-breadcrumb\">\n\tGPD WIN 4 Hardshell Case\n<\/span><\/div>","aioseo_breadcrumb_json":[{"label":"Home","link":"https:\/\/droix.eu\/fi\/"},{"label":"Tarvikkeet","link":"https:\/\/droix.eu\/fi\/product-category\/tarvikkeet\/"},{"label":"Pelitarvikkeet","link":"https:\/\/droix.eu\/fi\/product-category\/tarvikkeet\/pelitarvikkeet\/"},{"label":"GPD WIN 4 Hardshell Case","link":"https:\/\/droix.eu\/fi\/product\/gpd-win-4-kovakuorinen-kotelo\/"}],"_links":{"self":[{"href":"https:\/\/droix.eu\/fi\/wp-json\/wp\/v2\/product\/547950","targetHints":{"allow":["GET"]}}],"collection":[{"href":"https:\/\/droix.eu\/fi\/wp-json\/wp\/v2\/product"}],"about":[{"href":"https:\/\/droix.eu\/fi\/wp-json\/wp\/v2\/types\/product"}],"version-history":[{"count":0,"href":"https:\/\/droix.eu\/fi\/wp-json\/wp\/v2\/product\/547950\/revisions"}],"wp:featuredmedia":[{"embeddable":true,"href":"https:\/\/droix.eu\/fi\/wp-json\/wp\/v2\/media\/547951"}],"wp:attachment":[{"href":"https:\/\/droix.eu\/fi\/wp-json\/wp\/v2\/media?parent=547950"}],"wp:term":[{"taxonomy":"product_brand","embeddable":true,"href":"https:\/\/droix.eu\/fi\/wp-json\/wp\/v2\/product_brand?post=547950"},{"taxonomy":"product_cat","embeddable":true,"href":"https:\/\/droix.eu\/fi\/wp-json\/wp\/v2\/product_cat?post=547950"},{"taxonomy":"product_tag","embeddable":true,"href":"https:\/\/droix.eu\/fi\/wp-json\/wp\/v2\/product_tag?post=547950"},{"taxonomy":"woo-feed-brand","embeddable":true,"href":"https:\/\/droix.eu\/fi\/wp-json\/wp\/v2\/woo-feed-brand?post=547950"},{"taxonomy":"key-features","embeddable":true,"href":"https:\/\/droix.eu\/fi\/wp-json\/wp\/v2\/key-features?post=547950"}],"curies":[{"name":"wp","href":"https:\/\/api.w.org\/{rel}","templated":true}]}}