{"id":542496,"date":"2024-11-28T09:28:43","date_gmt":"2024-11-28T09:28:43","guid":{"rendered":"https:\/\/droix.eu\/product\/gpd-pocket-4-rs-232-moduuli\/"},"modified":"2026-04-09T23:36:18","modified_gmt":"2026-04-09T22:36:18","slug":"gpd-pocket-4-rs-232-moduuli","status":"publish","type":"product","link":"https:\/\/droix.eu\/fi\/product\/gpd-pocket-4-rs-232-moduuli\/","title":{"rendered":"GPD Pocket 4 RS-232-moduuli"},"content":{"rendered":"\n<p>GPD Pocket 4 tarjoaa lis\u00e4varusteena yksinoikeudella RS-232-moduulin, jonka avulla k\u00e4ytt\u00e4j\u00e4t voivat muodostaa yhteyden monenlaisiin sarjalaitteisiin.<\/p>\n\n<p><\/p>\n","protected":false},"excerpt":{"rendered":"<ul>\n<li><strong>Virallinen GPD-tarvike<\/strong><\/li>\n<li><strong>RS-232-laajennusmoduuli<\/strong> <\/li>\n<li>Yhdist\u00e4minen <strong>sarjalaitteisiin<\/strong> <\/li>\n<li>Helppo asentaa<strong> GPD Pocket 4<\/strong>:\u00e4\u00e4n<\/li>\n<\/ul>\n[cg_accordion title=\"2 vuoden takuu kaikille GPD-tuotteille\"]<\/p>\n<p>Kaikilla GPD-tuotteilla on 2 vuoden takuu, ja niiden takana on yli 13 vuoden luotettava palvelu. Liity yli 500 000 tyytyv\u00e4isen asiakkaan yhteis\u00f6\u00f6n ja luota ostoosi. [\/cg_accordion]\n[cg_accordion title=\"Laadunvarmistus ja l\u00e4hetyst\u00e4 edelt\u00e4v\u00e4 testaus\"]<\/p>\n<p>Asiakastyytyv\u00e4isyyden varmistaminen korkeimmalla tasolla: Jokainen laite testataan tiukasti ja sille tehd\u00e4\u00e4n monipisteinen laadunvarmistustarkastus ennen sen l\u00e4hett\u00e4mist\u00e4. Asialle omistautunut tiimimme tarkistaa suorituskyvyn, toimivuuden ja komponenttien eheyden, jotta GPD-laitteesi on saapuessaan t\u00e4ydellisess\u00e4 toimintakunnossa, mik\u00e4 antaa sinulle luottamusta ja mielenrauhaa. [\/cg_accordion]\n[cg_accordion title=\"Joustavat ja turvalliset maksuvaihtoehdot\"]<\/p>\n<p>Nauti mielenrauhasta turvallisen kassaj\u00e4rjestelm\u00e4mme avulla. Tuemme kaikkia yleisimpi\u00e4 maksutapoja, kuten pankki- ja luottokortteja, PayPalia, Apple Payta, Google Payta, Klarnaa, Afterpayta ja Affirmia, mik\u00e4 antaa sinulle vapauden maksaa haluamallasi tavalla, joko etuk\u00e4teen tai helpoissa eriss\u00e4. [\/cg_accordion]\n[cg_accordion title=\"Verot\"]<\/p>\n<p>Hinnat sis\u00e4lt\u00e4v\u00e4t arvonlis\u00e4veron, joka voi olla jopa 25 % maasta riippuen. Tarkka summa ilmoitetaan kassalla t\u00e4ydellisen avoimuuden varmistamiseksi. [\/cg_accordion]\n[cg_accordion title=\"Toimitus ja palautukset\"]<\/p>\n<p>Teemme yhteisty\u00f6t\u00e4 yli 10 luotettavan toimituskumppanin kanssa varmistaaksemme, ett\u00e4 tilauksesi saapuu perille nopeasti, turvallisesti ja luotettavasti.<\/p>\n<p>K\u00e4yt\u00e4mme Express DDP (Delivered Duty Paid) -toimitusta. T\u00e4m\u00e4 tarkoittaa: <\/p>\n<li>Kaikki tullit ja verot sis\u00e4ltyv\u00e4t jo tuotteen hintaan.<\/li>\n<li>Et joudu kohtaamaan mit\u00e4\u00e4n yll\u00e4tysmaksuja toimituksen yhteydess\u00e4.<\/li>\n<li>Harvinaisissa tapauksissa, joissa tulli viiv\u00e4styy, tiimimme hoitaa tulliselvitysprosessin puolestasi varmistaakseen sujuvan toimituksen.<\/li>\n<p>T\u00e4rke\u00e4\u00e4 tietoa palautuksista:<\/p>\n<li>Jos palautat tilauksesi tai pyyd\u00e4t palautusta, huomioi, ett\u00e4 DDP-ehtojen mukaisesti puolestasi maksettuja veroja ja tulleja ei palauteta.<\/li>\n<p>Katso yksityiskohtaiset tiedot <a href=\"https:\/\/droix.eu\/fi\/ehdot-ja-edellytykset\/\" target=\"_blank\" rel=\"nofollow noopener\">k\u00e4ytt\u00f6ehdoistamme<\/a>.\n<\/ul>\n<p>[\/cg_accordion]\n[cg_accordion title=\"Asiakastuki\"]<\/p>\n<p>Onko kysytt\u00e4v\u00e4\u00e4? Olemme lyhyen tekstiviestin p\u00e4\u00e4ss\u00e4 siit\u00e4, ett\u00e4 ongelmasi on ratkaistu! [\/cg_accordion]\n[cg_accordion title=\"Paketti sis\u00e4lt\u00e4\u00e4\"]<\/p>\n<ul>\n<li>1x RS-232-moduuli<\/li>\n<\/ul>\n<p>[\/cg_accordion]\n","protected":false},"featured_media":542507,"template":"","meta":{"_acf_changed":false},"product_brand":[],"product_cat":[35646,35548],"product_tag":[],"woo-feed-brand":[],"key-features":[],"class_list":{"0":"post-542496","1":"product","2":"type-product","3":"status-publish","4":"has-post-thumbnail","6":"product_cat-kannettavan-tietokoneen-tarvikkeet","7":"product_cat-tarvikkeet","8":"product_shipping_class-low-end","9":"pa_accessory-type-add-ons","10":"pa_brands-gpd-fi","11":"pa_compatibility-gpd-pocket-4-fi","13":"first","14":"instock","15":"sale","16":"taxable","17":"shipping-taxable","18":"purchasable","19":"product-type-simple"},"acf":[],"aioseo_notices":[],"aioseo_head":"\n\t\t<!-- All in One SEO Pro 4.9.5.2 - aioseo.com -->\n\t<meta name=\"description\" content=\"Virallinen GPD-tarvike RS-232-laajennusmoduuli Yhdist\u00e4minen sarjalaitteisiin Helppo asentaa GPD Pocket 4:\u00e4\u00e4n\" \/>\n\t<meta name=\"robots\" content=\"max-image-preview:large\" \/>\n\t<link rel=\"canonical\" href=\"https:\/\/droix.eu\/fi\/product\/gpd-pocket-4-rs-232-moduuli\/\" \/>\n\t<meta name=\"generator\" content=\"All in One SEO Pro (AIOSEO) 4.9.5.2\" \/>\n\t\t<meta property=\"og:locale\" content=\"fi_FI\" \/>\n\t\t<meta property=\"og:site_name\" content=\"DROIX EU - Get the latest Mini PCs, Ultrabook, PC Gaming Handhelds and more!\" \/>\n\t\t<meta property=\"og:type\" content=\"article\" \/>\n\t\t<meta property=\"og:title\" content=\"GPD Pocket 4 RS-232-moduuli - DROIX EU\" \/>\n\t\t<meta property=\"og:description\" content=\"Virallinen GPD-tarvike RS-232-laajennusmoduuli Yhdist\u00e4minen sarjalaitteisiin Helppo asentaa GPD Pocket 4:\u00e4\u00e4n\" \/>\n\t\t<meta property=\"og:url\" content=\"https:\/\/droix.eu\/fi\/product\/gpd-pocket-4-rs-232-moduuli\/\" \/>\n\t\t<meta property=\"og:image\" content=\"https:\/\/droix.eu\/wp-content\/uploads\/2024\/06\/droix-v2-light-logo.png\" \/>\n\t\t<meta property=\"og:image:secure_url\" content=\"https:\/\/droix.eu\/wp-content\/uploads\/2024\/06\/droix-v2-light-logo.png\" \/>\n\t\t<meta property=\"og:image:width\" content=\"380\" \/>\n\t\t<meta property=\"og:image:height\" content=\"118\" \/>\n\t\t<meta property=\"article:published_time\" content=\"2024-11-28T09:28:43+00:00\" \/>\n\t\t<meta property=\"article:modified_time\" content=\"2026-04-09T22:36:18+00:00\" \/>\n\t\t<meta property=\"article:publisher\" content=\"https:\/\/www.facebook.com\/DroiX.Store\" \/>\n\t\t<meta name=\"twitter:card\" content=\"summary_large_image\" \/>\n\t\t<meta name=\"twitter:site\" content=\"@DroiX_Store\" \/>\n\t\t<meta name=\"twitter:title\" content=\"GPD Pocket 4 RS-232-moduuli - DROIX EU\" \/>\n\t\t<meta name=\"twitter:description\" content=\"Virallinen GPD-tarvike RS-232-laajennusmoduuli Yhdist\u00e4minen sarjalaitteisiin Helppo asentaa GPD Pocket 4:\u00e4\u00e4n\" \/>\n\t\t<meta name=\"twitter:image\" content=\"https:\/\/droix.eu\/wp-content\/uploads\/2024\/06\/droix-v2-light-logo.png\" \/>\n\t\t<script type=\"application\/ld+json\" class=\"aioseo-schema\">\n\t\t\t{\"@context\":\"https:\\\/\\\/schema.org\",\"@graph\":[{\"@type\":\"BreadcrumbList\",\"@id\":\"https:\\\/\\\/droix.eu\\\/fi\\\/product\\\/gpd-pocket-4-rs-232-moduuli\\\/#breadcrumblist\",\"itemListElement\":[{\"@type\":\"ListItem\",\"@id\":\"https:\\\/\\\/droix.eu\\\/fi\\\/#listItem\",\"position\":1,\"name\":\"Home\",\"item\":\"https:\\\/\\\/droix.eu\\\/fi\\\/\",\"nextItem\":{\"@type\":\"ListItem\",\"@id\":\"https:\\\/\\\/droix.eu\\\/fi\\\/product-category\\\/tarvikkeet\\\/#listItem\",\"name\":\"Tarvikkeet\"}},{\"@type\":\"ListItem\",\"@id\":\"https:\\\/\\\/droix.eu\\\/fi\\\/product-category\\\/tarvikkeet\\\/#listItem\",\"position\":2,\"name\":\"Tarvikkeet\",\"item\":\"https:\\\/\\\/droix.eu\\\/fi\\\/product-category\\\/tarvikkeet\\\/\",\"nextItem\":{\"@type\":\"ListItem\",\"@id\":\"https:\\\/\\\/droix.eu\\\/fi\\\/product-category\\\/tarvikkeet\\\/kannettavan-tietokoneen-tarvikkeet\\\/#listItem\",\"name\":\"Kannettavan tietokoneen tarvikkeet\"},\"previousItem\":{\"@type\":\"ListItem\",\"@id\":\"https:\\\/\\\/droix.eu\\\/fi\\\/#listItem\",\"name\":\"Home\"}},{\"@type\":\"ListItem\",\"@id\":\"https:\\\/\\\/droix.eu\\\/fi\\\/product-category\\\/tarvikkeet\\\/kannettavan-tietokoneen-tarvikkeet\\\/#listItem\",\"position\":3,\"name\":\"Kannettavan tietokoneen tarvikkeet\",\"item\":\"https:\\\/\\\/droix.eu\\\/fi\\\/product-category\\\/tarvikkeet\\\/kannettavan-tietokoneen-tarvikkeet\\\/\",\"nextItem\":{\"@type\":\"ListItem\",\"@id\":\"https:\\\/\\\/droix.eu\\\/fi\\\/product\\\/gpd-pocket-4-rs-232-moduuli\\\/#listItem\",\"name\":\"GPD Pocket 4 RS-232-moduuli\"},\"previousItem\":{\"@type\":\"ListItem\",\"@id\":\"https:\\\/\\\/droix.eu\\\/fi\\\/product-category\\\/tarvikkeet\\\/#listItem\",\"name\":\"Tarvikkeet\"}},{\"@type\":\"ListItem\",\"@id\":\"https:\\\/\\\/droix.eu\\\/fi\\\/product\\\/gpd-pocket-4-rs-232-moduuli\\\/#listItem\",\"position\":4,\"name\":\"GPD Pocket 4 RS-232-moduuli\",\"previousItem\":{\"@type\":\"ListItem\",\"@id\":\"https:\\\/\\\/droix.eu\\\/fi\\\/product-category\\\/tarvikkeet\\\/kannettavan-tietokoneen-tarvikkeet\\\/#listItem\",\"name\":\"Kannettavan tietokoneen tarvikkeet\"}}]},{\"@type\":\"Organization\",\"@id\":\"https:\\\/\\\/droix.eu\\\/fi\\\/#organization\",\"name\":\"DroiX \\u2013 Trusted EU Tech Retailer with 12+ Years Experience\",\"description\":\"DroiX is a leading European technology retailer with over 12 years of experience, offering quality mini PCs, handheld gaming consoles, and tech accessories. We provide hassle-free EU delivery with all taxes included, ensuring a smooth and reliable shopping experience for our customers across Europe.\",\"url\":\"https:\\\/\\\/droix.eu\\\/fi\\\/\",\"logo\":{\"@type\":\"ImageObject\",\"url\":\"https:\\\/\\\/droix.eu\\\/wp-content\\\/uploads\\\/2024\\\/06\\\/droix-v2-light-logo.png\",\"@id\":\"https:\\\/\\\/droix.eu\\\/fi\\\/product\\\/gpd-pocket-4-rs-232-moduuli\\\/#organizationLogo\",\"width\":380,\"height\":118},\"image\":{\"@id\":\"https:\\\/\\\/droix.eu\\\/fi\\\/product\\\/gpd-pocket-4-rs-232-moduuli\\\/#organizationLogo\"},\"sameAs\":[\"https:\\\/\\\/www.facebook.com\\\/DroiX.Store\",\"https:\\\/\\\/twitter.com\\\/DroiX_Store\",\"https:\\\/\\\/www.instagram.com\\\/droix.store\\\/\",\"https:\\\/\\\/www.tiktok.com\\\/@droix.store\",\"https:\\\/\\\/www.youtube.com\\\/c\\\/DroiX_Store\",\"https:\\\/\\\/uk.linkedin.com\\\/company\\\/droix\"]},{\"@type\":\"Product\",\"@id\":\"https:\\\/\\\/droix.eu\\\/fi\\\/product\\\/gpd-pocket-4-rs-232-moduuli\\\/#wooCommerceProduct\",\"name\":\"GPD Pocket 4 RS-232-moduuli\",\"description\":\"Virallinen GPD-tarvike\\n \\tRS-232-laajennusmoduuli \\n \\tYhdist\\u00e4minen sarjalaitteisiin \\n \\tHelppo asentaa GPD Pocket 4:\\u00e4\\u00e4n\",\"url\":\"https:\\\/\\\/droix.eu\\\/fi\\\/product\\\/gpd-pocket-4-rs-232-moduuli\\\/\",\"sku\":\"GPD-POCKET-4-RS_232-MODULE\",\"gtin\":\"5061077630410\",\"image\":{\"@type\":\"ImageObject\",\"url\":\"https:\\\/\\\/droix.eu\\\/wp-content\\\/uploads\\\/2024\\\/11\\\/GPD-POCKET-4-MODULE-RS-232-DONE-01.png\",\"@id\":\"https:\\\/\\\/droix.eu\\\/fi\\\/product\\\/gpd-pocket-4-rs-232-moduuli\\\/#productImage\",\"width\":1500,\"height\":1500,\"caption\":\"GPD POCKET 4 KVM-moduuli, jonka avulla GPD POCKET 4 Mini Laptop &amp; Tablet 2-In-1 -laite voidaan liitt\\u00e4\\u00e4 monenlaisiin sarjalaitteisiin.\"},\"offers\":{\"@type\":\"Offer\",\"url\":\"https:\\\/\\\/droix.eu\\\/fi\\\/product\\\/gpd-pocket-4-rs-232-moduuli\\\/#wooCommerceOffer\",\"price\":17.16,\"priceCurrency\":\"EUR\",\"category\":\"Kannettavan tietokoneen tarvikkeet\",\"availability\":\"https:\\\/\\\/schema.org\\\/InStock\",\"priceSpecification\":{\"@type\":\"PriceSpecification\",\"price\":17.16,\"priceCurrency\":\"EUR\",\"valueAddedTaxIncluded\":\"true\"},\"seller\":{\"@type\":\"Organization\",\"@id\":\"https:\\\/\\\/droix.eu\\\/fi\\\/#organization\"}}},{\"@type\":\"WebPage\",\"@id\":\"https:\\\/\\\/droix.eu\\\/fi\\\/product\\\/gpd-pocket-4-rs-232-moduuli\\\/#webpage\",\"url\":\"https:\\\/\\\/droix.eu\\\/fi\\\/product\\\/gpd-pocket-4-rs-232-moduuli\\\/\",\"name\":\"GPD Pocket 4 RS-232-moduuli - DROIX EU\",\"description\":\"Virallinen GPD-tarvike RS-232-laajennusmoduuli Yhdist\\u00e4minen sarjalaitteisiin Helppo asentaa GPD Pocket 4:\\u00e4\\u00e4n\",\"inLanguage\":\"fi\",\"isPartOf\":{\"@id\":\"https:\\\/\\\/droix.eu\\\/fi\\\/#website\"},\"breadcrumb\":{\"@id\":\"https:\\\/\\\/droix.eu\\\/fi\\\/product\\\/gpd-pocket-4-rs-232-moduuli\\\/#breadcrumblist\"},\"image\":{\"@type\":\"ImageObject\",\"url\":\"https:\\\/\\\/droix.eu\\\/wp-content\\\/uploads\\\/2024\\\/11\\\/GPD-POCKET-4-MODULE-RS-232-DONE-01.png\",\"@id\":\"https:\\\/\\\/droix.eu\\\/fi\\\/product\\\/gpd-pocket-4-rs-232-moduuli\\\/#mainImage\",\"width\":1500,\"height\":1500,\"caption\":\"GPD POCKET 4 KVM-moduuli, jonka avulla GPD POCKET 4 Mini Laptop &amp; Tablet 2-In-1 -laite voidaan liitt\\u00e4\\u00e4 monenlaisiin sarjalaitteisiin.\"},\"primaryImageOfPage\":{\"@id\":\"https:\\\/\\\/droix.eu\\\/fi\\\/product\\\/gpd-pocket-4-rs-232-moduuli\\\/#mainImage\"},\"datePublished\":\"2024-11-28T09:28:43+00:00\",\"dateModified\":\"2026-04-09T23:36:18+01:00\"},{\"@type\":\"WebSite\",\"@id\":\"https:\\\/\\\/droix.eu\\\/fi\\\/#website\",\"url\":\"https:\\\/\\\/droix.eu\\\/fi\\\/\",\"name\":\"DROIX EU\",\"description\":\"Get the latest Mini PCs, Ultrabook, PC Gaming Handhelds and more!\",\"inLanguage\":\"fi\",\"publisher\":{\"@id\":\"https:\\\/\\\/droix.eu\\\/fi\\\/#organization\"}}]}\n\t\t<\/script>\n\t\t<!-- All in One SEO Pro -->\r\n\t\t<title>GPD Pocket 4 RS-232-moduuli - DROIX EU<\/title>\n\n","aioseo_head_json":{"title":"GPD Pocket 4 RS-232-moduuli - DROIX EU","description":"Virallinen GPD-tarvike RS-232-laajennusmoduuli Yhdist\u00e4minen sarjalaitteisiin Helppo asentaa GPD Pocket 4:\u00e4\u00e4n","canonical_url":"https:\/\/droix.eu\/fi\/product\/gpd-pocket-4-rs-232-moduuli\/","robots":"max-image-preview:large","keywords":"","webmasterTools":{"miscellaneous":""},"schema":{"@context":"https:\/\/schema.org","@graph":[{"@type":"BreadcrumbList","@id":"https:\/\/droix.eu\/fi\/product\/gpd-pocket-4-rs-232-moduuli\/#breadcrumblist","itemListElement":[{"@type":"ListItem","@id":"https:\/\/droix.eu\/fi\/#listItem","position":1,"name":"Home","item":"https:\/\/droix.eu\/fi\/","nextItem":{"@type":"ListItem","@id":"https:\/\/droix.eu\/fi\/product-category\/tarvikkeet\/#listItem","name":"Tarvikkeet"}},{"@type":"ListItem","@id":"https:\/\/droix.eu\/fi\/product-category\/tarvikkeet\/#listItem","position":2,"name":"Tarvikkeet","item":"https:\/\/droix.eu\/fi\/product-category\/tarvikkeet\/","nextItem":{"@type":"ListItem","@id":"https:\/\/droix.eu\/fi\/product-category\/tarvikkeet\/kannettavan-tietokoneen-tarvikkeet\/#listItem","name":"Kannettavan tietokoneen tarvikkeet"},"previousItem":{"@type":"ListItem","@id":"https:\/\/droix.eu\/fi\/#listItem","name":"Home"}},{"@type":"ListItem","@id":"https:\/\/droix.eu\/fi\/product-category\/tarvikkeet\/kannettavan-tietokoneen-tarvikkeet\/#listItem","position":3,"name":"Kannettavan tietokoneen tarvikkeet","item":"https:\/\/droix.eu\/fi\/product-category\/tarvikkeet\/kannettavan-tietokoneen-tarvikkeet\/","nextItem":{"@type":"ListItem","@id":"https:\/\/droix.eu\/fi\/product\/gpd-pocket-4-rs-232-moduuli\/#listItem","name":"GPD Pocket 4 RS-232-moduuli"},"previousItem":{"@type":"ListItem","@id":"https:\/\/droix.eu\/fi\/product-category\/tarvikkeet\/#listItem","name":"Tarvikkeet"}},{"@type":"ListItem","@id":"https:\/\/droix.eu\/fi\/product\/gpd-pocket-4-rs-232-moduuli\/#listItem","position":4,"name":"GPD Pocket 4 RS-232-moduuli","previousItem":{"@type":"ListItem","@id":"https:\/\/droix.eu\/fi\/product-category\/tarvikkeet\/kannettavan-tietokoneen-tarvikkeet\/#listItem","name":"Kannettavan tietokoneen tarvikkeet"}}]},{"@type":"Organization","@id":"https:\/\/droix.eu\/fi\/#organization","name":"DroiX \u2013 Trusted EU Tech Retailer with 12+ Years Experience","description":"DroiX is a leading European technology retailer with over 12 years of experience, offering quality mini PCs, handheld gaming consoles, and tech accessories. We provide hassle-free EU delivery with all taxes included, ensuring a smooth and reliable shopping experience for our customers across Europe.","url":"https:\/\/droix.eu\/fi\/","logo":{"@type":"ImageObject","url":"https:\/\/droix.eu\/wp-content\/uploads\/2024\/06\/droix-v2-light-logo.png","@id":"https:\/\/droix.eu\/fi\/product\/gpd-pocket-4-rs-232-moduuli\/#organizationLogo","width":380,"height":118},"image":{"@id":"https:\/\/droix.eu\/fi\/product\/gpd-pocket-4-rs-232-moduuli\/#organizationLogo"},"sameAs":["https:\/\/www.facebook.com\/DroiX.Store","https:\/\/twitter.com\/DroiX_Store","https:\/\/www.instagram.com\/droix.store\/","https:\/\/www.tiktok.com\/@droix.store","https:\/\/www.youtube.com\/c\/DroiX_Store","https:\/\/uk.linkedin.com\/company\/droix"]},{"@type":"Product","@id":"https:\/\/droix.eu\/fi\/product\/gpd-pocket-4-rs-232-moduuli\/#wooCommerceProduct","name":"GPD Pocket 4 RS-232-moduuli","description":"Virallinen GPD-tarvike\n \tRS-232-laajennusmoduuli \n \tYhdist\u00e4minen sarjalaitteisiin \n \tHelppo asentaa GPD Pocket 4:\u00e4\u00e4n","url":"https:\/\/droix.eu\/fi\/product\/gpd-pocket-4-rs-232-moduuli\/","sku":"GPD-POCKET-4-RS_232-MODULE","gtin":"5061077630410","image":{"@type":"ImageObject","url":"https:\/\/droix.eu\/wp-content\/uploads\/2024\/11\/GPD-POCKET-4-MODULE-RS-232-DONE-01.png","@id":"https:\/\/droix.eu\/fi\/product\/gpd-pocket-4-rs-232-moduuli\/#productImage","width":1500,"height":1500,"caption":"GPD POCKET 4 KVM-moduuli, jonka avulla GPD POCKET 4 Mini Laptop &amp; Tablet 2-In-1 -laite voidaan liitt\u00e4\u00e4 monenlaisiin sarjalaitteisiin."},"offers":{"@type":"Offer","url":"https:\/\/droix.eu\/fi\/product\/gpd-pocket-4-rs-232-moduuli\/#wooCommerceOffer","price":17.16,"priceCurrency":"EUR","category":"Kannettavan tietokoneen tarvikkeet","availability":"https:\/\/schema.org\/InStock","priceSpecification":{"@type":"PriceSpecification","price":17.16,"priceCurrency":"EUR","valueAddedTaxIncluded":"true"},"seller":{"@type":"Organization","@id":"https:\/\/droix.eu\/fi\/#organization"}}},{"@type":"WebPage","@id":"https:\/\/droix.eu\/fi\/product\/gpd-pocket-4-rs-232-moduuli\/#webpage","url":"https:\/\/droix.eu\/fi\/product\/gpd-pocket-4-rs-232-moduuli\/","name":"GPD Pocket 4 RS-232-moduuli - DROIX EU","description":"Virallinen GPD-tarvike RS-232-laajennusmoduuli Yhdist\u00e4minen sarjalaitteisiin Helppo asentaa GPD Pocket 4:\u00e4\u00e4n","inLanguage":"fi","isPartOf":{"@id":"https:\/\/droix.eu\/fi\/#website"},"breadcrumb":{"@id":"https:\/\/droix.eu\/fi\/product\/gpd-pocket-4-rs-232-moduuli\/#breadcrumblist"},"image":{"@type":"ImageObject","url":"https:\/\/droix.eu\/wp-content\/uploads\/2024\/11\/GPD-POCKET-4-MODULE-RS-232-DONE-01.png","@id":"https:\/\/droix.eu\/fi\/product\/gpd-pocket-4-rs-232-moduuli\/#mainImage","width":1500,"height":1500,"caption":"GPD POCKET 4 KVM-moduuli, jonka avulla GPD POCKET 4 Mini Laptop &amp; Tablet 2-In-1 -laite voidaan liitt\u00e4\u00e4 monenlaisiin sarjalaitteisiin."},"primaryImageOfPage":{"@id":"https:\/\/droix.eu\/fi\/product\/gpd-pocket-4-rs-232-moduuli\/#mainImage"},"datePublished":"2024-11-28T09:28:43+00:00","dateModified":"2026-04-09T23:36:18+01:00"},{"@type":"WebSite","@id":"https:\/\/droix.eu\/fi\/#website","url":"https:\/\/droix.eu\/fi\/","name":"DROIX EU","description":"Get the latest Mini PCs, Ultrabook, PC Gaming Handhelds and more!","inLanguage":"fi","publisher":{"@id":"https:\/\/droix.eu\/fi\/#organization"}}]},"og:locale":"fi_FI","og:site_name":"DROIX EU - Get the latest Mini PCs, Ultrabook, PC Gaming Handhelds and more!","og:type":"article","og:title":"GPD Pocket 4 RS-232-moduuli - DROIX EU","og:description":"Virallinen GPD-tarvike RS-232-laajennusmoduuli Yhdist\u00e4minen sarjalaitteisiin Helppo asentaa GPD Pocket 4:\u00e4\u00e4n","og:url":"https:\/\/droix.eu\/fi\/product\/gpd-pocket-4-rs-232-moduuli\/","og:image":"https:\/\/droix.eu\/wp-content\/uploads\/2024\/06\/droix-v2-light-logo.png","og:image:secure_url":"https:\/\/droix.eu\/wp-content\/uploads\/2024\/06\/droix-v2-light-logo.png","og:image:width":380,"og:image:height":118,"article:published_time":"2024-11-28T09:28:43+00:00","article:modified_time":"2026-04-09T22:36:18+00:00","article:publisher":"https:\/\/www.facebook.com\/DroiX.Store","twitter:card":"summary_large_image","twitter:site":"@DroiX_Store","twitter:title":"GPD Pocket 4 RS-232-moduuli - DROIX EU","twitter:description":"Virallinen GPD-tarvike RS-232-laajennusmoduuli Yhdist\u00e4minen sarjalaitteisiin Helppo asentaa GPD Pocket 4:\u00e4\u00e4n","twitter:image":"https:\/\/droix.eu\/wp-content\/uploads\/2024\/06\/droix-v2-light-logo.png"},"aioseo_meta_data":{"post_id":"542496","title":null,"description":null,"keywords":null,"keyphrases":{"focus":{"keyphrase":"","score":0,"analysis":{"keyphraseInTitle":{"score":0,"maxScore":9,"error":1}}},"additional":[]},"primary_term":null,"canonical_url":null,"og_title":null,"og_description":null,"og_object_type":"default","og_image_type":"default","og_image_url":null,"og_image_width":null,"og_image_height":null,"og_image_custom_url":null,"og_image_custom_fields":null,"og_video":"","og_custom_url":null,"og_article_section":null,"og_article_tags":null,"twitter_use_og":true,"twitter_card":"default","twitter_image_type":"default","twitter_image_url":null,"twitter_image_custom_url":null,"twitter_image_custom_fields":null,"twitter_title":null,"twitter_description":null,"schema":{"blockGraphs":[],"customGraphs":[],"default":{"data":{"Article":[],"Course":[],"Dataset":[],"FAQPage":[],"Movie":[],"Person":[],"Product":[],"ProductReview":[],"Car":[],"Recipe":[],"Service":[],"SoftwareApplication":[],"WebPage":[]},"graphName":"Product","isEnabled":true},"graphs":[]},"schema_type":"default","schema_type_options":null,"pillar_content":false,"robots_default":true,"robots_noindex":false,"robots_noarchive":false,"robots_nosnippet":false,"robots_nofollow":false,"robots_noimageindex":false,"robots_noodp":false,"robots_notranslate":false,"robots_max_snippet":"-1","robots_max_videopreview":"-1","robots_max_imagepreview":"large","priority":null,"frequency":"default","local_seo":null,"seo_analyzer_scan_date":null,"breadcrumb_settings":null,"limit_modified_date":false,"reviewed_by":null,"open_ai":null,"ai":{"faqs":[],"keyPoints":[],"titles":[],"descriptions":[],"socialPosts":{"email":[],"linkedin":[],"twitter":[],"facebook":[],"instagram":[]}},"created":"2025-10-09 06:44:21","updated":"2026-04-09 23:48:01"},"aioseo_breadcrumb":"<div class=\"aioseo-breadcrumbs\"><span class=\"aioseo-breadcrumb\">\n\t<a href=\"https:\/\/droix.eu\/fi\/\" title=\"Home\">Home<\/a>\n<\/span><span class=\"aioseo-breadcrumb-separator\">&raquo;<\/span><span class=\"aioseo-breadcrumb\">\n\t<a href=\"https:\/\/droix.eu\/fi\/product-category\/tarvikkeet\/\" title=\"Tarvikkeet\">Tarvikkeet<\/a>\n<\/span><span class=\"aioseo-breadcrumb-separator\">&raquo;<\/span><span class=\"aioseo-breadcrumb\">\n\t<a href=\"https:\/\/droix.eu\/fi\/product-category\/tarvikkeet\/kannettavan-tietokoneen-tarvikkeet\/\" title=\"Kannettavan tietokoneen tarvikkeet\">Kannettavan tietokoneen tarvikkeet<\/a>\n<\/span><span class=\"aioseo-breadcrumb-separator\">&raquo;<\/span><span class=\"aioseo-breadcrumb\">\n\tGPD Pocket 4 RS-232-moduuli\n<\/span><\/div>","aioseo_breadcrumb_json":[{"label":"Home","link":"https:\/\/droix.eu\/fi\/"},{"label":"Tarvikkeet","link":"https:\/\/droix.eu\/fi\/product-category\/tarvikkeet\/"},{"label":"Kannettavan tietokoneen tarvikkeet","link":"https:\/\/droix.eu\/fi\/product-category\/tarvikkeet\/kannettavan-tietokoneen-tarvikkeet\/"},{"label":"GPD Pocket 4 RS-232-moduuli","link":"https:\/\/droix.eu\/fi\/product\/gpd-pocket-4-rs-232-moduuli\/"}],"_links":{"self":[{"href":"https:\/\/droix.eu\/fi\/wp-json\/wp\/v2\/product\/542496","targetHints":{"allow":["GET"]}}],"collection":[{"href":"https:\/\/droix.eu\/fi\/wp-json\/wp\/v2\/product"}],"about":[{"href":"https:\/\/droix.eu\/fi\/wp-json\/wp\/v2\/types\/product"}],"version-history":[{"count":1,"href":"https:\/\/droix.eu\/fi\/wp-json\/wp\/v2\/product\/542496\/revisions"}],"predecessor-version":[{"id":715446,"href":"https:\/\/droix.eu\/fi\/wp-json\/wp\/v2\/product\/542496\/revisions\/715446"}],"wp:featuredmedia":[{"embeddable":true,"href":"https:\/\/droix.eu\/fi\/wp-json\/wp\/v2\/media\/542507"}],"wp:attachment":[{"href":"https:\/\/droix.eu\/fi\/wp-json\/wp\/v2\/media?parent=542496"}],"wp:term":[{"taxonomy":"product_brand","embeddable":true,"href":"https:\/\/droix.eu\/fi\/wp-json\/wp\/v2\/product_brand?post=542496"},{"taxonomy":"product_cat","embeddable":true,"href":"https:\/\/droix.eu\/fi\/wp-json\/wp\/v2\/product_cat?post=542496"},{"taxonomy":"product_tag","embeddable":true,"href":"https:\/\/droix.eu\/fi\/wp-json\/wp\/v2\/product_tag?post=542496"},{"taxonomy":"woo-feed-brand","embeddable":true,"href":"https:\/\/droix.eu\/fi\/wp-json\/wp\/v2\/woo-feed-brand?post=542496"},{"taxonomy":"key-features","embeddable":true,"href":"https:\/\/droix.eu\/fi\/wp-json\/wp\/v2\/key-features?post=542496"}],"curies":[{"name":"wp","href":"https:\/\/api.w.org\/{rel}","templated":true}]}}