{"id":538665,"date":"2024-09-19T12:02:29","date_gmt":"2024-09-19T11:02:29","guid":{"rendered":"https:\/\/droix.eu\/product\/ayaneo-pocket-s-tarvikkeet\/"},"modified":"2026-04-08T10:13:46","modified_gmt":"2026-04-08T09:13:46","slug":"ayaneo-pocket-s-tarvikkeet","status":"publish","type":"product","link":"https:\/\/droix.eu\/fi\/product\/ayaneo-pocket-s-tarvikkeet\/","title":{"rendered":"AYANEO Pocket S tarvikkeet"},"content":{"rendered":"\n<p>Paranna AYANEO Pocket S -pelikokemustasi t\u00e4ll\u00e4 pakollisella lis\u00e4varustepaketilla, joka on suunniteltu suojaamaan, tarjoamaan mukavuutta ja parantamaan pelattavuutta.<\/p>\n\n<ul class=\"wp-block-list\">\n<li><strong><strong>Ergonominen Comfort Grip -suojakuori<\/strong><\/strong>: Innovatiivisen ergonomisen muotoilun ansiosta t\u00e4m\u00e4 suojakuori parantaa huomattavasti AYANEO Pocket S:n k\u00e4ytt\u00f6mukavuutta ja toiminnallisuutta. Liukastumista est\u00e4v\u00e4 rakenne takaa lujan ja turvallisen otteen, ja suuri, muotoiltu kahva tarjoaa t\u00e4yden ja mukavan otteen, joka mahdollistaa pitk\u00e4t, v\u00e4sym\u00e4tt\u00f6m\u00e4t pelisessiot. T\u00e4m\u00e4 kest\u00e4v\u00e4 suojakuori ymp\u00e4r\u00f6i laitteesi turvallisesti ja tarjoaa kattavan suojan, joka suojaa AYANEO Pocket S:\u00e4\u00e4 p\u00e4ivitt\u00e4isilt\u00e4 kolhuilta, naarmuilta ja kulumiselta. <\/li>\n\n\n\n<li><strong>N\u00e4yt\u00f6nsuoja<\/strong>: Suojaa n\u00e4ytt\u00f6 korkealaatuisella, eritt\u00e4in kirkkaalla n\u00e4yt\u00f6nsuojalla. Se on suunniteltu kest\u00e4m\u00e4\u00e4n naarmuja, tahroja ja sormenj\u00e4lki\u00e4, ja se takaa, ett\u00e4 n\u00e4ytt\u00f6 pysyy yht\u00e4 elinvoimaisena ja herkk\u00e4n\u00e4 kuin aina ennenkin. Sen helppo kiinnitys takaa kuplattoman asennuksen, joka pit\u00e4\u00e4 n\u00e4yt\u00f6n koskemattomana ja s\u00e4ilytt\u00e4\u00e4 samalla kosketusherkkyyden, jotta pelaaminen olisi sujuvaa ja keskeytym\u00e4t\u00f6nt\u00e4.  <\/li>\n\n\n\n<li><strong>Peukalokahvat<\/strong>: Paranna hallintaa ensiluokkaisilla peukalokahvoilla. N\u00e4m\u00e4 analogisten ohjaussauvojen silikonisuojat tarjoavat erinomaisen pidon ja tarkkuuden, mik\u00e4 auttaa sinua s\u00e4ilytt\u00e4m\u00e4\u00e4n hallinnan kiihkeimmiss\u00e4kin pelihetkiss\u00e4. N\u00e4m\u00e4 peukalokahvat on suunniteltu v\u00e4hent\u00e4m\u00e4\u00e4n v\u00e4symyst\u00e4 ja parantamaan k\u00e4ytt\u00f6mukavuutta, ja ne mahdollistavat tarkemmat liikkeet, mik\u00e4 antaa sinulle tarvitsemasi kilpailuedun.  <\/li>\n<\/ul>\n\n<p>T\u00e4m\u00e4 lis\u00e4varustepaketti varmistaa, ett\u00e4 AYANEO Pocket S pysyy suojattuna ja toimintavalmiina, ja parantaa samalla pelikokemusta ergonomisilla parannuksilla.<\/p>\n","protected":false},"excerpt":{"rendered":"<ul>\n<li><strong>Virallinen AYANEO<\/strong> Pocket S Case<\/li>\n<li>Pehme\u00e4 kangasvuori <strong>lis\u00e4\u00e4 suojaa.<\/strong><\/li>\n<li>Liukastumista est\u00e4v\u00e4 rakenne ja suurikokoinen kahva turvallisen pidon takaamiseksi.<\/li>\n<li>Laadukas, eritt\u00e4in kirkas suojaus, joka est\u00e4\u00e4 naarmuja ja tahroja.<\/li>\n<li>S\u00e4ilytt\u00e4\u00e4 kosketusherkkyyden sulavaa pelaamista varten.<\/li>\n<\/ul>\n[cg_accordion title=\"1 vuoden takuu, kokemuksen tukena\"]<\/p>\n<p>Ostoksesi on suojattu 1 vuoden takuulla ja yli 13 vuoden luotettavalla palvelulla. Yli 500 000 tyytyv\u00e4isen asiakkaan ansiosta olet turvallisissa k\u00e4siss\u00e4. [\/cg_accordion]\n[cg_accordion title=\"Laadunvarmistus ja l\u00e4hetyst\u00e4 edelt\u00e4v\u00e4 testaus\"]<\/p>\n<p>Asiakastyytyv\u00e4isyyden varmistaminen korkeimmalla tasolla: Jokainen laite testataan tiukasti ja sille tehd\u00e4\u00e4n monipisteinen laadunvarmistustarkastus ennen sen l\u00e4hett\u00e4mist\u00e4. Asialle omistautunut tiimimme tarkistaa suorituskyvyn, toimivuuden ja komponenttien eheyden, jotta AYANEO-laitteesi on saapuessaan t\u00e4ydellisess\u00e4 toimintakunnossa, mik\u00e4 antaa sinulle luottamusta ja mielenrauhaa. [\/cg_accordion]\n[cg_accordion title=\"Joustavat ja turvalliset maksuvaihtoehdot\"]<\/p>\n<p>Nauti mielenrauhasta turvallisen kassaj\u00e4rjestelm\u00e4mme avulla. Tuemme kaikkia yleisimpi\u00e4 maksutapoja, kuten pankki- ja luottokortteja, PayPalia, Apple Payta, Google Payta, Klarnaa, Afterpayta ja Affirmia, mik\u00e4 antaa sinulle vapauden maksaa haluamallasi tavalla, joko etuk\u00e4teen tai helpoissa eriss\u00e4. [\/cg_accordion]\n[cg_accordion title=\"Verot\"]<\/p>\n<p>Hinnat sis\u00e4lt\u00e4v\u00e4t arvonlis\u00e4veron, joka voi olla jopa 25 % maasta riippuen. Tarkka summa ilmoitetaan kassalla t\u00e4ydellisen avoimuuden varmistamiseksi. [\/cg_accordion]\n[cg_accordion title=\"Toimitus ja palautukset\"]<\/p>\n<p>Teemme yhteisty\u00f6t\u00e4 yli 10 luotettavan toimituskumppanin kanssa varmistaaksemme, ett\u00e4 tilauksesi saapuu perille nopeasti, turvallisesti ja luotettavasti.<\/p>\n<p>K\u00e4yt\u00e4mme Express DDP (Delivered Duty Paid) -toimitusta. T\u00e4m\u00e4 tarkoittaa: <\/p>\n<li>Kaikki tullit ja verot sis\u00e4ltyv\u00e4t jo tuotteen hintaan.<\/li>\n<li>Et joudu kohtaamaan mit\u00e4\u00e4n yll\u00e4tysmaksuja toimituksen yhteydess\u00e4.<\/li>\n<li>Harvinaisissa tapauksissa, joissa tulli viiv\u00e4styy, tiimimme hoitaa tulliselvitysprosessin puolestasi varmistaakseen sujuvan toimituksen.<\/li>\n<p>T\u00e4rke\u00e4\u00e4 tietoa palautuksista:<\/p>\n<li>Jos palautat tilauksesi tai pyyd\u00e4t palautusta, huomioi, ett\u00e4 DDP-ehtojen mukaisesti puolestasi maksettuja veroja ja tulleja ei palauteta.<\/li>\n<p>Katso yksityiskohtaiset tiedot <a href=\"https:\/\/droix.eu\/fi\/ehdot-ja-edellytykset\/\" target=\"_blank\" rel=\"nofollow noopener\">k\u00e4ytt\u00f6ehdoistamme<\/a>.\n<\/ul>\n<p>[\/cg_accordion]\n[cg_accordion title=\"Asiakastuki\"]<\/p>\n<p>Onko kysytt\u00e4v\u00e4\u00e4? Olemme lyhyen tekstiviestin p\u00e4\u00e4ss\u00e4 siit\u00e4, ett\u00e4 ongelmasi on ratkaistu! [\/cg_accordion]\n[cg_accordion title=\"Paketti sis\u00e4lt\u00e4\u00e4\"]<\/p>\n<ul>\n<li>1x AYANEO Pocket S Case<\/li>\n<li>1x AYANEO Pocket S -n\u00e4yt\u00f6nsuojus<\/li>\n<li>1x AYANEO Pocket S kahvat<\/li>\n<\/ul>\n<p>[\/cg_accordion]\n","protected":false},"featured_media":538666,"template":"","meta":{"_acf_changed":false},"product_brand":[],"product_cat":[35824],"product_tag":[],"woo-feed-brand":[],"key-features":[],"class_list":{"0":"post-538665","1":"product","2":"type-product","3":"status-publish","4":"has-post-thumbnail","6":"product_cat-uncategorized-fi","7":"product_shipping_class-low-end","8":"pa_accessory-type-grip","9":"pa_accessory-type-protective-case","10":"pa_accessory-type-screen-protector","11":"pa_brands-ayaneo-fi","13":"first","14":"instock","15":"sale","16":"taxable","17":"shipping-taxable","18":"purchasable","19":"product-type-simple"},"acf":[],"aioseo_notices":[],"aioseo_head":"\n\t\t<!-- All in One SEO Pro 4.9.6.2 - aioseo.com -->\n\t<meta name=\"description\" content=\"Virallinen AYANEO Pocket S Case Pehme\u00e4 kangasvuori lis\u00e4\u00e4 suojaa. Liukastumista est\u00e4v\u00e4 rakenne ja suurikokoinen kahva turvallisen pidon takaamiseksi. Laadukas, eritt\u00e4in kirkas suojaus, joka est\u00e4\u00e4 naarmuja ja tahroja. S\u00e4ilytt\u00e4\u00e4 kosketusherkkyyden sulavaa pelaamista varten.\" \/>\n\t<meta name=\"robots\" content=\"max-image-preview:large\" \/>\n\t<link rel=\"canonical\" href=\"https:\/\/droix.eu\/fi\/product\/ayaneo-pocket-s-tarvikkeet\/\" \/>\n\t<meta name=\"generator\" content=\"All in One SEO Pro (AIOSEO) 4.9.6.2\" \/>\n\t\t<meta property=\"og:locale\" content=\"fi_FI\" \/>\n\t\t<meta property=\"og:site_name\" content=\"DROIX EU - Get the latest Mini PCs, Ultrabook, PC Gaming Handhelds and more!\" \/>\n\t\t<meta property=\"og:type\" content=\"article\" \/>\n\t\t<meta property=\"og:title\" content=\"AYANEO Pocket S tarvikkeet - DROIX EU\" \/>\n\t\t<meta property=\"og:description\" content=\"Virallinen AYANEO Pocket S Case Pehme\u00e4 kangasvuori lis\u00e4\u00e4 suojaa. Liukastumista est\u00e4v\u00e4 rakenne ja suurikokoinen kahva turvallisen pidon takaamiseksi. Laadukas, eritt\u00e4in kirkas suojaus, joka est\u00e4\u00e4 naarmuja ja tahroja. S\u00e4ilytt\u00e4\u00e4 kosketusherkkyyden sulavaa pelaamista varten.\" \/>\n\t\t<meta property=\"og:url\" content=\"https:\/\/droix.eu\/fi\/product\/ayaneo-pocket-s-tarvikkeet\/\" \/>\n\t\t<meta property=\"og:image\" content=\"https:\/\/droix.eu\/wp-content\/uploads\/2024\/06\/droix-v2-light-logo.png\" \/>\n\t\t<meta property=\"og:image:secure_url\" content=\"https:\/\/droix.eu\/wp-content\/uploads\/2024\/06\/droix-v2-light-logo.png\" \/>\n\t\t<meta property=\"og:image:width\" content=\"380\" \/>\n\t\t<meta property=\"og:image:height\" content=\"118\" \/>\n\t\t<meta property=\"article:published_time\" content=\"2024-09-19T11:02:29+00:00\" \/>\n\t\t<meta property=\"article:modified_time\" content=\"2026-04-08T09:13:46+00:00\" \/>\n\t\t<meta property=\"article:publisher\" content=\"https:\/\/www.facebook.com\/DroiX.Store\" \/>\n\t\t<meta name=\"twitter:card\" content=\"summary_large_image\" \/>\n\t\t<meta name=\"twitter:site\" content=\"@DroiX_Store\" \/>\n\t\t<meta name=\"twitter:title\" content=\"AYANEO Pocket S tarvikkeet - DROIX EU\" \/>\n\t\t<meta name=\"twitter:description\" content=\"Virallinen AYANEO Pocket S Case Pehme\u00e4 kangasvuori lis\u00e4\u00e4 suojaa. Liukastumista est\u00e4v\u00e4 rakenne ja suurikokoinen kahva turvallisen pidon takaamiseksi. Laadukas, eritt\u00e4in kirkas suojaus, joka est\u00e4\u00e4 naarmuja ja tahroja. S\u00e4ilytt\u00e4\u00e4 kosketusherkkyyden sulavaa pelaamista varten.\" \/>\n\t\t<meta name=\"twitter:image\" content=\"https:\/\/droix.eu\/wp-content\/uploads\/2024\/06\/droix-v2-light-logo.png\" \/>\n\t\t<script type=\"application\/ld+json\" class=\"aioseo-schema\">\n\t\t\t{\"@context\":\"https:\\\/\\\/schema.org\",\"@graph\":[{\"@type\":\"BreadcrumbList\",\"@id\":\"https:\\\/\\\/droix.eu\\\/fi\\\/product\\\/ayaneo-pocket-s-tarvikkeet\\\/#breadcrumblist\",\"itemListElement\":[{\"@type\":\"ListItem\",\"@id\":\"https:\\\/\\\/droix.eu\\\/fi\\\/#listItem\",\"position\":1,\"name\":\"Home\",\"item\":\"https:\\\/\\\/droix.eu\\\/fi\\\/\",\"nextItem\":{\"@type\":\"ListItem\",\"@id\":\"https:\\\/\\\/droix.eu\\\/fi\\\/product-category\\\/uncategorized-fi\\\/#listItem\",\"name\":\"Uncategorized\"}},{\"@type\":\"ListItem\",\"@id\":\"https:\\\/\\\/droix.eu\\\/fi\\\/product-category\\\/uncategorized-fi\\\/#listItem\",\"position\":2,\"name\":\"Uncategorized\",\"item\":\"https:\\\/\\\/droix.eu\\\/fi\\\/product-category\\\/uncategorized-fi\\\/\",\"nextItem\":{\"@type\":\"ListItem\",\"@id\":\"https:\\\/\\\/droix.eu\\\/fi\\\/product\\\/ayaneo-pocket-s-tarvikkeet\\\/#listItem\",\"name\":\"AYANEO Pocket S tarvikkeet\"},\"previousItem\":{\"@type\":\"ListItem\",\"@id\":\"https:\\\/\\\/droix.eu\\\/fi\\\/#listItem\",\"name\":\"Home\"}},{\"@type\":\"ListItem\",\"@id\":\"https:\\\/\\\/droix.eu\\\/fi\\\/product\\\/ayaneo-pocket-s-tarvikkeet\\\/#listItem\",\"position\":3,\"name\":\"AYANEO Pocket S tarvikkeet\",\"previousItem\":{\"@type\":\"ListItem\",\"@id\":\"https:\\\/\\\/droix.eu\\\/fi\\\/product-category\\\/uncategorized-fi\\\/#listItem\",\"name\":\"Uncategorized\"}}]},{\"@type\":\"Organization\",\"@id\":\"https:\\\/\\\/droix.eu\\\/fi\\\/#organization\",\"name\":\"DroiX \\u2013 Trusted EU Tech Retailer with 12+ Years Experience\",\"description\":\"DroiX is a leading European technology retailer with over 12 years of experience, offering quality mini PCs, handheld gaming consoles, and tech accessories. We provide hassle-free EU delivery with all taxes included, ensuring a smooth and reliable shopping experience for our customers across Europe.\",\"url\":\"https:\\\/\\\/droix.eu\\\/fi\\\/\",\"logo\":{\"@type\":\"ImageObject\",\"url\":\"https:\\\/\\\/droix.eu\\\/wp-content\\\/uploads\\\/2024\\\/06\\\/droix-v2-light-logo.png\",\"@id\":\"https:\\\/\\\/droix.eu\\\/fi\\\/product\\\/ayaneo-pocket-s-tarvikkeet\\\/#organizationLogo\",\"width\":380,\"height\":118},\"image\":{\"@id\":\"https:\\\/\\\/droix.eu\\\/fi\\\/product\\\/ayaneo-pocket-s-tarvikkeet\\\/#organizationLogo\"},\"sameAs\":[\"https:\\\/\\\/www.facebook.com\\\/DroiX.Store\",\"https:\\\/\\\/twitter.com\\\/DroiX_Store\",\"https:\\\/\\\/www.instagram.com\\\/droix.store\\\/\",\"https:\\\/\\\/www.tiktok.com\\\/@droix.store\",\"https:\\\/\\\/www.youtube.com\\\/c\\\/DroiX_Store\",\"https:\\\/\\\/uk.linkedin.com\\\/company\\\/droix\"]},{\"@type\":\"Product\",\"@id\":\"https:\\\/\\\/droix.eu\\\/fi\\\/product\\\/ayaneo-pocket-s-tarvikkeet\\\/#wooCommerceProduct\",\"name\":\"AYANEO Pocket S tarvikkeet\",\"description\":\"Virallinen AYANEO Pocket S Case\\n \\tPehme\\u00e4 kangasvuori lis\\u00e4\\u00e4 suojaa.\\n \\tLiukastumista est\\u00e4v\\u00e4 rakenne ja suurikokoinen kahva turvallisen pidon takaamiseksi.\\n \\tLaadukas, eritt\\u00e4in kirkas suojaus, joka est\\u00e4\\u00e4 naarmuja ja tahroja.\\n \\tS\\u00e4ilytt\\u00e4\\u00e4 kosketusherkkyyden sulavaa pelaamista varten.\",\"url\":\"https:\\\/\\\/droix.eu\\\/fi\\\/product\\\/ayaneo-pocket-s-tarvikkeet\\\/\",\"sku\":\"AYANEO-POCKET-S-FREEBIES\",\"image\":{\"@type\":\"ImageObject\",\"url\":\"https:\\\/\\\/droix.eu\\\/wp-content\\\/uploads\\\/2024\\\/09\\\/AYANEO-POCKET-S-ACCESSORIES-LISTING-DONE-01.png\",\"@id\":\"https:\\\/\\\/droix.eu\\\/fi\\\/product\\\/ayaneo-pocket-s-tarvikkeet\\\/#productImage\",\"width\":1500,\"height\":1500,\"caption\":\"Ilmaiset AYANEO Pocket S -tarvikkeet (suojakotelo + kahvat + n\\u00e4yt\\u00f6nsuoja)\"},\"offers\":{\"@type\":\"Offer\",\"url\":\"https:\\\/\\\/droix.eu\\\/fi\\\/product\\\/ayaneo-pocket-s-tarvikkeet\\\/#wooCommerceOffer\",\"price\":11.01,\"priceCurrency\":\"EUR\",\"category\":\"Uncategorized\",\"availability\":\"https:\\\/\\\/schema.org\\\/InStock\",\"priceSpecification\":{\"@type\":\"PriceSpecification\",\"price\":11.01,\"priceCurrency\":\"EUR\",\"valueAddedTaxIncluded\":\"true\"},\"seller\":{\"@type\":\"Organization\",\"@id\":\"https:\\\/\\\/droix.eu\\\/fi\\\/#organization\"}}},{\"@type\":\"WebPage\",\"@id\":\"https:\\\/\\\/droix.eu\\\/fi\\\/product\\\/ayaneo-pocket-s-tarvikkeet\\\/#webpage\",\"url\":\"https:\\\/\\\/droix.eu\\\/fi\\\/product\\\/ayaneo-pocket-s-tarvikkeet\\\/\",\"name\":\"AYANEO Pocket S tarvikkeet - DROIX EU\",\"description\":\"Virallinen AYANEO Pocket S Case Pehme\\u00e4 kangasvuori lis\\u00e4\\u00e4 suojaa. Liukastumista est\\u00e4v\\u00e4 rakenne ja suurikokoinen kahva turvallisen pidon takaamiseksi. Laadukas, eritt\\u00e4in kirkas suojaus, joka est\\u00e4\\u00e4 naarmuja ja tahroja. S\\u00e4ilytt\\u00e4\\u00e4 kosketusherkkyyden sulavaa pelaamista varten.\",\"inLanguage\":\"fi\",\"isPartOf\":{\"@id\":\"https:\\\/\\\/droix.eu\\\/fi\\\/#website\"},\"breadcrumb\":{\"@id\":\"https:\\\/\\\/droix.eu\\\/fi\\\/product\\\/ayaneo-pocket-s-tarvikkeet\\\/#breadcrumblist\"},\"image\":{\"@type\":\"ImageObject\",\"url\":\"https:\\\/\\\/droix.eu\\\/wp-content\\\/uploads\\\/2024\\\/09\\\/AYANEO-POCKET-S-ACCESSORIES-LISTING-DONE-01.png\",\"@id\":\"https:\\\/\\\/droix.eu\\\/fi\\\/product\\\/ayaneo-pocket-s-tarvikkeet\\\/#mainImage\",\"width\":1500,\"height\":1500,\"caption\":\"Ilmaiset AYANEO Pocket S -tarvikkeet (suojakotelo + kahvat + n\\u00e4yt\\u00f6nsuoja)\"},\"primaryImageOfPage\":{\"@id\":\"https:\\\/\\\/droix.eu\\\/fi\\\/product\\\/ayaneo-pocket-s-tarvikkeet\\\/#mainImage\"},\"datePublished\":\"2024-09-19T12:02:29+01:00\",\"dateModified\":\"2026-04-08T10:13:46+01:00\"},{\"@type\":\"WebSite\",\"@id\":\"https:\\\/\\\/droix.eu\\\/fi\\\/#website\",\"url\":\"https:\\\/\\\/droix.eu\\\/fi\\\/\",\"name\":\"DROIX EU\",\"description\":\"Get the latest Mini PCs, Ultrabook, PC Gaming Handhelds and more!\",\"inLanguage\":\"fi\",\"publisher\":{\"@id\":\"https:\\\/\\\/droix.eu\\\/fi\\\/#organization\"}}]}\n\t\t<\/script>\n\t\t<!-- All in One SEO Pro -->\r\n\t\t<title>AYANEO Pocket S tarvikkeet - DROIX EU<\/title>\n\n","aioseo_head_json":{"title":"AYANEO Pocket S tarvikkeet - DROIX EU","description":"Virallinen AYANEO Pocket S Case Pehme\u00e4 kangasvuori lis\u00e4\u00e4 suojaa. Liukastumista est\u00e4v\u00e4 rakenne ja suurikokoinen kahva turvallisen pidon takaamiseksi. Laadukas, eritt\u00e4in kirkas suojaus, joka est\u00e4\u00e4 naarmuja ja tahroja. S\u00e4ilytt\u00e4\u00e4 kosketusherkkyyden sulavaa pelaamista varten.","canonical_url":"https:\/\/droix.eu\/fi\/product\/ayaneo-pocket-s-tarvikkeet\/","robots":"max-image-preview:large","keywords":"","webmasterTools":{"miscellaneous":""},"schema":{"@context":"https:\/\/schema.org","@graph":[{"@type":"BreadcrumbList","@id":"https:\/\/droix.eu\/fi\/product\/ayaneo-pocket-s-tarvikkeet\/#breadcrumblist","itemListElement":[{"@type":"ListItem","@id":"https:\/\/droix.eu\/fi\/#listItem","position":1,"name":"Home","item":"https:\/\/droix.eu\/fi\/","nextItem":{"@type":"ListItem","@id":"https:\/\/droix.eu\/fi\/product-category\/uncategorized-fi\/#listItem","name":"Uncategorized"}},{"@type":"ListItem","@id":"https:\/\/droix.eu\/fi\/product-category\/uncategorized-fi\/#listItem","position":2,"name":"Uncategorized","item":"https:\/\/droix.eu\/fi\/product-category\/uncategorized-fi\/","nextItem":{"@type":"ListItem","@id":"https:\/\/droix.eu\/fi\/product\/ayaneo-pocket-s-tarvikkeet\/#listItem","name":"AYANEO Pocket S tarvikkeet"},"previousItem":{"@type":"ListItem","@id":"https:\/\/droix.eu\/fi\/#listItem","name":"Home"}},{"@type":"ListItem","@id":"https:\/\/droix.eu\/fi\/product\/ayaneo-pocket-s-tarvikkeet\/#listItem","position":3,"name":"AYANEO Pocket S tarvikkeet","previousItem":{"@type":"ListItem","@id":"https:\/\/droix.eu\/fi\/product-category\/uncategorized-fi\/#listItem","name":"Uncategorized"}}]},{"@type":"Organization","@id":"https:\/\/droix.eu\/fi\/#organization","name":"DroiX \u2013 Trusted EU Tech Retailer with 12+ Years Experience","description":"DroiX is a leading European technology retailer with over 12 years of experience, offering quality mini PCs, handheld gaming consoles, and tech accessories. We provide hassle-free EU delivery with all taxes included, ensuring a smooth and reliable shopping experience for our customers across Europe.","url":"https:\/\/droix.eu\/fi\/","logo":{"@type":"ImageObject","url":"https:\/\/droix.eu\/wp-content\/uploads\/2024\/06\/droix-v2-light-logo.png","@id":"https:\/\/droix.eu\/fi\/product\/ayaneo-pocket-s-tarvikkeet\/#organizationLogo","width":380,"height":118},"image":{"@id":"https:\/\/droix.eu\/fi\/product\/ayaneo-pocket-s-tarvikkeet\/#organizationLogo"},"sameAs":["https:\/\/www.facebook.com\/DroiX.Store","https:\/\/twitter.com\/DroiX_Store","https:\/\/www.instagram.com\/droix.store\/","https:\/\/www.tiktok.com\/@droix.store","https:\/\/www.youtube.com\/c\/DroiX_Store","https:\/\/uk.linkedin.com\/company\/droix"]},{"@type":"Product","@id":"https:\/\/droix.eu\/fi\/product\/ayaneo-pocket-s-tarvikkeet\/#wooCommerceProduct","name":"AYANEO Pocket S tarvikkeet","description":"Virallinen AYANEO Pocket S Case\n \tPehme\u00e4 kangasvuori lis\u00e4\u00e4 suojaa.\n \tLiukastumista est\u00e4v\u00e4 rakenne ja suurikokoinen kahva turvallisen pidon takaamiseksi.\n \tLaadukas, eritt\u00e4in kirkas suojaus, joka est\u00e4\u00e4 naarmuja ja tahroja.\n \tS\u00e4ilytt\u00e4\u00e4 kosketusherkkyyden sulavaa pelaamista varten.","url":"https:\/\/droix.eu\/fi\/product\/ayaneo-pocket-s-tarvikkeet\/","sku":"AYANEO-POCKET-S-FREEBIES","image":{"@type":"ImageObject","url":"https:\/\/droix.eu\/wp-content\/uploads\/2024\/09\/AYANEO-POCKET-S-ACCESSORIES-LISTING-DONE-01.png","@id":"https:\/\/droix.eu\/fi\/product\/ayaneo-pocket-s-tarvikkeet\/#productImage","width":1500,"height":1500,"caption":"Ilmaiset AYANEO Pocket S -tarvikkeet (suojakotelo + kahvat + n\u00e4yt\u00f6nsuoja)"},"offers":{"@type":"Offer","url":"https:\/\/droix.eu\/fi\/product\/ayaneo-pocket-s-tarvikkeet\/#wooCommerceOffer","price":11.01,"priceCurrency":"EUR","category":"Uncategorized","availability":"https:\/\/schema.org\/InStock","priceSpecification":{"@type":"PriceSpecification","price":11.01,"priceCurrency":"EUR","valueAddedTaxIncluded":"true"},"seller":{"@type":"Organization","@id":"https:\/\/droix.eu\/fi\/#organization"}}},{"@type":"WebPage","@id":"https:\/\/droix.eu\/fi\/product\/ayaneo-pocket-s-tarvikkeet\/#webpage","url":"https:\/\/droix.eu\/fi\/product\/ayaneo-pocket-s-tarvikkeet\/","name":"AYANEO Pocket S tarvikkeet - DROIX EU","description":"Virallinen AYANEO Pocket S Case Pehme\u00e4 kangasvuori lis\u00e4\u00e4 suojaa. Liukastumista est\u00e4v\u00e4 rakenne ja suurikokoinen kahva turvallisen pidon takaamiseksi. Laadukas, eritt\u00e4in kirkas suojaus, joka est\u00e4\u00e4 naarmuja ja tahroja. S\u00e4ilytt\u00e4\u00e4 kosketusherkkyyden sulavaa pelaamista varten.","inLanguage":"fi","isPartOf":{"@id":"https:\/\/droix.eu\/fi\/#website"},"breadcrumb":{"@id":"https:\/\/droix.eu\/fi\/product\/ayaneo-pocket-s-tarvikkeet\/#breadcrumblist"},"image":{"@type":"ImageObject","url":"https:\/\/droix.eu\/wp-content\/uploads\/2024\/09\/AYANEO-POCKET-S-ACCESSORIES-LISTING-DONE-01.png","@id":"https:\/\/droix.eu\/fi\/product\/ayaneo-pocket-s-tarvikkeet\/#mainImage","width":1500,"height":1500,"caption":"Ilmaiset AYANEO Pocket S -tarvikkeet (suojakotelo + kahvat + n\u00e4yt\u00f6nsuoja)"},"primaryImageOfPage":{"@id":"https:\/\/droix.eu\/fi\/product\/ayaneo-pocket-s-tarvikkeet\/#mainImage"},"datePublished":"2024-09-19T12:02:29+01:00","dateModified":"2026-04-08T10:13:46+01:00"},{"@type":"WebSite","@id":"https:\/\/droix.eu\/fi\/#website","url":"https:\/\/droix.eu\/fi\/","name":"DROIX EU","description":"Get the latest Mini PCs, Ultrabook, PC Gaming Handhelds and more!","inLanguage":"fi","publisher":{"@id":"https:\/\/droix.eu\/fi\/#organization"}}]},"og:locale":"fi_FI","og:site_name":"DROIX EU - Get the latest Mini PCs, Ultrabook, PC Gaming Handhelds and more!","og:type":"article","og:title":"AYANEO Pocket S tarvikkeet - DROIX EU","og:description":"Virallinen AYANEO Pocket S Case Pehme\u00e4 kangasvuori lis\u00e4\u00e4 suojaa. Liukastumista est\u00e4v\u00e4 rakenne ja suurikokoinen kahva turvallisen pidon takaamiseksi. Laadukas, eritt\u00e4in kirkas suojaus, joka est\u00e4\u00e4 naarmuja ja tahroja. S\u00e4ilytt\u00e4\u00e4 kosketusherkkyyden sulavaa pelaamista varten.","og:url":"https:\/\/droix.eu\/fi\/product\/ayaneo-pocket-s-tarvikkeet\/","og:image":"https:\/\/droix.eu\/wp-content\/uploads\/2024\/06\/droix-v2-light-logo.png","og:image:secure_url":"https:\/\/droix.eu\/wp-content\/uploads\/2024\/06\/droix-v2-light-logo.png","og:image:width":380,"og:image:height":118,"article:published_time":"2024-09-19T11:02:29+00:00","article:modified_time":"2026-04-08T09:13:46+00:00","article:publisher":"https:\/\/www.facebook.com\/DroiX.Store","twitter:card":"summary_large_image","twitter:site":"@DroiX_Store","twitter:title":"AYANEO Pocket S tarvikkeet - DROIX EU","twitter:description":"Virallinen AYANEO Pocket S Case Pehme\u00e4 kangasvuori lis\u00e4\u00e4 suojaa. Liukastumista est\u00e4v\u00e4 rakenne ja suurikokoinen kahva turvallisen pidon takaamiseksi. Laadukas, eritt\u00e4in kirkas suojaus, joka est\u00e4\u00e4 naarmuja ja tahroja. S\u00e4ilytt\u00e4\u00e4 kosketusherkkyyden sulavaa pelaamista varten.","twitter:image":"https:\/\/droix.eu\/wp-content\/uploads\/2024\/06\/droix-v2-light-logo.png"},"aioseo_meta_data":{"post_id":"538665","title":null,"description":null,"keywords":null,"keyphrases":{"focus":{"keyphrase":"","score":0,"analysis":{"keyphraseInTitle":{"score":0,"maxScore":9,"error":1}}},"additional":[]},"primary_term":null,"canonical_url":null,"og_title":null,"og_description":null,"og_object_type":"default","og_image_type":"default","og_image_url":null,"og_image_width":null,"og_image_height":null,"og_image_custom_url":null,"og_image_custom_fields":null,"og_video":"","og_custom_url":null,"og_article_section":null,"og_article_tags":null,"twitter_use_og":true,"twitter_card":"default","twitter_image_type":"default","twitter_image_url":null,"twitter_image_custom_url":null,"twitter_image_custom_fields":null,"twitter_title":null,"twitter_description":null,"schema":{"blockGraphs":[],"customGraphs":[],"default":{"data":{"Article":[],"Course":[],"Dataset":[],"FAQPage":[],"Movie":[],"Person":[],"Product":[],"ProductReview":[],"Car":[],"Recipe":[],"Service":[],"SoftwareApplication":[],"WebPage":[]},"graphName":"Product","isEnabled":true},"graphs":[]},"schema_type":"default","schema_type_options":null,"pillar_content":false,"robots_default":true,"robots_noindex":false,"robots_noarchive":false,"robots_nosnippet":false,"robots_nofollow":false,"robots_noimageindex":false,"robots_noodp":false,"robots_notranslate":false,"robots_max_snippet":"-1","robots_max_videopreview":"-1","robots_max_imagepreview":"large","priority":null,"frequency":"default","local_seo":null,"seo_analyzer_scan_date":"2026-04-24 13:15:09","breadcrumb_settings":null,"limit_modified_date":false,"reviewed_by":null,"open_ai":null,"ai":{"faqs":[],"keyPoints":[],"titles":[],"descriptions":[],"socialPosts":{"email":[],"linkedin":[],"twitter":[],"facebook":[],"instagram":[]}},"created":"2025-09-30 12:10:07","updated":"2026-04-24 13:15:09"},"aioseo_breadcrumb":"<div class=\"aioseo-breadcrumbs\"><span class=\"aioseo-breadcrumb\">\n\t<a href=\"https:\/\/droix.eu\/fi\/\" title=\"Home\">Home<\/a>\n<\/span><span class=\"aioseo-breadcrumb-separator\">&raquo;<\/span><span class=\"aioseo-breadcrumb\">\n\t<a href=\"https:\/\/droix.eu\/fi\/product-category\/uncategorized-fi\/\" title=\"Uncategorized\">Uncategorized<\/a>\n<\/span><span class=\"aioseo-breadcrumb-separator\">&raquo;<\/span><span class=\"aioseo-breadcrumb\">\n\tAYANEO Pocket S tarvikkeet\n<\/span><\/div>","aioseo_breadcrumb_json":[{"label":"Home","link":"https:\/\/droix.eu\/fi\/"},{"label":"Uncategorized","link":"https:\/\/droix.eu\/fi\/product-category\/uncategorized-fi\/"},{"label":"AYANEO Pocket S tarvikkeet","link":"https:\/\/droix.eu\/fi\/product\/ayaneo-pocket-s-tarvikkeet\/"}],"_links":{"self":[{"href":"https:\/\/droix.eu\/fi\/wp-json\/wp\/v2\/product\/538665","targetHints":{"allow":["GET"]}}],"collection":[{"href":"https:\/\/droix.eu\/fi\/wp-json\/wp\/v2\/product"}],"about":[{"href":"https:\/\/droix.eu\/fi\/wp-json\/wp\/v2\/types\/product"}],"version-history":[{"count":0,"href":"https:\/\/droix.eu\/fi\/wp-json\/wp\/v2\/product\/538665\/revisions"}],"wp:featuredmedia":[{"embeddable":true,"href":"https:\/\/droix.eu\/fi\/wp-json\/wp\/v2\/media\/538666"}],"wp:attachment":[{"href":"https:\/\/droix.eu\/fi\/wp-json\/wp\/v2\/media?parent=538665"}],"wp:term":[{"taxonomy":"product_brand","embeddable":true,"href":"https:\/\/droix.eu\/fi\/wp-json\/wp\/v2\/product_brand?post=538665"},{"taxonomy":"product_cat","embeddable":true,"href":"https:\/\/droix.eu\/fi\/wp-json\/wp\/v2\/product_cat?post=538665"},{"taxonomy":"product_tag","embeddable":true,"href":"https:\/\/droix.eu\/fi\/wp-json\/wp\/v2\/product_tag?post=538665"},{"taxonomy":"woo-feed-brand","embeddable":true,"href":"https:\/\/droix.eu\/fi\/wp-json\/wp\/v2\/woo-feed-brand?post=538665"},{"taxonomy":"key-features","embeddable":true,"href":"https:\/\/droix.eu\/fi\/wp-json\/wp\/v2\/key-features?post=538665"}],"curies":[{"name":"wp","href":"https:\/\/api.w.org\/{rel}","templated":true}]}}