{"id":536259,"date":"2021-12-23T11:49:46","date_gmt":"2021-12-23T11:49:46","guid":{"rendered":"https:\/\/droix.eu\/evastekaytanto\/"},"modified":"2025-05-06T15:58:56","modified_gmt":"2025-05-06T14:58:56","slug":"evastekaytanto","status":"publish","type":"page","link":"https:\/\/droix.eu\/fi\/evastekaytanto\/","title":{"rendered":"Ev\u00e4stek\u00e4yt\u00e4nt\u00f6"},"content":{"rendered":"\n<p>Seuraavat ev\u00e4stek\u00e4yt\u00e4nn\u00f6t on otettava huomioon yhdess\u00e4 (pariksi), &#8220;yhten\u00e4&#8221; <a href=\"https:\/\/droix.eu\/fi\/ehdot-ja-edellytykset\/\" target=\"_blank\" rel=\"noreferrer noopener\">k\u00e4ytt\u00f6ehtojen ja<\/a> <a href=\"https:\/\/droix.eu\/fi\/tietosuojakaytanto\/\" target=\"_blank\" rel=\"noreferrer noopener\">tietosuojak\u00e4yt\u00e4nt\u00f6jen<\/a> kanssa.<\/p>\n\n<ol class=\"wp-block-list\">\n<li>N\u00e4m\u00e4 myyntiehdot koskevat kaikkia DROIXin toimittamia tavaroita (rekister\u00f6ity toimipaikka 54C Expressway, N Woolwich Rd, London, E16 2AA, Yhdistynyt kuningaskunta).\n<ol class=\"wp-block-list\">\n<li>T\u00e4ss\u00e4 sopimuksessa viitataan seuraaviin: Me (DROIX) olemme toimittaja, ja sin\u00e4 (asiakas) olet toimittaja.<\/li>\n<\/ol>\n<\/li>\n<\/ol>\n\n<ol class=\"wp-block-list\">\n<li>Toimittajan verkkosivusto k\u00e4ytt\u00e4\u00e4 ev\u00e4steit\u00e4 erottaakseen asiakkaan eli sinut muista verkkosivuston k\u00e4ytt\u00e4jist\u00e4. T\u00e4m\u00e4 auttaa Toimittajaa tarjoamaan sinulle hyv\u00e4n kokemuksen, kun selaat Toimittajan verkkosivustoa, ja antaa Toimittajalle my\u00f6s mahdollisuuden parantaa sivustoamme. Jatkamalla sivuston selaamista hyv\u00e4ksyt, ett\u00e4 toimittaja k\u00e4ytt\u00e4\u00e4 ev\u00e4steit\u00e4.  <\/li>\n\n\n\n<li>Ev\u00e4ste on pieni kirjaimista ja numeroista koostuva tiedosto, jonka toimittaja tallentaa selaimeesi tai tietokoneesi tai matkapuhelimesi kiintolevylle, jos suostut siihen. Ev\u00e4steet sis\u00e4lt\u00e4v\u00e4t tietoja, jotka siirret\u00e4\u00e4n tietokoneesi kiintolevylle. <\/li>\n\n\n\n<li>Toimittaja k\u00e4ytt\u00e4\u00e4 seuraavia ev\u00e4steit\u00e4:\n<ol class=\"wp-block-list\">\n<li>Ehdottoman v\u00e4ltt\u00e4m\u00e4tt\u00f6m\u00e4t ev\u00e4steet. N\u00e4m\u00e4 ovat ev\u00e4steit\u00e4, joita tarvitaan toimittajan verkkosivuston toiminnassa. T\u00e4llaisia ovat esimerkiksi ev\u00e4steet, joiden avulla voit kirjautua toimittajan verkkosivuston suojatuille alueille ja suorittaa maksutapahtumia.  <\/li>\n\n\n\n<li>Analyyttiset\/suorituskykyyn liittyv\u00e4t ev\u00e4steet. Niiden avulla toimittaja voi tunnistaa ja laskea k\u00e4vij\u00f6iden m\u00e4\u00e4r\u00e4n ja n\u00e4hd\u00e4, miten k\u00e4vij\u00e4t liikkuvat toimittajan verkkosivustolla, kun he k\u00e4ytt\u00e4v\u00e4t sit\u00e4. T\u00e4m\u00e4 auttaa toimittajaa parantamaan verkkosivuston toimintaa esimerkiksi varmistamalla, ett\u00e4 k\u00e4ytt\u00e4j\u00e4t l\u00f6yt\u00e4v\u00e4t etsim\u00e4ns\u00e4 helposti ja vaivattomasti.  <\/li>\n\n\n\n<li>Toimittaja k\u00e4ytt\u00e4\u00e4 Google Analyticsin ev\u00e4steit\u00e4. Google Analytics ker\u00e4\u00e4 tietoja nimett\u00f6m\u00e4sti. Se raportoi verkkosivujen trendeist\u00e4 tunnistamatta yksitt\u00e4isi\u00e4 k\u00e4vij\u00f6it\u00e4. Voit kielt\u00e4yty\u00e4 Google Analyticsin k\u00e4yt\u00f6st\u00e4 vaikuttamatta siihen, miten vierailet t\u00e4ll\u00e4 sivustolla. Lis\u00e4tietoja Google Analyticsista saat napsauttamalla t\u00e4st\u00e4.    <\/li>\n\n\n\n<li>Kohdistetut ev\u00e4steet. N\u00e4m\u00e4 ev\u00e4steet tallentavat vierailusi toimittajan verkkosivustolla, sivut, joilla olet vieraillut, ja linkit, joita olet seurannut. Toimittaja k\u00e4ytt\u00e4\u00e4 n\u00e4it\u00e4 tietoja tehd\u00e4kseen verkkosivustosta ja siell\u00e4 n\u00e4ytett\u00e4v\u00e4st\u00e4 mainonnasta kiinnostuksen kohteidesi kannalta tarkoituksenmukaisempaa. Toimittaja voi my\u00f6s jakaa n\u00e4it\u00e4 tietoja kolmansille osapuolille t\u00e4t\u00e4 tarkoitusta varten.   <\/li>\n<\/ol>\n<\/li>\n\n\n\n<li>Huomaa, ett\u00e4 kolmannet osapuolet (mukaan lukien esimerkiksi mainosverkostot ja ulkoisten palvelujen, kuten verkkoliikenteen analysointipalvelujen, tarjoajat) voivat my\u00f6s k\u00e4ytt\u00e4\u00e4 ev\u00e4steit\u00e4, joihin Toimittaja ei voi vaikuttaa. N\u00e4m\u00e4 ev\u00e4steet ovat todenn\u00e4k\u00f6isesti analyyttisi\u00e4\/suorituskykyyn liittyvi\u00e4 ev\u00e4steit\u00e4 tai kohdentamiseen tarkoitettuja ev\u00e4steit\u00e4. <\/li>\n\n\n\n<li>Voit est\u00e4\u00e4 ev\u00e4steet aktivoimalla selaimessasi asetuksen, jonka avulla voit kielt\u00e4\u00e4 kaikkien tai joidenkin ev\u00e4steiden asettamisen. Jos kuitenkin est\u00e4t selaimesi asetuksissa kaikki ev\u00e4steet (mukaan lukien v\u00e4ltt\u00e4m\u00e4tt\u00f6m\u00e4t ev\u00e4steet), et ehk\u00e4 p\u00e4\u00e4se k\u00e4ytt\u00e4m\u00e4\u00e4n toimittajan verkkosivustoa kokonaan tai osittain. <\/li>\n<\/ol>\n\n<h2 class=\"wp-block-heading\" id=\"h-cookie-description\">EV\u00c4STEEN KUVAUS<\/h2>\n<p><script type=\"text\/javascript\" charset=\"UTF-8\" data-cookiescriptreport=\"report\" src=\"\/\/report.cookie-script.com\/r\/21c7c108a50ee55d6c4ed24051df0334.js\"><\/script><\/p>\n\n<p class=\"has-text-align-center\">Ev\u00e4stek\u00e4yt\u00e4nt\u00f6\u00e4 p\u00e4ivitetty viimeksi: lokakuuta, 2022 &#8211; 02:29AM.<\/p>\n","protected":false},"excerpt":{"rendered":"<p>Seuraavat ev\u00e4stek\u00e4yt\u00e4nn\u00f6t on otettava huomioon yhdess\u00e4 (pariksi), &#8220;yhten\u00e4&#8221; k\u00e4ytt\u00f6ehtojen ja tietosuojak\u00e4yt\u00e4nt\u00f6jen kanssa. EV\u00c4STEEN KUVAUS Ev\u00e4stek\u00e4yt\u00e4nt\u00f6\u00e4 p\u00e4ivitetty viimeksi: lokakuuta, 2022 &#8211; 02:29AM.<\/p>\n","protected":false},"author":1,"featured_media":0,"parent":0,"menu_order":0,"comment_status":"closed","ping_status":"closed","template":"","meta":{"_acf_changed":false,"footnotes":""},"class_list":["post-536259","page","type-page","status-publish","hentry"],"acf":[],"aioseo_notices":[],"aioseo_head":"\n\t\t<!-- All in One SEO Pro 4.9.6.2 - aioseo.com -->\n\t<meta name=\"description\" content=\"Seuraavat ev\u00e4stek\u00e4yt\u00e4nn\u00f6t on otettava huomioon yhdess\u00e4 (pariksi), &quot;yhten\u00e4&quot; k\u00e4ytt\u00f6ehtojen ja tietosuojak\u00e4yt\u00e4nt\u00f6jen kanssa. N\u00e4m\u00e4 myyntiehdot koskevat kaikkia DROIXin toimittamia tavaroita (rekister\u00f6ity toimipaikka 54C Expressway, N Woolwich Rd, London, E16 2AA, Yhdistynyt kuningaskunta). T\u00e4ss\u00e4 sopimuksessa viitataan seuraaviin: Me (DROIX) olemme toimittaja, ja sin\u00e4 (asiakas) olet toimittaja. Toimittajan verkkosivusto k\u00e4ytt\u00e4\u00e4 ev\u00e4steit\u00e4 erottaakseen asiakkaan eli sinut muista verkkosivuston k\u00e4ytt\u00e4jist\u00e4.\" \/>\n\t<meta name=\"robots\" content=\"max-image-preview:large\" \/>\n\t<link rel=\"canonical\" href=\"https:\/\/droix.eu\/fi\/evastekaytanto\/\" \/>\n\t<meta name=\"generator\" content=\"All in One SEO Pro (AIOSEO) 4.9.6.2\" \/>\n\t\t<meta property=\"og:locale\" content=\"fi_FI\" \/>\n\t\t<meta property=\"og:site_name\" content=\"DROIX EU - Get the latest Mini PCs, Ultrabook, PC Gaming Handhelds and more!\" \/>\n\t\t<meta property=\"og:type\" content=\"article\" \/>\n\t\t<meta property=\"og:title\" content=\"Ev\u00e4stek\u00e4yt\u00e4nt\u00f6 - DROIX EU\" \/>\n\t\t<meta property=\"og:description\" content=\"Seuraavat ev\u00e4stek\u00e4yt\u00e4nn\u00f6t on otettava huomioon yhdess\u00e4 (pariksi), &quot;yhten\u00e4&quot; k\u00e4ytt\u00f6ehtojen ja tietosuojak\u00e4yt\u00e4nt\u00f6jen kanssa. N\u00e4m\u00e4 myyntiehdot koskevat kaikkia DROIXin toimittamia tavaroita (rekister\u00f6ity toimipaikka 54C Expressway, N Woolwich Rd, London, E16 2AA, Yhdistynyt kuningaskunta). T\u00e4ss\u00e4 sopimuksessa viitataan seuraaviin: Me (DROIX) olemme toimittaja, ja sin\u00e4 (asiakas) olet toimittaja. Toimittajan verkkosivusto k\u00e4ytt\u00e4\u00e4 ev\u00e4steit\u00e4 erottaakseen asiakkaan eli sinut muista verkkosivuston k\u00e4ytt\u00e4jist\u00e4.\" \/>\n\t\t<meta property=\"og:url\" content=\"https:\/\/droix.eu\/fi\/evastekaytanto\/\" \/>\n\t\t<meta property=\"og:image\" content=\"https:\/\/droix.eu\/wp-content\/uploads\/2024\/06\/droix-v2-light-logo.png\" \/>\n\t\t<meta property=\"og:image:secure_url\" content=\"https:\/\/droix.eu\/wp-content\/uploads\/2024\/06\/droix-v2-light-logo.png\" \/>\n\t\t<meta property=\"og:image:width\" content=\"380\" \/>\n\t\t<meta property=\"og:image:height\" content=\"118\" \/>\n\t\t<meta property=\"article:published_time\" content=\"2021-12-23T11:49:46+00:00\" \/>\n\t\t<meta property=\"article:modified_time\" content=\"2025-05-06T14:58:56+00:00\" \/>\n\t\t<meta property=\"article:publisher\" content=\"https:\/\/www.facebook.com\/DroiX.Store\" \/>\n\t\t<meta name=\"twitter:card\" content=\"summary_large_image\" \/>\n\t\t<meta name=\"twitter:site\" content=\"@DroiX_Store\" \/>\n\t\t<meta name=\"twitter:title\" content=\"Ev\u00e4stek\u00e4yt\u00e4nt\u00f6 - DROIX EU\" \/>\n\t\t<meta name=\"twitter:description\" content=\"Seuraavat ev\u00e4stek\u00e4yt\u00e4nn\u00f6t on otettava huomioon yhdess\u00e4 (pariksi), &quot;yhten\u00e4&quot; k\u00e4ytt\u00f6ehtojen ja tietosuojak\u00e4yt\u00e4nt\u00f6jen kanssa. N\u00e4m\u00e4 myyntiehdot koskevat kaikkia DROIXin toimittamia tavaroita (rekister\u00f6ity toimipaikka 54C Expressway, N Woolwich Rd, London, E16 2AA, Yhdistynyt kuningaskunta). T\u00e4ss\u00e4 sopimuksessa viitataan seuraaviin: Me (DROIX) olemme toimittaja, ja sin\u00e4 (asiakas) olet toimittaja. Toimittajan verkkosivusto k\u00e4ytt\u00e4\u00e4 ev\u00e4steit\u00e4 erottaakseen asiakkaan eli sinut muista verkkosivuston k\u00e4ytt\u00e4jist\u00e4.\" \/>\n\t\t<meta name=\"twitter:creator\" content=\"@DroiX_Store\" \/>\n\t\t<meta name=\"twitter:image\" content=\"https:\/\/droix.eu\/wp-content\/uploads\/2024\/06\/droix-v2-light-logo.png\" \/>\n\t\t<script type=\"application\/ld+json\" class=\"aioseo-schema\">\n\t\t\t{\"@context\":\"https:\\\/\\\/schema.org\",\"@graph\":[{\"@type\":\"BreadcrumbList\",\"@id\":\"https:\\\/\\\/droix.eu\\\/fi\\\/evastekaytanto\\\/#breadcrumblist\",\"itemListElement\":[{\"@type\":\"ListItem\",\"@id\":\"https:\\\/\\\/droix.eu\\\/fi\\\/#listItem\",\"position\":1,\"name\":\"Home\",\"item\":\"https:\\\/\\\/droix.eu\\\/fi\\\/\",\"nextItem\":{\"@type\":\"ListItem\",\"@id\":\"https:\\\/\\\/droix.eu\\\/fi\\\/evastekaytanto\\\/#listItem\",\"name\":\"Ev\\u00e4stek\\u00e4yt\\u00e4nt\\u00f6\"}},{\"@type\":\"ListItem\",\"@id\":\"https:\\\/\\\/droix.eu\\\/fi\\\/evastekaytanto\\\/#listItem\",\"position\":2,\"name\":\"Ev\\u00e4stek\\u00e4yt\\u00e4nt\\u00f6\",\"previousItem\":{\"@type\":\"ListItem\",\"@id\":\"https:\\\/\\\/droix.eu\\\/fi\\\/#listItem\",\"name\":\"Home\"}}]},{\"@type\":\"Organization\",\"@id\":\"https:\\\/\\\/droix.eu\\\/fi\\\/#organization\",\"name\":\"DroiX \\u2013 Trusted EU Tech Retailer with 12+ Years Experience\",\"description\":\"DroiX is a leading European technology retailer with over 12 years of experience, offering quality mini PCs, handheld gaming consoles, and tech accessories. We provide hassle-free EU delivery with all taxes included, ensuring a smooth and reliable shopping experience for our customers across Europe.\",\"url\":\"https:\\\/\\\/droix.eu\\\/fi\\\/\",\"logo\":{\"@type\":\"ImageObject\",\"url\":\"https:\\\/\\\/droix.eu\\\/wp-content\\\/uploads\\\/2024\\\/06\\\/droix-v2-light-logo.png\",\"@id\":\"https:\\\/\\\/droix.eu\\\/fi\\\/evastekaytanto\\\/#organizationLogo\",\"width\":380,\"height\":118},\"image\":{\"@id\":\"https:\\\/\\\/droix.eu\\\/fi\\\/evastekaytanto\\\/#organizationLogo\"},\"sameAs\":[\"https:\\\/\\\/www.facebook.com\\\/DroiX.Store\",\"https:\\\/\\\/twitter.com\\\/DroiX_Store\",\"https:\\\/\\\/www.instagram.com\\\/droix.store\\\/\",\"https:\\\/\\\/www.tiktok.com\\\/@droix.store\",\"https:\\\/\\\/www.youtube.com\\\/c\\\/DroiX_Store\",\"https:\\\/\\\/uk.linkedin.com\\\/company\\\/droix\"]},{\"@type\":\"WebPage\",\"@id\":\"https:\\\/\\\/droix.eu\\\/fi\\\/evastekaytanto\\\/#webpage\",\"url\":\"https:\\\/\\\/droix.eu\\\/fi\\\/evastekaytanto\\\/\",\"name\":\"Ev\\u00e4stek\\u00e4yt\\u00e4nt\\u00f6 - DROIX EU\",\"description\":\"Seuraavat ev\\u00e4stek\\u00e4yt\\u00e4nn\\u00f6t on otettava huomioon yhdess\\u00e4 (pariksi), \\\"yhten\\u00e4\\\" k\\u00e4ytt\\u00f6ehtojen ja tietosuojak\\u00e4yt\\u00e4nt\\u00f6jen kanssa. N\\u00e4m\\u00e4 myyntiehdot koskevat kaikkia DROIXin toimittamia tavaroita (rekister\\u00f6ity toimipaikka 54C Expressway, N Woolwich Rd, London, E16 2AA, Yhdistynyt kuningaskunta). T\\u00e4ss\\u00e4 sopimuksessa viitataan seuraaviin: Me (DROIX) olemme toimittaja, ja sin\\u00e4 (asiakas) olet toimittaja. Toimittajan verkkosivusto k\\u00e4ytt\\u00e4\\u00e4 ev\\u00e4steit\\u00e4 erottaakseen asiakkaan eli sinut muista verkkosivuston k\\u00e4ytt\\u00e4jist\\u00e4.\",\"inLanguage\":\"fi\",\"isPartOf\":{\"@id\":\"https:\\\/\\\/droix.eu\\\/fi\\\/#website\"},\"breadcrumb\":{\"@id\":\"https:\\\/\\\/droix.eu\\\/fi\\\/evastekaytanto\\\/#breadcrumblist\"},\"datePublished\":\"2021-12-23T11:49:46+00:00\",\"dateModified\":\"2025-05-06T15:58:56+01:00\"},{\"@type\":\"WebSite\",\"@id\":\"https:\\\/\\\/droix.eu\\\/fi\\\/#website\",\"url\":\"https:\\\/\\\/droix.eu\\\/fi\\\/\",\"name\":\"DROIX EU\",\"description\":\"Get the latest Mini PCs, Ultrabook, PC Gaming Handhelds and more!\",\"inLanguage\":\"fi\",\"publisher\":{\"@id\":\"https:\\\/\\\/droix.eu\\\/fi\\\/#organization\"}}]}\n\t\t<\/script>\n\t\t<!-- All in One SEO Pro -->\r\n\t\t<title>Ev\u00e4stek\u00e4yt\u00e4nt\u00f6 - DROIX EU<\/title>\n\n","aioseo_head_json":{"title":"Ev\u00e4stek\u00e4yt\u00e4nt\u00f6 - DROIX EU","description":"Seuraavat ev\u00e4stek\u00e4yt\u00e4nn\u00f6t on otettava huomioon yhdess\u00e4 (pariksi), \"yhten\u00e4\" k\u00e4ytt\u00f6ehtojen ja tietosuojak\u00e4yt\u00e4nt\u00f6jen kanssa. N\u00e4m\u00e4 myyntiehdot koskevat kaikkia DROIXin toimittamia tavaroita (rekister\u00f6ity toimipaikka 54C Expressway, N Woolwich Rd, London, E16 2AA, Yhdistynyt kuningaskunta). T\u00e4ss\u00e4 sopimuksessa viitataan seuraaviin: Me (DROIX) olemme toimittaja, ja sin\u00e4 (asiakas) olet toimittaja. Toimittajan verkkosivusto k\u00e4ytt\u00e4\u00e4 ev\u00e4steit\u00e4 erottaakseen asiakkaan eli sinut muista verkkosivuston k\u00e4ytt\u00e4jist\u00e4.","canonical_url":"https:\/\/droix.eu\/fi\/evastekaytanto\/","robots":"max-image-preview:large","keywords":"","webmasterTools":{"miscellaneous":""},"schema":{"@context":"https:\/\/schema.org","@graph":[{"@type":"BreadcrumbList","@id":"https:\/\/droix.eu\/fi\/evastekaytanto\/#breadcrumblist","itemListElement":[{"@type":"ListItem","@id":"https:\/\/droix.eu\/fi\/#listItem","position":1,"name":"Home","item":"https:\/\/droix.eu\/fi\/","nextItem":{"@type":"ListItem","@id":"https:\/\/droix.eu\/fi\/evastekaytanto\/#listItem","name":"Ev\u00e4stek\u00e4yt\u00e4nt\u00f6"}},{"@type":"ListItem","@id":"https:\/\/droix.eu\/fi\/evastekaytanto\/#listItem","position":2,"name":"Ev\u00e4stek\u00e4yt\u00e4nt\u00f6","previousItem":{"@type":"ListItem","@id":"https:\/\/droix.eu\/fi\/#listItem","name":"Home"}}]},{"@type":"Organization","@id":"https:\/\/droix.eu\/fi\/#organization","name":"DroiX \u2013 Trusted EU Tech Retailer with 12+ Years Experience","description":"DroiX is a leading European technology retailer with over 12 years of experience, offering quality mini PCs, handheld gaming consoles, and tech accessories. We provide hassle-free EU delivery with all taxes included, ensuring a smooth and reliable shopping experience for our customers across Europe.","url":"https:\/\/droix.eu\/fi\/","logo":{"@type":"ImageObject","url":"https:\/\/droix.eu\/wp-content\/uploads\/2024\/06\/droix-v2-light-logo.png","@id":"https:\/\/droix.eu\/fi\/evastekaytanto\/#organizationLogo","width":380,"height":118},"image":{"@id":"https:\/\/droix.eu\/fi\/evastekaytanto\/#organizationLogo"},"sameAs":["https:\/\/www.facebook.com\/DroiX.Store","https:\/\/twitter.com\/DroiX_Store","https:\/\/www.instagram.com\/droix.store\/","https:\/\/www.tiktok.com\/@droix.store","https:\/\/www.youtube.com\/c\/DroiX_Store","https:\/\/uk.linkedin.com\/company\/droix"]},{"@type":"WebPage","@id":"https:\/\/droix.eu\/fi\/evastekaytanto\/#webpage","url":"https:\/\/droix.eu\/fi\/evastekaytanto\/","name":"Ev\u00e4stek\u00e4yt\u00e4nt\u00f6 - DROIX EU","description":"Seuraavat ev\u00e4stek\u00e4yt\u00e4nn\u00f6t on otettava huomioon yhdess\u00e4 (pariksi), \"yhten\u00e4\" k\u00e4ytt\u00f6ehtojen ja tietosuojak\u00e4yt\u00e4nt\u00f6jen kanssa. N\u00e4m\u00e4 myyntiehdot koskevat kaikkia DROIXin toimittamia tavaroita (rekister\u00f6ity toimipaikka 54C Expressway, N Woolwich Rd, London, E16 2AA, Yhdistynyt kuningaskunta). T\u00e4ss\u00e4 sopimuksessa viitataan seuraaviin: Me (DROIX) olemme toimittaja, ja sin\u00e4 (asiakas) olet toimittaja. Toimittajan verkkosivusto k\u00e4ytt\u00e4\u00e4 ev\u00e4steit\u00e4 erottaakseen asiakkaan eli sinut muista verkkosivuston k\u00e4ytt\u00e4jist\u00e4.","inLanguage":"fi","isPartOf":{"@id":"https:\/\/droix.eu\/fi\/#website"},"breadcrumb":{"@id":"https:\/\/droix.eu\/fi\/evastekaytanto\/#breadcrumblist"},"datePublished":"2021-12-23T11:49:46+00:00","dateModified":"2025-05-06T15:58:56+01:00"},{"@type":"WebSite","@id":"https:\/\/droix.eu\/fi\/#website","url":"https:\/\/droix.eu\/fi\/","name":"DROIX EU","description":"Get the latest Mini PCs, Ultrabook, PC Gaming Handhelds and more!","inLanguage":"fi","publisher":{"@id":"https:\/\/droix.eu\/fi\/#organization"}}]},"og:locale":"fi_FI","og:site_name":"DROIX EU - Get the latest Mini PCs, Ultrabook, PC Gaming Handhelds and more!","og:type":"article","og:title":"Ev\u00e4stek\u00e4yt\u00e4nt\u00f6 - DROIX EU","og:description":"Seuraavat ev\u00e4stek\u00e4yt\u00e4nn\u00f6t on otettava huomioon yhdess\u00e4 (pariksi), &quot;yhten\u00e4&quot; k\u00e4ytt\u00f6ehtojen ja tietosuojak\u00e4yt\u00e4nt\u00f6jen kanssa. N\u00e4m\u00e4 myyntiehdot koskevat kaikkia DROIXin toimittamia tavaroita (rekister\u00f6ity toimipaikka 54C Expressway, N Woolwich Rd, London, E16 2AA, Yhdistynyt kuningaskunta). T\u00e4ss\u00e4 sopimuksessa viitataan seuraaviin: Me (DROIX) olemme toimittaja, ja sin\u00e4 (asiakas) olet toimittaja. Toimittajan verkkosivusto k\u00e4ytt\u00e4\u00e4 ev\u00e4steit\u00e4 erottaakseen asiakkaan eli sinut muista verkkosivuston k\u00e4ytt\u00e4jist\u00e4.","og:url":"https:\/\/droix.eu\/fi\/evastekaytanto\/","og:image":"https:\/\/droix.eu\/wp-content\/uploads\/2024\/06\/droix-v2-light-logo.png","og:image:secure_url":"https:\/\/droix.eu\/wp-content\/uploads\/2024\/06\/droix-v2-light-logo.png","og:image:width":380,"og:image:height":118,"article:published_time":"2021-12-23T11:49:46+00:00","article:modified_time":"2025-05-06T14:58:56+00:00","article:publisher":"https:\/\/www.facebook.com\/DroiX.Store","twitter:card":"summary_large_image","twitter:site":"@DroiX_Store","twitter:title":"Ev\u00e4stek\u00e4yt\u00e4nt\u00f6 - DROIX EU","twitter:description":"Seuraavat ev\u00e4stek\u00e4yt\u00e4nn\u00f6t on otettava huomioon yhdess\u00e4 (pariksi), &quot;yhten\u00e4&quot; k\u00e4ytt\u00f6ehtojen ja tietosuojak\u00e4yt\u00e4nt\u00f6jen kanssa. N\u00e4m\u00e4 myyntiehdot koskevat kaikkia DROIXin toimittamia tavaroita (rekister\u00f6ity toimipaikka 54C Expressway, N Woolwich Rd, London, E16 2AA, Yhdistynyt kuningaskunta). T\u00e4ss\u00e4 sopimuksessa viitataan seuraaviin: Me (DROIX) olemme toimittaja, ja sin\u00e4 (asiakas) olet toimittaja. Toimittajan verkkosivusto k\u00e4ytt\u00e4\u00e4 ev\u00e4steit\u00e4 erottaakseen asiakkaan eli sinut muista verkkosivuston k\u00e4ytt\u00e4jist\u00e4.","twitter:creator":"@DroiX_Store","twitter:image":"https:\/\/droix.eu\/wp-content\/uploads\/2024\/06\/droix-v2-light-logo.png"},"aioseo_meta_data":{"post_id":"536259","title":null,"description":null,"keywords":null,"keyphrases":null,"primary_term":null,"canonical_url":null,"og_title":null,"og_description":null,"og_object_type":"default","og_image_type":"default","og_image_url":null,"og_image_width":null,"og_image_height":null,"og_image_custom_url":null,"og_image_custom_fields":null,"og_video":null,"og_custom_url":null,"og_article_section":null,"og_article_tags":null,"twitter_use_og":true,"twitter_card":"default","twitter_image_type":"default","twitter_image_url":null,"twitter_image_custom_url":null,"twitter_image_custom_fields":null,"twitter_title":null,"twitter_description":null,"schema":{"blockGraphs":[],"customGraphs":[],"default":{"data":{"Article":[],"Course":[],"Dataset":[],"FAQPage":[],"Movie":[],"Person":[],"Product":[],"ProductReview":[],"Car":[],"Recipe":[],"Service":[],"SoftwareApplication":[],"WebPage":[]},"graphName":"","isEnabled":true},"graphs":[]},"schema_type":"default","schema_type_options":null,"pillar_content":false,"robots_default":true,"robots_noindex":false,"robots_noarchive":false,"robots_nosnippet":false,"robots_nofollow":false,"robots_noimageindex":false,"robots_noodp":false,"robots_notranslate":false,"robots_max_snippet":null,"robots_max_videopreview":null,"robots_max_imagepreview":"large","priority":null,"frequency":null,"local_seo":null,"seo_analyzer_scan_date":"2025-09-16 22:52:03","breadcrumb_settings":null,"limit_modified_date":false,"reviewed_by":null,"open_ai":null,"ai":null,"created":"2025-09-16 22:52:03","updated":"2025-11-27 00:06:40"},"aioseo_breadcrumb":"<div class=\"aioseo-breadcrumbs\"><span class=\"aioseo-breadcrumb\">\n\t<a href=\"https:\/\/droix.eu\/fi\/\" title=\"Home\">Home<\/a>\n<\/span><span class=\"aioseo-breadcrumb-separator\">&raquo;<\/span><span class=\"aioseo-breadcrumb\">\n\tEv\u00e4stek\u00e4yt\u00e4nt\u00f6\n<\/span><\/div>","aioseo_breadcrumb_json":[{"label":"Home","link":"https:\/\/droix.eu\/fi\/"},{"label":"Ev\u00e4stek\u00e4yt\u00e4nt\u00f6","link":"https:\/\/droix.eu\/fi\/evastekaytanto\/"}],"_links":{"self":[{"href":"https:\/\/droix.eu\/fi\/wp-json\/wp\/v2\/pages\/536259","targetHints":{"allow":["GET"]}}],"collection":[{"href":"https:\/\/droix.eu\/fi\/wp-json\/wp\/v2\/pages"}],"about":[{"href":"https:\/\/droix.eu\/fi\/wp-json\/wp\/v2\/types\/page"}],"author":[{"embeddable":true,"href":"https:\/\/droix.eu\/fi\/wp-json\/wp\/v2\/users\/1"}],"replies":[{"embeddable":true,"href":"https:\/\/droix.eu\/fi\/wp-json\/wp\/v2\/comments?post=536259"}],"version-history":[{"count":0,"href":"https:\/\/droix.eu\/fi\/wp-json\/wp\/v2\/pages\/536259\/revisions"}],"wp:attachment":[{"href":"https:\/\/droix.eu\/fi\/wp-json\/wp\/v2\/media?parent=536259"}],"curies":[{"name":"wp","href":"https:\/\/api.w.org\/{rel}","templated":true}]}}