{"id":535595,"date":"2023-05-02T16:38:01","date_gmt":"2023-05-02T15:38:01","guid":{"rendered":"https:\/\/droix.eu\/varasto-maksu-ja-toimitus\/"},"modified":"2025-04-23T01:11:37","modified_gmt":"2025-04-23T00:11:37","slug":"varasto-maksu-ja-toimitus","status":"publish","type":"page","link":"https:\/\/droix.eu\/fi\/varasto-maksu-ja-toimitus\/","title":{"rendered":"Varasto, maksu ja toimitus"},"content":{"rendered":"\n<p>Olemme innoissamme voidessamme ilmoittaa, ett\u00e4 <strong>DROIX <\/strong>tarjoaa nyt entist\u00e4 nopeampia ja edullisempia toimitusvaihtoehtoja kaikkiin elektronisiin tarpeisiisi. Sitoumuksemme tarjota sinulle poikkeuksellista asiakaspalvelua ulottuu my\u00f6s sen varmistamiseen, ett\u00e4 saat tilauksesi mahdollisimman nopeasti ja tehokkaasti ilman, ett\u00e4 pankki menee rikki. <\/p>\n\n<p>Me <strong>DROIXilla<\/strong> ymm\u00e4rr\u00e4mme joustavuuden merkityksen maksujen osalta. Siksi olemme ylpeit\u00e4 siit\u00e4, ett\u00e4 hyv\u00e4ksymme maksut kaikissa yleisimmiss\u00e4 valuutoissa ja menetelmiss\u00e4, mukaan lukien luottokortit, pankkikortit, PayPal, BNPL-j\u00e4rjestelm\u00e4t ja muut, jotta ostokokemuksesi olisi saumaton ja k\u00e4tev\u00e4. <\/p>\n\n<p>Parantaaksemme palvelua entisest\u00e4\u00e4n, l\u00e4het\u00e4mme tilaukset strategisesti sijoitetuista varastoista Yhdistyneess\u00e4 kuningaskunnassa, Euroopassa ja Yhdysvalloissa. N\u00e4in voimme toimittaa ostoksesi mahdollisimman lyhyess\u00e4 ajassa ja samalla minimoida toimituskulut. <\/p>\n\n<p>Lis\u00e4ksi pyrimme jatkuvasti laajentamaan toimitusvaihtoehtojamme ja neuvottelemaan parempia sopimuksia toimituskumppaneidemme kanssa kustannusten alentamiseksi. Tavoitteenamme on siirt\u00e4\u00e4 n\u00e4m\u00e4 s\u00e4\u00e4st\u00f6t sinulle ja tehd\u00e4 tuotteistamme entist\u00e4kin helpommin saatavilla asiakkaille ymp\u00e4ri maailmaa. <\/p>\n\n<h2 class=\"wp-block-heading\">Varastotiedot<\/h2>\n\n<p>Me <strong>DROIXilla<\/strong> pyrimme pit\u00e4m\u00e4\u00e4n sinut ajan tasalla tuotteidemme saatavuudesta. Jotta ymm\u00e4rt\u00e4isit paremmin verkkosivustomme eri varastotiloja, olemme antaneet lyhyen selityksen jokaiselle niist\u00e4: <\/p>\n\n<ul class=\"wp-block-list\">\n<li><strong>Varastossa:<\/strong> Se tarkoittaa, ett\u00e4 tuote on t\u00e4ll\u00e4 hetkell\u00e4 varastossamme ja se on valmis toimitettavaksi. Varastossa olevien tuotteiden tilaukset k\u00e4sitell\u00e4\u00e4n ja l\u00e4hetet\u00e4\u00e4n yleens\u00e4 lyhyess\u00e4 ajassa, jotta saat tuotteesi mahdollisimman nopeasti. <\/li>\n\n\n\n<li><strong>Takaisin tilauksessa:<\/strong> Se tarkoittaa, ett\u00e4 tuote on virallisesti lanseerattu, mutta sit\u00e4 ei ole t\u00e4ll\u00e4 hetkell\u00e4 varastossa. Voit olla varma, ett\u00e4 toimitamme tilauksesi heti, kun saamme valmistajilta uutta varastoa. Uudelleenvarastointip\u00e4iv\u00e4 ilmoitetaan yleens\u00e4 tuotesivulla, jolloin saat arvion siit\u00e4, milloin voit odottaa tilauksesi l\u00e4hetett\u00e4v\u00e4n.  <\/li>\n\n\n\n<li><strong>Ennakkotilaus:<\/strong> Se tarkoittaa, ett\u00e4 tuotetta ei ole viel\u00e4 virallisesti julkaistu. Tekem\u00e4ll\u00e4 ennakkotilauksen varaat tuotteen ja varmistat, ett\u00e4 saat sen ensimm\u00e4isten joukossa, kun se on lanseerattu ja varastossamme on varastoja.  Toimitamme ennakkotilatut tuotteet asiakkaille heti, kun tuote on saatavilla.<\/li>\n<\/ul>\n\n<p>Jos sinulla on kysytt\u00e4v\u00e4\u00e4 siit\u00e4, onko tuote varastossa, hypp\u00e4\u00e4 <strong>Live Chat -palveluumme<\/strong> tai l\u00e4het\u00e4 meille s\u00e4hk\u00f6postia osoitteessa <strong><a>support@droix.co.uk<\/a><\/strong>, niin autamme mielell\u00e4mme.<\/p>\n\n<h2 class=\"wp-block-heading\">Maksu<\/h2>\n\n<p>Me <strong>DROIXilla<\/strong> ymm\u00e4rr\u00e4mme, ett\u00e4 on t\u00e4rke\u00e4\u00e4 tarjota joustavia ja turvallisia maksuvaihtoehtoja, jotta ostokokemus olisi saumaton. Siksi olemme ylpeit\u00e4 siit\u00e4, ett\u00e4 hyv\u00e4ksymme laajan valikoiman maksutapoja, jotka vastaavat yksil\u00f6llisi\u00e4 mieltymyksi\u00e4si ja takaavat vaivattoman kassaprosessin. <\/p>\n\n<p>Hyv\u00e4ksymme mielell\u00e4mme kaikki t\u00e4rkeimm\u00e4t pankki- ja luottokortit, mukaan lukien:<\/p>\n\n<ul class=\"wp-block-list\">\n<li><strong>Apple Pay:<\/strong> Tee turvallisia ja kosketuksettomia maksuja Apple-laitteillasi.<\/li>\n\n\n\n<li><strong>Mastercard:<\/strong> Mastercardin pankki- tai luottokortti: Maksa luottavaisesti luotettavalla Mastercardin pankki- tai luottokortilla.<\/li>\n\n\n\n<li><strong>Viisumi:<\/strong> Luota Visan pankki- tai luottokortin maailmanlaajuiseen ulottuvuuteen ja turvallisuuteen.<\/li>\n<\/ul>\n\n<p>Pankki- ja luottokorttien lis\u00e4ksi hyv\u00e4ksymme my\u00f6s <strong>PayPalin<\/strong>, joka on laajalti tunnustettu ja turvallinen verkkomaksualusta. PayPalin avulla voit tehd\u00e4 ostoksia luottavaisin mielin tiet\u00e4en, ett\u00e4 taloudelliset tietosi on suojattu kehittyneell\u00e4 salaustekniikalla. <\/p>\n\n<p>Tarjoamalla useita maksuvaihtoehtoja pyrimme tarjoamaan sinulle ansaitsemasi joustavuuden ja mukavuuden, kun teet ostoksia <strong>DROIXilla<\/strong>. Jos sinulla on kysytt\u00e4v\u00e4\u00e4 tai tarvitset apua kassaprosessissa, ota rohkeasti yhteytt\u00e4 asiakastukitiimiimme. <\/p>\n\n<h2 class=\"wp-block-heading\">Toimitus ja vero<\/h2>\n\n<p>Meill\u00e4 on ilo ilmoittaa, ett\u00e4 kaikki <strong>DROIX-tilaukset <\/strong>toimitetaan yksinomaan Yhdistyneen kuningaskunnan varastostamme, joka sijaitsee osoitteessa 54C Expressway, N Woolwich Rd, London, E16 2AA, Yhdistynyt kuningaskunta. Vaikka tuotesivuilla saatetaan viitata kansainv\u00e4liseen toimitusvarmuuteen, huomioithan, ett\u00e4 <strong>kaikki tuotteet l\u00e4hetet\u00e4\u00e4n Yhdistyneest\u00e4 kuningaskunnasta<\/strong>, m\u00e4\u00e4r\u00e4np\u00e4\u00e4st\u00e4 riippumatta. Meill\u00e4 ei ole toimituskeskuksia EU:ssa tai Yhdysvalloissa. Kaikki kansainv\u00e4liset tilaukset l\u00e4hetet\u00e4\u00e4n Yhdistyneest\u00e4 kuningaskunnasta, ja niihin voidaan soveltaa tuontitulleja ja veroja, jotka lasketaan kassalla (tarvittaessa). Logistiikkatiimimme on sitoutunut varmistamaan tehokkaan ja oikea-aikaisen toimituksen maailmanlaajuisesti Yhdistyneen kuningaskunnan tukikohdastamme.    <\/p>\n\n<ul class=\"wp-block-list\">\n<li><strong>Verot sis\u00e4ltyv\u00e4t:<\/strong> Kaikki sivustollamme luetellut hinnat sis\u00e4lt\u00e4v\u00e4t sovellettavat verot, mik\u00e4 tekee kassakokemuksestasi l\u00e4pin\u00e4kyv\u00e4n ja huolettoman.<\/li>\n\n\n\n<li><strong>Tuontiverot:<\/strong> Asiakkaat Yhdistyneest\u00e4 kuningaskunnasta ja Yhdysvalloista eiv\u00e4t joudu maksamaan ylim\u00e4\u00e4r\u00e4isi\u00e4 tuontiveroja. N\u00e4iden alueiden ulkopuolella oleville asiakkaille useimmat tuotteet toimitetaan my\u00f6s veroineen. T\u00e4m\u00e4 mainitaan kullakin tuotesivulla, jotta varmistetaan, ettei toimituksen aikana tule piilotettuja yll\u00e4tyksi\u00e4.  \n<ul class=\"wp-block-list\">\n<li>Suorittamalla ostoksesi valtuutat DROIXin maksamaan n\u00e4m\u00e4 tuontiverot ja tullit puolestasi maahantulopaikassa. N\u00e4m\u00e4 summat maksetaan suoraan maasi tulliviranomaisille, eik\u00e4 niit\u00e4 n\u00e4in ollen palauteta miss\u00e4\u00e4n olosuhteissa, mukaan lukien hyl\u00e4tyt tai palautetut tilaukset. <\/li>\n\n\n\n<li>Varmista, ett\u00e4 olet perehtynyt maasi tuontis\u00e4\u00e4nt\u00f6ihin ennen tilauksen tekemist\u00e4, sill\u00e4 emme voi peri\u00e4 tai korvata tuontimaksuja, kun ne on toimitettu tullille.<\/li>\n<\/ul>\n<\/li>\n<\/ul>\n\n<p><strong>DROIX <\/strong>toimittaa ylpe\u00e4n\u00e4 seuraaviin maihin:<\/p>\n\n<ul class=\"wp-block-list\">\n<li>Yhdistynyt kuningaskunta<\/li>\n\n\n\n<li>Albania<\/li>\n\n\n\n<li>Andorra<\/li>\n\n\n\n<li>It\u00e4valta<\/li>\n\n\n\n<li>Belgia<\/li>\n\n\n\n<li>Bosnia ja Hertsegovina<\/li>\n\n\n\n<li>Bulgaria<\/li>\n\n\n\n<li>Kanada<\/li>\n\n\n\n<li>Kroatia<\/li>\n\n\n\n<li>T\u0161ekin tasavalta<\/li>\n\n\n\n<li>Tanska<\/li>\n\n\n\n<li>Viro<\/li>\n\n\n\n<li>Suomi<\/li>\n\n\n\n<li>Ranska<\/li>\n\n\n\n<li>Saksa<\/li>\n\n\n\n<li>Kreikka<\/li>\n\n\n\n<li>Unkari<\/li>\n\n\n\n<li>Islanti<\/li>\n\n\n\n<li>Irlanti<\/li>\n\n\n\n<li>Italia<\/li>\n\n\n\n<li>Latvia<\/li>\n\n\n\n<li>Liettua<\/li>\n\n\n\n<li>Luxemburg<\/li>\n\n\n\n<li>Malta<\/li>\n\n\n\n<li>Moldova<\/li>\n\n\n\n<li>Montenegro<\/li>\n\n\n\n<li>Alankomaat<\/li>\n\n\n\n<li>Norja<\/li>\n\n\n\n<li>Puola<\/li>\n\n\n\n<li>Portugali<\/li>\n\n\n\n<li>Romania<\/li>\n\n\n\n<li>Serbia<\/li>\n\n\n\n<li>Slovakia<\/li>\n\n\n\n<li>Slovenia<\/li>\n\n\n\n<li>Espanja<\/li>\n\n\n\n<li>Ruotsi<\/li>\n\n\n\n<li>Sveitsi<\/li>\n\n\n\n<li>YHDYSVALLAT<\/li>\n<\/ul>\n\n<p>Tarjoamme erilaisia toimitustapoja kohteen luokan mukaan. Korkealuokkaiset tuotteet voidaan l\u00e4hett\u00e4\u00e4 vain <strong>DHL Expressin<\/strong> kautta turvallisen ja nopean toimituksen varmistamiseksi. K\u00e4ytett\u00e4viss\u00e4 olevat toimitusvaihtoehtomme ovat <strong>DHL Express<\/strong>, <strong>DPD<\/strong>, <strong>GlobalMail<\/strong> ja <strong>Royal Mail<\/strong>.  <\/p>\n\n<p>Toivomme, ett\u00e4 n\u00e4m\u00e4 tiedot selvent\u00e4v\u00e4t toimitusk\u00e4yt\u00e4nt\u00f6j\u00e4mme ja -menettelyj\u00e4mme. Jos sinulla on lis\u00e4kysymyksi\u00e4 tai huolenaiheita, ota yhteytt\u00e4 asiakastukitiimiimme saadaksesi apua. <\/p>\n\n<h4 class=\"wp-block-heading\"><strong>Toimituskulut ja seuranta<\/strong><\/h4>\n\n<p><strong>Tilauksen seuranta:<\/strong> L\u00e4het\u00e4mme kaikki tilauksemme seurantamenetelm\u00e4ll\u00e4, ja s\u00e4hk\u00f6postiviesti seurantanumerosi kanssa l\u00e4hetet\u00e4\u00e4n tilauksesi l\u00e4hett\u00e4misen j\u00e4lkeen.<\/p>\n\n<p><strong>Toimituskulut:<\/strong> Toimituskulut lasketaan tuotteen painon, arvon ja m\u00e4\u00e4r\u00e4np\u00e4\u00e4n perusteella, ja toimituskulut ovat v\u00e4hint\u00e4\u00e4n 10,11 puntaa. Tarkan laskelman saamiseksi lis\u00e4\u00e4 ostettava tuote ostoskoriin ja anna osoitteesi kassalla. <\/p>\n\n<p>Jos sinulla on kysytt\u00e4v\u00e4\u00e4 tilauksestasi tai seurannastasi, \u00e4l\u00e4 ep\u00e4r\u00f6i <a href=\"https:\/\/droix.eu\/fi\/ota-yhteytta\/\" target=\"_blank\" rel=\"noreferrer noopener\" data-type=\"page\" data-id=\"10257\">ottaa yhteytt\u00e4 meihin<\/a>.<\/p>\n","protected":false},"excerpt":{"rendered":"<p>Olemme innoissamme voidessamme ilmoittaa, ett\u00e4 DROIX tarjoaa nyt entist\u00e4 nopeampia ja edullisempia toimitusvaihtoehtoja kaikkiin elektronisiin tarpeisiisi. Sitoumuksemme tarjota sinulle poikkeuksellista asiakaspalvelua ulottuu my\u00f6s sen varmistamiseen, ett\u00e4 saat tilauksesi mahdollisimman nopeasti ja tehokkaasti ilman, ett\u00e4 pankki menee rikki. Me DROIXilla ymm\u00e4rr\u00e4mme joustavuuden merkityksen maksujen osalta. Siksi olemme ylpeit\u00e4 siit\u00e4, ett\u00e4 hyv\u00e4ksymme maksut kaikissa yleisimmiss\u00e4 valuutoissa ja [&hellip;]<\/p>\n","protected":false},"author":2,"featured_media":0,"parent":0,"menu_order":0,"comment_status":"closed","ping_status":"closed","template":"","meta":{"_acf_changed":false,"footnotes":""},"class_list":["post-535595","page","type-page","status-publish","hentry"],"acf":[],"aioseo_notices":[],"aioseo_head":"\n\t\t<!-- All in One SEO Pro 4.9.6.2 - aioseo.com -->\n\t<meta name=\"description\" content=\"Olemme innoissamme voidessamme ilmoittaa, ett\u00e4 DROIX tarjoaa nyt entist\u00e4 nopeampia ja edullisempia toimitusvaihtoehtoja kaikkiin elektronisiin tarpeisiisi. Sitoumuksemme tarjota sinulle poikkeuksellista asiakaspalvelua ulottuu my\u00f6s sen varmistamiseen, ett\u00e4 saat tilauksesi mahdollisimman nopeasti ja tehokkaasti ilman, ett\u00e4 pankki menee rikki. Me DROIXilla ymm\u00e4rr\u00e4mme joustavuuden merkityksen maksujen osalta. Siksi olemme ylpeit\u00e4 siit\u00e4, ett\u00e4 hyv\u00e4ksymme maksut kaikissa yleisimmiss\u00e4 valuutoissa ja\" \/>\n\t<meta name=\"robots\" content=\"max-image-preview:large\" \/>\n\t<link rel=\"canonical\" href=\"https:\/\/droix.eu\/fi\/varasto-maksu-ja-toimitus\/\" \/>\n\t<meta name=\"generator\" content=\"All in One SEO Pro (AIOSEO) 4.9.6.2\" \/>\n\t\t<meta property=\"og:locale\" content=\"fi_FI\" \/>\n\t\t<meta property=\"og:site_name\" content=\"DROIX EU - Get the latest Mini PCs, Ultrabook, PC Gaming Handhelds and more!\" \/>\n\t\t<meta property=\"og:type\" content=\"article\" \/>\n\t\t<meta property=\"og:title\" content=\"Varasto, maksu ja toimitus - DROIX EU\" \/>\n\t\t<meta property=\"og:description\" content=\"Olemme innoissamme voidessamme ilmoittaa, ett\u00e4 DROIX tarjoaa nyt entist\u00e4 nopeampia ja edullisempia toimitusvaihtoehtoja kaikkiin elektronisiin tarpeisiisi. Sitoumuksemme tarjota sinulle poikkeuksellista asiakaspalvelua ulottuu my\u00f6s sen varmistamiseen, ett\u00e4 saat tilauksesi mahdollisimman nopeasti ja tehokkaasti ilman, ett\u00e4 pankki menee rikki. Me DROIXilla ymm\u00e4rr\u00e4mme joustavuuden merkityksen maksujen osalta. Siksi olemme ylpeit\u00e4 siit\u00e4, ett\u00e4 hyv\u00e4ksymme maksut kaikissa yleisimmiss\u00e4 valuutoissa ja\" \/>\n\t\t<meta property=\"og:url\" content=\"https:\/\/droix.eu\/fi\/varasto-maksu-ja-toimitus\/\" \/>\n\t\t<meta property=\"og:image\" content=\"https:\/\/droix.eu\/wp-content\/uploads\/2024\/06\/droix-v2-light-logo.png\" \/>\n\t\t<meta property=\"og:image:secure_url\" content=\"https:\/\/droix.eu\/wp-content\/uploads\/2024\/06\/droix-v2-light-logo.png\" \/>\n\t\t<meta property=\"og:image:width\" content=\"380\" \/>\n\t\t<meta property=\"og:image:height\" content=\"118\" \/>\n\t\t<meta property=\"article:published_time\" content=\"2023-05-02T15:38:01+00:00\" \/>\n\t\t<meta property=\"article:modified_time\" content=\"2025-04-23T00:11:37+00:00\" \/>\n\t\t<meta property=\"article:publisher\" content=\"https:\/\/www.facebook.com\/DroiX.Store\" \/>\n\t\t<meta name=\"twitter:card\" content=\"summary_large_image\" \/>\n\t\t<meta name=\"twitter:site\" content=\"@DroiX_Store\" \/>\n\t\t<meta name=\"twitter:title\" content=\"Varasto, maksu ja toimitus - DROIX EU\" \/>\n\t\t<meta name=\"twitter:description\" content=\"Olemme innoissamme voidessamme ilmoittaa, ett\u00e4 DROIX tarjoaa nyt entist\u00e4 nopeampia ja edullisempia toimitusvaihtoehtoja kaikkiin elektronisiin tarpeisiisi. Sitoumuksemme tarjota sinulle poikkeuksellista asiakaspalvelua ulottuu my\u00f6s sen varmistamiseen, ett\u00e4 saat tilauksesi mahdollisimman nopeasti ja tehokkaasti ilman, ett\u00e4 pankki menee rikki. Me DROIXilla ymm\u00e4rr\u00e4mme joustavuuden merkityksen maksujen osalta. Siksi olemme ylpeit\u00e4 siit\u00e4, ett\u00e4 hyv\u00e4ksymme maksut kaikissa yleisimmiss\u00e4 valuutoissa ja\" \/>\n\t\t<meta name=\"twitter:creator\" content=\"@DroiX_Store\" \/>\n\t\t<meta name=\"twitter:image\" content=\"https:\/\/droix.eu\/wp-content\/uploads\/2024\/06\/droix-v2-light-logo.png\" \/>\n\t\t<script type=\"application\/ld+json\" class=\"aioseo-schema\">\n\t\t\t{\"@context\":\"https:\\\/\\\/schema.org\",\"@graph\":[{\"@type\":\"BreadcrumbList\",\"@id\":\"https:\\\/\\\/droix.eu\\\/fi\\\/varasto-maksu-ja-toimitus\\\/#breadcrumblist\",\"itemListElement\":[{\"@type\":\"ListItem\",\"@id\":\"https:\\\/\\\/droix.eu\\\/fi\\\/#listItem\",\"position\":1,\"name\":\"Home\",\"item\":\"https:\\\/\\\/droix.eu\\\/fi\\\/\",\"nextItem\":{\"@type\":\"ListItem\",\"@id\":\"https:\\\/\\\/droix.eu\\\/fi\\\/varasto-maksu-ja-toimitus\\\/#listItem\",\"name\":\"Varasto, maksu ja toimitus\"}},{\"@type\":\"ListItem\",\"@id\":\"https:\\\/\\\/droix.eu\\\/fi\\\/varasto-maksu-ja-toimitus\\\/#listItem\",\"position\":2,\"name\":\"Varasto, maksu ja toimitus\",\"previousItem\":{\"@type\":\"ListItem\",\"@id\":\"https:\\\/\\\/droix.eu\\\/fi\\\/#listItem\",\"name\":\"Home\"}}]},{\"@type\":\"Organization\",\"@id\":\"https:\\\/\\\/droix.eu\\\/fi\\\/#organization\",\"name\":\"DroiX \\u2013 Trusted EU Tech Retailer with 12+ Years Experience\",\"description\":\"DroiX is a leading European technology retailer with over 12 years of experience, offering quality mini PCs, handheld gaming consoles, and tech accessories. We provide hassle-free EU delivery with all taxes included, ensuring a smooth and reliable shopping experience for our customers across Europe.\",\"url\":\"https:\\\/\\\/droix.eu\\\/fi\\\/\",\"logo\":{\"@type\":\"ImageObject\",\"url\":\"https:\\\/\\\/droix.eu\\\/wp-content\\\/uploads\\\/2024\\\/06\\\/droix-v2-light-logo.png\",\"@id\":\"https:\\\/\\\/droix.eu\\\/fi\\\/varasto-maksu-ja-toimitus\\\/#organizationLogo\",\"width\":380,\"height\":118},\"image\":{\"@id\":\"https:\\\/\\\/droix.eu\\\/fi\\\/varasto-maksu-ja-toimitus\\\/#organizationLogo\"},\"sameAs\":[\"https:\\\/\\\/www.facebook.com\\\/DroiX.Store\",\"https:\\\/\\\/twitter.com\\\/DroiX_Store\",\"https:\\\/\\\/www.instagram.com\\\/droix.store\\\/\",\"https:\\\/\\\/www.tiktok.com\\\/@droix.store\",\"https:\\\/\\\/www.youtube.com\\\/c\\\/DroiX_Store\",\"https:\\\/\\\/uk.linkedin.com\\\/company\\\/droix\"]},{\"@type\":\"WebPage\",\"@id\":\"https:\\\/\\\/droix.eu\\\/fi\\\/varasto-maksu-ja-toimitus\\\/#webpage\",\"url\":\"https:\\\/\\\/droix.eu\\\/fi\\\/varasto-maksu-ja-toimitus\\\/\",\"name\":\"Varasto, maksu ja toimitus - DROIX EU\",\"description\":\"Olemme innoissamme voidessamme ilmoittaa, ett\\u00e4 DROIX tarjoaa nyt entist\\u00e4 nopeampia ja edullisempia toimitusvaihtoehtoja kaikkiin elektronisiin tarpeisiisi. Sitoumuksemme tarjota sinulle poikkeuksellista asiakaspalvelua ulottuu my\\u00f6s sen varmistamiseen, ett\\u00e4 saat tilauksesi mahdollisimman nopeasti ja tehokkaasti ilman, ett\\u00e4 pankki menee rikki. Me DROIXilla ymm\\u00e4rr\\u00e4mme joustavuuden merkityksen maksujen osalta. Siksi olemme ylpeit\\u00e4 siit\\u00e4, ett\\u00e4 hyv\\u00e4ksymme maksut kaikissa yleisimmiss\\u00e4 valuutoissa ja\",\"inLanguage\":\"fi\",\"isPartOf\":{\"@id\":\"https:\\\/\\\/droix.eu\\\/fi\\\/#website\"},\"breadcrumb\":{\"@id\":\"https:\\\/\\\/droix.eu\\\/fi\\\/varasto-maksu-ja-toimitus\\\/#breadcrumblist\"},\"datePublished\":\"2023-05-02T16:38:01+01:00\",\"dateModified\":\"2025-04-23T01:11:37+01:00\"},{\"@type\":\"WebSite\",\"@id\":\"https:\\\/\\\/droix.eu\\\/fi\\\/#website\",\"url\":\"https:\\\/\\\/droix.eu\\\/fi\\\/\",\"name\":\"DROIX EU\",\"description\":\"Get the latest Mini PCs, Ultrabook, PC Gaming Handhelds and more!\",\"inLanguage\":\"fi\",\"publisher\":{\"@id\":\"https:\\\/\\\/droix.eu\\\/fi\\\/#organization\"}}]}\n\t\t<\/script>\n\t\t<!-- All in One SEO Pro -->\r\n\t\t<title>Varasto, maksu ja toimitus - DROIX EU<\/title>\n\n","aioseo_head_json":{"title":"Varasto, maksu ja toimitus - DROIX EU","description":"Olemme innoissamme voidessamme ilmoittaa, ett\u00e4 DROIX tarjoaa nyt entist\u00e4 nopeampia ja edullisempia toimitusvaihtoehtoja kaikkiin elektronisiin tarpeisiisi. Sitoumuksemme tarjota sinulle poikkeuksellista asiakaspalvelua ulottuu my\u00f6s sen varmistamiseen, ett\u00e4 saat tilauksesi mahdollisimman nopeasti ja tehokkaasti ilman, ett\u00e4 pankki menee rikki. Me DROIXilla ymm\u00e4rr\u00e4mme joustavuuden merkityksen maksujen osalta. Siksi olemme ylpeit\u00e4 siit\u00e4, ett\u00e4 hyv\u00e4ksymme maksut kaikissa yleisimmiss\u00e4 valuutoissa ja","canonical_url":"https:\/\/droix.eu\/fi\/varasto-maksu-ja-toimitus\/","robots":"max-image-preview:large","keywords":"","webmasterTools":{"miscellaneous":""},"schema":{"@context":"https:\/\/schema.org","@graph":[{"@type":"BreadcrumbList","@id":"https:\/\/droix.eu\/fi\/varasto-maksu-ja-toimitus\/#breadcrumblist","itemListElement":[{"@type":"ListItem","@id":"https:\/\/droix.eu\/fi\/#listItem","position":1,"name":"Home","item":"https:\/\/droix.eu\/fi\/","nextItem":{"@type":"ListItem","@id":"https:\/\/droix.eu\/fi\/varasto-maksu-ja-toimitus\/#listItem","name":"Varasto, maksu ja toimitus"}},{"@type":"ListItem","@id":"https:\/\/droix.eu\/fi\/varasto-maksu-ja-toimitus\/#listItem","position":2,"name":"Varasto, maksu ja toimitus","previousItem":{"@type":"ListItem","@id":"https:\/\/droix.eu\/fi\/#listItem","name":"Home"}}]},{"@type":"Organization","@id":"https:\/\/droix.eu\/fi\/#organization","name":"DroiX \u2013 Trusted EU Tech Retailer with 12+ Years Experience","description":"DroiX is a leading European technology retailer with over 12 years of experience, offering quality mini PCs, handheld gaming consoles, and tech accessories. We provide hassle-free EU delivery with all taxes included, ensuring a smooth and reliable shopping experience for our customers across Europe.","url":"https:\/\/droix.eu\/fi\/","logo":{"@type":"ImageObject","url":"https:\/\/droix.eu\/wp-content\/uploads\/2024\/06\/droix-v2-light-logo.png","@id":"https:\/\/droix.eu\/fi\/varasto-maksu-ja-toimitus\/#organizationLogo","width":380,"height":118},"image":{"@id":"https:\/\/droix.eu\/fi\/varasto-maksu-ja-toimitus\/#organizationLogo"},"sameAs":["https:\/\/www.facebook.com\/DroiX.Store","https:\/\/twitter.com\/DroiX_Store","https:\/\/www.instagram.com\/droix.store\/","https:\/\/www.tiktok.com\/@droix.store","https:\/\/www.youtube.com\/c\/DroiX_Store","https:\/\/uk.linkedin.com\/company\/droix"]},{"@type":"WebPage","@id":"https:\/\/droix.eu\/fi\/varasto-maksu-ja-toimitus\/#webpage","url":"https:\/\/droix.eu\/fi\/varasto-maksu-ja-toimitus\/","name":"Varasto, maksu ja toimitus - DROIX EU","description":"Olemme innoissamme voidessamme ilmoittaa, ett\u00e4 DROIX tarjoaa nyt entist\u00e4 nopeampia ja edullisempia toimitusvaihtoehtoja kaikkiin elektronisiin tarpeisiisi. Sitoumuksemme tarjota sinulle poikkeuksellista asiakaspalvelua ulottuu my\u00f6s sen varmistamiseen, ett\u00e4 saat tilauksesi mahdollisimman nopeasti ja tehokkaasti ilman, ett\u00e4 pankki menee rikki. Me DROIXilla ymm\u00e4rr\u00e4mme joustavuuden merkityksen maksujen osalta. Siksi olemme ylpeit\u00e4 siit\u00e4, ett\u00e4 hyv\u00e4ksymme maksut kaikissa yleisimmiss\u00e4 valuutoissa ja","inLanguage":"fi","isPartOf":{"@id":"https:\/\/droix.eu\/fi\/#website"},"breadcrumb":{"@id":"https:\/\/droix.eu\/fi\/varasto-maksu-ja-toimitus\/#breadcrumblist"},"datePublished":"2023-05-02T16:38:01+01:00","dateModified":"2025-04-23T01:11:37+01:00"},{"@type":"WebSite","@id":"https:\/\/droix.eu\/fi\/#website","url":"https:\/\/droix.eu\/fi\/","name":"DROIX EU","description":"Get the latest Mini PCs, Ultrabook, PC Gaming Handhelds and more!","inLanguage":"fi","publisher":{"@id":"https:\/\/droix.eu\/fi\/#organization"}}]},"og:locale":"fi_FI","og:site_name":"DROIX EU - Get the latest Mini PCs, Ultrabook, PC Gaming Handhelds and more!","og:type":"article","og:title":"Varasto, maksu ja toimitus - DROIX EU","og:description":"Olemme innoissamme voidessamme ilmoittaa, ett\u00e4 DROIX tarjoaa nyt entist\u00e4 nopeampia ja edullisempia toimitusvaihtoehtoja kaikkiin elektronisiin tarpeisiisi. Sitoumuksemme tarjota sinulle poikkeuksellista asiakaspalvelua ulottuu my\u00f6s sen varmistamiseen, ett\u00e4 saat tilauksesi mahdollisimman nopeasti ja tehokkaasti ilman, ett\u00e4 pankki menee rikki. Me DROIXilla ymm\u00e4rr\u00e4mme joustavuuden merkityksen maksujen osalta. Siksi olemme ylpeit\u00e4 siit\u00e4, ett\u00e4 hyv\u00e4ksymme maksut kaikissa yleisimmiss\u00e4 valuutoissa ja","og:url":"https:\/\/droix.eu\/fi\/varasto-maksu-ja-toimitus\/","og:image":"https:\/\/droix.eu\/wp-content\/uploads\/2024\/06\/droix-v2-light-logo.png","og:image:secure_url":"https:\/\/droix.eu\/wp-content\/uploads\/2024\/06\/droix-v2-light-logo.png","og:image:width":380,"og:image:height":118,"article:published_time":"2023-05-02T15:38:01+00:00","article:modified_time":"2025-04-23T00:11:37+00:00","article:publisher":"https:\/\/www.facebook.com\/DroiX.Store","twitter:card":"summary_large_image","twitter:site":"@DroiX_Store","twitter:title":"Varasto, maksu ja toimitus - DROIX EU","twitter:description":"Olemme innoissamme voidessamme ilmoittaa, ett\u00e4 DROIX tarjoaa nyt entist\u00e4 nopeampia ja edullisempia toimitusvaihtoehtoja kaikkiin elektronisiin tarpeisiisi. Sitoumuksemme tarjota sinulle poikkeuksellista asiakaspalvelua ulottuu my\u00f6s sen varmistamiseen, ett\u00e4 saat tilauksesi mahdollisimman nopeasti ja tehokkaasti ilman, ett\u00e4 pankki menee rikki. Me DROIXilla ymm\u00e4rr\u00e4mme joustavuuden merkityksen maksujen osalta. Siksi olemme ylpeit\u00e4 siit\u00e4, ett\u00e4 hyv\u00e4ksymme maksut kaikissa yleisimmiss\u00e4 valuutoissa ja","twitter:creator":"@DroiX_Store","twitter:image":"https:\/\/droix.eu\/wp-content\/uploads\/2024\/06\/droix-v2-light-logo.png"},"aioseo_meta_data":{"post_id":"535595","title":null,"description":null,"keywords":null,"keyphrases":null,"primary_term":null,"canonical_url":null,"og_title":null,"og_description":null,"og_object_type":"default","og_image_type":"default","og_image_url":null,"og_image_width":null,"og_image_height":null,"og_image_custom_url":null,"og_image_custom_fields":null,"og_video":null,"og_custom_url":null,"og_article_section":null,"og_article_tags":null,"twitter_use_og":true,"twitter_card":"default","twitter_image_type":"default","twitter_image_url":null,"twitter_image_custom_url":null,"twitter_image_custom_fields":null,"twitter_title":null,"twitter_description":null,"schema":{"blockGraphs":[],"customGraphs":[],"default":{"data":{"Article":[],"Course":[],"Dataset":[],"FAQPage":[],"Movie":[],"Person":[],"Product":[],"ProductReview":[],"Car":[],"Recipe":[],"Service":[],"SoftwareApplication":[],"WebPage":[]},"graphName":"","isEnabled":true},"graphs":[]},"schema_type":"default","schema_type_options":null,"pillar_content":false,"robots_default":true,"robots_noindex":false,"robots_noarchive":false,"robots_nosnippet":false,"robots_nofollow":false,"robots_noimageindex":false,"robots_noodp":false,"robots_notranslate":false,"robots_max_snippet":null,"robots_max_videopreview":null,"robots_max_imagepreview":"large","priority":null,"frequency":null,"local_seo":null,"seo_analyzer_scan_date":"2025-09-17 00:22:24","breadcrumb_settings":null,"limit_modified_date":false,"reviewed_by":null,"open_ai":null,"ai":null,"created":"2025-09-17 00:22:24","updated":"2025-11-27 01:28:03"},"aioseo_breadcrumb":"<div class=\"aioseo-breadcrumbs\"><span class=\"aioseo-breadcrumb\">\n\t<a href=\"https:\/\/droix.eu\/fi\/\" title=\"Home\">Home<\/a>\n<\/span><span class=\"aioseo-breadcrumb-separator\">&raquo;<\/span><span class=\"aioseo-breadcrumb\">\n\tVarasto, maksu ja toimitus\n<\/span><\/div>","aioseo_breadcrumb_json":[{"label":"Home","link":"https:\/\/droix.eu\/fi\/"},{"label":"Varasto, maksu ja toimitus","link":"https:\/\/droix.eu\/fi\/varasto-maksu-ja-toimitus\/"}],"_links":{"self":[{"href":"https:\/\/droix.eu\/fi\/wp-json\/wp\/v2\/pages\/535595","targetHints":{"allow":["GET"]}}],"collection":[{"href":"https:\/\/droix.eu\/fi\/wp-json\/wp\/v2\/pages"}],"about":[{"href":"https:\/\/droix.eu\/fi\/wp-json\/wp\/v2\/types\/page"}],"author":[{"embeddable":true,"href":"https:\/\/droix.eu\/fi\/wp-json\/wp\/v2\/users\/2"}],"replies":[{"embeddable":true,"href":"https:\/\/droix.eu\/fi\/wp-json\/wp\/v2\/comments?post=535595"}],"version-history":[{"count":0,"href":"https:\/\/droix.eu\/fi\/wp-json\/wp\/v2\/pages\/535595\/revisions"}],"wp:attachment":[{"href":"https:\/\/droix.eu\/fi\/wp-json\/wp\/v2\/media?parent=535595"}],"curies":[{"name":"wp","href":"https:\/\/api.w.org\/{rel}","templated":true}]}}