{"id":716803,"date":"2026-03-26T11:22:04","date_gmt":"2026-03-26T11:22:04","guid":{"rendered":"https:\/\/droix.eu\/product\/onexplayer-apex-case\/"},"modified":"2026-03-26T11:22:04","modified_gmt":"2026-03-26T11:22:04","slug":"onexplayer-apex-case","status":"publish","type":"product","link":"https:\/\/droix.eu\/et\/product\/onexplayer-apex-case\/","title":{"rendered":"ONEXPLAYER APEX Case"},"content":{"rendered":"","protected":false},"excerpt":{"rendered":"<ul>\n<li><strong>Ametlik sobivus:<\/strong> See mudel on spetsiaalselt loodud ONEXPLAYER APEXi pihuarvuti jaoks, et tagada t\u00e4pne ja klappivaba kogemus.<\/li>\n<li><strong>Turvalised rihmad:<\/strong> Sisemine elastne rihm hoiab seadme ja v\u00e4ikesed lisaseadmed kindlalt paigal, kui olete teel.<\/li>\n<li><strong>Pehme vooder:<\/strong> Suurep\u00e4rane, mitteabrasiivne sisemus takistab kriimustuste tekkimist ja kaitseb ulatuslikku k\u00f5rgresolutsioonilist ekraani mikrokarmide eest.<\/li>\n<li><strong>K\u00e4terihm: Integreeritud<\/strong> tugevdatud aas v\u00f5imaldab h\u00f5lpsat ja turvalist kandmist teel, ilma et oleks oht, et see kogemata maha kukub.<\/li>\n<li><strong>K\u00f5va kest:<\/strong> See tugevdatud v\u00e4liskest tagab teie suure j\u00f5udlusega Strix Halo m\u00e4ngukompuutrile vastupidava ja j\u00e4iga kaitse.<\/li>\n<\/ul>\n[droix_global_accordions]\n[cg_accordion title=\"Pakett sisaldab\"]<\/p>\n<ul>\n<li>1x ONEXPLAYER APEX Case<\/li>\n<\/ul>\n<p>[\/cg_accordion]\n","protected":false},"featured_media":716809,"template":"","meta":{"_acf_changed":false},"product_brand":[],"product_cat":[10583,10481],"product_tag":[],"woo-feed-brand":[2199],"key-features":[],"class_list":{"0":"post-716803","1":"product","2":"type-product","3":"status-publish","4":"has-post-thumbnail","6":"product_cat-mangude-aksessuaarid","7":"product_cat-tarvikud","8":"product_shipping_class-low-end","9":"pa_accessory-type-protective-case","10":"pa_brands-onexplayer-et","11":"pa_compatibility-onexplayer-onexfly-apex","12":"woo-feed-brand-onexplayer","14":"first","15":"instock","16":"taxable","17":"shipping-taxable","18":"purchasable","19":"product-type-variable","20":"has-default-attributes"},"acf":[],"aioseo_notices":[],"_links":{"self":[{"href":"https:\/\/droix.eu\/et\/wp-json\/wp\/v2\/product\/716803","targetHints":{"allow":["GET"]}}],"collection":[{"href":"https:\/\/droix.eu\/et\/wp-json\/wp\/v2\/product"}],"about":[{"href":"https:\/\/droix.eu\/et\/wp-json\/wp\/v2\/types\/product"}],"version-history":[{"count":0,"href":"https:\/\/droix.eu\/et\/wp-json\/wp\/v2\/product\/716803\/revisions"}],"wp:featuredmedia":[{"embeddable":true,"href":"https:\/\/droix.eu\/et\/wp-json\/wp\/v2\/media\/716809"}],"wp:attachment":[{"href":"https:\/\/droix.eu\/et\/wp-json\/wp\/v2\/media?parent=716803"}],"wp:term":[{"taxonomy":"product_brand","embeddable":true,"href":"https:\/\/droix.eu\/et\/wp-json\/wp\/v2\/product_brand?post=716803"},{"taxonomy":"product_cat","embeddable":true,"href":"https:\/\/droix.eu\/et\/wp-json\/wp\/v2\/product_cat?post=716803"},{"taxonomy":"product_tag","embeddable":true,"href":"https:\/\/droix.eu\/et\/wp-json\/wp\/v2\/product_tag?post=716803"},{"taxonomy":"woo-feed-brand","embeddable":true,"href":"https:\/\/droix.eu\/et\/wp-json\/wp\/v2\/woo-feed-brand?post=716803"},{"taxonomy":"key-features","embeddable":true,"href":"https:\/\/droix.eu\/et\/wp-json\/wp\/v2\/key-features?post=716803"}],"curies":[{"name":"wp","href":"https:\/\/api.w.org\/{rel}","templated":true}]}}