{"id":709704,"date":"2026-02-12T12:16:13","date_gmt":"2026-02-12T12:16:13","guid":{"rendered":"https:\/\/droix.eu\/product\/onexplayer-apex-aku-kaabel\/"},"modified":"2026-02-12T12:16:13","modified_gmt":"2026-02-12T12:16:13","slug":"onexplayer-apex-aku-kaabel","status":"publish","type":"product","link":"https:\/\/droix.eu\/et\/product\/onexplayer-apex-aku-kaabel\/","title":{"rendered":"ONEXPLAYER APEX aku kaabel"},"content":{"rendered":"","protected":false},"excerpt":{"rendered":"<ul>\n<li><strong>ONEXPLAYER Apex Power Link &#8211;<\/strong> h\u00e4davajalik aku ja seadme vaheline \u00fchenduskaabel.<\/li>\n<li><strong>Omandis olev mitme poldiga liides &#8211;<\/strong> turvaline, madala takistusega \u00fchendus 85Wh moodulite jaoks.<\/li>\n<li><strong>100W+ Power Delivery &#8211;<\/strong> toetab Apex-seeria suure v\u00f5imsuse n\u00f5udmisi.<\/li>\n<li><strong>Modulaarne m\u00e4ngude disain &#8211;<\/strong> V\u00f5imaldab v\u00e4lise aku kasutamist parema ergonoomika tagamiseks.<\/li>\n<li><strong>Tugevdatud vastupidavus &#8211;<\/strong> vastupidav varjestus, mis on ehitatud sagedaseks \u00fchendamiseks ja reisimiseks.<\/li>\n<\/ul>\n[droix_global_accordions]\n[cg_accordion title=\"Pakett sisaldab\"]<\/p>\n<ul>\n<li>1x ONEXPLAYER APEX akukaabel<\/li>\n<\/ul>\n<p>[\/cg_accordion]\n","protected":false},"featured_media":709711,"template":"","meta":{"_acf_changed":false},"product_brand":[],"product_cat":[10583,10481],"product_tag":[],"woo-feed-brand":[],"key-features":[],"class_list":{"0":"post-709704","1":"product","2":"type-product","3":"status-publish","4":"has-post-thumbnail","6":"product_cat-mangude-aksessuaarid","7":"product_cat-tarvikud","8":"product_shipping_class-low-end","9":"pa_accessory-type-cable","10":"pa_brands-onexplayer-et","11":"pa_compatibility-onexplayer-onexfly-apex","13":"first","14":"instock","15":"sale","16":"taxable","17":"shipping-taxable","18":"purchasable","19":"product-type-variable","20":"has-default-attributes"},"acf":[],"aioseo_notices":[],"aioseo_head":"\n\t\t<!-- All in One SEO Pro 4.9.6.2 - aioseo.com -->\n\t<meta name=\"description\" content=\"Ava l\u00f5pmatu v\u00f5imsus! \ud83c\udfae Hanki ONEXPLAYER OneXFly Apex spetsiaalne aku ja seadme vaheline \u00fchenduskaabel 100W+ k\u00f5rge TDP-ga m\u00e4ngimiseks. Vastupidav, kiire ja reisimisvalmis. \ud83d\ude80 Osta n\u00fc\u00fcd! \ud83d\uded2\" \/>\n\t<meta name=\"robots\" content=\"max-image-preview:large\" \/>\n\t<link rel=\"canonical\" href=\"https:\/\/droix.eu\/et\/product\/onexplayer-apex-aku-kaabel\/\" \/>\n\t<meta name=\"generator\" content=\"All in One SEO Pro (AIOSEO) 4.9.6.2\" \/>\n\t\t<meta property=\"og:locale\" content=\"et_EE\" \/>\n\t\t<meta property=\"og:site_name\" content=\"DROIX EU - Get the latest Mini PCs, Ultrabook, PC Gaming Handhelds and more!\" \/>\n\t\t<meta property=\"og:type\" content=\"article\" \/>\n\t\t<meta property=\"og:title\" content=\"\u26a1 ONEXPLAYER OneXFly Apex spetsiaalne aku ja seadme vaheline \u00fchenduskaabel \ud83d\udd0b\" \/>\n\t\t<meta property=\"og:description\" content=\"Ava l\u00f5pmatu v\u00f5imsus! \ud83c\udfae Hanki ONEXPLAYER OneXFly Apex spetsiaalne aku ja seadme vaheline \u00fchenduskaabel 100W+ k\u00f5rge TDP-ga m\u00e4ngimiseks. Vastupidav, kiire ja reisimisvalmis. \ud83d\ude80 Osta n\u00fc\u00fcd! \ud83d\uded2\" \/>\n\t\t<meta property=\"og:url\" content=\"https:\/\/droix.eu\/et\/product\/onexplayer-apex-aku-kaabel\/\" \/>\n\t\t<meta property=\"og:image\" content=\"https:\/\/droix.eu\/wp-content\/uploads\/2024\/06\/droix-v2-light-logo.png\" \/>\n\t\t<meta property=\"og:image:secure_url\" content=\"https:\/\/droix.eu\/wp-content\/uploads\/2024\/06\/droix-v2-light-logo.png\" \/>\n\t\t<meta property=\"og:image:width\" content=\"380\" \/>\n\t\t<meta property=\"og:image:height\" content=\"118\" \/>\n\t\t<meta property=\"article:published_time\" content=\"2026-02-12T12:16:13+00:00\" \/>\n\t\t<meta property=\"article:modified_time\" content=\"2026-02-12T12:16:13+00:00\" \/>\n\t\t<meta property=\"article:publisher\" content=\"https:\/\/www.facebook.com\/DroiX.Store\" \/>\n\t\t<meta name=\"twitter:card\" content=\"summary_large_image\" \/>\n\t\t<meta name=\"twitter:site\" content=\"@DroiX_Store\" \/>\n\t\t<meta name=\"twitter:title\" content=\"\u26a1 ONEXPLAYER OneXFly Apex spetsiaalne aku ja seadme vaheline \u00fchenduskaabel \ud83d\udd0b\" \/>\n\t\t<meta name=\"twitter:description\" content=\"Ava l\u00f5pmatu v\u00f5imsus! \ud83c\udfae Hanki ONEXPLAYER OneXFly Apex spetsiaalne aku ja seadme vaheline \u00fchenduskaabel 100W+ k\u00f5rge TDP-ga m\u00e4ngimiseks. Vastupidav, kiire ja reisimisvalmis. \ud83d\ude80 Osta n\u00fc\u00fcd! \ud83d\uded2\" \/>\n\t\t<meta name=\"twitter:image\" content=\"https:\/\/droix.eu\/wp-content\/uploads\/2024\/06\/droix-v2-light-logo.png\" \/>\n\t\t<script type=\"application\/ld+json\" class=\"aioseo-schema\">\n\t\t\t{\"@context\":\"https:\\\/\\\/schema.org\",\"@graph\":[{\"@type\":\"BreadcrumbList\",\"@id\":\"https:\\\/\\\/droix.eu\\\/et\\\/product\\\/onexplayer-apex-aku-kaabel\\\/#breadcrumblist\",\"itemListElement\":[{\"@type\":\"ListItem\",\"@id\":\"https:\\\/\\\/droix.eu\\\/et\\\/#listItem\",\"position\":1,\"name\":\"Home\",\"item\":\"https:\\\/\\\/droix.eu\\\/et\\\/\",\"nextItem\":{\"@type\":\"ListItem\",\"@id\":\"https:\\\/\\\/droix.eu\\\/et\\\/product-category\\\/tarvikud\\\/#listItem\",\"name\":\"Tarvikud\"}},{\"@type\":\"ListItem\",\"@id\":\"https:\\\/\\\/droix.eu\\\/et\\\/product-category\\\/tarvikud\\\/#listItem\",\"position\":2,\"name\":\"Tarvikud\",\"item\":\"https:\\\/\\\/droix.eu\\\/et\\\/product-category\\\/tarvikud\\\/\",\"nextItem\":{\"@type\":\"ListItem\",\"@id\":\"https:\\\/\\\/droix.eu\\\/et\\\/product-category\\\/tarvikud\\\/mangude-aksessuaarid\\\/#listItem\",\"name\":\"M\\u00e4ngude aksessuaarid\"},\"previousItem\":{\"@type\":\"ListItem\",\"@id\":\"https:\\\/\\\/droix.eu\\\/et\\\/#listItem\",\"name\":\"Home\"}},{\"@type\":\"ListItem\",\"@id\":\"https:\\\/\\\/droix.eu\\\/et\\\/product-category\\\/tarvikud\\\/mangude-aksessuaarid\\\/#listItem\",\"position\":3,\"name\":\"M\\u00e4ngude aksessuaarid\",\"item\":\"https:\\\/\\\/droix.eu\\\/et\\\/product-category\\\/tarvikud\\\/mangude-aksessuaarid\\\/\",\"nextItem\":{\"@type\":\"ListItem\",\"@id\":\"https:\\\/\\\/droix.eu\\\/et\\\/product\\\/onexplayer-apex-aku-kaabel\\\/#listItem\",\"name\":\"ONEXPLAYER APEX aku kaabel\"},\"previousItem\":{\"@type\":\"ListItem\",\"@id\":\"https:\\\/\\\/droix.eu\\\/et\\\/product-category\\\/tarvikud\\\/#listItem\",\"name\":\"Tarvikud\"}},{\"@type\":\"ListItem\",\"@id\":\"https:\\\/\\\/droix.eu\\\/et\\\/product\\\/onexplayer-apex-aku-kaabel\\\/#listItem\",\"position\":4,\"name\":\"ONEXPLAYER APEX aku kaabel\",\"previousItem\":{\"@type\":\"ListItem\",\"@id\":\"https:\\\/\\\/droix.eu\\\/et\\\/product-category\\\/tarvikud\\\/mangude-aksessuaarid\\\/#listItem\",\"name\":\"M\\u00e4ngude aksessuaarid\"}}]},{\"@type\":\"Organization\",\"@id\":\"https:\\\/\\\/droix.eu\\\/et\\\/#organization\",\"name\":\"DroiX \\u2013 Trusted EU Tech Retailer with 12+ Years Experience\",\"description\":\"DroiX is a leading European technology retailer with over 12 years of experience, offering quality mini PCs, handheld gaming consoles, and tech accessories. We provide hassle-free EU delivery with all taxes included, ensuring a smooth and reliable shopping experience for our customers across Europe.\",\"url\":\"https:\\\/\\\/droix.eu\\\/et\\\/\",\"logo\":{\"@type\":\"ImageObject\",\"url\":\"https:\\\/\\\/droix.eu\\\/wp-content\\\/uploads\\\/2024\\\/06\\\/droix-v2-light-logo.png\",\"@id\":\"https:\\\/\\\/droix.eu\\\/et\\\/product\\\/onexplayer-apex-aku-kaabel\\\/#organizationLogo\",\"width\":380,\"height\":118},\"image\":{\"@id\":\"https:\\\/\\\/droix.eu\\\/et\\\/product\\\/onexplayer-apex-aku-kaabel\\\/#organizationLogo\"},\"sameAs\":[\"https:\\\/\\\/www.facebook.com\\\/DroiX.Store\",\"https:\\\/\\\/twitter.com\\\/DroiX_Store\",\"https:\\\/\\\/www.instagram.com\\\/droix.store\\\/\",\"https:\\\/\\\/www.tiktok.com\\\/@droix.store\",\"https:\\\/\\\/www.youtube.com\\\/c\\\/DroiX_Store\",\"https:\\\/\\\/uk.linkedin.com\\\/company\\\/droix\"]},{\"@type\":\"ProductGroup\",\"@id\":\"https:\\\/\\\/droix.eu\\\/et\\\/product\\\/onexplayer-apex-aku-kaabel\\\/#wooCommerceProduct\",\"name\":\"ONEXPLAYER APEX aku kaabel\",\"description\":\"ONEXPLAYER Apex Power Link - h\\u00e4davajalik aku ja seadme vaheline \\u00fchenduskaabel.\\n  Omandis olev mitme poldiga liides - turvaline, madala takistusega \\u00fchendus 85Wh moodulite jaoks.\\n  100W+ Power Delivery - toetab Apex-seeria suure v\\u00f5imsuse n\\u00f5udmisi.\\n  Modulaarne m\\u00e4ngude disain - V\\u00f5imaldab v\\u00e4lise aku kasutamist parema ergonoomika tagamiseks.\\n  Tugevdatud vastupidavus - vastupidav varjestus, mis on ehitatud sagedaseks \\u00fchendamiseks ja reisimiseks.\",\"url\":\"https:\\\/\\\/droix.eu\\\/et\\\/product\\\/onexplayer-apex-aku-kaabel\\\/\",\"image\":{\"@type\":\"ImageObject\",\"url\":\"https:\\\/\\\/droix.eu\\\/wp-content\\\/uploads\\\/2026\\\/02\\\/ONEXPLAYER-APEX-BATTERY-CABLE-LISTING-DONE-01.png\",\"@id\":\"https:\\\/\\\/droix.eu\\\/et\\\/product\\\/onexplayer-apex-aku-kaabel\\\/#productImage\",\"width\":2048,\"height\":2048},\"productGroupID\":709704,\"hasVariant\":[{\"@type\":\"Product\",\"@id\":\"https:\\\/\\\/droix.eu\\\/et\\\/product\\\/onexplayer-apex-aku-kaabel\\\/#wooCommerceProduct\",\"name\":\"ONEXPLAYER APEX aku kaabel - new\",\"description\":\"ONEXPLAYER Apex Power Link - h\\u00e4davajalik aku ja seadme vaheline \\u00fchenduskaabel.\\n  Omandis olev mitme poldiga liides - turvaline, madala takistusega \\u00fchendus 85Wh moodulite jaoks.\\n  100W+ Power Delivery - toetab Apex-seeria suure v\\u00f5imsuse n\\u00f5udmisi.\\n  Modulaarne m\\u00e4ngude disain - V\\u00f5imaldab v\\u00e4lise aku kasutamist parema ergonoomika tagamiseks.\\n  Tugevdatud vastupidavus - vastupidav varjestus, mis on ehitatud sagedaseks \\u00fchendamiseks ja reisimiseks.\",\"url\":\"https:\\\/\\\/droix.eu\\\/et\\\/product\\\/onexplayer-apex-aku-kaabel\\\/\",\"sku\":\"ONEXPLAYER-APEX-BATTERY-CABLE\",\"gtin\":\"5061077633534\",\"image\":{\"@type\":\"ImageObject\",\"url\":\"https:\\\/\\\/droix.eu\\\/wp-content\\\/uploads\\\/2026\\\/02\\\/ONEXPLAYER-APEX-BATTERY-CABLE-LISTING-DONE-01.png\",\"@id\":\"https:\\\/\\\/droix.eu\\\/et\\\/product\\\/onexplayer-apex-aku-kaabel\\\/#productImage\",\"width\":2048,\"height\":2048},\"offers\":{\"@type\":\"Offer\",\"url\":\"https:\\\/\\\/droix.eu\\\/et\\\/product\\\/onexplayer-apex-aku-kaabel\\\/#wooCommerceOffer\",\"price\":\"21.95\",\"priceCurrency\":\"EUR\",\"category\":\"M\\u00e4ngude aksessuaarid\",\"availability\":\"https:\\\/\\\/schema.org\\\/InStock\",\"priceSpecification\":{\"@type\":\"PriceSpecification\",\"price\":21.95,\"priceCurrency\":\"EUR\",\"valueAddedTaxIncluded\":\"true\"}}}]},{\"@type\":\"WebPage\",\"@id\":\"https:\\\/\\\/droix.eu\\\/et\\\/product\\\/onexplayer-apex-aku-kaabel\\\/#webpage\",\"url\":\"https:\\\/\\\/droix.eu\\\/et\\\/product\\\/onexplayer-apex-aku-kaabel\\\/\",\"name\":\"\\u26a1 ONEXPLAYER OneXFly Apex spetsiaalne aku ja seadme vaheline \\u00fchenduskaabel \\ud83d\\udd0b\",\"description\":\"Ava l\\u00f5pmatu v\\u00f5imsus! \\ud83c\\udfae Hanki ONEXPLAYER OneXFly Apex spetsiaalne aku ja seadme vaheline \\u00fchenduskaabel 100W+ k\\u00f5rge TDP-ga m\\u00e4ngimiseks. Vastupidav, kiire ja reisimisvalmis. \\ud83d\\ude80 Osta n\\u00fc\\u00fcd! \\ud83d\\uded2\",\"inLanguage\":\"et\",\"isPartOf\":{\"@id\":\"https:\\\/\\\/droix.eu\\\/et\\\/#website\"},\"breadcrumb\":{\"@id\":\"https:\\\/\\\/droix.eu\\\/et\\\/product\\\/onexplayer-apex-aku-kaabel\\\/#breadcrumblist\"},\"image\":{\"@type\":\"ImageObject\",\"url\":\"https:\\\/\\\/droix.eu\\\/wp-content\\\/uploads\\\/2026\\\/02\\\/ONEXPLAYER-APEX-BATTERY-CABLE-LISTING-DONE-01.png\",\"@id\":\"https:\\\/\\\/droix.eu\\\/et\\\/product\\\/onexplayer-apex-aku-kaabel\\\/#mainImage\",\"width\":2048,\"height\":2048},\"primaryImageOfPage\":{\"@id\":\"https:\\\/\\\/droix.eu\\\/et\\\/product\\\/onexplayer-apex-aku-kaabel\\\/#mainImage\"},\"datePublished\":\"2026-02-12T12:16:13+00:00\",\"dateModified\":\"2026-02-12T12:16:13+00:00\"},{\"@type\":\"WebSite\",\"@id\":\"https:\\\/\\\/droix.eu\\\/et\\\/#website\",\"url\":\"https:\\\/\\\/droix.eu\\\/et\\\/\",\"name\":\"DROIX EU\",\"description\":\"Get the latest Mini PCs, Ultrabook, PC Gaming Handhelds and more!\",\"inLanguage\":\"et\",\"publisher\":{\"@id\":\"https:\\\/\\\/droix.eu\\\/et\\\/#organization\"}}]}\n\t\t<\/script>\n\t\t<!-- All in One SEO Pro -->\r\n\t\t<title>\u26a1 ONEXPLAYER OneXFly Apex spetsiaalne aku ja seadme vaheline \u00fchenduskaabel \ud83d\udd0b<\/title>\n\n","aioseo_head_json":{"title":"\u26a1 ONEXPLAYER OneXFly Apex spetsiaalne aku ja seadme vaheline \u00fchenduskaabel \ud83d\udd0b","description":"Ava l\u00f5pmatu v\u00f5imsus! \ud83c\udfae Hanki ONEXPLAYER OneXFly Apex spetsiaalne aku ja seadme vaheline \u00fchenduskaabel 100W+ k\u00f5rge TDP-ga m\u00e4ngimiseks. Vastupidav, kiire ja reisimisvalmis. \ud83d\ude80 Osta n\u00fc\u00fcd! \ud83d\uded2","canonical_url":"https:\/\/droix.eu\/et\/product\/onexplayer-apex-aku-kaabel\/","robots":"max-image-preview:large","keywords":"","webmasterTools":{"miscellaneous":""},"schema":{"@context":"https:\/\/schema.org","@graph":[{"@type":"BreadcrumbList","@id":"https:\/\/droix.eu\/et\/product\/onexplayer-apex-aku-kaabel\/#breadcrumblist","itemListElement":[{"@type":"ListItem","@id":"https:\/\/droix.eu\/et\/#listItem","position":1,"name":"Home","item":"https:\/\/droix.eu\/et\/","nextItem":{"@type":"ListItem","@id":"https:\/\/droix.eu\/et\/product-category\/tarvikud\/#listItem","name":"Tarvikud"}},{"@type":"ListItem","@id":"https:\/\/droix.eu\/et\/product-category\/tarvikud\/#listItem","position":2,"name":"Tarvikud","item":"https:\/\/droix.eu\/et\/product-category\/tarvikud\/","nextItem":{"@type":"ListItem","@id":"https:\/\/droix.eu\/et\/product-category\/tarvikud\/mangude-aksessuaarid\/#listItem","name":"M\u00e4ngude aksessuaarid"},"previousItem":{"@type":"ListItem","@id":"https:\/\/droix.eu\/et\/#listItem","name":"Home"}},{"@type":"ListItem","@id":"https:\/\/droix.eu\/et\/product-category\/tarvikud\/mangude-aksessuaarid\/#listItem","position":3,"name":"M\u00e4ngude aksessuaarid","item":"https:\/\/droix.eu\/et\/product-category\/tarvikud\/mangude-aksessuaarid\/","nextItem":{"@type":"ListItem","@id":"https:\/\/droix.eu\/et\/product\/onexplayer-apex-aku-kaabel\/#listItem","name":"ONEXPLAYER APEX aku kaabel"},"previousItem":{"@type":"ListItem","@id":"https:\/\/droix.eu\/et\/product-category\/tarvikud\/#listItem","name":"Tarvikud"}},{"@type":"ListItem","@id":"https:\/\/droix.eu\/et\/product\/onexplayer-apex-aku-kaabel\/#listItem","position":4,"name":"ONEXPLAYER APEX aku kaabel","previousItem":{"@type":"ListItem","@id":"https:\/\/droix.eu\/et\/product-category\/tarvikud\/mangude-aksessuaarid\/#listItem","name":"M\u00e4ngude aksessuaarid"}}]},{"@type":"Organization","@id":"https:\/\/droix.eu\/et\/#organization","name":"DroiX \u2013 Trusted EU Tech Retailer with 12+ Years Experience","description":"DroiX is a leading European technology retailer with over 12 years of experience, offering quality mini PCs, handheld gaming consoles, and tech accessories. We provide hassle-free EU delivery with all taxes included, ensuring a smooth and reliable shopping experience for our customers across Europe.","url":"https:\/\/droix.eu\/et\/","logo":{"@type":"ImageObject","url":"https:\/\/droix.eu\/wp-content\/uploads\/2024\/06\/droix-v2-light-logo.png","@id":"https:\/\/droix.eu\/et\/product\/onexplayer-apex-aku-kaabel\/#organizationLogo","width":380,"height":118},"image":{"@id":"https:\/\/droix.eu\/et\/product\/onexplayer-apex-aku-kaabel\/#organizationLogo"},"sameAs":["https:\/\/www.facebook.com\/DroiX.Store","https:\/\/twitter.com\/DroiX_Store","https:\/\/www.instagram.com\/droix.store\/","https:\/\/www.tiktok.com\/@droix.store","https:\/\/www.youtube.com\/c\/DroiX_Store","https:\/\/uk.linkedin.com\/company\/droix"]},{"@type":"ProductGroup","@id":"https:\/\/droix.eu\/et\/product\/onexplayer-apex-aku-kaabel\/#wooCommerceProduct","name":"ONEXPLAYER APEX aku kaabel","description":"ONEXPLAYER Apex Power Link - h\u00e4davajalik aku ja seadme vaheline \u00fchenduskaabel.\n  Omandis olev mitme poldiga liides - turvaline, madala takistusega \u00fchendus 85Wh moodulite jaoks.\n  100W+ Power Delivery - toetab Apex-seeria suure v\u00f5imsuse n\u00f5udmisi.\n  Modulaarne m\u00e4ngude disain - V\u00f5imaldab v\u00e4lise aku kasutamist parema ergonoomika tagamiseks.\n  Tugevdatud vastupidavus - vastupidav varjestus, mis on ehitatud sagedaseks \u00fchendamiseks ja reisimiseks.","url":"https:\/\/droix.eu\/et\/product\/onexplayer-apex-aku-kaabel\/","image":{"@type":"ImageObject","url":"https:\/\/droix.eu\/wp-content\/uploads\/2026\/02\/ONEXPLAYER-APEX-BATTERY-CABLE-LISTING-DONE-01.png","@id":"https:\/\/droix.eu\/et\/product\/onexplayer-apex-aku-kaabel\/#productImage","width":2048,"height":2048},"productGroupID":709704,"hasVariant":[{"@type":"Product","@id":"https:\/\/droix.eu\/et\/product\/onexplayer-apex-aku-kaabel\/#wooCommerceProduct","name":"ONEXPLAYER APEX aku kaabel - new","description":"ONEXPLAYER Apex Power Link - h\u00e4davajalik aku ja seadme vaheline \u00fchenduskaabel.\n  Omandis olev mitme poldiga liides - turvaline, madala takistusega \u00fchendus 85Wh moodulite jaoks.\n  100W+ Power Delivery - toetab Apex-seeria suure v\u00f5imsuse n\u00f5udmisi.\n  Modulaarne m\u00e4ngude disain - V\u00f5imaldab v\u00e4lise aku kasutamist parema ergonoomika tagamiseks.\n  Tugevdatud vastupidavus - vastupidav varjestus, mis on ehitatud sagedaseks \u00fchendamiseks ja reisimiseks.","url":"https:\/\/droix.eu\/et\/product\/onexplayer-apex-aku-kaabel\/","sku":"ONEXPLAYER-APEX-BATTERY-CABLE","gtin":"5061077633534","image":{"@type":"ImageObject","url":"https:\/\/droix.eu\/wp-content\/uploads\/2026\/02\/ONEXPLAYER-APEX-BATTERY-CABLE-LISTING-DONE-01.png","@id":"https:\/\/droix.eu\/et\/product\/onexplayer-apex-aku-kaabel\/#productImage","width":2048,"height":2048},"offers":{"@type":"Offer","url":"https:\/\/droix.eu\/et\/product\/onexplayer-apex-aku-kaabel\/#wooCommerceOffer","price":"21.95","priceCurrency":"EUR","category":"M\u00e4ngude aksessuaarid","availability":"https:\/\/schema.org\/InStock","priceSpecification":{"@type":"PriceSpecification","price":21.95,"priceCurrency":"EUR","valueAddedTaxIncluded":"true"}}}]},{"@type":"WebPage","@id":"https:\/\/droix.eu\/et\/product\/onexplayer-apex-aku-kaabel\/#webpage","url":"https:\/\/droix.eu\/et\/product\/onexplayer-apex-aku-kaabel\/","name":"\u26a1 ONEXPLAYER OneXFly Apex spetsiaalne aku ja seadme vaheline \u00fchenduskaabel \ud83d\udd0b","description":"Ava l\u00f5pmatu v\u00f5imsus! \ud83c\udfae Hanki ONEXPLAYER OneXFly Apex spetsiaalne aku ja seadme vaheline \u00fchenduskaabel 100W+ k\u00f5rge TDP-ga m\u00e4ngimiseks. Vastupidav, kiire ja reisimisvalmis. \ud83d\ude80 Osta n\u00fc\u00fcd! \ud83d\uded2","inLanguage":"et","isPartOf":{"@id":"https:\/\/droix.eu\/et\/#website"},"breadcrumb":{"@id":"https:\/\/droix.eu\/et\/product\/onexplayer-apex-aku-kaabel\/#breadcrumblist"},"image":{"@type":"ImageObject","url":"https:\/\/droix.eu\/wp-content\/uploads\/2026\/02\/ONEXPLAYER-APEX-BATTERY-CABLE-LISTING-DONE-01.png","@id":"https:\/\/droix.eu\/et\/product\/onexplayer-apex-aku-kaabel\/#mainImage","width":2048,"height":2048},"primaryImageOfPage":{"@id":"https:\/\/droix.eu\/et\/product\/onexplayer-apex-aku-kaabel\/#mainImage"},"datePublished":"2026-02-12T12:16:13+00:00","dateModified":"2026-02-12T12:16:13+00:00"},{"@type":"WebSite","@id":"https:\/\/droix.eu\/et\/#website","url":"https:\/\/droix.eu\/et\/","name":"DROIX EU","description":"Get the latest Mini PCs, Ultrabook, PC Gaming Handhelds and more!","inLanguage":"et","publisher":{"@id":"https:\/\/droix.eu\/et\/#organization"}}]},"og:locale":"et_EE","og:site_name":"DROIX EU - Get the latest Mini PCs, Ultrabook, PC Gaming Handhelds and more!","og:type":"article","og:title":"\u26a1 ONEXPLAYER OneXFly Apex spetsiaalne aku ja seadme vaheline \u00fchenduskaabel \ud83d\udd0b","og:description":"Ava l\u00f5pmatu v\u00f5imsus! \ud83c\udfae Hanki ONEXPLAYER OneXFly Apex spetsiaalne aku ja seadme vaheline \u00fchenduskaabel 100W+ k\u00f5rge TDP-ga m\u00e4ngimiseks. Vastupidav, kiire ja reisimisvalmis. \ud83d\ude80 Osta n\u00fc\u00fcd! \ud83d\uded2","og:url":"https:\/\/droix.eu\/et\/product\/onexplayer-apex-aku-kaabel\/","og:image":"https:\/\/droix.eu\/wp-content\/uploads\/2024\/06\/droix-v2-light-logo.png","og:image:secure_url":"https:\/\/droix.eu\/wp-content\/uploads\/2024\/06\/droix-v2-light-logo.png","og:image:width":380,"og:image:height":118,"article:published_time":"2026-02-12T12:16:13+00:00","article:modified_time":"2026-02-12T12:16:13+00:00","article:publisher":"https:\/\/www.facebook.com\/DroiX.Store","twitter:card":"summary_large_image","twitter:site":"@DroiX_Store","twitter:title":"\u26a1 ONEXPLAYER OneXFly Apex spetsiaalne aku ja seadme vaheline \u00fchenduskaabel \ud83d\udd0b","twitter:description":"Ava l\u00f5pmatu v\u00f5imsus! \ud83c\udfae Hanki ONEXPLAYER OneXFly Apex spetsiaalne aku ja seadme vaheline \u00fchenduskaabel 100W+ k\u00f5rge TDP-ga m\u00e4ngimiseks. Vastupidav, kiire ja reisimisvalmis. \ud83d\ude80 Osta n\u00fc\u00fcd! \ud83d\uded2","twitter:image":"https:\/\/droix.eu\/wp-content\/uploads\/2024\/06\/droix-v2-light-logo.png"},"aioseo_meta_data":{"post_id":"709704","title":"\u26a1 ONEXPLAYER OneXFly Apex spetsiaalne aku ja seadme vaheline \u00fchenduskaabel \ud83d\udd0b","description":"Ava l\u00f5pmatu v\u00f5imsus! \ud83c\udfae Hanki ONEXPLAYER OneXFly Apex spetsiaalne aku ja seadme vaheline \u00fchenduskaabel 100W+ k\u00f5rge TDP-ga m\u00e4ngimiseks. Vastupidav, kiire ja reisimisvalmis. \ud83d\ude80 Osta n\u00fc\u00fcd! \ud83d\uded2","keywords":null,"keyphrases":{"focus":{"keyphrase":"ONEXPLAYER APEX Battery Cable","score":44,"analysis":{"keyphraseInTitle":{"score":3,"maxScore":9,"error":1},"keyphraseInDescription":{"score":3,"maxScore":9,"error":1},"keyphraseLength":{"score":9,"maxScore":9,"error":0,"length":4},"keyphraseInURL":{"score":5,"maxScore":5,"error":0},"keyphraseInIntroduction":{"score":3,"maxScore":9,"error":1},"keyphraseInSubHeadings":{"score":3,"maxScore":9,"error":1},"keyphraseInImageAlt":[],"keywordDensity":{"score":0,"type":"low","maxScore":9,"error":1}}},"additional":[]},"primary_term":{"product_cat":32},"canonical_url":null,"og_title":null,"og_description":null,"og_object_type":"default","og_image_type":"default","og_image_url":null,"og_image_width":null,"og_image_height":null,"og_image_custom_url":null,"og_image_custom_fields":null,"og_video":"","og_custom_url":null,"og_article_section":null,"og_article_tags":null,"twitter_use_og":true,"twitter_card":"default","twitter_image_type":"default","twitter_image_url":null,"twitter_image_custom_url":null,"twitter_image_custom_fields":null,"twitter_title":null,"twitter_description":null,"schema":{"blockGraphs":[],"customGraphs":[],"default":{"data":{"Article":[],"Course":[],"Dataset":[],"FAQPage":[],"Movie":[],"Person":[],"Product":[],"ProductReview":[],"Car":[],"Recipe":[],"Service":[],"SoftwareApplication":[],"WebPage":[]},"graphName":"Product","isEnabled":true},"graphs":[]},"schema_type":"default","schema_type_options":null,"pillar_content":false,"robots_default":true,"robots_noindex":false,"robots_noarchive":false,"robots_nosnippet":false,"robots_nofollow":false,"robots_noimageindex":false,"robots_noodp":false,"robots_notranslate":false,"robots_max_snippet":"-1","robots_max_videopreview":"-1","robots_max_imagepreview":"large","priority":null,"frequency":"default","local_seo":null,"seo_analyzer_scan_date":null,"breadcrumb_settings":null,"limit_modified_date":false,"reviewed_by":null,"open_ai":null,"ai":{"faqs":[],"keyPoints":[],"titles":[],"descriptions":[],"socialPosts":{"email":[],"linkedin":[],"twitter":[],"facebook":[],"instagram":[]}},"created":"2026-03-10 11:09:58","updated":"2026-03-10 11:10:01"},"aioseo_breadcrumb":"<div class=\"aioseo-breadcrumbs\"><span class=\"aioseo-breadcrumb\">\n\t<a href=\"https:\/\/droix.eu\/et\/\" title=\"Home\">Home<\/a>\n<\/span><span class=\"aioseo-breadcrumb-separator\">&raquo;<\/span><span class=\"aioseo-breadcrumb\">\n\t<a href=\"https:\/\/droix.eu\/et\/product-category\/tarvikud\/\" title=\"Tarvikud\">Tarvikud<\/a>\n<\/span><span class=\"aioseo-breadcrumb-separator\">&raquo;<\/span><span class=\"aioseo-breadcrumb\">\n\t<a href=\"https:\/\/droix.eu\/et\/product-category\/tarvikud\/mangude-aksessuaarid\/\" title=\"M\u00e4ngude aksessuaarid\">M\u00e4ngude aksessuaarid<\/a>\n<\/span><span class=\"aioseo-breadcrumb-separator\">&raquo;<\/span><span class=\"aioseo-breadcrumb\">\n\tONEXPLAYER APEX aku kaabel\n<\/span><\/div>","aioseo_breadcrumb_json":[{"label":"Home","link":"https:\/\/droix.eu\/et\/"},{"label":"Tarvikud","link":"https:\/\/droix.eu\/et\/product-category\/tarvikud\/"},{"label":"M\u00e4ngude aksessuaarid","link":"https:\/\/droix.eu\/et\/product-category\/tarvikud\/mangude-aksessuaarid\/"},{"label":"ONEXPLAYER APEX aku kaabel","link":"https:\/\/droix.eu\/et\/product\/onexplayer-apex-aku-kaabel\/"}],"_links":{"self":[{"href":"https:\/\/droix.eu\/et\/wp-json\/wp\/v2\/product\/709704","targetHints":{"allow":["GET"]}}],"collection":[{"href":"https:\/\/droix.eu\/et\/wp-json\/wp\/v2\/product"}],"about":[{"href":"https:\/\/droix.eu\/et\/wp-json\/wp\/v2\/types\/product"}],"version-history":[{"count":0,"href":"https:\/\/droix.eu\/et\/wp-json\/wp\/v2\/product\/709704\/revisions"}],"wp:featuredmedia":[{"embeddable":true,"href":"https:\/\/droix.eu\/et\/wp-json\/wp\/v2\/media\/709711"}],"wp:attachment":[{"href":"https:\/\/droix.eu\/et\/wp-json\/wp\/v2\/media?parent=709704"}],"wp:term":[{"taxonomy":"product_brand","embeddable":true,"href":"https:\/\/droix.eu\/et\/wp-json\/wp\/v2\/product_brand?post=709704"},{"taxonomy":"product_cat","embeddable":true,"href":"https:\/\/droix.eu\/et\/wp-json\/wp\/v2\/product_cat?post=709704"},{"taxonomy":"product_tag","embeddable":true,"href":"https:\/\/droix.eu\/et\/wp-json\/wp\/v2\/product_tag?post=709704"},{"taxonomy":"woo-feed-brand","embeddable":true,"href":"https:\/\/droix.eu\/et\/wp-json\/wp\/v2\/woo-feed-brand?post=709704"},{"taxonomy":"key-features","embeddable":true,"href":"https:\/\/droix.eu\/et\/wp-json\/wp\/v2\/key-features?post=709704"}],"curies":[{"name":"wp","href":"https:\/\/api.w.org\/{rel}","templated":true}]}}