{"id":709264,"date":"2026-02-20T12:20:07","date_gmt":"2026-02-20T12:20:07","guid":{"rendered":"https:\/\/droix.eu\/product\/thor-kandekott\/"},"modified":"2026-04-08T10:25:28","modified_gmt":"2026-04-08T09:25:28","slug":"thor-kandekott","status":"publish","type":"product","link":"https:\/\/droix.eu\/et\/product\/thor-kandekott\/","title":{"rendered":"Thor kandekott"},"content":{"rendered":"\n<h2 class=\"wp-block-heading\"><strong>Thor kandekott: \u00fclim kaitse teie pihuarvuti v\u00f5imsusele<\/strong><\/h2>\n\n<p>Kui teil on k\u00f5rgtehnoloogiline pihuarvuti, on Thor kandekott teie investeeringu kaitsmiseks h\u00e4davajalik kaaslane. See esmaklassiline lisatarvik on spetsiaalselt loodud turvalise kinnituse tagamiseks, tagades, et teie m\u00e4nguseade j\u00e4\u00e4b puutumatuks, olenemata sellest, kas olete teel v\u00f5i reisil v\u00e4lismaal. Kuna Thor Carrying Case&#8217;i sisemus on kohandatud, takistab see asjatut liikumist transportimise ajal. Kasutajad peaksid siiski arvestama, et Thor Carrying Case on m\u00f5eldud ainult seadme jaoks; seet\u00f5ttu ei \u00fchildu see AYN Thoriga, kui ergonoomilised k\u00e4epidemed on kinnitatud.   <\/p>\n\n<hr class=\"wp-block-separator has-alpha-channel-opacity\"\/>\n\n<h2 class=\"wp-block-heading\"><strong>Erakordne disain, mis on ehitatud Thor kandekohvrile<\/strong><\/h2>\n\n<p>Thor Carrying Case paistab silma oma elegantse, t\u00e4pselt v\u00e4ljat\u00f6\u00f6tatud sisemise paigutuse poolest. Kui paljud universaalsed kotid on mahukad ja halvasti paigaldatud, siis see parim Thor Carrying Case on kohandatud nii, et see hoiab seadet kindlalt, kui k\u00e4epidemed on eemaldatud. Sellest tulenevalt saate tagada, et teie riistvara on \u00fcmbritsetud \u00f5hukesse kaitsevasse kestasse, mis pakub maksimaalset kaitset v\u00e4lise surve vastu. Lisaks muudab selline voolujooneline l\u00e4henemine Thor Carrying Case&#8217;i palju lihtsamaks kompaktsetes kottides hoidmiseks.   <\/p>\n\n<p>Vastupidavus on endiselt ehituse p\u00f5hir\u00f5hk. V\u00e4lisosa on valmistatud karastatud materjalist, mis peab t\u00f5husalt vastu l\u00f6\u00f6kidele ja kriimustustele. Samal ajal on sisemus vooderdatud pehme kangaga, et tagada ekraani ja kere kaitsmine h\u00f5\u00f5rdumise eest. Kuna konstruktsioon on keskendunud tihedale ja turvalisele sobivusele, mahub Thor Carrying Case h\u00f5lpsasti seljakotti v\u00f5i pagasisse, ilma et see v\u00f5taks liigset ruumi.   <\/p>\n\n<h2 class=\"wp-block-heading\"><strong>Tehnilised andmed ja j\u00f5udlus<\/strong><\/h2>\n\n<p>Thor-kandekott on valmistatud suure tihedusega ja l\u00f6\u00f6gikindlast materjalist ning sellel on t\u00e4pselt vormitud sisemus, mis tagab teie seadme mugava sobivuse. Umbes 300 g kaaluv \u00fcmbris on kerge, kuid pakub samas tugevat kaitset t\u00e4nu kahekihilisele kestale ja pehmele mikrokiudvoodrile, mis hoiab \u00e4ra pinnakriimustused. Turvalisus on esmat\u00e4htis, sest \u00fcmbris on tugevat ja nakkevaba t\u00f5mblukus\u00fcsteemi ning tugevdatud randmerihma abil k\u00e4ep\u00e4raselt teisaldatav. Lisaks sellele on sisemine \u00f5\u00f5nsus spetsiaalselt kujundatud nii, et see mahutab pihuarvuti ilma k\u00e4epidemeta, tagades, et teie riistvara j\u00e4\u00e4b reisi ajal kineetilise energia eest kaitstuks.   <\/p>\n\n<h2 class=\"wp-block-heading\"><strong>Maksimaalne kaasaskantavus parima Thor kandekotiga<\/strong><\/h2>\n\n<p>Turvalisust suurendab veelgi vastupidav randmerihm. See v\u00f5imaldab Thor Carrying Case&#8217;i t\u00e4iesti kindlalt iseseisvalt kanda. Lisaks sellele tagab sile must viimistlus professionaalne esteetika, mis sobib igasse m\u00e4ngukeskkonda. Kuna t\u00f5mblukud on ilmastikukindlad, on teie riistvara kaitstud kerge niiskuse ja tolmu eest. Kuna see on parim Thor Carrying Case neile, kes otsivad \u00f5hukest reisilahendust, on see endiselt parim valik m\u00e4ngijatele, kes seavad esikohale kompaktsuse.    <\/p>\n","protected":false},"excerpt":{"rendered":"<ul>\n<li><strong>Ametlik sobivus &#8211;<\/strong> spetsiaalselt AYN Thor pihuarvuti jaoks t\u00e4pselt vormitud, et tagada turvaline, liikumisvaba sobivus.<\/li>\n<li><strong>Turvaline hoiukoht &#8211;<\/strong> hoiab AYN Thor kindlalt paigal oma standardkonfiguratsioonis, et tagada \u00f5huke ja turvaline profiil (ei \u00fchildu kinnitatud k\u00e4epidemetega).<\/li>\n<li><strong>Pehme vooder &#8211;<\/strong> kvaliteetse mikrokiudse sisemusega, mis hoiab \u00e4ra kriimustused ja kaitseb tundlikku ekraani ja \u0161assiid.<\/li>\n<li><strong>K\u00e4terihm &#8211;<\/strong> varustatud tugevdatud, tugeva randmerihmaga, mis v\u00f5imaldab h\u00f5lpsasti ja turvaliselt kaasas kanda.<\/li>\n<li><strong>Hard Shell &#8211;<\/strong> pakub vastupidavat, j\u00e4ika v\u00e4liskesta, mis kaitseb teie suure j\u00f5udlusega m\u00e4nguriistvara l\u00f6\u00f6gikindlalt.<\/li>\n<\/ul>\n[droix_global_accordions]\n[cg_accordion title=\"Pakett sisaldab\"]<\/p>\n<ul>\n<li>1x AYN Thor Case<\/li>\n<\/ul>\n<p>[\/cg_accordion]\n","protected":false},"featured_media":709266,"template":"","meta":{"_acf_changed":false},"product_brand":[],"product_cat":[10583,10481],"product_tag":[],"woo-feed-brand":[],"key-features":[],"class_list":{"0":"post-709264","1":"product","2":"type-product","3":"status-publish","4":"has-post-thumbnail","6":"product_cat-mangude-aksessuaarid","7":"product_cat-tarvikud","8":"product_shipping_class-low-end","10":"first","11":"instock","12":"sale","13":"taxable","14":"shipping-taxable","15":"purchasable","16":"product-type-simple"},"acf":[],"aioseo_notices":[],"aioseo_head":"\n\t\t<!-- All in One SEO Pro 4.9.6.2 - aioseo.com -->\n\t<meta name=\"description\" content=\"Kaitske oma riistvara Thor kandekotiga! \ud83d\udee1\ufe0f Teie seadme jaoks kohandatud. Hankige parim Thor Carrying Case \u00fclimaks kaasaskantavaks turvalisuseks. Osta n\u00fc\u00fcd! \ud83d\ude80\" \/>\n\t<meta name=\"robots\" content=\"max-image-preview:large\" \/>\n\t<link rel=\"canonical\" href=\"https:\/\/droix.eu\/et\/product\/thor-kandekott\/\" \/>\n\t<meta name=\"generator\" content=\"All in One SEO Pro (AIOSEO) 4.9.6.2\" \/>\n\t\t<meta property=\"og:locale\" content=\"et_EE\" \/>\n\t\t<meta property=\"og:site_name\" content=\"DROIX EU - Get the latest Mini PCs, Ultrabook, PC Gaming Handhelds and more!\" \/>\n\t\t<meta property=\"og:type\" content=\"article\" \/>\n\t\t<meta property=\"og:title\" content=\"Thor kandekott: Premium Handheld Protection \ud83c\udfae\" \/>\n\t\t<meta property=\"og:description\" content=\"Kaitske oma riistvara Thor kandekotiga! \ud83d\udee1\ufe0f Teie seadme jaoks kohandatud. Hankige parim Thor Carrying Case \u00fclimaks kaasaskantavaks turvalisuseks. Osta n\u00fc\u00fcd! \ud83d\ude80\" \/>\n\t\t<meta property=\"og:url\" content=\"https:\/\/droix.eu\/et\/product\/thor-kandekott\/\" \/>\n\t\t<meta property=\"og:image\" content=\"https:\/\/droix.eu\/wp-content\/uploads\/2024\/06\/droix-v2-light-logo.png\" \/>\n\t\t<meta property=\"og:image:secure_url\" content=\"https:\/\/droix.eu\/wp-content\/uploads\/2024\/06\/droix-v2-light-logo.png\" \/>\n\t\t<meta property=\"og:image:width\" content=\"380\" \/>\n\t\t<meta property=\"og:image:height\" content=\"118\" \/>\n\t\t<meta property=\"article:published_time\" content=\"2026-02-20T12:20:07+00:00\" \/>\n\t\t<meta property=\"article:modified_time\" content=\"2026-04-08T09:25:28+00:00\" \/>\n\t\t<meta property=\"article:publisher\" content=\"https:\/\/www.facebook.com\/DroiX.Store\" \/>\n\t\t<meta name=\"twitter:card\" content=\"summary_large_image\" \/>\n\t\t<meta name=\"twitter:site\" content=\"@DroiX_Store\" \/>\n\t\t<meta name=\"twitter:title\" content=\"Thor kandekott: Premium Handheld Protection \ud83c\udfae\" \/>\n\t\t<meta name=\"twitter:description\" content=\"Kaitske oma riistvara Thor kandekotiga! \ud83d\udee1\ufe0f Teie seadme jaoks kohandatud. Hankige parim Thor Carrying Case \u00fclimaks kaasaskantavaks turvalisuseks. Osta n\u00fc\u00fcd! \ud83d\ude80\" \/>\n\t\t<meta name=\"twitter:image\" content=\"https:\/\/droix.eu\/wp-content\/uploads\/2024\/06\/droix-v2-light-logo.png\" \/>\n\t\t<script type=\"application\/ld+json\" class=\"aioseo-schema\">\n\t\t\t{\"@context\":\"https:\\\/\\\/schema.org\",\"@graph\":[{\"@type\":\"BreadcrumbList\",\"@id\":\"https:\\\/\\\/droix.eu\\\/et\\\/product\\\/thor-kandekott\\\/#breadcrumblist\",\"itemListElement\":[{\"@type\":\"ListItem\",\"@id\":\"https:\\\/\\\/droix.eu\\\/et\\\/#listItem\",\"position\":1,\"name\":\"Home\",\"item\":\"https:\\\/\\\/droix.eu\\\/et\\\/\",\"nextItem\":{\"@type\":\"ListItem\",\"@id\":\"https:\\\/\\\/droix.eu\\\/et\\\/product-category\\\/tarvikud\\\/#listItem\",\"name\":\"Tarvikud\"}},{\"@type\":\"ListItem\",\"@id\":\"https:\\\/\\\/droix.eu\\\/et\\\/product-category\\\/tarvikud\\\/#listItem\",\"position\":2,\"name\":\"Tarvikud\",\"item\":\"https:\\\/\\\/droix.eu\\\/et\\\/product-category\\\/tarvikud\\\/\",\"nextItem\":{\"@type\":\"ListItem\",\"@id\":\"https:\\\/\\\/droix.eu\\\/et\\\/product-category\\\/tarvikud\\\/mangude-aksessuaarid\\\/#listItem\",\"name\":\"M\\u00e4ngude aksessuaarid\"},\"previousItem\":{\"@type\":\"ListItem\",\"@id\":\"https:\\\/\\\/droix.eu\\\/et\\\/#listItem\",\"name\":\"Home\"}},{\"@type\":\"ListItem\",\"@id\":\"https:\\\/\\\/droix.eu\\\/et\\\/product-category\\\/tarvikud\\\/mangude-aksessuaarid\\\/#listItem\",\"position\":3,\"name\":\"M\\u00e4ngude aksessuaarid\",\"item\":\"https:\\\/\\\/droix.eu\\\/et\\\/product-category\\\/tarvikud\\\/mangude-aksessuaarid\\\/\",\"nextItem\":{\"@type\":\"ListItem\",\"@id\":\"https:\\\/\\\/droix.eu\\\/et\\\/product\\\/thor-kandekott\\\/#listItem\",\"name\":\"Thor kandekott\"},\"previousItem\":{\"@type\":\"ListItem\",\"@id\":\"https:\\\/\\\/droix.eu\\\/et\\\/product-category\\\/tarvikud\\\/#listItem\",\"name\":\"Tarvikud\"}},{\"@type\":\"ListItem\",\"@id\":\"https:\\\/\\\/droix.eu\\\/et\\\/product\\\/thor-kandekott\\\/#listItem\",\"position\":4,\"name\":\"Thor kandekott\",\"previousItem\":{\"@type\":\"ListItem\",\"@id\":\"https:\\\/\\\/droix.eu\\\/et\\\/product-category\\\/tarvikud\\\/mangude-aksessuaarid\\\/#listItem\",\"name\":\"M\\u00e4ngude aksessuaarid\"}}]},{\"@type\":\"Organization\",\"@id\":\"https:\\\/\\\/droix.eu\\\/et\\\/#organization\",\"name\":\"DroiX \\u2013 Trusted EU Tech Retailer with 12+ Years Experience\",\"description\":\"DroiX is a leading European technology retailer with over 12 years of experience, offering quality mini PCs, handheld gaming consoles, and tech accessories. We provide hassle-free EU delivery with all taxes included, ensuring a smooth and reliable shopping experience for our customers across Europe.\",\"url\":\"https:\\\/\\\/droix.eu\\\/et\\\/\",\"logo\":{\"@type\":\"ImageObject\",\"url\":\"https:\\\/\\\/droix.eu\\\/wp-content\\\/uploads\\\/2024\\\/06\\\/droix-v2-light-logo.png\",\"@id\":\"https:\\\/\\\/droix.eu\\\/et\\\/product\\\/thor-kandekott\\\/#organizationLogo\",\"width\":380,\"height\":118},\"image\":{\"@id\":\"https:\\\/\\\/droix.eu\\\/et\\\/product\\\/thor-kandekott\\\/#organizationLogo\"},\"sameAs\":[\"https:\\\/\\\/www.facebook.com\\\/DroiX.Store\",\"https:\\\/\\\/twitter.com\\\/DroiX_Store\",\"https:\\\/\\\/www.instagram.com\\\/droix.store\\\/\",\"https:\\\/\\\/www.tiktok.com\\\/@droix.store\",\"https:\\\/\\\/www.youtube.com\\\/c\\\/DroiX_Store\",\"https:\\\/\\\/uk.linkedin.com\\\/company\\\/droix\"]},{\"@type\":\"Product\",\"@id\":\"https:\\\/\\\/droix.eu\\\/et\\\/product\\\/thor-kandekott\\\/#wooCommerceProduct\",\"name\":\"Thor kandekott\",\"description\":\"Ametlik sobivus - spetsiaalselt AYN Thor pihuarvuti jaoks t\\u00e4pselt vormitud, et tagada turvaline, liikumisvaba sobivus.\\n    Turvaline hoiukoht - hoiab AYN Thor kindlalt paigal oma standardkonfiguratsioonis, et tagada \\u00f5huke ja turvaline profiil (ei \\u00fchildu kinnitatud k\\u00e4epidemetega).\\n    Pehme vooder - kvaliteetse mikrokiudse sisemusega, mis hoiab \\u00e4ra kriimustused ja kaitseb tundlikku ekraani ja \\u0161assiid.\\n    K\\u00e4terihm - varustatud tugevdatud, tugeva randmerihmaga, mis v\\u00f5imaldab h\\u00f5lpsasti ja turvaliselt kaasas kanda.\\n    Hard Shell - pakub vastupidavat, j\\u00e4ika v\\u00e4liskesta, mis kaitseb teie suure j\\u00f5udlusega m\\u00e4nguriistvara l\\u00f6\\u00f6gikindlalt.\",\"url\":\"https:\\\/\\\/droix.eu\\\/et\\\/product\\\/thor-kandekott\\\/\",\"sku\":\"AYN-THOR-CASE\",\"gtin\":\"5061077633169\",\"image\":{\"@type\":\"ImageObject\",\"url\":\"https:\\\/\\\/droix.eu\\\/wp-content\\\/uploads\\\/2026\\\/02\\\/AYN-THOR-CASE-LISTING-DONE-01.png\",\"@id\":\"https:\\\/\\\/droix.eu\\\/et\\\/product\\\/thor-kandekott\\\/#productImage\",\"width\":1500,\"height\":1500},\"offers\":{\"@type\":\"Offer\",\"url\":\"https:\\\/\\\/droix.eu\\\/et\\\/product\\\/thor-kandekott\\\/#wooCommerceOffer\",\"price\":17.16,\"priceCurrency\":\"EUR\",\"category\":\"M\\u00e4ngude aksessuaarid\",\"availability\":\"https:\\\/\\\/schema.org\\\/InStock\",\"priceSpecification\":{\"@type\":\"PriceSpecification\",\"price\":17.16,\"priceCurrency\":\"EUR\",\"valueAddedTaxIncluded\":\"true\"},\"seller\":{\"@type\":\"Organization\",\"@id\":\"https:\\\/\\\/droix.eu\\\/et\\\/#organization\"}}},{\"@type\":\"WebPage\",\"@id\":\"https:\\\/\\\/droix.eu\\\/et\\\/product\\\/thor-kandekott\\\/#webpage\",\"url\":\"https:\\\/\\\/droix.eu\\\/et\\\/product\\\/thor-kandekott\\\/\",\"name\":\"Thor kandekott: Premium Handheld Protection \\ud83c\\udfae\",\"description\":\"Kaitske oma riistvara Thor kandekotiga! \\ud83d\\udee1\\ufe0f Teie seadme jaoks kohandatud. Hankige parim Thor Carrying Case \\u00fclimaks kaasaskantavaks turvalisuseks. Osta n\\u00fc\\u00fcd! \\ud83d\\ude80\",\"inLanguage\":\"et\",\"isPartOf\":{\"@id\":\"https:\\\/\\\/droix.eu\\\/et\\\/#website\"},\"breadcrumb\":{\"@id\":\"https:\\\/\\\/droix.eu\\\/et\\\/product\\\/thor-kandekott\\\/#breadcrumblist\"},\"image\":{\"@type\":\"ImageObject\",\"url\":\"https:\\\/\\\/droix.eu\\\/wp-content\\\/uploads\\\/2026\\\/02\\\/AYN-THOR-CASE-LISTING-DONE-01.png\",\"@id\":\"https:\\\/\\\/droix.eu\\\/et\\\/product\\\/thor-kandekott\\\/#mainImage\",\"width\":1500,\"height\":1500},\"primaryImageOfPage\":{\"@id\":\"https:\\\/\\\/droix.eu\\\/et\\\/product\\\/thor-kandekott\\\/#mainImage\"},\"datePublished\":\"2026-02-20T12:20:07+00:00\",\"dateModified\":\"2026-04-08T10:25:28+01:00\"},{\"@type\":\"WebSite\",\"@id\":\"https:\\\/\\\/droix.eu\\\/et\\\/#website\",\"url\":\"https:\\\/\\\/droix.eu\\\/et\\\/\",\"name\":\"DROIX EU\",\"description\":\"Get the latest Mini PCs, Ultrabook, PC Gaming Handhelds and more!\",\"inLanguage\":\"et\",\"publisher\":{\"@id\":\"https:\\\/\\\/droix.eu\\\/et\\\/#organization\"}}]}\n\t\t<\/script>\n\t\t<!-- All in One SEO Pro -->\r\n\t\t<title>Thor kandekott: Premium Handheld Protection \ud83c\udfae<\/title>\n\n","aioseo_head_json":{"title":"Thor kandekott: Premium Handheld Protection \ud83c\udfae","description":"Kaitske oma riistvara Thor kandekotiga! \ud83d\udee1\ufe0f Teie seadme jaoks kohandatud. Hankige parim Thor Carrying Case \u00fclimaks kaasaskantavaks turvalisuseks. Osta n\u00fc\u00fcd! \ud83d\ude80","canonical_url":"https:\/\/droix.eu\/et\/product\/thor-kandekott\/","robots":"max-image-preview:large","keywords":"","webmasterTools":{"miscellaneous":""},"schema":{"@context":"https:\/\/schema.org","@graph":[{"@type":"BreadcrumbList","@id":"https:\/\/droix.eu\/et\/product\/thor-kandekott\/#breadcrumblist","itemListElement":[{"@type":"ListItem","@id":"https:\/\/droix.eu\/et\/#listItem","position":1,"name":"Home","item":"https:\/\/droix.eu\/et\/","nextItem":{"@type":"ListItem","@id":"https:\/\/droix.eu\/et\/product-category\/tarvikud\/#listItem","name":"Tarvikud"}},{"@type":"ListItem","@id":"https:\/\/droix.eu\/et\/product-category\/tarvikud\/#listItem","position":2,"name":"Tarvikud","item":"https:\/\/droix.eu\/et\/product-category\/tarvikud\/","nextItem":{"@type":"ListItem","@id":"https:\/\/droix.eu\/et\/product-category\/tarvikud\/mangude-aksessuaarid\/#listItem","name":"M\u00e4ngude aksessuaarid"},"previousItem":{"@type":"ListItem","@id":"https:\/\/droix.eu\/et\/#listItem","name":"Home"}},{"@type":"ListItem","@id":"https:\/\/droix.eu\/et\/product-category\/tarvikud\/mangude-aksessuaarid\/#listItem","position":3,"name":"M\u00e4ngude aksessuaarid","item":"https:\/\/droix.eu\/et\/product-category\/tarvikud\/mangude-aksessuaarid\/","nextItem":{"@type":"ListItem","@id":"https:\/\/droix.eu\/et\/product\/thor-kandekott\/#listItem","name":"Thor kandekott"},"previousItem":{"@type":"ListItem","@id":"https:\/\/droix.eu\/et\/product-category\/tarvikud\/#listItem","name":"Tarvikud"}},{"@type":"ListItem","@id":"https:\/\/droix.eu\/et\/product\/thor-kandekott\/#listItem","position":4,"name":"Thor kandekott","previousItem":{"@type":"ListItem","@id":"https:\/\/droix.eu\/et\/product-category\/tarvikud\/mangude-aksessuaarid\/#listItem","name":"M\u00e4ngude aksessuaarid"}}]},{"@type":"Organization","@id":"https:\/\/droix.eu\/et\/#organization","name":"DroiX \u2013 Trusted EU Tech Retailer with 12+ Years Experience","description":"DroiX is a leading European technology retailer with over 12 years of experience, offering quality mini PCs, handheld gaming consoles, and tech accessories. We provide hassle-free EU delivery with all taxes included, ensuring a smooth and reliable shopping experience for our customers across Europe.","url":"https:\/\/droix.eu\/et\/","logo":{"@type":"ImageObject","url":"https:\/\/droix.eu\/wp-content\/uploads\/2024\/06\/droix-v2-light-logo.png","@id":"https:\/\/droix.eu\/et\/product\/thor-kandekott\/#organizationLogo","width":380,"height":118},"image":{"@id":"https:\/\/droix.eu\/et\/product\/thor-kandekott\/#organizationLogo"},"sameAs":["https:\/\/www.facebook.com\/DroiX.Store","https:\/\/twitter.com\/DroiX_Store","https:\/\/www.instagram.com\/droix.store\/","https:\/\/www.tiktok.com\/@droix.store","https:\/\/www.youtube.com\/c\/DroiX_Store","https:\/\/uk.linkedin.com\/company\/droix"]},{"@type":"Product","@id":"https:\/\/droix.eu\/et\/product\/thor-kandekott\/#wooCommerceProduct","name":"Thor kandekott","description":"Ametlik sobivus - spetsiaalselt AYN Thor pihuarvuti jaoks t\u00e4pselt vormitud, et tagada turvaline, liikumisvaba sobivus.\n    Turvaline hoiukoht - hoiab AYN Thor kindlalt paigal oma standardkonfiguratsioonis, et tagada \u00f5huke ja turvaline profiil (ei \u00fchildu kinnitatud k\u00e4epidemetega).\n    Pehme vooder - kvaliteetse mikrokiudse sisemusega, mis hoiab \u00e4ra kriimustused ja kaitseb tundlikku ekraani ja \u0161assiid.\n    K\u00e4terihm - varustatud tugevdatud, tugeva randmerihmaga, mis v\u00f5imaldab h\u00f5lpsasti ja turvaliselt kaasas kanda.\n    Hard Shell - pakub vastupidavat, j\u00e4ika v\u00e4liskesta, mis kaitseb teie suure j\u00f5udlusega m\u00e4nguriistvara l\u00f6\u00f6gikindlalt.","url":"https:\/\/droix.eu\/et\/product\/thor-kandekott\/","sku":"AYN-THOR-CASE","gtin":"5061077633169","image":{"@type":"ImageObject","url":"https:\/\/droix.eu\/wp-content\/uploads\/2026\/02\/AYN-THOR-CASE-LISTING-DONE-01.png","@id":"https:\/\/droix.eu\/et\/product\/thor-kandekott\/#productImage","width":1500,"height":1500},"offers":{"@type":"Offer","url":"https:\/\/droix.eu\/et\/product\/thor-kandekott\/#wooCommerceOffer","price":17.16,"priceCurrency":"EUR","category":"M\u00e4ngude aksessuaarid","availability":"https:\/\/schema.org\/InStock","priceSpecification":{"@type":"PriceSpecification","price":17.16,"priceCurrency":"EUR","valueAddedTaxIncluded":"true"},"seller":{"@type":"Organization","@id":"https:\/\/droix.eu\/et\/#organization"}}},{"@type":"WebPage","@id":"https:\/\/droix.eu\/et\/product\/thor-kandekott\/#webpage","url":"https:\/\/droix.eu\/et\/product\/thor-kandekott\/","name":"Thor kandekott: Premium Handheld Protection \ud83c\udfae","description":"Kaitske oma riistvara Thor kandekotiga! \ud83d\udee1\ufe0f Teie seadme jaoks kohandatud. Hankige parim Thor Carrying Case \u00fclimaks kaasaskantavaks turvalisuseks. Osta n\u00fc\u00fcd! \ud83d\ude80","inLanguage":"et","isPartOf":{"@id":"https:\/\/droix.eu\/et\/#website"},"breadcrumb":{"@id":"https:\/\/droix.eu\/et\/product\/thor-kandekott\/#breadcrumblist"},"image":{"@type":"ImageObject","url":"https:\/\/droix.eu\/wp-content\/uploads\/2026\/02\/AYN-THOR-CASE-LISTING-DONE-01.png","@id":"https:\/\/droix.eu\/et\/product\/thor-kandekott\/#mainImage","width":1500,"height":1500},"primaryImageOfPage":{"@id":"https:\/\/droix.eu\/et\/product\/thor-kandekott\/#mainImage"},"datePublished":"2026-02-20T12:20:07+00:00","dateModified":"2026-04-08T10:25:28+01:00"},{"@type":"WebSite","@id":"https:\/\/droix.eu\/et\/#website","url":"https:\/\/droix.eu\/et\/","name":"DROIX EU","description":"Get the latest Mini PCs, Ultrabook, PC Gaming Handhelds and more!","inLanguage":"et","publisher":{"@id":"https:\/\/droix.eu\/et\/#organization"}}]},"og:locale":"et_EE","og:site_name":"DROIX EU - Get the latest Mini PCs, Ultrabook, PC Gaming Handhelds and more!","og:type":"article","og:title":"Thor kandekott: Premium Handheld Protection \ud83c\udfae","og:description":"Kaitske oma riistvara Thor kandekotiga! \ud83d\udee1\ufe0f Teie seadme jaoks kohandatud. Hankige parim Thor Carrying Case \u00fclimaks kaasaskantavaks turvalisuseks. Osta n\u00fc\u00fcd! \ud83d\ude80","og:url":"https:\/\/droix.eu\/et\/product\/thor-kandekott\/","og:image":"https:\/\/droix.eu\/wp-content\/uploads\/2024\/06\/droix-v2-light-logo.png","og:image:secure_url":"https:\/\/droix.eu\/wp-content\/uploads\/2024\/06\/droix-v2-light-logo.png","og:image:width":380,"og:image:height":118,"article:published_time":"2026-02-20T12:20:07+00:00","article:modified_time":"2026-04-08T09:25:28+00:00","article:publisher":"https:\/\/www.facebook.com\/DroiX.Store","twitter:card":"summary_large_image","twitter:site":"@DroiX_Store","twitter:title":"Thor kandekott: Premium Handheld Protection \ud83c\udfae","twitter:description":"Kaitske oma riistvara Thor kandekotiga! \ud83d\udee1\ufe0f Teie seadme jaoks kohandatud. Hankige parim Thor Carrying Case \u00fclimaks kaasaskantavaks turvalisuseks. Osta n\u00fc\u00fcd! \ud83d\ude80","twitter:image":"https:\/\/droix.eu\/wp-content\/uploads\/2024\/06\/droix-v2-light-logo.png"},"aioseo_meta_data":{"post_id":"709264","title":"Thor kandekott: Premium Handheld Protection \ud83c\udfae","description":"Kaitske oma riistvara Thor kandekotiga! \ud83d\udee1\ufe0f Teie seadme jaoks kohandatud. Hankige parim Thor Carrying Case \u00fclimaks kaasaskantavaks turvalisuseks. Osta n\u00fc\u00fcd! \ud83d\ude80","keywords":null,"keyphrases":{"focus":{"keyphrase":"Thor Carrying Case","score":85,"analysis":{"keyphraseInTitle":{"score":9,"maxScore":9,"error":0},"keyphraseInDescription":{"score":9,"maxScore":9,"error":0},"keyphraseLength":{"score":9,"maxScore":9,"error":0,"length":3},"keyphraseInURL":{"score":5,"maxScore":5,"error":0},"keyphraseInIntroduction":{"score":9,"maxScore":9,"error":0},"keyphraseInSubHeadings":{"score":9,"maxScore":9,"error":0},"keyphraseInImageAlt":[],"keywordDensity":{"type":"high","score":0,"maxScore":9,"error":1}}},"additional":[]},"primary_term":null,"canonical_url":null,"og_title":null,"og_description":null,"og_object_type":"default","og_image_type":"default","og_image_url":null,"og_image_width":null,"og_image_height":null,"og_image_custom_url":null,"og_image_custom_fields":null,"og_video":"","og_custom_url":null,"og_article_section":null,"og_article_tags":null,"twitter_use_og":true,"twitter_card":"default","twitter_image_type":"default","twitter_image_url":null,"twitter_image_custom_url":null,"twitter_image_custom_fields":null,"twitter_title":null,"twitter_description":null,"schema":{"blockGraphs":[],"customGraphs":[],"default":{"data":{"Article":[],"Course":[],"Dataset":[],"FAQPage":[],"Movie":[],"Person":[],"Product":[],"ProductReview":[],"Car":[],"Recipe":[],"Service":[],"SoftwareApplication":[],"WebPage":[]},"graphName":"Product","isEnabled":true},"graphs":[]},"schema_type":"default","schema_type_options":null,"pillar_content":false,"robots_default":true,"robots_noindex":false,"robots_noarchive":false,"robots_nosnippet":false,"robots_nofollow":false,"robots_noimageindex":false,"robots_noodp":false,"robots_notranslate":false,"robots_max_snippet":"-1","robots_max_videopreview":"-1","robots_max_imagepreview":"large","priority":null,"frequency":"default","local_seo":null,"seo_analyzer_scan_date":null,"breadcrumb_settings":null,"limit_modified_date":false,"reviewed_by":null,"open_ai":null,"ai":{"faqs":[],"keyPoints":[],"titles":[],"descriptions":[],"socialPosts":{"email":[],"linkedin":[],"twitter":[],"facebook":[],"instagram":[]}},"created":"2026-03-10 10:37:47","updated":"2026-04-08 19:26:38"},"aioseo_breadcrumb":"<div class=\"aioseo-breadcrumbs\"><span class=\"aioseo-breadcrumb\">\n\t<a href=\"https:\/\/droix.eu\/et\/\" title=\"Home\">Home<\/a>\n<\/span><span class=\"aioseo-breadcrumb-separator\">&raquo;<\/span><span class=\"aioseo-breadcrumb\">\n\t<a href=\"https:\/\/droix.eu\/et\/product-category\/tarvikud\/\" title=\"Tarvikud\">Tarvikud<\/a>\n<\/span><span class=\"aioseo-breadcrumb-separator\">&raquo;<\/span><span class=\"aioseo-breadcrumb\">\n\t<a href=\"https:\/\/droix.eu\/et\/product-category\/tarvikud\/mangude-aksessuaarid\/\" title=\"M\u00e4ngude aksessuaarid\">M\u00e4ngude aksessuaarid<\/a>\n<\/span><span class=\"aioseo-breadcrumb-separator\">&raquo;<\/span><span class=\"aioseo-breadcrumb\">\n\tThor kandekott\n<\/span><\/div>","aioseo_breadcrumb_json":[{"label":"Home","link":"https:\/\/droix.eu\/et\/"},{"label":"Tarvikud","link":"https:\/\/droix.eu\/et\/product-category\/tarvikud\/"},{"label":"M\u00e4ngude aksessuaarid","link":"https:\/\/droix.eu\/et\/product-category\/tarvikud\/mangude-aksessuaarid\/"},{"label":"Thor kandekott","link":"https:\/\/droix.eu\/et\/product\/thor-kandekott\/"}],"_links":{"self":[{"href":"https:\/\/droix.eu\/et\/wp-json\/wp\/v2\/product\/709264","targetHints":{"allow":["GET"]}}],"collection":[{"href":"https:\/\/droix.eu\/et\/wp-json\/wp\/v2\/product"}],"about":[{"href":"https:\/\/droix.eu\/et\/wp-json\/wp\/v2\/types\/product"}],"version-history":[{"count":0,"href":"https:\/\/droix.eu\/et\/wp-json\/wp\/v2\/product\/709264\/revisions"}],"wp:featuredmedia":[{"embeddable":true,"href":"https:\/\/droix.eu\/et\/wp-json\/wp\/v2\/media\/709266"}],"wp:attachment":[{"href":"https:\/\/droix.eu\/et\/wp-json\/wp\/v2\/media?parent=709264"}],"wp:term":[{"taxonomy":"product_brand","embeddable":true,"href":"https:\/\/droix.eu\/et\/wp-json\/wp\/v2\/product_brand?post=709264"},{"taxonomy":"product_cat","embeddable":true,"href":"https:\/\/droix.eu\/et\/wp-json\/wp\/v2\/product_cat?post=709264"},{"taxonomy":"product_tag","embeddable":true,"href":"https:\/\/droix.eu\/et\/wp-json\/wp\/v2\/product_tag?post=709264"},{"taxonomy":"woo-feed-brand","embeddable":true,"href":"https:\/\/droix.eu\/et\/wp-json\/wp\/v2\/woo-feed-brand?post=709264"},{"taxonomy":"key-features","embeddable":true,"href":"https:\/\/droix.eu\/et\/wp-json\/wp\/v2\/key-features?post=709264"}],"curies":[{"name":"wp","href":"https:\/\/api.w.org\/{rel}","templated":true}]}}