{"id":707041,"date":"2026-01-22T10:05:02","date_gmt":"2026-01-22T10:05:02","guid":{"rendered":"https:\/\/droix.eu\/product\/biwin-rd510-mini-ssd-lugeja\/"},"modified":"2026-04-09T23:30:19","modified_gmt":"2026-04-09T22:30:19","slug":"biwin-rd510-mini-ssd-lugeja","status":"publish","type":"product","link":"https:\/\/droix.eu\/et\/product\/biwin-rd510-mini-ssd-lugeja\/","title":{"rendered":"Biwin RD510 Mini SSD lugeja"},"content":{"rendered":"\n<h2 class=\"wp-block-heading\">Biwin Mini SSD lugeja: USB 4.0 salvestuslahendus professionaalidele.<\/h2>\n\n<p><strong>Biwin RD510 Mini SSD-lugeja kujutab endast<\/strong> l\u00e4bimurret kaasaskantavas salvestustehnoloogias. See suure j\u00f5udlusega lugeja on esimene omataoline, mis on spetsiaalselt loodud \u00fclikompaktsele &#8220;Mini SSD&#8221; vormifaktorile. Need pisikesed kettad, mille m\u00f5\u00f5tmed on vaid 15,0 mm \u00d7 17,0 mm \u00d7 1,4 mm, vajavad tipptasemel toimimiseks t\u00e4pset korpust.2 Kuna see biwin SSD lahendus on<sup>kohandatud<\/sup> nii <strong>v\u00e4ikestele m\u00f5\u00f5tmetele<\/strong>, pakub see professionaalsel riistvaraturul seni n\u00e4gemata kaasaskantavust.  <\/p>\n\n<h2 class=\"wp-block-heading\">Biwin RD510 Mini SSD lugeja \u00fclikiire kiirus<\/h2>\n\n<p>See <strong>biwinn mini SSD-lugeja<\/strong> paistab <strong>t\u00f5eliselt<\/strong> silma t\u00e4nu oma j\u00f5udlusele. See kasutab t\u00e4iustatud USB 4.0-protokolli, et tagada h\u00e4mmastavad andmeedastuskiirused kuni 40 Gbps.3<sup>Sellest tulenevalt<\/sup> <strong>saavutab<\/strong> Biwin RD510 Mini SSD <strong>Reader j\u00e4rjestikuse lugemise<\/strong> kiiruse 3300 MB\/s ja kirjutamise kiiruse 3000 MB\/s.4 Need n\u00e4itajad sobivad<sup>ideaalselt<\/sup> kasutajatele, kes kasutavad sageli 8K-videofaile v\u00f5i tohutuid tarkvaravarusid. <\/p>\n\n<p>Lisaks on biwin <strong>SSD draiveri arhitektuur<\/strong> optimeeritud kaasaegsete operatsioonis\u00fcsteemide jaoks, et tagada plug-and-play lihtsus. Leiad, et suuremahulised andmete varundused valmivad pigem sekundite kui minutitega. Kuna kasutajaliides on nii t\u00f5hus, on viivitus intensiivsete professionaalsete rakenduste ajal absoluutselt minimaalne.  <\/p>\n\n<h2 class=\"wp-block-heading\">Aktiivne jahutus Biwin SSD p\u00fcsiva j\u00f5udluse tagamiseks<\/h2>\n\n<p>Suurte kiiruste s\u00e4ilitamine toob sageli kaasa termilisi probleeme. Seet\u00f5ttu <strong>on<\/strong> Biwin <strong>RD510 Mini SSD-lugeja varustatud<\/strong> sisseehitatud jahutusventilaatoriga aktiivseks soojusjuhtimiseks. See termiline lahendus hoiab \u00e4ra \u00fclekuumenemisega seotud j\u00f5udluse languse. Sellest tulenevalt <strong>s\u00e4ilitab<\/strong> teie biwin <strong>SSD<\/strong> oma maksimaalse kiiruse ka tundide pikkuste andmemigratsioonide ajal.   <\/p>\n\n<p><strong>Biwin RD510 Mini SSD-lugeja<\/strong> tugev konstruktsioon <strong>tagab<\/strong>, et see peab \u00fcle elama igap\u00e4evase pendeldamise. Kuigi v\u00e4liskuju n\u00e4eb sile ja professionaalne v\u00e4lja, on sisemised komponendid kaitstud f\u00fc\u00fcsiliste l\u00f6\u00f6kide eest. Stabiilne ja katkematu t\u00f6\u00f6 on esmat\u00e4htis, mis aitab l\u00f5ppkokkuv\u00f5ttes pikendada teie andmekandja kasutusiga.  <\/p>\n\n<h2 class=\"wp-block-heading\">Biwinn Mini SSD lugeja multiplatvormiline \u00fchenduvus<\/h2>\n\n<p>Mitmek\u00fclgsus on selle <strong>biwinn mini SSD-lugeja<\/strong> peamine tugevus <strong>.<\/strong> See saabub koos kvaliteetse USB 4.0 Type-C Type-C kaabliga, et avada teie riistvara kogu potentsiaal.5 See<sup>tagab, et<\/sup> Biwin RD510 Mini <strong>SSD-lugeja \u00fchildub<\/strong> paljude kaasaegsete <strong>\u00f6kos\u00fcsteemidega<\/strong>. <\/p>\n\n<figure class=\"wp-block-table\"><table class=\"has-fixed-layout\"><thead><tr><td><strong>S\u00fcsteemi kategooria<\/strong><\/td><td><strong>Toetatud platvormid<\/strong><\/td><\/tr><\/thead><tbody><tr><td><strong>Arvutid<\/strong><\/td><td>Windows 10\/11, macOS 11.0+<\/td><\/tr><tr><td><strong>Mobiilne<\/strong><\/td><td>iOS 17.0+, Android 11.0+<\/td><\/tr><tr><td><strong>M\u00e4ngimine<\/strong><\/td><td>PlayStation 5 (s\u00fcsteem 08+)<\/td><\/tr><tr><td><strong>Operatsioonis\u00fcsteemid<\/strong><\/td><td>HyperOS 1.0+, HarmonyOS 3.0+, HarmonyOS 3.0+<\/td><\/tr><\/tbody><\/table><\/figure>\n","protected":false},"excerpt":{"rendered":"<ul>\n<li><strong>Biwin RD510 USB<\/strong> 4.0 Mini SSD lugeja<\/li>\n<li><strong>USB 4.0 liides &#8211; kiire<\/strong> andmeedastus kuni 40 Gbps<\/li>\n<li><strong>3300 MB\/s lugemine ja 3000 MB\/s kirjutamine &#8211;<\/strong> optimeeritud 8K-video ja suurte failide jaoks<\/li>\n<li><strong>Aktiivne jahutuss\u00fcsteem &#8211;<\/strong> sisseehitatud ventilaator p\u00fcsiva tippv\u00f5imsuse tagamiseks<\/li>\n<li><strong>\u00dclimalt kaasaskantav disain &#8211;<\/strong> spetsiaalselt Mini SSD vormifaktorile projekteeritud.<\/li>\n<\/ul>\n[droix_global_accordions]\n[cg_accordion title=\"Pakett sisaldab\"]<\/p>\n<ul>\n<li>1x Biwin RD510 Mini SSD lugeja<\/li>\n<\/ul>\n<p>[\/cg_accordion]\n","protected":false},"featured_media":707057,"template":"","meta":{"_acf_changed":false},"product_brand":[],"product_cat":[12837,10583,10482,10481],"product_tag":[],"woo-feed-brand":[],"key-features":[],"class_list":{"0":"post-707041","1":"product","2":"type-product","3":"status-publish","4":"has-post-thumbnail","6":"product_cat-arvutitarvikud","7":"product_cat-mangude-aksessuaarid","8":"product_cat-sulearvuti-tarvikud","9":"product_cat-tarvikud","10":"product_shipping_class-low-end","11":"pa_brands-biwin","12":"pa_i-o-usb-1x-usb-4-0-type-c-40gb-s-et","13":"pa_operating-system-macos","14":"pa_operating-system-windows-10-home-et","15":"pa_operating-system-windows-11-et","16":"pa_storage-expansion-1x-mini-ssd-kaardipesa-tuhi","18":"first","19":"outofstock","20":"sale","21":"taxable","22":"shipping-taxable","23":"purchasable","24":"product-type-simple"},"acf":[],"aioseo_notices":[],"aioseo_head":"\n\t\t<!-- All in One SEO Pro 4.9.6.2 - aioseo.com -->\n\t<meta name=\"description\" content=\"Suurendage oma t\u00f6\u00f6voogu Biwin RD510 abil! \ud83d\ude80 Kogege 3300 MB\/s kiirust ja USB 4.0 v\u00f5imsust. Omab sisseehitatud jahutusventilaatorit, mis tagab \u00fclima stabiilsuse. Osta n\u00fc\u00fcd! \ud83d\udcbb\" \/>\n\t<meta name=\"robots\" content=\"max-image-preview:large\" \/>\n\t<link rel=\"canonical\" href=\"https:\/\/droix.eu\/et\/product\/biwin-rd510-mini-ssd-lugeja\/\" \/>\n\t<meta name=\"generator\" content=\"All in One SEO Pro (AIOSEO) 4.9.6.2\" \/>\n\t\t<meta property=\"og:locale\" content=\"et_EE\" \/>\n\t\t<meta property=\"og:site_name\" content=\"DROIX EU - Get the latest Mini PCs, Ultrabook, PC Gaming Handhelds and more!\" \/>\n\t\t<meta property=\"og:type\" content=\"article\" \/>\n\t\t<meta property=\"og:title\" content=\"Biwin RD510 Mini SSD Reader | 40Gbps USB 4.0 \u26a1\" \/>\n\t\t<meta property=\"og:description\" content=\"Suurendage oma t\u00f6\u00f6voogu Biwin RD510 abil! \ud83d\ude80 Kogege 3300 MB\/s kiirust ja USB 4.0 v\u00f5imsust. Omab sisseehitatud jahutusventilaatorit, mis tagab \u00fclima stabiilsuse. Osta n\u00fc\u00fcd! \ud83d\udcbb\" \/>\n\t\t<meta property=\"og:url\" content=\"https:\/\/droix.eu\/et\/product\/biwin-rd510-mini-ssd-lugeja\/\" \/>\n\t\t<meta property=\"og:image\" content=\"https:\/\/droix.eu\/wp-content\/uploads\/2024\/06\/droix-v2-light-logo.png\" \/>\n\t\t<meta property=\"og:image:secure_url\" content=\"https:\/\/droix.eu\/wp-content\/uploads\/2024\/06\/droix-v2-light-logo.png\" \/>\n\t\t<meta property=\"og:image:width\" content=\"380\" \/>\n\t\t<meta property=\"og:image:height\" content=\"118\" \/>\n\t\t<meta property=\"article:published_time\" content=\"2026-01-22T10:05:02+00:00\" \/>\n\t\t<meta property=\"article:modified_time\" content=\"2026-04-09T22:30:19+00:00\" \/>\n\t\t<meta property=\"article:publisher\" content=\"https:\/\/www.facebook.com\/DroiX.Store\" \/>\n\t\t<meta name=\"twitter:card\" content=\"summary_large_image\" \/>\n\t\t<meta name=\"twitter:site\" content=\"@DroiX_Store\" \/>\n\t\t<meta name=\"twitter:title\" content=\"Biwin RD510 Mini SSD Reader | 40Gbps USB 4.0 \u26a1\" \/>\n\t\t<meta name=\"twitter:description\" content=\"Suurendage oma t\u00f6\u00f6voogu Biwin RD510 abil! \ud83d\ude80 Kogege 3300 MB\/s kiirust ja USB 4.0 v\u00f5imsust. Omab sisseehitatud jahutusventilaatorit, mis tagab \u00fclima stabiilsuse. Osta n\u00fc\u00fcd! \ud83d\udcbb\" \/>\n\t\t<meta name=\"twitter:image\" content=\"https:\/\/droix.eu\/wp-content\/uploads\/2024\/06\/droix-v2-light-logo.png\" \/>\n\t\t<script type=\"application\/ld+json\" class=\"aioseo-schema\">\n\t\t\t{\"@context\":\"https:\\\/\\\/schema.org\",\"@graph\":[{\"@type\":\"BreadcrumbList\",\"@id\":\"https:\\\/\\\/droix.eu\\\/et\\\/product\\\/biwin-rd510-mini-ssd-lugeja\\\/#breadcrumblist\",\"itemListElement\":[{\"@type\":\"ListItem\",\"@id\":\"https:\\\/\\\/droix.eu\\\/et\\\/#listItem\",\"position\":1,\"name\":\"Home\",\"item\":\"https:\\\/\\\/droix.eu\\\/et\\\/\",\"nextItem\":{\"@type\":\"ListItem\",\"@id\":\"https:\\\/\\\/droix.eu\\\/et\\\/product-category\\\/tarvikud\\\/#listItem\",\"name\":\"Tarvikud\"}},{\"@type\":\"ListItem\",\"@id\":\"https:\\\/\\\/droix.eu\\\/et\\\/product-category\\\/tarvikud\\\/#listItem\",\"position\":2,\"name\":\"Tarvikud\",\"item\":\"https:\\\/\\\/droix.eu\\\/et\\\/product-category\\\/tarvikud\\\/\",\"nextItem\":{\"@type\":\"ListItem\",\"@id\":\"https:\\\/\\\/droix.eu\\\/et\\\/product-category\\\/tarvikud\\\/sulearvuti-tarvikud\\\/#listItem\",\"name\":\"S\\u00fclearvuti tarvikud\"},\"previousItem\":{\"@type\":\"ListItem\",\"@id\":\"https:\\\/\\\/droix.eu\\\/et\\\/#listItem\",\"name\":\"Home\"}},{\"@type\":\"ListItem\",\"@id\":\"https:\\\/\\\/droix.eu\\\/et\\\/product-category\\\/tarvikud\\\/sulearvuti-tarvikud\\\/#listItem\",\"position\":3,\"name\":\"S\\u00fclearvuti tarvikud\",\"item\":\"https:\\\/\\\/droix.eu\\\/et\\\/product-category\\\/tarvikud\\\/sulearvuti-tarvikud\\\/\",\"nextItem\":{\"@type\":\"ListItem\",\"@id\":\"https:\\\/\\\/droix.eu\\\/et\\\/product\\\/biwin-rd510-mini-ssd-lugeja\\\/#listItem\",\"name\":\"Biwin RD510 Mini SSD lugeja\"},\"previousItem\":{\"@type\":\"ListItem\",\"@id\":\"https:\\\/\\\/droix.eu\\\/et\\\/product-category\\\/tarvikud\\\/#listItem\",\"name\":\"Tarvikud\"}},{\"@type\":\"ListItem\",\"@id\":\"https:\\\/\\\/droix.eu\\\/et\\\/product\\\/biwin-rd510-mini-ssd-lugeja\\\/#listItem\",\"position\":4,\"name\":\"Biwin RD510 Mini SSD lugeja\",\"previousItem\":{\"@type\":\"ListItem\",\"@id\":\"https:\\\/\\\/droix.eu\\\/et\\\/product-category\\\/tarvikud\\\/sulearvuti-tarvikud\\\/#listItem\",\"name\":\"S\\u00fclearvuti tarvikud\"}}]},{\"@type\":\"Organization\",\"@id\":\"https:\\\/\\\/droix.eu\\\/et\\\/#organization\",\"name\":\"DroiX \\u2013 Trusted EU Tech Retailer with 12+ Years Experience\",\"description\":\"DroiX is a leading European technology retailer with over 12 years of experience, offering quality mini PCs, handheld gaming consoles, and tech accessories. We provide hassle-free EU delivery with all taxes included, ensuring a smooth and reliable shopping experience for our customers across Europe.\",\"url\":\"https:\\\/\\\/droix.eu\\\/et\\\/\",\"logo\":{\"@type\":\"ImageObject\",\"url\":\"https:\\\/\\\/droix.eu\\\/wp-content\\\/uploads\\\/2024\\\/06\\\/droix-v2-light-logo.png\",\"@id\":\"https:\\\/\\\/droix.eu\\\/et\\\/product\\\/biwin-rd510-mini-ssd-lugeja\\\/#organizationLogo\",\"width\":380,\"height\":118},\"image\":{\"@id\":\"https:\\\/\\\/droix.eu\\\/et\\\/product\\\/biwin-rd510-mini-ssd-lugeja\\\/#organizationLogo\"},\"sameAs\":[\"https:\\\/\\\/www.facebook.com\\\/DroiX.Store\",\"https:\\\/\\\/twitter.com\\\/DroiX_Store\",\"https:\\\/\\\/www.instagram.com\\\/droix.store\\\/\",\"https:\\\/\\\/www.tiktok.com\\\/@droix.store\",\"https:\\\/\\\/www.youtube.com\\\/c\\\/DroiX_Store\",\"https:\\\/\\\/uk.linkedin.com\\\/company\\\/droix\"]},{\"@type\":\"Product\",\"@id\":\"https:\\\/\\\/droix.eu\\\/et\\\/product\\\/biwin-rd510-mini-ssd-lugeja\\\/#wooCommerceProduct\",\"name\":\"Biwin RD510 Mini SSD lugeja\",\"description\":\"Biwin RD510 USB 4.0 Mini SSD lugeja\\n\\tUSB 4.0 liides - kiire andmeedastus kuni 40 Gbps\\n\\t3300 MB\\\/s lugemine ja 3000 MB\\\/s kirjutamine - optimeeritud 8K-video ja suurte failide jaoks\\n\\tAktiivne jahutuss\\u00fcsteem - sisseehitatud ventilaator p\\u00fcsiva tippv\\u00f5imsuse tagamiseks\\n\\t\\u00dclimalt kaasaskantav disain - spetsiaalselt Mini SSD vormifaktorile projekteeritud.\",\"url\":\"https:\\\/\\\/droix.eu\\\/et\\\/product\\\/biwin-rd510-mini-ssd-lugeja\\\/\",\"sku\":\"BIWIN-MINI-SSD-READER\",\"gtin\":\"5061077633268\",\"image\":{\"@type\":\"ImageObject\",\"url\":\"https:\\\/\\\/droix.eu\\\/wp-content\\\/uploads\\\/2026\\\/01\\\/BIWIN-MINI-SSD-LISTING-DONE-01.png\",\"@id\":\"https:\\\/\\\/droix.eu\\\/et\\\/product\\\/biwin-rd510-mini-ssd-lugeja\\\/#productImage\",\"width\":1500,\"height\":1500},\"offers\":{\"@type\":\"Offer\",\"url\":\"https:\\\/\\\/droix.eu\\\/et\\\/product\\\/biwin-rd510-mini-ssd-lugeja\\\/#wooCommerceOffer\",\"price\":58.98,\"priceCurrency\":\"EUR\",\"category\":\"Arvutitarvikud\",\"availability\":\"https:\\\/\\\/schema.org\\\/OutOfStock\",\"priceSpecification\":{\"@type\":\"PriceSpecification\",\"price\":58.98,\"priceCurrency\":\"EUR\",\"valueAddedTaxIncluded\":\"true\"},\"seller\":{\"@type\":\"Organization\",\"@id\":\"https:\\\/\\\/droix.eu\\\/et\\\/#organization\"}}},{\"@type\":\"WebPage\",\"@id\":\"https:\\\/\\\/droix.eu\\\/et\\\/product\\\/biwin-rd510-mini-ssd-lugeja\\\/#webpage\",\"url\":\"https:\\\/\\\/droix.eu\\\/et\\\/product\\\/biwin-rd510-mini-ssd-lugeja\\\/\",\"name\":\"Biwin RD510 Mini SSD Reader | 40Gbps USB 4.0 \\u26a1\",\"description\":\"Suurendage oma t\\u00f6\\u00f6voogu Biwin RD510 abil! \\ud83d\\ude80 Kogege 3300 MB\\\/s kiirust ja USB 4.0 v\\u00f5imsust. Omab sisseehitatud jahutusventilaatorit, mis tagab \\u00fclima stabiilsuse. Osta n\\u00fc\\u00fcd! \\ud83d\\udcbb\",\"inLanguage\":\"et\",\"isPartOf\":{\"@id\":\"https:\\\/\\\/droix.eu\\\/et\\\/#website\"},\"breadcrumb\":{\"@id\":\"https:\\\/\\\/droix.eu\\\/et\\\/product\\\/biwin-rd510-mini-ssd-lugeja\\\/#breadcrumblist\"},\"image\":{\"@type\":\"ImageObject\",\"url\":\"https:\\\/\\\/droix.eu\\\/wp-content\\\/uploads\\\/2026\\\/01\\\/BIWIN-MINI-SSD-LISTING-DONE-01.png\",\"@id\":\"https:\\\/\\\/droix.eu\\\/et\\\/product\\\/biwin-rd510-mini-ssd-lugeja\\\/#mainImage\",\"width\":1500,\"height\":1500},\"primaryImageOfPage\":{\"@id\":\"https:\\\/\\\/droix.eu\\\/et\\\/product\\\/biwin-rd510-mini-ssd-lugeja\\\/#mainImage\"},\"datePublished\":\"2026-01-22T10:05:02+00:00\",\"dateModified\":\"2026-04-09T23:30:19+01:00\"},{\"@type\":\"WebSite\",\"@id\":\"https:\\\/\\\/droix.eu\\\/et\\\/#website\",\"url\":\"https:\\\/\\\/droix.eu\\\/et\\\/\",\"name\":\"DROIX EU\",\"description\":\"Get the latest Mini PCs, Ultrabook, PC Gaming Handhelds and more!\",\"inLanguage\":\"et\",\"publisher\":{\"@id\":\"https:\\\/\\\/droix.eu\\\/et\\\/#organization\"}}]}\n\t\t<\/script>\n\t\t<!-- All in One SEO Pro -->\r\n\t\t<title>Biwin RD510 Mini SSD Reader | 40Gbps USB 4.0 \u26a1<\/title>\n\n","aioseo_head_json":{"title":"Biwin RD510 Mini SSD Reader | 40Gbps USB 4.0 \u26a1","description":"Suurendage oma t\u00f6\u00f6voogu Biwin RD510 abil! \ud83d\ude80 Kogege 3300 MB\/s kiirust ja USB 4.0 v\u00f5imsust. Omab sisseehitatud jahutusventilaatorit, mis tagab \u00fclima stabiilsuse. Osta n\u00fc\u00fcd! \ud83d\udcbb","canonical_url":"https:\/\/droix.eu\/et\/product\/biwin-rd510-mini-ssd-lugeja\/","robots":"max-image-preview:large","keywords":"","webmasterTools":{"miscellaneous":""},"schema":{"@context":"https:\/\/schema.org","@graph":[{"@type":"BreadcrumbList","@id":"https:\/\/droix.eu\/et\/product\/biwin-rd510-mini-ssd-lugeja\/#breadcrumblist","itemListElement":[{"@type":"ListItem","@id":"https:\/\/droix.eu\/et\/#listItem","position":1,"name":"Home","item":"https:\/\/droix.eu\/et\/","nextItem":{"@type":"ListItem","@id":"https:\/\/droix.eu\/et\/product-category\/tarvikud\/#listItem","name":"Tarvikud"}},{"@type":"ListItem","@id":"https:\/\/droix.eu\/et\/product-category\/tarvikud\/#listItem","position":2,"name":"Tarvikud","item":"https:\/\/droix.eu\/et\/product-category\/tarvikud\/","nextItem":{"@type":"ListItem","@id":"https:\/\/droix.eu\/et\/product-category\/tarvikud\/sulearvuti-tarvikud\/#listItem","name":"S\u00fclearvuti tarvikud"},"previousItem":{"@type":"ListItem","@id":"https:\/\/droix.eu\/et\/#listItem","name":"Home"}},{"@type":"ListItem","@id":"https:\/\/droix.eu\/et\/product-category\/tarvikud\/sulearvuti-tarvikud\/#listItem","position":3,"name":"S\u00fclearvuti tarvikud","item":"https:\/\/droix.eu\/et\/product-category\/tarvikud\/sulearvuti-tarvikud\/","nextItem":{"@type":"ListItem","@id":"https:\/\/droix.eu\/et\/product\/biwin-rd510-mini-ssd-lugeja\/#listItem","name":"Biwin RD510 Mini SSD lugeja"},"previousItem":{"@type":"ListItem","@id":"https:\/\/droix.eu\/et\/product-category\/tarvikud\/#listItem","name":"Tarvikud"}},{"@type":"ListItem","@id":"https:\/\/droix.eu\/et\/product\/biwin-rd510-mini-ssd-lugeja\/#listItem","position":4,"name":"Biwin RD510 Mini SSD lugeja","previousItem":{"@type":"ListItem","@id":"https:\/\/droix.eu\/et\/product-category\/tarvikud\/sulearvuti-tarvikud\/#listItem","name":"S\u00fclearvuti tarvikud"}}]},{"@type":"Organization","@id":"https:\/\/droix.eu\/et\/#organization","name":"DroiX \u2013 Trusted EU Tech Retailer with 12+ Years Experience","description":"DroiX is a leading European technology retailer with over 12 years of experience, offering quality mini PCs, handheld gaming consoles, and tech accessories. We provide hassle-free EU delivery with all taxes included, ensuring a smooth and reliable shopping experience for our customers across Europe.","url":"https:\/\/droix.eu\/et\/","logo":{"@type":"ImageObject","url":"https:\/\/droix.eu\/wp-content\/uploads\/2024\/06\/droix-v2-light-logo.png","@id":"https:\/\/droix.eu\/et\/product\/biwin-rd510-mini-ssd-lugeja\/#organizationLogo","width":380,"height":118},"image":{"@id":"https:\/\/droix.eu\/et\/product\/biwin-rd510-mini-ssd-lugeja\/#organizationLogo"},"sameAs":["https:\/\/www.facebook.com\/DroiX.Store","https:\/\/twitter.com\/DroiX_Store","https:\/\/www.instagram.com\/droix.store\/","https:\/\/www.tiktok.com\/@droix.store","https:\/\/www.youtube.com\/c\/DroiX_Store","https:\/\/uk.linkedin.com\/company\/droix"]},{"@type":"Product","@id":"https:\/\/droix.eu\/et\/product\/biwin-rd510-mini-ssd-lugeja\/#wooCommerceProduct","name":"Biwin RD510 Mini SSD lugeja","description":"Biwin RD510 USB 4.0 Mini SSD lugeja\n\tUSB 4.0 liides - kiire andmeedastus kuni 40 Gbps\n\t3300 MB\/s lugemine ja 3000 MB\/s kirjutamine - optimeeritud 8K-video ja suurte failide jaoks\n\tAktiivne jahutuss\u00fcsteem - sisseehitatud ventilaator p\u00fcsiva tippv\u00f5imsuse tagamiseks\n\t\u00dclimalt kaasaskantav disain - spetsiaalselt Mini SSD vormifaktorile projekteeritud.","url":"https:\/\/droix.eu\/et\/product\/biwin-rd510-mini-ssd-lugeja\/","sku":"BIWIN-MINI-SSD-READER","gtin":"5061077633268","image":{"@type":"ImageObject","url":"https:\/\/droix.eu\/wp-content\/uploads\/2026\/01\/BIWIN-MINI-SSD-LISTING-DONE-01.png","@id":"https:\/\/droix.eu\/et\/product\/biwin-rd510-mini-ssd-lugeja\/#productImage","width":1500,"height":1500},"offers":{"@type":"Offer","url":"https:\/\/droix.eu\/et\/product\/biwin-rd510-mini-ssd-lugeja\/#wooCommerceOffer","price":58.98,"priceCurrency":"EUR","category":"Arvutitarvikud","availability":"https:\/\/schema.org\/OutOfStock","priceSpecification":{"@type":"PriceSpecification","price":58.98,"priceCurrency":"EUR","valueAddedTaxIncluded":"true"},"seller":{"@type":"Organization","@id":"https:\/\/droix.eu\/et\/#organization"}}},{"@type":"WebPage","@id":"https:\/\/droix.eu\/et\/product\/biwin-rd510-mini-ssd-lugeja\/#webpage","url":"https:\/\/droix.eu\/et\/product\/biwin-rd510-mini-ssd-lugeja\/","name":"Biwin RD510 Mini SSD Reader | 40Gbps USB 4.0 \u26a1","description":"Suurendage oma t\u00f6\u00f6voogu Biwin RD510 abil! \ud83d\ude80 Kogege 3300 MB\/s kiirust ja USB 4.0 v\u00f5imsust. Omab sisseehitatud jahutusventilaatorit, mis tagab \u00fclima stabiilsuse. Osta n\u00fc\u00fcd! \ud83d\udcbb","inLanguage":"et","isPartOf":{"@id":"https:\/\/droix.eu\/et\/#website"},"breadcrumb":{"@id":"https:\/\/droix.eu\/et\/product\/biwin-rd510-mini-ssd-lugeja\/#breadcrumblist"},"image":{"@type":"ImageObject","url":"https:\/\/droix.eu\/wp-content\/uploads\/2026\/01\/BIWIN-MINI-SSD-LISTING-DONE-01.png","@id":"https:\/\/droix.eu\/et\/product\/biwin-rd510-mini-ssd-lugeja\/#mainImage","width":1500,"height":1500},"primaryImageOfPage":{"@id":"https:\/\/droix.eu\/et\/product\/biwin-rd510-mini-ssd-lugeja\/#mainImage"},"datePublished":"2026-01-22T10:05:02+00:00","dateModified":"2026-04-09T23:30:19+01:00"},{"@type":"WebSite","@id":"https:\/\/droix.eu\/et\/#website","url":"https:\/\/droix.eu\/et\/","name":"DROIX EU","description":"Get the latest Mini PCs, Ultrabook, PC Gaming Handhelds and more!","inLanguage":"et","publisher":{"@id":"https:\/\/droix.eu\/et\/#organization"}}]},"og:locale":"et_EE","og:site_name":"DROIX EU - Get the latest Mini PCs, Ultrabook, PC Gaming Handhelds and more!","og:type":"article","og:title":"Biwin RD510 Mini SSD Reader | 40Gbps USB 4.0 \u26a1","og:description":"Suurendage oma t\u00f6\u00f6voogu Biwin RD510 abil! \ud83d\ude80 Kogege 3300 MB\/s kiirust ja USB 4.0 v\u00f5imsust. Omab sisseehitatud jahutusventilaatorit, mis tagab \u00fclima stabiilsuse. Osta n\u00fc\u00fcd! \ud83d\udcbb","og:url":"https:\/\/droix.eu\/et\/product\/biwin-rd510-mini-ssd-lugeja\/","og:image":"https:\/\/droix.eu\/wp-content\/uploads\/2024\/06\/droix-v2-light-logo.png","og:image:secure_url":"https:\/\/droix.eu\/wp-content\/uploads\/2024\/06\/droix-v2-light-logo.png","og:image:width":380,"og:image:height":118,"article:published_time":"2026-01-22T10:05:02+00:00","article:modified_time":"2026-04-09T22:30:19+00:00","article:publisher":"https:\/\/www.facebook.com\/DroiX.Store","twitter:card":"summary_large_image","twitter:site":"@DroiX_Store","twitter:title":"Biwin RD510 Mini SSD Reader | 40Gbps USB 4.0 \u26a1","twitter:description":"Suurendage oma t\u00f6\u00f6voogu Biwin RD510 abil! \ud83d\ude80 Kogege 3300 MB\/s kiirust ja USB 4.0 v\u00f5imsust. Omab sisseehitatud jahutusventilaatorit, mis tagab \u00fclima stabiilsuse. Osta n\u00fc\u00fcd! \ud83d\udcbb","twitter:image":"https:\/\/droix.eu\/wp-content\/uploads\/2024\/06\/droix-v2-light-logo.png"},"aioseo_meta_data":{"post_id":"707041","title":"Biwin RD510 Mini SSD Reader | 40Gbps USB 4.0 \u26a1","description":"Suurendage oma t\u00f6\u00f6voogu Biwin RD510 abil! \ud83d\ude80 Kogege 3300 MB\/s kiirust ja USB 4.0 v\u00f5imsust. Omab sisseehitatud jahutusventilaatorit, mis tagab \u00fclima stabiilsuse. Osta n\u00fc\u00fcd! \ud83d\udcbb","keywords":null,"keyphrases":{"focus":{"keyphrase":"Biwin RD510 Mini SSD Reader","score":75,"analysis":{"keyphraseInTitle":{"score":9,"maxScore":9,"error":0},"keyphraseInDescription":{"score":3,"maxScore":9,"error":1},"keyphraseLength":{"score":6,"maxScore":9,"error":1,"length":5},"keyphraseInURL":{"score":5,"maxScore":5,"error":0},"keyphraseInIntroduction":{"score":9,"maxScore":9,"error":0},"keyphraseInSubHeadings":{"score":3,"maxScore":9,"error":1},"keyphraseInImageAlt":[],"keywordDensity":{"type":"best","score":9,"maxScore":9,"error":0}}},"additional":[]},"primary_term":{"product_cat":32},"canonical_url":null,"og_title":null,"og_description":null,"og_object_type":"default","og_image_type":"default","og_image_url":null,"og_image_width":null,"og_image_height":null,"og_image_custom_url":null,"og_image_custom_fields":null,"og_video":"","og_custom_url":null,"og_article_section":null,"og_article_tags":null,"twitter_use_og":true,"twitter_card":"default","twitter_image_type":"default","twitter_image_url":null,"twitter_image_custom_url":null,"twitter_image_custom_fields":null,"twitter_title":null,"twitter_description":null,"schema":{"blockGraphs":[],"customGraphs":[],"default":{"data":{"Article":[],"Course":[],"Dataset":[],"FAQPage":[],"Movie":[],"Person":[],"Product":[],"ProductReview":[],"Car":[],"Recipe":[],"Service":[],"SoftwareApplication":[],"WebPage":[]},"graphName":"Product","isEnabled":true},"graphs":[]},"schema_type":"default","schema_type_options":null,"pillar_content":false,"robots_default":true,"robots_noindex":false,"robots_noarchive":false,"robots_nosnippet":false,"robots_nofollow":false,"robots_noimageindex":false,"robots_noodp":false,"robots_notranslate":false,"robots_max_snippet":"-1","robots_max_videopreview":"-1","robots_max_imagepreview":"large","priority":null,"frequency":"default","local_seo":null,"seo_analyzer_scan_date":"2026-04-09 23:05:25","breadcrumb_settings":null,"limit_modified_date":false,"reviewed_by":null,"open_ai":null,"ai":{"faqs":[],"keyPoints":[],"titles":[],"descriptions":[],"socialPosts":{"email":[],"linkedin":[],"twitter":[],"facebook":[],"instagram":[]}},"created":"2026-02-12 10:11:25","updated":"2026-04-10 01:31:10"},"aioseo_breadcrumb":"<div class=\"aioseo-breadcrumbs\"><span class=\"aioseo-breadcrumb\">\n\t<a href=\"https:\/\/droix.eu\/et\/\" title=\"Home\">Home<\/a>\n<\/span><span class=\"aioseo-breadcrumb-separator\">&raquo;<\/span><span class=\"aioseo-breadcrumb\">\n\t<a href=\"https:\/\/droix.eu\/et\/product-category\/tarvikud\/\" title=\"Tarvikud\">Tarvikud<\/a>\n<\/span><span class=\"aioseo-breadcrumb-separator\">&raquo;<\/span><span class=\"aioseo-breadcrumb\">\n\t<a href=\"https:\/\/droix.eu\/et\/product-category\/tarvikud\/sulearvuti-tarvikud\/\" title=\"S\u00fclearvuti tarvikud\">S\u00fclearvuti tarvikud<\/a>\n<\/span><span class=\"aioseo-breadcrumb-separator\">&raquo;<\/span><span class=\"aioseo-breadcrumb\">\n\tBiwin RD510 Mini SSD lugeja\n<\/span><\/div>","aioseo_breadcrumb_json":[{"label":"Home","link":"https:\/\/droix.eu\/et\/"},{"label":"Tarvikud","link":"https:\/\/droix.eu\/et\/product-category\/tarvikud\/"},{"label":"S\u00fclearvuti tarvikud","link":"https:\/\/droix.eu\/et\/product-category\/tarvikud\/sulearvuti-tarvikud\/"},{"label":"Biwin RD510 Mini SSD lugeja","link":"https:\/\/droix.eu\/et\/product\/biwin-rd510-mini-ssd-lugeja\/"}],"_links":{"self":[{"href":"https:\/\/droix.eu\/et\/wp-json\/wp\/v2\/product\/707041","targetHints":{"allow":["GET"]}}],"collection":[{"href":"https:\/\/droix.eu\/et\/wp-json\/wp\/v2\/product"}],"about":[{"href":"https:\/\/droix.eu\/et\/wp-json\/wp\/v2\/types\/product"}],"version-history":[{"count":0,"href":"https:\/\/droix.eu\/et\/wp-json\/wp\/v2\/product\/707041\/revisions"}],"wp:featuredmedia":[{"embeddable":true,"href":"https:\/\/droix.eu\/et\/wp-json\/wp\/v2\/media\/707057"}],"wp:attachment":[{"href":"https:\/\/droix.eu\/et\/wp-json\/wp\/v2\/media?parent=707041"}],"wp:term":[{"taxonomy":"product_brand","embeddable":true,"href":"https:\/\/droix.eu\/et\/wp-json\/wp\/v2\/product_brand?post=707041"},{"taxonomy":"product_cat","embeddable":true,"href":"https:\/\/droix.eu\/et\/wp-json\/wp\/v2\/product_cat?post=707041"},{"taxonomy":"product_tag","embeddable":true,"href":"https:\/\/droix.eu\/et\/wp-json\/wp\/v2\/product_tag?post=707041"},{"taxonomy":"woo-feed-brand","embeddable":true,"href":"https:\/\/droix.eu\/et\/wp-json\/wp\/v2\/woo-feed-brand?post=707041"},{"taxonomy":"key-features","embeddable":true,"href":"https:\/\/droix.eu\/et\/wp-json\/wp\/v2\/key-features?post=707041"}],"curies":[{"name":"wp","href":"https:\/\/api.w.org\/{rel}","templated":true}]}}