{"id":703608,"date":"2026-01-08T11:24:26","date_gmt":"2026-01-08T11:24:26","guid":{"rendered":"https:\/\/droix.eu\/product\/ayaneo-pocket-ds-kott\/"},"modified":"2026-04-08T10:11:16","modified_gmt":"2026-04-08T09:11:16","slug":"ayaneo-pocket-ds-kott","status":"publish","type":"product","link":"https:\/\/droix.eu\/et\/product\/ayaneo-pocket-ds-kott\/","title":{"rendered":"AYANEO Pocket DS kott"},"content":{"rendered":"\n<h2 class=\"wp-block-heading\" id=\"h-product-overview\">Toote \u00fclevaade:<\/h2>\n\n<p><strong>AYANEO Pocket DS Bag <\/strong>on ideaalne aksessuaar m\u00e4ngijatele, kes hindavad stiili ja kaitset. See AYANEO Pocket DS-konsoolile sobivalt disainitud \u00fcmbris \u00fchendab endas esmaklassilised materjalid ja kompaktse vormi, tagades, et teie m\u00e4nguseade on turvaline, kuhu iganes te ka ei l\u00e4heks. <\/p>\n\n<hr class=\"wp-block-separator has-alpha-channel-opacity\"\/>\n\n<h2 class=\"wp-block-heading\" id=\"h-key-features\">Peamised omadused:<\/h2>\n\n<p>AYANEO Pocket DS jaoks <strong>kohandatud kompaktne disain<\/strong> \ud83c\udfae.<\/p>\n\n<p>Vastupidavad materjalid <strong>parema kaitse<\/strong> tagamiseks <strong>\ud83d\udee1\ufe0f<\/strong>.<\/p>\n\n<p>Kerge ja kaasaskantav, et oleks <strong>mugav kaasas k\u00e4ia \ud83d\ude80<\/strong>.<\/p>\n\n<p>Pehme sisevooder <strong>kriimustuste v\u00e4ltimiseks \u2728<\/strong>.<\/p>\n\n<p>Lihtne ja stiilne v\u00e4limus <strong>kaasaegse esteetika<\/strong> jaoks <strong>\ud83c\udf1f<\/strong>.<\/p>\n\n<hr class=\"wp-block-separator has-alpha-channel-opacity\"\/>\n\n<h2 class=\"wp-block-heading\" id=\"h-why-choose-the-ayaneo-pocket-micro-case\">Miks valida AYANEO Pocket DS kott?<\/h2>\n\n<p>Kaitske oma investeeringut AYANEO Pocket DS-kotiga, mis on m\u00f5eldud konsooli kaitsmiseks kriimustuste, tolmu ja v\u00e4iksemate l\u00f6\u00f6kide eest. T\u00e4nu oma kergele ja kompaktsele disainile on see ideaalne reisikaaslane, olenemata sellest, kas l\u00e4hed s\u00f5pradega m\u00e4ngusessioonile v\u00f5i v\u00f5tad oma konsooli kaasa reisile.<\/p>\n\n<hr class=\"wp-block-separator has-alpha-channel-opacity\"\/>\n\n<h3 class=\"wp-block-heading\" id=\"h-specifications\">Spetsifikatsioonid:<\/h3>\n\n<ul class=\"wp-block-list\">\n<li><strong>Materjal:<\/strong> Vastupidav kangas v\u00f5i kunstnahk<\/li>\n\n\n\n<li><strong>\u00dchilduvus:<\/strong> AYANEO Pocket DS konsool: AYANEO Pocket DS konsool: AYANEO Pocket DS konsool<\/li>\n\n\n\n<li><strong>Omadused:<\/strong> kriimustuskindel, kerge ja kaasaskantav.<\/li>\n<\/ul>\n\n<p>T\u00f5sta oma m\u00e4ngukogemust AYANEO Pocket DS kotiga &#8211; t\u00e4iuslik segu kaitsest ja kaasaskantavusest!\ud83c\udf1f<\/p>\n\n<p><\/p>\n","protected":false},"excerpt":{"rendered":"<ul>\n<li>AYANEO Pocket DS jaoks <strong>kohandatud kompaktne disain<\/strong>.<\/li>\n<li>Vastupidavad materjalid <strong>parema kaitse<\/strong> tagamiseks <strong>.<\/strong><\/li>\n<li>Kerge ja kaasaskantav, et ole <strong>ks mugav kaasas k\u00e4ia.<\/strong><\/li>\n<li>Pehme sisevooder <strong>kriimustuste v\u00e4ltimiseks.<\/strong><\/li>\n<li>Lihtne ja stiilne v\u00e4lisilme <strong>kaasaegse esteetika<\/strong> jaoks <strong>.<\/strong><\/li>\n<\/ul>\n[cg_accordion title=\"1-aastane garantii, mida toetab kogemus\"]<\/p>\n<p>Teie ostu kaitseb meie 1-aastane garantii ja \u00fcle 13 aasta kestnud usaldusv\u00e4\u00e4rne teenindus. \u00dcle 500 000 rahuloleva kliendiga olete kindlates k\u00e4tes. [\/cg_accordion]\n[cg_accordion title=\"Kvaliteedi tagamine ja l\u00e4hetuseelne testimine\"]<\/p>\n<p>Klientide rahulolu tagamine k\u00f5rgeimal tasemel: Iga seade l\u00e4bib enne saatmist ranged testid ja mitmepunktilise kvaliteedikontrolli. Meie p\u00fchendunud meeskond kontrollib j\u00f5udlust, funktsionaalsust ja komponentide terviklikkust, et tagada, et teie AYANEO seade on saabumisel t\u00e4iuslikus t\u00f6\u00f6korras, pakkudes teile kindlustunnet ja meelerahu. [\/cg_accordion]\n[cg_accordion title=\"Paindlikud ja turvalised maksev\u00f5imalused\"]<\/p>\n<p>Nautige meelerahu meie turvalise kassas\u00fcsteemi abil. Toetame k\u00f5iki peamisi makseviise, sealhulgas deebet-\/krediitkaarte, PayPal, Apple Pay, Google Pay, Klarna, Afterpay ja Affirm, mis annab teile vabaduse maksta nii ettemaksuna kui ka lihtsate osamaksetena. [\/cg_accordion]\n[cg_accordion title=\"Maksud\"]<\/p>\n<p>Hinnad sisaldavad kehtivat k\u00e4ibemaksu, mis v\u00f5ib s\u00f5ltuvalt riigist olla kuni 25%. T\u00e4ieliku l\u00e4bipaistvuse tagamiseks on t\u00e4pne summa n\u00e4idatud ostu sooritamise ajal. [\/cg_accordion]\n[cg_accordion title=\"Kohaletoimetamine ja tagastamine\"]<\/p>\n<p>Teeme koost\u00f6\u00f6d enam kui 10 usaldusv\u00e4\u00e4rse tarnepartneriga, et tagada teie tellimuse kiire, turvaline ja usaldusv\u00e4\u00e4rne kohalej\u00f5udmine.<\/p>\n<p>Me kasutame Express DDP (Delivered Duty Paid) laevandus. See t\u00e4hendab: <\/p>\n<li>K\u00f5ik tollimaksud ja maksud on juba n\u00e4idatud toote hinnas sisalduvad.<\/li>\n<li>Te ei pea kohaletoimetamisel ootamatuid tasusid maksma.<\/li>\n<li>Harvaesinevate tolliviivituste korral haldab meie meeskond teie eest tollivormistust, et tagada sujuv tarne.<\/li>\n<p>Oluline teave tagastuste kohta:<\/p>\n<li>Kui te tagastate oma tellimuse v\u00f5i taotlete tagasimakset, siis arvestage palun, et k\u00f5ik teie eest DDP tingimuste alusel makstud maksud ja tollimaksud ei kuulu tagasimaksmisele.<\/li>\n<p>\u00dcksikasjalik teave on esitatud meie <a href=\"https:\/\/droix.eu\/et\/tingimused\/\" target=\"_blank\" rel=\"nofollow noopener\">Tingimustes<\/a>.\n<\/ul>\n<p>[\/cg_accordion]\n[cg_accordion title=\"Klienditugi\"]<\/p>\n<p>Kas teil on k\u00fcsimus? Oleme l\u00fchikese teksti kaugusel sellest, et teie k\u00fcsimus oleks lahendatud! [\/cg_accordion]\n[cg_accordion title=\"Pakett sisaldab\"]<\/p>\n<ul>\n<li>1x AYANEO Pocket DS kott<\/li>\n<\/ul>\n<p>[\/cg_accordion]\n","protected":false},"featured_media":703611,"template":"","meta":{"_acf_changed":false},"product_brand":[],"product_cat":[10583,10481],"product_tag":[],"woo-feed-brand":[],"key-features":[],"class_list":{"0":"post-703608","1":"product","2":"type-product","3":"status-publish","4":"has-post-thumbnail","6":"product_cat-mangude-aksessuaarid","7":"product_cat-tarvikud","8":"product_shipping_class-low-end","9":"pa_accessory-type-protective-case","10":"pa_brands-ayaneo-et","12":"first","13":"instock","14":"sale","15":"taxable","16":"shipping-taxable","17":"purchasable","18":"product-type-simple"},"acf":[],"aioseo_notices":[],"aioseo_head":"\n\t\t<!-- All in One SEO Pro 4.9.6.2 - aioseo.com -->\n\t<meta name=\"description\" content=\"Hoidke oma kahe ekraaniga pihuarvutit kukkumiste ja kriimustuste eest. \ud83d\udd79\ufe0f Kompaktne, kerge ja loodud m\u00e4ngijatele. Hankige oma ja m\u00e4ngige k\u00f5ikjal! \ud83d\ude80\" \/>\n\t<meta name=\"robots\" content=\"max-image-preview:large\" \/>\n\t<link rel=\"canonical\" href=\"https:\/\/droix.eu\/et\/product\/ayaneo-pocket-ds-kott\/\" \/>\n\t<meta name=\"generator\" content=\"All in One SEO Pro (AIOSEO) 4.9.6.2\" \/>\n\t\t<meta property=\"og:locale\" content=\"et_EE\" \/>\n\t\t<meta property=\"og:site_name\" content=\"DROIX EU - Get the latest Mini PCs, Ultrabook, PC Gaming Handhelds and more!\" \/>\n\t\t<meta property=\"og:type\" content=\"article\" \/>\n\t\t<meta property=\"og:title\" content=\"AYANEO Pocket DS kandekott - elegantse kaitsega \ud83d\udee1\ufe0f\" \/>\n\t\t<meta property=\"og:description\" content=\"Hoidke oma kahe ekraaniga pihuarvutit kukkumiste ja kriimustuste eest. \ud83d\udd79\ufe0f Kompaktne, kerge ja loodud m\u00e4ngijatele. Hankige oma ja m\u00e4ngige k\u00f5ikjal! \ud83d\ude80\" \/>\n\t\t<meta property=\"og:url\" content=\"https:\/\/droix.eu\/et\/product\/ayaneo-pocket-ds-kott\/\" \/>\n\t\t<meta property=\"og:image\" content=\"https:\/\/droix.eu\/wp-content\/uploads\/2024\/06\/droix-v2-light-logo.png\" \/>\n\t\t<meta property=\"og:image:secure_url\" content=\"https:\/\/droix.eu\/wp-content\/uploads\/2024\/06\/droix-v2-light-logo.png\" \/>\n\t\t<meta property=\"og:image:width\" content=\"380\" \/>\n\t\t<meta property=\"og:image:height\" content=\"118\" \/>\n\t\t<meta property=\"article:published_time\" content=\"2026-01-08T11:24:26+00:00\" \/>\n\t\t<meta property=\"article:modified_time\" content=\"2026-04-08T09:11:16+00:00\" \/>\n\t\t<meta property=\"article:publisher\" content=\"https:\/\/www.facebook.com\/DroiX.Store\" \/>\n\t\t<meta name=\"twitter:card\" content=\"summary_large_image\" \/>\n\t\t<meta name=\"twitter:site\" content=\"@DroiX_Store\" \/>\n\t\t<meta name=\"twitter:title\" content=\"AYANEO Pocket DS kandekott - elegantse kaitsega \ud83d\udee1\ufe0f\" \/>\n\t\t<meta name=\"twitter:description\" content=\"Hoidke oma kahe ekraaniga pihuarvutit kukkumiste ja kriimustuste eest. \ud83d\udd79\ufe0f Kompaktne, kerge ja loodud m\u00e4ngijatele. Hankige oma ja m\u00e4ngige k\u00f5ikjal! \ud83d\ude80\" \/>\n\t\t<meta name=\"twitter:image\" content=\"https:\/\/droix.eu\/wp-content\/uploads\/2024\/06\/droix-v2-light-logo.png\" \/>\n\t\t<script type=\"application\/ld+json\" class=\"aioseo-schema\">\n\t\t\t{\"@context\":\"https:\\\/\\\/schema.org\",\"@graph\":[{\"@type\":\"BreadcrumbList\",\"@id\":\"https:\\\/\\\/droix.eu\\\/et\\\/product\\\/ayaneo-pocket-ds-kott\\\/#breadcrumblist\",\"itemListElement\":[{\"@type\":\"ListItem\",\"@id\":\"https:\\\/\\\/droix.eu\\\/et\\\/#listItem\",\"position\":1,\"name\":\"Home\",\"item\":\"https:\\\/\\\/droix.eu\\\/et\\\/\",\"nextItem\":{\"@type\":\"ListItem\",\"@id\":\"https:\\\/\\\/droix.eu\\\/et\\\/product-category\\\/tarvikud\\\/#listItem\",\"name\":\"Tarvikud\"}},{\"@type\":\"ListItem\",\"@id\":\"https:\\\/\\\/droix.eu\\\/et\\\/product-category\\\/tarvikud\\\/#listItem\",\"position\":2,\"name\":\"Tarvikud\",\"item\":\"https:\\\/\\\/droix.eu\\\/et\\\/product-category\\\/tarvikud\\\/\",\"nextItem\":{\"@type\":\"ListItem\",\"@id\":\"https:\\\/\\\/droix.eu\\\/et\\\/product-category\\\/tarvikud\\\/mangude-aksessuaarid\\\/#listItem\",\"name\":\"M\\u00e4ngude aksessuaarid\"},\"previousItem\":{\"@type\":\"ListItem\",\"@id\":\"https:\\\/\\\/droix.eu\\\/et\\\/#listItem\",\"name\":\"Home\"}},{\"@type\":\"ListItem\",\"@id\":\"https:\\\/\\\/droix.eu\\\/et\\\/product-category\\\/tarvikud\\\/mangude-aksessuaarid\\\/#listItem\",\"position\":3,\"name\":\"M\\u00e4ngude aksessuaarid\",\"item\":\"https:\\\/\\\/droix.eu\\\/et\\\/product-category\\\/tarvikud\\\/mangude-aksessuaarid\\\/\",\"nextItem\":{\"@type\":\"ListItem\",\"@id\":\"https:\\\/\\\/droix.eu\\\/et\\\/product\\\/ayaneo-pocket-ds-kott\\\/#listItem\",\"name\":\"AYANEO Pocket DS kott\"},\"previousItem\":{\"@type\":\"ListItem\",\"@id\":\"https:\\\/\\\/droix.eu\\\/et\\\/product-category\\\/tarvikud\\\/#listItem\",\"name\":\"Tarvikud\"}},{\"@type\":\"ListItem\",\"@id\":\"https:\\\/\\\/droix.eu\\\/et\\\/product\\\/ayaneo-pocket-ds-kott\\\/#listItem\",\"position\":4,\"name\":\"AYANEO Pocket DS kott\",\"previousItem\":{\"@type\":\"ListItem\",\"@id\":\"https:\\\/\\\/droix.eu\\\/et\\\/product-category\\\/tarvikud\\\/mangude-aksessuaarid\\\/#listItem\",\"name\":\"M\\u00e4ngude aksessuaarid\"}}]},{\"@type\":\"Organization\",\"@id\":\"https:\\\/\\\/droix.eu\\\/et\\\/#organization\",\"name\":\"DroiX \\u2013 Trusted EU Tech Retailer with 12+ Years Experience\",\"description\":\"DroiX is a leading European technology retailer with over 12 years of experience, offering quality mini PCs, handheld gaming consoles, and tech accessories. We provide hassle-free EU delivery with all taxes included, ensuring a smooth and reliable shopping experience for our customers across Europe.\",\"url\":\"https:\\\/\\\/droix.eu\\\/et\\\/\",\"logo\":{\"@type\":\"ImageObject\",\"url\":\"https:\\\/\\\/droix.eu\\\/wp-content\\\/uploads\\\/2024\\\/06\\\/droix-v2-light-logo.png\",\"@id\":\"https:\\\/\\\/droix.eu\\\/et\\\/product\\\/ayaneo-pocket-ds-kott\\\/#organizationLogo\",\"width\":380,\"height\":118},\"image\":{\"@id\":\"https:\\\/\\\/droix.eu\\\/et\\\/product\\\/ayaneo-pocket-ds-kott\\\/#organizationLogo\"},\"sameAs\":[\"https:\\\/\\\/www.facebook.com\\\/DroiX.Store\",\"https:\\\/\\\/twitter.com\\\/DroiX_Store\",\"https:\\\/\\\/www.instagram.com\\\/droix.store\\\/\",\"https:\\\/\\\/www.tiktok.com\\\/@droix.store\",\"https:\\\/\\\/www.youtube.com\\\/c\\\/DroiX_Store\",\"https:\\\/\\\/uk.linkedin.com\\\/company\\\/droix\"]},{\"@type\":\"Product\",\"@id\":\"https:\\\/\\\/droix.eu\\\/et\\\/product\\\/ayaneo-pocket-ds-kott\\\/#wooCommerceProduct\",\"name\":\"AYANEO Pocket DS kott\",\"description\":\"AYANEO Pocket DS jaoks kohandatud kompaktne disain.\\n  Vastupidavad materjalid parema kaitse tagamiseks .\\n  Kerge ja kaasaskantav, et ole ks mugav kaasas k\\u00e4ia.\\n  Pehme sisevooder kriimustuste v\\u00e4ltimiseks.\\n  Lihtne ja stiilne v\\u00e4lisilme kaasaegse esteetika jaoks .\",\"url\":\"https:\\\/\\\/droix.eu\\\/et\\\/product\\\/ayaneo-pocket-ds-kott\\\/\",\"sku\":\"AYANEO-POCKET-DS-BAG\",\"gtin\":\"5061077633152\",\"image\":{\"@type\":\"ImageObject\",\"url\":\"https:\\\/\\\/droix.eu\\\/wp-content\\\/uploads\\\/2026\\\/01\\\/AYANEO-POCKET-DS-BAG-LISTING-DONE-01.png\",\"@id\":\"https:\\\/\\\/droix.eu\\\/et\\\/product\\\/ayaneo-pocket-ds-kott\\\/#productImage\",\"width\":1500,\"height\":1500},\"offers\":{\"@type\":\"Offer\",\"url\":\"https:\\\/\\\/droix.eu\\\/et\\\/product\\\/ayaneo-pocket-ds-kott\\\/#wooCommerceOffer\",\"price\":22.08,\"priceCurrency\":\"EUR\",\"category\":\"M\\u00e4ngude aksessuaarid\",\"availability\":\"https:\\\/\\\/schema.org\\\/InStock\",\"priceSpecification\":{\"@type\":\"PriceSpecification\",\"price\":22.08,\"priceCurrency\":\"EUR\",\"valueAddedTaxIncluded\":\"true\"},\"seller\":{\"@type\":\"Organization\",\"@id\":\"https:\\\/\\\/droix.eu\\\/et\\\/#organization\"}}},{\"@type\":\"WebPage\",\"@id\":\"https:\\\/\\\/droix.eu\\\/et\\\/product\\\/ayaneo-pocket-ds-kott\\\/#webpage\",\"url\":\"https:\\\/\\\/droix.eu\\\/et\\\/product\\\/ayaneo-pocket-ds-kott\\\/\",\"name\":\"AYANEO Pocket DS kandekott - elegantse kaitsega \\ud83d\\udee1\\ufe0f\",\"description\":\"Hoidke oma kahe ekraaniga pihuarvutit kukkumiste ja kriimustuste eest. \\ud83d\\udd79\\ufe0f Kompaktne, kerge ja loodud m\\u00e4ngijatele. Hankige oma ja m\\u00e4ngige k\\u00f5ikjal! \\ud83d\\ude80\",\"inLanguage\":\"et\",\"isPartOf\":{\"@id\":\"https:\\\/\\\/droix.eu\\\/et\\\/#website\"},\"breadcrumb\":{\"@id\":\"https:\\\/\\\/droix.eu\\\/et\\\/product\\\/ayaneo-pocket-ds-kott\\\/#breadcrumblist\"},\"image\":{\"@type\":\"ImageObject\",\"url\":\"https:\\\/\\\/droix.eu\\\/wp-content\\\/uploads\\\/2026\\\/01\\\/AYANEO-POCKET-DS-BAG-LISTING-DONE-01.png\",\"@id\":\"https:\\\/\\\/droix.eu\\\/et\\\/product\\\/ayaneo-pocket-ds-kott\\\/#mainImage\",\"width\":1500,\"height\":1500},\"primaryImageOfPage\":{\"@id\":\"https:\\\/\\\/droix.eu\\\/et\\\/product\\\/ayaneo-pocket-ds-kott\\\/#mainImage\"},\"datePublished\":\"2026-01-08T11:24:26+00:00\",\"dateModified\":\"2026-04-08T10:11:16+01:00\"},{\"@type\":\"WebSite\",\"@id\":\"https:\\\/\\\/droix.eu\\\/et\\\/#website\",\"url\":\"https:\\\/\\\/droix.eu\\\/et\\\/\",\"name\":\"DROIX EU\",\"description\":\"Get the latest Mini PCs, Ultrabook, PC Gaming Handhelds and more!\",\"inLanguage\":\"et\",\"publisher\":{\"@id\":\"https:\\\/\\\/droix.eu\\\/et\\\/#organization\"}}]}\n\t\t<\/script>\n\t\t<!-- All in One SEO Pro -->\r\n\t\t<title>AYANEO Pocket DS kandekott - elegantse kaitsega \ud83d\udee1\ufe0f<\/title>\n\n","aioseo_head_json":{"title":"AYANEO Pocket DS kandekott - elegantse kaitsega \ud83d\udee1\ufe0f","description":"Hoidke oma kahe ekraaniga pihuarvutit kukkumiste ja kriimustuste eest. \ud83d\udd79\ufe0f Kompaktne, kerge ja loodud m\u00e4ngijatele. Hankige oma ja m\u00e4ngige k\u00f5ikjal! \ud83d\ude80","canonical_url":"https:\/\/droix.eu\/et\/product\/ayaneo-pocket-ds-kott\/","robots":"max-image-preview:large","keywords":"","webmasterTools":{"miscellaneous":""},"schema":{"@context":"https:\/\/schema.org","@graph":[{"@type":"BreadcrumbList","@id":"https:\/\/droix.eu\/et\/product\/ayaneo-pocket-ds-kott\/#breadcrumblist","itemListElement":[{"@type":"ListItem","@id":"https:\/\/droix.eu\/et\/#listItem","position":1,"name":"Home","item":"https:\/\/droix.eu\/et\/","nextItem":{"@type":"ListItem","@id":"https:\/\/droix.eu\/et\/product-category\/tarvikud\/#listItem","name":"Tarvikud"}},{"@type":"ListItem","@id":"https:\/\/droix.eu\/et\/product-category\/tarvikud\/#listItem","position":2,"name":"Tarvikud","item":"https:\/\/droix.eu\/et\/product-category\/tarvikud\/","nextItem":{"@type":"ListItem","@id":"https:\/\/droix.eu\/et\/product-category\/tarvikud\/mangude-aksessuaarid\/#listItem","name":"M\u00e4ngude aksessuaarid"},"previousItem":{"@type":"ListItem","@id":"https:\/\/droix.eu\/et\/#listItem","name":"Home"}},{"@type":"ListItem","@id":"https:\/\/droix.eu\/et\/product-category\/tarvikud\/mangude-aksessuaarid\/#listItem","position":3,"name":"M\u00e4ngude aksessuaarid","item":"https:\/\/droix.eu\/et\/product-category\/tarvikud\/mangude-aksessuaarid\/","nextItem":{"@type":"ListItem","@id":"https:\/\/droix.eu\/et\/product\/ayaneo-pocket-ds-kott\/#listItem","name":"AYANEO Pocket DS kott"},"previousItem":{"@type":"ListItem","@id":"https:\/\/droix.eu\/et\/product-category\/tarvikud\/#listItem","name":"Tarvikud"}},{"@type":"ListItem","@id":"https:\/\/droix.eu\/et\/product\/ayaneo-pocket-ds-kott\/#listItem","position":4,"name":"AYANEO Pocket DS kott","previousItem":{"@type":"ListItem","@id":"https:\/\/droix.eu\/et\/product-category\/tarvikud\/mangude-aksessuaarid\/#listItem","name":"M\u00e4ngude aksessuaarid"}}]},{"@type":"Organization","@id":"https:\/\/droix.eu\/et\/#organization","name":"DroiX \u2013 Trusted EU Tech Retailer with 12+ Years Experience","description":"DroiX is a leading European technology retailer with over 12 years of experience, offering quality mini PCs, handheld gaming consoles, and tech accessories. We provide hassle-free EU delivery with all taxes included, ensuring a smooth and reliable shopping experience for our customers across Europe.","url":"https:\/\/droix.eu\/et\/","logo":{"@type":"ImageObject","url":"https:\/\/droix.eu\/wp-content\/uploads\/2024\/06\/droix-v2-light-logo.png","@id":"https:\/\/droix.eu\/et\/product\/ayaneo-pocket-ds-kott\/#organizationLogo","width":380,"height":118},"image":{"@id":"https:\/\/droix.eu\/et\/product\/ayaneo-pocket-ds-kott\/#organizationLogo"},"sameAs":["https:\/\/www.facebook.com\/DroiX.Store","https:\/\/twitter.com\/DroiX_Store","https:\/\/www.instagram.com\/droix.store\/","https:\/\/www.tiktok.com\/@droix.store","https:\/\/www.youtube.com\/c\/DroiX_Store","https:\/\/uk.linkedin.com\/company\/droix"]},{"@type":"Product","@id":"https:\/\/droix.eu\/et\/product\/ayaneo-pocket-ds-kott\/#wooCommerceProduct","name":"AYANEO Pocket DS kott","description":"AYANEO Pocket DS jaoks kohandatud kompaktne disain.\n  Vastupidavad materjalid parema kaitse tagamiseks .\n  Kerge ja kaasaskantav, et ole ks mugav kaasas k\u00e4ia.\n  Pehme sisevooder kriimustuste v\u00e4ltimiseks.\n  Lihtne ja stiilne v\u00e4lisilme kaasaegse esteetika jaoks .","url":"https:\/\/droix.eu\/et\/product\/ayaneo-pocket-ds-kott\/","sku":"AYANEO-POCKET-DS-BAG","gtin":"5061077633152","image":{"@type":"ImageObject","url":"https:\/\/droix.eu\/wp-content\/uploads\/2026\/01\/AYANEO-POCKET-DS-BAG-LISTING-DONE-01.png","@id":"https:\/\/droix.eu\/et\/product\/ayaneo-pocket-ds-kott\/#productImage","width":1500,"height":1500},"offers":{"@type":"Offer","url":"https:\/\/droix.eu\/et\/product\/ayaneo-pocket-ds-kott\/#wooCommerceOffer","price":22.08,"priceCurrency":"EUR","category":"M\u00e4ngude aksessuaarid","availability":"https:\/\/schema.org\/InStock","priceSpecification":{"@type":"PriceSpecification","price":22.08,"priceCurrency":"EUR","valueAddedTaxIncluded":"true"},"seller":{"@type":"Organization","@id":"https:\/\/droix.eu\/et\/#organization"}}},{"@type":"WebPage","@id":"https:\/\/droix.eu\/et\/product\/ayaneo-pocket-ds-kott\/#webpage","url":"https:\/\/droix.eu\/et\/product\/ayaneo-pocket-ds-kott\/","name":"AYANEO Pocket DS kandekott - elegantse kaitsega \ud83d\udee1\ufe0f","description":"Hoidke oma kahe ekraaniga pihuarvutit kukkumiste ja kriimustuste eest. \ud83d\udd79\ufe0f Kompaktne, kerge ja loodud m\u00e4ngijatele. Hankige oma ja m\u00e4ngige k\u00f5ikjal! \ud83d\ude80","inLanguage":"et","isPartOf":{"@id":"https:\/\/droix.eu\/et\/#website"},"breadcrumb":{"@id":"https:\/\/droix.eu\/et\/product\/ayaneo-pocket-ds-kott\/#breadcrumblist"},"image":{"@type":"ImageObject","url":"https:\/\/droix.eu\/wp-content\/uploads\/2026\/01\/AYANEO-POCKET-DS-BAG-LISTING-DONE-01.png","@id":"https:\/\/droix.eu\/et\/product\/ayaneo-pocket-ds-kott\/#mainImage","width":1500,"height":1500},"primaryImageOfPage":{"@id":"https:\/\/droix.eu\/et\/product\/ayaneo-pocket-ds-kott\/#mainImage"},"datePublished":"2026-01-08T11:24:26+00:00","dateModified":"2026-04-08T10:11:16+01:00"},{"@type":"WebSite","@id":"https:\/\/droix.eu\/et\/#website","url":"https:\/\/droix.eu\/et\/","name":"DROIX EU","description":"Get the latest Mini PCs, Ultrabook, PC Gaming Handhelds and more!","inLanguage":"et","publisher":{"@id":"https:\/\/droix.eu\/et\/#organization"}}]},"og:locale":"et_EE","og:site_name":"DROIX EU - Get the latest Mini PCs, Ultrabook, PC Gaming Handhelds and more!","og:type":"article","og:title":"AYANEO Pocket DS kandekott - elegantse kaitsega \ud83d\udee1\ufe0f","og:description":"Hoidke oma kahe ekraaniga pihuarvutit kukkumiste ja kriimustuste eest. \ud83d\udd79\ufe0f Kompaktne, kerge ja loodud m\u00e4ngijatele. Hankige oma ja m\u00e4ngige k\u00f5ikjal! \ud83d\ude80","og:url":"https:\/\/droix.eu\/et\/product\/ayaneo-pocket-ds-kott\/","og:image":"https:\/\/droix.eu\/wp-content\/uploads\/2024\/06\/droix-v2-light-logo.png","og:image:secure_url":"https:\/\/droix.eu\/wp-content\/uploads\/2024\/06\/droix-v2-light-logo.png","og:image:width":380,"og:image:height":118,"article:published_time":"2026-01-08T11:24:26+00:00","article:modified_time":"2026-04-08T09:11:16+00:00","article:publisher":"https:\/\/www.facebook.com\/DroiX.Store","twitter:card":"summary_large_image","twitter:site":"@DroiX_Store","twitter:title":"AYANEO Pocket DS kandekott - elegantse kaitsega \ud83d\udee1\ufe0f","twitter:description":"Hoidke oma kahe ekraaniga pihuarvutit kukkumiste ja kriimustuste eest. \ud83d\udd79\ufe0f Kompaktne, kerge ja loodud m\u00e4ngijatele. Hankige oma ja m\u00e4ngige k\u00f5ikjal! \ud83d\ude80","twitter:image":"https:\/\/droix.eu\/wp-content\/uploads\/2024\/06\/droix-v2-light-logo.png"},"aioseo_meta_data":{"post_id":"703608","title":"AYANEO Pocket DS kandekott - elegantse kaitsega \ud83d\udee1\ufe0f","description":"Hoidke oma kahe ekraaniga pihuarvutit kukkumiste ja kriimustuste eest. \ud83d\udd79\ufe0f Kompaktne, kerge ja loodud m\u00e4ngijatele. Hankige oma ja m\u00e4ngige k\u00f5ikjal! \ud83d\ude80","keywords":null,"keyphrases":{"focus":{"keyphrase":"","score":0,"analysis":{"keyphraseInTitle":{"score":0,"maxScore":9,"error":1}}},"additional":[]},"primary_term":null,"canonical_url":null,"og_title":null,"og_description":null,"og_object_type":"default","og_image_type":"default","og_image_url":null,"og_image_width":null,"og_image_height":null,"og_image_custom_url":null,"og_image_custom_fields":null,"og_video":"","og_custom_url":null,"og_article_section":null,"og_article_tags":null,"twitter_use_og":true,"twitter_card":"default","twitter_image_type":"default","twitter_image_url":null,"twitter_image_custom_url":null,"twitter_image_custom_fields":null,"twitter_title":null,"twitter_description":null,"schema":{"blockGraphs":[],"customGraphs":[],"default":{"data":{"Article":[],"Course":[],"Dataset":[],"FAQPage":[],"Movie":[],"Person":[],"Product":[],"ProductReview":[],"Car":[],"Recipe":[],"Service":[],"SoftwareApplication":[],"WebPage":[]},"graphName":"Product","isEnabled":true},"graphs":[]},"schema_type":"default","schema_type_options":null,"pillar_content":false,"robots_default":true,"robots_noindex":false,"robots_noarchive":false,"robots_nosnippet":false,"robots_nofollow":false,"robots_noimageindex":false,"robots_noodp":false,"robots_notranslate":false,"robots_max_snippet":"-1","robots_max_videopreview":"-1","robots_max_imagepreview":"large","priority":null,"frequency":"default","local_seo":null,"seo_analyzer_scan_date":null,"breadcrumb_settings":null,"limit_modified_date":false,"reviewed_by":null,"open_ai":null,"ai":{"faqs":[],"keyPoints":[],"titles":[],"descriptions":[],"socialPosts":{"email":[],"linkedin":[],"twitter":[],"facebook":[],"instagram":[]}},"created":"2026-01-20 04:15:18","updated":"2026-04-08 18:24:25"},"aioseo_breadcrumb":"<div class=\"aioseo-breadcrumbs\"><span class=\"aioseo-breadcrumb\">\n\t<a href=\"https:\/\/droix.eu\/et\/\" title=\"Home\">Home<\/a>\n<\/span><span class=\"aioseo-breadcrumb-separator\">&raquo;<\/span><span class=\"aioseo-breadcrumb\">\n\t<a href=\"https:\/\/droix.eu\/et\/product-category\/tarvikud\/\" title=\"Tarvikud\">Tarvikud<\/a>\n<\/span><span class=\"aioseo-breadcrumb-separator\">&raquo;<\/span><span class=\"aioseo-breadcrumb\">\n\t<a href=\"https:\/\/droix.eu\/et\/product-category\/tarvikud\/mangude-aksessuaarid\/\" title=\"M\u00e4ngude aksessuaarid\">M\u00e4ngude aksessuaarid<\/a>\n<\/span><span class=\"aioseo-breadcrumb-separator\">&raquo;<\/span><span class=\"aioseo-breadcrumb\">\n\tAYANEO Pocket DS kott\n<\/span><\/div>","aioseo_breadcrumb_json":[{"label":"Home","link":"https:\/\/droix.eu\/et\/"},{"label":"Tarvikud","link":"https:\/\/droix.eu\/et\/product-category\/tarvikud\/"},{"label":"M\u00e4ngude aksessuaarid","link":"https:\/\/droix.eu\/et\/product-category\/tarvikud\/mangude-aksessuaarid\/"},{"label":"AYANEO Pocket DS kott","link":"https:\/\/droix.eu\/et\/product\/ayaneo-pocket-ds-kott\/"}],"_links":{"self":[{"href":"https:\/\/droix.eu\/et\/wp-json\/wp\/v2\/product\/703608","targetHints":{"allow":["GET"]}}],"collection":[{"href":"https:\/\/droix.eu\/et\/wp-json\/wp\/v2\/product"}],"about":[{"href":"https:\/\/droix.eu\/et\/wp-json\/wp\/v2\/types\/product"}],"version-history":[{"count":0,"href":"https:\/\/droix.eu\/et\/wp-json\/wp\/v2\/product\/703608\/revisions"}],"wp:featuredmedia":[{"embeddable":true,"href":"https:\/\/droix.eu\/et\/wp-json\/wp\/v2\/media\/703611"}],"wp:attachment":[{"href":"https:\/\/droix.eu\/et\/wp-json\/wp\/v2\/media?parent=703608"}],"wp:term":[{"taxonomy":"product_brand","embeddable":true,"href":"https:\/\/droix.eu\/et\/wp-json\/wp\/v2\/product_brand?post=703608"},{"taxonomy":"product_cat","embeddable":true,"href":"https:\/\/droix.eu\/et\/wp-json\/wp\/v2\/product_cat?post=703608"},{"taxonomy":"product_tag","embeddable":true,"href":"https:\/\/droix.eu\/et\/wp-json\/wp\/v2\/product_tag?post=703608"},{"taxonomy":"woo-feed-brand","embeddable":true,"href":"https:\/\/droix.eu\/et\/wp-json\/wp\/v2\/woo-feed-brand?post=703608"},{"taxonomy":"key-features","embeddable":true,"href":"https:\/\/droix.eu\/et\/wp-json\/wp\/v2\/key-features?post=703608"}],"curies":[{"name":"wp","href":"https:\/\/api.w.org\/{rel}","templated":true}]}}