{"id":658639,"date":"2025-06-17T15:49:05","date_gmt":"2025-06-17T14:49:05","guid":{"rendered":"https:\/\/droix.eu\/product\/onexplayer-oculink-kaabel\/"},"modified":"2026-04-23T14:20:00","modified_gmt":"2026-04-23T13:20:00","slug":"onexplayer-oculink-kaabel","status":"publish","type":"product","link":"https:\/\/droix.eu\/et\/product\/onexplayer-oculink-kaabel\/","title":{"rendered":"ONEXPLAYER OCuLink kaabel"},"content":{"rendered":"\n<h3 class=\"wp-block-heading\"><strong>Tutvustame ONEXPLAYER OCuLink&#8217;i: Empower Your Setup<\/strong><\/h3>\n\n<p>Valmistatud t\u00e4iendama ONEXPLAYER ONEXGPU-d. P\u00f5hjalikult ja kvaliteetsetest materjalidest valmistatud ONEXPLAYER OCuLink kaabel on konstrueeritud nii, et see talub igap\u00e4evast kulumist ja annab teile eelise.<\/p>\n\n<p><\/p>\n","protected":false},"excerpt":{"rendered":"<ul>\n<li><strong>Ametlik ONEXPLAYER<\/strong> OCuLink kaabel<\/li>\n<li>\u00dchildub <strong>ONEXPLAYER ONEXGPU \/ X1-ga<\/strong><\/li>\n<li>Kiirem kui <strong>USB 4.0 Type-C<\/strong><\/li>\n<li>Kvaliteetne punutud kaabel<\/li>\n<li>1M pikk kaabel<\/li>\n<\/ul>\n[droix_global_accordions]\n[cg_accordion title=\"Pakett sisaldab\"]<\/p>\n<ul>\n<li>1x ONEXPLAYER OCuLink kaabel<\/li>\n<\/ul>\n<p>[\/cg_accordion]\n","protected":false},"featured_media":647926,"template":"","meta":{"_acf_changed":false},"product_brand":[],"product_cat":[10583,10481],"product_tag":[],"woo-feed-brand":[2199],"key-features":[],"class_list":{"0":"post-658639","1":"product","2":"type-product","3":"status-publish","4":"has-post-thumbnail","6":"product_cat-mangude-aksessuaarid","7":"product_cat-tarvikud","8":"product_shipping_class-low-end","9":"pa_accessory-type-cable","10":"pa_brands-onexplayer-et","11":"woo-feed-brand-onexplayer","13":"first","14":"instock","15":"sale","16":"taxable","17":"shipping-taxable","18":"purchasable","19":"product-type-simple"},"acf":[],"aioseo_notices":[],"aioseo_head":"\n\t\t<!-- All in One SEO Pro 4.9.6.2 - aioseo.com -->\n\t<meta name=\"description\" content=\"Ametlik ONEXPLAYER OCuLink kaabel \u00dchildub ONEXPLAYER ONEXGPU \/ X1-ga Kiirem kui USB 4.0 Type-C Kvaliteetne punutud kaabel 1M pikk kaabel Pakett sisaldab 1x ONEXPLAYER OCuLink kaabel\" \/>\n\t<meta name=\"robots\" content=\"max-image-preview:large\" \/>\n\t<link rel=\"canonical\" href=\"https:\/\/droix.eu\/et\/product\/onexplayer-oculink-kaabel\/\" \/>\n\t<meta name=\"generator\" content=\"All in One SEO Pro (AIOSEO) 4.9.6.2\" \/>\n\t\t<meta property=\"og:locale\" content=\"et_EE\" \/>\n\t\t<meta property=\"og:site_name\" content=\"DROIX EU - Get the latest Mini PCs, Ultrabook, PC Gaming Handhelds and more!\" \/>\n\t\t<meta property=\"og:type\" content=\"article\" \/>\n\t\t<meta property=\"og:title\" content=\"ONEXPLAYER OCuLink kaabel - DROIX EU\" \/>\n\t\t<meta property=\"og:description\" content=\"Ametlik ONEXPLAYER OCuLink kaabel \u00dchildub ONEXPLAYER ONEXGPU \/ X1-ga Kiirem kui USB 4.0 Type-C Kvaliteetne punutud kaabel 1M pikk kaabel Pakett sisaldab 1x ONEXPLAYER OCuLink kaabel\" \/>\n\t\t<meta property=\"og:url\" content=\"https:\/\/droix.eu\/et\/product\/onexplayer-oculink-kaabel\/\" \/>\n\t\t<meta property=\"og:image\" content=\"https:\/\/droix.eu\/wp-content\/uploads\/2024\/06\/droix-v2-light-logo.png\" \/>\n\t\t<meta property=\"og:image:secure_url\" content=\"https:\/\/droix.eu\/wp-content\/uploads\/2024\/06\/droix-v2-light-logo.png\" \/>\n\t\t<meta property=\"og:image:width\" content=\"380\" \/>\n\t\t<meta property=\"og:image:height\" content=\"118\" \/>\n\t\t<meta property=\"article:published_time\" content=\"2025-06-17T14:49:05+00:00\" \/>\n\t\t<meta property=\"article:modified_time\" content=\"2026-04-23T13:20:00+00:00\" \/>\n\t\t<meta property=\"article:publisher\" content=\"https:\/\/www.facebook.com\/DroiX.Store\" \/>\n\t\t<meta name=\"twitter:card\" content=\"summary_large_image\" \/>\n\t\t<meta name=\"twitter:site\" content=\"@DroiX_Store\" \/>\n\t\t<meta name=\"twitter:title\" content=\"ONEXPLAYER OCuLink kaabel - DROIX EU\" \/>\n\t\t<meta name=\"twitter:description\" content=\"Ametlik ONEXPLAYER OCuLink kaabel \u00dchildub ONEXPLAYER ONEXGPU \/ X1-ga Kiirem kui USB 4.0 Type-C Kvaliteetne punutud kaabel 1M pikk kaabel Pakett sisaldab 1x ONEXPLAYER OCuLink kaabel\" \/>\n\t\t<meta name=\"twitter:image\" content=\"https:\/\/droix.eu\/wp-content\/uploads\/2024\/06\/droix-v2-light-logo.png\" \/>\n\t\t<script type=\"application\/ld+json\" class=\"aioseo-schema\">\n\t\t\t{\"@context\":\"https:\\\/\\\/schema.org\",\"@graph\":[{\"@type\":\"BreadcrumbList\",\"@id\":\"https:\\\/\\\/droix.eu\\\/et\\\/product\\\/onexplayer-oculink-kaabel\\\/#breadcrumblist\",\"itemListElement\":[{\"@type\":\"ListItem\",\"@id\":\"https:\\\/\\\/droix.eu\\\/et\\\/#listItem\",\"position\":1,\"name\":\"Home\",\"item\":\"https:\\\/\\\/droix.eu\\\/et\\\/\",\"nextItem\":{\"@type\":\"ListItem\",\"@id\":\"https:\\\/\\\/droix.eu\\\/et\\\/product-category\\\/tarvikud\\\/#listItem\",\"name\":\"Tarvikud\"}},{\"@type\":\"ListItem\",\"@id\":\"https:\\\/\\\/droix.eu\\\/et\\\/product-category\\\/tarvikud\\\/#listItem\",\"position\":2,\"name\":\"Tarvikud\",\"item\":\"https:\\\/\\\/droix.eu\\\/et\\\/product-category\\\/tarvikud\\\/\",\"nextItem\":{\"@type\":\"ListItem\",\"@id\":\"https:\\\/\\\/droix.eu\\\/et\\\/product-category\\\/tarvikud\\\/mangude-aksessuaarid\\\/#listItem\",\"name\":\"M\\u00e4ngude aksessuaarid\"},\"previousItem\":{\"@type\":\"ListItem\",\"@id\":\"https:\\\/\\\/droix.eu\\\/et\\\/#listItem\",\"name\":\"Home\"}},{\"@type\":\"ListItem\",\"@id\":\"https:\\\/\\\/droix.eu\\\/et\\\/product-category\\\/tarvikud\\\/mangude-aksessuaarid\\\/#listItem\",\"position\":3,\"name\":\"M\\u00e4ngude aksessuaarid\",\"item\":\"https:\\\/\\\/droix.eu\\\/et\\\/product-category\\\/tarvikud\\\/mangude-aksessuaarid\\\/\",\"nextItem\":{\"@type\":\"ListItem\",\"@id\":\"https:\\\/\\\/droix.eu\\\/et\\\/product\\\/onexplayer-oculink-kaabel\\\/#listItem\",\"name\":\"ONEXPLAYER OCuLink kaabel\"},\"previousItem\":{\"@type\":\"ListItem\",\"@id\":\"https:\\\/\\\/droix.eu\\\/et\\\/product-category\\\/tarvikud\\\/#listItem\",\"name\":\"Tarvikud\"}},{\"@type\":\"ListItem\",\"@id\":\"https:\\\/\\\/droix.eu\\\/et\\\/product\\\/onexplayer-oculink-kaabel\\\/#listItem\",\"position\":4,\"name\":\"ONEXPLAYER OCuLink kaabel\",\"previousItem\":{\"@type\":\"ListItem\",\"@id\":\"https:\\\/\\\/droix.eu\\\/et\\\/product-category\\\/tarvikud\\\/mangude-aksessuaarid\\\/#listItem\",\"name\":\"M\\u00e4ngude aksessuaarid\"}}]},{\"@type\":\"Organization\",\"@id\":\"https:\\\/\\\/droix.eu\\\/et\\\/#organization\",\"name\":\"DroiX \\u2013 Trusted EU Tech Retailer with 12+ Years Experience\",\"description\":\"DroiX is a leading European technology retailer with over 12 years of experience, offering quality mini PCs, handheld gaming consoles, and tech accessories. We provide hassle-free EU delivery with all taxes included, ensuring a smooth and reliable shopping experience for our customers across Europe.\",\"url\":\"https:\\\/\\\/droix.eu\\\/et\\\/\",\"logo\":{\"@type\":\"ImageObject\",\"url\":\"https:\\\/\\\/droix.eu\\\/wp-content\\\/uploads\\\/2024\\\/06\\\/droix-v2-light-logo.png\",\"@id\":\"https:\\\/\\\/droix.eu\\\/et\\\/product\\\/onexplayer-oculink-kaabel\\\/#organizationLogo\",\"width\":380,\"height\":118},\"image\":{\"@id\":\"https:\\\/\\\/droix.eu\\\/et\\\/product\\\/onexplayer-oculink-kaabel\\\/#organizationLogo\"},\"sameAs\":[\"https:\\\/\\\/www.facebook.com\\\/DroiX.Store\",\"https:\\\/\\\/twitter.com\\\/DroiX_Store\",\"https:\\\/\\\/www.instagram.com\\\/droix.store\\\/\",\"https:\\\/\\\/www.tiktok.com\\\/@droix.store\",\"https:\\\/\\\/www.youtube.com\\\/c\\\/DroiX_Store\",\"https:\\\/\\\/uk.linkedin.com\\\/company\\\/droix\"]},{\"@type\":\"Product\",\"@id\":\"https:\\\/\\\/droix.eu\\\/et\\\/product\\\/onexplayer-oculink-kaabel\\\/#wooCommerceProduct\",\"name\":\"ONEXPLAYER OCuLink kaabel\",\"description\":\"Ametlik ONEXPLAYER OCuLink kaabel\\n  \\u00dchildub ONEXPLAYER ONEXGPU \\\/ X1-ga\\n  Kiirem kui USB 4.0 Type-C\\n  Kvaliteetne punutud kaabel\\n  1M pikk kaabel\",\"url\":\"https:\\\/\\\/droix.eu\\\/et\\\/product\\\/onexplayer-oculink-kaabel\\\/\",\"sku\":\"ONEXPLAYER-OCULINK-CABLE\",\"gtin\":\"5060763678439\",\"image\":{\"@type\":\"ImageObject\",\"url\":\"https:\\\/\\\/droix.eu\\\/wp-content\\\/uploads\\\/2025\\\/06\\\/ONEXPLAYER-OCULINK-CABLE-DONE-01.png\",\"@id\":\"https:\\\/\\\/droix.eu\\\/et\\\/product\\\/onexplayer-oculink-kaabel\\\/#productImage\",\"width\":1500,\"height\":1500,\"caption\":\"Pilt, mis n\\u00e4itab ONEXPLAYER OCuLink kaablit, millel on vastupidav punutud konstruktsioon ja pistikud m\\u00f5lemas otsas. Allpool on \\u00fchilduvuse osa, kus on esitatud toetatud seadmed, sealhulgas GPD WIN 4 (2024 ja 2025), GPD WIN MAX 2 (2024 ja 2025), GPD DUO, ONEXPLAYER X1\\\/X1 Mini ja MINISFORUM UM780XTX, ning m\\u00e4rkus, milles mainitakse \\u00fchilduvust t\\u00e4iendavate OCuLink\\\/M.2 NVMe-pordiga seadmetega.\"},\"offers\":{\"@type\":\"Offer\",\"url\":\"https:\\\/\\\/droix.eu\\\/et\\\/product\\\/onexplayer-oculink-kaabel\\\/#wooCommerceOffer\",\"price\":24.54,\"priceCurrency\":\"EUR\",\"category\":\"M\\u00e4ngude aksessuaarid\",\"availability\":\"https:\\\/\\\/schema.org\\\/InStock\",\"priceSpecification\":{\"@type\":\"PriceSpecification\",\"price\":24.54,\"priceCurrency\":\"EUR\",\"valueAddedTaxIncluded\":\"true\"},\"seller\":{\"@type\":\"Organization\",\"@id\":\"https:\\\/\\\/droix.eu\\\/et\\\/#organization\"}}},{\"@type\":\"WebPage\",\"@id\":\"https:\\\/\\\/droix.eu\\\/et\\\/product\\\/onexplayer-oculink-kaabel\\\/#webpage\",\"url\":\"https:\\\/\\\/droix.eu\\\/et\\\/product\\\/onexplayer-oculink-kaabel\\\/\",\"name\":\"ONEXPLAYER OCuLink kaabel - DROIX EU\",\"description\":\"Ametlik ONEXPLAYER OCuLink kaabel \\u00dchildub ONEXPLAYER ONEXGPU \\\/ X1-ga Kiirem kui USB 4.0 Type-C Kvaliteetne punutud kaabel 1M pikk kaabel Pakett sisaldab 1x ONEXPLAYER OCuLink kaabel\",\"inLanguage\":\"et\",\"isPartOf\":{\"@id\":\"https:\\\/\\\/droix.eu\\\/et\\\/#website\"},\"breadcrumb\":{\"@id\":\"https:\\\/\\\/droix.eu\\\/et\\\/product\\\/onexplayer-oculink-kaabel\\\/#breadcrumblist\"},\"image\":{\"@type\":\"ImageObject\",\"url\":\"https:\\\/\\\/droix.eu\\\/wp-content\\\/uploads\\\/2025\\\/06\\\/ONEXPLAYER-OCULINK-CABLE-DONE-01.png\",\"@id\":\"https:\\\/\\\/droix.eu\\\/et\\\/product\\\/onexplayer-oculink-kaabel\\\/#mainImage\",\"width\":1500,\"height\":1500,\"caption\":\"Pilt, mis n\\u00e4itab ONEXPLAYER OCuLink kaablit, millel on vastupidav punutud konstruktsioon ja pistikud m\\u00f5lemas otsas. Allpool on \\u00fchilduvuse osa, kus on esitatud toetatud seadmed, sealhulgas GPD WIN 4 (2024 ja 2025), GPD WIN MAX 2 (2024 ja 2025), GPD DUO, ONEXPLAYER X1\\\/X1 Mini ja MINISFORUM UM780XTX, ning m\\u00e4rkus, milles mainitakse \\u00fchilduvust t\\u00e4iendavate OCuLink\\\/M.2 NVMe-pordiga seadmetega.\"},\"primaryImageOfPage\":{\"@id\":\"https:\\\/\\\/droix.eu\\\/et\\\/product\\\/onexplayer-oculink-kaabel\\\/#mainImage\"},\"datePublished\":\"2025-06-17T15:49:05+01:00\",\"dateModified\":\"2026-04-23T14:20:00+01:00\"},{\"@type\":\"WebSite\",\"@id\":\"https:\\\/\\\/droix.eu\\\/et\\\/#website\",\"url\":\"https:\\\/\\\/droix.eu\\\/et\\\/\",\"name\":\"DROIX EU\",\"description\":\"Get the latest Mini PCs, Ultrabook, PC Gaming Handhelds and more!\",\"inLanguage\":\"et\",\"publisher\":{\"@id\":\"https:\\\/\\\/droix.eu\\\/et\\\/#organization\"}}]}\n\t\t<\/script>\n\t\t<!-- All in One SEO Pro -->\r\n\t\t<title>ONEXPLAYER OCuLink kaabel - DROIX EU<\/title>\n\n","aioseo_head_json":{"title":"ONEXPLAYER OCuLink kaabel - DROIX EU","description":"Ametlik ONEXPLAYER OCuLink kaabel \u00dchildub ONEXPLAYER ONEXGPU \/ X1-ga Kiirem kui USB 4.0 Type-C Kvaliteetne punutud kaabel 1M pikk kaabel Pakett sisaldab 1x ONEXPLAYER OCuLink kaabel","canonical_url":"https:\/\/droix.eu\/et\/product\/onexplayer-oculink-kaabel\/","robots":"max-image-preview:large","keywords":"","webmasterTools":{"miscellaneous":""},"schema":{"@context":"https:\/\/schema.org","@graph":[{"@type":"BreadcrumbList","@id":"https:\/\/droix.eu\/et\/product\/onexplayer-oculink-kaabel\/#breadcrumblist","itemListElement":[{"@type":"ListItem","@id":"https:\/\/droix.eu\/et\/#listItem","position":1,"name":"Home","item":"https:\/\/droix.eu\/et\/","nextItem":{"@type":"ListItem","@id":"https:\/\/droix.eu\/et\/product-category\/tarvikud\/#listItem","name":"Tarvikud"}},{"@type":"ListItem","@id":"https:\/\/droix.eu\/et\/product-category\/tarvikud\/#listItem","position":2,"name":"Tarvikud","item":"https:\/\/droix.eu\/et\/product-category\/tarvikud\/","nextItem":{"@type":"ListItem","@id":"https:\/\/droix.eu\/et\/product-category\/tarvikud\/mangude-aksessuaarid\/#listItem","name":"M\u00e4ngude aksessuaarid"},"previousItem":{"@type":"ListItem","@id":"https:\/\/droix.eu\/et\/#listItem","name":"Home"}},{"@type":"ListItem","@id":"https:\/\/droix.eu\/et\/product-category\/tarvikud\/mangude-aksessuaarid\/#listItem","position":3,"name":"M\u00e4ngude aksessuaarid","item":"https:\/\/droix.eu\/et\/product-category\/tarvikud\/mangude-aksessuaarid\/","nextItem":{"@type":"ListItem","@id":"https:\/\/droix.eu\/et\/product\/onexplayer-oculink-kaabel\/#listItem","name":"ONEXPLAYER OCuLink kaabel"},"previousItem":{"@type":"ListItem","@id":"https:\/\/droix.eu\/et\/product-category\/tarvikud\/#listItem","name":"Tarvikud"}},{"@type":"ListItem","@id":"https:\/\/droix.eu\/et\/product\/onexplayer-oculink-kaabel\/#listItem","position":4,"name":"ONEXPLAYER OCuLink kaabel","previousItem":{"@type":"ListItem","@id":"https:\/\/droix.eu\/et\/product-category\/tarvikud\/mangude-aksessuaarid\/#listItem","name":"M\u00e4ngude aksessuaarid"}}]},{"@type":"Organization","@id":"https:\/\/droix.eu\/et\/#organization","name":"DroiX \u2013 Trusted EU Tech Retailer with 12+ Years Experience","description":"DroiX is a leading European technology retailer with over 12 years of experience, offering quality mini PCs, handheld gaming consoles, and tech accessories. We provide hassle-free EU delivery with all taxes included, ensuring a smooth and reliable shopping experience for our customers across Europe.","url":"https:\/\/droix.eu\/et\/","logo":{"@type":"ImageObject","url":"https:\/\/droix.eu\/wp-content\/uploads\/2024\/06\/droix-v2-light-logo.png","@id":"https:\/\/droix.eu\/et\/product\/onexplayer-oculink-kaabel\/#organizationLogo","width":380,"height":118},"image":{"@id":"https:\/\/droix.eu\/et\/product\/onexplayer-oculink-kaabel\/#organizationLogo"},"sameAs":["https:\/\/www.facebook.com\/DroiX.Store","https:\/\/twitter.com\/DroiX_Store","https:\/\/www.instagram.com\/droix.store\/","https:\/\/www.tiktok.com\/@droix.store","https:\/\/www.youtube.com\/c\/DroiX_Store","https:\/\/uk.linkedin.com\/company\/droix"]},{"@type":"Product","@id":"https:\/\/droix.eu\/et\/product\/onexplayer-oculink-kaabel\/#wooCommerceProduct","name":"ONEXPLAYER OCuLink kaabel","description":"Ametlik ONEXPLAYER OCuLink kaabel\n  \u00dchildub ONEXPLAYER ONEXGPU \/ X1-ga\n  Kiirem kui USB 4.0 Type-C\n  Kvaliteetne punutud kaabel\n  1M pikk kaabel","url":"https:\/\/droix.eu\/et\/product\/onexplayer-oculink-kaabel\/","sku":"ONEXPLAYER-OCULINK-CABLE","gtin":"5060763678439","image":{"@type":"ImageObject","url":"https:\/\/droix.eu\/wp-content\/uploads\/2025\/06\/ONEXPLAYER-OCULINK-CABLE-DONE-01.png","@id":"https:\/\/droix.eu\/et\/product\/onexplayer-oculink-kaabel\/#productImage","width":1500,"height":1500,"caption":"Pilt, mis n\u00e4itab ONEXPLAYER OCuLink kaablit, millel on vastupidav punutud konstruktsioon ja pistikud m\u00f5lemas otsas. Allpool on \u00fchilduvuse osa, kus on esitatud toetatud seadmed, sealhulgas GPD WIN 4 (2024 ja 2025), GPD WIN MAX 2 (2024 ja 2025), GPD DUO, ONEXPLAYER X1\/X1 Mini ja MINISFORUM UM780XTX, ning m\u00e4rkus, milles mainitakse \u00fchilduvust t\u00e4iendavate OCuLink\/M.2 NVMe-pordiga seadmetega."},"offers":{"@type":"Offer","url":"https:\/\/droix.eu\/et\/product\/onexplayer-oculink-kaabel\/#wooCommerceOffer","price":24.54,"priceCurrency":"EUR","category":"M\u00e4ngude aksessuaarid","availability":"https:\/\/schema.org\/InStock","priceSpecification":{"@type":"PriceSpecification","price":24.54,"priceCurrency":"EUR","valueAddedTaxIncluded":"true"},"seller":{"@type":"Organization","@id":"https:\/\/droix.eu\/et\/#organization"}}},{"@type":"WebPage","@id":"https:\/\/droix.eu\/et\/product\/onexplayer-oculink-kaabel\/#webpage","url":"https:\/\/droix.eu\/et\/product\/onexplayer-oculink-kaabel\/","name":"ONEXPLAYER OCuLink kaabel - DROIX EU","description":"Ametlik ONEXPLAYER OCuLink kaabel \u00dchildub ONEXPLAYER ONEXGPU \/ X1-ga Kiirem kui USB 4.0 Type-C Kvaliteetne punutud kaabel 1M pikk kaabel Pakett sisaldab 1x ONEXPLAYER OCuLink kaabel","inLanguage":"et","isPartOf":{"@id":"https:\/\/droix.eu\/et\/#website"},"breadcrumb":{"@id":"https:\/\/droix.eu\/et\/product\/onexplayer-oculink-kaabel\/#breadcrumblist"},"image":{"@type":"ImageObject","url":"https:\/\/droix.eu\/wp-content\/uploads\/2025\/06\/ONEXPLAYER-OCULINK-CABLE-DONE-01.png","@id":"https:\/\/droix.eu\/et\/product\/onexplayer-oculink-kaabel\/#mainImage","width":1500,"height":1500,"caption":"Pilt, mis n\u00e4itab ONEXPLAYER OCuLink kaablit, millel on vastupidav punutud konstruktsioon ja pistikud m\u00f5lemas otsas. Allpool on \u00fchilduvuse osa, kus on esitatud toetatud seadmed, sealhulgas GPD WIN 4 (2024 ja 2025), GPD WIN MAX 2 (2024 ja 2025), GPD DUO, ONEXPLAYER X1\/X1 Mini ja MINISFORUM UM780XTX, ning m\u00e4rkus, milles mainitakse \u00fchilduvust t\u00e4iendavate OCuLink\/M.2 NVMe-pordiga seadmetega."},"primaryImageOfPage":{"@id":"https:\/\/droix.eu\/et\/product\/onexplayer-oculink-kaabel\/#mainImage"},"datePublished":"2025-06-17T15:49:05+01:00","dateModified":"2026-04-23T14:20:00+01:00"},{"@type":"WebSite","@id":"https:\/\/droix.eu\/et\/#website","url":"https:\/\/droix.eu\/et\/","name":"DROIX EU","description":"Get the latest Mini PCs, Ultrabook, PC Gaming Handhelds and more!","inLanguage":"et","publisher":{"@id":"https:\/\/droix.eu\/et\/#organization"}}]},"og:locale":"et_EE","og:site_name":"DROIX EU - Get the latest Mini PCs, Ultrabook, PC Gaming Handhelds and more!","og:type":"article","og:title":"ONEXPLAYER OCuLink kaabel - DROIX EU","og:description":"Ametlik ONEXPLAYER OCuLink kaabel \u00dchildub ONEXPLAYER ONEXGPU \/ X1-ga Kiirem kui USB 4.0 Type-C Kvaliteetne punutud kaabel 1M pikk kaabel Pakett sisaldab 1x ONEXPLAYER OCuLink kaabel","og:url":"https:\/\/droix.eu\/et\/product\/onexplayer-oculink-kaabel\/","og:image":"https:\/\/droix.eu\/wp-content\/uploads\/2024\/06\/droix-v2-light-logo.png","og:image:secure_url":"https:\/\/droix.eu\/wp-content\/uploads\/2024\/06\/droix-v2-light-logo.png","og:image:width":380,"og:image:height":118,"article:published_time":"2025-06-17T14:49:05+00:00","article:modified_time":"2026-04-23T13:20:00+00:00","article:publisher":"https:\/\/www.facebook.com\/DroiX.Store","twitter:card":"summary_large_image","twitter:site":"@DroiX_Store","twitter:title":"ONEXPLAYER OCuLink kaabel - DROIX EU","twitter:description":"Ametlik ONEXPLAYER OCuLink kaabel \u00dchildub ONEXPLAYER ONEXGPU \/ X1-ga Kiirem kui USB 4.0 Type-C Kvaliteetne punutud kaabel 1M pikk kaabel Pakett sisaldab 1x ONEXPLAYER OCuLink kaabel","twitter:image":"https:\/\/droix.eu\/wp-content\/uploads\/2024\/06\/droix-v2-light-logo.png"},"aioseo_meta_data":{"post_id":"658639","title":null,"description":null,"keywords":null,"keyphrases":null,"primary_term":null,"canonical_url":null,"og_title":null,"og_description":null,"og_object_type":"default","og_image_type":"default","og_image_url":null,"og_image_width":null,"og_image_height":null,"og_image_custom_url":null,"og_image_custom_fields":null,"og_video":null,"og_custom_url":null,"og_article_section":null,"og_article_tags":null,"twitter_use_og":true,"twitter_card":"default","twitter_image_type":"default","twitter_image_url":null,"twitter_image_custom_url":null,"twitter_image_custom_fields":null,"twitter_title":null,"twitter_description":null,"schema":{"blockGraphs":[],"customGraphs":[],"default":{"data":{"Article":[],"Course":[],"Dataset":[],"FAQPage":[],"Movie":[],"Person":[],"Product":[],"ProductReview":[],"Car":[],"Recipe":[],"Service":[],"SoftwareApplication":[],"WebPage":[]},"graphName":"Product","isEnabled":true},"graphs":[]},"schema_type":"default","schema_type_options":null,"pillar_content":false,"robots_default":true,"robots_noindex":false,"robots_noarchive":false,"robots_nosnippet":false,"robots_nofollow":false,"robots_noimageindex":false,"robots_noodp":false,"robots_notranslate":false,"robots_max_snippet":null,"robots_max_videopreview":null,"robots_max_imagepreview":"large","priority":null,"frequency":null,"local_seo":null,"seo_analyzer_scan_date":null,"breadcrumb_settings":null,"limit_modified_date":false,"reviewed_by":null,"open_ai":null,"ai":null,"created":"2025-10-09 11:47:36","updated":"2026-04-23 17:28:13"},"aioseo_breadcrumb":"<div class=\"aioseo-breadcrumbs\"><span class=\"aioseo-breadcrumb\">\n\t<a href=\"https:\/\/droix.eu\/et\/\" title=\"Home\">Home<\/a>\n<\/span><span class=\"aioseo-breadcrumb-separator\">&raquo;<\/span><span class=\"aioseo-breadcrumb\">\n\t<a href=\"https:\/\/droix.eu\/et\/product-category\/tarvikud\/\" title=\"Tarvikud\">Tarvikud<\/a>\n<\/span><span class=\"aioseo-breadcrumb-separator\">&raquo;<\/span><span class=\"aioseo-breadcrumb\">\n\t<a href=\"https:\/\/droix.eu\/et\/product-category\/tarvikud\/mangude-aksessuaarid\/\" title=\"M\u00e4ngude aksessuaarid\">M\u00e4ngude aksessuaarid<\/a>\n<\/span><span class=\"aioseo-breadcrumb-separator\">&raquo;<\/span><span class=\"aioseo-breadcrumb\">\n\tONEXPLAYER OCuLink kaabel\n<\/span><\/div>","aioseo_breadcrumb_json":[{"label":"Home","link":"https:\/\/droix.eu\/et\/"},{"label":"Tarvikud","link":"https:\/\/droix.eu\/et\/product-category\/tarvikud\/"},{"label":"M\u00e4ngude aksessuaarid","link":"https:\/\/droix.eu\/et\/product-category\/tarvikud\/mangude-aksessuaarid\/"},{"label":"ONEXPLAYER OCuLink kaabel","link":"https:\/\/droix.eu\/et\/product\/onexplayer-oculink-kaabel\/"}],"_links":{"self":[{"href":"https:\/\/droix.eu\/et\/wp-json\/wp\/v2\/product\/658639","targetHints":{"allow":["GET"]}}],"collection":[{"href":"https:\/\/droix.eu\/et\/wp-json\/wp\/v2\/product"}],"about":[{"href":"https:\/\/droix.eu\/et\/wp-json\/wp\/v2\/types\/product"}],"version-history":[{"count":0,"href":"https:\/\/droix.eu\/et\/wp-json\/wp\/v2\/product\/658639\/revisions"}],"wp:featuredmedia":[{"embeddable":true,"href":"https:\/\/droix.eu\/et\/wp-json\/wp\/v2\/media\/647926"}],"wp:attachment":[{"href":"https:\/\/droix.eu\/et\/wp-json\/wp\/v2\/media?parent=658639"}],"wp:term":[{"taxonomy":"product_brand","embeddable":true,"href":"https:\/\/droix.eu\/et\/wp-json\/wp\/v2\/product_brand?post=658639"},{"taxonomy":"product_cat","embeddable":true,"href":"https:\/\/droix.eu\/et\/wp-json\/wp\/v2\/product_cat?post=658639"},{"taxonomy":"product_tag","embeddable":true,"href":"https:\/\/droix.eu\/et\/wp-json\/wp\/v2\/product_tag?post=658639"},{"taxonomy":"woo-feed-brand","embeddable":true,"href":"https:\/\/droix.eu\/et\/wp-json\/wp\/v2\/woo-feed-brand?post=658639"},{"taxonomy":"key-features","embeddable":true,"href":"https:\/\/droix.eu\/et\/wp-json\/wp\/v2\/key-features?post=658639"}],"curies":[{"name":"wp","href":"https:\/\/api.w.org\/{rel}","templated":true}]}}