{"id":565289,"date":"2020-11-20T10:02:39","date_gmt":"2020-11-20T10:02:39","guid":{"rendered":"https:\/\/droix.eu\/product\/fx8s-usb-type-c-hub\/"},"modified":"2025-08-01T15:43:59","modified_gmt":"2025-08-01T14:43:59","slug":"fx8s-usb-type-c-hub","status":"publish","type":"product","link":"https:\/\/droix.eu\/et\/product\/fx8s-usb-type-c-hub\/","title":{"rendered":"FX8S USB Type-C Hub"},"content":{"rendered":"<p>FX8s <strong>USB-C Hub 8-in-1 adapter<\/strong> koondab tavaliselt vajalikud pordid \u00fchte kompaktsesse ja suure j\u00f5udlusega <strong>USB-C Hubi<\/strong>.<\/p>\n<p>FX8s <strong>USB-C-keskjaam<\/strong> \u00fchendub USB Type-C porti ja on ka <a href=\"https:\/\/www.pocket-lint.com\/laptops\/news\/139323-thunderbolt-3-explained-the-one-port-to-rule-them-all\">Thunderbolt 3<\/a> \u00fchilduv. See pakub suure kiirusega v\u00e4ravat teie seadmest, n\u00e4iteks arvutist v\u00f5i s\u00fclearvutist, ja v\u00f5imaldab ka laadimist kasutamise ajal. <\/p>\n<p><strong>USB-C Rummu HDMI<\/strong> port toetab kuni <strong>4K*2K UHD<\/strong> (3840&#215;2160) 60Hz juures, et \u00fchendada kuvaseadmeid, nagu telerid, monitorid v\u00f5i projektorid. Lihtsalt \u00fchendage HDMI-kaabel keskuse ja kuvariga ning olete valmis. <\/p>\n<p>Kaks \u00fclikiiret <strong>USB 3.0 porti<\/strong> asuvad k\u00fcljel ja v\u00f5imaldavad \u00fchendada selliseid seadmeid nagu hiir v\u00f5i klaviatuur v\u00f5i kiireid v\u00e4lisseadmeid nagu USB-m\u00e4lupulgad ja v\u00e4lised k\u00f5vakettad. Need annavad kuni 4,5 W maksimaalset v\u00f5imsust. <\/p>\n<p><strong>USB Type-C emasport<\/strong> toetab kuni 87 W v\u00f5imsusega toiteadaptereid ja see v\u00f5ib v\u00e4ljastada ka 20 V 3 A juures. Topeltfunktsionaalsus v\u00f5imaldab teil laadida oma seadet keskuse kaudu, samal ajal kasutades seda, see on ideaalne lahendus, kui teie seadmel on ainult \u00fcks Type-C port. Selle pordi kaudu saate \u00fchendada keskuse k\u00fclge ka \u00fchilduvad <a href=\"https:\/\/www.computerworld.com\/article\/2488194\/usb-c-explained-how-to-get-the-most-from-it-and-why-its-great.html\">Type-C v\u00e4lisseadmed<\/a>.  <\/p>\n<p>Paljudel kaasaskantavatel seadmetel on praegu ainult traadita \u00fchendus ja sageli ei pruugi see olla piisavalt kiire v\u00f5i usaldusv\u00e4\u00e4rne. <strong>USB-C-keskuse Ethernet<\/strong> RJ45 port toetab kuni 100Mbps kiiret ja stabiilset traadiga andmeedastust. <\/p>\n<p>FX8s-keskuses on ka SD- ja Micro SD <strong>USB-C-kaardilugeja<\/strong>, mis tagab usaldusv\u00e4\u00e4rse kiire kirjutamise ja lugemise kaartidele ja kaartidelt seadmesse.<\/p>\n","protected":false},"excerpt":{"rendered":"<ul>\n<li><strong>Kiire<\/strong> USB Type-C adapter<\/li>\n<li><strong>4K<\/strong> HDMI v\u00e4ljund<\/li>\n<li>RJ45 <strong>100M\/s<\/strong> Ethernet port<\/li>\n<li>SD\/MicroSD kaardipesa<\/li>\n<li>\u00dchildub <strong>Windows<\/strong><strong>, Mac<\/strong> ja <strong>Android<\/strong><\/li>\n<\/ul>\n[droix_global_accordions]\n[cg_accordion title=\"Package Includes\"]<\/p>\n<ul>\n<li>1x FX8S USB Type-C Hub<\/li>\n<\/ul>\n<p>[\/cg_accordion]\n","protected":false},"featured_media":221124,"template":"","meta":{"_acf_changed":false},"product_brand":[],"product_cat":[12837,10583,10482,10481],"product_tag":[],"woo-feed-brand":[],"key-features":[],"class_list":{"0":"post-565289","1":"product","2":"type-product","3":"status-publish","4":"has-post-thumbnail","6":"product_cat-arvutitarvikud","7":"product_cat-mangude-aksessuaarid","8":"product_cat-sulearvuti-tarvikud","9":"product_cat-tarvikud","10":"product_shipping_class-low-end","11":"pa_accessory-type-docking-station","12":"pa_brands-droix-et","14":"first","15":"outofstock","16":"taxable","17":"shipping-taxable","18":"purchasable","19":"product-type-simple"},"acf":[],"aioseo_notices":[],"aioseo_head":"\n\t\t<!-- All in One SEO Pro 4.9.6.2 - aioseo.com -->\n\t<meta name=\"description\" content=\"Kiire USB Type-C adapter 4K HDMI v\u00e4ljund RJ45 100M\/s Ethernet port SD\/MicroSD kaardipesa \u00dchildub Windows, Mac ja Android Package Includes 1x FX8S USB Type-C Hub\" \/>\n\t<meta name=\"robots\" content=\"max-image-preview:large\" \/>\n\t<link rel=\"canonical\" href=\"https:\/\/droix.eu\/et\/product\/fx8s-usb-type-c-hub\/\" \/>\n\t<meta name=\"generator\" content=\"All in One SEO Pro (AIOSEO) 4.9.6.2\" \/>\n\t\t<meta property=\"og:locale\" content=\"et_EE\" \/>\n\t\t<meta property=\"og:site_name\" content=\"DROIX EU - Get the latest Mini PCs, Ultrabook, PC Gaming Handhelds and more!\" \/>\n\t\t<meta property=\"og:type\" content=\"article\" \/>\n\t\t<meta property=\"og:title\" content=\"FX8S USB Type-C Hub - DROIX EU\" \/>\n\t\t<meta property=\"og:description\" content=\"Kiire USB Type-C adapter 4K HDMI v\u00e4ljund RJ45 100M\/s Ethernet port SD\/MicroSD kaardipesa \u00dchildub Windows, Mac ja Android Package Includes 1x FX8S USB Type-C Hub\" \/>\n\t\t<meta property=\"og:url\" content=\"https:\/\/droix.eu\/et\/product\/fx8s-usb-type-c-hub\/\" \/>\n\t\t<meta property=\"og:image\" content=\"https:\/\/droix.eu\/wp-content\/uploads\/2024\/06\/droix-v2-light-logo.png\" \/>\n\t\t<meta property=\"og:image:secure_url\" content=\"https:\/\/droix.eu\/wp-content\/uploads\/2024\/06\/droix-v2-light-logo.png\" \/>\n\t\t<meta property=\"og:image:width\" content=\"380\" \/>\n\t\t<meta property=\"og:image:height\" content=\"118\" \/>\n\t\t<meta property=\"article:published_time\" content=\"2020-11-20T10:02:39+00:00\" \/>\n\t\t<meta property=\"article:modified_time\" content=\"2025-08-01T14:43:59+00:00\" \/>\n\t\t<meta property=\"article:publisher\" content=\"https:\/\/www.facebook.com\/DroiX.Store\" \/>\n\t\t<meta name=\"twitter:card\" content=\"summary_large_image\" \/>\n\t\t<meta name=\"twitter:site\" content=\"@DroiX_Store\" \/>\n\t\t<meta name=\"twitter:title\" content=\"FX8S USB Type-C Hub - DROIX EU\" \/>\n\t\t<meta name=\"twitter:description\" content=\"Kiire USB Type-C adapter 4K HDMI v\u00e4ljund RJ45 100M\/s Ethernet port SD\/MicroSD kaardipesa \u00dchildub Windows, Mac ja Android Package Includes 1x FX8S USB Type-C Hub\" \/>\n\t\t<meta name=\"twitter:image\" content=\"https:\/\/droix.eu\/wp-content\/uploads\/2024\/06\/droix-v2-light-logo.png\" \/>\n\t\t<script type=\"application\/ld+json\" class=\"aioseo-schema\">\n\t\t\t{\"@context\":\"https:\\\/\\\/schema.org\",\"@graph\":[{\"@type\":\"BreadcrumbList\",\"@id\":\"https:\\\/\\\/droix.eu\\\/et\\\/product\\\/fx8s-usb-type-c-hub\\\/#breadcrumblist\",\"itemListElement\":[{\"@type\":\"ListItem\",\"@id\":\"https:\\\/\\\/droix.eu\\\/et\\\/#listItem\",\"position\":1,\"name\":\"Home\",\"item\":\"https:\\\/\\\/droix.eu\\\/et\\\/\",\"nextItem\":{\"@type\":\"ListItem\",\"@id\":\"https:\\\/\\\/droix.eu\\\/et\\\/product-category\\\/tarvikud\\\/#listItem\",\"name\":\"Tarvikud\"}},{\"@type\":\"ListItem\",\"@id\":\"https:\\\/\\\/droix.eu\\\/et\\\/product-category\\\/tarvikud\\\/#listItem\",\"position\":2,\"name\":\"Tarvikud\",\"item\":\"https:\\\/\\\/droix.eu\\\/et\\\/product-category\\\/tarvikud\\\/\",\"nextItem\":{\"@type\":\"ListItem\",\"@id\":\"https:\\\/\\\/droix.eu\\\/et\\\/product-category\\\/tarvikud\\\/sulearvuti-tarvikud\\\/#listItem\",\"name\":\"S\\u00fclearvuti tarvikud\"},\"previousItem\":{\"@type\":\"ListItem\",\"@id\":\"https:\\\/\\\/droix.eu\\\/et\\\/#listItem\",\"name\":\"Home\"}},{\"@type\":\"ListItem\",\"@id\":\"https:\\\/\\\/droix.eu\\\/et\\\/product-category\\\/tarvikud\\\/sulearvuti-tarvikud\\\/#listItem\",\"position\":3,\"name\":\"S\\u00fclearvuti tarvikud\",\"item\":\"https:\\\/\\\/droix.eu\\\/et\\\/product-category\\\/tarvikud\\\/sulearvuti-tarvikud\\\/\",\"nextItem\":{\"@type\":\"ListItem\",\"@id\":\"https:\\\/\\\/droix.eu\\\/et\\\/product\\\/fx8s-usb-type-c-hub\\\/#listItem\",\"name\":\"FX8S USB Type-C Hub\"},\"previousItem\":{\"@type\":\"ListItem\",\"@id\":\"https:\\\/\\\/droix.eu\\\/et\\\/product-category\\\/tarvikud\\\/#listItem\",\"name\":\"Tarvikud\"}},{\"@type\":\"ListItem\",\"@id\":\"https:\\\/\\\/droix.eu\\\/et\\\/product\\\/fx8s-usb-type-c-hub\\\/#listItem\",\"position\":4,\"name\":\"FX8S USB Type-C Hub\",\"previousItem\":{\"@type\":\"ListItem\",\"@id\":\"https:\\\/\\\/droix.eu\\\/et\\\/product-category\\\/tarvikud\\\/sulearvuti-tarvikud\\\/#listItem\",\"name\":\"S\\u00fclearvuti tarvikud\"}}]},{\"@type\":\"Organization\",\"@id\":\"https:\\\/\\\/droix.eu\\\/et\\\/#organization\",\"name\":\"DroiX \\u2013 Trusted EU Tech Retailer with 12+ Years Experience\",\"description\":\"DroiX is a leading European technology retailer with over 12 years of experience, offering quality mini PCs, handheld gaming consoles, and tech accessories. We provide hassle-free EU delivery with all taxes included, ensuring a smooth and reliable shopping experience for our customers across Europe.\",\"url\":\"https:\\\/\\\/droix.eu\\\/et\\\/\",\"logo\":{\"@type\":\"ImageObject\",\"url\":\"https:\\\/\\\/droix.eu\\\/wp-content\\\/uploads\\\/2024\\\/06\\\/droix-v2-light-logo.png\",\"@id\":\"https:\\\/\\\/droix.eu\\\/et\\\/product\\\/fx8s-usb-type-c-hub\\\/#organizationLogo\",\"width\":380,\"height\":118},\"image\":{\"@id\":\"https:\\\/\\\/droix.eu\\\/et\\\/product\\\/fx8s-usb-type-c-hub\\\/#organizationLogo\"},\"sameAs\":[\"https:\\\/\\\/www.facebook.com\\\/DroiX.Store\",\"https:\\\/\\\/twitter.com\\\/DroiX_Store\",\"https:\\\/\\\/www.instagram.com\\\/droix.store\\\/\",\"https:\\\/\\\/www.tiktok.com\\\/@droix.store\",\"https:\\\/\\\/www.youtube.com\\\/c\\\/DroiX_Store\",\"https:\\\/\\\/uk.linkedin.com\\\/company\\\/droix\"]},{\"@type\":\"Product\",\"@id\":\"https:\\\/\\\/droix.eu\\\/et\\\/product\\\/fx8s-usb-type-c-hub\\\/#wooCommerceProduct\",\"name\":\"FX8S USB Type-C Hub\",\"description\":\"Kiire USB Type-C adapter\\n \\t4K HDMI v\\u00e4ljund\\n \\tRJ45 100M\\\/s Ethernet port\\n \\tSD\\\/MicroSD kaardipesa\\n \\t\\u00dchildub Windows, Mac ja Android\",\"url\":\"https:\\\/\\\/droix.eu\\\/et\\\/product\\\/fx8s-usb-type-c-hub\\\/\",\"sku\":\"DX-FX8-S-USB-TYPE-C-ADAPTER\",\"image\":{\"@type\":\"ImageObject\",\"url\":\"https:\\\/\\\/droix.eu\\\/wp-content\\\/uploads\\\/2021\\\/12\\\/1-2.png\",\"@id\":\"https:\\\/\\\/droix.eu\\\/et\\\/product\\\/fx8s-usb-type-c-hub\\\/#productImage\",\"width\":670,\"height\":840,\"caption\":\"DroiX FX8s - 2 USB Type-C porti, 1 HDMI, 2 USB Type-A, 1 SD-kaardi ja 1 MicroSD port.\"},\"offers\":{\"@type\":\"Offer\",\"url\":\"https:\\\/\\\/droix.eu\\\/et\\\/product\\\/fx8s-usb-type-c-hub\\\/#wooCommerceOffer\",\"price\":33.2,\"priceCurrency\":\"EUR\",\"category\":\"Arvutitarvikud\",\"priceValidUntil\":\"2024-05-26\",\"availability\":\"https:\\\/\\\/schema.org\\\/OutOfStock\",\"priceSpecification\":{\"@type\":\"PriceSpecification\",\"price\":33.2,\"priceCurrency\":\"EUR\",\"valueAddedTaxIncluded\":\"true\"},\"seller\":{\"@type\":\"Organization\",\"@id\":\"https:\\\/\\\/droix.eu\\\/et\\\/#organization\"}}},{\"@type\":\"WebPage\",\"@id\":\"https:\\\/\\\/droix.eu\\\/et\\\/product\\\/fx8s-usb-type-c-hub\\\/#webpage\",\"url\":\"https:\\\/\\\/droix.eu\\\/et\\\/product\\\/fx8s-usb-type-c-hub\\\/\",\"name\":\"FX8S USB Type-C Hub - DROIX EU\",\"description\":\"Kiire USB Type-C adapter 4K HDMI v\\u00e4ljund RJ45 100M\\\/s Ethernet port SD\\\/MicroSD kaardipesa \\u00dchildub Windows, Mac ja Android Package Includes 1x FX8S USB Type-C Hub\",\"inLanguage\":\"et\",\"isPartOf\":{\"@id\":\"https:\\\/\\\/droix.eu\\\/et\\\/#website\"},\"breadcrumb\":{\"@id\":\"https:\\\/\\\/droix.eu\\\/et\\\/product\\\/fx8s-usb-type-c-hub\\\/#breadcrumblist\"},\"image\":{\"@type\":\"ImageObject\",\"url\":\"https:\\\/\\\/droix.eu\\\/wp-content\\\/uploads\\\/2021\\\/12\\\/1-2.png\",\"@id\":\"https:\\\/\\\/droix.eu\\\/et\\\/product\\\/fx8s-usb-type-c-hub\\\/#mainImage\",\"width\":670,\"height\":840,\"caption\":\"DroiX FX8s - 2 USB Type-C porti, 1 HDMI, 2 USB Type-A, 1 SD-kaardi ja 1 MicroSD port.\"},\"primaryImageOfPage\":{\"@id\":\"https:\\\/\\\/droix.eu\\\/et\\\/product\\\/fx8s-usb-type-c-hub\\\/#mainImage\"},\"datePublished\":\"2020-11-20T10:02:39+00:00\",\"dateModified\":\"2025-08-01T15:43:59+01:00\"},{\"@type\":\"WebSite\",\"@id\":\"https:\\\/\\\/droix.eu\\\/et\\\/#website\",\"url\":\"https:\\\/\\\/droix.eu\\\/et\\\/\",\"name\":\"DROIX EU\",\"description\":\"Get the latest Mini PCs, Ultrabook, PC Gaming Handhelds and more!\",\"inLanguage\":\"et\",\"publisher\":{\"@id\":\"https:\\\/\\\/droix.eu\\\/et\\\/#organization\"}}]}\n\t\t<\/script>\n\t\t<!-- All in One SEO Pro -->\r\n\t\t<title>FX8S USB Type-C Hub - DROIX EU<\/title>\n\n","aioseo_head_json":{"title":"FX8S USB Type-C Hub - DROIX EU","description":"Kiire USB Type-C adapter 4K HDMI v\u00e4ljund RJ45 100M\/s Ethernet port SD\/MicroSD kaardipesa \u00dchildub Windows, Mac ja Android Package Includes 1x FX8S USB Type-C Hub","canonical_url":"https:\/\/droix.eu\/et\/product\/fx8s-usb-type-c-hub\/","robots":"max-image-preview:large","keywords":"","webmasterTools":{"miscellaneous":""},"schema":{"@context":"https:\/\/schema.org","@graph":[{"@type":"BreadcrumbList","@id":"https:\/\/droix.eu\/et\/product\/fx8s-usb-type-c-hub\/#breadcrumblist","itemListElement":[{"@type":"ListItem","@id":"https:\/\/droix.eu\/et\/#listItem","position":1,"name":"Home","item":"https:\/\/droix.eu\/et\/","nextItem":{"@type":"ListItem","@id":"https:\/\/droix.eu\/et\/product-category\/tarvikud\/#listItem","name":"Tarvikud"}},{"@type":"ListItem","@id":"https:\/\/droix.eu\/et\/product-category\/tarvikud\/#listItem","position":2,"name":"Tarvikud","item":"https:\/\/droix.eu\/et\/product-category\/tarvikud\/","nextItem":{"@type":"ListItem","@id":"https:\/\/droix.eu\/et\/product-category\/tarvikud\/sulearvuti-tarvikud\/#listItem","name":"S\u00fclearvuti tarvikud"},"previousItem":{"@type":"ListItem","@id":"https:\/\/droix.eu\/et\/#listItem","name":"Home"}},{"@type":"ListItem","@id":"https:\/\/droix.eu\/et\/product-category\/tarvikud\/sulearvuti-tarvikud\/#listItem","position":3,"name":"S\u00fclearvuti tarvikud","item":"https:\/\/droix.eu\/et\/product-category\/tarvikud\/sulearvuti-tarvikud\/","nextItem":{"@type":"ListItem","@id":"https:\/\/droix.eu\/et\/product\/fx8s-usb-type-c-hub\/#listItem","name":"FX8S USB Type-C Hub"},"previousItem":{"@type":"ListItem","@id":"https:\/\/droix.eu\/et\/product-category\/tarvikud\/#listItem","name":"Tarvikud"}},{"@type":"ListItem","@id":"https:\/\/droix.eu\/et\/product\/fx8s-usb-type-c-hub\/#listItem","position":4,"name":"FX8S USB Type-C Hub","previousItem":{"@type":"ListItem","@id":"https:\/\/droix.eu\/et\/product-category\/tarvikud\/sulearvuti-tarvikud\/#listItem","name":"S\u00fclearvuti tarvikud"}}]},{"@type":"Organization","@id":"https:\/\/droix.eu\/et\/#organization","name":"DroiX \u2013 Trusted EU Tech Retailer with 12+ Years Experience","description":"DroiX is a leading European technology retailer with over 12 years of experience, offering quality mini PCs, handheld gaming consoles, and tech accessories. We provide hassle-free EU delivery with all taxes included, ensuring a smooth and reliable shopping experience for our customers across Europe.","url":"https:\/\/droix.eu\/et\/","logo":{"@type":"ImageObject","url":"https:\/\/droix.eu\/wp-content\/uploads\/2024\/06\/droix-v2-light-logo.png","@id":"https:\/\/droix.eu\/et\/product\/fx8s-usb-type-c-hub\/#organizationLogo","width":380,"height":118},"image":{"@id":"https:\/\/droix.eu\/et\/product\/fx8s-usb-type-c-hub\/#organizationLogo"},"sameAs":["https:\/\/www.facebook.com\/DroiX.Store","https:\/\/twitter.com\/DroiX_Store","https:\/\/www.instagram.com\/droix.store\/","https:\/\/www.tiktok.com\/@droix.store","https:\/\/www.youtube.com\/c\/DroiX_Store","https:\/\/uk.linkedin.com\/company\/droix"]},{"@type":"Product","@id":"https:\/\/droix.eu\/et\/product\/fx8s-usb-type-c-hub\/#wooCommerceProduct","name":"FX8S USB Type-C Hub","description":"Kiire USB Type-C adapter\n \t4K HDMI v\u00e4ljund\n \tRJ45 100M\/s Ethernet port\n \tSD\/MicroSD kaardipesa\n \t\u00dchildub Windows, Mac ja Android","url":"https:\/\/droix.eu\/et\/product\/fx8s-usb-type-c-hub\/","sku":"DX-FX8-S-USB-TYPE-C-ADAPTER","image":{"@type":"ImageObject","url":"https:\/\/droix.eu\/wp-content\/uploads\/2021\/12\/1-2.png","@id":"https:\/\/droix.eu\/et\/product\/fx8s-usb-type-c-hub\/#productImage","width":670,"height":840,"caption":"DroiX FX8s - 2 USB Type-C porti, 1 HDMI, 2 USB Type-A, 1 SD-kaardi ja 1 MicroSD port."},"offers":{"@type":"Offer","url":"https:\/\/droix.eu\/et\/product\/fx8s-usb-type-c-hub\/#wooCommerceOffer","price":33.2,"priceCurrency":"EUR","category":"Arvutitarvikud","priceValidUntil":"2024-05-26","availability":"https:\/\/schema.org\/OutOfStock","priceSpecification":{"@type":"PriceSpecification","price":33.2,"priceCurrency":"EUR","valueAddedTaxIncluded":"true"},"seller":{"@type":"Organization","@id":"https:\/\/droix.eu\/et\/#organization"}}},{"@type":"WebPage","@id":"https:\/\/droix.eu\/et\/product\/fx8s-usb-type-c-hub\/#webpage","url":"https:\/\/droix.eu\/et\/product\/fx8s-usb-type-c-hub\/","name":"FX8S USB Type-C Hub - DROIX EU","description":"Kiire USB Type-C adapter 4K HDMI v\u00e4ljund RJ45 100M\/s Ethernet port SD\/MicroSD kaardipesa \u00dchildub Windows, Mac ja Android Package Includes 1x FX8S USB Type-C Hub","inLanguage":"et","isPartOf":{"@id":"https:\/\/droix.eu\/et\/#website"},"breadcrumb":{"@id":"https:\/\/droix.eu\/et\/product\/fx8s-usb-type-c-hub\/#breadcrumblist"},"image":{"@type":"ImageObject","url":"https:\/\/droix.eu\/wp-content\/uploads\/2021\/12\/1-2.png","@id":"https:\/\/droix.eu\/et\/product\/fx8s-usb-type-c-hub\/#mainImage","width":670,"height":840,"caption":"DroiX FX8s - 2 USB Type-C porti, 1 HDMI, 2 USB Type-A, 1 SD-kaardi ja 1 MicroSD port."},"primaryImageOfPage":{"@id":"https:\/\/droix.eu\/et\/product\/fx8s-usb-type-c-hub\/#mainImage"},"datePublished":"2020-11-20T10:02:39+00:00","dateModified":"2025-08-01T15:43:59+01:00"},{"@type":"WebSite","@id":"https:\/\/droix.eu\/et\/#website","url":"https:\/\/droix.eu\/et\/","name":"DROIX EU","description":"Get the latest Mini PCs, Ultrabook, PC Gaming Handhelds and more!","inLanguage":"et","publisher":{"@id":"https:\/\/droix.eu\/et\/#organization"}}]},"og:locale":"et_EE","og:site_name":"DROIX EU - Get the latest Mini PCs, Ultrabook, PC Gaming Handhelds and more!","og:type":"article","og:title":"FX8S USB Type-C Hub - DROIX EU","og:description":"Kiire USB Type-C adapter 4K HDMI v\u00e4ljund RJ45 100M\/s Ethernet port SD\/MicroSD kaardipesa \u00dchildub Windows, Mac ja Android Package Includes 1x FX8S USB Type-C Hub","og:url":"https:\/\/droix.eu\/et\/product\/fx8s-usb-type-c-hub\/","og:image":"https:\/\/droix.eu\/wp-content\/uploads\/2024\/06\/droix-v2-light-logo.png","og:image:secure_url":"https:\/\/droix.eu\/wp-content\/uploads\/2024\/06\/droix-v2-light-logo.png","og:image:width":380,"og:image:height":118,"article:published_time":"2020-11-20T10:02:39+00:00","article:modified_time":"2025-08-01T14:43:59+00:00","article:publisher":"https:\/\/www.facebook.com\/DroiX.Store","twitter:card":"summary_large_image","twitter:site":"@DroiX_Store","twitter:title":"FX8S USB Type-C Hub - DROIX EU","twitter:description":"Kiire USB Type-C adapter 4K HDMI v\u00e4ljund RJ45 100M\/s Ethernet port SD\/MicroSD kaardipesa \u00dchildub Windows, Mac ja Android Package Includes 1x FX8S USB Type-C Hub","twitter:image":"https:\/\/droix.eu\/wp-content\/uploads\/2024\/06\/droix-v2-light-logo.png"},"aioseo_meta_data":{"post_id":"565289","title":null,"description":null,"keywords":null,"keyphrases":null,"primary_term":null,"canonical_url":null,"og_title":null,"og_description":null,"og_object_type":"default","og_image_type":"default","og_image_url":null,"og_image_width":null,"og_image_height":null,"og_image_custom_url":null,"og_image_custom_fields":null,"og_video":null,"og_custom_url":null,"og_article_section":null,"og_article_tags":null,"twitter_use_og":true,"twitter_card":"default","twitter_image_type":"default","twitter_image_url":null,"twitter_image_custom_url":null,"twitter_image_custom_fields":null,"twitter_title":null,"twitter_description":null,"schema":{"blockGraphs":[],"customGraphs":[],"default":{"data":{"Article":[],"Course":[],"Dataset":[],"FAQPage":[],"Movie":[],"Person":[],"Product":[],"ProductReview":[],"Car":[],"Recipe":[],"Service":[],"SoftwareApplication":[],"WebPage":[]},"graphName":"","isEnabled":true},"graphs":[]},"schema_type":"default","schema_type_options":null,"pillar_content":false,"robots_default":true,"robots_noindex":false,"robots_noarchive":false,"robots_nosnippet":false,"robots_nofollow":false,"robots_noimageindex":false,"robots_noodp":false,"robots_notranslate":false,"robots_max_snippet":null,"robots_max_videopreview":null,"robots_max_imagepreview":"large","priority":null,"frequency":null,"local_seo":null,"seo_analyzer_scan_date":"2025-10-24 08:05:19","breadcrumb_settings":null,"limit_modified_date":false,"reviewed_by":null,"open_ai":null,"ai":null,"created":"2025-10-09 03:30:41","updated":"2025-11-27 01:41:49"},"aioseo_breadcrumb":"<div class=\"aioseo-breadcrumbs\"><span class=\"aioseo-breadcrumb\">\n\t<a href=\"https:\/\/droix.eu\/et\/\" title=\"Home\">Home<\/a>\n<\/span><span class=\"aioseo-breadcrumb-separator\">&raquo;<\/span><span class=\"aioseo-breadcrumb\">\n\t<a href=\"https:\/\/droix.eu\/et\/product-category\/tarvikud\/\" title=\"Tarvikud\">Tarvikud<\/a>\n<\/span><span class=\"aioseo-breadcrumb-separator\">&raquo;<\/span><span class=\"aioseo-breadcrumb\">\n\t<a href=\"https:\/\/droix.eu\/et\/product-category\/tarvikud\/sulearvuti-tarvikud\/\" title=\"S\u00fclearvuti tarvikud\">S\u00fclearvuti tarvikud<\/a>\n<\/span><span class=\"aioseo-breadcrumb-separator\">&raquo;<\/span><span class=\"aioseo-breadcrumb\">\n\tFX8S USB Type-C Hub\n<\/span><\/div>","aioseo_breadcrumb_json":[{"label":"Home","link":"https:\/\/droix.eu\/et\/"},{"label":"Tarvikud","link":"https:\/\/droix.eu\/et\/product-category\/tarvikud\/"},{"label":"S\u00fclearvuti tarvikud","link":"https:\/\/droix.eu\/et\/product-category\/tarvikud\/sulearvuti-tarvikud\/"},{"label":"FX8S USB Type-C Hub","link":"https:\/\/droix.eu\/et\/product\/fx8s-usb-type-c-hub\/"}],"_links":{"self":[{"href":"https:\/\/droix.eu\/et\/wp-json\/wp\/v2\/product\/565289","targetHints":{"allow":["GET"]}}],"collection":[{"href":"https:\/\/droix.eu\/et\/wp-json\/wp\/v2\/product"}],"about":[{"href":"https:\/\/droix.eu\/et\/wp-json\/wp\/v2\/types\/product"}],"version-history":[{"count":0,"href":"https:\/\/droix.eu\/et\/wp-json\/wp\/v2\/product\/565289\/revisions"}],"wp:featuredmedia":[{"embeddable":true,"href":"https:\/\/droix.eu\/et\/wp-json\/wp\/v2\/media\/221124"}],"wp:attachment":[{"href":"https:\/\/droix.eu\/et\/wp-json\/wp\/v2\/media?parent=565289"}],"wp:term":[{"taxonomy":"product_brand","embeddable":true,"href":"https:\/\/droix.eu\/et\/wp-json\/wp\/v2\/product_brand?post=565289"},{"taxonomy":"product_cat","embeddable":true,"href":"https:\/\/droix.eu\/et\/wp-json\/wp\/v2\/product_cat?post=565289"},{"taxonomy":"product_tag","embeddable":true,"href":"https:\/\/droix.eu\/et\/wp-json\/wp\/v2\/product_tag?post=565289"},{"taxonomy":"woo-feed-brand","embeddable":true,"href":"https:\/\/droix.eu\/et\/wp-json\/wp\/v2\/woo-feed-brand?post=565289"},{"taxonomy":"key-features","embeddable":true,"href":"https:\/\/droix.eu\/et\/wp-json\/wp\/v2\/key-features?post=565289"}],"curies":[{"name":"wp","href":"https:\/\/api.w.org\/{rel}","templated":true}]}}