{"id":565279,"date":"2020-11-17T11:23:03","date_gmt":"2020-11-17T11:23:03","guid":{"rendered":"https:\/\/droix.eu\/product\/droix-g10s-taustavalgustusega-ohuhiir-koos-haaljuhtimisega\/"},"modified":"2026-01-22T12:53:14","modified_gmt":"2026-01-22T12:53:14","slug":"droix-g10s-taustavalgustusega-ohuhiir-koos-haaljuhtimisega","status":"publish","type":"product","link":"https:\/\/droix.eu\/et\/product\/droix-g10s-taustavalgustusega-ohuhiir-koos-haaljuhtimisega\/","title":{"rendered":"DroiX G10S taustavalgustusega \u00f5huhiir koos h\u00e4\u00e4ljuhtimisega"},"content":{"rendered":"<p><span data-contrast=\"none\">Populaarne DroiX G10 \u00f5huhiir naaseb oma uusimas versioonis, <strong>G10S<\/strong>!<\/span><span data-ccp-props=\"{\">&nbsp;<\/span><\/p>\n<p><span data-contrast=\"none\">Kasutades sisseehitatud kvaliteetset <strong>g\u00fcroskoopiandurit<\/strong>, kontrollige oma seadme hiirt t\u00e4pselt ja lihtsalt meetrite kauguselt!<\/span><span data-ccp-props=\"{\">&nbsp;<\/span><\/p>\n<p><span data-contrast=\"none\">Sa ei taha k\u00e4ega vehkida? Ei ole probleem! Koos&nbsp;<\/span><strong>sisseehitatud<\/strong><span data-contrast=\"none\"><strong> mikrofon<\/strong>, dikteeri oma s\u00f5nu, selle asemel et kirjutada neid erinevate h\u00e4\u00e4lev\u00f5imeliste rakenduste kaudu!<\/span><span data-ccp-props=\"{\">&nbsp;<\/span><\/p>\n<p><span data-contrast=\"none\">G10S on sama suur kui tema eelk\u00e4ija, vaid 143*45*29mm, ja mahub s\u00f5na otseses m\u00f5ttes teie peopessa!<\/span><span data-ccp-props=\"{\">&nbsp;<\/span><\/p>\n<p><span data-contrast=\"none\">G10S-i silmapaistev omadus on <strong>taustavalgustuse<\/strong> lisamine nuppude alla, mis muudab selle kasutamise h\u00e4maras keskkonnas palju lihtsamaks!<\/span><span data-ccp-props=\"{\">&nbsp;<\/span><\/p>\n","protected":false},"excerpt":{"rendered":"<ul>\n<li>2,4 GHz <strong>traadita<\/strong> \u00fchenduvus<\/li>\n<li>T\u00f6\u00f6tab AAA patareidega.<\/li>\n<li><strong>Tagantj\u00e4rele valgustatud<\/strong> nupud<\/li>\n<li><strong>Sisseehitatud mikrofon<\/strong><\/li>\n<li>Kerge, ergonoomiline disain.<\/li>\n<\/ul>\n[droix_global_accordions]\n[cg_accordion title=\"Pakett sisaldab\"]<\/p>\n<ul>\n<li>1x DroiX G10S Air-Mouse\/li&gt;\n<li>1x 2.4Ghz RF USB dongle<\/li>\n<li>1x kasutusjuhend<\/li>\n<\/ul>\n<p>[\/cg_accordion]\n","protected":false},"featured_media":220342,"template":"","meta":{"_acf_changed":false},"product_brand":[],"product_cat":[33726,10481],"product_tag":[],"woo-feed-brand":[],"key-features":[],"class_list":{"0":"post-565279","1":"product","2":"type-product","3":"status-publish","4":"has-post-thumbnail","6":"product_cat-android-tv-bokside-tarvikud","7":"product_cat-tarvikud","8":"product_shipping_class-low-end","9":"pa_brands-droix-et","10":"pa_compatibility-android-et","11":"pa_compatibility-windows-et","13":"first","14":"outofstock","15":"sale","16":"taxable","17":"shipping-taxable","18":"purchasable","19":"product-type-simple"},"acf":[],"aioseo_notices":[],"aioseo_head":"\n\t\t<!-- All in One SEO Pro 4.9.5.2 - aioseo.com -->\n\t<meta name=\"description\" content=\"2,4 GHz traadita \u00fchenduvus T\u00f6\u00f6tab AAA patareidega. Tagantj\u00e4rele valgustatud nupud Sisseehitatud mikrofon Kerge, ergonoomiline disain. Pakett sisaldab 1x DroiX G10S Air-Mouse\/li&gt; 1x 2.4Ghz RF USB dongle 1x kasutusjuhend\" \/>\n\t<meta name=\"robots\" content=\"max-image-preview:large\" \/>\n\t<link rel=\"canonical\" href=\"https:\/\/droix.eu\/et\/product\/droix-g10s-taustavalgustusega-ohuhiir-koos-haaljuhtimisega\/\" \/>\n\t<meta name=\"generator\" content=\"All in One SEO Pro (AIOSEO) 4.9.5.2\" \/>\n\t\t<meta property=\"og:locale\" content=\"et_EE\" \/>\n\t\t<meta property=\"og:site_name\" content=\"DROIX EU - Get the latest Mini PCs, Ultrabook, PC Gaming Handhelds and more!\" \/>\n\t\t<meta property=\"og:type\" content=\"article\" \/>\n\t\t<meta property=\"og:title\" content=\"DroiX G10S taustavalgustusega \u00f5huhiir koos h\u00e4\u00e4ljuhtimisega - DROIX EU\" \/>\n\t\t<meta property=\"og:description\" content=\"2,4 GHz traadita \u00fchenduvus T\u00f6\u00f6tab AAA patareidega. Tagantj\u00e4rele valgustatud nupud Sisseehitatud mikrofon Kerge, ergonoomiline disain. Pakett sisaldab 1x DroiX G10S Air-Mouse\/li&gt; 1x 2.4Ghz RF USB dongle 1x kasutusjuhend\" \/>\n\t\t<meta property=\"og:url\" content=\"https:\/\/droix.eu\/et\/product\/droix-g10s-taustavalgustusega-ohuhiir-koos-haaljuhtimisega\/\" \/>\n\t\t<meta property=\"og:image\" content=\"https:\/\/droix.eu\/wp-content\/uploads\/2024\/06\/droix-v2-light-logo.png\" \/>\n\t\t<meta property=\"og:image:secure_url\" content=\"https:\/\/droix.eu\/wp-content\/uploads\/2024\/06\/droix-v2-light-logo.png\" \/>\n\t\t<meta property=\"og:image:width\" content=\"380\" \/>\n\t\t<meta property=\"og:image:height\" content=\"118\" \/>\n\t\t<meta property=\"article:published_time\" content=\"2020-11-17T11:23:03+00:00\" \/>\n\t\t<meta property=\"article:modified_time\" content=\"2026-01-22T12:53:14+00:00\" \/>\n\t\t<meta property=\"article:publisher\" content=\"https:\/\/www.facebook.com\/DroiX.Store\" \/>\n\t\t<meta name=\"twitter:card\" content=\"summary_large_image\" \/>\n\t\t<meta name=\"twitter:site\" content=\"@DroiX_Store\" \/>\n\t\t<meta name=\"twitter:title\" content=\"DroiX G10S taustavalgustusega \u00f5huhiir koos h\u00e4\u00e4ljuhtimisega - DROIX EU\" \/>\n\t\t<meta name=\"twitter:description\" content=\"2,4 GHz traadita \u00fchenduvus T\u00f6\u00f6tab AAA patareidega. Tagantj\u00e4rele valgustatud nupud Sisseehitatud mikrofon Kerge, ergonoomiline disain. Pakett sisaldab 1x DroiX G10S Air-Mouse\/li&gt; 1x 2.4Ghz RF USB dongle 1x kasutusjuhend\" \/>\n\t\t<meta name=\"twitter:image\" content=\"https:\/\/droix.eu\/wp-content\/uploads\/2024\/06\/droix-v2-light-logo.png\" \/>\n\t\t<script type=\"application\/ld+json\" class=\"aioseo-schema\">\n\t\t\t{\"@context\":\"https:\\\/\\\/schema.org\",\"@graph\":[{\"@type\":\"BreadcrumbList\",\"@id\":\"https:\\\/\\\/droix.eu\\\/et\\\/product\\\/droix-g10s-taustavalgustusega-ohuhiir-koos-haaljuhtimisega\\\/#breadcrumblist\",\"itemListElement\":[{\"@type\":\"ListItem\",\"@id\":\"https:\\\/\\\/droix.eu\\\/et\\\/#listItem\",\"position\":1,\"name\":\"Home\",\"item\":\"https:\\\/\\\/droix.eu\\\/et\\\/\",\"nextItem\":{\"@type\":\"ListItem\",\"@id\":\"https:\\\/\\\/droix.eu\\\/et\\\/product-category\\\/tarvikud\\\/#listItem\",\"name\":\"Tarvikud\"}},{\"@type\":\"ListItem\",\"@id\":\"https:\\\/\\\/droix.eu\\\/et\\\/product-category\\\/tarvikud\\\/#listItem\",\"position\":2,\"name\":\"Tarvikud\",\"item\":\"https:\\\/\\\/droix.eu\\\/et\\\/product-category\\\/tarvikud\\\/\",\"nextItem\":{\"@type\":\"ListItem\",\"@id\":\"https:\\\/\\\/droix.eu\\\/et\\\/product-category\\\/tarvikud\\\/android-tv-bokside-tarvikud\\\/#listItem\",\"name\":\"Android TV-bokside tarvikud\"},\"previousItem\":{\"@type\":\"ListItem\",\"@id\":\"https:\\\/\\\/droix.eu\\\/et\\\/#listItem\",\"name\":\"Home\"}},{\"@type\":\"ListItem\",\"@id\":\"https:\\\/\\\/droix.eu\\\/et\\\/product-category\\\/tarvikud\\\/android-tv-bokside-tarvikud\\\/#listItem\",\"position\":3,\"name\":\"Android TV-bokside tarvikud\",\"item\":\"https:\\\/\\\/droix.eu\\\/et\\\/product-category\\\/tarvikud\\\/android-tv-bokside-tarvikud\\\/\",\"nextItem\":{\"@type\":\"ListItem\",\"@id\":\"https:\\\/\\\/droix.eu\\\/et\\\/product\\\/droix-g10s-taustavalgustusega-ohuhiir-koos-haaljuhtimisega\\\/#listItem\",\"name\":\"DroiX G10S taustavalgustusega \\u00f5huhiir koos h\\u00e4\\u00e4ljuhtimisega\"},\"previousItem\":{\"@type\":\"ListItem\",\"@id\":\"https:\\\/\\\/droix.eu\\\/et\\\/product-category\\\/tarvikud\\\/#listItem\",\"name\":\"Tarvikud\"}},{\"@type\":\"ListItem\",\"@id\":\"https:\\\/\\\/droix.eu\\\/et\\\/product\\\/droix-g10s-taustavalgustusega-ohuhiir-koos-haaljuhtimisega\\\/#listItem\",\"position\":4,\"name\":\"DroiX G10S taustavalgustusega \\u00f5huhiir koos h\\u00e4\\u00e4ljuhtimisega\",\"previousItem\":{\"@type\":\"ListItem\",\"@id\":\"https:\\\/\\\/droix.eu\\\/et\\\/product-category\\\/tarvikud\\\/android-tv-bokside-tarvikud\\\/#listItem\",\"name\":\"Android TV-bokside tarvikud\"}}]},{\"@type\":\"Organization\",\"@id\":\"https:\\\/\\\/droix.eu\\\/et\\\/#organization\",\"name\":\"DroiX \\u2013 Trusted EU Tech Retailer with 12+ Years Experience\",\"description\":\"DroiX is a leading European technology retailer with over 12 years of experience, offering quality mini PCs, handheld gaming consoles, and tech accessories. We provide hassle-free EU delivery with all taxes included, ensuring a smooth and reliable shopping experience for our customers across Europe.\",\"url\":\"https:\\\/\\\/droix.eu\\\/et\\\/\",\"logo\":{\"@type\":\"ImageObject\",\"url\":\"https:\\\/\\\/droix.eu\\\/wp-content\\\/uploads\\\/2024\\\/06\\\/droix-v2-light-logo.png\",\"@id\":\"https:\\\/\\\/droix.eu\\\/et\\\/product\\\/droix-g10s-taustavalgustusega-ohuhiir-koos-haaljuhtimisega\\\/#organizationLogo\",\"width\":380,\"height\":118},\"image\":{\"@id\":\"https:\\\/\\\/droix.eu\\\/et\\\/product\\\/droix-g10s-taustavalgustusega-ohuhiir-koos-haaljuhtimisega\\\/#organizationLogo\"},\"sameAs\":[\"https:\\\/\\\/www.facebook.com\\\/DroiX.Store\",\"https:\\\/\\\/twitter.com\\\/DroiX_Store\",\"https:\\\/\\\/www.instagram.com\\\/droix.store\\\/\",\"https:\\\/\\\/www.tiktok.com\\\/@droix.store\",\"https:\\\/\\\/www.youtube.com\\\/c\\\/DroiX_Store\",\"https:\\\/\\\/uk.linkedin.com\\\/company\\\/droix\"]},{\"@type\":\"Product\",\"@id\":\"https:\\\/\\\/droix.eu\\\/et\\\/product\\\/droix-g10s-taustavalgustusega-ohuhiir-koos-haaljuhtimisega\\\/#wooCommerceProduct\",\"name\":\"DroiX G10S taustavalgustusega \\u00f5huhiir koos h\\u00e4\\u00e4ljuhtimisega\",\"description\":\"2,4 GHz traadita \\u00fchenduvus\\n \\tT\\u00f6\\u00f6tab AAA patareidega.\\n \\tTagantj\\u00e4rele valgustatud nupud\\n \\tSisseehitatud mikrofon\\n \\tKerge, ergonoomiline disain.\",\"url\":\"https:\\\/\\\/droix.eu\\\/et\\\/product\\\/droix-g10s-taustavalgustusega-ohuhiir-koos-haaljuhtimisega\\\/\",\"sku\":\"DROIX-G10S\",\"gtin\":\"5060763670440\",\"image\":{\"@type\":\"ImageObject\",\"url\":\"https:\\\/\\\/droix.eu\\\/wp-content\\\/uploads\\\/2021\\\/12\\\/G10S-LISTING-PICTURE-1.png\",\"@id\":\"https:\\\/\\\/droix.eu\\\/et\\\/product\\\/droix-g10s-taustavalgustusega-ohuhiir-koos-haaljuhtimisega\\\/#productImage\",\"width\":1000,\"height\":1000,\"caption\":\"DroiX G10S tagantj\\u00e4rele valgustatud \\u00f5huhiir - n\\u00e4idatud eestpoolt\"},\"offers\":{\"@type\":\"Offer\",\"url\":\"https:\\\/\\\/droix.eu\\\/et\\\/product\\\/droix-g10s-taustavalgustusega-ohuhiir-koos-haaljuhtimisega\\\/#wooCommerceOffer\",\"price\":11.01,\"priceCurrency\":\"EUR\",\"category\":\"Android TV-bokside tarvikud\",\"availability\":\"https:\\\/\\\/schema.org\\\/OutOfStock\",\"priceSpecification\":{\"@type\":\"PriceSpecification\",\"price\":11.01,\"priceCurrency\":\"EUR\",\"valueAddedTaxIncluded\":\"true\"},\"seller\":{\"@type\":\"Organization\",\"@id\":\"https:\\\/\\\/droix.eu\\\/et\\\/#organization\"}}},{\"@type\":\"WebPage\",\"@id\":\"https:\\\/\\\/droix.eu\\\/et\\\/product\\\/droix-g10s-taustavalgustusega-ohuhiir-koos-haaljuhtimisega\\\/#webpage\",\"url\":\"https:\\\/\\\/droix.eu\\\/et\\\/product\\\/droix-g10s-taustavalgustusega-ohuhiir-koos-haaljuhtimisega\\\/\",\"name\":\"DroiX G10S taustavalgustusega \\u00f5huhiir koos h\\u00e4\\u00e4ljuhtimisega - DROIX EU\",\"description\":\"2,4 GHz traadita \\u00fchenduvus T\\u00f6\\u00f6tab AAA patareidega. Tagantj\\u00e4rele valgustatud nupud Sisseehitatud mikrofon Kerge, ergonoomiline disain. Pakett sisaldab 1x DroiX G10S Air-Mouse\\\/li> 1x 2.4Ghz RF USB dongle 1x kasutusjuhend\",\"inLanguage\":\"et\",\"isPartOf\":{\"@id\":\"https:\\\/\\\/droix.eu\\\/et\\\/#website\"},\"breadcrumb\":{\"@id\":\"https:\\\/\\\/droix.eu\\\/et\\\/product\\\/droix-g10s-taustavalgustusega-ohuhiir-koos-haaljuhtimisega\\\/#breadcrumblist\"},\"image\":{\"@type\":\"ImageObject\",\"url\":\"https:\\\/\\\/droix.eu\\\/wp-content\\\/uploads\\\/2021\\\/12\\\/G10S-LISTING-PICTURE-1.png\",\"@id\":\"https:\\\/\\\/droix.eu\\\/et\\\/product\\\/droix-g10s-taustavalgustusega-ohuhiir-koos-haaljuhtimisega\\\/#mainImage\",\"width\":1000,\"height\":1000,\"caption\":\"DroiX G10S tagantj\\u00e4rele valgustatud \\u00f5huhiir - n\\u00e4idatud eestpoolt\"},\"primaryImageOfPage\":{\"@id\":\"https:\\\/\\\/droix.eu\\\/et\\\/product\\\/droix-g10s-taustavalgustusega-ohuhiir-koos-haaljuhtimisega\\\/#mainImage\"},\"datePublished\":\"2020-11-17T11:23:03+00:00\",\"dateModified\":\"2026-01-22T12:53:14+00:00\"},{\"@type\":\"WebSite\",\"@id\":\"https:\\\/\\\/droix.eu\\\/et\\\/#website\",\"url\":\"https:\\\/\\\/droix.eu\\\/et\\\/\",\"name\":\"DROIX EU\",\"description\":\"Get the latest Mini PCs, Ultrabook, PC Gaming Handhelds and more!\",\"inLanguage\":\"et\",\"publisher\":{\"@id\":\"https:\\\/\\\/droix.eu\\\/et\\\/#organization\"}}]}\n\t\t<\/script>\n\t\t<!-- All in One SEO Pro -->\r\n\t\t<title>DroiX G10S taustavalgustusega \u00f5huhiir koos h\u00e4\u00e4ljuhtimisega - DROIX EU<\/title>\n\n","aioseo_head_json":{"title":"DroiX G10S taustavalgustusega \u00f5huhiir koos h\u00e4\u00e4ljuhtimisega - DROIX EU","description":"2,4 GHz traadita \u00fchenduvus T\u00f6\u00f6tab AAA patareidega. Tagantj\u00e4rele valgustatud nupud Sisseehitatud mikrofon Kerge, ergonoomiline disain. Pakett sisaldab 1x DroiX G10S Air-Mouse\/li> 1x 2.4Ghz RF USB dongle 1x kasutusjuhend","canonical_url":"https:\/\/droix.eu\/et\/product\/droix-g10s-taustavalgustusega-ohuhiir-koos-haaljuhtimisega\/","robots":"max-image-preview:large","keywords":"","webmasterTools":{"miscellaneous":""},"schema":{"@context":"https:\/\/schema.org","@graph":[{"@type":"BreadcrumbList","@id":"https:\/\/droix.eu\/et\/product\/droix-g10s-taustavalgustusega-ohuhiir-koos-haaljuhtimisega\/#breadcrumblist","itemListElement":[{"@type":"ListItem","@id":"https:\/\/droix.eu\/et\/#listItem","position":1,"name":"Home","item":"https:\/\/droix.eu\/et\/","nextItem":{"@type":"ListItem","@id":"https:\/\/droix.eu\/et\/product-category\/tarvikud\/#listItem","name":"Tarvikud"}},{"@type":"ListItem","@id":"https:\/\/droix.eu\/et\/product-category\/tarvikud\/#listItem","position":2,"name":"Tarvikud","item":"https:\/\/droix.eu\/et\/product-category\/tarvikud\/","nextItem":{"@type":"ListItem","@id":"https:\/\/droix.eu\/et\/product-category\/tarvikud\/android-tv-bokside-tarvikud\/#listItem","name":"Android TV-bokside tarvikud"},"previousItem":{"@type":"ListItem","@id":"https:\/\/droix.eu\/et\/#listItem","name":"Home"}},{"@type":"ListItem","@id":"https:\/\/droix.eu\/et\/product-category\/tarvikud\/android-tv-bokside-tarvikud\/#listItem","position":3,"name":"Android TV-bokside tarvikud","item":"https:\/\/droix.eu\/et\/product-category\/tarvikud\/android-tv-bokside-tarvikud\/","nextItem":{"@type":"ListItem","@id":"https:\/\/droix.eu\/et\/product\/droix-g10s-taustavalgustusega-ohuhiir-koos-haaljuhtimisega\/#listItem","name":"DroiX G10S taustavalgustusega \u00f5huhiir koos h\u00e4\u00e4ljuhtimisega"},"previousItem":{"@type":"ListItem","@id":"https:\/\/droix.eu\/et\/product-category\/tarvikud\/#listItem","name":"Tarvikud"}},{"@type":"ListItem","@id":"https:\/\/droix.eu\/et\/product\/droix-g10s-taustavalgustusega-ohuhiir-koos-haaljuhtimisega\/#listItem","position":4,"name":"DroiX G10S taustavalgustusega \u00f5huhiir koos h\u00e4\u00e4ljuhtimisega","previousItem":{"@type":"ListItem","@id":"https:\/\/droix.eu\/et\/product-category\/tarvikud\/android-tv-bokside-tarvikud\/#listItem","name":"Android TV-bokside tarvikud"}}]},{"@type":"Organization","@id":"https:\/\/droix.eu\/et\/#organization","name":"DroiX \u2013 Trusted EU Tech Retailer with 12+ Years Experience","description":"DroiX is a leading European technology retailer with over 12 years of experience, offering quality mini PCs, handheld gaming consoles, and tech accessories. We provide hassle-free EU delivery with all taxes included, ensuring a smooth and reliable shopping experience for our customers across Europe.","url":"https:\/\/droix.eu\/et\/","logo":{"@type":"ImageObject","url":"https:\/\/droix.eu\/wp-content\/uploads\/2024\/06\/droix-v2-light-logo.png","@id":"https:\/\/droix.eu\/et\/product\/droix-g10s-taustavalgustusega-ohuhiir-koos-haaljuhtimisega\/#organizationLogo","width":380,"height":118},"image":{"@id":"https:\/\/droix.eu\/et\/product\/droix-g10s-taustavalgustusega-ohuhiir-koos-haaljuhtimisega\/#organizationLogo"},"sameAs":["https:\/\/www.facebook.com\/DroiX.Store","https:\/\/twitter.com\/DroiX_Store","https:\/\/www.instagram.com\/droix.store\/","https:\/\/www.tiktok.com\/@droix.store","https:\/\/www.youtube.com\/c\/DroiX_Store","https:\/\/uk.linkedin.com\/company\/droix"]},{"@type":"Product","@id":"https:\/\/droix.eu\/et\/product\/droix-g10s-taustavalgustusega-ohuhiir-koos-haaljuhtimisega\/#wooCommerceProduct","name":"DroiX G10S taustavalgustusega \u00f5huhiir koos h\u00e4\u00e4ljuhtimisega","description":"2,4 GHz traadita \u00fchenduvus\n \tT\u00f6\u00f6tab AAA patareidega.\n \tTagantj\u00e4rele valgustatud nupud\n \tSisseehitatud mikrofon\n \tKerge, ergonoomiline disain.","url":"https:\/\/droix.eu\/et\/product\/droix-g10s-taustavalgustusega-ohuhiir-koos-haaljuhtimisega\/","sku":"DROIX-G10S","gtin":"5060763670440","image":{"@type":"ImageObject","url":"https:\/\/droix.eu\/wp-content\/uploads\/2021\/12\/G10S-LISTING-PICTURE-1.png","@id":"https:\/\/droix.eu\/et\/product\/droix-g10s-taustavalgustusega-ohuhiir-koos-haaljuhtimisega\/#productImage","width":1000,"height":1000,"caption":"DroiX G10S tagantj\u00e4rele valgustatud \u00f5huhiir - n\u00e4idatud eestpoolt"},"offers":{"@type":"Offer","url":"https:\/\/droix.eu\/et\/product\/droix-g10s-taustavalgustusega-ohuhiir-koos-haaljuhtimisega\/#wooCommerceOffer","price":11.01,"priceCurrency":"EUR","category":"Android TV-bokside tarvikud","availability":"https:\/\/schema.org\/OutOfStock","priceSpecification":{"@type":"PriceSpecification","price":11.01,"priceCurrency":"EUR","valueAddedTaxIncluded":"true"},"seller":{"@type":"Organization","@id":"https:\/\/droix.eu\/et\/#organization"}}},{"@type":"WebPage","@id":"https:\/\/droix.eu\/et\/product\/droix-g10s-taustavalgustusega-ohuhiir-koos-haaljuhtimisega\/#webpage","url":"https:\/\/droix.eu\/et\/product\/droix-g10s-taustavalgustusega-ohuhiir-koos-haaljuhtimisega\/","name":"DroiX G10S taustavalgustusega \u00f5huhiir koos h\u00e4\u00e4ljuhtimisega - DROIX EU","description":"2,4 GHz traadita \u00fchenduvus T\u00f6\u00f6tab AAA patareidega. Tagantj\u00e4rele valgustatud nupud Sisseehitatud mikrofon Kerge, ergonoomiline disain. Pakett sisaldab 1x DroiX G10S Air-Mouse\/li> 1x 2.4Ghz RF USB dongle 1x kasutusjuhend","inLanguage":"et","isPartOf":{"@id":"https:\/\/droix.eu\/et\/#website"},"breadcrumb":{"@id":"https:\/\/droix.eu\/et\/product\/droix-g10s-taustavalgustusega-ohuhiir-koos-haaljuhtimisega\/#breadcrumblist"},"image":{"@type":"ImageObject","url":"https:\/\/droix.eu\/wp-content\/uploads\/2021\/12\/G10S-LISTING-PICTURE-1.png","@id":"https:\/\/droix.eu\/et\/product\/droix-g10s-taustavalgustusega-ohuhiir-koos-haaljuhtimisega\/#mainImage","width":1000,"height":1000,"caption":"DroiX G10S tagantj\u00e4rele valgustatud \u00f5huhiir - n\u00e4idatud eestpoolt"},"primaryImageOfPage":{"@id":"https:\/\/droix.eu\/et\/product\/droix-g10s-taustavalgustusega-ohuhiir-koos-haaljuhtimisega\/#mainImage"},"datePublished":"2020-11-17T11:23:03+00:00","dateModified":"2026-01-22T12:53:14+00:00"},{"@type":"WebSite","@id":"https:\/\/droix.eu\/et\/#website","url":"https:\/\/droix.eu\/et\/","name":"DROIX EU","description":"Get the latest Mini PCs, Ultrabook, PC Gaming Handhelds and more!","inLanguage":"et","publisher":{"@id":"https:\/\/droix.eu\/et\/#organization"}}]},"og:locale":"et_EE","og:site_name":"DROIX EU - Get the latest Mini PCs, Ultrabook, PC Gaming Handhelds and more!","og:type":"article","og:title":"DroiX G10S taustavalgustusega \u00f5huhiir koos h\u00e4\u00e4ljuhtimisega - DROIX EU","og:description":"2,4 GHz traadita \u00fchenduvus T\u00f6\u00f6tab AAA patareidega. Tagantj\u00e4rele valgustatud nupud Sisseehitatud mikrofon Kerge, ergonoomiline disain. Pakett sisaldab 1x DroiX G10S Air-Mouse\/li&gt; 1x 2.4Ghz RF USB dongle 1x kasutusjuhend","og:url":"https:\/\/droix.eu\/et\/product\/droix-g10s-taustavalgustusega-ohuhiir-koos-haaljuhtimisega\/","og:image":"https:\/\/droix.eu\/wp-content\/uploads\/2024\/06\/droix-v2-light-logo.png","og:image:secure_url":"https:\/\/droix.eu\/wp-content\/uploads\/2024\/06\/droix-v2-light-logo.png","og:image:width":380,"og:image:height":118,"article:published_time":"2020-11-17T11:23:03+00:00","article:modified_time":"2026-01-22T12:53:14+00:00","article:publisher":"https:\/\/www.facebook.com\/DroiX.Store","twitter:card":"summary_large_image","twitter:site":"@DroiX_Store","twitter:title":"DroiX G10S taustavalgustusega \u00f5huhiir koos h\u00e4\u00e4ljuhtimisega - DROIX EU","twitter:description":"2,4 GHz traadita \u00fchenduvus T\u00f6\u00f6tab AAA patareidega. Tagantj\u00e4rele valgustatud nupud Sisseehitatud mikrofon Kerge, ergonoomiline disain. Pakett sisaldab 1x DroiX G10S Air-Mouse\/li&gt; 1x 2.4Ghz RF USB dongle 1x kasutusjuhend","twitter:image":"https:\/\/droix.eu\/wp-content\/uploads\/2024\/06\/droix-v2-light-logo.png"},"aioseo_meta_data":{"post_id":"565279","title":null,"description":null,"keywords":null,"keyphrases":null,"primary_term":null,"canonical_url":null,"og_title":null,"og_description":null,"og_object_type":"default","og_image_type":"default","og_image_url":null,"og_image_width":null,"og_image_height":null,"og_image_custom_url":null,"og_image_custom_fields":null,"og_video":null,"og_custom_url":null,"og_article_section":null,"og_article_tags":null,"twitter_use_og":true,"twitter_card":"default","twitter_image_type":"default","twitter_image_url":null,"twitter_image_custom_url":null,"twitter_image_custom_fields":null,"twitter_title":null,"twitter_description":null,"schema":{"blockGraphs":[],"customGraphs":[],"default":{"data":{"Article":[],"Course":[],"Dataset":[],"FAQPage":[],"Movie":[],"Person":[],"Product":[],"ProductReview":[],"Car":[],"Recipe":[],"Service":[],"SoftwareApplication":[],"WebPage":[]},"graphName":"","isEnabled":true},"graphs":[]},"schema_type":"default","schema_type_options":null,"pillar_content":false,"robots_default":true,"robots_noindex":false,"robots_noarchive":false,"robots_nosnippet":false,"robots_nofollow":false,"robots_noimageindex":false,"robots_noodp":false,"robots_notranslate":false,"robots_max_snippet":null,"robots_max_videopreview":null,"robots_max_imagepreview":"large","priority":null,"frequency":null,"local_seo":null,"seo_analyzer_scan_date":"2025-10-24 07:50:03","breadcrumb_settings":null,"limit_modified_date":false,"reviewed_by":null,"open_ai":null,"ai":null,"created":"2025-10-09 03:28:15","updated":"2026-01-24 09:22:09"},"aioseo_breadcrumb":"<div class=\"aioseo-breadcrumbs\"><span class=\"aioseo-breadcrumb\">\n\t<a href=\"https:\/\/droix.eu\/et\/\" title=\"Home\">Home<\/a>\n<\/span><span class=\"aioseo-breadcrumb-separator\">&raquo;<\/span><span class=\"aioseo-breadcrumb\">\n\t<a href=\"https:\/\/droix.eu\/et\/product-category\/tarvikud\/\" title=\"Tarvikud\">Tarvikud<\/a>\n<\/span><span class=\"aioseo-breadcrumb-separator\">&raquo;<\/span><span class=\"aioseo-breadcrumb\">\n\t<a href=\"https:\/\/droix.eu\/et\/product-category\/tarvikud\/android-tv-bokside-tarvikud\/\" title=\"Android TV-bokside tarvikud\">Android TV-bokside tarvikud<\/a>\n<\/span><span class=\"aioseo-breadcrumb-separator\">&raquo;<\/span><span class=\"aioseo-breadcrumb\">\n\tDroiX G10S taustavalgustusega \u00f5huhiir koos h\u00e4\u00e4ljuhtimisega\n<\/span><\/div>","aioseo_breadcrumb_json":[{"label":"Home","link":"https:\/\/droix.eu\/et\/"},{"label":"Tarvikud","link":"https:\/\/droix.eu\/et\/product-category\/tarvikud\/"},{"label":"Android TV-bokside tarvikud","link":"https:\/\/droix.eu\/et\/product-category\/tarvikud\/android-tv-bokside-tarvikud\/"},{"label":"DroiX G10S taustavalgustusega \u00f5huhiir koos h\u00e4\u00e4ljuhtimisega","link":"https:\/\/droix.eu\/et\/product\/droix-g10s-taustavalgustusega-ohuhiir-koos-haaljuhtimisega\/"}],"_links":{"self":[{"href":"https:\/\/droix.eu\/et\/wp-json\/wp\/v2\/product\/565279","targetHints":{"allow":["GET"]}}],"collection":[{"href":"https:\/\/droix.eu\/et\/wp-json\/wp\/v2\/product"}],"about":[{"href":"https:\/\/droix.eu\/et\/wp-json\/wp\/v2\/types\/product"}],"version-history":[{"count":0,"href":"https:\/\/droix.eu\/et\/wp-json\/wp\/v2\/product\/565279\/revisions"}],"wp:featuredmedia":[{"embeddable":true,"href":"https:\/\/droix.eu\/et\/wp-json\/wp\/v2\/media\/220342"}],"wp:attachment":[{"href":"https:\/\/droix.eu\/et\/wp-json\/wp\/v2\/media?parent=565279"}],"wp:term":[{"taxonomy":"product_brand","embeddable":true,"href":"https:\/\/droix.eu\/et\/wp-json\/wp\/v2\/product_brand?post=565279"},{"taxonomy":"product_cat","embeddable":true,"href":"https:\/\/droix.eu\/et\/wp-json\/wp\/v2\/product_cat?post=565279"},{"taxonomy":"product_tag","embeddable":true,"href":"https:\/\/droix.eu\/et\/wp-json\/wp\/v2\/product_tag?post=565279"},{"taxonomy":"woo-feed-brand","embeddable":true,"href":"https:\/\/droix.eu\/et\/wp-json\/wp\/v2\/woo-feed-brand?post=565279"},{"taxonomy":"key-features","embeddable":true,"href":"https:\/\/droix.eu\/et\/wp-json\/wp\/v2\/key-features?post=565279"}],"curies":[{"name":"wp","href":"https:\/\/api.w.org\/{rel}","templated":true}]}}