{"id":524921,"date":"2022-05-12T22:03:45","date_gmt":"2022-05-12T21:03:45","guid":{"rendered":"https:\/\/droix.eu\/product\/gpd-hardshell-umbris-micro-pc-le\/"},"modified":"2026-03-28T08:16:31","modified_gmt":"2026-03-28T08:16:31","slug":"gpd-hardshell-umbris-micro-pc-le","status":"publish","type":"product","link":"https:\/\/droix.eu\/et\/product\/gpd-hardshell-umbris-micro-pc-le\/","title":{"rendered":"GPD Hardshell \u00fcmbris Micro PC-le"},"content":{"rendered":"&#13;\n<p>Varustage ja kaitske oma GPD Micro PC-d ametliku GPD k\u00f5vakesta kandekotiga.<\/p>&#13;\n&#13;\n<p>See on loodud nii, et teie seade on turvaline t\u00e4nu kahele elastsele rihmale ja teisele lukule muude tarvikute jaoks.<\/p>&#13;\n","protected":false},"excerpt":{"rendered":"<ul data-children-count=\"0\">\n<li><strong>Ametlik GPD toode<\/strong> <\/li>\n<li>M\u00f5eldud <strong>GPD XD Plus ja<\/strong> GPD WIN 2 jaoks.<\/li>\n<li>Aksessuaaride sektsioon<\/li>\n<\/ul>\n[cg_accordion title=\"2-aastane garantii k\u00f5ikidele GPD toodetele\"]<\/p>\n<p>K\u00f5ik GPD tooted on varustatud 2-aastase garantiiga ja neid on toetanud \u00fcle 13 aasta kestnud usaldusv\u00e4\u00e4rne teenindus. Liituge meie \u00fcle 500 000 \u00f5nneliku kliendiga kogukonnaga ja tundke end oma ostus kindlalt. [\/cg_accordion]\n[cg_accordion title=\"Paindlikud ja turvalised maksev\u00f5imalused\"]<\/p>\n<p>Nautige meelerahu meie turvalise kassas\u00fcsteemi abil. Toetame k\u00f5iki peamisi makseviise, sealhulgas deebet-\/krediitkaarte, PayPal, Apple Pay, Google Pay, Klarna, Afterpay ja Affirm, mis annab teile vabaduse maksta nii ettemaksuna kui ka lihtsate osamaksetena. [\/cg_accordion]\n[cg_accordion title=\"Maksud\"]<\/p>\n<p>Hinnad sisaldavad kehtivat k\u00e4ibemaksu, mis v\u00f5ib s\u00f5ltuvalt riigist olla kuni 25%. T\u00e4ieliku l\u00e4bipaistvuse tagamiseks on t\u00e4pne summa n\u00e4idatud ostu sooritamise ajal. [\/cg_accordion]\n[cg_accordion title=\"Kohaletoimetamine ja tagastamine\"]<\/p>\n<p>Teeme koost\u00f6\u00f6d enam kui 10 usaldusv\u00e4\u00e4rse tarnepartneriga, et tagada teie tellimuse kiire, turvaline ja usaldusv\u00e4\u00e4rne kohalej\u00f5udmine.<\/p>\n<p>Me kasutame Express DDP (Delivered Duty Paid) laevandus. See t\u00e4hendab: <\/p>\n<li>K\u00f5ik tollimaksud ja maksud on juba n\u00e4idatud toote hinnas sisalduvad.<\/li>\n<li>Te ei pea kohaletoimetamisel ootamatuid tasusid maksma.<\/li>\n<li>Harvaesinevate tolliviivituste korral haldab meie meeskond teie eest tollivormistust, et tagada sujuv tarne.<\/li>\n<p>Oluline teave tagastuste kohta:<\/p>\n<li>Kui te tagastate oma tellimuse v\u00f5i taotlete tagasimakset, siis arvestage palun, et k\u00f5ik teie eest DDP tingimuste alusel makstud maksud ja tollimaksud ei kuulu tagasimaksmisele.<\/li>\n<p>\u00dcksikasjalik teave on esitatud meie <a href=\"https:\/\/droix.eu\/et\/tingimused\/\" target=\"_blank\" rel=\"nofollow noopener\">Tingimustes<\/a>.\n<\/ul>\n<p>[\/cg_accordion]\n[cg_accordion title=\"Klienditugi\"]<\/p>\n<p>Kas teil on k\u00fcsimus? Oleme l\u00fchikese teksti kaugusel sellest, et teie k\u00fcsimus oleks lahendatud! [\/cg_accordion]\n[cg_accordion title=\"Pakett sisaldab\"]<\/p>\n<ul>\n<li>1x GPD Hardshell Case<\/li>\n<\/ul>\n<p>[\/cg_accordion]\n","protected":false},"featured_media":207622,"template":"","meta":{"_acf_changed":false},"product_brand":[],"product_cat":[10482,10481],"product_tag":[],"woo-feed-brand":[],"key-features":[],"class_list":{"0":"post-524921","1":"product","2":"type-product","3":"status-publish","4":"has-post-thumbnail","6":"product_cat-sulearvuti-tarvikud","7":"product_cat-tarvikud","8":"product_shipping_class-low-end","9":"pa_accessory-type-protective-case","10":"pa_brands-gpd-et","11":"pa_compatibility-gpd-micro-pc-et","13":"first","14":"outofstock","15":"sale","16":"taxable","17":"shipping-taxable","18":"purchasable","19":"product-type-simple"},"acf":[],"aioseo_notices":[],"aioseo_head":"\n\t\t<!-- All in One SEO Pro 4.9.5.2 - aioseo.com -->\n\t<meta name=\"description\" content=\"Ametlik GPD toode M\u00f5eldud GPD XD Plus ja GPD WIN 2 jaoks. Aksessuaaride sektsioon\" \/>\n\t<meta name=\"robots\" content=\"max-image-preview:large\" \/>\n\t<link rel=\"canonical\" href=\"https:\/\/droix.eu\/et\/product\/gpd-hardshell-umbris-micro-pc-le\/\" \/>\n\t<meta name=\"generator\" content=\"All in One SEO Pro (AIOSEO) 4.9.5.2\" \/>\n\t\t<meta property=\"og:locale\" content=\"et_EE\" \/>\n\t\t<meta property=\"og:site_name\" content=\"DROIX EU - Get the latest Mini PCs, Ultrabook, PC Gaming Handhelds and more!\" \/>\n\t\t<meta property=\"og:type\" content=\"article\" \/>\n\t\t<meta property=\"og:title\" content=\"GPD Hardshell \u00fcmbris Micro PC-le - DROIX EU\" \/>\n\t\t<meta property=\"og:description\" content=\"Ametlik GPD toode M\u00f5eldud GPD XD Plus ja GPD WIN 2 jaoks. Aksessuaaride sektsioon\" \/>\n\t\t<meta property=\"og:url\" content=\"https:\/\/droix.eu\/et\/product\/gpd-hardshell-umbris-micro-pc-le\/\" \/>\n\t\t<meta property=\"og:image\" content=\"https:\/\/droix.eu\/wp-content\/uploads\/2024\/06\/droix-v2-light-logo.png\" \/>\n\t\t<meta property=\"og:image:secure_url\" content=\"https:\/\/droix.eu\/wp-content\/uploads\/2024\/06\/droix-v2-light-logo.png\" \/>\n\t\t<meta property=\"og:image:width\" content=\"380\" \/>\n\t\t<meta property=\"og:image:height\" content=\"118\" \/>\n\t\t<meta property=\"article:published_time\" content=\"2022-05-12T21:03:45+00:00\" \/>\n\t\t<meta property=\"article:modified_time\" content=\"2026-03-28T08:16:31+00:00\" \/>\n\t\t<meta property=\"article:publisher\" content=\"https:\/\/www.facebook.com\/DroiX.Store\" \/>\n\t\t<meta name=\"twitter:card\" content=\"summary_large_image\" \/>\n\t\t<meta name=\"twitter:site\" content=\"@DroiX_Store\" \/>\n\t\t<meta name=\"twitter:title\" content=\"GPD Hardshell \u00fcmbris Micro PC-le - DROIX EU\" \/>\n\t\t<meta name=\"twitter:description\" content=\"Ametlik GPD toode M\u00f5eldud GPD XD Plus ja GPD WIN 2 jaoks. Aksessuaaride sektsioon\" \/>\n\t\t<meta name=\"twitter:image\" content=\"https:\/\/droix.eu\/wp-content\/uploads\/2024\/06\/droix-v2-light-logo.png\" \/>\n\t\t<script type=\"application\/ld+json\" class=\"aioseo-schema\">\n\t\t\t{\"@context\":\"https:\\\/\\\/schema.org\",\"@graph\":[{\"@type\":\"BreadcrumbList\",\"@id\":\"https:\\\/\\\/droix.eu\\\/et\\\/product\\\/gpd-hardshell-umbris-micro-pc-le\\\/#breadcrumblist\",\"itemListElement\":[{\"@type\":\"ListItem\",\"@id\":\"https:\\\/\\\/droix.eu\\\/et\\\/#listItem\",\"position\":1,\"name\":\"Home\",\"item\":\"https:\\\/\\\/droix.eu\\\/et\\\/\",\"nextItem\":{\"@type\":\"ListItem\",\"@id\":\"https:\\\/\\\/droix.eu\\\/et\\\/product-category\\\/tarvikud\\\/#listItem\",\"name\":\"Tarvikud\"}},{\"@type\":\"ListItem\",\"@id\":\"https:\\\/\\\/droix.eu\\\/et\\\/product-category\\\/tarvikud\\\/#listItem\",\"position\":2,\"name\":\"Tarvikud\",\"item\":\"https:\\\/\\\/droix.eu\\\/et\\\/product-category\\\/tarvikud\\\/\",\"nextItem\":{\"@type\":\"ListItem\",\"@id\":\"https:\\\/\\\/droix.eu\\\/et\\\/product-category\\\/tarvikud\\\/sulearvuti-tarvikud\\\/#listItem\",\"name\":\"S\\u00fclearvuti tarvikud\"},\"previousItem\":{\"@type\":\"ListItem\",\"@id\":\"https:\\\/\\\/droix.eu\\\/et\\\/#listItem\",\"name\":\"Home\"}},{\"@type\":\"ListItem\",\"@id\":\"https:\\\/\\\/droix.eu\\\/et\\\/product-category\\\/tarvikud\\\/sulearvuti-tarvikud\\\/#listItem\",\"position\":3,\"name\":\"S\\u00fclearvuti tarvikud\",\"item\":\"https:\\\/\\\/droix.eu\\\/et\\\/product-category\\\/tarvikud\\\/sulearvuti-tarvikud\\\/\",\"nextItem\":{\"@type\":\"ListItem\",\"@id\":\"https:\\\/\\\/droix.eu\\\/et\\\/product\\\/gpd-hardshell-umbris-micro-pc-le\\\/#listItem\",\"name\":\"GPD Hardshell \\u00fcmbris Micro PC-le\"},\"previousItem\":{\"@type\":\"ListItem\",\"@id\":\"https:\\\/\\\/droix.eu\\\/et\\\/product-category\\\/tarvikud\\\/#listItem\",\"name\":\"Tarvikud\"}},{\"@type\":\"ListItem\",\"@id\":\"https:\\\/\\\/droix.eu\\\/et\\\/product\\\/gpd-hardshell-umbris-micro-pc-le\\\/#listItem\",\"position\":4,\"name\":\"GPD Hardshell \\u00fcmbris Micro PC-le\",\"previousItem\":{\"@type\":\"ListItem\",\"@id\":\"https:\\\/\\\/droix.eu\\\/et\\\/product-category\\\/tarvikud\\\/sulearvuti-tarvikud\\\/#listItem\",\"name\":\"S\\u00fclearvuti tarvikud\"}}]},{\"@type\":\"Organization\",\"@id\":\"https:\\\/\\\/droix.eu\\\/et\\\/#organization\",\"name\":\"DroiX \\u2013 Trusted EU Tech Retailer with 12+ Years Experience\",\"description\":\"DroiX is a leading European technology retailer with over 12 years of experience, offering quality mini PCs, handheld gaming consoles, and tech accessories. We provide hassle-free EU delivery with all taxes included, ensuring a smooth and reliable shopping experience for our customers across Europe.\",\"url\":\"https:\\\/\\\/droix.eu\\\/et\\\/\",\"logo\":{\"@type\":\"ImageObject\",\"url\":\"https:\\\/\\\/droix.eu\\\/wp-content\\\/uploads\\\/2024\\\/06\\\/droix-v2-light-logo.png\",\"@id\":\"https:\\\/\\\/droix.eu\\\/et\\\/product\\\/gpd-hardshell-umbris-micro-pc-le\\\/#organizationLogo\",\"width\":380,\"height\":118},\"image\":{\"@id\":\"https:\\\/\\\/droix.eu\\\/et\\\/product\\\/gpd-hardshell-umbris-micro-pc-le\\\/#organizationLogo\"},\"sameAs\":[\"https:\\\/\\\/www.facebook.com\\\/DroiX.Store\",\"https:\\\/\\\/twitter.com\\\/DroiX_Store\",\"https:\\\/\\\/www.instagram.com\\\/droix.store\\\/\",\"https:\\\/\\\/www.tiktok.com\\\/@droix.store\",\"https:\\\/\\\/www.youtube.com\\\/c\\\/DroiX_Store\",\"https:\\\/\\\/uk.linkedin.com\\\/company\\\/droix\"]},{\"@type\":\"Product\",\"@id\":\"https:\\\/\\\/droix.eu\\\/et\\\/product\\\/gpd-hardshell-umbris-micro-pc-le\\\/#wooCommerceProduct\",\"name\":\"GPD Hardshell \\u00fcmbris Micro PC-le\",\"description\":\"Ametlik GPD toode \\nM\\u00f5eldud GPD XD Plus ja GPD WIN 2 jaoks.\\nAksessuaaride sektsioon\",\"url\":\"https:\\\/\\\/droix.eu\\\/et\\\/product\\\/gpd-hardshell-umbris-micro-pc-le\\\/\",\"sku\":\"GPD-HARDSHELL-MICRO-PC\",\"gtin\":\"712971998360\",\"image\":{\"@type\":\"ImageObject\",\"url\":\"https:\\\/\\\/droix.eu\\\/wp-content\\\/uploads\\\/2021\\\/12\\\/41ubjjbd1al.jpg\",\"@id\":\"https:\\\/\\\/droix.eu\\\/et\\\/product\\\/gpd-hardshell-umbris-micro-pc-le\\\/#productImage\",\"width\":500,\"height\":500},\"offers\":{\"@type\":\"Offer\",\"url\":\"https:\\\/\\\/droix.eu\\\/et\\\/product\\\/gpd-hardshell-umbris-micro-pc-le\\\/#wooCommerceOffer\",\"price\":9.78,\"priceCurrency\":\"EUR\",\"category\":\"S\\u00fclearvuti tarvikud\",\"availability\":\"https:\\\/\\\/schema.org\\\/OutOfStock\",\"priceSpecification\":{\"@type\":\"PriceSpecification\",\"price\":9.78,\"priceCurrency\":\"EUR\",\"valueAddedTaxIncluded\":\"true\"},\"seller\":{\"@type\":\"Organization\",\"@id\":\"https:\\\/\\\/droix.eu\\\/et\\\/#organization\"}}},{\"@type\":\"WebPage\",\"@id\":\"https:\\\/\\\/droix.eu\\\/et\\\/product\\\/gpd-hardshell-umbris-micro-pc-le\\\/#webpage\",\"url\":\"https:\\\/\\\/droix.eu\\\/et\\\/product\\\/gpd-hardshell-umbris-micro-pc-le\\\/\",\"name\":\"GPD Hardshell \\u00fcmbris Micro PC-le - DROIX EU\",\"description\":\"Ametlik GPD toode M\\u00f5eldud GPD XD Plus ja GPD WIN 2 jaoks. Aksessuaaride sektsioon\",\"inLanguage\":\"et\",\"isPartOf\":{\"@id\":\"https:\\\/\\\/droix.eu\\\/et\\\/#website\"},\"breadcrumb\":{\"@id\":\"https:\\\/\\\/droix.eu\\\/et\\\/product\\\/gpd-hardshell-umbris-micro-pc-le\\\/#breadcrumblist\"},\"image\":{\"@type\":\"ImageObject\",\"url\":\"https:\\\/\\\/droix.eu\\\/wp-content\\\/uploads\\\/2021\\\/12\\\/41ubjjbd1al.jpg\",\"@id\":\"https:\\\/\\\/droix.eu\\\/et\\\/product\\\/gpd-hardshell-umbris-micro-pc-le\\\/#mainImage\",\"width\":500,\"height\":500},\"primaryImageOfPage\":{\"@id\":\"https:\\\/\\\/droix.eu\\\/et\\\/product\\\/gpd-hardshell-umbris-micro-pc-le\\\/#mainImage\"},\"datePublished\":\"2022-05-12T22:03:45+01:00\",\"dateModified\":\"2026-03-28T08:16:31+00:00\"},{\"@type\":\"WebSite\",\"@id\":\"https:\\\/\\\/droix.eu\\\/et\\\/#website\",\"url\":\"https:\\\/\\\/droix.eu\\\/et\\\/\",\"name\":\"DROIX EU\",\"description\":\"Get the latest Mini PCs, Ultrabook, PC Gaming Handhelds and more!\",\"inLanguage\":\"et\",\"publisher\":{\"@id\":\"https:\\\/\\\/droix.eu\\\/et\\\/#organization\"}}]}\n\t\t<\/script>\n\t\t<!-- All in One SEO Pro -->\r\n\t\t<title>GPD Hardshell \u00fcmbris Micro PC-le - DROIX EU<\/title>\n\n","aioseo_head_json":{"title":"GPD Hardshell \u00fcmbris Micro PC-le - DROIX EU","description":"Ametlik GPD toode M\u00f5eldud GPD XD Plus ja GPD WIN 2 jaoks. Aksessuaaride sektsioon","canonical_url":"https:\/\/droix.eu\/et\/product\/gpd-hardshell-umbris-micro-pc-le\/","robots":"max-image-preview:large","keywords":"","webmasterTools":{"miscellaneous":""},"schema":{"@context":"https:\/\/schema.org","@graph":[{"@type":"BreadcrumbList","@id":"https:\/\/droix.eu\/et\/product\/gpd-hardshell-umbris-micro-pc-le\/#breadcrumblist","itemListElement":[{"@type":"ListItem","@id":"https:\/\/droix.eu\/et\/#listItem","position":1,"name":"Home","item":"https:\/\/droix.eu\/et\/","nextItem":{"@type":"ListItem","@id":"https:\/\/droix.eu\/et\/product-category\/tarvikud\/#listItem","name":"Tarvikud"}},{"@type":"ListItem","@id":"https:\/\/droix.eu\/et\/product-category\/tarvikud\/#listItem","position":2,"name":"Tarvikud","item":"https:\/\/droix.eu\/et\/product-category\/tarvikud\/","nextItem":{"@type":"ListItem","@id":"https:\/\/droix.eu\/et\/product-category\/tarvikud\/sulearvuti-tarvikud\/#listItem","name":"S\u00fclearvuti tarvikud"},"previousItem":{"@type":"ListItem","@id":"https:\/\/droix.eu\/et\/#listItem","name":"Home"}},{"@type":"ListItem","@id":"https:\/\/droix.eu\/et\/product-category\/tarvikud\/sulearvuti-tarvikud\/#listItem","position":3,"name":"S\u00fclearvuti tarvikud","item":"https:\/\/droix.eu\/et\/product-category\/tarvikud\/sulearvuti-tarvikud\/","nextItem":{"@type":"ListItem","@id":"https:\/\/droix.eu\/et\/product\/gpd-hardshell-umbris-micro-pc-le\/#listItem","name":"GPD Hardshell \u00fcmbris Micro PC-le"},"previousItem":{"@type":"ListItem","@id":"https:\/\/droix.eu\/et\/product-category\/tarvikud\/#listItem","name":"Tarvikud"}},{"@type":"ListItem","@id":"https:\/\/droix.eu\/et\/product\/gpd-hardshell-umbris-micro-pc-le\/#listItem","position":4,"name":"GPD Hardshell \u00fcmbris Micro PC-le","previousItem":{"@type":"ListItem","@id":"https:\/\/droix.eu\/et\/product-category\/tarvikud\/sulearvuti-tarvikud\/#listItem","name":"S\u00fclearvuti tarvikud"}}]},{"@type":"Organization","@id":"https:\/\/droix.eu\/et\/#organization","name":"DroiX \u2013 Trusted EU Tech Retailer with 12+ Years Experience","description":"DroiX is a leading European technology retailer with over 12 years of experience, offering quality mini PCs, handheld gaming consoles, and tech accessories. We provide hassle-free EU delivery with all taxes included, ensuring a smooth and reliable shopping experience for our customers across Europe.","url":"https:\/\/droix.eu\/et\/","logo":{"@type":"ImageObject","url":"https:\/\/droix.eu\/wp-content\/uploads\/2024\/06\/droix-v2-light-logo.png","@id":"https:\/\/droix.eu\/et\/product\/gpd-hardshell-umbris-micro-pc-le\/#organizationLogo","width":380,"height":118},"image":{"@id":"https:\/\/droix.eu\/et\/product\/gpd-hardshell-umbris-micro-pc-le\/#organizationLogo"},"sameAs":["https:\/\/www.facebook.com\/DroiX.Store","https:\/\/twitter.com\/DroiX_Store","https:\/\/www.instagram.com\/droix.store\/","https:\/\/www.tiktok.com\/@droix.store","https:\/\/www.youtube.com\/c\/DroiX_Store","https:\/\/uk.linkedin.com\/company\/droix"]},{"@type":"Product","@id":"https:\/\/droix.eu\/et\/product\/gpd-hardshell-umbris-micro-pc-le\/#wooCommerceProduct","name":"GPD Hardshell \u00fcmbris Micro PC-le","description":"Ametlik GPD toode \nM\u00f5eldud GPD XD Plus ja GPD WIN 2 jaoks.\nAksessuaaride sektsioon","url":"https:\/\/droix.eu\/et\/product\/gpd-hardshell-umbris-micro-pc-le\/","sku":"GPD-HARDSHELL-MICRO-PC","gtin":"712971998360","image":{"@type":"ImageObject","url":"https:\/\/droix.eu\/wp-content\/uploads\/2021\/12\/41ubjjbd1al.jpg","@id":"https:\/\/droix.eu\/et\/product\/gpd-hardshell-umbris-micro-pc-le\/#productImage","width":500,"height":500},"offers":{"@type":"Offer","url":"https:\/\/droix.eu\/et\/product\/gpd-hardshell-umbris-micro-pc-le\/#wooCommerceOffer","price":9.78,"priceCurrency":"EUR","category":"S\u00fclearvuti tarvikud","availability":"https:\/\/schema.org\/OutOfStock","priceSpecification":{"@type":"PriceSpecification","price":9.78,"priceCurrency":"EUR","valueAddedTaxIncluded":"true"},"seller":{"@type":"Organization","@id":"https:\/\/droix.eu\/et\/#organization"}}},{"@type":"WebPage","@id":"https:\/\/droix.eu\/et\/product\/gpd-hardshell-umbris-micro-pc-le\/#webpage","url":"https:\/\/droix.eu\/et\/product\/gpd-hardshell-umbris-micro-pc-le\/","name":"GPD Hardshell \u00fcmbris Micro PC-le - DROIX EU","description":"Ametlik GPD toode M\u00f5eldud GPD XD Plus ja GPD WIN 2 jaoks. Aksessuaaride sektsioon","inLanguage":"et","isPartOf":{"@id":"https:\/\/droix.eu\/et\/#website"},"breadcrumb":{"@id":"https:\/\/droix.eu\/et\/product\/gpd-hardshell-umbris-micro-pc-le\/#breadcrumblist"},"image":{"@type":"ImageObject","url":"https:\/\/droix.eu\/wp-content\/uploads\/2021\/12\/41ubjjbd1al.jpg","@id":"https:\/\/droix.eu\/et\/product\/gpd-hardshell-umbris-micro-pc-le\/#mainImage","width":500,"height":500},"primaryImageOfPage":{"@id":"https:\/\/droix.eu\/et\/product\/gpd-hardshell-umbris-micro-pc-le\/#mainImage"},"datePublished":"2022-05-12T22:03:45+01:00","dateModified":"2026-03-28T08:16:31+00:00"},{"@type":"WebSite","@id":"https:\/\/droix.eu\/et\/#website","url":"https:\/\/droix.eu\/et\/","name":"DROIX EU","description":"Get the latest Mini PCs, Ultrabook, PC Gaming Handhelds and more!","inLanguage":"et","publisher":{"@id":"https:\/\/droix.eu\/et\/#organization"}}]},"og:locale":"et_EE","og:site_name":"DROIX EU - Get the latest Mini PCs, Ultrabook, PC Gaming Handhelds and more!","og:type":"article","og:title":"GPD Hardshell \u00fcmbris Micro PC-le - DROIX EU","og:description":"Ametlik GPD toode M\u00f5eldud GPD XD Plus ja GPD WIN 2 jaoks. Aksessuaaride sektsioon","og:url":"https:\/\/droix.eu\/et\/product\/gpd-hardshell-umbris-micro-pc-le\/","og:image":"https:\/\/droix.eu\/wp-content\/uploads\/2024\/06\/droix-v2-light-logo.png","og:image:secure_url":"https:\/\/droix.eu\/wp-content\/uploads\/2024\/06\/droix-v2-light-logo.png","og:image:width":380,"og:image:height":118,"article:published_time":"2022-05-12T21:03:45+00:00","article:modified_time":"2026-03-28T08:16:31+00:00","article:publisher":"https:\/\/www.facebook.com\/DroiX.Store","twitter:card":"summary_large_image","twitter:site":"@DroiX_Store","twitter:title":"GPD Hardshell \u00fcmbris Micro PC-le - DROIX EU","twitter:description":"Ametlik GPD toode M\u00f5eldud GPD XD Plus ja GPD WIN 2 jaoks. Aksessuaaride sektsioon","twitter:image":"https:\/\/droix.eu\/wp-content\/uploads\/2024\/06\/droix-v2-light-logo.png"},"aioseo_meta_data":{"post_id":"524921","title":null,"description":null,"keywords":null,"keyphrases":null,"primary_term":null,"canonical_url":null,"og_title":null,"og_description":null,"og_object_type":"default","og_image_type":"default","og_image_url":null,"og_image_width":null,"og_image_height":null,"og_image_custom_url":null,"og_image_custom_fields":null,"og_video":null,"og_custom_url":null,"og_article_section":null,"og_article_tags":null,"twitter_use_og":true,"twitter_card":"default","twitter_image_type":"default","twitter_image_url":null,"twitter_image_custom_url":null,"twitter_image_custom_fields":null,"twitter_title":null,"twitter_description":null,"schema":{"blockGraphs":[],"customGraphs":[],"default":{"data":{"Article":[],"Course":[],"Dataset":[],"FAQPage":[],"Movie":[],"Person":[],"Product":[],"ProductReview":[],"Car":[],"Recipe":[],"Service":[],"SoftwareApplication":[],"WebPage":[]},"graphName":"Product","isEnabled":true},"graphs":[]},"schema_type":"default","schema_type_options":null,"pillar_content":false,"robots_default":true,"robots_noindex":false,"robots_noarchive":false,"robots_nosnippet":false,"robots_nofollow":false,"robots_noimageindex":false,"robots_noodp":false,"robots_notranslate":false,"robots_max_snippet":null,"robots_max_videopreview":null,"robots_max_imagepreview":"large","priority":null,"frequency":null,"local_seo":null,"seo_analyzer_scan_date":null,"breadcrumb_settings":null,"limit_modified_date":false,"reviewed_by":null,"open_ai":null,"ai":null,"created":"2025-10-09 03:52:25","updated":"2026-03-28 11:26:08"},"aioseo_breadcrumb":"<div class=\"aioseo-breadcrumbs\"><span class=\"aioseo-breadcrumb\">\n\t<a href=\"https:\/\/droix.eu\/et\/\" title=\"Home\">Home<\/a>\n<\/span><span class=\"aioseo-breadcrumb-separator\">&raquo;<\/span><span class=\"aioseo-breadcrumb\">\n\t<a href=\"https:\/\/droix.eu\/et\/product-category\/tarvikud\/\" title=\"Tarvikud\">Tarvikud<\/a>\n<\/span><span class=\"aioseo-breadcrumb-separator\">&raquo;<\/span><span class=\"aioseo-breadcrumb\">\n\t<a href=\"https:\/\/droix.eu\/et\/product-category\/tarvikud\/sulearvuti-tarvikud\/\" title=\"S\u00fclearvuti tarvikud\">S\u00fclearvuti tarvikud<\/a>\n<\/span><span class=\"aioseo-breadcrumb-separator\">&raquo;<\/span><span class=\"aioseo-breadcrumb\">\n\tGPD Hardshell \u00fcmbris Micro PC-le\n<\/span><\/div>","aioseo_breadcrumb_json":[{"label":"Home","link":"https:\/\/droix.eu\/et\/"},{"label":"Tarvikud","link":"https:\/\/droix.eu\/et\/product-category\/tarvikud\/"},{"label":"S\u00fclearvuti tarvikud","link":"https:\/\/droix.eu\/et\/product-category\/tarvikud\/sulearvuti-tarvikud\/"},{"label":"GPD Hardshell \u00fcmbris Micro PC-le","link":"https:\/\/droix.eu\/et\/product\/gpd-hardshell-umbris-micro-pc-le\/"}],"_links":{"self":[{"href":"https:\/\/droix.eu\/et\/wp-json\/wp\/v2\/product\/524921","targetHints":{"allow":["GET"]}}],"collection":[{"href":"https:\/\/droix.eu\/et\/wp-json\/wp\/v2\/product"}],"about":[{"href":"https:\/\/droix.eu\/et\/wp-json\/wp\/v2\/types\/product"}],"version-history":[{"count":0,"href":"https:\/\/droix.eu\/et\/wp-json\/wp\/v2\/product\/524921\/revisions"}],"wp:featuredmedia":[{"embeddable":true,"href":"https:\/\/droix.eu\/et\/wp-json\/wp\/v2\/media\/207622"}],"wp:attachment":[{"href":"https:\/\/droix.eu\/et\/wp-json\/wp\/v2\/media?parent=524921"}],"wp:term":[{"taxonomy":"product_brand","embeddable":true,"href":"https:\/\/droix.eu\/et\/wp-json\/wp\/v2\/product_brand?post=524921"},{"taxonomy":"product_cat","embeddable":true,"href":"https:\/\/droix.eu\/et\/wp-json\/wp\/v2\/product_cat?post=524921"},{"taxonomy":"product_tag","embeddable":true,"href":"https:\/\/droix.eu\/et\/wp-json\/wp\/v2\/product_tag?post=524921"},{"taxonomy":"woo-feed-brand","embeddable":true,"href":"https:\/\/droix.eu\/et\/wp-json\/wp\/v2\/woo-feed-brand?post=524921"},{"taxonomy":"key-features","embeddable":true,"href":"https:\/\/droix.eu\/et\/wp-json\/wp\/v2\/key-features?post=524921"}],"curies":[{"name":"wp","href":"https:\/\/api.w.org\/{rel}","templated":true}]}}