{"id":522846,"date":"2022-01-07T15:00:20","date_gmt":"2022-01-07T15:00:20","guid":{"rendered":"https:\/\/droix.eu\/product\/gpd-pocket-3-kvm-rs-232-moodul\/"},"modified":"2025-12-15T00:02:34","modified_gmt":"2025-12-15T00:02:34","slug":"gpd-pocket-3-kvm-rs-232-moodul","status":"publish","type":"product","link":"https:\/\/droix.eu\/et\/product\/gpd-pocket-3-kvm-rs-232-moodul\/","title":{"rendered":"GPD Pocket 3 KVM &amp; RS-232 moodul"},"content":{"rendered":"<p>GPD Pocket 3 on varustatud KVM-mooduliga, mis v\u00f5imaldab mugavalt juhtida servereid. Sarnaselt v\u00f5imaldab RS232 moodul integreerida ehtsa RS232 pordi, mis teeb sellest suurep\u00e4rase v\u00f5imaluse s\u00fcsteemi silumiseks v\u00f5i professionaalsete CNC-freespingite k\u00e4itamiseks.<\/p>\n<p>M\u00f5lemad moodulid on osa paketist.<\/p>\n<p>Lisaks sellele on GPD Pocket 3 varustatud vaikimisi USB-A mooduliga. Vajaduse korral saab selle mooduli asendada \u00fchega kahest kaasasolevast moodulist.<\/p>\n","protected":false},"excerpt":{"rendered":"<ul>\n<li><strong>Ametlik GPD tarvik<\/strong><\/li>\n<li>Combo Pack koos <strong>kahe<\/strong> laiendusmooduliga<\/li>\n<li><strong>KVM-mooduli<\/strong> kaudu serverite \u00fchendamine ja juhtimine<\/li>\n<li>T\u00f6\u00f6stusmasinatega liidestamine <strong>RS232<\/strong> kaudu<\/li>\n<\/ul>\n[cg_accordion title=\"2-aastane garantii k\u00f5ikidele GPD toodetele\"]<\/p>\n<p>K\u00f5ik GPD tooted on varustatud 2-aastase garantiiga ja neid on toetanud \u00fcle 13 aasta kestnud usaldusv\u00e4\u00e4rne teenindus. Liituge meie \u00fcle 500 000 \u00f5nneliku kliendiga kogukonnaga ja tundke end oma ostus kindlalt. [\/cg_accordion]\n[cg_accordion title=\"Kvaliteedi tagamine ja l\u00e4hetuseelne testimine\"]<\/p>\n<p>Klientide rahulolu tagamine k\u00f5rgeimal tasemel: Iga seade l\u00e4bib enne saatmist ranged testid ja mitmepunktilise kvaliteedikontrolli. Meie p\u00fchendunud meeskond kontrollib j\u00f5udlust, funktsionaalsust ja komponentide terviklikkust, et tagada, et teie GPD-seade on saabumisel t\u00e4iuslikus t\u00f6\u00f6korras, tagades teile kindlustunde ja meelerahu. [\/cg_accordion]\n[cg_accordion title=\"Paindlikud ja turvalised maksev\u00f5imalused\"]<\/p>\n<p>Nautige meelerahu meie turvalise kassas\u00fcsteemi abil. Toetame k\u00f5iki peamisi makseviise, sealhulgas deebet-\/krediitkaarte, PayPal, Apple Pay, Google Pay, Klarna, Afterpay ja Affirm, mis annab teile vabaduse maksta nii ettemaksuna kui ka lihtsate osamaksetena. [\/cg_accordion]\n[cg_accordion title=\"Maksud\"]<\/p>\n<p>Hinnad sisaldavad kehtivat k\u00e4ibemaksu, mis v\u00f5ib s\u00f5ltuvalt riigist olla kuni 25%. T\u00e4ieliku l\u00e4bipaistvuse tagamiseks on t\u00e4pne summa n\u00e4idatud ostu sooritamise ajal. [\/cg_accordion]\n[cg_accordion title=\"Kohaletoimetamine ja tagastamine\"]<\/p>\n<p>Teeme koost\u00f6\u00f6d enam kui 10 usaldusv\u00e4\u00e4rse tarnepartneriga, et tagada teie tellimuse kiire, turvaline ja usaldusv\u00e4\u00e4rne kohalej\u00f5udmine.<\/p>\n<p>Me kasutame Express DDP (Delivered Duty Paid) laevandus. See t\u00e4hendab: <\/p>\n<li>K\u00f5ik tollimaksud ja maksud on juba n\u00e4idatud toote hinnas sisalduvad.<\/li>\n<li>Te ei pea kohaletoimetamisel ootamatuid tasusid maksma.<\/li>\n<li>Harvaesinevate tolliviivituste korral haldab meie meeskond teie eest tollivormistust, et tagada sujuv tarne.<\/li>\n<p>Oluline teave tagastuste kohta:<\/p>\n<li>Kui te tagastate oma tellimuse v\u00f5i taotlete tagasimakset, siis arvestage palun, et k\u00f5ik teie eest DDP tingimuste alusel makstud maksud ja tollimaksud ei kuulu tagasimaksmisele.<\/li>\n<p>\u00dcksikasjalik teave on esitatud meie <a href=\"https:\/\/droix.eu\/et\/tingimused\/\" target=\"_blank\" rel=\"nofollow noopener\">Tingimustes<\/a>.\n<\/ul>\n<p>[\/cg_accordion]\n[cg_accordion title=\"Klienditugi\"]<\/p>\n<p>Kas teil on k\u00fcsimus? Oleme l\u00fchikese teksti kaugusel sellest, et teie k\u00fcsimus oleks lahendatud! [\/cg_accordion]\n[cg_accordion title=\"Pakett sisaldab\"]<\/p>\n<ul>\n<li>1x KVM &amp; RS-232 moodul<\/li>\n<\/ul>\n<p>[\/cg_accordion]\n","protected":false},"featured_media":293621,"template":"","meta":{"_acf_changed":false},"product_brand":[],"product_cat":[10482,10481],"product_tag":[],"woo-feed-brand":[2198],"key-features":[],"class_list":{"0":"post-522846","1":"product","2":"type-product","3":"status-publish","4":"has-post-thumbnail","6":"product_cat-sulearvuti-tarvikud","7":"product_cat-tarvikud","8":"product_shipping_class-low-end","9":"pa_brands-gpd-et","10":"pa_compatibility-gpd-pocket-3-et","11":"woo-feed-brand-gpd","13":"first","14":"instock","15":"sale","16":"taxable","17":"shipping-taxable","18":"purchasable","19":"product-type-simple"},"acf":[],"aioseo_notices":[],"aioseo_head":"\n\t\t<!-- All in One SEO Pro 4.9.5.2 - aioseo.com -->\n\t<meta name=\"description\" content=\"Ametlik GPD tarvik Combo Pack koos kahe laiendusmooduliga KVM-mooduli kaudu serverite \u00fchendamine ja juhtimine T\u00f6\u00f6stusmasinatega liidestamine RS232 kaudu\" \/>\n\t<meta name=\"robots\" content=\"max-image-preview:large\" \/>\n\t<link rel=\"canonical\" href=\"https:\/\/droix.eu\/et\/product\/gpd-pocket-3-kvm-rs-232-moodul\/\" \/>\n\t<meta name=\"generator\" content=\"All in One SEO Pro (AIOSEO) 4.9.5.2\" \/>\n\t\t<meta property=\"og:locale\" content=\"et_EE\" \/>\n\t\t<meta property=\"og:site_name\" content=\"DROIX EU - Get the latest Mini PCs, Ultrabook, PC Gaming Handhelds and more!\" \/>\n\t\t<meta property=\"og:type\" content=\"article\" \/>\n\t\t<meta property=\"og:title\" content=\"GPD Pocket 3 KVM &amp; RS-232 moodul - DROIX EU\" \/>\n\t\t<meta property=\"og:description\" content=\"Ametlik GPD tarvik Combo Pack koos kahe laiendusmooduliga KVM-mooduli kaudu serverite \u00fchendamine ja juhtimine T\u00f6\u00f6stusmasinatega liidestamine RS232 kaudu\" \/>\n\t\t<meta property=\"og:url\" content=\"https:\/\/droix.eu\/et\/product\/gpd-pocket-3-kvm-rs-232-moodul\/\" \/>\n\t\t<meta property=\"og:image\" content=\"https:\/\/droix.eu\/wp-content\/uploads\/2024\/06\/droix-v2-light-logo.png\" \/>\n\t\t<meta property=\"og:image:secure_url\" content=\"https:\/\/droix.eu\/wp-content\/uploads\/2024\/06\/droix-v2-light-logo.png\" \/>\n\t\t<meta property=\"og:image:width\" content=\"380\" \/>\n\t\t<meta property=\"og:image:height\" content=\"118\" \/>\n\t\t<meta property=\"article:published_time\" content=\"2022-01-07T15:00:20+00:00\" \/>\n\t\t<meta property=\"article:modified_time\" content=\"2025-12-15T00:02:34+00:00\" \/>\n\t\t<meta property=\"article:publisher\" content=\"https:\/\/www.facebook.com\/DroiX.Store\" \/>\n\t\t<meta name=\"twitter:card\" content=\"summary_large_image\" \/>\n\t\t<meta name=\"twitter:site\" content=\"@DroiX_Store\" \/>\n\t\t<meta name=\"twitter:title\" content=\"GPD Pocket 3 KVM &amp; RS-232 moodul - DROIX EU\" \/>\n\t\t<meta name=\"twitter:description\" content=\"Ametlik GPD tarvik Combo Pack koos kahe laiendusmooduliga KVM-mooduli kaudu serverite \u00fchendamine ja juhtimine T\u00f6\u00f6stusmasinatega liidestamine RS232 kaudu\" \/>\n\t\t<meta name=\"twitter:image\" content=\"https:\/\/droix.eu\/wp-content\/uploads\/2024\/06\/droix-v2-light-logo.png\" \/>\n\t\t<script type=\"application\/ld+json\" class=\"aioseo-schema\">\n\t\t\t{\"@context\":\"https:\\\/\\\/schema.org\",\"@graph\":[{\"@type\":\"BreadcrumbList\",\"@id\":\"https:\\\/\\\/droix.eu\\\/et\\\/product\\\/gpd-pocket-3-kvm-rs-232-moodul\\\/#breadcrumblist\",\"itemListElement\":[{\"@type\":\"ListItem\",\"@id\":\"https:\\\/\\\/droix.eu\\\/et\\\/#listItem\",\"position\":1,\"name\":\"Home\",\"item\":\"https:\\\/\\\/droix.eu\\\/et\\\/\",\"nextItem\":{\"@type\":\"ListItem\",\"@id\":\"https:\\\/\\\/droix.eu\\\/et\\\/product-category\\\/tarvikud\\\/#listItem\",\"name\":\"Tarvikud\"}},{\"@type\":\"ListItem\",\"@id\":\"https:\\\/\\\/droix.eu\\\/et\\\/product-category\\\/tarvikud\\\/#listItem\",\"position\":2,\"name\":\"Tarvikud\",\"item\":\"https:\\\/\\\/droix.eu\\\/et\\\/product-category\\\/tarvikud\\\/\",\"nextItem\":{\"@type\":\"ListItem\",\"@id\":\"https:\\\/\\\/droix.eu\\\/et\\\/product-category\\\/tarvikud\\\/sulearvuti-tarvikud\\\/#listItem\",\"name\":\"S\\u00fclearvuti tarvikud\"},\"previousItem\":{\"@type\":\"ListItem\",\"@id\":\"https:\\\/\\\/droix.eu\\\/et\\\/#listItem\",\"name\":\"Home\"}},{\"@type\":\"ListItem\",\"@id\":\"https:\\\/\\\/droix.eu\\\/et\\\/product-category\\\/tarvikud\\\/sulearvuti-tarvikud\\\/#listItem\",\"position\":3,\"name\":\"S\\u00fclearvuti tarvikud\",\"item\":\"https:\\\/\\\/droix.eu\\\/et\\\/product-category\\\/tarvikud\\\/sulearvuti-tarvikud\\\/\",\"nextItem\":{\"@type\":\"ListItem\",\"@id\":\"https:\\\/\\\/droix.eu\\\/et\\\/product\\\/gpd-pocket-3-kvm-rs-232-moodul\\\/#listItem\",\"name\":\"GPD Pocket 3 KVM &amp; RS-232 moodul\"},\"previousItem\":{\"@type\":\"ListItem\",\"@id\":\"https:\\\/\\\/droix.eu\\\/et\\\/product-category\\\/tarvikud\\\/#listItem\",\"name\":\"Tarvikud\"}},{\"@type\":\"ListItem\",\"@id\":\"https:\\\/\\\/droix.eu\\\/et\\\/product\\\/gpd-pocket-3-kvm-rs-232-moodul\\\/#listItem\",\"position\":4,\"name\":\"GPD Pocket 3 KVM &amp; RS-232 moodul\",\"previousItem\":{\"@type\":\"ListItem\",\"@id\":\"https:\\\/\\\/droix.eu\\\/et\\\/product-category\\\/tarvikud\\\/sulearvuti-tarvikud\\\/#listItem\",\"name\":\"S\\u00fclearvuti tarvikud\"}}]},{\"@type\":\"Organization\",\"@id\":\"https:\\\/\\\/droix.eu\\\/et\\\/#organization\",\"name\":\"DroiX \\u2013 Trusted EU Tech Retailer with 12+ Years Experience\",\"description\":\"DroiX is a leading European technology retailer with over 12 years of experience, offering quality mini PCs, handheld gaming consoles, and tech accessories. We provide hassle-free EU delivery with all taxes included, ensuring a smooth and reliable shopping experience for our customers across Europe.\",\"url\":\"https:\\\/\\\/droix.eu\\\/et\\\/\",\"logo\":{\"@type\":\"ImageObject\",\"url\":\"https:\\\/\\\/droix.eu\\\/wp-content\\\/uploads\\\/2024\\\/06\\\/droix-v2-light-logo.png\",\"@id\":\"https:\\\/\\\/droix.eu\\\/et\\\/product\\\/gpd-pocket-3-kvm-rs-232-moodul\\\/#organizationLogo\",\"width\":380,\"height\":118},\"image\":{\"@id\":\"https:\\\/\\\/droix.eu\\\/et\\\/product\\\/gpd-pocket-3-kvm-rs-232-moodul\\\/#organizationLogo\"},\"sameAs\":[\"https:\\\/\\\/www.facebook.com\\\/DroiX.Store\",\"https:\\\/\\\/twitter.com\\\/DroiX_Store\",\"https:\\\/\\\/www.instagram.com\\\/droix.store\\\/\",\"https:\\\/\\\/www.tiktok.com\\\/@droix.store\",\"https:\\\/\\\/www.youtube.com\\\/c\\\/DroiX_Store\",\"https:\\\/\\\/uk.linkedin.com\\\/company\\\/droix\"]},{\"@type\":\"Product\",\"@id\":\"https:\\\/\\\/droix.eu\\\/et\\\/product\\\/gpd-pocket-3-kvm-rs-232-moodul\\\/#wooCommerceProduct\",\"name\":\"GPD Pocket 3 KVM &amp; RS-232 moodul\",\"description\":\"Ametlik GPD tarvik\\n \\tCombo Pack koos kahe laiendusmooduliga\\n \\tKVM-mooduli kaudu serverite \\u00fchendamine ja juhtimine\\n \\tT\\u00f6\\u00f6stusmasinatega liidestamine RS232 kaudu\",\"url\":\"https:\\\/\\\/droix.eu\\\/et\\\/product\\\/gpd-pocket-3-kvm-rs-232-moodul\\\/\",\"sku\":\"GPD-POCKET-3-EXPANSION-MODULE-KVM-RS\",\"gtin\":\"5060763672192\",\"image\":{\"@type\":\"ImageObject\",\"url\":\"https:\\\/\\\/droix.eu\\\/wp-content\\\/uploads\\\/2022\\\/01\\\/GPD-POCKET-3-KVM-RS232-MODULE-LISTING-IMAGE-1.png\",\"@id\":\"https:\\\/\\\/droix.eu\\\/et\\\/product\\\/gpd-pocket-3-kvm-rs-232-moodul\\\/#productImage\",\"width\":1000,\"height\":1000,\"caption\":\"GPD Pocket 3 KVM ja RS232 laiendusmoodul\"},\"offers\":{\"@type\":\"Offer\",\"url\":\"https:\\\/\\\/droix.eu\\\/et\\\/product\\\/gpd-pocket-3-kvm-rs-232-moodul\\\/#wooCommerceOffer\",\"price\":115.56,\"priceCurrency\":\"EUR\",\"category\":\"S\\u00fclearvuti tarvikud\",\"availability\":\"https:\\\/\\\/schema.org\\\/InStock\",\"priceSpecification\":{\"@type\":\"PriceSpecification\",\"price\":115.56,\"priceCurrency\":\"EUR\",\"valueAddedTaxIncluded\":\"true\"},\"seller\":{\"@type\":\"Organization\",\"@id\":\"https:\\\/\\\/droix.eu\\\/et\\\/#organization\"}}},{\"@type\":\"WebPage\",\"@id\":\"https:\\\/\\\/droix.eu\\\/et\\\/product\\\/gpd-pocket-3-kvm-rs-232-moodul\\\/#webpage\",\"url\":\"https:\\\/\\\/droix.eu\\\/et\\\/product\\\/gpd-pocket-3-kvm-rs-232-moodul\\\/\",\"name\":\"GPD Pocket 3 KVM & RS-232 moodul - DROIX EU\",\"description\":\"Ametlik GPD tarvik Combo Pack koos kahe laiendusmooduliga KVM-mooduli kaudu serverite \\u00fchendamine ja juhtimine T\\u00f6\\u00f6stusmasinatega liidestamine RS232 kaudu\",\"inLanguage\":\"et\",\"isPartOf\":{\"@id\":\"https:\\\/\\\/droix.eu\\\/et\\\/#website\"},\"breadcrumb\":{\"@id\":\"https:\\\/\\\/droix.eu\\\/et\\\/product\\\/gpd-pocket-3-kvm-rs-232-moodul\\\/#breadcrumblist\"},\"image\":{\"@type\":\"ImageObject\",\"url\":\"https:\\\/\\\/droix.eu\\\/wp-content\\\/uploads\\\/2022\\\/01\\\/GPD-POCKET-3-KVM-RS232-MODULE-LISTING-IMAGE-1.png\",\"@id\":\"https:\\\/\\\/droix.eu\\\/et\\\/product\\\/gpd-pocket-3-kvm-rs-232-moodul\\\/#mainImage\",\"width\":1000,\"height\":1000,\"caption\":\"GPD Pocket 3 KVM ja RS232 laiendusmoodul\"},\"primaryImageOfPage\":{\"@id\":\"https:\\\/\\\/droix.eu\\\/et\\\/product\\\/gpd-pocket-3-kvm-rs-232-moodul\\\/#mainImage\"},\"datePublished\":\"2022-01-07T15:00:20+00:00\",\"dateModified\":\"2025-12-15T00:02:34+00:00\"},{\"@type\":\"WebSite\",\"@id\":\"https:\\\/\\\/droix.eu\\\/et\\\/#website\",\"url\":\"https:\\\/\\\/droix.eu\\\/et\\\/\",\"name\":\"DROIX EU\",\"description\":\"Get the latest Mini PCs, Ultrabook, PC Gaming Handhelds and more!\",\"inLanguage\":\"et\",\"publisher\":{\"@id\":\"https:\\\/\\\/droix.eu\\\/et\\\/#organization\"}}]}\n\t\t<\/script>\n\t\t<!-- All in One SEO Pro -->\r\n\t\t<title>GPD Pocket 3 KVM &amp; RS-232 moodul - DROIX EU<\/title>\n\n","aioseo_head_json":{"title":"GPD Pocket 3 KVM & RS-232 moodul - DROIX EU","description":"Ametlik GPD tarvik Combo Pack koos kahe laiendusmooduliga KVM-mooduli kaudu serverite \u00fchendamine ja juhtimine T\u00f6\u00f6stusmasinatega liidestamine RS232 kaudu","canonical_url":"https:\/\/droix.eu\/et\/product\/gpd-pocket-3-kvm-rs-232-moodul\/","robots":"max-image-preview:large","keywords":"","webmasterTools":{"miscellaneous":""},"schema":{"@context":"https:\/\/schema.org","@graph":[{"@type":"BreadcrumbList","@id":"https:\/\/droix.eu\/et\/product\/gpd-pocket-3-kvm-rs-232-moodul\/#breadcrumblist","itemListElement":[{"@type":"ListItem","@id":"https:\/\/droix.eu\/et\/#listItem","position":1,"name":"Home","item":"https:\/\/droix.eu\/et\/","nextItem":{"@type":"ListItem","@id":"https:\/\/droix.eu\/et\/product-category\/tarvikud\/#listItem","name":"Tarvikud"}},{"@type":"ListItem","@id":"https:\/\/droix.eu\/et\/product-category\/tarvikud\/#listItem","position":2,"name":"Tarvikud","item":"https:\/\/droix.eu\/et\/product-category\/tarvikud\/","nextItem":{"@type":"ListItem","@id":"https:\/\/droix.eu\/et\/product-category\/tarvikud\/sulearvuti-tarvikud\/#listItem","name":"S\u00fclearvuti tarvikud"},"previousItem":{"@type":"ListItem","@id":"https:\/\/droix.eu\/et\/#listItem","name":"Home"}},{"@type":"ListItem","@id":"https:\/\/droix.eu\/et\/product-category\/tarvikud\/sulearvuti-tarvikud\/#listItem","position":3,"name":"S\u00fclearvuti tarvikud","item":"https:\/\/droix.eu\/et\/product-category\/tarvikud\/sulearvuti-tarvikud\/","nextItem":{"@type":"ListItem","@id":"https:\/\/droix.eu\/et\/product\/gpd-pocket-3-kvm-rs-232-moodul\/#listItem","name":"GPD Pocket 3 KVM &amp; RS-232 moodul"},"previousItem":{"@type":"ListItem","@id":"https:\/\/droix.eu\/et\/product-category\/tarvikud\/#listItem","name":"Tarvikud"}},{"@type":"ListItem","@id":"https:\/\/droix.eu\/et\/product\/gpd-pocket-3-kvm-rs-232-moodul\/#listItem","position":4,"name":"GPD Pocket 3 KVM &amp; RS-232 moodul","previousItem":{"@type":"ListItem","@id":"https:\/\/droix.eu\/et\/product-category\/tarvikud\/sulearvuti-tarvikud\/#listItem","name":"S\u00fclearvuti tarvikud"}}]},{"@type":"Organization","@id":"https:\/\/droix.eu\/et\/#organization","name":"DroiX \u2013 Trusted EU Tech Retailer with 12+ Years Experience","description":"DroiX is a leading European technology retailer with over 12 years of experience, offering quality mini PCs, handheld gaming consoles, and tech accessories. We provide hassle-free EU delivery with all taxes included, ensuring a smooth and reliable shopping experience for our customers across Europe.","url":"https:\/\/droix.eu\/et\/","logo":{"@type":"ImageObject","url":"https:\/\/droix.eu\/wp-content\/uploads\/2024\/06\/droix-v2-light-logo.png","@id":"https:\/\/droix.eu\/et\/product\/gpd-pocket-3-kvm-rs-232-moodul\/#organizationLogo","width":380,"height":118},"image":{"@id":"https:\/\/droix.eu\/et\/product\/gpd-pocket-3-kvm-rs-232-moodul\/#organizationLogo"},"sameAs":["https:\/\/www.facebook.com\/DroiX.Store","https:\/\/twitter.com\/DroiX_Store","https:\/\/www.instagram.com\/droix.store\/","https:\/\/www.tiktok.com\/@droix.store","https:\/\/www.youtube.com\/c\/DroiX_Store","https:\/\/uk.linkedin.com\/company\/droix"]},{"@type":"Product","@id":"https:\/\/droix.eu\/et\/product\/gpd-pocket-3-kvm-rs-232-moodul\/#wooCommerceProduct","name":"GPD Pocket 3 KVM &amp; RS-232 moodul","description":"Ametlik GPD tarvik\n \tCombo Pack koos kahe laiendusmooduliga\n \tKVM-mooduli kaudu serverite \u00fchendamine ja juhtimine\n \tT\u00f6\u00f6stusmasinatega liidestamine RS232 kaudu","url":"https:\/\/droix.eu\/et\/product\/gpd-pocket-3-kvm-rs-232-moodul\/","sku":"GPD-POCKET-3-EXPANSION-MODULE-KVM-RS","gtin":"5060763672192","image":{"@type":"ImageObject","url":"https:\/\/droix.eu\/wp-content\/uploads\/2022\/01\/GPD-POCKET-3-KVM-RS232-MODULE-LISTING-IMAGE-1.png","@id":"https:\/\/droix.eu\/et\/product\/gpd-pocket-3-kvm-rs-232-moodul\/#productImage","width":1000,"height":1000,"caption":"GPD Pocket 3 KVM ja RS232 laiendusmoodul"},"offers":{"@type":"Offer","url":"https:\/\/droix.eu\/et\/product\/gpd-pocket-3-kvm-rs-232-moodul\/#wooCommerceOffer","price":115.56,"priceCurrency":"EUR","category":"S\u00fclearvuti tarvikud","availability":"https:\/\/schema.org\/InStock","priceSpecification":{"@type":"PriceSpecification","price":115.56,"priceCurrency":"EUR","valueAddedTaxIncluded":"true"},"seller":{"@type":"Organization","@id":"https:\/\/droix.eu\/et\/#organization"}}},{"@type":"WebPage","@id":"https:\/\/droix.eu\/et\/product\/gpd-pocket-3-kvm-rs-232-moodul\/#webpage","url":"https:\/\/droix.eu\/et\/product\/gpd-pocket-3-kvm-rs-232-moodul\/","name":"GPD Pocket 3 KVM & RS-232 moodul - DROIX EU","description":"Ametlik GPD tarvik Combo Pack koos kahe laiendusmooduliga KVM-mooduli kaudu serverite \u00fchendamine ja juhtimine T\u00f6\u00f6stusmasinatega liidestamine RS232 kaudu","inLanguage":"et","isPartOf":{"@id":"https:\/\/droix.eu\/et\/#website"},"breadcrumb":{"@id":"https:\/\/droix.eu\/et\/product\/gpd-pocket-3-kvm-rs-232-moodul\/#breadcrumblist"},"image":{"@type":"ImageObject","url":"https:\/\/droix.eu\/wp-content\/uploads\/2022\/01\/GPD-POCKET-3-KVM-RS232-MODULE-LISTING-IMAGE-1.png","@id":"https:\/\/droix.eu\/et\/product\/gpd-pocket-3-kvm-rs-232-moodul\/#mainImage","width":1000,"height":1000,"caption":"GPD Pocket 3 KVM ja RS232 laiendusmoodul"},"primaryImageOfPage":{"@id":"https:\/\/droix.eu\/et\/product\/gpd-pocket-3-kvm-rs-232-moodul\/#mainImage"},"datePublished":"2022-01-07T15:00:20+00:00","dateModified":"2025-12-15T00:02:34+00:00"},{"@type":"WebSite","@id":"https:\/\/droix.eu\/et\/#website","url":"https:\/\/droix.eu\/et\/","name":"DROIX EU","description":"Get the latest Mini PCs, Ultrabook, PC Gaming Handhelds and more!","inLanguage":"et","publisher":{"@id":"https:\/\/droix.eu\/et\/#organization"}}]},"og:locale":"et_EE","og:site_name":"DROIX EU - Get the latest Mini PCs, Ultrabook, PC Gaming Handhelds and more!","og:type":"article","og:title":"GPD Pocket 3 KVM &amp; RS-232 moodul - DROIX EU","og:description":"Ametlik GPD tarvik Combo Pack koos kahe laiendusmooduliga KVM-mooduli kaudu serverite \u00fchendamine ja juhtimine T\u00f6\u00f6stusmasinatega liidestamine RS232 kaudu","og:url":"https:\/\/droix.eu\/et\/product\/gpd-pocket-3-kvm-rs-232-moodul\/","og:image":"https:\/\/droix.eu\/wp-content\/uploads\/2024\/06\/droix-v2-light-logo.png","og:image:secure_url":"https:\/\/droix.eu\/wp-content\/uploads\/2024\/06\/droix-v2-light-logo.png","og:image:width":380,"og:image:height":118,"article:published_time":"2022-01-07T15:00:20+00:00","article:modified_time":"2025-12-15T00:02:34+00:00","article:publisher":"https:\/\/www.facebook.com\/DroiX.Store","twitter:card":"summary_large_image","twitter:site":"@DroiX_Store","twitter:title":"GPD Pocket 3 KVM &amp; RS-232 moodul - DROIX EU","twitter:description":"Ametlik GPD tarvik Combo Pack koos kahe laiendusmooduliga KVM-mooduli kaudu serverite \u00fchendamine ja juhtimine T\u00f6\u00f6stusmasinatega liidestamine RS232 kaudu","twitter:image":"https:\/\/droix.eu\/wp-content\/uploads\/2024\/06\/droix-v2-light-logo.png"},"aioseo_meta_data":{"post_id":"522846","title":null,"description":null,"keywords":null,"keyphrases":{"focus":{"keyphrase":"","score":0,"analysis":{"keyphraseInTitle":{"score":0,"maxScore":9,"error":1}}},"additional":[]},"primary_term":null,"canonical_url":null,"og_title":null,"og_description":null,"og_object_type":"default","og_image_type":"default","og_image_url":null,"og_image_width":null,"og_image_height":null,"og_image_custom_url":null,"og_image_custom_fields":null,"og_video":"","og_custom_url":null,"og_article_section":null,"og_article_tags":null,"twitter_use_og":true,"twitter_card":"default","twitter_image_type":"default","twitter_image_url":null,"twitter_image_custom_url":null,"twitter_image_custom_fields":null,"twitter_title":null,"twitter_description":null,"schema":{"blockGraphs":[],"customGraphs":[],"default":{"data":{"Article":[],"Course":[],"Dataset":[],"FAQPage":[],"Movie":[],"Person":[],"Product":[],"ProductReview":[],"Car":[],"Recipe":[],"Service":[],"SoftwareApplication":[],"WebPage":[]},"graphName":"Product","isEnabled":true},"graphs":[]},"schema_type":"default","schema_type_options":null,"pillar_content":false,"robots_default":true,"robots_noindex":false,"robots_noarchive":false,"robots_nosnippet":false,"robots_nofollow":false,"robots_noimageindex":false,"robots_noodp":false,"robots_notranslate":false,"robots_max_snippet":"-1","robots_max_videopreview":"-1","robots_max_imagepreview":"large","priority":null,"frequency":"default","local_seo":null,"seo_analyzer_scan_date":"2025-10-24 08:36:44","breadcrumb_settings":null,"limit_modified_date":false,"reviewed_by":null,"open_ai":null,"ai":{"faqs":[],"keyPoints":[],"titles":[],"descriptions":[],"socialPosts":{"email":[],"linkedin":[],"twitter":[],"facebook":[],"instagram":[]}},"created":"2025-10-09 03:39:25","updated":"2026-01-24 12:02:45"},"aioseo_breadcrumb":"<div class=\"aioseo-breadcrumbs\"><span class=\"aioseo-breadcrumb\">\n\t<a href=\"https:\/\/droix.eu\/et\/\" title=\"Home\">Home<\/a>\n<\/span><span class=\"aioseo-breadcrumb-separator\">&raquo;<\/span><span class=\"aioseo-breadcrumb\">\n\t<a href=\"https:\/\/droix.eu\/et\/product-category\/tarvikud\/\" title=\"Tarvikud\">Tarvikud<\/a>\n<\/span><span class=\"aioseo-breadcrumb-separator\">&raquo;<\/span><span class=\"aioseo-breadcrumb\">\n\t<a href=\"https:\/\/droix.eu\/et\/product-category\/tarvikud\/sulearvuti-tarvikud\/\" title=\"S\u00fclearvuti tarvikud\">S\u00fclearvuti tarvikud<\/a>\n<\/span><span class=\"aioseo-breadcrumb-separator\">&raquo;<\/span><span class=\"aioseo-breadcrumb\">\n\tGPD Pocket 3 KVM &amp; RS-232 moodul\n<\/span><\/div>","aioseo_breadcrumb_json":[{"label":"Home","link":"https:\/\/droix.eu\/et\/"},{"label":"Tarvikud","link":"https:\/\/droix.eu\/et\/product-category\/tarvikud\/"},{"label":"S\u00fclearvuti tarvikud","link":"https:\/\/droix.eu\/et\/product-category\/tarvikud\/sulearvuti-tarvikud\/"},{"label":"GPD Pocket 3 KVM &amp; RS-232 moodul","link":"https:\/\/droix.eu\/et\/product\/gpd-pocket-3-kvm-rs-232-moodul\/"}],"_links":{"self":[{"href":"https:\/\/droix.eu\/et\/wp-json\/wp\/v2\/product\/522846","targetHints":{"allow":["GET"]}}],"collection":[{"href":"https:\/\/droix.eu\/et\/wp-json\/wp\/v2\/product"}],"about":[{"href":"https:\/\/droix.eu\/et\/wp-json\/wp\/v2\/types\/product"}],"version-history":[{"count":0,"href":"https:\/\/droix.eu\/et\/wp-json\/wp\/v2\/product\/522846\/revisions"}],"wp:featuredmedia":[{"embeddable":true,"href":"https:\/\/droix.eu\/et\/wp-json\/wp\/v2\/media\/293621"}],"wp:attachment":[{"href":"https:\/\/droix.eu\/et\/wp-json\/wp\/v2\/media?parent=522846"}],"wp:term":[{"taxonomy":"product_brand","embeddable":true,"href":"https:\/\/droix.eu\/et\/wp-json\/wp\/v2\/product_brand?post=522846"},{"taxonomy":"product_cat","embeddable":true,"href":"https:\/\/droix.eu\/et\/wp-json\/wp\/v2\/product_cat?post=522846"},{"taxonomy":"product_tag","embeddable":true,"href":"https:\/\/droix.eu\/et\/wp-json\/wp\/v2\/product_tag?post=522846"},{"taxonomy":"woo-feed-brand","embeddable":true,"href":"https:\/\/droix.eu\/et\/wp-json\/wp\/v2\/woo-feed-brand?post=522846"},{"taxonomy":"key-features","embeddable":true,"href":"https:\/\/droix.eu\/et\/wp-json\/wp\/v2\/key-features?post=522846"}],"curies":[{"name":"wp","href":"https:\/\/api.w.org\/{rel}","templated":true}]}}