{"id":522631,"date":"2022-02-14T10:48:08","date_gmt":"2022-02-14T10:48:08","guid":{"rendered":"https:\/\/droix.eu\/product\/ametlik-gpd-pocket-3-kaitseumbris\/"},"modified":"2025-08-18T13:33:43","modified_gmt":"2025-08-18T12:33:43","slug":"ametlik-gpd-pocket-3-kaitseumbris","status":"publish","type":"product","link":"https:\/\/droix.eu\/et\/product\/ametlik-gpd-pocket-3-kaitseumbris\/","title":{"rendered":"Ametlik GPD Pocket 3 kaitse\u00fcmbris"},"content":{"rendered":"<p>GPD poolt GPD P2 Max , Pocket 3 ja GPD WIN Max jaoks loodud kaitsekott on sile ja stiilne.<\/p>\n","protected":false},"excerpt":{"rendered":"<ul>\n<li><strong>Ametlik GPD toode<\/strong> <\/li>\n<li>M\u00f5eldud <strong>GPD Pocket 3 Mini<\/strong> s\u00fclearvuti jaoks<\/li>\n<li><strong>Kunstnahast tekstuur<\/strong> <\/li>\n<li><strong>Magnetiline kate<\/strong> <\/li>\n<\/ul>\n[droix_global_accordions]\n[cg_accordion title=\"Pakett sisaldab\"]<\/p>\n<ul>\n<li>1x ametlik GPD Pocket 3 kaitsekott<\/li>\n<\/ul>\n<p>[\/cg_accordion]\n","protected":false},"featured_media":323624,"template":"","meta":{"_acf_changed":false},"product_brand":[],"product_cat":[10482,10481],"product_tag":[],"woo-feed-brand":[2198],"key-features":[],"class_list":{"0":"post-522631","1":"product","2":"type-product","3":"status-publish","4":"has-post-thumbnail","6":"product_cat-sulearvuti-tarvikud","7":"product_cat-tarvikud","8":"product_shipping_class-low-end","9":"pa_accessory-type-protective-case","10":"pa_brands-gpd-et","11":"pa_compatibility-gpd-pocket-3-et","12":"woo-feed-brand-gpd","14":"first","15":"outofstock","16":"taxable","17":"shipping-taxable","18":"purchasable","19":"product-type-simple"},"acf":[],"aioseo_notices":[],"aioseo_head":"\n\t\t<!-- All in One SEO Pro 4.9.5.2 - aioseo.com -->\n\t<meta name=\"description\" content=\"Ametlik GPD toode M\u00f5eldud GPD Pocket 3 Mini s\u00fclearvuti jaoks Kunstnahast tekstuur Magnetiline kate Pakett sisaldab 1x ametlik GPD Pocket 3 kaitsekott\" \/>\n\t<meta name=\"robots\" content=\"max-image-preview:large\" \/>\n\t<link rel=\"canonical\" href=\"https:\/\/droix.eu\/et\/product\/ametlik-gpd-pocket-3-kaitseumbris\/\" \/>\n\t<meta name=\"generator\" content=\"All in One SEO Pro (AIOSEO) 4.9.5.2\" \/>\n\t\t<meta property=\"og:locale\" content=\"et_EE\" \/>\n\t\t<meta property=\"og:site_name\" content=\"DROIX EU - Get the latest Mini PCs, Ultrabook, PC Gaming Handhelds and more!\" \/>\n\t\t<meta property=\"og:type\" content=\"article\" \/>\n\t\t<meta property=\"og:title\" content=\"Ametlik GPD Pocket 3 kaitse\u00fcmbris - DROIX EU\" \/>\n\t\t<meta property=\"og:description\" content=\"Ametlik GPD toode M\u00f5eldud GPD Pocket 3 Mini s\u00fclearvuti jaoks Kunstnahast tekstuur Magnetiline kate Pakett sisaldab 1x ametlik GPD Pocket 3 kaitsekott\" \/>\n\t\t<meta property=\"og:url\" content=\"https:\/\/droix.eu\/et\/product\/ametlik-gpd-pocket-3-kaitseumbris\/\" \/>\n\t\t<meta property=\"og:image\" content=\"https:\/\/droix.eu\/wp-content\/uploads\/2024\/06\/droix-v2-light-logo.png\" \/>\n\t\t<meta property=\"og:image:secure_url\" content=\"https:\/\/droix.eu\/wp-content\/uploads\/2024\/06\/droix-v2-light-logo.png\" \/>\n\t\t<meta property=\"og:image:width\" content=\"380\" \/>\n\t\t<meta property=\"og:image:height\" content=\"118\" \/>\n\t\t<meta property=\"article:published_time\" content=\"2022-02-14T10:48:08+00:00\" \/>\n\t\t<meta property=\"article:modified_time\" content=\"2025-08-18T12:33:43+00:00\" \/>\n\t\t<meta property=\"article:publisher\" content=\"https:\/\/www.facebook.com\/DroiX.Store\" \/>\n\t\t<meta name=\"twitter:card\" content=\"summary_large_image\" \/>\n\t\t<meta name=\"twitter:site\" content=\"@DroiX_Store\" \/>\n\t\t<meta name=\"twitter:title\" content=\"Ametlik GPD Pocket 3 kaitse\u00fcmbris - DROIX EU\" \/>\n\t\t<meta name=\"twitter:description\" content=\"Ametlik GPD toode M\u00f5eldud GPD Pocket 3 Mini s\u00fclearvuti jaoks Kunstnahast tekstuur Magnetiline kate Pakett sisaldab 1x ametlik GPD Pocket 3 kaitsekott\" \/>\n\t\t<meta name=\"twitter:image\" content=\"https:\/\/droix.eu\/wp-content\/uploads\/2024\/06\/droix-v2-light-logo.png\" \/>\n\t\t<script type=\"application\/ld+json\" class=\"aioseo-schema\">\n\t\t\t{\"@context\":\"https:\\\/\\\/schema.org\",\"@graph\":[{\"@type\":\"BreadcrumbList\",\"@id\":\"https:\\\/\\\/droix.eu\\\/et\\\/product\\\/ametlik-gpd-pocket-3-kaitseumbris\\\/#breadcrumblist\",\"itemListElement\":[{\"@type\":\"ListItem\",\"@id\":\"https:\\\/\\\/droix.eu\\\/et\\\/#listItem\",\"position\":1,\"name\":\"Home\",\"item\":\"https:\\\/\\\/droix.eu\\\/et\\\/\",\"nextItem\":{\"@type\":\"ListItem\",\"@id\":\"https:\\\/\\\/droix.eu\\\/et\\\/product-category\\\/tarvikud\\\/#listItem\",\"name\":\"Tarvikud\"}},{\"@type\":\"ListItem\",\"@id\":\"https:\\\/\\\/droix.eu\\\/et\\\/product-category\\\/tarvikud\\\/#listItem\",\"position\":2,\"name\":\"Tarvikud\",\"item\":\"https:\\\/\\\/droix.eu\\\/et\\\/product-category\\\/tarvikud\\\/\",\"nextItem\":{\"@type\":\"ListItem\",\"@id\":\"https:\\\/\\\/droix.eu\\\/et\\\/product-category\\\/tarvikud\\\/sulearvuti-tarvikud\\\/#listItem\",\"name\":\"S\\u00fclearvuti tarvikud\"},\"previousItem\":{\"@type\":\"ListItem\",\"@id\":\"https:\\\/\\\/droix.eu\\\/et\\\/#listItem\",\"name\":\"Home\"}},{\"@type\":\"ListItem\",\"@id\":\"https:\\\/\\\/droix.eu\\\/et\\\/product-category\\\/tarvikud\\\/sulearvuti-tarvikud\\\/#listItem\",\"position\":3,\"name\":\"S\\u00fclearvuti tarvikud\",\"item\":\"https:\\\/\\\/droix.eu\\\/et\\\/product-category\\\/tarvikud\\\/sulearvuti-tarvikud\\\/\",\"nextItem\":{\"@type\":\"ListItem\",\"@id\":\"https:\\\/\\\/droix.eu\\\/et\\\/product\\\/ametlik-gpd-pocket-3-kaitseumbris\\\/#listItem\",\"name\":\"Ametlik GPD Pocket 3 kaitse\\u00fcmbris\"},\"previousItem\":{\"@type\":\"ListItem\",\"@id\":\"https:\\\/\\\/droix.eu\\\/et\\\/product-category\\\/tarvikud\\\/#listItem\",\"name\":\"Tarvikud\"}},{\"@type\":\"ListItem\",\"@id\":\"https:\\\/\\\/droix.eu\\\/et\\\/product\\\/ametlik-gpd-pocket-3-kaitseumbris\\\/#listItem\",\"position\":4,\"name\":\"Ametlik GPD Pocket 3 kaitse\\u00fcmbris\",\"previousItem\":{\"@type\":\"ListItem\",\"@id\":\"https:\\\/\\\/droix.eu\\\/et\\\/product-category\\\/tarvikud\\\/sulearvuti-tarvikud\\\/#listItem\",\"name\":\"S\\u00fclearvuti tarvikud\"}}]},{\"@type\":\"Organization\",\"@id\":\"https:\\\/\\\/droix.eu\\\/et\\\/#organization\",\"name\":\"DroiX \\u2013 Trusted EU Tech Retailer with 12+ Years Experience\",\"description\":\"DroiX is a leading European technology retailer with over 12 years of experience, offering quality mini PCs, handheld gaming consoles, and tech accessories. We provide hassle-free EU delivery with all taxes included, ensuring a smooth and reliable shopping experience for our customers across Europe.\",\"url\":\"https:\\\/\\\/droix.eu\\\/et\\\/\",\"logo\":{\"@type\":\"ImageObject\",\"url\":\"https:\\\/\\\/droix.eu\\\/wp-content\\\/uploads\\\/2024\\\/06\\\/droix-v2-light-logo.png\",\"@id\":\"https:\\\/\\\/droix.eu\\\/et\\\/product\\\/ametlik-gpd-pocket-3-kaitseumbris\\\/#organizationLogo\",\"width\":380,\"height\":118},\"image\":{\"@id\":\"https:\\\/\\\/droix.eu\\\/et\\\/product\\\/ametlik-gpd-pocket-3-kaitseumbris\\\/#organizationLogo\"},\"sameAs\":[\"https:\\\/\\\/www.facebook.com\\\/DroiX.Store\",\"https:\\\/\\\/twitter.com\\\/DroiX_Store\",\"https:\\\/\\\/www.instagram.com\\\/droix.store\\\/\",\"https:\\\/\\\/www.tiktok.com\\\/@droix.store\",\"https:\\\/\\\/www.youtube.com\\\/c\\\/DroiX_Store\",\"https:\\\/\\\/uk.linkedin.com\\\/company\\\/droix\"]},{\"@type\":\"Product\",\"@id\":\"https:\\\/\\\/droix.eu\\\/et\\\/product\\\/ametlik-gpd-pocket-3-kaitseumbris\\\/#wooCommerceProduct\",\"name\":\"Ametlik GPD Pocket 3 kaitse\\u00fcmbris\",\"description\":\"Ametlik GPD toode \\n \\tM\\u00f5eldud GPD Pocket 3 Mini s\\u00fclearvuti jaoks\\n \\tKunstnahast tekstuur \\n \\tMagnetiline kate\",\"url\":\"https:\\\/\\\/droix.eu\\\/et\\\/product\\\/ametlik-gpd-pocket-3-kaitseumbris\\\/\",\"sku\":\"GPD-POCKET-3-PROTECTIVE-CASE\",\"gtin\":\"5060763670358\",\"image\":{\"@type\":\"ImageObject\",\"url\":\"https:\\\/\\\/droix.eu\\\/wp-content\\\/uploads\\\/2022\\\/02\\\/GPD_POCKET_3-CASE-WC-DONE-LISTING-IMAGE-1.png\",\"@id\":\"https:\\\/\\\/droix.eu\\\/et\\\/product\\\/ametlik-gpd-pocket-3-kaitseumbris\\\/#productImage\",\"width\":1000,\"height\":1000,\"caption\":\"GPD POCKET 3 nahkkott p\\u00f5hipilt\"},\"offers\":{\"@type\":\"Offer\",\"url\":\"https:\\\/\\\/droix.eu\\\/et\\\/product\\\/ametlik-gpd-pocket-3-kaitseumbris\\\/#wooCommerceOffer\",\"price\":27.63,\"priceCurrency\":\"EUR\",\"category\":\"S\\u00fclearvuti tarvikud\",\"availability\":\"https:\\\/\\\/schema.org\\\/OutOfStock\",\"priceSpecification\":{\"@type\":\"PriceSpecification\",\"price\":27.63,\"priceCurrency\":\"EUR\",\"valueAddedTaxIncluded\":\"true\"},\"seller\":{\"@type\":\"Organization\",\"@id\":\"https:\\\/\\\/droix.eu\\\/et\\\/#organization\"}}},{\"@type\":\"WebPage\",\"@id\":\"https:\\\/\\\/droix.eu\\\/et\\\/product\\\/ametlik-gpd-pocket-3-kaitseumbris\\\/#webpage\",\"url\":\"https:\\\/\\\/droix.eu\\\/et\\\/product\\\/ametlik-gpd-pocket-3-kaitseumbris\\\/\",\"name\":\"Ametlik GPD Pocket 3 kaitse\\u00fcmbris - DROIX EU\",\"description\":\"Ametlik GPD toode M\\u00f5eldud GPD Pocket 3 Mini s\\u00fclearvuti jaoks Kunstnahast tekstuur Magnetiline kate Pakett sisaldab 1x ametlik GPD Pocket 3 kaitsekott\",\"inLanguage\":\"et\",\"isPartOf\":{\"@id\":\"https:\\\/\\\/droix.eu\\\/et\\\/#website\"},\"breadcrumb\":{\"@id\":\"https:\\\/\\\/droix.eu\\\/et\\\/product\\\/ametlik-gpd-pocket-3-kaitseumbris\\\/#breadcrumblist\"},\"image\":{\"@type\":\"ImageObject\",\"url\":\"https:\\\/\\\/droix.eu\\\/wp-content\\\/uploads\\\/2022\\\/02\\\/GPD_POCKET_3-CASE-WC-DONE-LISTING-IMAGE-1.png\",\"@id\":\"https:\\\/\\\/droix.eu\\\/et\\\/product\\\/ametlik-gpd-pocket-3-kaitseumbris\\\/#mainImage\",\"width\":1000,\"height\":1000,\"caption\":\"GPD POCKET 3 nahkkott p\\u00f5hipilt\"},\"primaryImageOfPage\":{\"@id\":\"https:\\\/\\\/droix.eu\\\/et\\\/product\\\/ametlik-gpd-pocket-3-kaitseumbris\\\/#mainImage\"},\"datePublished\":\"2022-02-14T10:48:08+00:00\",\"dateModified\":\"2025-08-18T13:33:43+01:00\"},{\"@type\":\"WebSite\",\"@id\":\"https:\\\/\\\/droix.eu\\\/et\\\/#website\",\"url\":\"https:\\\/\\\/droix.eu\\\/et\\\/\",\"name\":\"DROIX EU\",\"description\":\"Get the latest Mini PCs, Ultrabook, PC Gaming Handhelds and more!\",\"inLanguage\":\"et\",\"publisher\":{\"@id\":\"https:\\\/\\\/droix.eu\\\/et\\\/#organization\"}}]}\n\t\t<\/script>\n\t\t<!-- All in One SEO Pro -->\r\n\t\t<title>Ametlik GPD Pocket 3 kaitse\u00fcmbris - DROIX EU<\/title>\n\n","aioseo_head_json":{"title":"Ametlik GPD Pocket 3 kaitse\u00fcmbris - DROIX EU","description":"Ametlik GPD toode M\u00f5eldud GPD Pocket 3 Mini s\u00fclearvuti jaoks Kunstnahast tekstuur Magnetiline kate Pakett sisaldab 1x ametlik GPD Pocket 3 kaitsekott","canonical_url":"https:\/\/droix.eu\/et\/product\/ametlik-gpd-pocket-3-kaitseumbris\/","robots":"max-image-preview:large","keywords":"","webmasterTools":{"miscellaneous":""},"schema":{"@context":"https:\/\/schema.org","@graph":[{"@type":"BreadcrumbList","@id":"https:\/\/droix.eu\/et\/product\/ametlik-gpd-pocket-3-kaitseumbris\/#breadcrumblist","itemListElement":[{"@type":"ListItem","@id":"https:\/\/droix.eu\/et\/#listItem","position":1,"name":"Home","item":"https:\/\/droix.eu\/et\/","nextItem":{"@type":"ListItem","@id":"https:\/\/droix.eu\/et\/product-category\/tarvikud\/#listItem","name":"Tarvikud"}},{"@type":"ListItem","@id":"https:\/\/droix.eu\/et\/product-category\/tarvikud\/#listItem","position":2,"name":"Tarvikud","item":"https:\/\/droix.eu\/et\/product-category\/tarvikud\/","nextItem":{"@type":"ListItem","@id":"https:\/\/droix.eu\/et\/product-category\/tarvikud\/sulearvuti-tarvikud\/#listItem","name":"S\u00fclearvuti tarvikud"},"previousItem":{"@type":"ListItem","@id":"https:\/\/droix.eu\/et\/#listItem","name":"Home"}},{"@type":"ListItem","@id":"https:\/\/droix.eu\/et\/product-category\/tarvikud\/sulearvuti-tarvikud\/#listItem","position":3,"name":"S\u00fclearvuti tarvikud","item":"https:\/\/droix.eu\/et\/product-category\/tarvikud\/sulearvuti-tarvikud\/","nextItem":{"@type":"ListItem","@id":"https:\/\/droix.eu\/et\/product\/ametlik-gpd-pocket-3-kaitseumbris\/#listItem","name":"Ametlik GPD Pocket 3 kaitse\u00fcmbris"},"previousItem":{"@type":"ListItem","@id":"https:\/\/droix.eu\/et\/product-category\/tarvikud\/#listItem","name":"Tarvikud"}},{"@type":"ListItem","@id":"https:\/\/droix.eu\/et\/product\/ametlik-gpd-pocket-3-kaitseumbris\/#listItem","position":4,"name":"Ametlik GPD Pocket 3 kaitse\u00fcmbris","previousItem":{"@type":"ListItem","@id":"https:\/\/droix.eu\/et\/product-category\/tarvikud\/sulearvuti-tarvikud\/#listItem","name":"S\u00fclearvuti tarvikud"}}]},{"@type":"Organization","@id":"https:\/\/droix.eu\/et\/#organization","name":"DroiX \u2013 Trusted EU Tech Retailer with 12+ Years Experience","description":"DroiX is a leading European technology retailer with over 12 years of experience, offering quality mini PCs, handheld gaming consoles, and tech accessories. We provide hassle-free EU delivery with all taxes included, ensuring a smooth and reliable shopping experience for our customers across Europe.","url":"https:\/\/droix.eu\/et\/","logo":{"@type":"ImageObject","url":"https:\/\/droix.eu\/wp-content\/uploads\/2024\/06\/droix-v2-light-logo.png","@id":"https:\/\/droix.eu\/et\/product\/ametlik-gpd-pocket-3-kaitseumbris\/#organizationLogo","width":380,"height":118},"image":{"@id":"https:\/\/droix.eu\/et\/product\/ametlik-gpd-pocket-3-kaitseumbris\/#organizationLogo"},"sameAs":["https:\/\/www.facebook.com\/DroiX.Store","https:\/\/twitter.com\/DroiX_Store","https:\/\/www.instagram.com\/droix.store\/","https:\/\/www.tiktok.com\/@droix.store","https:\/\/www.youtube.com\/c\/DroiX_Store","https:\/\/uk.linkedin.com\/company\/droix"]},{"@type":"Product","@id":"https:\/\/droix.eu\/et\/product\/ametlik-gpd-pocket-3-kaitseumbris\/#wooCommerceProduct","name":"Ametlik GPD Pocket 3 kaitse\u00fcmbris","description":"Ametlik GPD toode \n \tM\u00f5eldud GPD Pocket 3 Mini s\u00fclearvuti jaoks\n \tKunstnahast tekstuur \n \tMagnetiline kate","url":"https:\/\/droix.eu\/et\/product\/ametlik-gpd-pocket-3-kaitseumbris\/","sku":"GPD-POCKET-3-PROTECTIVE-CASE","gtin":"5060763670358","image":{"@type":"ImageObject","url":"https:\/\/droix.eu\/wp-content\/uploads\/2022\/02\/GPD_POCKET_3-CASE-WC-DONE-LISTING-IMAGE-1.png","@id":"https:\/\/droix.eu\/et\/product\/ametlik-gpd-pocket-3-kaitseumbris\/#productImage","width":1000,"height":1000,"caption":"GPD POCKET 3 nahkkott p\u00f5hipilt"},"offers":{"@type":"Offer","url":"https:\/\/droix.eu\/et\/product\/ametlik-gpd-pocket-3-kaitseumbris\/#wooCommerceOffer","price":27.63,"priceCurrency":"EUR","category":"S\u00fclearvuti tarvikud","availability":"https:\/\/schema.org\/OutOfStock","priceSpecification":{"@type":"PriceSpecification","price":27.63,"priceCurrency":"EUR","valueAddedTaxIncluded":"true"},"seller":{"@type":"Organization","@id":"https:\/\/droix.eu\/et\/#organization"}}},{"@type":"WebPage","@id":"https:\/\/droix.eu\/et\/product\/ametlik-gpd-pocket-3-kaitseumbris\/#webpage","url":"https:\/\/droix.eu\/et\/product\/ametlik-gpd-pocket-3-kaitseumbris\/","name":"Ametlik GPD Pocket 3 kaitse\u00fcmbris - DROIX EU","description":"Ametlik GPD toode M\u00f5eldud GPD Pocket 3 Mini s\u00fclearvuti jaoks Kunstnahast tekstuur Magnetiline kate Pakett sisaldab 1x ametlik GPD Pocket 3 kaitsekott","inLanguage":"et","isPartOf":{"@id":"https:\/\/droix.eu\/et\/#website"},"breadcrumb":{"@id":"https:\/\/droix.eu\/et\/product\/ametlik-gpd-pocket-3-kaitseumbris\/#breadcrumblist"},"image":{"@type":"ImageObject","url":"https:\/\/droix.eu\/wp-content\/uploads\/2022\/02\/GPD_POCKET_3-CASE-WC-DONE-LISTING-IMAGE-1.png","@id":"https:\/\/droix.eu\/et\/product\/ametlik-gpd-pocket-3-kaitseumbris\/#mainImage","width":1000,"height":1000,"caption":"GPD POCKET 3 nahkkott p\u00f5hipilt"},"primaryImageOfPage":{"@id":"https:\/\/droix.eu\/et\/product\/ametlik-gpd-pocket-3-kaitseumbris\/#mainImage"},"datePublished":"2022-02-14T10:48:08+00:00","dateModified":"2025-08-18T13:33:43+01:00"},{"@type":"WebSite","@id":"https:\/\/droix.eu\/et\/#website","url":"https:\/\/droix.eu\/et\/","name":"DROIX EU","description":"Get the latest Mini PCs, Ultrabook, PC Gaming Handhelds and more!","inLanguage":"et","publisher":{"@id":"https:\/\/droix.eu\/et\/#organization"}}]},"og:locale":"et_EE","og:site_name":"DROIX EU - Get the latest Mini PCs, Ultrabook, PC Gaming Handhelds and more!","og:type":"article","og:title":"Ametlik GPD Pocket 3 kaitse\u00fcmbris - DROIX EU","og:description":"Ametlik GPD toode M\u00f5eldud GPD Pocket 3 Mini s\u00fclearvuti jaoks Kunstnahast tekstuur Magnetiline kate Pakett sisaldab 1x ametlik GPD Pocket 3 kaitsekott","og:url":"https:\/\/droix.eu\/et\/product\/ametlik-gpd-pocket-3-kaitseumbris\/","og:image":"https:\/\/droix.eu\/wp-content\/uploads\/2024\/06\/droix-v2-light-logo.png","og:image:secure_url":"https:\/\/droix.eu\/wp-content\/uploads\/2024\/06\/droix-v2-light-logo.png","og:image:width":380,"og:image:height":118,"article:published_time":"2022-02-14T10:48:08+00:00","article:modified_time":"2025-08-18T12:33:43+00:00","article:publisher":"https:\/\/www.facebook.com\/DroiX.Store","twitter:card":"summary_large_image","twitter:site":"@DroiX_Store","twitter:title":"Ametlik GPD Pocket 3 kaitse\u00fcmbris - DROIX EU","twitter:description":"Ametlik GPD toode M\u00f5eldud GPD Pocket 3 Mini s\u00fclearvuti jaoks Kunstnahast tekstuur Magnetiline kate Pakett sisaldab 1x ametlik GPD Pocket 3 kaitsekott","twitter:image":"https:\/\/droix.eu\/wp-content\/uploads\/2024\/06\/droix-v2-light-logo.png"},"aioseo_meta_data":{"post_id":"522631","title":null,"description":null,"keywords":null,"keyphrases":null,"primary_term":null,"canonical_url":null,"og_title":null,"og_description":null,"og_object_type":"default","og_image_type":"default","og_image_url":null,"og_image_width":null,"og_image_height":null,"og_image_custom_url":null,"og_image_custom_fields":null,"og_video":null,"og_custom_url":null,"og_article_section":null,"og_article_tags":null,"twitter_use_og":true,"twitter_card":"default","twitter_image_type":"default","twitter_image_url":null,"twitter_image_custom_url":null,"twitter_image_custom_fields":null,"twitter_title":null,"twitter_description":null,"schema":{"blockGraphs":[],"customGraphs":[],"default":{"data":{"Article":[],"Course":[],"Dataset":[],"FAQPage":[],"Movie":[],"Person":[],"Product":[],"ProductReview":[],"Car":[],"Recipe":[],"Service":[],"SoftwareApplication":[],"WebPage":[]},"graphName":"","isEnabled":true},"graphs":[]},"schema_type":"default","schema_type_options":null,"pillar_content":false,"robots_default":true,"robots_noindex":false,"robots_noarchive":false,"robots_nosnippet":false,"robots_nofollow":false,"robots_noimageindex":false,"robots_noodp":false,"robots_notranslate":false,"robots_max_snippet":null,"robots_max_videopreview":null,"robots_max_imagepreview":"large","priority":null,"frequency":null,"local_seo":null,"seo_analyzer_scan_date":"2025-10-24 08:55:42","breadcrumb_settings":null,"limit_modified_date":false,"reviewed_by":null,"open_ai":null,"ai":null,"created":"2025-10-09 03:44:09","updated":"2025-11-27 01:49:55"},"aioseo_breadcrumb":"<div class=\"aioseo-breadcrumbs\"><span class=\"aioseo-breadcrumb\">\n\t<a href=\"https:\/\/droix.eu\/et\/\" title=\"Home\">Home<\/a>\n<\/span><span class=\"aioseo-breadcrumb-separator\">&raquo;<\/span><span class=\"aioseo-breadcrumb\">\n\t<a href=\"https:\/\/droix.eu\/et\/product-category\/tarvikud\/\" title=\"Tarvikud\">Tarvikud<\/a>\n<\/span><span class=\"aioseo-breadcrumb-separator\">&raquo;<\/span><span class=\"aioseo-breadcrumb\">\n\t<a href=\"https:\/\/droix.eu\/et\/product-category\/tarvikud\/sulearvuti-tarvikud\/\" title=\"S\u00fclearvuti tarvikud\">S\u00fclearvuti tarvikud<\/a>\n<\/span><span class=\"aioseo-breadcrumb-separator\">&raquo;<\/span><span class=\"aioseo-breadcrumb\">\n\tAmetlik GPD Pocket 3 kaitse\u00fcmbris\n<\/span><\/div>","aioseo_breadcrumb_json":[{"label":"Home","link":"https:\/\/droix.eu\/et\/"},{"label":"Tarvikud","link":"https:\/\/droix.eu\/et\/product-category\/tarvikud\/"},{"label":"S\u00fclearvuti tarvikud","link":"https:\/\/droix.eu\/et\/product-category\/tarvikud\/sulearvuti-tarvikud\/"},{"label":"Ametlik GPD Pocket 3 kaitse\u00fcmbris","link":"https:\/\/droix.eu\/et\/product\/ametlik-gpd-pocket-3-kaitseumbris\/"}],"_links":{"self":[{"href":"https:\/\/droix.eu\/et\/wp-json\/wp\/v2\/product\/522631","targetHints":{"allow":["GET"]}}],"collection":[{"href":"https:\/\/droix.eu\/et\/wp-json\/wp\/v2\/product"}],"about":[{"href":"https:\/\/droix.eu\/et\/wp-json\/wp\/v2\/types\/product"}],"version-history":[{"count":0,"href":"https:\/\/droix.eu\/et\/wp-json\/wp\/v2\/product\/522631\/revisions"}],"wp:featuredmedia":[{"embeddable":true,"href":"https:\/\/droix.eu\/et\/wp-json\/wp\/v2\/media\/323624"}],"wp:attachment":[{"href":"https:\/\/droix.eu\/et\/wp-json\/wp\/v2\/media?parent=522631"}],"wp:term":[{"taxonomy":"product_brand","embeddable":true,"href":"https:\/\/droix.eu\/et\/wp-json\/wp\/v2\/product_brand?post=522631"},{"taxonomy":"product_cat","embeddable":true,"href":"https:\/\/droix.eu\/et\/wp-json\/wp\/v2\/product_cat?post=522631"},{"taxonomy":"product_tag","embeddable":true,"href":"https:\/\/droix.eu\/et\/wp-json\/wp\/v2\/product_tag?post=522631"},{"taxonomy":"woo-feed-brand","embeddable":true,"href":"https:\/\/droix.eu\/et\/wp-json\/wp\/v2\/woo-feed-brand?post=522631"},{"taxonomy":"key-features","embeddable":true,"href":"https:\/\/droix.eu\/et\/wp-json\/wp\/v2\/key-features?post=522631"}],"curies":[{"name":"wp","href":"https:\/\/api.w.org\/{rel}","templated":true}]}}