{"id":520439,"date":"2022-11-08T16:39:00","date_gmt":"2022-11-08T16:39:00","guid":{"rendered":"https:\/\/droix.eu\/product\/gpd-win-max-2-2024-4g-lte-lisavarustus\/"},"modified":"2025-12-15T00:03:43","modified_gmt":"2025-12-15T00:03:43","slug":"gpd-win-max-2-2024-4g-lte-lisavarustus","status":"publish","type":"product","link":"https:\/\/droix.eu\/et\/product\/gpd-win-max-2-2024-4g-lte-lisavarustus\/","title":{"rendered":"GPD WIN MAX 2 \/ 2024 4G LTE lisavarustus"},"content":{"rendered":"&#13;\n<p>Tutvustame uusimat 4G LTE mooduli lisaseadet <a href=\"https:\/\/droix.eu\/et\/product\/gpd-win-max-2\/\">GPD WIN MAX 2 \/<\/a> <a href=\"https:\/\/droix.eu\/et\/product\/gpd-win-max-2-2024\/\">GPD WIN MAX 2 2024 jaoks .<\/a> See revolutsiooniline lisamoodul annab m\u00e4nguhuvilistele v\u00f5imaluse nautida katkematuid m\u00e4ngusessioone igal pool ja igal ajal t\u00e4nu sujuvale 4G \u00fchenduvusele ja operaatorite toetusele. <\/p>&#13;\n&#13;\n<p>See 4G LTE-moodul, mis on v\u00e4lja t\u00f6\u00f6tatud vastuseks kasutajate n\u00f5udmistele ja hoolikalt kavandatud tehniliste piirangute \u00fcletamiseks, toetab 4G TD-LTE, FDD-LTE ja 3G CDMA-v\u00f5rke, pakkudes tavap\u00e4raste s\u00fclearvutitega v\u00f5rreldavat j\u00f5udlust. Selle integreerimine WIN Max 2 2024-seeriasse avab maailma keeruliste m\u00e4ngustsenaariumide jaoks, mis olid varem kaasaskantavate seadmetega k\u00e4ttesaamatud. <\/p>&#13;\n","protected":false},"excerpt":{"rendered":"<ul>\n<li><strong>Saamatu 4G \u00fchenduvus:<\/strong> M\u00e4ngida igal pool ja igal ajal.<\/li>\n<li><strong>T\u00e4iustatud v\u00f5rgutugi:<\/strong> 4G TD-LTE, FDD-LTE, 3G CDMA.<\/li>\n<li><strong>Ametlik:<\/strong> Win Max 2 ja Win Max 2 2024 jaoks loodud GPD poolt.<\/li>\n<li><strong>Mudel:<\/strong> Quectel EG25-G<\/li>\n<\/ul>\n<pre>\n<b>IMPORTANT<\/b>\nINSTALATION REQUIRES OPENING DEVICE\nCOMPONENTS ARE SMALL &amp; DELICATE\nWE ARE NOT RESPONSIBLE FOR ANY CUSTOMER DAMAGE<\/pre>\n[droix_global_accordions]\n[cg_accordion title=\"Pakett sisaldab\"]<\/p>\n<ul>\n<li>1x GPD WIN MAX 2 4G LTE moodul<\/li>\n<li>3x kruvid<\/li>\n<li>2x Antennid<\/li>\n<li>1x kaabel<\/li>\n<\/ul>\n<p>[\/cg_accordion]\n","protected":false},"featured_media":439027,"template":"","meta":{"_acf_changed":false},"product_brand":[],"product_cat":[10583,10482,10481],"product_tag":[],"woo-feed-brand":[],"key-features":[],"class_list":{"0":"post-520439","1":"product","2":"type-product","3":"status-publish","4":"has-post-thumbnail","6":"product_cat-mangude-aksessuaarid","7":"product_cat-sulearvuti-tarvikud","8":"product_cat-tarvikud","9":"product_shipping_class-low-end","10":"pa_accessory-type-add-ons","11":"pa_brands-gpd-et","12":"pa_compatibility-gpd-win-max-2-et","14":"first","15":"outofstock","16":"sale","17":"taxable","18":"shipping-taxable","19":"purchasable","20":"product-type-simple"},"acf":[],"aioseo_notices":[],"aioseo_head":"\n\t\t<!-- All in One SEO Pro 4.9.5.2 - aioseo.com -->\n\t<meta name=\"description\" content=\"Saamatu 4G \u00fchenduvus: M\u00e4ngida igal pool ja igal ajal. T\u00e4iustatud v\u00f5rgutugi: 4G TD-LTE, FDD-LTE, 3G CDMA. Ametlik: Win Max 2 ja Win Max 2 2024 jaoks loodud GPD poolt. Mudel: Quectel EG25-G IMPORTANT INSTALATION REQUIRES OPENING DEVICE COMPONENTS ARE SMALL &amp; DELICATE WE ARE NOT RESPONSIBLE FOR ANY CUSTOMER DAMAGE Pakett sisaldab 1x GPD WIN MAX 2 4G LTE moodul 3x kruvid 2x Antennid 1x kaabel\" \/>\n\t<meta name=\"robots\" content=\"max-image-preview:large\" \/>\n\t<link rel=\"canonical\" href=\"https:\/\/droix.eu\/et\/product\/gpd-win-max-2-2024-4g-lte-lisavarustus\/\" \/>\n\t<meta name=\"generator\" content=\"All in One SEO Pro (AIOSEO) 4.9.5.2\" \/>\n\t\t<meta property=\"og:locale\" content=\"et_EE\" \/>\n\t\t<meta property=\"og:site_name\" content=\"DROIX EU - Get the latest Mini PCs, Ultrabook, PC Gaming Handhelds and more!\" \/>\n\t\t<meta property=\"og:type\" content=\"article\" \/>\n\t\t<meta property=\"og:title\" content=\"GPD WIN MAX 2 \/ 2024 4G LTE lisavarustus - DROIX EU\" \/>\n\t\t<meta property=\"og:description\" content=\"Saamatu 4G \u00fchenduvus: M\u00e4ngida igal pool ja igal ajal. T\u00e4iustatud v\u00f5rgutugi: 4G TD-LTE, FDD-LTE, 3G CDMA. Ametlik: Win Max 2 ja Win Max 2 2024 jaoks loodud GPD poolt. Mudel: Quectel EG25-G IMPORTANT INSTALATION REQUIRES OPENING DEVICE COMPONENTS ARE SMALL &amp; DELICATE WE ARE NOT RESPONSIBLE FOR ANY CUSTOMER DAMAGE Pakett sisaldab 1x GPD WIN MAX 2 4G LTE moodul 3x kruvid 2x Antennid 1x kaabel\" \/>\n\t\t<meta property=\"og:url\" content=\"https:\/\/droix.eu\/et\/product\/gpd-win-max-2-2024-4g-lte-lisavarustus\/\" \/>\n\t\t<meta property=\"og:image\" content=\"https:\/\/droix.eu\/wp-content\/uploads\/2024\/06\/droix-v2-light-logo.png\" \/>\n\t\t<meta property=\"og:image:secure_url\" content=\"https:\/\/droix.eu\/wp-content\/uploads\/2024\/06\/droix-v2-light-logo.png\" \/>\n\t\t<meta property=\"og:image:width\" content=\"380\" \/>\n\t\t<meta property=\"og:image:height\" content=\"118\" \/>\n\t\t<meta property=\"article:published_time\" content=\"2022-11-08T16:39:00+00:00\" \/>\n\t\t<meta property=\"article:modified_time\" content=\"2025-12-15T00:03:43+00:00\" \/>\n\t\t<meta property=\"article:publisher\" content=\"https:\/\/www.facebook.com\/DroiX.Store\" \/>\n\t\t<meta name=\"twitter:card\" content=\"summary_large_image\" \/>\n\t\t<meta name=\"twitter:site\" content=\"@DroiX_Store\" \/>\n\t\t<meta name=\"twitter:title\" content=\"GPD WIN MAX 2 \/ 2024 4G LTE lisavarustus - DROIX EU\" \/>\n\t\t<meta name=\"twitter:description\" content=\"Saamatu 4G \u00fchenduvus: M\u00e4ngida igal pool ja igal ajal. T\u00e4iustatud v\u00f5rgutugi: 4G TD-LTE, FDD-LTE, 3G CDMA. Ametlik: Win Max 2 ja Win Max 2 2024 jaoks loodud GPD poolt. Mudel: Quectel EG25-G IMPORTANT INSTALATION REQUIRES OPENING DEVICE COMPONENTS ARE SMALL &amp; DELICATE WE ARE NOT RESPONSIBLE FOR ANY CUSTOMER DAMAGE Pakett sisaldab 1x GPD WIN MAX 2 4G LTE moodul 3x kruvid 2x Antennid 1x kaabel\" \/>\n\t\t<meta name=\"twitter:image\" content=\"https:\/\/droix.eu\/wp-content\/uploads\/2024\/06\/droix-v2-light-logo.png\" \/>\n\t\t<script type=\"application\/ld+json\" class=\"aioseo-schema\">\n\t\t\t{\"@context\":\"https:\\\/\\\/schema.org\",\"@graph\":[{\"@type\":\"BreadcrumbList\",\"@id\":\"https:\\\/\\\/droix.eu\\\/et\\\/product\\\/gpd-win-max-2-2024-4g-lte-lisavarustus\\\/#breadcrumblist\",\"itemListElement\":[{\"@type\":\"ListItem\",\"@id\":\"https:\\\/\\\/droix.eu\\\/et\\\/#listItem\",\"position\":1,\"name\":\"Home\",\"item\":\"https:\\\/\\\/droix.eu\\\/et\\\/\",\"nextItem\":{\"@type\":\"ListItem\",\"@id\":\"https:\\\/\\\/droix.eu\\\/et\\\/product-category\\\/tarvikud\\\/#listItem\",\"name\":\"Tarvikud\"}},{\"@type\":\"ListItem\",\"@id\":\"https:\\\/\\\/droix.eu\\\/et\\\/product-category\\\/tarvikud\\\/#listItem\",\"position\":2,\"name\":\"Tarvikud\",\"item\":\"https:\\\/\\\/droix.eu\\\/et\\\/product-category\\\/tarvikud\\\/\",\"nextItem\":{\"@type\":\"ListItem\",\"@id\":\"https:\\\/\\\/droix.eu\\\/et\\\/product-category\\\/tarvikud\\\/sulearvuti-tarvikud\\\/#listItem\",\"name\":\"S\\u00fclearvuti tarvikud\"},\"previousItem\":{\"@type\":\"ListItem\",\"@id\":\"https:\\\/\\\/droix.eu\\\/et\\\/#listItem\",\"name\":\"Home\"}},{\"@type\":\"ListItem\",\"@id\":\"https:\\\/\\\/droix.eu\\\/et\\\/product-category\\\/tarvikud\\\/sulearvuti-tarvikud\\\/#listItem\",\"position\":3,\"name\":\"S\\u00fclearvuti tarvikud\",\"item\":\"https:\\\/\\\/droix.eu\\\/et\\\/product-category\\\/tarvikud\\\/sulearvuti-tarvikud\\\/\",\"nextItem\":{\"@type\":\"ListItem\",\"@id\":\"https:\\\/\\\/droix.eu\\\/et\\\/product\\\/gpd-win-max-2-2024-4g-lte-lisavarustus\\\/#listItem\",\"name\":\"GPD WIN MAX 2 \\\/ 2024 4G LTE lisavarustus\"},\"previousItem\":{\"@type\":\"ListItem\",\"@id\":\"https:\\\/\\\/droix.eu\\\/et\\\/product-category\\\/tarvikud\\\/#listItem\",\"name\":\"Tarvikud\"}},{\"@type\":\"ListItem\",\"@id\":\"https:\\\/\\\/droix.eu\\\/et\\\/product\\\/gpd-win-max-2-2024-4g-lte-lisavarustus\\\/#listItem\",\"position\":4,\"name\":\"GPD WIN MAX 2 \\\/ 2024 4G LTE lisavarustus\",\"previousItem\":{\"@type\":\"ListItem\",\"@id\":\"https:\\\/\\\/droix.eu\\\/et\\\/product-category\\\/tarvikud\\\/sulearvuti-tarvikud\\\/#listItem\",\"name\":\"S\\u00fclearvuti tarvikud\"}}]},{\"@type\":\"Organization\",\"@id\":\"https:\\\/\\\/droix.eu\\\/et\\\/#organization\",\"name\":\"DroiX \\u2013 Trusted EU Tech Retailer with 12+ Years Experience\",\"description\":\"DroiX is a leading European technology retailer with over 12 years of experience, offering quality mini PCs, handheld gaming consoles, and tech accessories. We provide hassle-free EU delivery with all taxes included, ensuring a smooth and reliable shopping experience for our customers across Europe.\",\"url\":\"https:\\\/\\\/droix.eu\\\/et\\\/\",\"logo\":{\"@type\":\"ImageObject\",\"url\":\"https:\\\/\\\/droix.eu\\\/wp-content\\\/uploads\\\/2024\\\/06\\\/droix-v2-light-logo.png\",\"@id\":\"https:\\\/\\\/droix.eu\\\/et\\\/product\\\/gpd-win-max-2-2024-4g-lte-lisavarustus\\\/#organizationLogo\",\"width\":380,\"height\":118},\"image\":{\"@id\":\"https:\\\/\\\/droix.eu\\\/et\\\/product\\\/gpd-win-max-2-2024-4g-lte-lisavarustus\\\/#organizationLogo\"},\"sameAs\":[\"https:\\\/\\\/www.facebook.com\\\/DroiX.Store\",\"https:\\\/\\\/twitter.com\\\/DroiX_Store\",\"https:\\\/\\\/www.instagram.com\\\/droix.store\\\/\",\"https:\\\/\\\/www.tiktok.com\\\/@droix.store\",\"https:\\\/\\\/www.youtube.com\\\/c\\\/DroiX_Store\",\"https:\\\/\\\/uk.linkedin.com\\\/company\\\/droix\"]},{\"@type\":\"Product\",\"@id\":\"https:\\\/\\\/droix.eu\\\/et\\\/product\\\/gpd-win-max-2-2024-4g-lte-lisavarustus\\\/#wooCommerceProduct\",\"name\":\"GPD WIN MAX 2 \\\/ 2024 4G LTE lisavarustus\",\"description\":\"Saamatu 4G \\u00fchenduvus: M\\u00e4ngida igal pool ja igal ajal.\\n \\tT\\u00e4iustatud v\\u00f5rgutugi: 4G TD-LTE, FDD-LTE, 3G CDMA.\\n \\tAmetlik: Win Max 2 ja Win Max 2 2024 jaoks loodud GPD poolt.\\n \\tMudel: Quectel EG25-G\\n\\n\\n\\nIMPORTANT\\nINSTALATION REQUIRES OPENING DEVICE\\nCOMPONENTS ARE SMALL &amp; DELICATE\\nWE ARE NOT RESPONSIBLE FOR ANY CUSTOMER DAMAGE\",\"url\":\"https:\\\/\\\/droix.eu\\\/et\\\/product\\\/gpd-win-max-2-2024-4g-lte-lisavarustus\\\/\",\"sku\":\"GPD-WIN_MAX_2-4G_LTE_Module\",\"gtin\":\"5060763673656\",\"image\":{\"@type\":\"ImageObject\",\"url\":\"https:\\\/\\\/droix.eu\\\/wp-content\\\/uploads\\\/2022\\\/11\\\/GPD-WIN-MAX-2-LTE-1.png\",\"@id\":\"https:\\\/\\\/droix.eu\\\/et\\\/product\\\/gpd-win-max-2-2024-4g-lte-lisavarustus\\\/#productImage\",\"width\":622,\"height\":622,\"caption\":\"GPD WIN MAX 2 4G LTE lisandmoodul\"},\"offers\":{\"@type\":\"Offer\",\"url\":\"https:\\\/\\\/droix.eu\\\/et\\\/product\\\/gpd-win-max-2-2024-4g-lte-lisavarustus\\\/#wooCommerceOffer\",\"price\":99.57,\"priceCurrency\":\"EUR\",\"category\":\"M\\u00e4ngude aksessuaarid\",\"availability\":\"https:\\\/\\\/schema.org\\\/OutOfStock\",\"priceSpecification\":{\"@type\":\"PriceSpecification\",\"price\":99.57,\"priceCurrency\":\"EUR\",\"valueAddedTaxIncluded\":\"true\"},\"seller\":{\"@type\":\"Organization\",\"@id\":\"https:\\\/\\\/droix.eu\\\/et\\\/#organization\"}}},{\"@type\":\"WebPage\",\"@id\":\"https:\\\/\\\/droix.eu\\\/et\\\/product\\\/gpd-win-max-2-2024-4g-lte-lisavarustus\\\/#webpage\",\"url\":\"https:\\\/\\\/droix.eu\\\/et\\\/product\\\/gpd-win-max-2-2024-4g-lte-lisavarustus\\\/\",\"name\":\"GPD WIN MAX 2 \\\/ 2024 4G LTE lisavarustus - DROIX EU\",\"description\":\"Saamatu 4G \\u00fchenduvus: M\\u00e4ngida igal pool ja igal ajal. T\\u00e4iustatud v\\u00f5rgutugi: 4G TD-LTE, FDD-LTE, 3G CDMA. Ametlik: Win Max 2 ja Win Max 2 2024 jaoks loodud GPD poolt. Mudel: Quectel EG25-G IMPORTANT INSTALATION REQUIRES OPENING DEVICE COMPONENTS ARE SMALL & DELICATE WE ARE NOT RESPONSIBLE FOR ANY CUSTOMER DAMAGE Pakett sisaldab 1x GPD WIN MAX 2 4G LTE moodul 3x kruvid 2x Antennid 1x kaabel\",\"inLanguage\":\"et\",\"isPartOf\":{\"@id\":\"https:\\\/\\\/droix.eu\\\/et\\\/#website\"},\"breadcrumb\":{\"@id\":\"https:\\\/\\\/droix.eu\\\/et\\\/product\\\/gpd-win-max-2-2024-4g-lte-lisavarustus\\\/#breadcrumblist\"},\"image\":{\"@type\":\"ImageObject\",\"url\":\"https:\\\/\\\/droix.eu\\\/wp-content\\\/uploads\\\/2022\\\/11\\\/GPD-WIN-MAX-2-LTE-1.png\",\"@id\":\"https:\\\/\\\/droix.eu\\\/et\\\/product\\\/gpd-win-max-2-2024-4g-lte-lisavarustus\\\/#mainImage\",\"width\":622,\"height\":622,\"caption\":\"GPD WIN MAX 2 4G LTE lisandmoodul\"},\"primaryImageOfPage\":{\"@id\":\"https:\\\/\\\/droix.eu\\\/et\\\/product\\\/gpd-win-max-2-2024-4g-lte-lisavarustus\\\/#mainImage\"},\"datePublished\":\"2022-11-08T16:39:00+00:00\",\"dateModified\":\"2025-12-15T00:03:43+00:00\"},{\"@type\":\"WebSite\",\"@id\":\"https:\\\/\\\/droix.eu\\\/et\\\/#website\",\"url\":\"https:\\\/\\\/droix.eu\\\/et\\\/\",\"name\":\"DROIX EU\",\"description\":\"Get the latest Mini PCs, Ultrabook, PC Gaming Handhelds and more!\",\"inLanguage\":\"et\",\"publisher\":{\"@id\":\"https:\\\/\\\/droix.eu\\\/et\\\/#organization\"}}]}\n\t\t<\/script>\n\t\t<!-- All in One SEO Pro -->\r\n\t\t<title>GPD WIN MAX 2 \/ 2024 4G LTE lisavarustus - DROIX EU<\/title>\n\n","aioseo_head_json":{"title":"GPD WIN MAX 2 \/ 2024 4G LTE lisavarustus - DROIX EU","description":"Saamatu 4G \u00fchenduvus: M\u00e4ngida igal pool ja igal ajal. T\u00e4iustatud v\u00f5rgutugi: 4G TD-LTE, FDD-LTE, 3G CDMA. Ametlik: Win Max 2 ja Win Max 2 2024 jaoks loodud GPD poolt. Mudel: Quectel EG25-G IMPORTANT INSTALATION REQUIRES OPENING DEVICE COMPONENTS ARE SMALL & DELICATE WE ARE NOT RESPONSIBLE FOR ANY CUSTOMER DAMAGE Pakett sisaldab 1x GPD WIN MAX 2 4G LTE moodul 3x kruvid 2x Antennid 1x kaabel","canonical_url":"https:\/\/droix.eu\/et\/product\/gpd-win-max-2-2024-4g-lte-lisavarustus\/","robots":"max-image-preview:large","keywords":"","webmasterTools":{"miscellaneous":""},"schema":{"@context":"https:\/\/schema.org","@graph":[{"@type":"BreadcrumbList","@id":"https:\/\/droix.eu\/et\/product\/gpd-win-max-2-2024-4g-lte-lisavarustus\/#breadcrumblist","itemListElement":[{"@type":"ListItem","@id":"https:\/\/droix.eu\/et\/#listItem","position":1,"name":"Home","item":"https:\/\/droix.eu\/et\/","nextItem":{"@type":"ListItem","@id":"https:\/\/droix.eu\/et\/product-category\/tarvikud\/#listItem","name":"Tarvikud"}},{"@type":"ListItem","@id":"https:\/\/droix.eu\/et\/product-category\/tarvikud\/#listItem","position":2,"name":"Tarvikud","item":"https:\/\/droix.eu\/et\/product-category\/tarvikud\/","nextItem":{"@type":"ListItem","@id":"https:\/\/droix.eu\/et\/product-category\/tarvikud\/sulearvuti-tarvikud\/#listItem","name":"S\u00fclearvuti tarvikud"},"previousItem":{"@type":"ListItem","@id":"https:\/\/droix.eu\/et\/#listItem","name":"Home"}},{"@type":"ListItem","@id":"https:\/\/droix.eu\/et\/product-category\/tarvikud\/sulearvuti-tarvikud\/#listItem","position":3,"name":"S\u00fclearvuti tarvikud","item":"https:\/\/droix.eu\/et\/product-category\/tarvikud\/sulearvuti-tarvikud\/","nextItem":{"@type":"ListItem","@id":"https:\/\/droix.eu\/et\/product\/gpd-win-max-2-2024-4g-lte-lisavarustus\/#listItem","name":"GPD WIN MAX 2 \/ 2024 4G LTE lisavarustus"},"previousItem":{"@type":"ListItem","@id":"https:\/\/droix.eu\/et\/product-category\/tarvikud\/#listItem","name":"Tarvikud"}},{"@type":"ListItem","@id":"https:\/\/droix.eu\/et\/product\/gpd-win-max-2-2024-4g-lte-lisavarustus\/#listItem","position":4,"name":"GPD WIN MAX 2 \/ 2024 4G LTE lisavarustus","previousItem":{"@type":"ListItem","@id":"https:\/\/droix.eu\/et\/product-category\/tarvikud\/sulearvuti-tarvikud\/#listItem","name":"S\u00fclearvuti tarvikud"}}]},{"@type":"Organization","@id":"https:\/\/droix.eu\/et\/#organization","name":"DroiX \u2013 Trusted EU Tech Retailer with 12+ Years Experience","description":"DroiX is a leading European technology retailer with over 12 years of experience, offering quality mini PCs, handheld gaming consoles, and tech accessories. We provide hassle-free EU delivery with all taxes included, ensuring a smooth and reliable shopping experience for our customers across Europe.","url":"https:\/\/droix.eu\/et\/","logo":{"@type":"ImageObject","url":"https:\/\/droix.eu\/wp-content\/uploads\/2024\/06\/droix-v2-light-logo.png","@id":"https:\/\/droix.eu\/et\/product\/gpd-win-max-2-2024-4g-lte-lisavarustus\/#organizationLogo","width":380,"height":118},"image":{"@id":"https:\/\/droix.eu\/et\/product\/gpd-win-max-2-2024-4g-lte-lisavarustus\/#organizationLogo"},"sameAs":["https:\/\/www.facebook.com\/DroiX.Store","https:\/\/twitter.com\/DroiX_Store","https:\/\/www.instagram.com\/droix.store\/","https:\/\/www.tiktok.com\/@droix.store","https:\/\/www.youtube.com\/c\/DroiX_Store","https:\/\/uk.linkedin.com\/company\/droix"]},{"@type":"Product","@id":"https:\/\/droix.eu\/et\/product\/gpd-win-max-2-2024-4g-lte-lisavarustus\/#wooCommerceProduct","name":"GPD WIN MAX 2 \/ 2024 4G LTE lisavarustus","description":"Saamatu 4G \u00fchenduvus: M\u00e4ngida igal pool ja igal ajal.\n \tT\u00e4iustatud v\u00f5rgutugi: 4G TD-LTE, FDD-LTE, 3G CDMA.\n \tAmetlik: Win Max 2 ja Win Max 2 2024 jaoks loodud GPD poolt.\n \tMudel: Quectel EG25-G\n\n\n\nIMPORTANT\nINSTALATION REQUIRES OPENING DEVICE\nCOMPONENTS ARE SMALL &amp; DELICATE\nWE ARE NOT RESPONSIBLE FOR ANY CUSTOMER DAMAGE","url":"https:\/\/droix.eu\/et\/product\/gpd-win-max-2-2024-4g-lte-lisavarustus\/","sku":"GPD-WIN_MAX_2-4G_LTE_Module","gtin":"5060763673656","image":{"@type":"ImageObject","url":"https:\/\/droix.eu\/wp-content\/uploads\/2022\/11\/GPD-WIN-MAX-2-LTE-1.png","@id":"https:\/\/droix.eu\/et\/product\/gpd-win-max-2-2024-4g-lte-lisavarustus\/#productImage","width":622,"height":622,"caption":"GPD WIN MAX 2 4G LTE lisandmoodul"},"offers":{"@type":"Offer","url":"https:\/\/droix.eu\/et\/product\/gpd-win-max-2-2024-4g-lte-lisavarustus\/#wooCommerceOffer","price":99.57,"priceCurrency":"EUR","category":"M\u00e4ngude aksessuaarid","availability":"https:\/\/schema.org\/OutOfStock","priceSpecification":{"@type":"PriceSpecification","price":99.57,"priceCurrency":"EUR","valueAddedTaxIncluded":"true"},"seller":{"@type":"Organization","@id":"https:\/\/droix.eu\/et\/#organization"}}},{"@type":"WebPage","@id":"https:\/\/droix.eu\/et\/product\/gpd-win-max-2-2024-4g-lte-lisavarustus\/#webpage","url":"https:\/\/droix.eu\/et\/product\/gpd-win-max-2-2024-4g-lte-lisavarustus\/","name":"GPD WIN MAX 2 \/ 2024 4G LTE lisavarustus - DROIX EU","description":"Saamatu 4G \u00fchenduvus: M\u00e4ngida igal pool ja igal ajal. T\u00e4iustatud v\u00f5rgutugi: 4G TD-LTE, FDD-LTE, 3G CDMA. Ametlik: Win Max 2 ja Win Max 2 2024 jaoks loodud GPD poolt. Mudel: Quectel EG25-G IMPORTANT INSTALATION REQUIRES OPENING DEVICE COMPONENTS ARE SMALL & DELICATE WE ARE NOT RESPONSIBLE FOR ANY CUSTOMER DAMAGE Pakett sisaldab 1x GPD WIN MAX 2 4G LTE moodul 3x kruvid 2x Antennid 1x kaabel","inLanguage":"et","isPartOf":{"@id":"https:\/\/droix.eu\/et\/#website"},"breadcrumb":{"@id":"https:\/\/droix.eu\/et\/product\/gpd-win-max-2-2024-4g-lte-lisavarustus\/#breadcrumblist"},"image":{"@type":"ImageObject","url":"https:\/\/droix.eu\/wp-content\/uploads\/2022\/11\/GPD-WIN-MAX-2-LTE-1.png","@id":"https:\/\/droix.eu\/et\/product\/gpd-win-max-2-2024-4g-lte-lisavarustus\/#mainImage","width":622,"height":622,"caption":"GPD WIN MAX 2 4G LTE lisandmoodul"},"primaryImageOfPage":{"@id":"https:\/\/droix.eu\/et\/product\/gpd-win-max-2-2024-4g-lte-lisavarustus\/#mainImage"},"datePublished":"2022-11-08T16:39:00+00:00","dateModified":"2025-12-15T00:03:43+00:00"},{"@type":"WebSite","@id":"https:\/\/droix.eu\/et\/#website","url":"https:\/\/droix.eu\/et\/","name":"DROIX EU","description":"Get the latest Mini PCs, Ultrabook, PC Gaming Handhelds and more!","inLanguage":"et","publisher":{"@id":"https:\/\/droix.eu\/et\/#organization"}}]},"og:locale":"et_EE","og:site_name":"DROIX EU - Get the latest Mini PCs, Ultrabook, PC Gaming Handhelds and more!","og:type":"article","og:title":"GPD WIN MAX 2 \/ 2024 4G LTE lisavarustus - DROIX EU","og:description":"Saamatu 4G \u00fchenduvus: M\u00e4ngida igal pool ja igal ajal. T\u00e4iustatud v\u00f5rgutugi: 4G TD-LTE, FDD-LTE, 3G CDMA. Ametlik: Win Max 2 ja Win Max 2 2024 jaoks loodud GPD poolt. Mudel: Quectel EG25-G IMPORTANT INSTALATION REQUIRES OPENING DEVICE COMPONENTS ARE SMALL &amp; DELICATE WE ARE NOT RESPONSIBLE FOR ANY CUSTOMER DAMAGE Pakett sisaldab 1x GPD WIN MAX 2 4G LTE moodul 3x kruvid 2x Antennid 1x kaabel","og:url":"https:\/\/droix.eu\/et\/product\/gpd-win-max-2-2024-4g-lte-lisavarustus\/","og:image":"https:\/\/droix.eu\/wp-content\/uploads\/2024\/06\/droix-v2-light-logo.png","og:image:secure_url":"https:\/\/droix.eu\/wp-content\/uploads\/2024\/06\/droix-v2-light-logo.png","og:image:width":380,"og:image:height":118,"article:published_time":"2022-11-08T16:39:00+00:00","article:modified_time":"2025-12-15T00:03:43+00:00","article:publisher":"https:\/\/www.facebook.com\/DroiX.Store","twitter:card":"summary_large_image","twitter:site":"@DroiX_Store","twitter:title":"GPD WIN MAX 2 \/ 2024 4G LTE lisavarustus - DROIX EU","twitter:description":"Saamatu 4G \u00fchenduvus: M\u00e4ngida igal pool ja igal ajal. T\u00e4iustatud v\u00f5rgutugi: 4G TD-LTE, FDD-LTE, 3G CDMA. Ametlik: Win Max 2 ja Win Max 2 2024 jaoks loodud GPD poolt. Mudel: Quectel EG25-G IMPORTANT INSTALATION REQUIRES OPENING DEVICE COMPONENTS ARE SMALL &amp; DELICATE WE ARE NOT RESPONSIBLE FOR ANY CUSTOMER DAMAGE Pakett sisaldab 1x GPD WIN MAX 2 4G LTE moodul 3x kruvid 2x Antennid 1x kaabel","twitter:image":"https:\/\/droix.eu\/wp-content\/uploads\/2024\/06\/droix-v2-light-logo.png"},"aioseo_meta_data":{"post_id":"520439","title":null,"description":null,"keywords":null,"keyphrases":null,"primary_term":null,"canonical_url":null,"og_title":null,"og_description":null,"og_object_type":"default","og_image_type":"default","og_image_url":null,"og_image_width":null,"og_image_height":null,"og_image_custom_url":null,"og_image_custom_fields":null,"og_video":null,"og_custom_url":null,"og_article_section":null,"og_article_tags":null,"twitter_use_og":true,"twitter_card":"default","twitter_image_type":"default","twitter_image_url":null,"twitter_image_custom_url":null,"twitter_image_custom_fields":null,"twitter_title":null,"twitter_description":null,"schema":{"blockGraphs":[],"customGraphs":[],"default":{"data":{"Article":[],"Course":[],"Dataset":[],"FAQPage":[],"Movie":[],"Person":[],"Product":[],"ProductReview":[],"Car":[],"Recipe":[],"Service":[],"SoftwareApplication":[],"WebPage":[]},"graphName":"","isEnabled":true},"graphs":[]},"schema_type":"default","schema_type_options":null,"pillar_content":false,"robots_default":true,"robots_noindex":false,"robots_noarchive":false,"robots_nosnippet":false,"robots_nofollow":false,"robots_noimageindex":false,"robots_noodp":false,"robots_notranslate":false,"robots_max_snippet":null,"robots_max_videopreview":null,"robots_max_imagepreview":"large","priority":null,"frequency":null,"local_seo":null,"seo_analyzer_scan_date":"2025-10-24 11:39:58","breadcrumb_settings":null,"limit_modified_date":false,"reviewed_by":null,"open_ai":null,"ai":null,"created":"2025-10-09 03:58:42","updated":"2026-01-24 09:02:30"},"aioseo_breadcrumb":"<div class=\"aioseo-breadcrumbs\"><span class=\"aioseo-breadcrumb\">\n\t<a href=\"https:\/\/droix.eu\/et\/\" title=\"Home\">Home<\/a>\n<\/span><span class=\"aioseo-breadcrumb-separator\">&raquo;<\/span><span class=\"aioseo-breadcrumb\">\n\t<a href=\"https:\/\/droix.eu\/et\/product-category\/tarvikud\/\" title=\"Tarvikud\">Tarvikud<\/a>\n<\/span><span class=\"aioseo-breadcrumb-separator\">&raquo;<\/span><span class=\"aioseo-breadcrumb\">\n\t<a href=\"https:\/\/droix.eu\/et\/product-category\/tarvikud\/sulearvuti-tarvikud\/\" title=\"S\u00fclearvuti tarvikud\">S\u00fclearvuti tarvikud<\/a>\n<\/span><span class=\"aioseo-breadcrumb-separator\">&raquo;<\/span><span class=\"aioseo-breadcrumb\">\n\tGPD WIN MAX 2 \/ 2024 4G LTE lisavarustus\n<\/span><\/div>","aioseo_breadcrumb_json":[{"label":"Home","link":"https:\/\/droix.eu\/et\/"},{"label":"Tarvikud","link":"https:\/\/droix.eu\/et\/product-category\/tarvikud\/"},{"label":"S\u00fclearvuti tarvikud","link":"https:\/\/droix.eu\/et\/product-category\/tarvikud\/sulearvuti-tarvikud\/"},{"label":"GPD WIN MAX 2 \/ 2024 4G LTE lisavarustus","link":"https:\/\/droix.eu\/et\/product\/gpd-win-max-2-2024-4g-lte-lisavarustus\/"}],"_links":{"self":[{"href":"https:\/\/droix.eu\/et\/wp-json\/wp\/v2\/product\/520439","targetHints":{"allow":["GET"]}}],"collection":[{"href":"https:\/\/droix.eu\/et\/wp-json\/wp\/v2\/product"}],"about":[{"href":"https:\/\/droix.eu\/et\/wp-json\/wp\/v2\/types\/product"}],"version-history":[{"count":0,"href":"https:\/\/droix.eu\/et\/wp-json\/wp\/v2\/product\/520439\/revisions"}],"wp:featuredmedia":[{"embeddable":true,"href":"https:\/\/droix.eu\/et\/wp-json\/wp\/v2\/media\/439027"}],"wp:attachment":[{"href":"https:\/\/droix.eu\/et\/wp-json\/wp\/v2\/media?parent=520439"}],"wp:term":[{"taxonomy":"product_brand","embeddable":true,"href":"https:\/\/droix.eu\/et\/wp-json\/wp\/v2\/product_brand?post=520439"},{"taxonomy":"product_cat","embeddable":true,"href":"https:\/\/droix.eu\/et\/wp-json\/wp\/v2\/product_cat?post=520439"},{"taxonomy":"product_tag","embeddable":true,"href":"https:\/\/droix.eu\/et\/wp-json\/wp\/v2\/product_tag?post=520439"},{"taxonomy":"woo-feed-brand","embeddable":true,"href":"https:\/\/droix.eu\/et\/wp-json\/wp\/v2\/woo-feed-brand?post=520439"},{"taxonomy":"key-features","embeddable":true,"href":"https:\/\/droix.eu\/et\/wp-json\/wp\/v2\/key-features?post=520439"}],"curies":[{"name":"wp","href":"https:\/\/api.w.org\/{rel}","templated":true}]}}